{"id":3065,"date":"2023-01-09T16:51:01","date_gmt":"2023-01-09T08:51:01","guid":{"rendered":"https:\/\/shuliybaler.com\/?post_type=product&#038;p=3065"},"modified":"2023-01-09T17:10:55","modified_gmt":"2023-01-09T09:10:55","slug":"trash-compactor-machine","status":"publish","type":"product","link":"https:\/\/shuliybaler.com\/fr\/product\/machine-de-compactage-de-dechets\/","title":{"rendered":"Compacteur de d\u00e9chets | presse \u00e0 d\u00e9chets"},"content":{"rendered":"<p class=\"translation-block\">La machine compactor de d\u00e9chets est aussi appel\u00e9e le <a href=\"https:\/\/shuliybaler.com\/fr\/product\/scrap-metal-baler\/\" data-type=\"URL\" data-id=\"https:\/\/shuliybaler.com\/product\/scrap-metal-baler\/\">balleuse de d\u00e9chets<\/a>, qui expulse l\u2019air, le liquide et l\u2019eau par extrusion, et r\u00e9duit le volume des d\u00e9chets par compression pour diminuer l\u2019espace dans les d\u00e9charges. <a href=\"https:\/\/shuliybaler.com\/fr\/product\/presse-a-balles-verticale-en-metal\/\" data-type=\"URL\" data-id=\"https:\/\/shuliybaler.com\/product\/vertical-metal-baler\/\">Compactors \u00e0 d\u00e9chets<\/a> sont devenus des \u00e9quipements de traitement importants pour la protection de l\u2019environnement.<\/p>   <div class=\"wp-block-image\"> <figure class=\"aligncenter size-full\"><img loading=\"lazy\" decoding=\"async\" width=\"720\" height=\"540\" src=\"https:\/\/shuliybaler.com\/wp-content\/uploads\/2023\/01\/Trash-compactor-machine-1.webp\" alt=\"Machine \u00e0 compacter les d\u00e9chets\" class=\"wp-image-3067\" title=\"\" srcset=\"https:\/\/shuliybaler.com\/wp-content\/uploads\/2023\/01\/Trash-compactor-machine-1.webp 720w, https:\/\/shuliybaler.com\/wp-content\/uploads\/2023\/01\/Trash-compactor-machine-1-360x270.webp 360w, https:\/\/shuliybaler.com\/wp-content\/uploads\/2023\/01\/Trash-compactor-machine-1-180x135.webp 180w\" sizes=\"auto, (max-width: 720px) 100vw, 720px\" \/><figcaption class=\"wp-element-caption\">Machine \u00e0 compacter les d\u00e9chets<\/figcaption><\/figure> <\/div>   <h2 class=\"wp-block-heading\">Dans quels secteurs les compacteurs de d\u00e9chets sont-ils utilis\u00e9s\u00a0?<\/h2>    <p>Chaque type d\u2019entreprise g\u00e9n\u00e8re une forme de d\u00e9chets qui doivent \u00eatre enlev\u00e9s et jet\u00e9s. La taille et la charge de travail d\u2019une entreprise augmentent le besoin d\u2019utiliser des compacteurs.<\/p>    <figure class=\"wp-block-gallery has-nested-images columns-4 is-cropped wp-block-gallery-2 is-layout-flex wp-block-gallery-is-layout-flex\"> <figure class=\"wp-block-image size-large\"><img loading=\"lazy\" decoding=\"async\" width=\"720\" height=\"540\" data-id=\"3075\" src=\"https:\/\/shuliybaler.com\/wp-content\/uploads\/2023\/01\/waste-paper-packaging.webp\" alt=\"\" class=\"wp-image-3075\" title=\"\" srcset=\"https:\/\/shuliybaler.com\/wp-content\/uploads\/2023\/01\/waste-paper-packaging.webp 720w, https:\/\/shuliybaler.com\/wp-content\/uploads\/2023\/01\/waste-paper-packaging-360x270.webp 360w, https:\/\/shuliybaler.com\/wp-content\/uploads\/2023\/01\/waste-paper-packaging-180x135.webp 180w\" sizes=\"auto, (max-width: 720px) 100vw, 720px\" \/><figcaption class=\"wp-element-caption\">Mise en balles de paille<\/figcaption><\/figure>    <figure class=\"wp-block-image size-large\"><img loading=\"lazy\" decoding=\"async\" width=\"720\" height=\"540\" data-id=\"3076\" src=\"https:\/\/shuliybaler.com\/wp-content\/uploads\/2023\/01\/straw-baling.webp\" alt=\"mise en balles de paille\" class=\"wp-image-3076\" title=\"\" srcset=\"https:\/\/shuliybaler.com\/wp-content\/uploads\/2023\/01\/straw-baling.webp 720w, https:\/\/shuliybaler.com\/wp-content\/uploads\/2023\/01\/straw-baling-360x270.webp 360w, https:\/\/shuliybaler.com\/wp-content\/uploads\/2023\/01\/straw-baling-180x135.webp 180w\" sizes=\"auto, (max-width: 720px) 100vw, 720px\" \/><figcaption class=\"wp-element-caption\">Mise en balles de paille<\/figcaption><\/figure>    <figure class=\"wp-block-image size-large\"><img loading=\"lazy\" decoding=\"async\" width=\"720\" height=\"540\" data-id=\"3077\" src=\"https:\/\/shuliybaler.com\/wp-content\/uploads\/2023\/01\/Corrugated-box-packaging.webp\" alt=\"Emballage en carton ondul\u00e9\" class=\"wp-image-3077\" title=\"\" srcset=\"https:\/\/shuliybaler.com\/wp-content\/uploads\/2023\/01\/Corrugated-box-packaging.webp 720w, https:\/\/shuliybaler.com\/wp-content\/uploads\/2023\/01\/Corrugated-box-packaging-360x270.webp 360w, https:\/\/shuliybaler.com\/wp-content\/uploads\/2023\/01\/Corrugated-box-packaging-180x135.webp 180w\" sizes=\"auto, (max-width: 720px) 100vw, 720px\" \/><figcaption class=\"wp-element-caption\">Emballage en carton ondul\u00e9<\/figcaption><\/figure>    <figure class=\"wp-block-image size-large\"><img loading=\"lazy\" decoding=\"async\" width=\"720\" height=\"540\" data-id=\"3078\" src=\"https:\/\/shuliybaler.com\/wp-content\/uploads\/2023\/01\/plastic-bottle-baling.webp\" alt=\"mise en balles de bouteilles en plastique\" class=\"wp-image-3078\" title=\"\" srcset=\"https:\/\/shuliybaler.com\/wp-content\/uploads\/2023\/01\/plastic-bottle-baling.webp 720w, https:\/\/shuliybaler.com\/wp-content\/uploads\/2023\/01\/plastic-bottle-baling-360x270.webp 360w, https:\/\/shuliybaler.com\/wp-content\/uploads\/2023\/01\/plastic-bottle-baling-180x135.webp 180w\" sizes=\"auto, (max-width: 720px) 100vw, 720px\" \/><figcaption class=\"wp-element-caption\">Mise en balles de bouteilles en plastique<\/figcaption><\/figure> <\/figure>    <h3 class=\"wp-block-heading\">Restaurants et h\u00f4tels<\/h3>    <p>L'utilisation la plus r\u00e9pandue des compacteurs se trouve dans diverses op\u00e9rations de vente au d\u00e9tail, de restauration et d'h\u00f4tellerie qui g\u00e9n\u00e8rent des d\u00e9chets allant des mat\u00e9riaux d'emballage et des bo\u00eetes aux restes de nourriture. Les d\u00e9chets humides sont charg\u00e9s dans le compacteur, o\u00f9 la t\u00eate broie le mat\u00e9riau jusqu'\u00e0 75% plus petit que son volume d'origine.<\/p>    <h3 class=\"wp-block-heading\">Hygi\u00e8ne m\u00e9dicale<\/h3>    <p class=\"translation-block\">Il existe beaucoup de d\u00e9chets dans le <a href=\"https:\/\/en.wikipedia.org\/wiki\/Health_system\" data-type=\"URL\" data-id=\"https:\/\/en.wikipedia.org\/wiki\/Health_system\" target=\"_blank\" rel=\"noopener\">syst\u00e8me de sant\u00e9<\/a>, mais une grande partie ne peut pas \u00eatre \u00e9limin\u00e9e au hasard, et les compacteurs de d\u00e9chets m\u00e9dicaux sont con\u00e7us pour int\u00e9grer la containment, le stockage et le transport afin d\u2019emp\u00eacher que les d\u00e9chets ne soient expos\u00e9s au public. Le compacteur de d\u00e9chets peut collecter ces d\u00e9chets m\u00e9dicaux, les compresser et les emballer pour un traitement unifi\u00e9.<\/p>    <h3 class=\"wp-block-heading\">\u00c9cole<\/h3>    <figure class=\"wp-block-gallery has-nested-images columns-default is-cropped wp-block-gallery-3 is-layout-flex wp-block-gallery-is-layout-flex\"> <figure class=\"wp-block-image size-large\"><img loading=\"lazy\" decoding=\"async\" width=\"720\" height=\"540\" data-id=\"3079\" src=\"https:\/\/shuliybaler.com\/wp-content\/uploads\/2023\/01\/after-baling.webp\" alt=\"apr\u00e8s la mise en balles\" class=\"wp-image-3079\" title=\"\" srcset=\"https:\/\/shuliybaler.com\/wp-content\/uploads\/2023\/01\/after-baling.webp 720w, https:\/\/shuliybaler.com\/wp-content\/uploads\/2023\/01\/after-baling-360x270.webp 360w, https:\/\/shuliybaler.com\/wp-content\/uploads\/2023\/01\/after-baling-180x135.webp 180w\" sizes=\"auto, (max-width: 720px) 100vw, 720px\" \/><figcaption class=\"wp-element-caption\">Apr\u00e8s la mise en balles<\/figcaption><\/figure>    <figure class=\"wp-block-image size-large\"><img loading=\"lazy\" decoding=\"async\" width=\"720\" height=\"540\" data-id=\"3082\" src=\"https:\/\/shuliybaler.com\/wp-content\/uploads\/2023\/01\/after-baling-3.webp\" alt=\"apr\u00e8s la mise en balles\" class=\"wp-image-3082\" title=\"\" srcset=\"https:\/\/shuliybaler.com\/wp-content\/uploads\/2023\/01\/after-baling-3.webp 720w, https:\/\/shuliybaler.com\/wp-content\/uploads\/2023\/01\/after-baling-3-360x270.webp 360w, https:\/\/shuliybaler.com\/wp-content\/uploads\/2023\/01\/after-baling-3-180x135.webp 180w\" sizes=\"auto, (max-width: 720px) 100vw, 720px\" \/><figcaption class=\"wp-element-caption\">Apr\u00e8s la mise en balles<\/figcaption><\/figure>    <figure class=\"wp-block-image size-large\"><img loading=\"lazy\" decoding=\"async\" width=\"720\" height=\"540\" data-id=\"3080\" src=\"https:\/\/shuliybaler.com\/wp-content\/uploads\/2023\/01\/after-baling-1.webp\" alt=\"apr\u00e8s la mise en balles\" class=\"wp-image-3080\" title=\"\" srcset=\"https:\/\/shuliybaler.com\/wp-content\/uploads\/2023\/01\/after-baling-1.webp 720w, https:\/\/shuliybaler.com\/wp-content\/uploads\/2023\/01\/after-baling-1-360x270.webp 360w, https:\/\/shuliybaler.com\/wp-content\/uploads\/2023\/01\/after-baling-1-180x135.webp 180w\" sizes=\"auto, (max-width: 720px) 100vw, 720px\" \/><figcaption class=\"wp-element-caption\">Apr\u00e8s la mise en balles<\/figcaption><\/figure>    <figure class=\"wp-block-image size-large\"><img loading=\"lazy\" decoding=\"async\" width=\"720\" height=\"540\" data-id=\"3081\" src=\"https:\/\/shuliybaler.com\/wp-content\/uploads\/2023\/01\/after-baling-2.webp\" alt=\"apr\u00e8s la mise en balles\" class=\"wp-image-3081\" title=\"\" srcset=\"https:\/\/shuliybaler.com\/wp-content\/uploads\/2023\/01\/after-baling-2.webp 720w, https:\/\/shuliybaler.com\/wp-content\/uploads\/2023\/01\/after-baling-2-360x270.webp 360w, https:\/\/shuliybaler.com\/wp-content\/uploads\/2023\/01\/after-baling-2-180x135.webp 180w\" sizes=\"auto, (max-width: 720px) 100vw, 720px\" \/><figcaption class=\"wp-element-caption\">Apr\u00e8s la mise en balles<\/figcaption><\/figure> <\/figure>    <p>L'\u00e9cole a beaucoup de vieux papiers, de vieilles tables, chaises, etc. qui doivent \u00eatre recycl\u00e9s et emball\u00e9s. L\u2019utilisation de presses \u00e0 d\u00e9chets dans les \u00e9coles peut s\u2019av\u00e9rer tr\u00e8s utile. Certains papiers peuvent notamment \u00eatre recycl\u00e9s, ce qui est b\u00e9n\u00e9fique pour la protection de l'environnement.<\/p>    <h2 class=\"wp-block-heading\">Avantages de l'utilisation d'une machine de compactage de d\u00e9chets<\/h2>    <figure class=\"wp-block-gallery has-nested-images columns-2 is-cropped wp-block-gallery-4 is-layout-flex wp-block-gallery-is-layout-flex\"> <figure class=\"wp-block-image size-large\"><img loading=\"lazy\" decoding=\"async\" width=\"720\" height=\"540\" data-id=\"3070\" src=\"https:\/\/shuliybaler.com\/wp-content\/uploads\/2023\/01\/Trash-compactor-machine-2.webp\" alt=\"Compacteur de d\u00e9chets\" class=\"wp-image-3070\" title=\"\" srcset=\"https:\/\/shuliybaler.com\/wp-content\/uploads\/2023\/01\/Trash-compactor-machine-2.webp 720w, https:\/\/shuliybaler.com\/wp-content\/uploads\/2023\/01\/Trash-compactor-machine-2-360x270.webp 360w, https:\/\/shuliybaler.com\/wp-content\/uploads\/2023\/01\/Trash-compactor-machine-2-180x135.webp 180w\" sizes=\"auto, (max-width: 720px) 100vw, 720px\" \/><figcaption class=\"wp-element-caption\">Machine de compactage de d\u00e9chets<\/figcaption><\/figure>    <figure class=\"wp-block-image size-large\"><img loading=\"lazy\" decoding=\"async\" width=\"720\" height=\"540\" data-id=\"3071\" src=\"https:\/\/shuliybaler.com\/wp-content\/uploads\/2023\/01\/Trash-compactor-machine-3.webp\" alt=\"Compacteur de d\u00e9chets\" class=\"wp-image-3071\" title=\"\" srcset=\"https:\/\/shuliybaler.com\/wp-content\/uploads\/2023\/01\/Trash-compactor-machine-3.webp 720w, https:\/\/shuliybaler.com\/wp-content\/uploads\/2023\/01\/Trash-compactor-machine-3-360x270.webp 360w, https:\/\/shuliybaler.com\/wp-content\/uploads\/2023\/01\/Trash-compactor-machine-3-180x135.webp 180w\" sizes=\"auto, (max-width: 720px) 100vw, 720px\" \/><figcaption class=\"wp-element-caption\">Machine de compactage de d\u00e9chets<\/figcaption><\/figure>    <figure class=\"wp-block-image size-large\"><img loading=\"lazy\" decoding=\"async\" width=\"720\" height=\"540\" data-id=\"3073\" src=\"https:\/\/shuliybaler.com\/wp-content\/uploads\/2023\/01\/Trash-compactor-machine-5.webp\" alt=\"Compacteur de d\u00e9chets \" class=\"wp-image-3073\" title=\"\" srcset=\"https:\/\/shuliybaler.com\/wp-content\/uploads\/2023\/01\/Trash-compactor-machine-5.webp 720w, https:\/\/shuliybaler.com\/wp-content\/uploads\/2023\/01\/Trash-compactor-machine-5-360x270.webp 360w, https:\/\/shuliybaler.com\/wp-content\/uploads\/2023\/01\/Trash-compactor-machine-5-180x135.webp 180w\" sizes=\"auto, (max-width: 720px) 100vw, 720px\" \/><figcaption class=\"wp-element-caption\">Machine de compactage de d\u00e9chets <\/figcaption><\/figure>    <figure class=\"wp-block-image size-large\"><img loading=\"lazy\" decoding=\"async\" width=\"720\" height=\"540\" data-id=\"3072\" src=\"https:\/\/shuliybaler.com\/wp-content\/uploads\/2023\/01\/Trash-compactor-machine-4.webp\" alt=\"Usine de machines de compactage de d\u00e9chets \" class=\"wp-image-3072\" title=\"\" srcset=\"https:\/\/shuliybaler.com\/wp-content\/uploads\/2023\/01\/Trash-compactor-machine-4.webp 720w, https:\/\/shuliybaler.com\/wp-content\/uploads\/2023\/01\/Trash-compactor-machine-4-360x270.webp 360w, https:\/\/shuliybaler.com\/wp-content\/uploads\/2023\/01\/Trash-compactor-machine-4-180x135.webp 180w\" sizes=\"auto, (max-width: 720px) 100vw, 720px\" \/><figcaption class=\"wp-element-caption\">Usine de machines de compactage de d\u00e9chets <\/figcaption><\/figure> <\/figure>    <h2 class=\"wp-block-heading\">R\u00e9duire les co\u00fbts d\u2019exploitation<\/h2>    <p>Une gestion et un contr\u00f4le appropri\u00e9s des d\u00e9chets peuvent r\u00e9duire les co\u00fbts d\u2019exploitation. Le compactage des d\u00e9chets, des d\u00e9tritus et des d\u00e9tritus r\u00e9duit le besoin de collecter les d\u00e9tritus, ainsi que le besoin de poubelles et de conteneurs pour les d\u00e9chets.<\/p>    <h2 class=\"wp-block-heading\">Am\u00e9liorer l\u2019efficacit\u00e9 de l\u2019\u00e9limination des d\u00e9chets<\/h2>    <p>L'\u00e9limination des d\u00e9chets est un tr\u00e8s grand projet et il faut beaucoup de temps pour \u00e9liminer les d\u00e9chets. Apr\u00e8s avoir compress\u00e9 le volume des d\u00e9chets, cela permettra de gagner du temps dans la manipulation et le transport.<\/p>    <h2 class=\"wp-block-heading\">Augmenter l'espace<\/h2>   <div class=\"wp-block-image\"> <figure class=\"aligncenter size-full\"><img loading=\"lazy\" decoding=\"async\" width=\"720\" height=\"540\" src=\"https:\/\/shuliybaler.com\/wp-content\/uploads\/2023\/01\/garbage-baler-machine.webp\" alt=\"presse \u00e0 d\u00e9chetsmachine \u00e0 presse \u00e0 d\u00e9chets\" class=\"wp-image-3083\" title=\"\" srcset=\"https:\/\/shuliybaler.com\/wp-content\/uploads\/2023\/01\/garbage-baler-machine.webp 720w, https:\/\/shuliybaler.com\/wp-content\/uploads\/2023\/01\/garbage-baler-machine-360x270.webp 360w, https:\/\/shuliybaler.com\/wp-content\/uploads\/2023\/01\/garbage-baler-machine-180x135.webp 180w\" sizes=\"auto, (max-width: 720px) 100vw, 720px\" \/><figcaption class=\"wp-element-caption\">presse \u00e0 d\u00e9chets<\/figcaption><\/figure> <\/div>   <p>Les compacteurs de d\u00e9chets peuvent traiter des d\u00e9chets volumineux et gourmands en espace, r\u00e9duisant ainsi l\u2019empreinte de votre entreprise. Les gros d\u00e9chets peuvent \u00eatre convertis en petits cubes ou blocs maniables, ce qui rend les d\u00e9chets plus faciles \u00e0 manipuler et prennent moins de place.<\/p>    <h2 class=\"wp-block-heading\">Facile \u00e0 utiliser<\/h2>    <p>L'installation et l'utilisation du compacteur sont simples, pratiques et efficaces. L\u2019utilisateur n\u2019a qu\u2019\u00e0 appuyer sur le bouton et n\u2019importe quel membre du personnel de l\u2019entreprise peut faire fonctionner le compacteur sous la direction appropri\u00e9e.<\/p>    <h2 class=\"wp-block-heading\">S\u00e9curit\u00e9 des compacteurs de d\u00e9chets<\/h2>   <div class=\"wp-block-image\"> <figure class=\"aligncenter size-full\"><img loading=\"lazy\" decoding=\"async\" width=\"720\" height=\"540\" src=\"https:\/\/shuliybaler.com\/wp-content\/uploads\/2023\/01\/Trash-compactor-machine-6.webp\" alt=\"Compacteur de d\u00e9chets \" class=\"wp-image-3074\" title=\"\" srcset=\"https:\/\/shuliybaler.com\/wp-content\/uploads\/2023\/01\/Trash-compactor-machine-6.webp 720w, https:\/\/shuliybaler.com\/wp-content\/uploads\/2023\/01\/Trash-compactor-machine-6-360x270.webp 360w, https:\/\/shuliybaler.com\/wp-content\/uploads\/2023\/01\/Trash-compactor-machine-6-180x135.webp 180w\" sizes=\"auto, (max-width: 720px) 100vw, 720px\" \/><figcaption class=\"wp-element-caption\">Compacteur de d\u00e9chets <\/figcaption><\/figure> <\/div>   <p>Les d\u00e9chets entass\u00e9s depuis longtemps auront des propri\u00e9t\u00e9s nocives. Lorsque les d\u00e9chets humides sont stock\u00e9s, ils pourrissent et d\u00e9gagent une odeur qui peut \u00eatre nocive et potentiellement dangereuse. Les d\u00e9chets et les d\u00e9chets peuvent \u00eatre facilement \u00e9limin\u00e9s gr\u00e2ce \u00e0 un compacteur de d\u00e9chets qui compacte les d\u00e9chets charg\u00e9s d'odeurs et emp\u00eache la production de grandes quantit\u00e9s de produits chimiques toxiques.<\/p>    <h2 class=\"wp-block-heading\">Param\u00e8tre de la presse \u00e0 d\u00e9chets<\/h2>    <figure class=\"wp-block-table\"><table><tbody><tr><td>Mod\u00e8le<\/td><td>Force nominale (kn)<\/td><td>chambre de compression (mm)<\/td><td>Taille de bloc<br>(mm)<\/td><td>Densit\u00e9 du bloc (kg\/m 3 )<\/td><td>Capacit\u00e9 (kg\/h)<\/td><td>puissance (kW)<\/td><td>Op\u00e9ration de d\u00e9chargement des balles<\/td><\/tr><tr><td>Y81-1600<\/td><td>1600<\/td><td>1600\u00d71000\u00d7800<\/td><td>300\u00d7300\u00d7(400-800)<\/td><td>\u22652000<\/td><td>2000KG\/H-3000KG\/H<\/td><td>22<\/td><td>Rotation, fonctionnement manuel de la vanne<\/td><\/tr><\/tbody><\/table><figcaption class=\"wp-element-caption\">Param\u00e8tre de la presse \u00e0 d\u00e9chets<\/figcaption><\/figure>","protected":false},"excerpt":{"rendered":"<p>Le compacteur de d\u00e9chets est \u00e9galement appel\u00e9 presse \u00e0 d\u00e9chets, qui extrait l'air, le liquide et l'eau par extrusion et r\u00e9duit le volume des d\u00e9chets par compression afin de r\u00e9duire l'espace de mise en d\u00e9charge. Les compacteurs de d\u00e9chets sont devenus des \u00e9quipements de traitement importants pour la protection de l'environnement.<\/p>","protected":false},"author":1,"featured_media":3066,"parent":0,"template":"","tags":[],"product-type":[41],"class_list":["post-3065","product","type-product","status-publish","has-post-thumbnail","hentry","product-type-metal-baler-machine"],"_links":{"self":[{"href":"https:\/\/shuliybaler.com\/fr\/wp-json\/wp\/v2\/product\/3065","targetHints":{"allow":["GET"]}}],"collection":[{"href":"https:\/\/shuliybaler.com\/fr\/wp-json\/wp\/v2\/product"}],"about":[{"href":"https:\/\/shuliybaler.com\/fr\/wp-json\/wp\/v2\/types\/product"}],"author":[{"embeddable":true,"href":"https:\/\/shuliybaler.com\/fr\/wp-json\/wp\/v2\/users\/1"}],"wp:featuredmedia":[{"embeddable":true,"href":"https:\/\/shuliybaler.com\/fr\/wp-json\/wp\/v2\/media\/3066"}],"wp:attachment":[{"href":"https:\/\/shuliybaler.com\/fr\/wp-json\/wp\/v2\/media?parent=3065"}],"wp:term":[{"taxonomy":"post_tag","embeddable":true,"href":"https:\/\/shuliybaler.com\/fr\/wp-json\/wp\/v2\/tags?post=3065"},{"taxonomy":"product-type","embeddable":true,"href":"https:\/\/shuliybaler.com\/fr\/wp-json\/wp\/v2\/product-type?post=3065"}],"curies":[{"name":"wp","href":"https:\/\/api.w.org\/{rel}","templated":true}]}}