{"id":3150,"date":"2023-03-22T16:47:23","date_gmt":"2023-03-22T08:47:23","guid":{"rendered":"https:\/\/shuliybaler.com\/?post_type=product&#038;p=3150"},"modified":"2024-01-18T17:44:05","modified_gmt":"2024-01-18T09:44:05","slug":"scrap-hydraulic-tyre-baling-machine","status":"publish","type":"product","link":"https:\/\/shuliybaler.com\/fr\/product\/machine-de-mise-en-balles-de-pneus-hydrauliques\/","title":{"rendered":"Machine de mise en balles de pneus hydrauliques pour le recyclage des pneus"},"content":{"rendered":"<p class=\"translation-block\">La <strong>machine \u00e0 balles de pneus<\/strong> utilise un syst\u00e8me hydraulique pour compresser les pneus de camions, les pneus de voitures, etc., en balles, \u00e9conomisant ainsi de l'espace de stockage et de transport. <\/p>    <p class=\"translation-block\">Il existe deux types de machines \u00e0 balles de pneus, <strong>machine \u00e0 balles verticale<\/strong> et <strong>machine \u00e0 balles horizontale<\/strong>, qui peuvent toutes deux \u00eatre utilis\u00e9es pour emballer des pneus. La production des deux est diff\u00e9rente. Les presses \u00e0 balles de pneus sont largement utilis\u00e9es dans l'industrie du recyclage. <\/p>    <p>Ainsi, si vous souhaitez recycler les pneus, n'h\u00e9sitez pas \u00e0 nous contacter pour plus de d\u00e9tails sur la machine et le prix\u00a0!<\/p>    <figure class=\"wp-block-embed is-type-video is-provider-youtube wp-block-embed-youtube wp-embed-aspect-16-9 wp-has-aspect-ratio\"><div class=\"wp-block-embed__wrapper\"> <iframe loading=\"lazy\" title=\"Une presse \u00e0 pneus usag\u00e9s est export\u00e9e vers l\u2019Indon\u00e9sie | machine de mise en balles de recyclage de pneus usag\u00e9s\" width=\"500\" height=\"281\" src=\"https:\/\/www.youtube.com\/embed\/1_gq1TGwO4w?feature=oembed\" frameborder=\"0\" allow=\"accelerometer; autoplay; clipboard-write; encrypted-media; gyroscope; picture-in-picture; web-share\" referrerpolicy=\"strict-origin-when-cross-origin\" allowfullscreen><\/iframe> <\/div><figcaption class=\"wp-element-caption\">vid\u00e9o d'une presse \u00e0 pneus horizontale<\/figcaption><\/figure>    <h2 class=\"wp-block-heading\"><strong>Types de presses \u00e0 pneus \u00e0 vendre<\/strong><\/h2>    <h3 class=\"wp-block-heading\"><strong>Introduction de la presse \u00e0 balles horizontale<\/strong><\/h3>    <div class=\"wp-block-media-text alignwide is-stacked-on-mobile\"><figure class=\"wp-block-media-text__media\"><img loading=\"lazy\" decoding=\"async\" width=\"750\" height=\"750\" src=\"https:\/\/shuliybaler.com\/wp-content\/uploads\/2023\/03\/horizontal-tyre-baling-machine.webp\" alt=\" presse \u00e0 pneus horizontale\" class=\"wp-image-3152 size-full\" title=\"\" srcset=\"https:\/\/shuliybaler.com\/wp-content\/uploads\/2023\/03\/horizontal-tyre-baling-machine.webp 750w, https:\/\/shuliybaler.com\/wp-content\/uploads\/2023\/03\/horizontal-tyre-baling-machine-270x270.webp 270w, https:\/\/shuliybaler.com\/wp-content\/uploads\/2023\/03\/horizontal-tyre-baling-machine-540x540.webp 540w\" sizes=\"auto, (max-width: 750px) 100vw, 750px\" \/><\/figure><div class=\"wp-block-media-text__content\"> <p>Cette presse horizontale a un rendement relativement important. Il existe quatre mod\u00e8les au total. <\/p>    <p>Cette presse \u00e0 balles horizontale peut emballer en moyenne 6 \u00e0 8 sacs par heure. Le poids de chaque sac de pneus est diff\u00e9rent selon les mod\u00e8les. <\/p>    <p>Bien entendu, plus le mod\u00e8le est grand, plus il y a de pneus par sac et plus le poids est lourd.<\/p> <\/div><\/div>    <figure class=\"wp-block-table\"><table><tbody><tr><td>Mod\u00e8le<\/td><td>SL-DB-100<\/td><td>SL-DB-160<\/td><td>SL-DB-180<\/td><td>SL-DB-200<\/td><\/tr><tr><td>Pression<\/td><td>1000KN<\/td><td>1600 KN<\/td><td>1800 KN<\/td><td>2000 KN<\/td><\/tr><tr><td>Alimentation principale<\/td><td>22KW+1,5KW+4kw<\/td><td>37KW+1,5KW+4kw<\/td><td>45KW+3KW+5kw<\/td><td>55KW+13KW+5,5kw<\/td><\/tr><tr><td>QT\u00c9 de fils de mise en balles<\/td><td>4\/5<\/td><td>4\/5<\/td><td>5<\/td><td>5<\/td><\/tr><tr><td>Taille des balles<\/td><td>L1150mm*<br>H1050mm<br>*L(r\u00e9glable)<\/td><td>L1150mm*<br>H1250mm<br>*L(r\u00e9glable)<\/td><td>L1150mm*<br>H1350mm<br>*L(r\u00e9glable)<\/td><td>L1150mm*<br>H1450mm<br>*L(r\u00e9glable)<\/td><\/tr><tr><td>Fil<\/td><td>Fil recuit 3 mm (12#) ou fil plastique<\/td><td>Fil recuit\u00a03\u00a0mm (12#) ou fil en plastique<\/td><td>Fil recuit\u00a03\u00a0mm (12#) ou fil en plastique<\/td><td>Fil recuit\u00a03\u00a0mm (12#) ou fil en plastique<\/td><\/tr><tr><td>Tension<\/td><td>380 V\/50 Hz<\/td><td>380 V\/50 Hz<\/td><td>380 V\/50 Hz<\/td><td>380 V\/50 Hz<\/td><\/tr><tr><td>M\u00e9thode de cravate<\/td><td>Manuel\/automatique<\/td><td>Manuel\/automatique<\/td><td>Manuel\/automatique<\/td><td>Manuel\/automatique<\/td><\/tr><tr><td>Capacit\u00e9<\/td><td>6-8 balles\/h<\/td><td>6-8 balles\/h<\/td><td>6-8 balles\/h<\/td><td>6-8 balles\/h<\/td><\/tr><tr><td>Poids de la balle<\/td><td>500-1000kg<\/td><td>1000-1300kg<\/td><td>1000-1300kg<\/td><td>1000-1300kg<\/td><\/tr><tr><td>Taille du convoyeur<\/td><td>6530*<em>1400<\/em>*3200mm<\/td><td>7113*<em>1555<\/em>*3360mm<\/td><td>7800*<em>1655<\/em>*3360mm<\/td><td>8200*<em>1700<\/em>*3360mm<\/td><\/tr><tr><td>M\u00e9thode d'op\u00e9ration<\/td><td>Manuel\/automate<\/td><td>Manuel\/automate<\/td><td>Manuel\/automate<\/td><td>Manuel\/automate<\/td><\/tr><\/tbody><\/table><figcaption class=\"wp-element-caption\">Param\u00e8tres de la presse \u00e0 pneus horizontale<\/figcaption><\/figure>    <figure class=\"wp-block-gallery has-nested-images columns-default is-cropped wp-block-gallery-2 is-layout-flex wp-block-gallery-is-layout-flex\"> <figure class=\"wp-block-image size-large\"><img loading=\"lazy\" decoding=\"async\" width=\"720\" height=\"540\" data-id=\"3161\" src=\"https:\/\/shuliybaler.com\/wp-content\/uploads\/2023\/03\/horizontal-tyre-baling-machine-1.webp\" alt=\"presse \u00e0 pneus horizontale \u00e0 vendre\" class=\"wp-image-3161\" title=\"\" srcset=\"https:\/\/shuliybaler.com\/wp-content\/uploads\/2023\/03\/horizontal-tyre-baling-machine-1.webp 720w, https:\/\/shuliybaler.com\/wp-content\/uploads\/2023\/03\/horizontal-tyre-baling-machine-1-360x270.webp 360w, https:\/\/shuliybaler.com\/wp-content\/uploads\/2023\/03\/horizontal-tyre-baling-machine-1-180x135.webp 180w\" sizes=\"auto, (max-width: 720px) 100vw, 720px\" \/><figcaption class=\"wp-element-caption\">Machine de mise en balles de pneus horizontale \u00e0 vendre<\/figcaption><\/figure>    <figure class=\"wp-block-image size-large\"><img loading=\"lazy\" decoding=\"async\" width=\"720\" height=\"540\" data-id=\"3163\" src=\"https:\/\/shuliybaler.com\/wp-content\/uploads\/2023\/03\/horizontal-tyre-baling-machine-3.webp\" alt=\"presse \u00e0 pneus horizontale\" class=\"wp-image-3163\" title=\"\" srcset=\"https:\/\/shuliybaler.com\/wp-content\/uploads\/2023\/03\/horizontal-tyre-baling-machine-3.webp 720w, https:\/\/shuliybaler.com\/wp-content\/uploads\/2023\/03\/horizontal-tyre-baling-machine-3-360x270.webp 360w, https:\/\/shuliybaler.com\/wp-content\/uploads\/2023\/03\/horizontal-tyre-baling-machine-3-180x135.webp 180w\" sizes=\"auto, (max-width: 720px) 100vw, 720px\" \/><figcaption class=\"wp-element-caption\">Machine de mise en balles de pneus horizontale<\/figcaption><\/figure>    <figure class=\"wp-block-image size-large\"><img loading=\"lazy\" decoding=\"async\" width=\"720\" height=\"540\" data-id=\"3164\" src=\"https:\/\/shuliybaler.com\/wp-content\/uploads\/2023\/03\/horizontal-tyre-baler-machine.webp\" alt=\"presse \u00e0 balles horizontale pour pneus\" class=\"wp-image-3164\" title=\"\" srcset=\"https:\/\/shuliybaler.com\/wp-content\/uploads\/2023\/03\/horizontal-tyre-baler-machine.webp 720w, https:\/\/shuliybaler.com\/wp-content\/uploads\/2023\/03\/horizontal-tyre-baler-machine-360x270.webp 360w, https:\/\/shuliybaler.com\/wp-content\/uploads\/2023\/03\/horizontal-tyre-baler-machine-180x135.webp 180w\" sizes=\"auto, (max-width: 720px) 100vw, 720px\" \/><figcaption class=\"wp-element-caption\">Presse \u00e0 balles horizontale pour pneus<\/figcaption><\/figure>    <figure class=\"wp-block-image size-large\"><img loading=\"lazy\" decoding=\"async\" width=\"720\" height=\"540\" data-id=\"3162\" src=\"https:\/\/shuliybaler.com\/wp-content\/uploads\/2023\/03\/horizontal-tyre-baling-machine-2.webp\" alt=\"Presse \u00e0 balles horizontale pour pneus\" class=\"wp-image-3162\" title=\"\" srcset=\"https:\/\/shuliybaler.com\/wp-content\/uploads\/2023\/03\/horizontal-tyre-baling-machine-2.webp 720w, https:\/\/shuliybaler.com\/wp-content\/uploads\/2023\/03\/horizontal-tyre-baling-machine-2-360x270.webp 360w, https:\/\/shuliybaler.com\/wp-content\/uploads\/2023\/03\/horizontal-tyre-baling-machine-2-180x135.webp 180w\" sizes=\"auto, (max-width: 720px) 100vw, 720px\" \/><figcaption class=\"wp-element-caption\">Presse \u00e0 balles horizontale pour pneus<\/figcaption><\/figure>    <figure class=\"wp-block-image size-large\"><img loading=\"lazy\" decoding=\"async\" width=\"720\" height=\"540\" data-id=\"3165\" src=\"https:\/\/shuliybaler.com\/wp-content\/uploads\/2023\/03\/horizontal-tire-baling-machine.webp\" alt=\"presse \u00e0 pneus horizontale\" class=\"wp-image-3165\" title=\"\" srcset=\"https:\/\/shuliybaler.com\/wp-content\/uploads\/2023\/03\/horizontal-tire-baling-machine.webp 720w, https:\/\/shuliybaler.com\/wp-content\/uploads\/2023\/03\/horizontal-tire-baling-machine-360x270.webp 360w, https:\/\/shuliybaler.com\/wp-content\/uploads\/2023\/03\/horizontal-tire-baling-machine-180x135.webp 180w\" sizes=\"auto, (max-width: 720px) 100vw, 720px\" \/><figcaption class=\"wp-element-caption\">Machine de mise en balles de pneus horizontale<\/figcaption><\/figure> <\/figure>    <h3 class=\"wp-block-heading\"><strong>Introduction de la presse \u00e0 balles verticale pour pneus<\/strong><br><\/h3>    <div class=\"wp-block-media-text alignwide has-media-on-the-right is-stacked-on-mobile\"><div class=\"wp-block-media-text__content\"> <p class=\"translation-block\">La <a href=\"https:\/\/shuliybaler.com\/fr\/product\/presse-a-balles-verticale-en-metal\/\">presse \u00e0 balles verticale<\/a> occupe une petite surface, et le rapport de compaction est de 5:1. <\/p>    <p>Il existe cinq mod\u00e8les de presses \u00e0 balles verticales pour pneus, qui peuvent emballer en moyenne 6 \u00e0 10 balles par heure. <\/p>    <p>Diff\u00e9rents mod\u00e8les ont des poids diff\u00e9rents pour chaque sac de pneus. Chaque colis du mod\u00e8le 80 atteint 2000kg.<\/p> <\/div><figure class=\"wp-block-media-text__media\"><img loading=\"lazy\" decoding=\"async\" width=\"720\" height=\"540\" src=\"https:\/\/shuliybaler.com\/wp-content\/uploads\/2023\/03\/vertical-tire-baling-machine.webp\" alt=\"presse \u00e0 balles verticale pour pneus\" class=\"wp-image-3153 size-full\" title=\"\" srcset=\"https:\/\/shuliybaler.com\/wp-content\/uploads\/2023\/03\/vertical-tire-baling-machine.webp 720w, https:\/\/shuliybaler.com\/wp-content\/uploads\/2023\/03\/vertical-tire-baling-machine-360x270.webp 360w, https:\/\/shuliybaler.com\/wp-content\/uploads\/2023\/03\/vertical-tire-baling-machine-180x135.webp 180w\" sizes=\"auto, (max-width: 720px) 100vw, 720px\" \/><\/figure><\/div>    <figure class=\"wp-block-table\"><table><tbody><tr><td>Mod\u00e8le<\/td><td>SL-10T<\/td><td>SL-20T<\/td><td>SL-30T<\/td><td>SL-60T<\/td><td>SL-80T<\/td><\/tr><tr><td>Puissance (kw)<\/td><td>5.5<\/td><td>7.5<\/td><td>11<\/td><td>15<\/td><td>17<\/td><\/tr><tr><td>emballer(<br>mm\uff09<\/td><td>800*400*800<\/td><td>800*400*800<\/td><td>800*<em>400<\/em>*600<\/td><td>1150*<em>750<\/em>*1000<\/td><td>1150*<em>750<\/em>*1000<\/td><\/tr><tr><td>pression(<br>mm\uff09<\/td><td>1000<\/td><td>1000<\/td><td>1000<\/td><td>1100<\/td><td>1100<\/td><\/tr><tr><td>dimension (mm)<\/td><td>1400*<em>700<\/em>*2900<\/td><td>1400*<em>700<\/em>*2950<\/td><td>1450*<em>700<\/em>*2950<\/td><td>1700*<em>1000<\/em>*3200<\/td><td>1800*<em>1000<\/em>*3200<\/td><\/tr><tr><td>Cylindre d'huile<\/td><td>125<\/td><td>160<\/td><td>160<\/td><td>160<\/td><td>180<\/td><\/tr><tr><td>Vitesse de pressage<br>(p\/min)<\/td><td>8-10<\/td><td>8-10<\/td><td>8-10<\/td><td>6-10<\/td><td>6-10<\/td><\/tr><tr><td>Poids (kg)<\/td><td>400<\/td><td>850<\/td><td>950<\/td><td>1600<\/td><td>2000<\/td><\/tr><\/tbody><\/table><figcaption class=\"wp-element-caption\">Param\u00e8tres de la presse \u00e0 pneus verticale<\/figcaption><\/figure>    <figure class=\"wp-block-gallery has-nested-images columns-default is-cropped wp-block-gallery-3 is-layout-flex wp-block-gallery-is-layout-flex\"> <figure class=\"wp-block-image size-large\"><img loading=\"lazy\" decoding=\"async\" width=\"750\" height=\"750\" data-id=\"3160\" src=\"https:\/\/shuliybaler.com\/wp-content\/uploads\/2023\/03\/vertical-tire-baler-machine.webp\" alt=\"presse \u00e0 balles verticale pour pneus\" class=\"wp-image-3160\" title=\"\" srcset=\"https:\/\/shuliybaler.com\/wp-content\/uploads\/2023\/03\/vertical-tire-baler-machine.webp 750w, https:\/\/shuliybaler.com\/wp-content\/uploads\/2023\/03\/vertical-tire-baler-machine-270x270.webp 270w, https:\/\/shuliybaler.com\/wp-content\/uploads\/2023\/03\/vertical-tire-baler-machine-540x540.webp 540w\" sizes=\"auto, (max-width: 750px) 100vw, 750px\" \/><figcaption class=\"wp-element-caption\">Presse \u00e0 balles verticale pour pneus<\/figcaption><\/figure>    <figure class=\"wp-block-image size-large\"><img loading=\"lazy\" decoding=\"async\" width=\"750\" height=\"750\" data-id=\"3159\" src=\"https:\/\/shuliybaler.com\/wp-content\/uploads\/2023\/03\/vertical-tire-baling-machine-1.webp\" alt=\"presse \u00e0 balles verticale pour pneus\" class=\"wp-image-3159\" title=\"\" srcset=\"https:\/\/shuliybaler.com\/wp-content\/uploads\/2023\/03\/vertical-tire-baling-machine-1.webp 750w, https:\/\/shuliybaler.com\/wp-content\/uploads\/2023\/03\/vertical-tire-baling-machine-1-270x270.webp 270w, https:\/\/shuliybaler.com\/wp-content\/uploads\/2023\/03\/vertical-tire-baling-machine-1-540x540.webp 540w\" sizes=\"auto, (max-width: 750px) 100vw, 750px\" \/><figcaption class=\"wp-element-caption\">Presse \u00e0 balles verticale pour pneus<\/figcaption><\/figure> <\/figure>    <h2 class=\"wp-block-heading\"><strong>Application de la presse \u00e0 balles de pneus de camion<\/strong><\/h2>    <p>La presse \u00e0 pneus usag\u00e9s est principalement utilis\u00e9e dans l\u2019industrie du recyclage des pneus. Si les pneus usag\u00e9s ne sont pas trait\u00e9s, il est facile de provoquer une pollution de l'environnement. <\/p>    <p>Apr\u00e8s avoir \u00e9t\u00e9 trait\u00e9 par une presse \u00e0 balles de pneus, le pneu peut \u00eatre compress\u00e9 en un bloc solide, ce qui r\u00e9duit le volume et r\u00e9duit les co\u00fbts de transport et de traitement. , tout en r\u00e9duisant le risque de pollution de l\u2019environnement.<\/p>    <figure class=\"wp-block-gallery has-nested-images columns-default is-cropped wp-block-gallery-4 is-layout-flex wp-block-gallery-is-layout-flex\"> <figure class=\"wp-block-image size-large\"><img loading=\"lazy\" decoding=\"async\" width=\"720\" height=\"540\" data-id=\"3157\" src=\"https:\/\/shuliybaler.com\/wp-content\/uploads\/2023\/03\/Scrap-tires.webp\" alt=\"\" class=\"wp-image-3157\" title=\"\" srcset=\"https:\/\/shuliybaler.com\/wp-content\/uploads\/2023\/03\/Scrap-tires.webp 720w, https:\/\/shuliybaler.com\/wp-content\/uploads\/2023\/03\/Scrap-tires-360x270.webp 360w, https:\/\/shuliybaler.com\/wp-content\/uploads\/2023\/03\/Scrap-tires-180x135.webp 180w\" sizes=\"auto, (max-width: 720px) 100vw, 720px\" \/><figcaption class=\"wp-element-caption\">Pneus usag\u00e9s<\/figcaption><\/figure>    <figure class=\"wp-block-image size-large\"><img loading=\"lazy\" decoding=\"async\" width=\"720\" height=\"540\" data-id=\"3158\" src=\"https:\/\/shuliybaler.com\/wp-content\/uploads\/2023\/03\/Scrap-tires-after-baling.webp\" alt=\"Mettez les pneus au rebut apr\u00e8s la mise en balles\" class=\"wp-image-3158\" title=\"\" srcset=\"https:\/\/shuliybaler.com\/wp-content\/uploads\/2023\/03\/Scrap-tires-after-baling.webp 720w, https:\/\/shuliybaler.com\/wp-content\/uploads\/2023\/03\/Scrap-tires-after-baling-360x270.webp 360w, https:\/\/shuliybaler.com\/wp-content\/uploads\/2023\/03\/Scrap-tires-after-baling-180x135.webp 180w\" sizes=\"auto, (max-width: 720px) 100vw, 720px\" \/><figcaption class=\"wp-element-caption\">Pneus us\u00e9s apr\u00e8s la mise en balles<\/figcaption><\/figure> <\/figure>    <ul class=\"wp-block-list\"> <li><strong>Stockage des pneus<\/strong>: La presse \u00e0 balles peut comprimer les pneus dans un volume plus petit pour un stockage facile, en particulier lorsque l'espace de stockage des pneus est limit\u00e9, la presse \u00e0 balles peut maximiser l'utilisation de l'espace pour obtenir un stockage efficace des pneus.<\/li>    <li><strong>Exp\u00e9dition de pneus<\/strong>: Les pneus emball\u00e9s sont plus faciles \u00e0 exp\u00e9dier et \u00e0 manipuler que les pneus non compress\u00e9s, ce qui r\u00e9duit les co\u00fbts d'exp\u00e9dition et de main d'\u0153uvre.<\/li> <\/ul>    <h2 class=\"wp-block-heading\"><strong>Quelles autres mati\u00e8res premi\u00e8res la presse \u00e0 pneus peut-elle traiter\u00a0?<\/strong><\/h2>    <p class=\"translation-block\">Les presses \u00e0 pneus sont \u00e9galement couramment utilis\u00e9es pour emballer <strong>v\u00eatements et chaussures usag\u00e9s, emballage de sciure, emballage de paille<\/strong>, <strong>emballage de papier usag\u00e9, emballage de carton, emballage de bouteilles en PET<\/strong>, etc. La machine \u00e0 balles de pneus a un large \u00e9ventail d'utilisations.<\/p>    <figure class=\"wp-block-gallery has-nested-images columns-default is-cropped wp-block-gallery-5 is-layout-flex wp-block-gallery-is-layout-flex\"> <figure class=\"wp-block-image size-large\"><img loading=\"lazy\" decoding=\"async\" width=\"720\" height=\"540\" data-id=\"3154\" src=\"https:\/\/shuliybaler.com\/wp-content\/uploads\/2023\/03\/waste-paper-baling.webp\" alt=\"mise en balles de vieux papiers\" class=\"wp-image-3154\" title=\"\" srcset=\"https:\/\/shuliybaler.com\/wp-content\/uploads\/2023\/03\/waste-paper-baling.webp 720w, https:\/\/shuliybaler.com\/wp-content\/uploads\/2023\/03\/waste-paper-baling-360x270.webp 360w, https:\/\/shuliybaler.com\/wp-content\/uploads\/2023\/03\/waste-paper-baling-180x135.webp 180w\" sizes=\"auto, (max-width: 720px) 100vw, 720px\" \/><figcaption class=\"wp-element-caption\">Mise en balles de vieux papiers<\/figcaption><\/figure>    <figure class=\"wp-block-image size-large\"><img loading=\"lazy\" decoding=\"async\" width=\"720\" height=\"540\" data-id=\"3155\" src=\"https:\/\/shuliybaler.com\/wp-content\/uploads\/2023\/03\/straw-baling.webp\" alt=\"mise en balles de paille\" class=\"wp-image-3155\" title=\"\" srcset=\"https:\/\/shuliybaler.com\/wp-content\/uploads\/2023\/03\/straw-baling.webp 720w, https:\/\/shuliybaler.com\/wp-content\/uploads\/2023\/03\/straw-baling-360x270.webp 360w, https:\/\/shuliybaler.com\/wp-content\/uploads\/2023\/03\/straw-baling-180x135.webp 180w\" sizes=\"auto, (max-width: 720px) 100vw, 720px\" \/><figcaption class=\"wp-element-caption\">Mise en balles de paille<\/figcaption><\/figure>    <figure class=\"wp-block-image size-large\"><img loading=\"lazy\" decoding=\"async\" width=\"720\" height=\"540\" data-id=\"3156\" src=\"https:\/\/shuliybaler.com\/wp-content\/uploads\/2023\/03\/Waste-cans-baling.webp\" alt=\"Mise en balles de poubelles\" class=\"wp-image-3156\" title=\"\" srcset=\"https:\/\/shuliybaler.com\/wp-content\/uploads\/2023\/03\/Waste-cans-baling.webp 720w, https:\/\/shuliybaler.com\/wp-content\/uploads\/2023\/03\/Waste-cans-baling-360x270.webp 360w, https:\/\/shuliybaler.com\/wp-content\/uploads\/2023\/03\/Waste-cans-baling-180x135.webp 180w\" sizes=\"auto, (max-width: 720px) 100vw, 720px\" \/><figcaption class=\"wp-element-caption\">Mise en balles de poubelles<\/figcaption><\/figure> <\/figure>    <h2 class=\"wp-block-heading\"><strong>Structure de la presse \u00e0 pneus de voiture<\/strong><\/h2>    <p>Un emballeur de pneus est un \u00e9quipement utilis\u00e9 pour comprimer les pneus en emballages compacts. L'\u00e9quipement est principalement compos\u00e9 d'un ch\u00e2ssis, d'un syst\u00e8me hydraulique, d'un syst\u00e8me de contr\u00f4le et d'une chambre de compression.<\/p>    <h2 class=\"wp-block-heading\"><strong>Commencez d\u00e8s maintenant \u00e0 recycler vos pneus usag\u00e9s\u00a0!<\/strong><\/h2>    <p class=\"translation-block\">Commencez votre <a href=\"https:\/\/en.wikipedia.org\/wiki\/Tire_recycling\" target=\"_blank\" rel=\"noopener\">recyclage de pneus usag\u00e9s<\/a> d\u00e8s maintenant ! Contactez-nous aujourd'hui pour des solutions professionnelles de recyclage de pneus afin de vous aider \u00e0 valoriser vos d\u00e9chets. De la configuration de l'\u00e9quipement au support technique, nous sommes \u00e0 votre service pour cr\u00e9er une \u00e9conomie circulaire verte. Agissez maintenant et commencez ensemble votre parcours de recyclage de pneus usag\u00e9s !<\/p>","protected":false},"excerpt":{"rendered":"<p>La presse \u00e0 pneus utilise un syst\u00e8me hydraulique pour comprimer les pneus, \u00e9conomisant ainsi de l'espace de stockage et de transport. Il existe deux types de presses \u00e0 pneus, les presses \u00e0 balles verticales et les presses \u00e0 balles horizontales, qui peuvent toutes deux \u00eatre utilis\u00e9es pour emballer des pneus. Bienvenue \u00e0 lire pour plus de d\u00e9tails sur la machine\u00a0!<\/p>","protected":false},"author":1,"featured_media":3151,"parent":0,"template":"","tags":[66],"product-type":[41],"class_list":["post-3150","product","type-product","status-publish","has-post-thumbnail","hentry","tag-tyre-baling-machine","product-type-metal-baler-machine"],"_links":{"self":[{"href":"https:\/\/shuliybaler.com\/fr\/wp-json\/wp\/v2\/product\/3150","targetHints":{"allow":["GET"]}}],"collection":[{"href":"https:\/\/shuliybaler.com\/fr\/wp-json\/wp\/v2\/product"}],"about":[{"href":"https:\/\/shuliybaler.com\/fr\/wp-json\/wp\/v2\/types\/product"}],"author":[{"embeddable":true,"href":"https:\/\/shuliybaler.com\/fr\/wp-json\/wp\/v2\/users\/1"}],"wp:featuredmedia":[{"embeddable":true,"href":"https:\/\/shuliybaler.com\/fr\/wp-json\/wp\/v2\/media\/3151"}],"wp:attachment":[{"href":"https:\/\/shuliybaler.com\/fr\/wp-json\/wp\/v2\/media?parent=3150"}],"wp:term":[{"taxonomy":"post_tag","embeddable":true,"href":"https:\/\/shuliybaler.com\/fr\/wp-json\/wp\/v2\/tags?post=3150"},{"taxonomy":"product-type","embeddable":true,"href":"https:\/\/shuliybaler.com\/fr\/wp-json\/wp\/v2\/product-type?post=3150"}],"curies":[{"name":"wp","href":"https:\/\/api.w.org\/{rel}","templated":true}]}}