{"id":3170,"date":"2023-03-23T14:23:07","date_gmt":"2023-03-23T06:23:07","guid":{"rendered":"https:\/\/shuliybaler.com\/?post_type=product&#038;p=3170"},"modified":"2023-03-23T14:23:09","modified_gmt":"2023-03-23T06:23:09","slug":"a-solution-to-waste-tire-management","status":"publish","type":"product","link":"https:\/\/shuliybaler.com\/fr\/product\/une-solution-a-la-gestion-des-pneus-usages\/","title":{"rendered":"Une solution \u00e0 la gestion des pneus usag\u00e9s"},"content":{"rendered":"<p class=\"translation-block\">Les pneus usag\u00e9s sont parmi les mat\u00e9riaux les plus difficiles \u00e0 \u00e9liminer en raison de leur grand volume et de leur durabilit\u00e9. Avec plus d'un milliard de pneus jet\u00e9s chaque ann\u00e9e dans le monde, trouver une solution durable pour la gestion des pneus usag\u00e9s est essentiel. Une solution innovante \u00e0 ce probl\u00e8me est la <a href=\"https:\/\/shuliybaler.com\/fr\/product\/machine-de-mise-en-balles-de-pneus-hydrauliques\/\" data-type=\"URL\" data-id=\"https:\/\/shuliybaler.com\/product\/scrap-hydraulic-tyre-baling-machine\/\">presse \u00e0 balles de pneus<\/a>.<\/p>    <h2 class=\"wp-block-heading\">Qu'est-ce qu'une presse \u00e0 pneus ?<\/h2>    <figure class=\"wp-block-gallery has-nested-images columns-default is-cropped wp-block-gallery-2 is-layout-flex wp-block-gallery-is-layout-flex\"> <figure class=\"wp-block-image size-large\"><img loading=\"lazy\" decoding=\"async\" width=\"720\" height=\"540\" data-id=\"3172\" src=\"https:\/\/shuliybaler.com\/wp-content\/uploads\/2023\/03\/tire-baler.webp\" alt=\"presse \u00e0 pneus\" class=\"wp-image-3172\" title=\"\" srcset=\"https:\/\/shuliybaler.com\/wp-content\/uploads\/2023\/03\/tire-baler.webp 720w, https:\/\/shuliybaler.com\/wp-content\/uploads\/2023\/03\/tire-baler-360x270.webp 360w, https:\/\/shuliybaler.com\/wp-content\/uploads\/2023\/03\/tire-baler-180x135.webp 180w\" sizes=\"auto, (max-width: 720px) 100vw, 720px\" \/><figcaption class=\"wp-element-caption\">Presse \u00e0 pneus<\/figcaption><\/figure>    <figure class=\"wp-block-image size-large\"><img loading=\"lazy\" decoding=\"async\" width=\"720\" height=\"540\" data-id=\"3173\" src=\"https:\/\/shuliybaler.com\/wp-content\/uploads\/2023\/03\/baling-tire.webp\" alt=\"pneu de mise en balles\" class=\"wp-image-3173\" title=\"\" srcset=\"https:\/\/shuliybaler.com\/wp-content\/uploads\/2023\/03\/baling-tire.webp 720w, https:\/\/shuliybaler.com\/wp-content\/uploads\/2023\/03\/baling-tire-360x270.webp 360w, https:\/\/shuliybaler.com\/wp-content\/uploads\/2023\/03\/baling-tire-180x135.webp 180w\" sizes=\"auto, (max-width: 720px) 100vw, 720px\" \/><figcaption class=\"wp-element-caption\">Pneu de mise en balles<\/figcaption><\/figure> <\/figure>    <p class=\"translation-block\">Une <a href=\"https:\/\/shuliybaler.com\/fr\/product\/presse-a-balles-verticale-en-metal\/\" data-type=\"URL\" data-id=\"https:\/\/shuliybaler.com\/product\/vertical-metal-baler\/\">presse \u00e0 balles de pneus<\/a> est une machine qui comprime les pneus usag\u00e9s en une balle dense et g\u00e9rable. La machine utilise la pression hydraulique pour compresser fermement les pneus, r\u00e9duisant ainsi consid\u00e9rablement leur volume. Une fois compress\u00e9s, les pneus mis en balle peuvent \u00eatre transport\u00e9s plus efficacement et stock\u00e9s plus facilement, ce qui en fait une solution id\u00e9ale pour la gestion des d\u00e9chets de pneus.<\/p>    <h2 class=\"wp-block-heading\">Avantages de l'utilisation d'une presse \u00e0 pneus<\/h2>    <p>Les avantages de l\u2019utilisation d\u2019une presse \u00e0 pneus sont importants. Premi\u00e8rement, les balles compress\u00e9es prennent moins de place dans les installations de stockage et pendant le transport, r\u00e9duisant ainsi le nombre de d\u00e9placements n\u00e9cessaires pour les d\u00e9placer. Cette efficacit\u00e9 se traduit par une r\u00e9duction des co\u00fbts de transport et r\u00e9duit l\u2019empreinte carbone associ\u00e9e \u00e0 la gestion des pneus usag\u00e9s. Deuxi\u00e8mement, les balles compress\u00e9es sont plus faciles \u00e0 manipuler, ce qui r\u00e9duit le risque de blessures sur le lieu de travail et am\u00e9liore la s\u00e9curit\u00e9 sur le lieu de travail. Enfin, l\u2019utilisation d\u2019une presse \u00e0 pneus r\u00e9duit l\u2019espace requis pour le stockage des pneus, lib\u00e9rant ainsi des biens immobiliers pr\u00e9cieux \u00e0 d\u2019autres fins.<\/p>    <h2 class=\"wp-block-heading\">Qui a besoin d\u2019une presse \u00e0 pneus ?<\/h2>   <div class=\"wp-block-image\"> <figure class=\"aligncenter size-full\"><img loading=\"lazy\" decoding=\"async\" width=\"720\" height=\"540\" src=\"https:\/\/shuliybaler.com\/wp-content\/uploads\/2023\/03\/waste-tire-management-1.webp\" alt=\"gestion des pneus usag\u00e9s\" class=\"wp-image-3177\" title=\"\" srcset=\"https:\/\/shuliybaler.com\/wp-content\/uploads\/2023\/03\/waste-tire-management-1.webp 720w, https:\/\/shuliybaler.com\/wp-content\/uploads\/2023\/03\/waste-tire-management-1-360x270.webp 360w, https:\/\/shuliybaler.com\/wp-content\/uploads\/2023\/03\/waste-tire-management-1-180x135.webp 180w\" sizes=\"auto, (max-width: 720px) 100vw, 720px\" \/><figcaption class=\"wp-element-caption\">gestion des pneus usag\u00e9s<\/figcaption><\/figure> <\/div>   <p>Une presse \u00e0 pneus est une machine polyvalente qui peut \u00eatre utilis\u00e9e dans diverses industries, notamment l'automobile, la construction et la gestion des d\u00e9chets. Dans l\u2019industrie automobile, les presses \u00e0 pneus sont utilis\u00e9es pour comprimer les pneus usag\u00e9s g\u00e9n\u00e9r\u00e9s par les fabricants de pneus et les ateliers de r\u00e9paration de pneus. Dans l\u2019industrie de la construction, ils sont utilis\u00e9s pour comprimer les pneus utilis\u00e9s dans les \u00e9quipements lourds, comme les chargeuses et les bulldozers. Dans l'industrie de la gestion des d\u00e9chets, les presses \u00e0 pneus sont utilis\u00e9es pour comprimer les pneus g\u00e9n\u00e9r\u00e9s par les installations municipales de gestion des d\u00e9chets.<\/p>    <h2 class=\"wp-block-heading\">La sortie de la machine de pressage de pneus usag\u00e9s<\/h2>    <figure class=\"wp-block-gallery has-nested-images columns-default is-cropped wp-block-gallery-3 is-layout-flex wp-block-gallery-is-layout-flex\"> <figure class=\"wp-block-image size-large\"><img loading=\"lazy\" decoding=\"async\" width=\"720\" height=\"540\" data-id=\"3178\" src=\"https:\/\/shuliybaler.com\/wp-content\/uploads\/2023\/03\/waste-tire-pressing-machine.webp\" alt=\"machine de pressage de pneus usag\u00e9s\" class=\"wp-image-3178\" title=\"\" srcset=\"https:\/\/shuliybaler.com\/wp-content\/uploads\/2023\/03\/waste-tire-pressing-machine.webp 720w, https:\/\/shuliybaler.com\/wp-content\/uploads\/2023\/03\/waste-tire-pressing-machine-360x270.webp 360w, https:\/\/shuliybaler.com\/wp-content\/uploads\/2023\/03\/waste-tire-pressing-machine-180x135.webp 180w\" sizes=\"auto, (max-width: 720px) 100vw, 720px\" \/><figcaption class=\"wp-element-caption\">Machine de pressage de pneus usag\u00e9s<\/figcaption><\/figure>    <figure class=\"wp-block-image size-large\"><img loading=\"lazy\" decoding=\"async\" width=\"720\" height=\"540\" data-id=\"3179\" src=\"https:\/\/shuliybaler.com\/wp-content\/uploads\/2023\/03\/waste-tire-pressing-machine-1.webp\" alt=\"machine de pressage de pneus usag\u00e9s\" class=\"wp-image-3179\" title=\"\" srcset=\"https:\/\/shuliybaler.com\/wp-content\/uploads\/2023\/03\/waste-tire-pressing-machine-1.webp 720w, https:\/\/shuliybaler.com\/wp-content\/uploads\/2023\/03\/waste-tire-pressing-machine-1-360x270.webp 360w, https:\/\/shuliybaler.com\/wp-content\/uploads\/2023\/03\/waste-tire-pressing-machine-1-180x135.webp 180w\" sizes=\"auto, (max-width: 720px) 100vw, 720px\" \/><figcaption class=\"wp-element-caption\">Machine de pressage de pneus usag\u00e9s<\/figcaption><\/figure>    <figure class=\"wp-block-image size-large\"><img loading=\"lazy\" decoding=\"async\" width=\"720\" height=\"540\" data-id=\"3180\" src=\"https:\/\/shuliybaler.com\/wp-content\/uploads\/2023\/03\/waste-tire-pressing-machine-2.webp\" alt=\"machine de pressage de pneus usag\u00e9s\" class=\"wp-image-3180\" title=\"\" srcset=\"https:\/\/shuliybaler.com\/wp-content\/uploads\/2023\/03\/waste-tire-pressing-machine-2.webp 720w, https:\/\/shuliybaler.com\/wp-content\/uploads\/2023\/03\/waste-tire-pressing-machine-2-360x270.webp 360w, https:\/\/shuliybaler.com\/wp-content\/uploads\/2023\/03\/waste-tire-pressing-machine-2-180x135.webp 180w\" sizes=\"auto, (max-width: 720px) 100vw, 720px\" \/><figcaption class=\"wp-element-caption\">Machine de pressage de pneus usag\u00e9s<\/figcaption><\/figure> <\/figure>    <p>Il existe diff\u00e9rents types de presses \u00e0 pneus, allant des petites machines portables aux grandes machines industrielles. La taille de la machine d\u00e9pend du volume de pneus \u00e0 comprimer et de l'espace disponible pour l'\u00e9quipement. Les plus petites presses \u00e0 pneus peuvent comprimer jusqu'\u00e0 quatre pneus de voiture de tourisme \u00e0 la fois, tandis que la plus grande peut comprimer jusqu'\u00e0 100 pneus de camion en un seul cycle.<\/p>    <h2 class=\"wp-block-heading\">Plusieurs fa\u00e7ons de gaspiller la gestion des pneus<\/h2>    <figure class=\"wp-block-gallery has-nested-images columns-default is-cropped wp-block-gallery-4 is-layout-flex wp-block-gallery-is-layout-flex\"> <figure class=\"wp-block-image size-large\"><img loading=\"lazy\" decoding=\"async\" width=\"750\" height=\"750\" data-id=\"3175\" src=\"https:\/\/shuliybaler.com\/wp-content\/uploads\/2023\/03\/tyre-crushing-machine.webp\" alt=\"machine de concassage de pneus\" class=\"wp-image-3175\" title=\"\" srcset=\"https:\/\/shuliybaler.com\/wp-content\/uploads\/2023\/03\/tyre-crushing-machine.webp 750w, https:\/\/shuliybaler.com\/wp-content\/uploads\/2023\/03\/tyre-crushing-machine-270x270.webp 270w, https:\/\/shuliybaler.com\/wp-content\/uploads\/2023\/03\/tyre-crushing-machine-540x540.webp 540w\" sizes=\"auto, (max-width: 750px) 100vw, 750px\" \/><figcaption class=\"wp-element-caption\">Machine de concassage de pneus<\/figcaption><\/figure>    <figure class=\"wp-block-image size-large\"><img loading=\"lazy\" decoding=\"async\" width=\"750\" height=\"750\" data-id=\"3176\" src=\"https:\/\/shuliybaler.com\/wp-content\/uploads\/2023\/03\/tire-shredder-machine.webp\" alt=\"machine de d\u00e9chiquetage de pneus\" class=\"wp-image-3176\" title=\"\" srcset=\"https:\/\/shuliybaler.com\/wp-content\/uploads\/2023\/03\/tire-shredder-machine.webp 750w, https:\/\/shuliybaler.com\/wp-content\/uploads\/2023\/03\/tire-shredder-machine-270x270.webp 270w, https:\/\/shuliybaler.com\/wp-content\/uploads\/2023\/03\/tire-shredder-machine-540x540.webp 540w\" sizes=\"auto, (max-width: 750px) 100vw, 750px\" \/><figcaption class=\"wp-element-caption\">Machine de d\u00e9chiquetage de pneus<\/figcaption><\/figure> <\/figure>    <p class=\"translation-block\">En plus des presses \u00e0 balles de pneus, d'autres machines peuvent \u00eatre utilis\u00e9es conjointement pour g\u00e9rer efficacement les d\u00e9chets de pneus. Les <a href=\"https:\/\/shuliybaler.com\/fr\/product\/broyeur-de-ferraille\/\" data-type=\"URL\" data-id=\"https:\/\/shuliybaler.com\/product\/scrap-metal-shredder-machine\/\">d\u00e9chiqueteuses de pneus<\/a>, par exemple, sont utilis\u00e9es pour d\u00e9composer les pneus en petits morceaux qui peuvent \u00eatre introduits dans la presse \u00e0 balles de pneus pour \u00eatre compress\u00e9s. Les machines de pyrolyse de pneus peuvent \u00eatre utilis\u00e9es pour convertir les pneus usag\u00e9s en sous-produits pr\u00e9cieux tels que l'huile et le noir de carbone.<\/p>    <h2 class=\"wp-block-heading\">Les presses \u00e0 pneus sont une solution efficace pour la gestion des pneus usag\u00e9s<\/h2>    <p>En conclusion, les presses \u00e0 pneus constituent une solution viable pour la gestion des pneus usag\u00e9s, offrant des avantages significatifs pour l'environnement, la s\u00e9curit\u00e9 sur le lieu de travail et l'efficacit\u00e9 op\u00e9rationnelle. En comprimant les pneus usag\u00e9s en balles, les presses \u00e0 pneus r\u00e9duisent le volume des pneus, ce qui rend leur transport et leur stockage plus faciles et plus rentables. Avec la demande croissante de pratiques de gestion durable des d\u00e9chets, les presses \u00e0 pneus offrent une solution prometteuse au probl\u00e8me des d\u00e9chets de pneus.<\/p>","protected":false},"excerpt":{"rendered":"<p>Les pneus usag\u00e9s sont l\u2019un des mat\u00e9riaux les plus difficiles \u00e0 \u00e9liminer en raison de leur volume important et de leur durabilit\u00e9. Avec plus d\u2019un milliard de pneus jet\u00e9s chaque ann\u00e9e dans le monde, il est essentiel de trouver une solution durable pour la gestion des d\u00e9chets de pneus. Une solution innovante \u00e0 ce probl\u00e8me est la presse \u00e0 pneus.<\/p>","protected":false},"author":1,"featured_media":3171,"parent":0,"template":"","tags":[67],"product-type":[48],"class_list":["post-3170","product","type-product","status-publish","has-post-thumbnail","hentry","tag-waste-tire-management","product-type-solution"],"_links":{"self":[{"href":"https:\/\/shuliybaler.com\/fr\/wp-json\/wp\/v2\/product\/3170","targetHints":{"allow":["GET"]}}],"collection":[{"href":"https:\/\/shuliybaler.com\/fr\/wp-json\/wp\/v2\/product"}],"about":[{"href":"https:\/\/shuliybaler.com\/fr\/wp-json\/wp\/v2\/types\/product"}],"author":[{"embeddable":true,"href":"https:\/\/shuliybaler.com\/fr\/wp-json\/wp\/v2\/users\/1"}],"wp:featuredmedia":[{"embeddable":true,"href":"https:\/\/shuliybaler.com\/fr\/wp-json\/wp\/v2\/media\/3171"}],"wp:attachment":[{"href":"https:\/\/shuliybaler.com\/fr\/wp-json\/wp\/v2\/media?parent=3170"}],"wp:term":[{"taxonomy":"post_tag","embeddable":true,"href":"https:\/\/shuliybaler.com\/fr\/wp-json\/wp\/v2\/tags?post=3170"},{"taxonomy":"product-type","embeddable":true,"href":"https:\/\/shuliybaler.com\/fr\/wp-json\/wp\/v2\/product-type?post=3170"}],"curies":[{"name":"wp","href":"https:\/\/api.w.org\/{rel}","templated":true}]}}