{"id":3407,"date":"2025-12-31T14:50:32","date_gmt":"2025-12-31T06:50:32","guid":{"rendered":"https:\/\/shuliybaler.com\/?post_type=product&#038;p=3407"},"modified":"2026-01-04T17:52:20","modified_gmt":"2026-01-04T09:52:20","slug":"ball-mill-grinder-for-metal-polishing","status":"publish","type":"product","link":"https:\/\/shuliybaler.com\/fr\/product\/ball-mill-grinder-for-metal-polishing\/","title":{"rendered":"Broyeur \u00e0 boulets pour la surface m\u00e9tallique, d\u00e9soxydation et polissage"},"content":{"rendered":"<p class=\"translation-block\">Un <strong>broyeur \u00e0 boulets<\/strong> est une machine de broyage et de polissage industrielle en tambour con\u00e7ue pour un traitement efficace de finition de surface des composants m\u00e9talliques et non m\u00e9talliques. Il est largement utilis\u00e9 pour le d\u00e9bosselage, la d\u00e9soxydation, le biseautage et le polissage brillant, notamment pour les pi\u00e8ces facilement d\u00e9formables.<\/p>    <p>Shuli Machinery&#8217;s ball mills feature a robust mechanical structure, stable operation, and high grinding efficiency, making them an ideal solution for processing medium to large workpieces in industries such as metal recycling, machining, and surface treatment.<\/p>    <figure class=\"wp-block-embed aligncenter is-type-video is-provider-youtube wp-block-embed-youtube wp-embed-aspect-16-9 wp-has-aspect-ratio\"><div class=\"wp-block-embed__wrapper\"> <iframe loading=\"lazy\" title=\"Heavy-Duty Dry Ball Mill for Metal &amp; Aluminum Scrap Contact:+8617703863868\" width=\"500\" height=\"281\" src=\"https:\/\/www.youtube.com\/embed\/knRo2Nmixj4?feature=oembed\" frameborder=\"0\" allow=\"accelerometer; autoplay; clipboard-write; encrypted-media; gyroscope; picture-in-picture; web-share\" referrerpolicy=\"strict-origin-when-cross-origin\" allowfullscreen><\/iframe> <\/div><figcaption class=\"wp-element-caption\">vid\u00e9o de fonctionnement du broyeur \u00e0 billes<\/figcaption><\/figure>    <h2 class=\"wp-block-heading\"><strong>Qu'est-ce qu'une machine de broyage \u00e0 billes ?<\/strong><\/h2>    <p>Les broyeurs \u00e0 boulets secs sont principalement utilis\u00e9s pour le polissage et la d\u00e9soxydation de mat\u00e9riaux en m\u00e9tal et en aluminium avec un diam\u00e8tre inf\u00e9rieur \u00e0 400 mm. Le moteur \u00e9lectrique entra\u00eene un r\u00e9ducteur, faisant tourner le tambour cylindrique, tandis que le mat\u00e9riau et le minerai sont aliment\u00e9s dans le tambour via un convoyeur.<\/p>    <p>Le principe de fonctionnement d'un broyeur \u00e0 boulets est de faire tourner un tambour cylindrique rempli de m\u00e9dias de broyage (tels que sable min\u00e9ral ou billes d'acier). Lorsque le tambour tourne, les mat\u00e9riaux \u00e0 l'int\u00e9rieur sont continuellement secou\u00e9s, lanc\u00e9s, frott\u00e9s et m\u00e9lang\u00e9s, \u00e9liminant efficacement l'huile de surface, la rouille et les bavures.<\/p>    <p>Les pi\u00e8ces trait\u00e9es conservent non seulement leur forme et leur pr\u00e9cision dimensionnelle d'origine, mais elles obtiennent \u00e9galement une surface plus lisse, plus brillante et plus propre. La rugosit\u00e9 de surface du produit final est am\u00e9lior\u00e9e de 1 \u00e0 2 grades. Par cons\u00e9quent, les broyeurs \u00e0 boulets sont particuli\u00e8rement adapt\u00e9s pour la finition de surface de pi\u00e8ces facilement d\u00e9formables.<\/p>   <div class=\"wp-block-image\"> <figure class=\"aligncenter size-full\"><img loading=\"lazy\" decoding=\"async\" width=\"720\" height=\"540\" src=\"https:\/\/shuliybaler.com\/wp-content\/uploads\/2025\/12\/horizontal-dry-ball-mill.webp\" alt=\"Broyeur \u00e0 boulets sec horizontal\" class=\"wp-image-3419\" title=\"\" srcset=\"https:\/\/shuliybaler.com\/wp-content\/uploads\/2025\/12\/horizontal-dry-ball-mill.webp 720w, https:\/\/shuliybaler.com\/wp-content\/uploads\/2025\/12\/horizontal-dry-ball-mill-360x270.webp 360w, https:\/\/shuliybaler.com\/wp-content\/uploads\/2025\/12\/horizontal-dry-ball-mill-180x135.webp 180w, https:\/\/shuliybaler.com\/wp-content\/uploads\/2025\/12\/horizontal-dry-ball-mill-16x12.webp 16w\" sizes=\"auto, (max-width: 720px) 100vw, 720px\" \/><figcaption class=\"wp-element-caption\">Broyeur \u00e0 boulets sec horizontal<\/figcaption><\/figure> <\/div>   <h2 class=\"wp-block-heading\"><strong>Principaux avantages du broyeur \u00e0 boulets Shuliy<\/strong><\/h2>    <ol class=\"wp-block-list\"> <li>L'engrenage \u00e0 ouverture des broyeurs \u00e0 boulets pour minerai de fer utilise un syst\u00e8me de transmission \u00e0 haute r\u00e9sistance et une structure moul\u00e9e int\u00e9gr\u00e9e, ce qui offre une stabilit\u00e9 globale accrue, une transmission plus pr\u00e9cise, une dur\u00e9e de vie plus longue et un fonctionnement plus fluide.<\/li>    <li>Nos broyeurs \u00e0 sec sont fabriqu\u00e9s avec des plaques d'acier \u00e9paisses, utilisant des techniques de soudage de haute technologie et des traitements de polissage de surface, offrant une excellente r\u00e9sistance \u00e0 l'usure et aux impacts, con\u00e7us pour une utilisation industrielle intensive.<\/li>    <li>Gr\u00e2ce \u00e0 des am\u00e9liorations, nous avons augment\u00e9 la capacit\u00e9 de la tr\u00e9mie pour \u00e9viter une d\u00e9charge in\u00e9gale et une surcharge, am\u00e9liorant ainsi consid\u00e9rablement l'efficacit\u00e9 globale de broyage et assurant un alimentage uniforme du mat\u00e9riau et des r\u00e9sultats de traitement constants.<\/li>    <li>In addition to strict manufacturing standards, we provide a comprehensive maintenance system and clear operating procedures after the customer purchases the machine, ensuring worry-free equipment delivery and operation, and earning customers&#8217; satisfaction and recognition.<\/li> <\/ol>    <figure class=\"wp-block-gallery has-nested-images columns-2 is-cropped wp-block-gallery-2 is-layout-flex wp-block-gallery-is-layout-flex\"> <figure class=\"wp-block-image size-large\"><img loading=\"lazy\" decoding=\"async\" width=\"720\" height=\"540\" data-id=\"3415\" src=\"https:\/\/shuliybaler.com\/wp-content\/uploads\/2025\/12\/Aperture-gear.webp\" alt=\"Engrenage \u00e0 ouverture\" class=\"wp-image-3415\" title=\"\" srcset=\"https:\/\/shuliybaler.com\/wp-content\/uploads\/2025\/12\/Aperture-gear.webp 720w, https:\/\/shuliybaler.com\/wp-content\/uploads\/2025\/12\/Aperture-gear-360x270.webp 360w, https:\/\/shuliybaler.com\/wp-content\/uploads\/2025\/12\/Aperture-gear-180x135.webp 180w, https:\/\/shuliybaler.com\/wp-content\/uploads\/2025\/12\/Aperture-gear-16x12.webp 16w\" sizes=\"auto, (max-width: 720px) 100vw, 720px\" \/><figcaption class=\"wp-element-caption\">Engrenage \u00e0 ouverture<\/figcaption><\/figure>    <figure class=\"wp-block-image size-large\"><img loading=\"lazy\" decoding=\"async\" width=\"720\" height=\"540\" data-id=\"3416\" src=\"https:\/\/shuliybaler.com\/wp-content\/uploads\/2025\/12\/Feeding-hopper.webp\" alt=\"Tr\u00e9mie d&#039;alimentation\" class=\"wp-image-3416\" title=\"\" srcset=\"https:\/\/shuliybaler.com\/wp-content\/uploads\/2025\/12\/Feeding-hopper.webp 720w, https:\/\/shuliybaler.com\/wp-content\/uploads\/2025\/12\/Feeding-hopper-360x270.webp 360w, https:\/\/shuliybaler.com\/wp-content\/uploads\/2025\/12\/Feeding-hopper-180x135.webp 180w, https:\/\/shuliybaler.com\/wp-content\/uploads\/2025\/12\/Feeding-hopper-16x12.webp 16w\" sizes=\"auto, (max-width: 720px) 100vw, 720px\" \/><figcaption class=\"wp-element-caption\">Tr\u00e9mie d'alimentation<\/figcaption><\/figure>    <figure class=\"wp-block-image size-large\"><img loading=\"lazy\" decoding=\"async\" width=\"720\" height=\"540\" data-id=\"3418\" src=\"https:\/\/shuliybaler.com\/wp-content\/uploads\/2025\/12\/seive-plate-of-dry-ball-mill.webp\" alt=\"seive plate of dry ball mill\" class=\"wp-image-3418\" title=\"\" srcset=\"https:\/\/shuliybaler.com\/wp-content\/uploads\/2025\/12\/seive-plate-of-dry-ball-mill.webp 720w, https:\/\/shuliybaler.com\/wp-content\/uploads\/2025\/12\/seive-plate-of-dry-ball-mill-360x270.webp 360w, https:\/\/shuliybaler.com\/wp-content\/uploads\/2025\/12\/seive-plate-of-dry-ball-mill-180x135.webp 180w, https:\/\/shuliybaler.com\/wp-content\/uploads\/2025\/12\/seive-plate-of-dry-ball-mill-16x12.webp 16w\" sizes=\"auto, (max-width: 720px) 100vw, 720px\" \/><figcaption class=\"wp-element-caption\">Plaque de tamis du broyeur \u00e0 boulets sec<\/figcaption><\/figure>    <figure class=\"wp-block-image size-large\"><img loading=\"lazy\" decoding=\"async\" width=\"720\" height=\"540\" data-id=\"3417\" src=\"https:\/\/shuliybaler.com\/wp-content\/uploads\/2025\/12\/metal-rust-remover-machine.webp\" alt=\"Machine de d\u00e9soxydation du m\u00e9tal\" class=\"wp-image-3417\" title=\"\" srcset=\"https:\/\/shuliybaler.com\/wp-content\/uploads\/2025\/12\/metal-rust-remover-machine.webp 720w, https:\/\/shuliybaler.com\/wp-content\/uploads\/2025\/12\/metal-rust-remover-machine-360x270.webp 360w, https:\/\/shuliybaler.com\/wp-content\/uploads\/2025\/12\/metal-rust-remover-machine-180x135.webp 180w, https:\/\/shuliybaler.com\/wp-content\/uploads\/2025\/12\/metal-rust-remover-machine-16x12.webp 16w\" sizes=\"auto, (max-width: 720px) 100vw, 720px\" \/><figcaption class=\"wp-element-caption\">Machine de d\u00e9soxydation du m\u00e9tal<\/figcaption><\/figure> <\/figure>    <h2 class=\"wp-block-heading\"><strong>Applications de la machine de d\u00e9soxydation du m\u00e9tal<\/strong><\/h2>    <p>Les broyeurs \u00e0 billes sont largement utilis\u00e9s dans diverses industries et peuvent traiter une large gamme de mat\u00e9riaux, y compris :<\/p>    <ol class=\"wp-block-list\"> <li>Pi\u00e8ces m\u00e9talliques et composants, fer fritt\u00e9 et m\u00e9taux trait\u00e9s thermiquement, ferraille m\u00e9tallique broy\u00e9e, ferraille d'aluminium huileuse ou rouill\u00e9e, etc.<\/li>    <li>Ils peuvent \u00e9galement traiter des m\u00e9taux non ferreux (cuivre, alliages d'aluminium, etc.) et des pi\u00e8ces non m\u00e9talliques n\u00e9cessitant un polissage de surface.<\/li> <\/ol>    <p>Ses caract\u00e9ristiques exceptionnelles le rendent particuli\u00e8rement adapt\u00e9 pour le traitement de pi\u00e8ces de taille moyenne \u00e0 grande n\u00e9cessitant une finition de surface de haute qualit\u00e9. <\/p>    <p>La plupart de nos clients l'utilisent pour le pr\u00e9traitement du recyclage des m\u00e9taux, le broyage et le polissage apr\u00e8s la fabrication de quincaillerie et de fixations, le pr\u00e9traitement de surface avant le rev\u00eatement ou l'\u00e9lectrod\u00e9position, etc.<\/p>    <h2 class=\"wp-block-heading\"><strong>Type de broyeur \u00e0 boulets industriel<\/strong><\/h2>    <p>Pour r\u00e9pondre \u00e0 divers besoins de traitement, Shuli propose une vari\u00e9t\u00e9 de mod\u00e8les de broyeurs \u00e0 boulets avec diff\u00e9rentes diam\u00e8tres, longueurs et capacit\u00e9s de production.<\/p>    <figure class=\"wp-block-table\"><table class=\"has-fixed-layout\"><tbody><tr><td>Diam\u00e8tre<\/td><td>Longueur<\/td><td>Sortir<\/td><td>Puissance du moteur<\/td><\/tr><tr><td>1,2x3m<\/td><td>5,5m<\/td><td>2t\/h<\/td><td>15kw<\/td><\/tr><tr><td>1,5x6m<\/td><td>8m<\/td><td>4t\/h<\/td><td>30kw<\/td><\/tr><tr><td>1,8x6m<\/td><td>9m<\/td><td>6t\/h <\/td><td>45kw<\/td><\/tr><\/tbody><\/table><figcaption class=\"wp-element-caption\">Param\u00e8tres simples du broyeur industriel \u00e0 boulets<\/figcaption><\/figure>    <p>Des mod\u00e8les adapt\u00e9s aux ateliers de petite et moyenne taille avec une capacit\u00e9 de production de 2 tonnes par heure, \u00e0 ceux pour la production industrielle \u00e0 grande \u00e9chelle avec une capacit\u00e9 de 6 tonnes par heure, les clients peuvent choisir le mod\u00e8le le plus adapt\u00e9 en fonction du type de mat\u00e9riau, de la charge de travail et de l'espace de l'usine.<\/p>    <p>Si vous n'\u00eates pas s\u00fbr du mod\u00e8le adapt\u00e9 \u00e0 votre application, nos ing\u00e9nieurs peuvent recommander ou personnaliser une solution en fonction de la taille de votre mat\u00e9riau, du degr\u00e9 de corrosion et de l'effet de traitement de surface souhait\u00e9. Contactez-nous si vous avez des questions concernant ce broyeur \u00e0 boulets !<\/p>   <div class=\"wp-block-image\"> <figure class=\"aligncenter size-full\"><img loading=\"lazy\" decoding=\"async\" width=\"720\" height=\"540\" src=\"https:\/\/shuliybaler.com\/wp-content\/uploads\/2025\/12\/Drum-type-dry-metal-grinding-mill.webp\" alt=\"Broyeur \u00e0 tambour pour m\u00e9tal sec\" class=\"wp-image-3420\" title=\"\" srcset=\"https:\/\/shuliybaler.com\/wp-content\/uploads\/2025\/12\/Drum-type-dry-metal-grinding-mill.webp 720w, https:\/\/shuliybaler.com\/wp-content\/uploads\/2025\/12\/Drum-type-dry-metal-grinding-mill-360x270.webp 360w, https:\/\/shuliybaler.com\/wp-content\/uploads\/2025\/12\/Drum-type-dry-metal-grinding-mill-180x135.webp 180w, https:\/\/shuliybaler.com\/wp-content\/uploads\/2025\/12\/Drum-type-dry-metal-grinding-mill-16x12.webp 16w\" sizes=\"auto, (max-width: 720px) 100vw, 720px\" \/><figcaption class=\"wp-element-caption\">Broyeur \u00e0 sec de type tambour pour m\u00e9tal<\/figcaption><\/figure> <\/div>   <h2 class=\"wp-block-heading\"><strong>Pourquoi choisir le broyeur \u00e0 boulets Shuliy ?<\/strong><\/h2>    <ul class=\"wp-block-list\"> <li>Shuliy est un fabricant professionnel avec 40 ans d'exp\u00e9rience dans l'industrie et plus d'une d\u00e9cennie dans le commerce international.<\/li>    <li>Nos machines sont con\u00e7ues de mani\u00e8re flexible et peuvent \u00eatre personnalis\u00e9es pour r\u00e9pondre \u00e0 diff\u00e9rents besoins.<\/li>    <li>Nous offrons des prix d'usine tr\u00e8s comp\u00e9titifs, une tarification transparente, un service apr\u00e8s-vente complet et un support technique total tout au long du processus.<\/li>    <li>Nous jouissons d'une excellente r\u00e9putation mondiale et d'un syst\u00e8me d'exportation et d'exp\u00e9dition bien \u00e9tabli, ce qui nous vaut la confiance des clients du monde entier.<\/li>    <li>Shuliy s'engage \u00e0 vous fournir des solutions de broyage pratiques, durables et \u00e9conomiques pour votre entreprise avec un service professionnel.<\/li> <\/ul>    <figure class=\"wp-block-gallery has-nested-images columns-default is-cropped wp-block-gallery-3 is-layout-flex wp-block-gallery-is-layout-flex\"> <figure class=\"wp-block-image size-large\"><img loading=\"lazy\" decoding=\"async\" width=\"720\" height=\"540\" data-id=\"3421\" src=\"https:\/\/shuliybaler.com\/wp-content\/uploads\/2025\/12\/ball-mill-grinding-machine-production-process.webp\" alt=\"Processus de production du broyeur \u00e0 boulets\" class=\"wp-image-3421\" title=\"\" srcset=\"https:\/\/shuliybaler.com\/wp-content\/uploads\/2025\/12\/ball-mill-grinding-machine-production-process.webp 720w, https:\/\/shuliybaler.com\/wp-content\/uploads\/2025\/12\/ball-mill-grinding-machine-production-process-360x270.webp 360w, https:\/\/shuliybaler.com\/wp-content\/uploads\/2025\/12\/ball-mill-grinding-machine-production-process-180x135.webp 180w, https:\/\/shuliybaler.com\/wp-content\/uploads\/2025\/12\/ball-mill-grinding-machine-production-process-16x12.webp 16w\" sizes=\"auto, (max-width: 720px) 100vw, 720px\" \/><figcaption class=\"wp-element-caption\">Processus de production du broyeur \u00e0 boulets<\/figcaption><\/figure>    <figure class=\"wp-block-image size-large\"><img loading=\"lazy\" decoding=\"async\" width=\"720\" height=\"540\" data-id=\"3422\" src=\"https:\/\/shuliybaler.com\/wp-content\/uploads\/2025\/12\/Shuliy-factory.webp\" alt=\"Usine Shuliy\" class=\"wp-image-3422\" title=\"\" srcset=\"https:\/\/shuliybaler.com\/wp-content\/uploads\/2025\/12\/Shuliy-factory.webp 720w, https:\/\/shuliybaler.com\/wp-content\/uploads\/2025\/12\/Shuliy-factory-360x270.webp 360w, https:\/\/shuliybaler.com\/wp-content\/uploads\/2025\/12\/Shuliy-factory-180x135.webp 180w, https:\/\/shuliybaler.com\/wp-content\/uploads\/2025\/12\/Shuliy-factory-16x12.webp 16w\" sizes=\"auto, (max-width: 720px) 100vw, 720px\" \/><figcaption class=\"wp-element-caption\">Usine Shuliy<\/figcaption><\/figure> <\/figure>    <p>Si vous recherchez des solutions fiables de recyclage de m\u00e9taux de qualit\u00e9 industrielle, contactez imm\u00e9diatement la soci\u00e9t\u00e9 Shuli pour obtenir des sp\u00e9cifications techniques d\u00e9taill\u00e9es, des solutions de broyeur \u00e0 boulets personnalis\u00e9es et une liste compl\u00e8te des prix.<\/p>    <p class=\"translation-block\">Cliquez pour voir d'autres produits les plus vendus : <a href=\"https:\/\/shuliybaler.com\/fr\/product\/broyeur-a-tambour-en-acier\/\">Broyeur \u00e0 tambour en acier<\/a>, <a href=\"https:\/\/shuliybaler.com\/fr\/product\/cisaille-crocodile\/\">Cisailles de d\u00e9coupe de m\u00e9taux scrap<\/a>.<\/p>    <p><\/p>","protected":false},"excerpt":{"rendered":"<p>The ball mill is designed for efficient metal surface treatment, deburring, rust removal, and polishing. It is particularly suitable for processing easily deformable workpieces, ensuring improved surface quality without damaging the original shape and dimensional accuracy of the workpiece.<\/p>","protected":false},"author":1,"featured_media":3414,"parent":0,"template":"","tags":[15],"product-type":[87],"class_list":["post-3407","product","type-product","status-publish","has-post-thumbnail","hentry","tag-metal","product-type-metal-recycling-machine"],"_links":{"self":[{"href":"https:\/\/shuliybaler.com\/fr\/wp-json\/wp\/v2\/product\/3407","targetHints":{"allow":["GET"]}}],"collection":[{"href":"https:\/\/shuliybaler.com\/fr\/wp-json\/wp\/v2\/product"}],"about":[{"href":"https:\/\/shuliybaler.com\/fr\/wp-json\/wp\/v2\/types\/product"}],"author":[{"embeddable":true,"href":"https:\/\/shuliybaler.com\/fr\/wp-json\/wp\/v2\/users\/1"}],"wp:featuredmedia":[{"embeddable":true,"href":"https:\/\/shuliybaler.com\/fr\/wp-json\/wp\/v2\/media\/3414"}],"wp:attachment":[{"href":"https:\/\/shuliybaler.com\/fr\/wp-json\/wp\/v2\/media?parent=3407"}],"wp:term":[{"taxonomy":"post_tag","embeddable":true,"href":"https:\/\/shuliybaler.com\/fr\/wp-json\/wp\/v2\/tags?post=3407"},{"taxonomy":"product-type","embeddable":true,"href":"https:\/\/shuliybaler.com\/fr\/wp-json\/wp\/v2\/product-type?post=3407"}],"curies":[{"name":"wp","href":"https:\/\/api.w.org\/{rel}","templated":true}]}}