{"id":3448,"date":"2026-01-07T15:24:23","date_gmt":"2026-01-07T07:24:23","guid":{"rendered":"https:\/\/shuliybaler.com\/?post_type=product&#038;p=3448"},"modified":"2026-01-07T16:48:43","modified_gmt":"2026-01-07T08:48:43","slug":"metal-crusher-machine-metal-recycling","status":"publish","type":"product","link":"https:\/\/shuliybaler.com\/fr\/product\/metal-crusher-machine-metal-recycling\/","title":{"rendered":"Machine de broyage de m\u00e9tal pour un recyclage efficace des d\u00e9chets m\u00e9talliques"},"content":{"rendered":"<p class=\"translation-block\">La <strong>machine de broyage de m\u00e9tal<\/strong> est un dispositif de recyclage industriel utilis\u00e9 pour d\u00e9chiqueter, broyer, et r\u00e9duire la taille de mat\u00e9riaux m\u00e9talliques tels que les canettes en aluminium et les pi\u00e8ces de v\u00e9hicules abandonn\u00e9s, en les transformant en particules uniformes et faciles \u00e0 g\u00e9rer.<\/p>    <p>Selon l'application et les mat\u00e9riaux trait\u00e9s, il peut \u00e9galement \u00eatre configur\u00e9 comme partie d'une ligne de production de broyage de m\u00e9tal compl\u00e8te, aidant efficacement les entreprises \u00e0 am\u00e9liorer leur efficacit\u00e9 de recyclage et \u00e0 r\u00e9duire les co\u00fbts de transport et de stockage.<\/p>   <div class=\"wp-block-image\"> <figure class=\"aligncenter size-full\"><img loading=\"lazy\" decoding=\"async\" width=\"720\" height=\"540\" src=\"https:\/\/shuliybaler.com\/wp-content\/uploads\/2026\/01\/Shuliy-scrap-can-crusher-machine-installation-site.webp\" alt=\"Site d&#039;installation de la machine de broyage de d\u00e9chets Shuliy\" class=\"wp-image-3471\" title=\"\" srcset=\"https:\/\/shuliybaler.com\/wp-content\/uploads\/2026\/01\/Shuliy-scrap-can-crusher-machine-installation-site.webp 720w, https:\/\/shuliybaler.com\/wp-content\/uploads\/2026\/01\/Shuliy-scrap-can-crusher-machine-installation-site-360x270.webp 360w, https:\/\/shuliybaler.com\/wp-content\/uploads\/2026\/01\/Shuliy-scrap-can-crusher-machine-installation-site-180x135.webp 180w, https:\/\/shuliybaler.com\/wp-content\/uploads\/2026\/01\/Shuliy-scrap-can-crusher-machine-installation-site-16x12.webp 16w\" sizes=\"auto, (max-width: 720px) 100vw, 720px\" \/><figcaption class=\"wp-element-caption\">Site d'installation de la machine de broyage de d\u00e9chets Shuliy<\/figcaption><\/figure> <\/div>   <h2 class=\"wp-block-heading\"><strong>Comment fonctionne un broyeur de m\u00e9tal ?<\/strong><\/h2>    <p>Pendant le fonctionnement, le broyeur de m\u00e9tal contient des marteaux et des lames \u00e0 haute vitesse qui d\u00e9chirent, broient, et d\u00e9forment divers d\u00e9chets m\u00e9talliques en morceaux plus petits.<\/p>    <p>Pour contr\u00f4ler la taille du produit fini, une grille est install\u00e9e sous la chambre de broyage, ne laissant passer que les fragments m\u00e9talliques plus petits que la taille de la grille. La taille de la grille peut \u00eatre ajust\u00e9e selon les besoins de traitement, g\u00e9n\u00e9ralement de 3 \u00e0 10 cm.<\/p>    <p>Cet \u00e9quipement convient \u00e0 une installation fixe et \u00e0 un traitement centralis\u00e9, et est g\u00e9n\u00e9ralement int\u00e9gr\u00e9 dans une ligne de production compl\u00e8te pour assurer un fonctionnement stable et un rendement \u00e9lev\u00e9 dans les op\u00e9rations de recyclage de grande \u00e9chelle.<\/p>    <figure class=\"wp-block-embed aligncenter is-type-video is-provider-youtube wp-block-embed-youtube wp-embed-aspect-16-9 wp-has-aspect-ratio\"><div class=\"wp-block-embed__wrapper\"> <iframe loading=\"lazy\" title=\"Machine de broyage de d\u00e9chets m\u00e9talliques pour recyclage de rebut | Essai en usine Contact : 8617703863868\" width=\"500\" height=\"281\" src=\"https:\/\/www.youtube.com\/embed\/TE5EZJ6OvB8?feature=oembed\" frameborder=\"0\" allow=\"accelerometer; autoplay; clipboard-write; encrypted-media; gyroscope; picture-in-picture; web-share\" referrerpolicy=\"strict-origin-when-cross-origin\" allowfullscreen><\/iframe> <\/div><figcaption class=\"wp-element-caption\">Vid\u00e9o de fonctionnement de la machine de broyage de m\u00e9tal<\/figcaption><\/figure>    <h2 class=\"wp-block-heading\"><strong>Principales caract\u00e9ristiques de notre machine de broyage de m\u00e9tal<\/strong><\/h2>    <ul class=\"wp-block-list\"> <li>Ce broyeur de m\u00e9tal poss\u00e8de un rotor robuste en <strong>en acier moul\u00e9 renforc\u00e9<\/strong>, consid\u00e9rablement <strong>renforcement de la r\u00e9sistance radiale<\/strong>. Con\u00e7u sp\u00e9cifiquement pour un fonctionnement continu sous de fortes charges, garantissant une performance fiable m\u00eame lors du broyage de mat\u00e9riaux m\u00e9talliques \u00e9pais ou \u00e0 haute densit\u00e9.<\/li>    <li>\u00c9quip\u00e9e de marteaux et de grilles en <strong>fonte en acier alli\u00e9<\/strong>, offrant une excellente <strong>r\u00e9sistance \u00e0 l'usure et aux impacts<\/strong>. La \u00e9paisseur et le nombre de lames peuvent \u00eatre personnalis\u00e9s selon diff\u00e9rents mat\u00e9riaux m\u00e9talliques, s'adaptant ainsi \u00e0 divers besoins de recyclage.<\/li>    <li>La machine de broyage de m\u00e9tal supporte <strong>fonctionnement enti\u00e8rement automatis\u00e9<\/strong>, permettant une automatisation compl\u00e8te des processus d'alimentation et de broyage avec des bandes transporteuses. Il facilite \u00e9galement l'int\u00e9gration de la machine dans une ligne de production de broyage de m\u00e9tal compl\u00e8te.<\/li>    <li>Le broyeur de canettes en m\u00e9tal Shuliy est \u00e9quip\u00e9 d'un moteur \u00e0 noyau en cuivre, garantissant une consommation d'\u00e9nergie r\u00e9duite <strong>moteur \u00e0 noyau en cuivre, assurant une consommation d'\u00e9nergie inf\u00e9rieure<\/strong>, une dur\u00e9e de vie plus longue, et une efficacit\u00e9 op\u00e9rationnelle accrue. Cela garantit une capacit\u00e9 de broyage efficace tout en r\u00e9duisant les co\u00fbts d'exploitation \u00e0 long terme.<\/li>    <li>Le corps de toute la machine est fabriqu\u00e9 en <strong>Plaques en acier ultra-\u00e9pais, avec des techniques de soudage et de polissage de haute technologie<\/strong> qui assurent une structure robuste et durable. <\/li>    <li>De plus, la machine est \u00e9quip\u00e9e de <strong>syst\u00e8mes de protection contre la surcharge du moteur et de verrouillage de s\u00e9curit\u00e9<\/strong>, prot\u00e9geant efficacement la s\u00e9curit\u00e9 des op\u00e9rateurs et de l'\u00e9quipement.<\/li> <\/ul>    <figure class=\"wp-block-gallery has-nested-images columns-2 is-cropped wp-block-gallery-2 is-layout-flex wp-block-gallery-is-layout-flex\"> <figure class=\"wp-block-image size-large\"><img loading=\"lazy\" decoding=\"async\" width=\"720\" height=\"540\" data-id=\"3465\" src=\"https:\/\/shuliybaler.com\/wp-content\/uploads\/2026\/01\/heavy-duty-rotor-design.webp\" alt=\"Marteau r\u00e9sistant \u00e0 l&#039;usure\" class=\"wp-image-3465\" title=\"\" srcset=\"https:\/\/shuliybaler.com\/wp-content\/uploads\/2026\/01\/heavy-duty-rotor-design.webp 720w, https:\/\/shuliybaler.com\/wp-content\/uploads\/2026\/01\/heavy-duty-rotor-design-360x270.webp 360w, https:\/\/shuliybaler.com\/wp-content\/uploads\/2026\/01\/heavy-duty-rotor-design-180x135.webp 180w, https:\/\/shuliybaler.com\/wp-content\/uploads\/2026\/01\/heavy-duty-rotor-design-16x12.webp 16w\" sizes=\"auto, (max-width: 720px) 100vw, 720px\" \/><figcaption class=\"wp-element-caption\">Conception de rotor robuste<\/figcaption><\/figure>    <figure class=\"wp-block-image size-large\"><img loading=\"lazy\" decoding=\"async\" width=\"720\" height=\"540\" data-id=\"3466\" src=\"https:\/\/shuliybaler.com\/wp-content\/uploads\/2026\/01\/Wear-resistant-hammer.webp\" alt=\"retour des clients\" class=\"wp-image-3466\" title=\"\" srcset=\"https:\/\/shuliybaler.com\/wp-content\/uploads\/2026\/01\/Wear-resistant-hammer.webp 720w, https:\/\/shuliybaler.com\/wp-content\/uploads\/2026\/01\/Wear-resistant-hammer-360x270.webp 360w, https:\/\/shuliybaler.com\/wp-content\/uploads\/2026\/01\/Wear-resistant-hammer-180x135.webp 180w, https:\/\/shuliybaler.com\/wp-content\/uploads\/2026\/01\/Wear-resistant-hammer-16x12.webp 16w\" sizes=\"auto, (max-width: 720px) 100vw, 720px\" \/><figcaption class=\"wp-element-caption\">Marteau r\u00e9sistant \u00e0 l'usure<\/figcaption><\/figure>    <figure class=\"wp-block-image size-large\"><img loading=\"lazy\" decoding=\"async\" width=\"720\" height=\"540\" data-id=\"3463\" src=\"https:\/\/shuliybaler.com\/wp-content\/uploads\/2026\/01\/copper-core-motor.webp\" alt=\"copper core motor\" class=\"wp-image-3463\" title=\"\" srcset=\"https:\/\/shuliybaler.com\/wp-content\/uploads\/2026\/01\/copper-core-motor.webp 720w, https:\/\/shuliybaler.com\/wp-content\/uploads\/2026\/01\/copper-core-motor-360x270.webp 360w, https:\/\/shuliybaler.com\/wp-content\/uploads\/2026\/01\/copper-core-motor-180x135.webp 180w, https:\/\/shuliybaler.com\/wp-content\/uploads\/2026\/01\/copper-core-motor-16x12.webp 16w\" sizes=\"auto, (max-width: 720px) 100vw, 720px\" \/><figcaption class=\"wp-element-caption\">Moteur \u00e0 noyau en cuivre<\/figcaption><\/figure>    <figure class=\"wp-block-image size-large\"><img loading=\"lazy\" decoding=\"async\" width=\"720\" height=\"540\" data-id=\"3464\" src=\"https:\/\/shuliybaler.com\/wp-content\/uploads\/2026\/01\/extra-thick-steel-plates.webp\" alt=\"extra-thick steel plates\" class=\"wp-image-3464\" title=\"\" srcset=\"https:\/\/shuliybaler.com\/wp-content\/uploads\/2026\/01\/extra-thick-steel-plates.webp 720w, https:\/\/shuliybaler.com\/wp-content\/uploads\/2026\/01\/extra-thick-steel-plates-360x270.webp 360w, https:\/\/shuliybaler.com\/wp-content\/uploads\/2026\/01\/extra-thick-steel-plates-180x135.webp 180w, https:\/\/shuliybaler.com\/wp-content\/uploads\/2026\/01\/extra-thick-steel-plates-16x12.webp 16w\" sizes=\"auto, (max-width: 720px) 100vw, 720px\" \/><figcaption class=\"wp-element-caption\">Plaques en acier ultra-\u00e9pais<\/figcaption><\/figure> <\/figure>    <h2 class=\"wp-block-heading\"><strong>Param\u00e8tres techniques de la machine de broyage de m\u00e9tal<\/strong><\/h2>    <figure class=\"wp-block-table\"><table><tbody><tr><td>Mod\u00e8le<\/td><td class=\"has-text-align-center\" data-align=\"center\">Pouvoir<\/td><td class=\"has-text-align-center\" data-align=\"center\">Vitesse<\/td><td class=\"has-text-align-center\" data-align=\"center\">Capacit\u00e9<\/td><td class=\"has-text-align-center\" data-align=\"center\">Dimensions<\/td><\/tr><tr><td>BDL-600<\/td><td class=\"has-text-align-center\" data-align=\"center\">18.5\u201322 kW<\/td><td class=\"has-text-align-center\" data-align=\"center\">860 r\/min<\/td><td class=\"has-text-align-center\" data-align=\"center\">600\u2013800 kg\/h<\/td><td class=\"has-text-align-center\" data-align=\"center\">2000\u00d71200\u00d71900 mm<\/td><\/tr><tr><td>BDL-800<\/td><td class=\"has-text-align-center\" data-align=\"center\">30\u201337 kW<\/td><td class=\"has-text-align-center\" data-align=\"center\">860 r\/min<\/td><td class=\"has-text-align-center\" data-align=\"center\">800\u20131000 kg\/h<\/td><td class=\"has-text-align-center\" data-align=\"center\">2200\u00d71500\u00d72200 mm<\/td><\/tr><tr><td>BDL-1000<\/td><td class=\"has-text-align-center\" data-align=\"center\">55\u201375 kW<\/td><td class=\"has-text-align-center\" data-align=\"center\">860 r\/min<\/td><td class=\"has-text-align-center\" data-align=\"center\">2500\u20133500 kg\/h<\/td><td class=\"has-text-align-center\" data-align=\"center\">2800\u00d71900\u00d73100 mm<\/td><\/tr><tr><td>BDL-1300<\/td><td class=\"has-text-align-center\" data-align=\"center\">90\u2013110 kW<\/td><td class=\"has-text-align-center\" data-align=\"center\">750 r\/min<\/td><td class=\"has-text-align-center\" data-align=\"center\">3500\u20135000 kg\/h<\/td><td class=\"has-text-align-center\" data-align=\"center\">3500\u00d72100\u00d73800 mm<\/td><\/tr><tr><td>BDL-1600<\/td><td class=\"has-text-align-center\" data-align=\"center\">110\u00d72 kW<\/td><td class=\"has-text-align-center\" data-align=\"center\">750 r\/min<\/td><td class=\"has-text-align-center\" data-align=\"center\">4000\u20138000 kg\/h<\/td><td class=\"has-text-align-center\" data-align=\"center\">4400\u00d72500\u00d74200 mm<\/td><\/tr><tr><td>BDL-1800<\/td><td class=\"has-text-align-center\" data-align=\"center\">160\u00d72 kW<\/td><td class=\"has-text-align-center\" data-align=\"center\">650 r\/min<\/td><td class=\"has-text-align-center\" data-align=\"center\">8000\u201312000 kg\/h<\/td><td class=\"has-text-align-center\" data-align=\"center\">4700\u00d72900\u00d74500 mm<\/td><\/tr><tr><td>BDL-2000<\/td><td class=\"has-text-align-center\" data-align=\"center\">220\u00d72 kW<\/td><td class=\"has-text-align-center\" data-align=\"center\">650 r\/min<\/td><td class=\"has-text-align-center\" data-align=\"center\">10000\u201318000 kg\/h<\/td><td class=\"has-text-align-center\" data-align=\"center\">5000\u00d73200\u00d74600 mm<\/td><\/tr><\/tbody><\/table><figcaption class=\"wp-element-caption\">param\u00e8tres de la machine de broyage de m\u00e9tal<\/figcaption><\/figure>    <p>Le choix du mod\u00e8le de machine appropri\u00e9 n\u00e9cessite de prendre en compte des facteurs tels que la taille du mat\u00e9riau, l'\u00e9paisseur, et la production quotidienne requise. Si la machine doit \u00eatre int\u00e9gr\u00e9e dans une ligne de production, le taux de broyage et la vitesse globale de la ligne de production doivent \u00e9galement \u00eatre pris en compte pour une int\u00e9gration correcte.<\/p>    <p>Les commerciaux de Shuliy peuvent vous recommander en fonction de vos besoins sp\u00e9cifiques. Si vous avez des exigences de personnalisation suppl\u00e9mentaires (couleur, structure, etc.), veuillez nous contacter pour recevoir un devis gratuit et un service personnalis\u00e9.<\/p>    <figure class=\"wp-block-gallery has-nested-images columns-default is-cropped wp-block-gallery-3 is-layout-flex wp-block-gallery-is-layout-flex\"> <figure class=\"wp-block-image size-large\"><img loading=\"lazy\" decoding=\"async\" width=\"720\" height=\"540\" data-id=\"3467\" src=\"https:\/\/shuliybaler.com\/wp-content\/uploads\/2026\/01\/blue-metal-scrap-crusher.webp\" alt=\"Broyeur blanc pour m\u00e9tal\" class=\"wp-image-3467\" title=\"\" srcset=\"https:\/\/shuliybaler.com\/wp-content\/uploads\/2026\/01\/blue-metal-scrap-crusher.webp 720w, https:\/\/shuliybaler.com\/wp-content\/uploads\/2026\/01\/blue-metal-scrap-crusher-360x270.webp 360w, https:\/\/shuliybaler.com\/wp-content\/uploads\/2026\/01\/blue-metal-scrap-crusher-180x135.webp 180w, https:\/\/shuliybaler.com\/wp-content\/uploads\/2026\/01\/blue-metal-scrap-crusher-16x12.webp 16w\" sizes=\"auto, (max-width: 720px) 100vw, 720px\" \/><figcaption class=\"wp-element-caption\">Broyeur de d\u00e9chets m\u00e9talliques bleus<\/figcaption><\/figure>    <figure class=\"wp-block-image size-large\"><img loading=\"lazy\" decoding=\"async\" width=\"720\" height=\"540\" data-id=\"3468\" src=\"https:\/\/shuliybaler.com\/wp-content\/uploads\/2026\/01\/white-crusher-for-metal.webp\" alt=\"Conception de rotor lourd\" class=\"wp-image-3468\" title=\"\" srcset=\"https:\/\/shuliybaler.com\/wp-content\/uploads\/2026\/01\/white-crusher-for-metal.webp 720w, https:\/\/shuliybaler.com\/wp-content\/uploads\/2026\/01\/white-crusher-for-metal-360x270.webp 360w, https:\/\/shuliybaler.com\/wp-content\/uploads\/2026\/01\/white-crusher-for-metal-180x135.webp 180w, https:\/\/shuliybaler.com\/wp-content\/uploads\/2026\/01\/white-crusher-for-metal-16x12.webp 16w\" sizes=\"auto, (max-width: 720px) 100vw, 720px\" \/><figcaption class=\"wp-element-caption\">Broyeur blanc pour m\u00e9tal<\/figcaption><\/figure> <\/figure>    <h2 class=\"wp-block-heading\"><strong>Quels types de mat\u00e9riaux recyclables peuvent \u00eatre trait\u00e9s par ce broyeur ?<\/strong><\/h2>    <p>Les machines de broyage de m\u00e9tal Shuliy conviennent au traitement de divers types de d\u00e9chets m\u00e9talliques, y compris :<\/p>    <ul class=\"wp-block-list\"> <li>Caisse de carrosserie aplatie et pi\u00e8ces de voiture d\u00e9mont\u00e9es<\/li>    <li>Mat\u00e9riaux l\u00e9gers avec une densit\u00e9 \u22641 T\/m\u00b3 apr\u00e8s cisaillement ou ballottage<\/li>    <li>Anciennes machines \u00e0 laver, r\u00e9frig\u00e9rateurs, climatiseurs, tuiles en acier color\u00e9, et autres appareils m\u00e9nagers<\/li>    <li>Motos, v\u00e9hicules \u00e9lectriques, bicyclettes, et leurs pi\u00e8ces de carrosserie recycl\u00e9s<\/li>    <li>Canettes en aluminium usag\u00e9es, bidons de peinture, aluminium de rebut, et portes et fen\u00eatres en aluminium cass\u00e9es (liquides et peinture \u00e0 enlever)<\/li>    <li>T\u00f4les m\u00e9talliques usag\u00e9es, acier de rebut, fer de rebut, et autres m\u00e9taux de rebut<\/li> <\/ul>    <figure class=\"wp-block-gallery has-nested-images columns-default is-cropped wp-block-gallery-4 is-layout-flex wp-block-gallery-is-layout-flex\"> <figure class=\"wp-block-image size-large\"><img loading=\"lazy\" decoding=\"async\" width=\"720\" height=\"540\" data-id=\"3462\" src=\"https:\/\/shuliybaler.com\/wp-content\/uploads\/2026\/01\/hammer-type-crushing-machine.webp\" alt=\"Broyeur de d\u00e9chets de m\u00e9tal bleu\" class=\"wp-image-3462\" title=\"\" srcset=\"https:\/\/shuliybaler.com\/wp-content\/uploads\/2026\/01\/hammer-type-crushing-machine.webp 720w, https:\/\/shuliybaler.com\/wp-content\/uploads\/2026\/01\/hammer-type-crushing-machine-360x270.webp 360w, https:\/\/shuliybaler.com\/wp-content\/uploads\/2026\/01\/hammer-type-crushing-machine-180x135.webp 180w, https:\/\/shuliybaler.com\/wp-content\/uploads\/2026\/01\/hammer-type-crushing-machine-16x12.webp 16w\" sizes=\"auto, (max-width: 720px) 100vw, 720px\" \/><figcaption class=\"wp-element-caption\">Machine de broyage \u00e0 marteaux<\/figcaption><\/figure>    <figure class=\"wp-block-image size-large\"><img loading=\"lazy\" decoding=\"async\" width=\"720\" height=\"540\" data-id=\"3461\" src=\"https:\/\/shuliybaler.com\/wp-content\/uploads\/2026\/01\/final-products-after-crushing.webp\" alt=\"final products after crushing\" class=\"wp-image-3461\" title=\"\" srcset=\"https:\/\/shuliybaler.com\/wp-content\/uploads\/2026\/01\/final-products-after-crushing.webp 720w, https:\/\/shuliybaler.com\/wp-content\/uploads\/2026\/01\/final-products-after-crushing-360x270.webp 360w, https:\/\/shuliybaler.com\/wp-content\/uploads\/2026\/01\/final-products-after-crushing-180x135.webp 180w, https:\/\/shuliybaler.com\/wp-content\/uploads\/2026\/01\/final-products-after-crushing-16x12.webp 16w\" sizes=\"auto, (max-width: 720px) 100vw, 720px\" \/><figcaption class=\"wp-element-caption\">Produits finaux apr\u00e8s broyage<\/figcaption><\/figure> <\/figure>    <h2 class=\"wp-block-heading\">Contactez-nous pour la derni\u00e8re cotation !<\/h2>    <p>La plupart de nos clients installent la machine de broyage de m\u00e9tal ou sa ligne de production associ\u00e9e dans leurs usines de recyclage de d\u00e9chets m\u00e9talliques, aci\u00e9ries ou fonderies. En traitant ces mat\u00e9riaux, ils r\u00e9duisent leur volume, facilitant le transport ou am\u00e9liorant la fusion, augmentant ainsi la valeur du m\u00e9tal recycl\u00e9.<\/p>    <figure class=\"wp-block-gallery has-nested-images columns-default is-cropped wp-block-gallery-5 is-layout-flex wp-block-gallery-is-layout-flex\"> <figure class=\"wp-block-image size-large\"><img loading=\"lazy\" decoding=\"async\" width=\"720\" height=\"540\" data-id=\"3469\" src=\"https:\/\/shuliybaler.com\/wp-content\/uploads\/2026\/01\/clients-feedback.webp\" alt=\"Cas d&#039;installation de broyeur de m\u00e9tal\" class=\"wp-image-3469\" title=\"\" srcset=\"https:\/\/shuliybaler.com\/wp-content\/uploads\/2026\/01\/clients-feedback.webp 720w, https:\/\/shuliybaler.com\/wp-content\/uploads\/2026\/01\/clients-feedback-360x270.webp 360w, https:\/\/shuliybaler.com\/wp-content\/uploads\/2026\/01\/clients-feedback-180x135.webp 180w, https:\/\/shuliybaler.com\/wp-content\/uploads\/2026\/01\/clients-feedback-16x12.webp 16w\" sizes=\"auto, (max-width: 720px) 100vw, 720px\" \/><figcaption class=\"wp-element-caption\">Retour des clients<\/figcaption><\/figure>    <figure class=\"wp-block-image size-large\"><img loading=\"lazy\" decoding=\"async\" width=\"720\" height=\"540\" data-id=\"3470\" src=\"https:\/\/shuliybaler.com\/wp-content\/uploads\/2026\/01\/metal-shredder-installation-case.webp\" alt=\"metal shredder  installation case\" class=\"wp-image-3470\" title=\"\" srcset=\"https:\/\/shuliybaler.com\/wp-content\/uploads\/2026\/01\/metal-shredder-installation-case.webp 720w, https:\/\/shuliybaler.com\/wp-content\/uploads\/2026\/01\/metal-shredder-installation-case-360x270.webp 360w, https:\/\/shuliybaler.com\/wp-content\/uploads\/2026\/01\/metal-shredder-installation-case-180x135.webp 180w, https:\/\/shuliybaler.com\/wp-content\/uploads\/2026\/01\/metal-shredder-installation-case-16x12.webp 16w\" sizes=\"auto, (max-width: 720px) 100vw, 720px\" \/><figcaption class=\"wp-element-caption\">Cas d'installation d'un broyeur de m\u00e9taux<\/figcaption><\/figure> <\/figure>    <p>Si vous \u00eates int\u00e9ress\u00e9 par notre machine, veuillez nous contacter pour obtenir la derni\u00e8re liste de prix et les remises. Les produits suivants peuvent \u00eatre utilis\u00e9s en conjonction avec cette machine de broyage de m\u00e9tal : <\/p>    <ul class=\"wp-block-list\"> <li><a href=\"https:\/\/shuliybaler.com\/fr\/product\/broyeur-a-tambour-en-acier\/\">Broyeur \u00e0 tambour en acier<\/a><\/li>    <li><a href=\"https:\/\/shuliybaler.com\/fr\/product\/scrap-metal-baler\/\">Presse \u00e0 ferraille<\/a><\/li> <\/ul>","protected":false},"excerpt":{"rendered":"<p>This high-efficiency metal shredder can be used to shred scrap metal, aluminum cans, household appliances, and steel. The shredded material is in the form of 3-10 cm spheres or segments, which facilitates packaging and other metal recycling processes.<\/p>","protected":false},"author":1,"featured_media":3460,"parent":0,"template":"","tags":[15],"product-type":[87],"class_list":["post-3448","product","type-product","status-publish","has-post-thumbnail","hentry","tag-metal","product-type-metal-recycling-machine"],"_links":{"self":[{"href":"https:\/\/shuliybaler.com\/fr\/wp-json\/wp\/v2\/product\/3448","targetHints":{"allow":["GET"]}}],"collection":[{"href":"https:\/\/shuliybaler.com\/fr\/wp-json\/wp\/v2\/product"}],"about":[{"href":"https:\/\/shuliybaler.com\/fr\/wp-json\/wp\/v2\/types\/product"}],"author":[{"embeddable":true,"href":"https:\/\/shuliybaler.com\/fr\/wp-json\/wp\/v2\/users\/1"}],"wp:featuredmedia":[{"embeddable":true,"href":"https:\/\/shuliybaler.com\/fr\/wp-json\/wp\/v2\/media\/3460"}],"wp:attachment":[{"href":"https:\/\/shuliybaler.com\/fr\/wp-json\/wp\/v2\/media?parent=3448"}],"wp:term":[{"taxonomy":"post_tag","embeddable":true,"href":"https:\/\/shuliybaler.com\/fr\/wp-json\/wp\/v2\/tags?post=3448"},{"taxonomy":"product-type","embeddable":true,"href":"https:\/\/shuliybaler.com\/fr\/wp-json\/wp\/v2\/product-type?post=3448"}],"curies":[{"name":"wp","href":"https:\/\/api.w.org\/{rel}","templated":true}]}}