{"id":3515,"date":"2026-02-03T17:28:38","date_gmt":"2026-02-03T09:28:38","guid":{"rendered":"https:\/\/shuliybaler.com\/?post_type=product&#038;p=3515"},"modified":"2026-02-04T10:19:49","modified_gmt":"2026-02-04T02:19:49","slug":"copper-cable-granulator","status":"publish","type":"product","link":"https:\/\/shuliybaler.com\/fr\/product\/copper-cable-granulator\/","title":{"rendered":"Granulateur de c\u00e2bles en cuivre | Solution de recyclage de fils en cuivre"},"content":{"rendered":"<p class=\"translation-block\">Le <strong>granulateur de c\u00e2ble en cuivre<\/strong> est utilis\u00e9 pour traiter les c\u00e2bles et fils en cuivre usag\u00e9s. Il s\u00e9pare efficacement les particules de cuivre pur de la couche d'isolation en plastique par broyage, s\u00e9paration par air et s\u00e9paration gravitationnelle, transformant les c\u00e2bles usag\u00e9s en mat\u00e9riaux recyclables de grande valeur.<\/p>    <p>Le produit final a une puret\u00e9 de cuivre allant jusqu'\u00e0 99,5 %, avec une production horaire allant de 100 \u00e0 1000 kg. Shuliy recommande d'utiliser une ligne de production pour un traitement \u00e0 volume \u00e9lev\u00e9, ou de l'\u00e9quiper d'un \u00e9quipement de s\u00e9lection \u00e9lectrostatique pour s\u00e9parer davantage tout cuivre r\u00e9siduel du plastique.<\/p>    <figure class=\"wp-block-embed aligncenter is-type-video is-provider-youtube wp-block-embed-youtube wp-embed-aspect-16-9 wp-has-aspect-ratio\"><div class=\"wp-block-embed__wrapper\"> <iframe loading=\"lazy\" title=\"Processus de travail complet du fil usag\u00e9 au granules de cuivre Contact :  8617703863868\" width=\"500\" height=\"281\" src=\"https:\/\/www.youtube.com\/embed\/2RHgzwLOTtU?feature=oembed\" frameborder=\"0\" allow=\"accelerometer; autoplay; clipboard-write; encrypted-media; gyroscope; picture-in-picture; web-share\" referrerpolicy=\"strict-origin-when-cross-origin\" allowfullscreen><\/iframe> <\/div><figcaption class=\"wp-element-caption\">Vid\u00e9o de fonctionnement du granulateur de c\u00e2ble de cuivre<\/figcaption><\/figure>    <h2 class=\"wp-block-heading\"><strong>Pourquoi choisir le granulateur de c\u00e2ble en cuivre Shuliy ?<\/strong><\/h2>    <ol class=\"wp-block-list\"> <li>Le granulateur de recyclage du cuivre r\u00e9cup\u00e8re du cuivre avec une puret\u00e9 d\u00e9passant 99,5 %, et peut \u00eatre \u00e9quip\u00e9 d'un dispositif de s\u00e9paration \u00e9lectrostatique pour atteindre une r\u00e9cup\u00e9ration de 100 % du cuivre.<\/li>    <li>Le granulateur de cuivre Shuliy adopte une structure int\u00e9gr\u00e9e, occupant une petite surface, facile \u00e0 installer, et tr\u00e8s mobile.<\/li>    <li>Cette machine est \u00e9quip\u00e9e d'un syst\u00e8me de contr\u00f4le PLC, permettant \u00e0 un op\u00e9rateur de g\u00e9rer l'ensemble du processus de production.<\/li>    <li>Notre dispositif de broyage de cette machine de s\u00e9paration de fils de cuivre utilise des lames en alliage SKD-11 (duret\u00e9 HR58) pour garantir une excellente r\u00e9sistance \u00e0 l'usure et une grande t\u00e9nacit\u00e9.<\/li>    <li>La machine fonctionne de mani\u00e8re enti\u00e8rement ferm\u00e9e, avec un dispositif de nettoyage \u00e0 jet puls\u00e9 pour pr\u00e9venir efficacement la pollution secondaire.<\/li> <\/ol>   <div class=\"wp-block-image\"> <figure class=\"aligncenter size-full\"><img loading=\"lazy\" decoding=\"async\" width=\"720\" height=\"540\" src=\"https:\/\/shuliybaler.com\/wp-content\/uploads\/2026\/02\/copper-cable-granulator-machine.webp\" alt=\"Machine de granulation de c\u00e2ble en cuivre\" class=\"wp-image-3529\" title=\"\" srcset=\"https:\/\/shuliybaler.com\/wp-content\/uploads\/2026\/02\/copper-cable-granulator-machine.webp 720w, https:\/\/shuliybaler.com\/wp-content\/uploads\/2026\/02\/copper-cable-granulator-machine-360x270.webp 360w, https:\/\/shuliybaler.com\/wp-content\/uploads\/2026\/02\/copper-cable-granulator-machine-180x135.webp 180w, https:\/\/shuliybaler.com\/wp-content\/uploads\/2026\/02\/copper-cable-granulator-machine-16x12.webp 16w\" sizes=\"auto, (max-width: 720px) 100vw, 720px\" \/><figcaption class=\"wp-element-caption\">Machine de granulation de c\u00e2ble en cuivre<\/figcaption><\/figure> <\/div>   <h2 class=\"wp-block-heading\"><strong>Principe de fonctionnement du granulateur industriel de fils de cuivre<\/strong><\/h2>    <p class=\"translation-block\"><strong>\u00c9tape 1<\/strong> : Les c\u00e2bles et fils en cuivre usag\u00e9s sont introduits dans le broyeur, o\u00f9 des lames en alliage SKD-11 (duret\u00e9 HR58) broient le mat\u00e9riau en particules uniformes.<\/p>    <p class=\"translation-block\"><strong>\u00c9tape 2<\/strong> : Un syst\u00e8me de tri par flux d'air et pneumatique s\u00e9pare les particules de plastique plus l\u00e9g\u00e8res des particules de cuivre plus lourdes.<\/p>    <p class=\"translation-block\"><strong>\u00c9tape 3<\/strong> : La s\u00e9paration par flottation d'air et gravitationnelle s\u00e9pare pr\u00e9cis\u00e9ment le cuivre du plastique en fonction des diff\u00e9rences de densit\u00e9.<\/p>    <p class=\"translation-block\"><strong>\u00c9tape 4<\/strong> : Un syst\u00e8me enti\u00e8rement ferm\u00e9 combin\u00e9 \u00e0 un collecteur de poussi\u00e8re \u00e0 impulsion \u00e9limine efficacement la poussi\u00e8re g\u00e9n\u00e9r\u00e9e lors de l'op\u00e9ration.<\/p>    <p class=\"translation-block\"><strong>\u00c9tape 5<\/strong> : Les particules de cuivre et de plastique sont collect\u00e9es et \u00e9vacu\u00e9es par deux sorties diff\u00e9rentes.<\/p>    <h2 class=\"wp-block-heading\"><strong>Applications du granulateur de c\u00e2ble en cuivre<\/strong><\/h2>    <p>Les granulateurs de c\u00e2ble en cuivre sont largement utilis\u00e9s dans l'industrie du recyclage et de la r\u00e9g\u00e9n\u00e9ration des m\u00e9taux, notamment :<\/p>    <ul class=\"wp-block-list\"> <li>Recyclage de c\u00e2bles et fils en cuivre usag\u00e9s<\/li>    <li>Recyclage de fils en aluminium et de c\u00e2bles m\u00e9talliques mixtes<\/li>    <li>Broyage et tri de divers fils usag\u00e9s<\/li>    <li>S\u00e9parer le cuivre, l'aluminium et le fer des radiateurs en cuivre-aluminium<\/li> <\/ul>    <p>Les granul\u00e9s de cuivre pur produits et les granul\u00e9s de plastique peuvent \u00eatre retrait\u00e9s s\u00e9par\u00e9ment ou vendus directement \u00e0 l'usine de traitement des d\u00e9chets.<\/p>    <figure class=\"wp-block-gallery has-nested-images columns-default is-cropped wp-block-gallery-2 is-layout-flex wp-block-gallery-is-layout-flex\"> <figure class=\"wp-block-image size-large\"><img loading=\"lazy\" decoding=\"async\" width=\"720\" height=\"540\" data-id=\"3520\" src=\"https:\/\/shuliybaler.com\/wp-content\/uploads\/2026\/02\/materials-can-be-processed.webp\" alt=\"materials can be processed\" class=\"wp-image-3520\" title=\"\" srcset=\"https:\/\/shuliybaler.com\/wp-content\/uploads\/2026\/02\/materials-can-be-processed.webp 720w, https:\/\/shuliybaler.com\/wp-content\/uploads\/2026\/02\/materials-can-be-processed-360x270.webp 360w, https:\/\/shuliybaler.com\/wp-content\/uploads\/2026\/02\/materials-can-be-processed-180x135.webp 180w, https:\/\/shuliybaler.com\/wp-content\/uploads\/2026\/02\/materials-can-be-processed-16x12.webp 16w\" sizes=\"auto, (max-width: 720px) 100vw, 720px\" \/><figcaption class=\"wp-element-caption\">Mat\u00e9riaux pouvant \u00eatre trait\u00e9s<\/figcaption><\/figure>    <figure class=\"wp-block-image size-large\"><img loading=\"lazy\" decoding=\"async\" width=\"720\" height=\"540\" data-id=\"3519\" src=\"https:\/\/shuliybaler.com\/wp-content\/uploads\/2026\/02\/finished-product-of-copper-cable-granulator.webp\" alt=\"finished product of copper cable granulator\" class=\"wp-image-3519\" title=\"\" srcset=\"https:\/\/shuliybaler.com\/wp-content\/uploads\/2026\/02\/finished-product-of-copper-cable-granulator.webp 720w, https:\/\/shuliybaler.com\/wp-content\/uploads\/2026\/02\/finished-product-of-copper-cable-granulator-360x270.webp 360w, https:\/\/shuliybaler.com\/wp-content\/uploads\/2026\/02\/finished-product-of-copper-cable-granulator-180x135.webp 180w, https:\/\/shuliybaler.com\/wp-content\/uploads\/2026\/02\/finished-product-of-copper-cable-granulator-16x12.webp 16w\" sizes=\"auto, (max-width: 720px) 100vw, 720px\" \/><figcaption class=\"wp-element-caption\">Produit fini du granulateur de c\u00e2ble en cuivre<\/figcaption><\/figure> <\/figure>    <h2 class=\"wp-block-heading\"><strong>Param\u00e8tres techniques du granulateur de c\u00e2ble en cuivre<\/strong><\/h2>    <figure class=\"wp-block-table\"><table><tbody><tr><td>Mod\u00e8le<\/td><td>Dimension<\/td><td>Broyeur<\/td><td>Transport par air<\/td><td>Tri par vent<\/td><td>Collecte de poussi\u00e8re<\/td><td>Sortir<\/td><td>Poids<\/td><\/tr><tr><td>SL-400<\/td><td>2000\u00d71850\u00d72600mm<\/td><td>15kw<\/td><td>N\/A<\/td><td>0,75   22 kW<\/td><td>0,75 kW<\/td><td>100\u2013150kg\/h<\/td><td>1800 kg<\/td><\/tr><tr><td>SL-600<\/td><td>4200\u00d71900\u00d73800mm<\/td><td>37 kW<\/td><td>3<\/td><td>3,75 kW<\/td><td>2,2 kW<\/td><td>300\u2013400kg\/h<\/td><td>3500kg<\/td><\/tr><tr><td>SL-1000<\/td><td>5180\u00d72100\u00d74200mm<\/td><td>45kw<\/td><td>4<\/td><td>3,75 kW<\/td><td>3 kW<\/td><td>800\u20131000kg\/h<\/td><td>4600 kg<\/td><\/tr><\/tbody><\/table><figcaption class=\"wp-element-caption\">Sp\u00e9cification du granulateur de c\u00e2ble en cuivre<\/figcaption><\/figure>    <p>Choisir un mod\u00e8le en fonction du volume de production r\u00e9el est une bonne approche, mais si vous devez trouver le plus adapt\u00e9, cela n\u00e9cessite un conseil professionnel. Si vous avez des questions sur la machine, n'h\u00e9sitez pas \u00e0 nous contacter pour un conseil personnalis\u00e9.<\/p>    <p>Si vous avez besoin d'\u00e9quipements avec une capacit\u00e9 plus \u00e9lev\u00e9e ou une automatisation accrue, nous proposons \u00e9galement des solutions de conception et de fabrication de lignes de production.<\/p>   <div class=\"wp-block-image\"> <figure class=\"aligncenter size-full\"><img loading=\"lazy\" decoding=\"async\" width=\"720\" height=\"540\" src=\"https:\/\/shuliybaler.com\/wp-content\/uploads\/2026\/02\/best-copper-wire-granulator.webp\" alt=\"Meilleur granulateur de fils de cuivre\" class=\"wp-image-3530\" title=\"\" srcset=\"https:\/\/shuliybaler.com\/wp-content\/uploads\/2026\/02\/best-copper-wire-granulator.webp 720w, https:\/\/shuliybaler.com\/wp-content\/uploads\/2026\/02\/best-copper-wire-granulator-360x270.webp 360w, https:\/\/shuliybaler.com\/wp-content\/uploads\/2026\/02\/best-copper-wire-granulator-180x135.webp 180w, https:\/\/shuliybaler.com\/wp-content\/uploads\/2026\/02\/best-copper-wire-granulator-16x12.webp 16w\" sizes=\"auto, (max-width: 720px) 100vw, 720px\" \/><figcaption class=\"wp-element-caption\">Meilleur granulateur de fils de cuivre<\/figcaption><\/figure> <\/div>   <h2 class=\"wp-block-heading\"><strong>Configuration de la ligne de production de granulation de fils de cuivre<\/strong><\/h2>    <p>Selon les diff\u00e9rentes exigences de capacit\u00e9 et conditions du site, les granulateurs de fils de cuivre peuvent \u00eatre configur\u00e9s comme des solutions int\u00e9gr\u00e9es de petite capacit\u00e9 ou des lignes de recyclage industrielles de grande capacit\u00e9.<\/p>    <h3 class=\"wp-block-heading\"><strong>Granulateur de fils de cuivre int\u00e9gr\u00e9 de 400 kg\/h<\/strong><\/h3>    <p class=\"translation-block\"><strong>Processus de production :<\/strong><\/p>    <p>Broyage   S\u00e9parateur gravitationnel   Collecteur de poussi\u00e8re \u00e0 pression n\u00e9gative (Conception int\u00e9gr\u00e9e)<\/p>    <p class=\"translation-block\"><strong>Caract\u00e9ristiques :<\/strong><\/p>    <ol class=\"wp-block-list\"> <li>Broyage et s\u00e9paration int\u00e9gr\u00e9s<\/li>    <li>Empreinte extr\u00eamement petite<\/li>    <li>Facile \u00e0 installer, d\u00e9marrage rapide<\/li>    <li>Convient pour les ateliers, petits centres de recyclage et startups<\/li> <\/ol>    <figure class=\"wp-block-gallery has-nested-images columns-default is-cropped wp-block-gallery-3 is-layout-flex wp-block-gallery-is-layout-flex\"> <figure class=\"wp-block-image size-large\"><img loading=\"lazy\" decoding=\"async\" width=\"720\" height=\"540\" data-id=\"3522\" src=\"https:\/\/shuliybaler.com\/wp-content\/uploads\/2026\/02\/400-type1-copper-wire-separator-machine.webp\" alt=\"Machine de s\u00e9paration de fils de cuivre de type 400\" class=\"wp-image-3522\" title=\"\" srcset=\"https:\/\/shuliybaler.com\/wp-content\/uploads\/2026\/02\/400-type1-copper-wire-separator-machine.webp 720w, https:\/\/shuliybaler.com\/wp-content\/uploads\/2026\/02\/400-type1-copper-wire-separator-machine-360x270.webp 360w, https:\/\/shuliybaler.com\/wp-content\/uploads\/2026\/02\/400-type1-copper-wire-separator-machine-180x135.webp 180w, https:\/\/shuliybaler.com\/wp-content\/uploads\/2026\/02\/400-type1-copper-wire-separator-machine-16x12.webp 16w\" sizes=\"auto, (max-width: 720px) 100vw, 720px\" \/><figcaption class=\"wp-element-caption\">Machine de s\u00e9paration de fils de cuivre de type 1 de 400<\/figcaption><\/figure>    <figure class=\"wp-block-image size-large\"><img loading=\"lazy\" decoding=\"async\" width=\"720\" height=\"540\" data-id=\"3523\" src=\"https:\/\/shuliybaler.com\/wp-content\/uploads\/2026\/02\/copper-wire-chopper-granulator.webp\" alt=\"Granulateur de coupeur de fils de cuivre\" class=\"wp-image-3523\" title=\"\" srcset=\"https:\/\/shuliybaler.com\/wp-content\/uploads\/2026\/02\/copper-wire-chopper-granulator.webp 720w, https:\/\/shuliybaler.com\/wp-content\/uploads\/2026\/02\/copper-wire-chopper-granulator-360x270.webp 360w, https:\/\/shuliybaler.com\/wp-content\/uploads\/2026\/02\/copper-wire-chopper-granulator-180x135.webp 180w, https:\/\/shuliybaler.com\/wp-content\/uploads\/2026\/02\/copper-wire-chopper-granulator-16x12.webp 16w\" sizes=\"auto, (max-width: 720px) 100vw, 720px\" \/><figcaption class=\"wp-element-caption\">Granulateur de coupeur de fils de cuivre<\/figcaption><\/figure> <\/figure>    <p>Nous disposons \u00e9galement d'une autre ligne de production d'une capacit\u00e9 de 400 kg\/h, qui n'est pas int\u00e9gr\u00e9e et convient aux recyclers ayant des exigences de pr\u00e9cision plus \u00e9lev\u00e9es.<\/p>   <div class=\"wp-block-image\"> <figure class=\"aligncenter size-full\"><img loading=\"lazy\" decoding=\"async\" width=\"720\" height=\"540\" src=\"https:\/\/shuliybaler.com\/wp-content\/uploads\/2026\/02\/400-type-2-small-copper-wire-granulating-line.webp\" alt=\"Ligne de granulation de fils de cuivre de petite taille de type 2 de 400\" class=\"wp-image-3521\" title=\"\" srcset=\"https:\/\/shuliybaler.com\/wp-content\/uploads\/2026\/02\/400-type-2-small-copper-wire-granulating-line.webp 720w, https:\/\/shuliybaler.com\/wp-content\/uploads\/2026\/02\/400-type-2-small-copper-wire-granulating-line-360x270.webp 360w, https:\/\/shuliybaler.com\/wp-content\/uploads\/2026\/02\/400-type-2-small-copper-wire-granulating-line-180x135.webp 180w, https:\/\/shuliybaler.com\/wp-content\/uploads\/2026\/02\/400-type-2-small-copper-wire-granulating-line-16x12.webp 16w\" sizes=\"auto, (max-width: 720px) 100vw, 720px\" \/><figcaption class=\"wp-element-caption\">Ligne de granulation de fils de cuivre de petite taille de type 2 de 400<\/figcaption><\/figure> <\/div>   <h3 class=\"wp-block-heading\"><strong>Ligne de production de granulation de fils de cuivre de 600 kg\/h<\/strong><\/h3>    <p class=\"translation-block\"><strong>Processus de production :<\/strong><\/p>    <p>Concassage \u2192 Alimentation par pipeline \u2192 S\u00e9parateur gravitaire \u2192 Collecteur de poussi\u00e8re \u00e0 cyclone \u2192 Collecteur de poussi\u00e8re \u00e0 jet pulse<\/p>    <p class=\"translation-block\"><strong>Avantages :<\/strong><\/p>    <ol class=\"wp-block-list\"> <li>Compar\u00e9 aux dispositifs int\u00e9gr\u00e9s simples, il offre une performance de s\u00e9paration sup\u00e9rieure.<\/li>    <li>Structure modulaire, facile \u00e0 mettre \u00e0 niveau.<\/li>    <li>Transport par pipeline pour une meilleure collecte de poussi\u00e8re.<\/li> <\/ol>    <figure class=\"wp-block-gallery has-nested-images columns-default is-cropped wp-block-gallery-4 is-layout-flex wp-block-gallery-is-layout-flex\"> <figure class=\"wp-block-image size-large\"><img loading=\"lazy\" decoding=\"async\" width=\"720\" height=\"540\" data-id=\"3526\" src=\"https:\/\/shuliybaler.com\/wp-content\/uploads\/2026\/02\/600-type-granulator-for-copper-wire-recycling.webp\" alt=\"Granulateur de type 600 pour le recyclage de fils de cuivre\" class=\"wp-image-3526\" title=\"\" srcset=\"https:\/\/shuliybaler.com\/wp-content\/uploads\/2026\/02\/600-type-granulator-for-copper-wire-recycling.webp 720w, https:\/\/shuliybaler.com\/wp-content\/uploads\/2026\/02\/600-type-granulator-for-copper-wire-recycling-360x270.webp 360w, https:\/\/shuliybaler.com\/wp-content\/uploads\/2026\/02\/600-type-granulator-for-copper-wire-recycling-180x135.webp 180w, https:\/\/shuliybaler.com\/wp-content\/uploads\/2026\/02\/600-type-granulator-for-copper-wire-recycling-16x12.webp 16w\" sizes=\"auto, (max-width: 720px) 100vw, 720px\" \/><figcaption class=\"wp-element-caption\">Granulateur de type 600 pour le recyclage de fils de cuivre<\/figcaption><\/figure>    <figure class=\"wp-block-image size-large\"><img loading=\"lazy\" decoding=\"async\" width=\"720\" height=\"540\" data-id=\"3524\" src=\"https:\/\/shuliybaler.com\/wp-content\/uploads\/2026\/02\/copper-recycling-production-line.webp\" alt=\"Ligne de recyclage du cuivre\" class=\"wp-image-3524\" title=\"\" srcset=\"https:\/\/shuliybaler.com\/wp-content\/uploads\/2026\/02\/copper-recycling-production-line.webp 720w, https:\/\/shuliybaler.com\/wp-content\/uploads\/2026\/02\/copper-recycling-production-line-360x270.webp 360w, https:\/\/shuliybaler.com\/wp-content\/uploads\/2026\/02\/copper-recycling-production-line-180x135.webp 180w, https:\/\/shuliybaler.com\/wp-content\/uploads\/2026\/02\/copper-recycling-production-line-16x12.webp 16w\" sizes=\"auto, (max-width: 720px) 100vw, 720px\" \/><figcaption class=\"wp-element-caption\">Ligne de recyclage du cuivre<\/figcaption><\/figure> <\/figure>    <h3 class=\"wp-block-heading\"><strong>Ligne de production de granulation de c\u00e2ble en cuivre de 1000 kg\/h<\/strong><\/h3>    <p>Cette configuration convient aux grandes usines de recyclage et aux projets industriels de recyclage de c\u00e2bles en cuivre.<\/p>    <p class=\"translation-block\"><strong>Processus de production :<\/strong><\/p>    <p>Alimentation par tapis roulant \u2192 Broyeur \u2192 Transport par tapis roulant \u2192 Granulateur de c\u00e2ble en cuivre \u2192 S\u00e9paration \u00e9lectrostatique \u2192 Collecteur de poussi\u00e8re \u00e0 impulsion<\/p>    <figure class=\"wp-block-embed aligncenter is-type-video is-provider-youtube wp-block-embed-youtube wp-embed-aspect-16-9 wp-has-aspect-ratio\"><div class=\"wp-block-embed__wrapper\"> <iframe loading=\"lazy\" title=\"Processus complet de recyclage du d\u00e9chet au cuivre pur Contact :\" width=\"500\" height=\"281\" src=\"https:\/\/www.youtube.com\/embed\/XWF21qKhQAI?feature=oembed\" frameborder=\"0\" allow=\"accelerometer; autoplay; clipboard-write; encrypted-media; gyroscope; picture-in-picture; web-share\" referrerpolicy=\"strict-origin-when-cross-origin\" allowfullscreen><\/iframe> <\/div><figcaption class=\"wp-element-caption\">Fonctionnement de la ligne de production de granulation de c\u00e2ble en cuivre <\/figcaption><\/figure>    <p class=\"translation-block\"><strong>Flux de processus :<\/strong><\/p>    <ol class=\"wp-block-list\"> <li>De gros morceaux de c\u00e2ble en cuivre usag\u00e9 sont d'abord broy\u00e9s en plus petits morceaux.<\/li>    <li>Ces pi\u00e8ces sont transport\u00e9es vers le granulateur de c\u00e2ble en cuivre via un tapis roulant, o\u00f9 elles deviennent des granules de cuivre et de plastique.<\/li>    <li>Le mat\u00e9riau broy\u00e9 est ensuite transport\u00e9 par des pipelines vers un syst\u00e8me de s\u00e9paration gravitationnelle.<\/li>    <li>Les granules de cuivre et de plastique sont s\u00e9par\u00e9s en fonction de leurs diff\u00e9rences de densit\u00e9.<\/li>    <li>Un collecteur de poussi\u00e8re \u00e0 impulsion capture la poussi\u00e8re fine, garantissant une op\u00e9ration propre.<\/li>    <li>L'unit\u00e9 de s\u00e9paration \u00e9lectrostatique r\u00e9cup\u00e8re davantage de poudre de cuivre r\u00e9siduelle du plastique, maximisant la puret\u00e9 du cuivre.<\/li> <\/ol>    <figure class=\"wp-block-gallery has-nested-images columns-default is-cropped wp-block-gallery-5 is-layout-flex wp-block-gallery-is-layout-flex\"> <figure class=\"wp-block-image size-large\"><img loading=\"lazy\" decoding=\"async\" width=\"720\" height=\"540\" data-id=\"3528\" src=\"https:\/\/shuliybaler.com\/wp-content\/uploads\/2026\/02\/1000-type-copper-wire-granulator-separator.webp\" alt=\"S\u00e9parateur de granulateur de fils de cuivre de type 1000\" class=\"wp-image-3528\" title=\"\" srcset=\"https:\/\/shuliybaler.com\/wp-content\/uploads\/2026\/02\/1000-type-copper-wire-granulator-separator.webp 720w, https:\/\/shuliybaler.com\/wp-content\/uploads\/2026\/02\/1000-type-copper-wire-granulator-separator-360x270.webp 360w, https:\/\/shuliybaler.com\/wp-content\/uploads\/2026\/02\/1000-type-copper-wire-granulator-separator-180x135.webp 180w, https:\/\/shuliybaler.com\/wp-content\/uploads\/2026\/02\/1000-type-copper-wire-granulator-separator-16x12.webp 16w\" sizes=\"auto, (max-width: 720px) 100vw, 720px\" \/><figcaption class=\"wp-element-caption\">S\u00e9parateur de granulateur de fils de cuivre de type 1000<\/figcaption><\/figure>    <figure class=\"wp-block-image size-large\"><img loading=\"lazy\" decoding=\"async\" width=\"720\" height=\"540\" data-id=\"3527\" src=\"https:\/\/shuliybaler.com\/wp-content\/uploads\/2026\/02\/copper-wire-separating-production-line.webp\" alt=\"Ligne de production de s\u00e9paration de fils de cuivre\" class=\"wp-image-3527\" title=\"\" srcset=\"https:\/\/shuliybaler.com\/wp-content\/uploads\/2026\/02\/copper-wire-separating-production-line.webp 720w, https:\/\/shuliybaler.com\/wp-content\/uploads\/2026\/02\/copper-wire-separating-production-line-360x270.webp 360w, https:\/\/shuliybaler.com\/wp-content\/uploads\/2026\/02\/copper-wire-separating-production-line-180x135.webp 180w, https:\/\/shuliybaler.com\/wp-content\/uploads\/2026\/02\/copper-wire-separating-production-line-16x12.webp 16w\" sizes=\"auto, (max-width: 720px) 100vw, 720px\" \/><figcaption class=\"wp-element-caption\">Ligne de production de s\u00e9paration de fils de cuivre<\/figcaption><\/figure> <\/figure>    <p class=\"translation-block\"><strong>Avantages :<\/strong><\/p>    <ul class=\"wp-block-list\"> <li>Haute production et performance stable<\/li>    <li>La puret\u00e9 de r\u00e9cup\u00e9ration du cuivre est proche de 100%<\/li>    <li>Perte minimale de cuivre depuis le plastique<\/li>    <li>Convient pour une op\u00e9ration continue et \u00e0 long terme<\/li> <\/ul>    <h2 class=\"wp-block-heading\"><strong>Comment choisir la bonne ligne de production de granulation de c\u00e2ble en cuivre ?<\/strong><\/h2>    <ul class=\"wp-block-list\"> <li>Pour un espace limit\u00e9 et un faible investissement, choisissez un granulateur de c\u00e2ble en cuivre int\u00e9gr\u00e9.<\/li>    <li>Pour des volumes de production plus petits mais une pr\u00e9cision de s\u00e9paration plus \u00e9lev\u00e9e, choisissez une ligne de production de petite capacit\u00e9.<\/li>    <li>Pour le recyclage en grande quantit\u00e9 et une meilleure puret\u00e9 du produit, utilisez une ligne de production de grande capacit\u00e9 avec s\u00e9paration \u00e9lectrostatique.<\/li> <\/ul>    <p>Shuliy peut fournir des solutions personnalis\u00e9es de granulation de c\u00e2ble en cuivre en fonction de vos mati\u00e8res premi\u00e8res et exigences de production, y compris la disposition de la ligne, la planification de capacit\u00e9 et la configuration de l'\u00e9quipement. Contactez-nous pour la derni\u00e8re liste de prix.<\/p>   <div class=\"wp-block-image\"> <figure class=\"aligncenter size-full\"><img loading=\"lazy\" decoding=\"async\" width=\"720\" height=\"374\" src=\"https:\/\/shuliybaler.com\/wp-content\/uploads\/2026\/02\/shuliy-cooperation-with-customer-around-the-world.webp\" alt=\"shuliy cooperation with customer around the world\" class=\"wp-image-3532\" title=\"\" srcset=\"https:\/\/shuliybaler.com\/wp-content\/uploads\/2026\/02\/shuliy-cooperation-with-customer-around-the-world.webp 720w, https:\/\/shuliybaler.com\/wp-content\/uploads\/2026\/02\/shuliy-cooperation-with-customer-around-the-world-360x187.webp 360w, https:\/\/shuliybaler.com\/wp-content\/uploads\/2026\/02\/shuliy-cooperation-with-customer-around-the-world-18x9.webp 18w\" sizes=\"auto, (max-width: 720px) 100vw, 720px\" \/><figcaption class=\"wp-element-caption\">coop\u00e9ration de Shuliy avec des clients du monde entier<\/figcaption><\/figure> <\/div>   <p>Machines associ\u00e9es : <\/p>    <ul class=\"wp-block-list\"> <li><a href=\"https:\/\/shuliybaler.com\/fr\/product\/metal-briquetting-machine\/\">Machine de presse \u00e0 briquettes de copeaux de m\u00e9tal recycl\u00e9<\/a><\/li>    <li><a href=\"https:\/\/shuliybaler.com\/fr\/product\/metal-crusher-machine-metal-recycling\/\">Machine de broyage de m\u00e9tal<\/a><\/li>    <li><a href=\"https:\/\/shuliybaler.com\/fr\/product\/broyeur-de-fil-de-cuivre-de-ferraille\/\">Broyeur de fil de cuivre<\/a><\/li> <\/ul>","protected":false},"excerpt":{"rendered":"<p>This copper wire granulator is designed to recycle waste copper wire and produce high-purity copper granules (99.5%), achieving maximum recycling of copper wire. Its hourly output can reach 100-1000 kg.<\/p>","protected":false},"author":1,"featured_media":3531,"parent":0,"template":"","tags":[90,15],"product-type":[87],"class_list":["post-3515","product","type-product","status-publish","has-post-thumbnail","hentry","tag-copper","tag-metal","product-type-metal-recycling-machine"],"_links":{"self":[{"href":"https:\/\/shuliybaler.com\/fr\/wp-json\/wp\/v2\/product\/3515","targetHints":{"allow":["GET"]}}],"collection":[{"href":"https:\/\/shuliybaler.com\/fr\/wp-json\/wp\/v2\/product"}],"about":[{"href":"https:\/\/shuliybaler.com\/fr\/wp-json\/wp\/v2\/types\/product"}],"author":[{"embeddable":true,"href":"https:\/\/shuliybaler.com\/fr\/wp-json\/wp\/v2\/users\/1"}],"wp:featuredmedia":[{"embeddable":true,"href":"https:\/\/shuliybaler.com\/fr\/wp-json\/wp\/v2\/media\/3531"}],"wp:attachment":[{"href":"https:\/\/shuliybaler.com\/fr\/wp-json\/wp\/v2\/media?parent=3515"}],"wp:term":[{"taxonomy":"post_tag","embeddable":true,"href":"https:\/\/shuliybaler.com\/fr\/wp-json\/wp\/v2\/tags?post=3515"},{"taxonomy":"product-type","embeddable":true,"href":"https:\/\/shuliybaler.com\/fr\/wp-json\/wp\/v2\/product-type?post=3515"}],"curies":[{"name":"wp","href":"https:\/\/api.w.org\/{rel}","templated":true}]}}