{"id":3585,"date":"2026-03-09T14:25:53","date_gmt":"2026-03-09T06:25:53","guid":{"rendered":"https:\/\/shuliybaler.com\/?post_type=product&#038;p=3585"},"modified":"2026-03-09T14:59:19","modified_gmt":"2026-03-09T06:59:19","slug":"eddy-current-separator","status":"publish","type":"product","link":"https:\/\/shuliybaler.com\/fr\/product\/eddy-current-separator\/","title":{"rendered":"S\u00e9parateur \u00e0 courant de Foucault pour le recyclage des m\u00e9taux non ferreux"},"content":{"rendered":"<p class=\"translation-block\">Le s\u00e9parateur \u00e0 courant de Foucault <strong> de Shuliy <\/strong> est con\u00e7u pour s\u00e9parer les m\u00e9taux non ferreux tels que l'aluminium, le cuivre et l'acier inoxydable des mat\u00e9riaux non m\u00e9talliques. Cet \u00e9quipement utilise le principe de l'induction \u00e9lectromagn\u00e9tique pour s\u00e9parer efficacement les mat\u00e9riaux des d\u00e9chets mixtes.<\/p>    <p>Sa capacit\u00e9 est de 4-15 tonnes par heure, et il peut \u00eatre efficacement int\u00e9gr\u00e9 aux lignes de recyclage et de d\u00e9mant\u00e8lement de voitures, ainsi qu'aux lignes de traitement des d\u00e9chets \u00e9lectroniques, am\u00e9liorant consid\u00e9rablement l'efficacit\u00e9 du recyclage.<\/p>    <h2 class=\"wp-block-heading\"><strong>Avantages et pr\u00e9cautions du s\u00e9parateur de m\u00e9taux non ferreux<\/strong><\/h2>    <p>Ce s\u00e9parateur \u00e0 courant de Foucault non ferreux peut efficacement s\u00e9parer divers m\u00e9taux non ferreux lors des op\u00e9rations de recyclage. Sa force r\u00e9pulsive forte lui permet de s\u00e9parer des mat\u00e9riaux de diff\u00e9rentes tailles de particules selon la direction du rouleau magn\u00e9tique, avec les caract\u00e9ristiques de base suivantes.<\/p>    <ul class=\"wp-block-list\"> <li>Haute efficacit\u00e9 de s\u00e9paration<\/li>    <li>Structure m\u00e9canique fiable<\/li>    <li>Facile \u00e0 utiliser et \u00e0 installer<\/li> <\/ul>    <p>Elle a une forte adaptabilit\u00e9 \u00e0 diff\u00e9rents mat\u00e9riaux recycl\u00e9s, mais lors de l'utilisation de cet \u00e9quipement, veuillez noter ce qui suit :<\/p>    <ul class=\"wp-block-list\"> <li>Non adapt\u00e9 \u00e0 la s\u00e9paration de m\u00e9taux ferreux tels que le fer.<\/li>    <li>Non adapt\u00e9 aux particules de m\u00e9taux non ferreux extr\u00eamement fines.<\/li>    <li>Pour des performances optimales, la taille et la forme du mat\u00e9riau doivent \u00eatre relativement uniformes.<\/li> <\/ul>    <figure class=\"wp-block-gallery has-nested-images columns-default is-cropped wp-block-gallery-2 is-layout-flex wp-block-gallery-is-layout-flex\"> <figure class=\"wp-block-image size-large\"><img loading=\"lazy\" decoding=\"async\" width=\"720\" height=\"540\" data-id=\"3590\" src=\"https:\/\/shuliybaler.com\/wp-content\/uploads\/2026\/03\/eddy-current-non-ferrous-metal-separator.webp\" alt=\"s\u00e9parateur \u00e0 courant de Foucault pour m\u00e9taux non ferreux\" class=\"wp-image-3590\" title=\"\" srcset=\"https:\/\/shuliybaler.com\/wp-content\/uploads\/2026\/03\/eddy-current-non-ferrous-metal-separator.webp 720w, https:\/\/shuliybaler.com\/wp-content\/uploads\/2026\/03\/eddy-current-non-ferrous-metal-separator-360x270.webp 360w, https:\/\/shuliybaler.com\/wp-content\/uploads\/2026\/03\/eddy-current-non-ferrous-metal-separator-180x135.webp 180w, https:\/\/shuliybaler.com\/wp-content\/uploads\/2026\/03\/eddy-current-non-ferrous-metal-separator-16x12.webp 16w\" sizes=\"auto, (max-width: 720px) 100vw, 720px\" \/><figcaption class=\"wp-element-caption\">S\u00e9parateur \u00e0 courant de Foucault pour m\u00e9taux non ferreux<\/figcaption><\/figure>    <figure class=\"wp-block-image size-large\"><img loading=\"lazy\" decoding=\"async\" width=\"720\" height=\"540\" data-id=\"3591\" src=\"https:\/\/shuliybaler.com\/wp-content\/uploads\/2026\/03\/eddy-current-separator-recycling.webp\" alt=\"recyclage par s\u00e9parateur \u00e0 courant de Foucault\" class=\"wp-image-3591\" title=\"\" srcset=\"https:\/\/shuliybaler.com\/wp-content\/uploads\/2026\/03\/eddy-current-separator-recycling.webp 720w, https:\/\/shuliybaler.com\/wp-content\/uploads\/2026\/03\/eddy-current-separator-recycling-360x270.webp 360w, https:\/\/shuliybaler.com\/wp-content\/uploads\/2026\/03\/eddy-current-separator-recycling-180x135.webp 180w, https:\/\/shuliybaler.com\/wp-content\/uploads\/2026\/03\/eddy-current-separator-recycling-16x12.webp 16w\" sizes=\"auto, (max-width: 720px) 100vw, 720px\" \/><figcaption class=\"wp-element-caption\">Recyclage par s\u00e9parateur \u00e0 courant de Foucault<\/figcaption><\/figure> <\/figure>    <h2 class=\"wp-block-heading\"><strong>Principe de fonctionnement du s\u00e9parateur \u00e0 courant de Foucault excentrique<\/strong><\/h2>    <p>Les s\u00e9parateurs \u00e0 courant de Foucault fonctionnent sur la base de l'induction \u00e9lectromagn\u00e9tique. \u00c0 l'int\u00e9rieur de la machine, un rotor magn\u00e9tique en rotation \u00e0 grande vitesse g\u00e9n\u00e8re un champ magn\u00e9tique en changement rapide. Lorsque des m\u00e9taux conducteurs tels que l'aluminium ou le cuivre passent \u00e0 travers ce champ magn\u00e9tique, des courants de Foucault sont g\u00e9n\u00e9r\u00e9s dans le m\u00e9tal.<\/p>    <p>Ces courants de Foucault g\u00e9n\u00e8rent un champ magn\u00e9tique inverse, cr\u00e9ant une force r\u00e9pulsive forte. Par cons\u00e9quent, les m\u00e9taux non ferreux ferromagn\u00e9tiques sont projet\u00e9s en avant et s\u00e9par\u00e9s des autres mat\u00e9riaux.<\/p>    <p>Simultan\u00e9ment, des mat\u00e9riaux non conducteurs tels que le plastique, le caoutchouc et le verre tombent sous l'effet de la gravit\u00e9, permettant ainsi une s\u00e9paration efficace des m\u00e9taux.<\/p>    <h2 class=\"wp-block-heading\"><strong>Conception structurelle du s\u00e9parateur \u00e0 courant de Foucault<\/strong><\/h2>    <p>Le s\u00e9parateur \u00e0 courant de Foucault poss\u00e8de une structure modulaire, permettant une int\u00e9gration facile dans de nouvelles usines de recyclage et des lignes de traitement des m\u00e9taux existantes. Ses composants principaux incluent :<\/p>    <ol class=\"wp-block-list\"> <li><strong>Alimentation vibrante<\/strong>: Responsable de l'alimentation uniforme du mat\u00e9riau dans le syst\u00e8me de tri, maintenant une alimentation stable et continue, am\u00e9liorant ainsi la pr\u00e9cision du tri des m\u00e9taux.<\/li>    <li><strong>Syst\u00e8me de bande transporteuse<\/strong>: Transporte le mat\u00e9riau de d\u00e9chets mixtes vers le rotor magn\u00e9tique \u00e0 une vitesse stable et contr\u00f4lable.<\/li>    <li><strong>Rotor magn\u00e9tique \u00e0 grande vitesse<\/strong>: Le rotor magn\u00e9tique est la pi\u00e8ce centrale du s\u00e9parateur \u00e0 courant de Foucault. Il contient une s\u00e9rie d'aimants permanents puissants en rotation \u00e0 grande vitesse, dispos\u00e9s selon un sch\u00e9ma particulier.<\/li>    <li><strong>Clapets de s\u00e9paration<\/strong>: S\u00e9parer le mat\u00e9riau en diff\u00e9rentes zones de collecte.<\/li>    <li>Structure du cadre : Con\u00e7ue en acier \u00e0 haute r\u00e9sistance pour assurer une bonne durabilit\u00e9 et r\u00e9sistance aux vibrations.<\/li>    <li><strong>Armoire de contr\u00f4le intelligente<\/strong>: Le syst\u00e8me de contr\u00f4le central de la machine.<\/li>    <li><strong>Protection du syst\u00e8me magn\u00e9tique<\/strong>: Emp\u00eache les composants magn\u00e9tiques de se desserrer ou de tomber lors de la rotation \u00e0 grande vitesse.<\/li> <\/ol>    <figure class=\"wp-block-gallery has-nested-images columns-default is-cropped wp-block-gallery-3 is-layout-flex wp-block-gallery-is-layout-flex\"> <figure class=\"wp-block-image size-large\"><img loading=\"lazy\" decoding=\"async\" width=\"720\" height=\"540\" data-id=\"3593\" src=\"https:\/\/shuliybaler.com\/wp-content\/uploads\/2026\/03\/eccentric-eddy-current-separator.webp\" alt=\"s\u00e9parateur \u00e0 courant de Foucault excentrique\" class=\"wp-image-3593\" title=\"\" srcset=\"https:\/\/shuliybaler.com\/wp-content\/uploads\/2026\/03\/eccentric-eddy-current-separator.webp 720w, https:\/\/shuliybaler.com\/wp-content\/uploads\/2026\/03\/eccentric-eddy-current-separator-360x270.webp 360w, https:\/\/shuliybaler.com\/wp-content\/uploads\/2026\/03\/eccentric-eddy-current-separator-180x135.webp 180w, https:\/\/shuliybaler.com\/wp-content\/uploads\/2026\/03\/eccentric-eddy-current-separator-16x12.webp 16w\" sizes=\"auto, (max-width: 720px) 100vw, 720px\" \/><figcaption class=\"wp-element-caption\">S\u00e9parateur \u00e0 courant de Foucault excentrique<\/figcaption><\/figure>    <figure class=\"wp-block-image size-large\"><img loading=\"lazy\" decoding=\"async\" width=\"720\" height=\"540\" data-id=\"3592\" src=\"https:\/\/shuliybaler.com\/wp-content\/uploads\/2026\/03\/eddy-current-aluminum-separation.webp\" alt=\"s\u00e9paration de l&#039;aluminium par courant de Foucault\" class=\"wp-image-3592\" title=\"\" srcset=\"https:\/\/shuliybaler.com\/wp-content\/uploads\/2026\/03\/eddy-current-aluminum-separation.webp 720w, https:\/\/shuliybaler.com\/wp-content\/uploads\/2026\/03\/eddy-current-aluminum-separation-360x270.webp 360w, https:\/\/shuliybaler.com\/wp-content\/uploads\/2026\/03\/eddy-current-aluminum-separation-180x135.webp 180w, https:\/\/shuliybaler.com\/wp-content\/uploads\/2026\/03\/eddy-current-aluminum-separation-16x12.webp 16w\" sizes=\"auto, (max-width: 720px) 100vw, 720px\" \/><figcaption class=\"wp-element-caption\">S\u00e9paration par courant de Foucault de l'aluminium<\/figcaption><\/figure> <\/figure>    <h2 class=\"wp-block-heading\"><strong>Param\u00e8tres techniques du machine de s\u00e9paration d'aluminium<\/strong><\/h2>    <figure class=\"wp-block-table\"><table><thead><tr><th>Mod\u00e8le<\/th><th class=\"has-text-align-center\" data-align=\"center\">Vitesse de rotation <\/th><th class=\"has-text-align-center\" data-align=\"center\">Largeur de la bande <\/th><th class=\"has-text-align-center\" data-align=\"center\">Capacit\u00e9<\/th><th class=\"has-text-align-center\" data-align=\"center\">Pouvoir<\/th><th class=\"has-text-align-center\" data-align=\"center\">Poids<\/th><th>Dimensions<\/th><\/tr><\/thead><tbody><tr><td>600<\/td><td class=\"has-text-align-center\" data-align=\"center\">0\u20133000r\/min<\/td><td class=\"has-text-align-center\" data-align=\"center\">650mm<\/td><td class=\"has-text-align-center\" data-align=\"center\">4\u20136t\/h<\/td><td class=\"has-text-align-center\" data-align=\"center\">4.0 0.75kw<\/td><td class=\"has-text-align-center\" data-align=\"center\">1400kg<\/td><td>2980\u00d71883\u00d71210mm<\/td><\/tr><tr><td>800<\/td><td class=\"has-text-align-center\" data-align=\"center\">0\u20133000r\/min<\/td><td class=\"has-text-align-center\" data-align=\"center\">850mm<\/td><td class=\"has-text-align-center\" data-align=\"center\">6\u201310t\/h<\/td><td class=\"has-text-align-center\" data-align=\"center\">5.5 1.1kw<\/td><td class=\"has-text-align-center\" data-align=\"center\">1800 kg<\/td><td>2980\u00d72033\u00d71210mm<\/td><\/tr><tr><td>1000<\/td><td class=\"has-text-align-center\" data-align=\"center\">0\u20133000r\/min<\/td><td class=\"has-text-align-center\" data-align=\"center\">1050mm<\/td><td class=\"has-text-align-center\" data-align=\"center\">10\u201312t\/h<\/td><td class=\"has-text-align-center\" data-align=\"center\">7.5 1.5kw<\/td><td class=\"has-text-align-center\" data-align=\"center\">2200kg<\/td><td>2980\u00d72233\u00d71210mm<\/td><\/tr><tr><td>1200<\/td><td class=\"has-text-align-center\" data-align=\"center\">0\u20133000r\/min<\/td><td class=\"has-text-align-center\" data-align=\"center\">1250mm<\/td><td class=\"has-text-align-center\" data-align=\"center\">12\u201315t\/h<\/td><td class=\"has-text-align-center\" data-align=\"center\">11 2.2kw<\/td><td class=\"has-text-align-center\" data-align=\"center\">2400kg<\/td><td>2980\u00d72433\u00d71210mm<\/td><\/tr><\/tbody><\/table><figcaption class=\"wp-element-caption\">param\u00e8tres du s\u00e9parateur \u00e0 courant de Foucault de Shuliy<\/figcaption><\/figure>    <p>Diff\u00e9rents mod\u00e8les peuvent \u00eatre s\u00e9lectionn\u00e9s en fonction de la taille du mat\u00e9riau, de la capacit\u00e9 de traitement et des exigences de la ligne de production. <\/p>    <p>Alternativement, vous pouvez nous fournir les mati\u00e8res premi\u00e8res que vous souhaitez traiter ou vos exigences de capacit\u00e9 de production, et notre personnel de vente professionnel recommandera la machine la plus adapt\u00e9e \u00e0 vos besoins sp\u00e9cifiques.<\/p>   <div class=\"wp-block-image\"> <figure class=\"aligncenter size-full\"><img loading=\"lazy\" decoding=\"async\" width=\"720\" height=\"540\" src=\"https:\/\/shuliybaler.com\/wp-content\/uploads\/2026\/03\/eddy-current-metal-separator.webp\" alt=\"S\u00e9parateur de m\u00e9taux \u00e0 courant de Foucault\" class=\"wp-image-3594\" title=\"\" srcset=\"https:\/\/shuliybaler.com\/wp-content\/uploads\/2026\/03\/eddy-current-metal-separator.webp 720w, https:\/\/shuliybaler.com\/wp-content\/uploads\/2026\/03\/eddy-current-metal-separator-360x270.webp 360w, https:\/\/shuliybaler.com\/wp-content\/uploads\/2026\/03\/eddy-current-metal-separator-180x135.webp 180w, https:\/\/shuliybaler.com\/wp-content\/uploads\/2026\/03\/eddy-current-metal-separator-16x12.webp 16w\" sizes=\"auto, (max-width: 720px) 100vw, 720px\" \/><figcaption class=\"wp-element-caption\">S\u00e9parateur de m\u00e9taux \u00e0 courant de Foucault<\/figcaption><\/figure> <\/div>   <h2 class=\"wp-block-heading\"><strong>Applications du s\u00e9parateur \u00e0 courant de Foucault non ferreux<\/strong><\/h2>    <p>Les s\u00e9parateurs \u00e0 courant de Foucault sont largement utilis\u00e9s dans de nombreuses industries, y compris le recyclage des m\u00e9taux et la r\u00e9cup\u00e9ration des d\u00e9chets.<\/p>    <ol class=\"wp-block-list\"> <li>Les s\u00e9parateurs de recyclage des m\u00e9taux sont couramment utilis\u00e9s dans les usines de traitement des d\u00e9chets solides municipaux pour r\u00e9cup\u00e9rer l'aluminium et d'autres m\u00e9taux pr\u00e9cieux issus des d\u00e9chets domestiques et industriels.<\/li>    <li>Dans les usines de d\u00e9mant\u00e8lement automobile, les s\u00e9parateurs \u00e0 courant de Foucault peuvent r\u00e9cup\u00e9rer le cuivre, l'aluminium et l'acier inoxydable \u00e0 partir de mat\u00e9riaux de v\u00e9hicules broy\u00e9s.<\/li>    <li>Il est adapt\u00e9 \u00e0 la r\u00e9cup\u00e9ration de m\u00e9taux non ferreux \u00e0 partir de d\u00e9chets \u00e9lectroniques, moteurs usag\u00e9s et \u00e9quipements \u00e9lectriques.<\/li>    <li>De plus, dans l'industrie de la fonderie, les machines de s\u00e9paration d'aluminium peuvent r\u00e9cup\u00e9rer l'aluminium et le cuivre \u00e0 partir du sable de fonderie de cuivre et d'aluminium et des cendres de fusion.<\/li>    <li>Le s\u00e9parateur de m\u00e9taux non ferreux est particuli\u00e8rement adapt\u00e9 \u00e0 la r\u00e9cup\u00e9ration d'aluminium \u00e0 partir de portes et fen\u00eatres en aluminium thermiquement cass\u00e9s jet\u00e9s.<\/li> <\/ol>   <div class=\"wp-block-image\"> <figure class=\"aligncenter size-full\"><img loading=\"lazy\" decoding=\"async\" width=\"720\" height=\"540\" src=\"https:\/\/shuliybaler.com\/wp-content\/uploads\/2026\/03\/refrigerator-recycling-production-line.webp\" alt=\"ligne de recyclage de r\u00e9frig\u00e9rateurs\" class=\"wp-image-3595\" title=\"\" srcset=\"https:\/\/shuliybaler.com\/wp-content\/uploads\/2026\/03\/refrigerator-recycling-production-line.webp 720w, https:\/\/shuliybaler.com\/wp-content\/uploads\/2026\/03\/refrigerator-recycling-production-line-360x270.webp 360w, https:\/\/shuliybaler.com\/wp-content\/uploads\/2026\/03\/refrigerator-recycling-production-line-180x135.webp 180w, https:\/\/shuliybaler.com\/wp-content\/uploads\/2026\/03\/refrigerator-recycling-production-line-16x12.webp 16w\" sizes=\"auto, (max-width: 720px) 100vw, 720px\" \/><figcaption class=\"wp-element-caption\">ligne de recyclage de r\u00e9frig\u00e9rateurs<\/figcaption><\/figure> <\/div>   <p>De plus, dans la plupart des usines de recyclage, les s\u00e9parateurs d'aluminium font partie int\u00e9grante d'une ligne de recyclage compl\u00e8te. Une configuration typique comprend :<\/p>    <ul class=\"wp-block-list\"> <li><a href=\"https:\/\/shuliybaler.com\/fr\/product\/metal-crusher-machine-metal-recycling\/\">Broyeur mental<\/a> ou pulv\u00e9risateur<\/li>    <li>S\u00e9parateur magn\u00e9tique (pour \u00e9liminer les m\u00e9taux ferreux)<\/li>    <li>S\u00e9parateur \u00e0 courant de Foucault<\/li> <\/ul>    <figure class=\"wp-block-gallery has-nested-images columns-default is-cropped wp-block-gallery-4 is-layout-flex wp-block-gallery-is-layout-flex\"> <figure class=\"wp-block-image size-large\"><img loading=\"lazy\" decoding=\"async\" width=\"720\" height=\"540\" data-id=\"3597\" src=\"https:\/\/shuliybaler.com\/wp-content\/uploads\/2026\/03\/aluminum-window-frame-recycling.webp\" alt=\"aluminum window frame recycling\" class=\"wp-image-3597\" title=\"\" srcset=\"https:\/\/shuliybaler.com\/wp-content\/uploads\/2026\/03\/aluminum-window-frame-recycling.webp 720w, https:\/\/shuliybaler.com\/wp-content\/uploads\/2026\/03\/aluminum-window-frame-recycling-360x270.webp 360w, https:\/\/shuliybaler.com\/wp-content\/uploads\/2026\/03\/aluminum-window-frame-recycling-180x135.webp 180w, https:\/\/shuliybaler.com\/wp-content\/uploads\/2026\/03\/aluminum-window-frame-recycling-16x12.webp 16w\" sizes=\"auto, (max-width: 720px) 100vw, 720px\" \/><figcaption class=\"wp-element-caption\">Recyclage de cadres de fen\u00eatres en aluminium<\/figcaption><\/figure>    <figure class=\"wp-block-image size-large\"><img loading=\"lazy\" decoding=\"async\" width=\"720\" height=\"540\" data-id=\"3596\" src=\"https:\/\/shuliybaler.com\/wp-content\/uploads\/2026\/03\/thermal-break-aluminum-recycling-line.webp\" alt=\"Machine de broyage de m\u00e9taux scrap\" class=\"wp-image-3596\" title=\"\" srcset=\"https:\/\/shuliybaler.com\/wp-content\/uploads\/2026\/03\/thermal-break-aluminum-recycling-line.webp 720w, https:\/\/shuliybaler.com\/wp-content\/uploads\/2026\/03\/thermal-break-aluminum-recycling-line-360x270.webp 360w, https:\/\/shuliybaler.com\/wp-content\/uploads\/2026\/03\/thermal-break-aluminum-recycling-line-180x135.webp 180w, https:\/\/shuliybaler.com\/wp-content\/uploads\/2026\/03\/thermal-break-aluminum-recycling-line-16x12.webp 16w\" sizes=\"auto, (max-width: 720px) 100vw, 720px\" \/><figcaption class=\"wp-element-caption\">Ligne de recyclage de l'aluminium thermiquement cass\u00e9<\/figcaption><\/figure> <\/figure>    <p>Ce syst\u00e8me r\u00e9cup\u00e8re efficacement le fer, l'aluminium, le cuivre et d'autres m\u00e9taux pr\u00e9cieux \u00e0 partir de d\u00e9chets mixtes.<\/p>    <p>The specific production line configuration will be determined based on the raw materials to be processed and the customer&#8217;s requirements for the final product. If you need metal recycling for scrap materials, contact us to design a custom solution!<\/p>","protected":false},"excerpt":{"rendered":"<p>This eddy current separator is designed to efficiently separate non-ferrous metals such as aluminum and copper from mixed recycling materials. It is widely used in waste treatment plants, scrap vehicle recycling, electronic waste processing, and metal recovery industries. With intelligent control, strong magnetic repulsion, and high sorting efficiency, it helps improve metal recovery rates and production efficiency.<\/p>","protected":false},"author":1,"featured_media":3589,"parent":0,"template":"","tags":[15],"product-type":[87],"class_list":["post-3585","product","type-product","status-publish","has-post-thumbnail","hentry","tag-metal","product-type-metal-recycling-machine"],"_links":{"self":[{"href":"https:\/\/shuliybaler.com\/fr\/wp-json\/wp\/v2\/product\/3585","targetHints":{"allow":["GET"]}}],"collection":[{"href":"https:\/\/shuliybaler.com\/fr\/wp-json\/wp\/v2\/product"}],"about":[{"href":"https:\/\/shuliybaler.com\/fr\/wp-json\/wp\/v2\/types\/product"}],"author":[{"embeddable":true,"href":"https:\/\/shuliybaler.com\/fr\/wp-json\/wp\/v2\/users\/1"}],"wp:featuredmedia":[{"embeddable":true,"href":"https:\/\/shuliybaler.com\/fr\/wp-json\/wp\/v2\/media\/3589"}],"wp:attachment":[{"href":"https:\/\/shuliybaler.com\/fr\/wp-json\/wp\/v2\/media?parent=3585"}],"wp:term":[{"taxonomy":"post_tag","embeddable":true,"href":"https:\/\/shuliybaler.com\/fr\/wp-json\/wp\/v2\/tags?post=3585"},{"taxonomy":"product-type","embeddable":true,"href":"https:\/\/shuliybaler.com\/fr\/wp-json\/wp\/v2\/product-type?post=3585"}],"curies":[{"name":"wp","href":"https:\/\/api.w.org\/{rel}","templated":true}]}}