{"id":3641,"date":"2026-04-13T13:29:55","date_gmt":"2026-04-13T05:29:55","guid":{"rendered":"https:\/\/shuliybaler.com\/?post_type=product&#038;p=3641"},"modified":"2026-04-13T14:24:58","modified_gmt":"2026-04-13T06:24:58","slug":"plastic-rubber-separator-machine","status":"publish","type":"product","link":"https:\/\/shuliybaler.com\/fr\/product\/plastic-rubber-separator-machine\/","title":{"rendered":"Machine s\u00e9paratrice en plastique et caoutchouc"},"content":{"rendered":"<p class=\"translation-block\">Le <strong>s\u00e9parateur en plastique et caoutchouc<\/strong> est con\u00e7u pour s\u00e9parer le caoutchouc, le silicone (gel de silicone) et les plastiques des d\u00e9chets plastiques m\u00e9lang\u00e9s \u2014 tels que les appareils m\u00e9nagers jet\u00e9s, les composants automobiles, les d\u00e9chets m\u00e9dicaux et les d\u00e9chets \u00e9lectroniques, avec une production de 600 \u00e0 1 200 kg\/h.<\/p>    <p>En utilisant une technologie de s\u00e9paration purement physique bas\u00e9e sur l'effet de friction miroir et les diff\u00e9rences de propri\u00e9t\u00e9s de rebond \u00e9lastique, il est capable de s\u00e9parer pr\u00e9cis\u00e9ment les mat\u00e9riaux, ce qui augmente consid\u00e9rablement la puret\u00e9 des mat\u00e9riaux r\u00e9cup\u00e9r\u00e9s.<\/p>    <h2 class=\"wp-block-heading\"><strong>Principaux avantages du s\u00e9parateur en plastique et caoutchouc<\/strong><\/h2>    <ol class=\"wp-block-list\"> <li>L'\u00e9quipement atteint une puret\u00e9 de tri sup\u00e9rieure \u00e0 99 %, \u00e9liminant efficacement les impuret\u00e9s de silicone et de caoutchouc.<\/li>    <li>En utilisant un processus de s\u00e9paration purement physique, il ne n\u00e9cessite pas de r\u00e9actifs chimiques ni d'eau, ce qui n'impose aucune charge environnementale.<\/li>    <li>We have optimized the machine&#8217;s structural design to minimize power consumption, resulting in low operating and maintenance costs.<\/li>    <li>Le s\u00e9parateur en plastique et caoutchouc est enti\u00e8rement contr\u00f4l\u00e9 par un syst\u00e8me PLC automatis\u00e9, dot\u00e9 d'un \u00e9cran tactile HMI de 11 pouces (Interface Homme-Machine) n\u00e9cessitant peu de formation pour son utilisation.<\/li>    <li>Tous les composants en contact avec le mat\u00e9riau sont fabriqu\u00e9s en acier inoxydable et en mat\u00e9riaux chrom\u00e9s, offrant une r\u00e9sistance exceptionnelle \u00e0 l'usure et \u00e0 la corrosion.<\/li>    <li>Gr\u00e2ce \u00e0 un syst\u00e8me int\u00e9gr\u00e9, il atteint un haut degr\u00e9 d'automatisation, comprenant l'alimentation automatique, le transport du mat\u00e9riau, le tri, la s\u00e9paration, le cycle automatique et la d\u00e9charge, n\u00e9cessitant seulement un op\u00e9rateur pour une op\u00e9ration ind\u00e9pendante.<\/li> <\/ol>   <div class=\"wp-block-image\"> <figure class=\"aligncenter size-full\"><img loading=\"lazy\" decoding=\"async\" width=\"720\" height=\"540\" src=\"https:\/\/shuliybaler.com\/wp-content\/uploads\/2026\/04\/commercialplastic-rubber-separator-equipment.webp\" alt=\"\u00c9quipement de s\u00e9parateur en plastique et caoutchouc commercial\" class=\"wp-image-3646\" title=\"\" srcset=\"https:\/\/shuliybaler.com\/wp-content\/uploads\/2026\/04\/commercialplastic-rubber-separator-equipment.webp 720w, https:\/\/shuliybaler.com\/wp-content\/uploads\/2026\/04\/commercialplastic-rubber-separator-equipment-360x270.webp 360w, https:\/\/shuliybaler.com\/wp-content\/uploads\/2026\/04\/commercialplastic-rubber-separator-equipment-180x135.webp 180w, https:\/\/shuliybaler.com\/wp-content\/uploads\/2026\/04\/commercialplastic-rubber-separator-equipment-16x12.webp 16w\" sizes=\"auto, (max-width: 720px) 100vw, 720px\" \/><figcaption class=\"wp-element-caption\">\u00c9quipement de s\u00e9parateur en plastique et caoutchouc commercial<\/figcaption><\/figure> <\/div>   <h2 class=\"wp-block-heading\"><strong>Param\u00e8tres techniques de la machine de s\u00e9paration en plastique et caoutchouc<\/strong><\/h2>    <p>Compar\u00e9 aux \u00e9quipements de s\u00e9paration traditionnels, cet appareil offre une op\u00e9ration enti\u00e8rement automatis\u00e9e avec une puret\u00e9 de tri plus \u00e9lev\u00e9e (\u226599 %) tout en consommant moins d'\u00e9nergie. Les sp\u00e9cifications d\u00e9taill\u00e9es de ses deux mod\u00e8les diff\u00e9rents sont fournies ci-dessous.<\/p>    <figure class=\"wp-block-table\"><table class=\"has-fixed-layout\"><thead><tr><th class=\"has-text-align-center\" data-align=\"center\">Mod\u00e8le<\/th><th class=\"has-text-align-center\" data-align=\"center\">Pouvoir<\/th><th class=\"has-text-align-center\" data-align=\"center\">Capacit\u00e9<\/th><th class=\"has-text-align-center\" data-align=\"center\">Puret\u00e9 de tri<\/th><th class=\"has-text-align-center\" data-align=\"center\">Dimension <\/th><th class=\"has-text-align-center\" data-align=\"center\">Poids<\/th><\/tr><\/thead><tbody><tr><td class=\"has-text-align-center\" data-align=\"center\">SL-1250<\/td><td class=\"has-text-align-center\" data-align=\"center\">9,5 kW<\/td><td class=\"has-text-align-center\" data-align=\"center\">600\u20131000 kg\/h<\/td><td class=\"has-text-align-center\" data-align=\"center\">\u226599%<\/td><td class=\"has-text-align-center\" data-align=\"center\">5580\u00d72280\u00d74250 mm<\/td><td class=\"has-text-align-center\" data-align=\"center\">3500 kg<\/td><\/tr><tr><td class=\"has-text-align-center\" data-align=\"center\">SL-1800<\/td><td class=\"has-text-align-center\" data-align=\"center\">12,5 kW<\/td><td class=\"has-text-align-center\" data-align=\"center\">800\u20131200 kg\/h<\/td><td class=\"has-text-align-center\" data-align=\"center\">\u226599%<\/td><td class=\"has-text-align-center\" data-align=\"center\">5580\u00d73150\u00d74250 mm<\/td><td class=\"has-text-align-center\" data-align=\"center\">4800 kg<\/td><\/tr><\/tbody><\/table><figcaption class=\"wp-element-caption\">Sp\u00e9cification d\u00e9taill\u00e9e du s\u00e9parateur en plastique et caoutchouc<\/figcaption><\/figure>    <p>Si vous n'\u00eates pas s\u00fbr du mod\u00e8le qui vous convient le mieux, veuillez nous contacter pour des conseils d'experts. Notre \u00e9quipe commerciale recommandera la machine appropri\u00e9e en fonction de vos besoins en mat\u00e9riaux et en produits finis.<\/p>   <div class=\"wp-block-image\"> <figure class=\"aligncenter size-full\"><img loading=\"lazy\" decoding=\"async\" width=\"720\" height=\"540\" src=\"https:\/\/shuliybaler.com\/wp-content\/uploads\/2026\/04\/plastic-rubber-separating-machine.webp\" alt=\"machine de s\u00e9paration en plastique et caoutchouc\" class=\"wp-image-3647\" title=\"\" srcset=\"https:\/\/shuliybaler.com\/wp-content\/uploads\/2026\/04\/plastic-rubber-separating-machine.webp 720w, https:\/\/shuliybaler.com\/wp-content\/uploads\/2026\/04\/plastic-rubber-separating-machine-360x270.webp 360w, https:\/\/shuliybaler.com\/wp-content\/uploads\/2026\/04\/plastic-rubber-separating-machine-180x135.webp 180w, https:\/\/shuliybaler.com\/wp-content\/uploads\/2026\/04\/plastic-rubber-separating-machine-16x12.webp 16w\" sizes=\"auto, (max-width: 720px) 100vw, 720px\" \/><figcaption class=\"wp-element-caption\">machine de s\u00e9paration en plastique et caoutchouc<\/figcaption><\/figure> <\/div>   <h2 class=\"wp-block-heading\"><strong>Caract\u00e9ristiques structurelles du s\u00e9parateur en caoutchouc et plastique<\/strong><\/h2>    <p>Ce s\u00e9parateur en plastique et caoutchouc comprend principalement les syst\u00e8mes suivants et leurs fonctions cl\u00e9s :<\/p>    <ul class=\"wp-block-list\"> <li>Syst\u00e8me d'alimentation : Dot\u00e9 d'une conception d'alimentation automatis\u00e9e et r\u00e9glable pour assurer un fonctionnement continu.<\/li>    <li>Syst\u00e8me de levage : Assure le transport fluide et stable des mat\u00e9riaux.<\/li>    <li>Syst\u00e8me de tri : L'unit\u00e9 principale, qui effectue la s\u00e9paration selon les principes de friction et de rebond.<\/li>    <li>Syst\u00e8me de recirculation : Traite automatiquement les mat\u00e9riaux non conformes pour r\u00e9usinage.<\/li>    <li>Syst\u00e8me de d\u00e9charge : Sortie s\u00e9par\u00e9e des mat\u00e9riaux finis.<\/li> <\/ul>    <p>La conception structurelle interne garantit la stabilit\u00e9 op\u00e9rationnelle de l'\u00e9quipement tout en maximisant la pr\u00e9cision du tri.<\/p>    <h2 class=\"wp-block-heading\"><strong>Comment s\u00e9parer les plastiques m\u00e9lang\u00e9s avec du caoutchouc et du silicone ?<\/strong><\/h2>    <p>Dans les sc\u00e9narios de recyclage pratiques, les plastiques m\u00e9lang\u00e9s consistent souvent en divers mat\u00e9riaux \u2014 tels que ABS, PS, PP et PE \u2014 m\u00eal\u00e9s \u00e0 du caoutchouc et du silicone.<\/p>    <p>Le flux de travail de traitement appropri\u00e9 comprend g\u00e9n\u00e9ralement les \u00e9tapes suivantes :<\/p>    <ul class=\"wp-block-list\"> <li>Pr\u00e9-broyage des mat\u00e9riaux de d\u00e9chets (\u00e0 l'aide d'un <a href=\"https:\/\/shuliybaler.com\/fr\/product\/small-metal-shredder-for-waste-recycling\/\">broyeur m\u00e9tallique<\/a>)<\/li>    <li>\u00c9limination du caoutchouc et du silicone \u00e0 l'aide d'un s\u00e9parateur en plastique et caoutchouc sp\u00e9cialis\u00e9<\/li>    <li>Tri suppl\u00e9mentaire des plastiques (par exemple, en utilisant la s\u00e9paration \u00e9lectrostatique ou des m\u00e9thodes de s\u00e9paration par densit\u00e9)<\/li> <\/ul>    <p>Prenons l'exemple du recyclage des r\u00e9frig\u00e9rateurs :<\/p>    <ul class=\"wp-block-list\"> <li>Le m\u00e9lange de plastique broy\u00e9 contient ABS, PS, PP, PE et caoutchouc.<\/li>    <li>Tout d'abord, les composants en caoutchouc et silicone sont retir\u00e9s \u00e0 l'aide d'un s\u00e9parateur en plastique et caoutchouc.<\/li>    <li>Ensuite, les plastiques restants sont s\u00e9par\u00e9s \u00e0 l'aide de m\u00e9thodes de s\u00e9paration \u00e9lectrostatique ou de flottation.<\/li> <\/ul>    <p>Cette \u00e9tape garantit un niveau de puret\u00e9 plus \u00e9lev\u00e9 pour le produit final, am\u00e9liorant ainsi sa valeur globale de recyclage.<\/p>    <figure class=\"wp-block-gallery has-nested-images columns-default is-cropped wp-block-gallery-2 is-layout-flex wp-block-gallery-is-layout-flex\"> <figure class=\"wp-block-image size-large\"><img loading=\"lazy\" decoding=\"async\" width=\"720\" height=\"540\" data-id=\"3644\" src=\"https:\/\/shuliybaler.com\/wp-content\/uploads\/2026\/04\/plastic-separated-from-the-finished-products.webp\" alt=\"plastique s\u00e9par\u00e9 des produits finis\" class=\"wp-image-3644\" title=\"\" srcset=\"https:\/\/shuliybaler.com\/wp-content\/uploads\/2026\/04\/plastic-separated-from-the-finished-products.webp 720w, https:\/\/shuliybaler.com\/wp-content\/uploads\/2026\/04\/plastic-separated-from-the-finished-products-360x270.webp 360w, https:\/\/shuliybaler.com\/wp-content\/uploads\/2026\/04\/plastic-separated-from-the-finished-products-180x135.webp 180w, https:\/\/shuliybaler.com\/wp-content\/uploads\/2026\/04\/plastic-separated-from-the-finished-products-16x12.webp 16w\" sizes=\"auto, (max-width: 720px) 100vw, 720px\" \/><figcaption class=\"wp-element-caption\">Plastique s\u00e9par\u00e9 des produits finis<\/figcaption><\/figure>    <figure class=\"wp-block-image size-large\"><img loading=\"lazy\" decoding=\"async\" width=\"720\" height=\"540\" data-id=\"3645\" src=\"https:\/\/shuliybaler.com\/wp-content\/uploads\/2026\/04\/rubber-separated-from-finished-products.webp\" alt=\"Caoutchouc s\u00e9par\u00e9 des produits finis\" class=\"wp-image-3645\" title=\"\" srcset=\"https:\/\/shuliybaler.com\/wp-content\/uploads\/2026\/04\/rubber-separated-from-finished-products.webp 720w, https:\/\/shuliybaler.com\/wp-content\/uploads\/2026\/04\/rubber-separated-from-finished-products-360x270.webp 360w, https:\/\/shuliybaler.com\/wp-content\/uploads\/2026\/04\/rubber-separated-from-finished-products-180x135.webp 180w, https:\/\/shuliybaler.com\/wp-content\/uploads\/2026\/04\/rubber-separated-from-finished-products-16x12.webp 16w\" sizes=\"auto, (max-width: 720px) 100vw, 720px\" \/><figcaption class=\"wp-element-caption\">Caoutchouc s\u00e9par\u00e9 des produits finis<\/figcaption><\/figure> <\/figure>    <h2 class=\"wp-block-heading\"><strong>Principe de fonctionnement du s\u00e9parateur en plastique et caoutchouc<\/strong><\/h2>    <p>Le principe de fonctionnement de la machine de s\u00e9paration du plastique et du caoutchouc repose sur deux facteurs :<\/p>    <ul class=\"wp-block-list\"> <li>Diff\u00e9rences de friction : Les plastiques et le caoutchouc poss\u00e8dent des coefficients de friction de surface distincts.<\/li>    <li>Diff\u00e9rences d'\u00e9lasticit\u00e9 : Par rapport aux plastiques, le caoutchouc et le silicone pr\u00e9sentent des diff\u00e9rences significatives dans leurs caract\u00e9ristiques de rebond.<\/li> <\/ul>    <p>La trajectoire de glissement des plastiques diff\u00e8re de celle du caoutchouc et du silicone. En raison de leur \u00e9lasticit\u00e9 plus \u00e9lev\u00e9e, les mat\u00e9riaux \u00e0 base de caoutchouc rebondissent et sont d\u00e9vi\u00e9s. Ce m\u00e9canisme permet une s\u00e9paration pr\u00e9cise sans utiliser de produits chimiques ou d'eau.<\/p>    <h2 class=\"wp-block-heading\"><strong>FAQ sur l'\u00e9quipement de s\u00e9paration en plastique et caoutchouc<\/strong><\/h2>   <div id=\"rank-math-faq\" class=\"rank-math-block\"> <div class=\"rank-math-list\"> <div id=\"faq-question-1776048969535\" class=\"rank-math-list-item\"> <h3 class=\"rank-math-question\">Quelle est la puret\u00e9 de s\u00e9paration du s\u00e9parateur en plastique et caoutchouc ?<\/h3> <div class=\"rank-math-answer\">  <p>Le s\u00e9parateur en plastique et caoutchouc Shuliy atteint une puret\u00e9 de s\u00e9paration pouvant aller jusqu'\u00e0 99 %.<\/p>  <\/div> <\/div> <div id=\"faq-question-1776048998667\" class=\"rank-math-list-item\"> <h3 class=\"rank-math-question\">Quels mat\u00e9riaux cette machine peut-elle traiter ?<\/h3> <div class=\"rank-math-answer\">  <p>Il convient au traitement des plastiques m\u00e9lang\u00e9s issus d'appareils m\u00e9nagers jet\u00e9s, de bouteilles et sacs d'infusion m\u00e9dicale (en PP et silicone), de bouchons en caoutchouc provenant de bo\u00eetiers de batteries usag\u00e9s, et de d\u00e9chets plastiques issus de sources automobiles et \u00e9lectroniques.<\/p>  <\/div> <\/div> <div id=\"faq-question-1776049103744\" class=\"rank-math-list-item\"> <h3 class=\"rank-math-question\">Est-il \u00e9cologique ?<\/h3> <div class=\"rank-math-answer\">  <p>Cet appareil utilise une technologie de s\u00e9paration purement physique bas\u00e9e sur les diff\u00e9rences de friction et de rebond. Ne n\u00e9cessitant ni produits chimiques ni eau, et ne produisant aucune pollution secondaire, il constitue une solution de recyclage totalement \u00e9cologique.<\/p>  <\/div> <\/div> <div id=\"faq-question-1776049154929\" class=\"rank-math-list-item\"> <h3 class=\"rank-math-question\">Peut-il \u00eatre int\u00e9gr\u00e9 dans une ligne de production de recyclage compl\u00e8te ?<\/h3> <div class=\"rank-math-answer\">  <p>Ce s\u00e9parateur en plastique et caoutchouc est g\u00e9n\u00e9ralement utilis\u00e9 dans le cadre d'un syst\u00e8me de recyclage complet, en collaboration avec d'autres machines telles que des concasseurs, des s\u00e9parateurs \u00e9lectrostatiques et des r\u00e9servoirs de s\u00e9paration par densit\u00e9.<\/p>  <\/div> <\/div> <\/div> <\/div>  <div class=\"wp-block-image\"> <figure class=\"aligncenter size-full\"><img loading=\"lazy\" decoding=\"async\" width=\"720\" height=\"540\" src=\"https:\/\/shuliybaler.com\/wp-content\/uploads\/2026\/04\/separate-rubber-from-plastic-machine.webp\" alt=\"s\u00e9parer le caoutchouc du plastique\" class=\"wp-image-3648\" title=\"\" srcset=\"https:\/\/shuliybaler.com\/wp-content\/uploads\/2026\/04\/separate-rubber-from-plastic-machine.webp 720w, https:\/\/shuliybaler.com\/wp-content\/uploads\/2026\/04\/separate-rubber-from-plastic-machine-360x270.webp 360w, https:\/\/shuliybaler.com\/wp-content\/uploads\/2026\/04\/separate-rubber-from-plastic-machine-180x135.webp 180w, https:\/\/shuliybaler.com\/wp-content\/uploads\/2026\/04\/separate-rubber-from-plastic-machine-16x12.webp 16w\" sizes=\"auto, (max-width: 720px) 100vw, 720px\" \/><figcaption class=\"wp-element-caption\">s\u00e9parer le caoutchouc du plastique<\/figcaption><\/figure> <\/div>   <p>La machine de s\u00e9paration en plastique et caoutchouc est un composant essentiel dans les syst\u00e8mes de recyclage modernes, particuli\u00e8rement adapt\u00e9e au traitement des d\u00e9chets plastiques complexes contenant du caoutchouc et du silicone.<\/p>    <p>En tirant parti de sa haute pr\u00e9cision, de son fonctionnement \u00e9cologique et de ses fonctionnalit\u00e9s automatis\u00e9es, cet \u00e9quipement augmente consid\u00e9rablement la valeur de r\u00e9cup\u00e9ration des mat\u00e9riaux et soutient fermement les pratiques de recyclage durable.<\/p>    <p>Si vous souhaitez am\u00e9liorer votre ligne de production de recyclage ou augmenter la puret\u00e9 des mat\u00e9riaux, ce s\u00e9parateur en plastique et caoutchouc constitue une solution fiable et tr\u00e8s rentable. Contactez-nous d\u00e8s aujourd'hui pour les derni\u00e8res mises \u00e0 jour et offres sp\u00e9ciales !<\/p>","protected":false},"excerpt":{"rendered":"<p>Utilizing the principles of friction and bouncing, the plastic-rubber separator efficiently separates silicone, rubber, and plastics from mixed materials, achieving a purity level of up to 99%. It is an ideal solution for the recycling industries of electronic waste, medical plastics, and batteries.<\/p>","protected":false},"author":1,"featured_media":3643,"parent":0,"template":"","tags":[93,92],"product-type":[91],"class_list":["post-3641","product","type-product","status-publish","has-post-thumbnail","hentry","tag-plastic","tag-rubber","product-type-other-recycling-machine"],"_links":{"self":[{"href":"https:\/\/shuliybaler.com\/fr\/wp-json\/wp\/v2\/product\/3641","targetHints":{"allow":["GET"]}}],"collection":[{"href":"https:\/\/shuliybaler.com\/fr\/wp-json\/wp\/v2\/product"}],"about":[{"href":"https:\/\/shuliybaler.com\/fr\/wp-json\/wp\/v2\/types\/product"}],"author":[{"embeddable":true,"href":"https:\/\/shuliybaler.com\/fr\/wp-json\/wp\/v2\/users\/1"}],"wp:featuredmedia":[{"embeddable":true,"href":"https:\/\/shuliybaler.com\/fr\/wp-json\/wp\/v2\/media\/3643"}],"wp:attachment":[{"href":"https:\/\/shuliybaler.com\/fr\/wp-json\/wp\/v2\/media?parent=3641"}],"wp:term":[{"taxonomy":"post_tag","embeddable":true,"href":"https:\/\/shuliybaler.com\/fr\/wp-json\/wp\/v2\/tags?post=3641"},{"taxonomy":"product-type","embeddable":true,"href":"https:\/\/shuliybaler.com\/fr\/wp-json\/wp\/v2\/product-type?post=3641"}],"curies":[{"name":"wp","href":"https:\/\/api.w.org\/{rel}","templated":true}]}}