{"id":3658,"date":"2026-04-22T14:16:43","date_gmt":"2026-04-22T06:16:43","guid":{"rendered":"https:\/\/shuliybaler.com\/?post_type=product&#038;p=3658"},"modified":"2026-04-22T14:36:02","modified_gmt":"2026-04-22T06:36:02","slug":"plastic-pulverizer-machine","status":"publish","type":"product","link":"https:\/\/shuliybaler.com\/fr\/product\/plastic-pulverizer-machine\/","title":{"rendered":"Machine pulverisatrice de plastique"},"content":{"rendered":"<p class=\"translation-block\">Le <strong>pulv\u00e9risateur de plastique<\/strong> est un \u00e9quipement de broyage sp\u00e9cialis\u00e9 utilis\u00e9 pour traiter les mat\u00e9riaux plastiques usag\u00e9s en poudre fine. Il est largement utilis\u00e9 dans l'industrie du recyclage du plastique pour r\u00e9duire les d\u00e9chets plastiques durs en poudre r\u00e9utilisable pour la revalorisation et la fabrication.<\/p>    <p>Cette machine de broyage de plastique est particuli\u00e8rement efficace pour les plastiques rigides et semi-rigides tels que les tuyaux en PVC, profils en plastique, feuilles en ABS, mat\u00e9riaux en PP, et autres thermoplastiques.<\/p>    <h2 class=\"wp-block-heading\"><strong>Points forts de la machine pulverisateur de plastique<\/strong><\/h2>    <ol class=\"wp-block-list\"> <li>Ce pulverisateur de plastique pr\u00e9sente une conception innovante de la structure de coupe, offrant des effets puissants d'impact et de cisaillement.<\/li>    <li>Elle est \u00e9galement \u00e9quip\u00e9e d'un syst\u00e8me de force centrifuge \u00e0 haute vitesse, permettant une r\u00e9duction tr\u00e8s efficace de la taille des particules.<\/li>    <li>De plus, un syst\u00e8me de refroidissement double int\u00e9gr\u00e9 \u2014 combinant refroidissement par air et par eau \u2014 emp\u00eache efficacement la surchauffe de l'\u00e9quipement et la d\u00e9gradation thermique du mat\u00e9riau trait\u00e9.<\/li>    <li>Shuliy a sp\u00e9cifiquement adopt\u00e9 un design de chambre ouverte pour l'unit\u00e9 de broyage, facilitant la maintenance de routine et le remplacement des lames.<\/li>    <li>\u00c9quip\u00e9e d'un syst\u00e8me de tamis vibrants, la machine garantit une taille de particule uniforme et coh\u00e9rente dans le produit fini en poudre.<\/li>    <li>Pour assurer une production propre et efficace, la machine est \u00e9galement \u00e9quip\u00e9e d'un syst\u00e8me d'alimentation sous pression n\u00e9gative et d'un syst\u00e8me de collecte de poussi\u00e8re.<\/li>    <li>Il utilise un syst\u00e8me de contr\u00f4le \u00e9lectrique Star-Delta, qui r\u00e9duit efficacement le courant de d\u00e9marrage et prolonge la dur\u00e9e de vie du moteur.<\/li> <\/ol>    <h2 class=\"wp-block-heading\"><strong>Applications des broyeurs de plastique<\/strong><\/h2>    <p>Les broyeurs de plastique sont largement utilis\u00e9s dans divers secteurs de l'industrie du recyclage et du traitement du plastique.<\/p>    <ul class=\"wp-block-list\"> <li>Mat\u00e9riaux pouvant \u00eatre trait\u00e9s :<\/li>    <li>Tuyaux, profils, feuilles en PVC, et d\u00e9chets d'emballage<\/li>    <li>PE, PP, ABS, PS, PA, et PC<\/li>    <li>Mat\u00e9riaux EVA, PET, PPS, EPS, et mousse<\/li>    <li>Mat\u00e9riaux composites en aluminium et plastique<\/li>    <li>D\u00e9chets, rebuts, et produits d\u00e9fectueux issus de l'industrie du plastique<\/li> <\/ul>    <ol class=\"wp-block-list\"> <li>Les applications typiques se trouvent dans :<\/li>    <li>Usines de recyclage du plastique<\/li>    <li>Installations de fabrication de tuyaux et profils en PVC<\/li>    <li>Industries d'extrusion et de moulage par injection du plastique<\/li>    <li>Centres de traitement des d\u00e9chets plastiques<\/li>    <li>Secteurs de production de mati\u00e8res premi\u00e8res plastiques<\/li> <\/ol>    <p>Cet \u00e9quipement est particuli\u00e8rement adapt\u00e9 au recyclage et au traitement du PVC rigide, ainsi qu'au broyage de plastiques cassants de duret\u00e9 moyenne.<\/p>    <p class=\"translation-block\"><strong>Mod\u00e8les et param\u00e8tres techniques de la machine pulverisateur de plastique<\/strong><\/p>    <figure class=\"wp-block-table\"><table><thead><tr><th>Mod\u00e8le<\/th><th class=\"has-text-align-center\" data-align=\"center\">Diam\u00e8tre du disque<\/th><th class=\"has-text-align-center\" data-align=\"center\">Lames rotatives<\/th><th class=\"has-text-align-center\" data-align=\"center\">Lames fixes<\/th><th class=\"has-text-align-center\" data-align=\"center\">Pouvoir<\/th><th>Capacit\u00e9<\/th><th>Taille<\/th><th>Poids<\/th><\/tr><\/thead><tbody><tr><td>500<\/td><td class=\"has-text-align-center\" data-align=\"center\">483\u00b11 mm<\/td><td class=\"has-text-align-center\" data-align=\"center\">24<\/td><td class=\"has-text-align-center\" data-align=\"center\">12<\/td><td class=\"has-text-align-center\" data-align=\"center\">44\/59 kW<\/td><td>120\u2013300 kg\/h<\/td><td>3000\u00d72800\u00d73900 mm<\/td><td>1680 kg<\/td><\/tr><tr><td>600<\/td><td class=\"has-text-align-center\" data-align=\"center\">583\u00b11 mm<\/td><td class=\"has-text-align-center\" data-align=\"center\">28<\/td><td class=\"has-text-align-center\" data-align=\"center\">14<\/td><td class=\"has-text-align-center\" data-align=\"center\">54\/72 kW<\/td><td>180\u2013480 kg\/h<\/td><td>3200\u00d73000\u00d74200 mm<\/td><td>2280 kg<\/td><\/tr><tr><td>800<\/td><td class=\"has-text-align-center\" data-align=\"center\">783\u00b11 mm<\/td><td class=\"has-text-align-center\" data-align=\"center\">36<\/td><td class=\"has-text-align-center\" data-align=\"center\">16<\/td><td class=\"has-text-align-center\" data-align=\"center\">88\/118 kW<\/td><td>350\u2013880 kg\/h<\/td><td>3500\u00d73200\u00d74500 mm<\/td><td>2880 kg<\/td><\/tr><\/tbody><\/table><figcaption class=\"wp-element-caption\">Sp\u00e9cification de la machine de broyage de plastique<\/figcaption><\/figure>    <p class=\"translation-block\">Le <strong>pulv\u00e9risateur PE PP PVC<\/strong> appartient \u00e0 la s\u00e9rie de moulins \u00e0 pierre, con\u00e7ue pour le traitement efficace de mat\u00e9riaux cassants de duret\u00e9 moyenne. Si vous souhaitez conna\u00eetre d'autres d\u00e9tails ou informations sp\u00e9cifiques, veuillez nous contacter !<\/p>    <h2 class=\"wp-block-heading\"><strong>Principes et flux de processus des pulverisateurs de plastique<\/strong><\/h2>    <p>: Le fonctionnement d'un pulverisateur de plastique repose principalement sur l'effet combin\u00e9 du broyage \u00e0 grande vitesse et des forces d'impact :<\/p>    <ul class=\"wp-block-list\"> <li><strong>\u00c9tape d'alimentation<\/strong>: Les mati\u00e8res premi\u00e8res plastiques usag\u00e9es sont introduites dans la chambre de broyage via le syst\u00e8me d'alimentation.<\/li>    <li><strong>\u00c9tape de broyage<\/strong>: Les lames rotatives \u00e0 grande vitesse g\u00e9n\u00e8rent des forces centrifuges puissantes, provoquant des collisions mutuelles et une action de cisaillement entre les lames stationnaires et les lames rotatives.<\/li>    <li><strong>Processus de refroidissement<\/strong>: Les syst\u00e8mes de refroidissement par air et par eau fonctionnent en tandem pour r\u00e9guler la temp\u00e9rature, emp\u00eachant la fusion, la br\u00fblure ou la d\u00e9formation des plastiques sensibles \u00e0 la chaleur.<\/li>    <li><strong>\u00c9tape de tamisage<\/strong>: La mati\u00e8re broy\u00e9e est pass\u00e9e \u00e0 travers un \u00e9cran vibrant pour assurer l'uniformit\u00e9 de la taille finale des particules.<\/li>    <li><strong>Recirculation<\/strong>: Les particules d\u00e9passant la taille souhait\u00e9e sont automatiquement renvoy\u00e9es dans la chambre de broyage pour un traitement secondaire.<\/li>    <li><strong>Collecte de poussi\u00e8re<\/strong>: Un syst\u00e8me \u00e0 pression n\u00e9gative est responsable de la collecte de la poussi\u00e8re, assurant ainsi un environnement de production propre et un fonctionnement efficace.<\/li> <\/ul>    <h2 class=\"wp-block-heading\"><strong>Avantages d'un recyclage efficace du plastique avec des pulverisateurs de plastique<\/strong><\/h2>    <p>L'utilisation de pulverisateurs de plastique peut consid\u00e9rablement am\u00e9liorer l'efficacit\u00e9 et la durabilit\u00e9 des op\u00e9rations de recyclage du plastique, tout en r\u00e9duisant la pollution plastique et environnementale.<\/p>    <p>De plus, cet \u00e9quipement transforme les plastiques usag\u00e9s en mati\u00e8res premi\u00e8res en poudre r\u00e9utilisables, augmentant ainsi l'efficacit\u00e9 de la production dans les centres de recyclage et r\u00e9duisant par cons\u00e9quent les co\u00fbts de main-d'\u0153uvre.<\/p>    <p>De plus, ce syst\u00e8me augmente la valeur des mat\u00e9riaux plastiques recycl\u00e9s pour une r\u00e9utilisation dans le secteur manufacturier, contribuant ainsi \u00e0 l'avancement de l'\u00e9conomie circulaire et du d\u00e9veloppement durable.<\/p>    <h2 class=\"wp-block-heading\"><strong>FAQ du pulverisateur de plastique<\/strong><\/h2>   <div id=\"rank-math-faq\" class=\"rank-math-block\"> <div class=\"rank-math-list\"> <div id=\"faq-question-1776827103979\" class=\"rank-math-list-item\"> <h3 class=\"rank-math-question\">Quels mat\u00e9riaux peut traiter une machine pulverisateur de plastique ?<\/h3> <div class=\"rank-math-answer\">  <p>Il peut traiter le PVC, PE, PP, ABS, PS, PC, PA, EVA, PET, et plastiques en mousse.<\/p>  <\/div> <\/div> <div id=\"faq-question-1776827116634\" class=\"rank-math-list-item\"> <h3 class=\"rank-math-question\">La machine pulverisateur de plastique est-elle adapt\u00e9e aux plastiques durs ?<\/h3> <div class=\"rank-math-answer\">  <p>Oui, il est sp\u00e9cialement con\u00e7u pour le PVC dur et les plastiques cassants de duret\u00e9 moyenne.<\/p>  <\/div> <\/div> <div id=\"faq-question-1776827129387\" class=\"rank-math-list-item\"> <h3 class=\"rank-math-question\">Comment fonctionne le syst\u00e8me de refroidissement ?<\/h3> <div class=\"rank-math-answer\">  <p>Il utilise \u00e0 la fois le refroidissement par air et par eau pour pr\u00e9venir la surchauffe et maintenir la qualit\u00e9 du mat\u00e9riau.<\/p>  <\/div> <\/div> <div id=\"faq-question-1776827140283\" class=\"rank-math-list-item\"> <h3 class=\"rank-math-question\">Quelle est la taille de sortie de la poudre ?<\/h3> <div class=\"rank-math-answer\">  <p>La machine produit une poudre de plastique fine, ajustable selon la taille de l'\u00e9cran.<\/p>  <\/div> <\/div> <div id=\"faq-question-1776827156943\" class=\"rank-math-list-item\"> <h3 class=\"rank-math-question\">La machine peut-elle fonctionner en continu ?<\/h3> <div class=\"rank-math-answer\">  <p>Oui, il est con\u00e7u pour un fonctionnement stable et continu dans les lignes de production industrielles de recyclage.<\/p>  <\/div> <\/div> <\/div> <\/div>   <p>Cette s\u00e9rie de broyeurs de plastique offre une large gamme de mod\u00e8les et de configurations de capacit\u00e9, proposant des solutions flexibles et diversifi\u00e9es pour les op\u00e9rations de recyclage \u00e0 grande et petite \u00e9chelle. Si vous souhaitez en savoir plus ou demander un devis d\u00e9taill\u00e9, veuillez nous contacter !<\/p>    <p class=\"translation-block\">Autres machines de traitement du plastique :  S\u00e9parateur de caoutchouc plastique<\/p>","protected":false},"excerpt":{"rendered":"<p>The plastic pulverizer machine is designed for grinding PE, PP, PVC and other plastic materials into fine powder for recycling. It features advanced cooling, high efficiency, and wide application in plastic recycling industries.<\/p>","protected":false},"author":1,"featured_media":3664,"parent":0,"template":"","tags":[15],"product-type":[91],"class_list":["post-3658","product","type-product","status-publish","has-post-thumbnail","hentry","tag-metal","product-type-other-recycling-machine"],"_links":{"self":[{"href":"https:\/\/shuliybaler.com\/fr\/wp-json\/wp\/v2\/product\/3658","targetHints":{"allow":["GET"]}}],"collection":[{"href":"https:\/\/shuliybaler.com\/fr\/wp-json\/wp\/v2\/product"}],"about":[{"href":"https:\/\/shuliybaler.com\/fr\/wp-json\/wp\/v2\/types\/product"}],"author":[{"embeddable":true,"href":"https:\/\/shuliybaler.com\/fr\/wp-json\/wp\/v2\/users\/1"}],"wp:featuredmedia":[{"embeddable":true,"href":"https:\/\/shuliybaler.com\/fr\/wp-json\/wp\/v2\/media\/3664"}],"wp:attachment":[{"href":"https:\/\/shuliybaler.com\/fr\/wp-json\/wp\/v2\/media?parent=3658"}],"wp:term":[{"taxonomy":"post_tag","embeddable":true,"href":"https:\/\/shuliybaler.com\/fr\/wp-json\/wp\/v2\/tags?post=3658"},{"taxonomy":"product-type","embeddable":true,"href":"https:\/\/shuliybaler.com\/fr\/wp-json\/wp\/v2\/product-type?post=3658"}],"curies":[{"name":"wp","href":"https:\/\/api.w.org\/{rel}","templated":true}]}}