{"id":3670,"date":"2026-04-27T16:48:58","date_gmt":"2026-04-27T08:48:58","guid":{"rendered":"https:\/\/shuliybaler.com\/?post_type=product&#038;p=3670"},"modified":"2026-04-27T16:55:17","modified_gmt":"2026-04-27T08:55:17","slug":"tire-block-cutting-machine","status":"publish","type":"product","link":"https:\/\/shuliybaler.com\/fr\/product\/tire-block-cutting-machine\/","title":{"rendered":"Machine de d\u00e9coupe de blocs de pneus"},"content":{"rendered":"<p class=\"translation-block\">La <strong>machine de d\u00e9coupe de blocs de pneus<\/strong> est sp\u00e9cialement con\u00e7ue pour couper des pneus usag\u00e9s entiers en blocs de caoutchouc de taille uniforme (g\u00e9n\u00e9ralement 50\u201380 mm) pour un traitement ult\u00e9rieur. En tant que composant en amont dans les lignes de production de recyclage de pneus, elle est largement utilis\u00e9e pour fournir principalement la mati\u00e8re premi\u00e8re pour les op\u00e9rations de d\u00e9chiquetage, de broyage ou de pyrolyse en aval.<\/p>    <p>Contrairement aux coupeuses traditionnelles qui n\u00e9cessitent que les pneus soient pr\u00e9-coup\u00e9s en bandes, cette machine de Shuliy peut traiter directement des pneus entiers d\u2019un diam\u00e8tre \u22641200 mm, int\u00e9grant ainsi le processus de coupe en un seul syst\u00e8me et am\u00e9liorant consid\u00e9rablement l\u2019efficacit\u00e9 op\u00e9rationnelle.<\/p>    <figure class=\"wp-block-embed aligncenter is-type-video is-provider-youtube wp-block-embed-youtube wp-embed-aspect-16-9 wp-has-aspect-ratio\"><div class=\"wp-block-embed__wrapper\"> <iframe loading=\"lazy\" title=\"Machine de d\u00e9coupe de blocs de pneus | Couper efficacement des pneus entiers en blocs de 50\u201380 mm\" width=\"500\" height=\"281\" src=\"https:\/\/www.youtube.com\/embed\/6nKF7r2HliQ?feature=oembed\" frameborder=\"0\" allow=\"accelerometer; autoplay; clipboard-write; encrypted-media; gyroscope; picture-in-picture; web-share\" referrerpolicy=\"strict-origin-when-cross-origin\" allowfullscreen><\/iframe> <\/div><figcaption class=\"wp-element-caption\">Vid\u00e9o de fonctionnement de la machine de d\u00e9coupe de pneus<\/figcaption><\/figure>    <h2 class=\"wp-block-heading\"><strong>Vue d\u2019ensemble de la machine de d\u00e9coupe de blocs de pneus<\/strong><\/h2>    <p>Comme illustr\u00e9 dans l\u2019image ci-dessous, le cadre structurel g\u00e9n\u00e9ral de cet \u00e9quipement se compose des composants distincts suivants :<\/p>    <ul class=\"wp-block-list\"> <li>Chambre de coupe hydraulique : con\u00e7ue pour effectuer des op\u00e9rations de cisaillement \u00e0 haute pression.<\/li>    <li>Syst\u00e8me de coupe rotatif : permet la production continue de mat\u00e9riaux en forme de blocs.<\/li>    <li>Station moteur et hydraulique : assure une transmission de puissance stable et fiable.<\/li>    <li>Tr\u00e9mie d'alimentation : facilite l'entr\u00e9e s\u00fbre et efficace des mat\u00e9riaux.<\/li> <\/ul>    <p>Il s\u2019agit d\u2019une machine de d\u00e9coupe de blocs de pneus enti\u00e8rement automatis\u00e9e, adapt\u00e9e aux installations de recyclage et de traitement de taille moyenne.<\/p>   <div class=\"wp-block-image\"> <figure class=\"aligncenter size-full\"><img loading=\"lazy\" decoding=\"async\" width=\"720\" height=\"540\" src=\"https:\/\/shuliybaler.com\/wp-content\/uploads\/2026\/04\/tire-cutting-machine.webp\" alt=\"Machine de d\u00e9coupe de pneus\" class=\"wp-image-3672\" title=\"\" srcset=\"https:\/\/shuliybaler.com\/wp-content\/uploads\/2026\/04\/tire-cutting-machine.webp 720w, https:\/\/shuliybaler.com\/wp-content\/uploads\/2026\/04\/tire-cutting-machine-360x270.webp 360w, https:\/\/shuliybaler.com\/wp-content\/uploads\/2026\/04\/tire-cutting-machine-180x135.webp 180w, https:\/\/shuliybaler.com\/wp-content\/uploads\/2026\/04\/tire-cutting-machine-16x12.webp 16w\" sizes=\"auto, (max-width: 720px) 100vw, 720px\" \/><figcaption class=\"wp-element-caption\">Machine de d\u00e9coupe de pneus<\/figcaption><\/figure> <\/div>   <h2 class=\"wp-block-heading\"><strong>Avantages de l\u2019utilisation d\u2019une coupeuse de blocs de pneus<\/strong><\/h2>    <ol class=\"wp-block-list\"> <li>Les pneus entiers sont volumineux et difficiles \u00e0 manipuler. Les couper en blocs r\u00e9duit consid\u00e9rablement leur volume \u2014 permettant une r\u00e9duction de taille efficace \u2014 rendant ainsi le transport et le stockage beaucoup plus pratiques.<\/li>    <li>La machine de d\u00e9coupe de blocs de pneus coupe les pneus en blocs uniformes de 50\u201380 mm ; cela minimise efficacement l\u2019usure des lames, am\u00e9liore l\u2019efficacit\u00e9 du d\u00e9chiquetage et optimise les flux de travail en aval.<\/li>    <li>By pre-processing tires into &#8220;shreddable&#8221; blocks, the machine reduces energy consumption during the shredding stage. This shortens the return-on-investment period for recycling facilities, making it an economically efficient recycling solution.<\/li> <\/ol>    <h2 class=\"wp-block-heading\"><strong>Param\u00e8tres de la machine de coupe de pneus<\/strong><\/h2>    <figure class=\"wp-block-table\"><table class=\"has-fixed-layout\"><thead><tr><th>Article<\/th><th>sp\u00e9cification<\/th><\/tr><\/thead><tbody><tr><td>Fonction<\/td><td>Couper le pneu entier en blocs<\/td><\/tr><tr><td>Diam\u00e8tre du pneu<\/td><td>\uff1c1200 mm<\/td><\/tr><tr><td>Capacit\u00e9<\/td><td>20\u201330 pi\u00e8ces\/heure<\/td><\/tr><tr><td>Couper le pneu entier en blocs<\/td><td>50\u201380 mm<\/td><\/tr><tr><td>Pouvoir<\/td><td>40,5 kW, 380V, 50Hz<\/td><\/tr><tr><td>Dimension<\/td><td>2000 \u00d7 1800 \u00d7 1580 mm<\/td><\/tr><tr><td>Poids<\/td><td>1800 kg<\/td><\/tr><\/tbody><\/table><figcaption class=\"wp-element-caption\">Principaux param\u00e8tres techniques de la machine de d\u00e9coupe de blocs de pneus<\/figcaption><\/figure>   <div class=\"wp-block-image\"> <figure class=\"aligncenter size-full\"><img loading=\"lazy\" decoding=\"async\" width=\"720\" height=\"540\" src=\"https:\/\/shuliybaler.com\/wp-content\/uploads\/2026\/04\/tire-cutter-machine.webp\" alt=\"Machine de coupe de pneus\" class=\"wp-image-3671\" title=\"\" srcset=\"https:\/\/shuliybaler.com\/wp-content\/uploads\/2026\/04\/tire-cutter-machine.webp 720w, https:\/\/shuliybaler.com\/wp-content\/uploads\/2026\/04\/tire-cutter-machine-360x270.webp 360w, https:\/\/shuliybaler.com\/wp-content\/uploads\/2026\/04\/tire-cutter-machine-180x135.webp 180w, https:\/\/shuliybaler.com\/wp-content\/uploads\/2026\/04\/tire-cutter-machine-16x12.webp 16w\" sizes=\"auto, (max-width: 720px) 100vw, 720px\" \/><figcaption class=\"wp-element-caption\">Machine de coupe de pneus<\/figcaption><\/figure> <\/div>   <h2 class=\"wp-block-heading\"><strong>Mat\u00e9riaux bruts et produits finis<\/strong><\/h2>    <p>Cet \u00e9quipement est adapt\u00e9 pour le traitement de :<\/p>    <ul class=\"wp-block-list\"> <li>Pneus de voitures particuli\u00e8res<\/li>    <li>Pneus de voitures particuli\u00e8res et de camions<\/li>    <li>Pneus en caoutchouc usag\u00e9s (diam\u00e8tre \u2264 1200 mm)<\/li> <\/ul>    <p>Il pr\u00e9-coupe ces pneus usag\u00e9s \u2014 soit en bandes, soit en sections de bande de roulement \u2014 pour produire des blocs de caoutchouc uniformes (50\u201380 mm) en sortie finale.<\/p>    <p>Cette machine de d\u00e9coupe de blocs de pneus est id\u00e9ale pour une int\u00e9gration avec l\u2019\u00e9quipement ou les lignes de production suivantes :<\/p>    <ul class=\"wp-block-list\"> <li>Broyeurs de pneus<\/li>    <li>Broyeurs de caoutchouc<\/li>    <li>Syst\u00e8mes de pyrolyse<\/li>    <li>Lignes de production de granul\u00e9s de caoutchouc<\/li> <\/ul>   <div class=\"wp-block-image\"> <figure class=\"aligncenter size-full\"><img loading=\"lazy\" decoding=\"async\" width=\"720\" height=\"540\" src=\"https:\/\/shuliybaler.com\/wp-content\/uploads\/2026\/04\/tire-blocks.webp\" alt=\"Blocs de pneus\" class=\"wp-image-3673\" title=\"\" srcset=\"https:\/\/shuliybaler.com\/wp-content\/uploads\/2026\/04\/tire-blocks.webp 720w, https:\/\/shuliybaler.com\/wp-content\/uploads\/2026\/04\/tire-blocks-360x270.webp 360w, https:\/\/shuliybaler.com\/wp-content\/uploads\/2026\/04\/tire-blocks-180x135.webp 180w, https:\/\/shuliybaler.com\/wp-content\/uploads\/2026\/04\/tire-blocks-16x12.webp 16w\" sizes=\"auto, (max-width: 720px) 100vw, 720px\" \/><figcaption class=\"wp-element-caption\">Blocs de pneus<\/figcaption><\/figure> <\/div>   <h2 class=\"wp-block-heading\"><strong>Principe de fonctionnement de la machine de d\u00e9coupe de pneus<\/strong><\/h2>    <p>The tire block cutting machine operates using a &#8220;hydraulic + mechanical&#8221; cutting system:<\/p>    <p>Apr\u00e8s avoir plac\u00e9 un pneu entier dans la tr\u00e9mie d\u2019alimentation, un cylindre hydraulique pousse le pneu vers les lames de coupe.<\/p>    <p>En fin de compte, des lames \u00e0 haute r\u00e9sistance coupent le pneu en blocs de taille uniforme. Les blocs de caoutchouc coup\u00e9s tombent ensuite par le port de d\u00e9charge pour passer \u00e0 l\u2019\u00e9tape suivante du traitement.<\/p>    <p>Cette m\u00e9thode op\u00e9rationnelle \u2014 qui combine force m\u00e9canique et pression hydraulique \u2014 permet \u00e0 l\u2019\u00e9quipement de couper efficacement et en toute s\u00e9curit\u00e9 des mat\u00e9riaux en caoutchouc \u00e9pais.<\/p>    <h2 class=\"wp-block-heading\"><strong>Comment choisir la bonne coupeuse de blocs de pneus ?<\/strong><\/h2>    <p>Lors du choix de l\u2019\u00e9quipement, veuillez consid\u00e9rer les facteurs suivants :<\/p>    <ol class=\"wp-block-list\"> <li><strong>Exigences en capacit\u00e9 de production :<\/strong> Si vous exploitez une installation de taille moyenne n\u00e9cessitant une production de 20\u201330 pneus par heure, cette machine de d\u00e9coupe de blocs de pneus est id\u00e9ale. Pour des op\u00e9rations \u00e0 volume \u00e9lev\u00e9, la machine doit \u00eatre int\u00e9gr\u00e9e dans une ligne de production de recyclage de pneus compl\u00e8te.<\/li>    <li><strong>Niveau d\u2019automatisation :<\/strong> Les mod\u00e8les semi-automatiques sont moins co\u00fbteux, tandis que les mod\u00e8les enti\u00e8rement automatiques offrent une efficacit\u00e9 sup\u00e9rieure et r\u00e9duisent les co\u00fbts de main-d'\u0153uvre.<\/li>    <li><strong>Qualit\u00e9 de la lame :<\/strong> Les lames doivent \u00eatre fabriqu\u00e9es \u00e0 partir de mat\u00e9riaux r\u00e9sistants \u00e0 l\u2019usure (par exemple, acier alli\u00e9). Si vous avez des exigences sp\u00e9cifiques ou des besoins suppl\u00e9mentaires, n\u2019h\u00e9sitez pas \u00e0 nous consulter directement.<\/li> <\/ol>   <div class=\"wp-block-image\"> <figure class=\"aligncenter size-full\"><img loading=\"lazy\" decoding=\"async\" width=\"720\" height=\"540\" src=\"https:\/\/shuliybaler.com\/wp-content\/uploads\/2026\/04\/tire-block-cutting-machine.webp\" alt=\"Machine de d\u00e9coupe de blocs de pneus\" class=\"wp-image-3674\" title=\"\" srcset=\"https:\/\/shuliybaler.com\/wp-content\/uploads\/2026\/04\/tire-block-cutting-machine.webp 720w, https:\/\/shuliybaler.com\/wp-content\/uploads\/2026\/04\/tire-block-cutting-machine-360x270.webp 360w, https:\/\/shuliybaler.com\/wp-content\/uploads\/2026\/04\/tire-block-cutting-machine-180x135.webp 180w, https:\/\/shuliybaler.com\/wp-content\/uploads\/2026\/04\/tire-block-cutting-machine-16x12.webp 16w\" sizes=\"auto, (max-width: 720px) 100vw, 720px\" \/><figcaption class=\"wp-element-caption\">Machine de d\u00e9coupe de blocs de pneus<\/figcaption><\/figure> <\/div>  <div id=\"rank-math-faq\" class=\"rank-math-block\"> <div class=\"rank-math-list\"> <div id=\"faq-question-1777256802472\" class=\"rank-math-list-item\"> <h3 class=\"rank-math-question\">Cette machine peut-elle couper directement des pneus entiers ?<\/h3> <div class=\"rank-math-answer\">  <p>Oui. Les mod\u00e8les avanc\u00e9s peuvent couper des pneus entiers sans pr\u00e9-traitement, en particulier ceux de moins de 1200 mm de diam\u00e8tre.<\/p>  <\/div> <\/div> <div id=\"faq-question-1777256828159\" class=\"rank-math-list-item\"> <h3 class=\"rank-math-question\">Quelle est la taille de sortie id\u00e9ale pour le recyclage ?<\/h3> <div class=\"rank-math-answer\">  <p>La plupart des lignes de recyclage n\u00e9cessitent des blocs de 50\u201380 mm, car ils sont optimaux pour les d\u00e9chiqueteuses et broyeurs.<\/p>  <\/div> <\/div> <div id=\"faq-question-1777256841148\" class=\"rank-math-list-item\"> <h3 class=\"rank-math-question\">Pourquoi ne pas alimenter directement des pneus entiers dans un d\u00e9chiqueteur ?<\/h3> <div class=\"rank-math-answer\">  <p>Le faire directement acc\u00e9l\u00e9rerait l\u2019usure des lames et risquerait de provoquer des blocages, r\u00e9duisant ainsi l\u2019efficacit\u00e9. La pr\u00e9-coupe des pneus en morceaux am\u00e9liore la performance globale du syst\u00e8me.<\/p>  <\/div> <\/div> <div id=\"faq-question-1777256910945\" class=\"rank-math-list-item\"> <h3 class=\"rank-math-question\">Dans quels secteurs utilise-t-on cette machine de d\u00e9coupe de blocs de pneus ?<\/h3> <div class=\"rank-math-answer\">  <p>Pour les usines de recyclage de pneus, usines de poudre de caoutchouc, usines de pyrolyse ou entreprises de gestion des d\u00e9chets<\/p>  <\/div> <\/div> <\/div> <\/div>   <p>En transformant des pneus volumineux en blocs de caoutchouc uniformes et faciles \u00e0 manipuler, la coupe de blocs de pneus augmente consid\u00e9rablement l'efficacit\u00e9 op\u00e9rationnelle, r\u00e9duit les co\u00fbts de fonctionnement et optimise la performance des \u00e9quipements de traitement en aval.<\/p>    <p>Pour les entreprises op\u00e9rant dans l\u2019industrie du recyclage de pneus, investir dans une coupeuse de blocs de pneus enti\u00e8rement automatis\u00e9e et tr\u00e8s efficace est sans aucun doute une d\u00e9cision prudente avec un potentiel d\u2019expansion future important. Si vous \u00eates int\u00e9ress\u00e9 par nos produits, veuillez nous contacter pour obtenir des informations d\u00e9taill\u00e9es sur les prix.<\/p>    <p>Autres \u00e9quipements de traitement des pneus : <\/p>    <ul class=\"wp-block-list\"> <li><a href=\"https:\/\/shuliybaler.com\/fr\/product\/machine-de-mise-en-balles-de-pneus-hydrauliques\/\">Machine de mise en balles de pneus hydrauliques pour le recyclage des pneus<\/a><\/li>    <li><a href=\"https:\/\/shuliybaler.com\/fr\/product\/broyeur-de-ferraille\/\">Machine de concassage de pneus usag\u00e9s<\/a><\/li> <\/ul>","protected":false},"excerpt":{"rendered":"<p>The tire block cutter is capable of cutting whole waste tires into uniformly sized rubber blocks ranging from 50 to 80 millimeters. This enhances the efficiency of subsequent shredding processes, reduces labor costs, and ensures a consistent output suitable for recycling and pyrolysis applications.<\/p>","protected":false},"author":1,"featured_media":3675,"parent":0,"template":"","meta":{"product_tpl_data":{"subtitle":"","param_summary":"","model_summary_title":"","model_summary":"","model_series":[],"finished_product_title":"","raw_materials_title":"","process_title":"","endsummary":""},"product_extra_property":[{"pname":"Function","pvalue":"Cut the whole tire into blocks"},{"pname":"Tire diameter","pvalue":"\uff1c1200 mm"},{"pname":"Capacity","pvalue":"20\u201330 pcs\/hour"},{"pname":"Cut the whole tire into blocks","pvalue":"50\u201380 mm"},{"pname":"Power","pvalue":"40.5 kW, 380V, 50Hz"},{"pname":"Dimension","pvalue":"2000 \u00d7 1800 \u00d7 1580 mm"},{"pname":"Weight","pvalue":"1800 kg"}],"product_extra_image":"3671,3672,3674,3673"},"tags":[85],"product-type":[91],"class_list":["post-3670","product","type-product","status-publish","has-post-thumbnail","hentry","tag-tire","product-type-other-recycling-machine"],"light_meta":{"product_tpl_data":{"subtitle":"","param_summary":"","model_summary_title":"","model_summary":"","model_series":"","finished_product_title":"","raw_materials_title":"","process_title":"","endsummary":""},"rank_math_internal_links_processed":"1","rank_math_seo_score":"82","rank_math_focus_keyword":"tire block cutting machine","rank_math_title":"Tire Block Cutting Machine For Scrap Rubber Recycling","rank_math_description":"This tire block cutting machine cuts tires (with a diameter of \u22641200 mm) into rubber blocks ranging from 50-80 mm with an output of 20-30 tires per hour.","rank_math_og_content_image":{"check":"f4c4d6a8a46706b18fbc9a76c71e33e8","images":[3672]},"product_extra_property":{"1":{"pname":"Function","pvalue":"Cut the whole tire into blocks"},"2":{"pname":"Tire diameter","pvalue":"\uff1c1200 mm"},"3":{"pname":"Capacity","pvalue":"20\u201330 pcs\/hour"},"4":{"pname":"Cut the whole tire into blocks","pvalue":"50\u201380 mm"},"5":{"pname":"Power","pvalue":"40.5 kW, 380V, 50Hz"},"6":{"pname":"Dimension","pvalue":"2000 \u00d7 1800 \u00d7 1580 mm"},"7":{"pname":"Weight","pvalue":"1800 kg"}},"product_extra_image":"3671,3672,3674,3673","_oembed_b36e0d7498a27da9ec529da478442216":"<iframe title=\"Tire Block Cutting Machine | Cut Whole Tires into 50\u201380mm Rubber Blocks Efficiently\" width=\"500\" height=\"281\" src=\"https:\/\/www.youtube.com\/embed\/6nKF7r2HliQ?feature=oembed\" frameborder=\"0\" allow=\"accelerometer; autoplay; clipboard-write; encrypted-media; gyroscope; picture-in-picture; web-share\" referrerpolicy=\"strict-origin-when-cross-origin\" allowfullscreen><\/iframe>","_oembed_time_b36e0d7498a27da9ec529da478442216":"1777280116","rank_math_schema_VideoObject":{"@type":"VideoObject","metadata":{"title":"Video","type":"template","shortcode":"s-69ef247792592","isPrimary":true,"reviewLocationShortcode":"[rank_math_rich_snippet]","category":"%categories%","tags":"%tags%","isAutoGenerated":true},"name":"Machine de d\u00e9coupe de blocs de pneus | Couper efficacement des pneus entiers en blocs de 50\u201380 mm","description":"WhatsApp : https:\/\/wa.me\/ 8617703863868 Email : info@shuliybaler.comSite Web : https:\/\/shuliybaler.com\/product\/tire-block-cutting-machine\/ D\u00e9couvrez comment la machine de d\u00e9coupe de pneus...","uploadDate":"2026-04-27T01:54:42-07:00","thumbnailUrl":"https:\/\/shuliybaler.com\/wp-content\/uploads\/2026\/04\/tire-block-cutting-machine-cut-w.jpg","embedUrl":"https:\/\/www.youtube.com\/embed\/6nKF7r2HliQ","contentUrl":"","duration":"PT3M0S","width":"1280","height":"720","isFamilyFriendly":true}},"seo_meta":{"title":"Machine de d\u00e9coupe de blocs de pneus pour le recyclage de caoutchouc usag\u00e9","description":"Cette machine de d\u00e9coupe de blocs de pneus coupe des pneus (d\u2019un diam\u00e8tre \u22641200 mm) en blocs de caoutchouc allant de 50 \u00e0 80 mm, avec une production de 20-30 pneus par heure.","focusKeyword":"tire block cutting machine","canonicalUrl":"https:\/\/shuliybaler.com\/fr\/product\/tire-block-cutting-machine\/","robots":["index","follow"],"ogTitle":"Tire Block Cutting Machine For Scrap Rubber Recycling","ogDescription":"This tire block cutting machine cuts tires (with a diameter of \u22641200 mm) into rubber blocks ranging from 50-80 mm with an output of 20-30 tires per hour.","ogImage":"https:\/\/shuliybaler.com\/wp-content\/uploads\/2026\/04\/automatic-tire-block-cutting-machine.webp","twitterTitle":"Tire Block Cutting Machine For Scrap Rubber Recycling","twitterDescription":"This tire block cutting machine cuts tires (with a diameter of \u22641200 mm) into rubber blocks ranging from 50-80 mm with an output of 20-30 tires per hour.","twitterImage":"https:\/\/shuliybaler.com\/wp-content\/uploads\/2026\/04\/automatic-tire-block-cutting-machine.webp","primaryCategory":0,"seoScore":82,"schemas":{"VideoObject":{"type":"VideoObject","data":{"@type":"VideoObject","metadata":{"title":"Video","type":"template","shortcode":"s-69ef247792592","isPrimary":true,"reviewLocationShortcode":"[rank_math_rich_snippet]","category":"%categories%","tags":"%tags%","isAutoGenerated":true},"name":"Machine de d\u00e9coupe de blocs de pneus | Couper efficacement des pneus entiers en blocs de 50\u201380 mm","description":"WhatsApp : https:\/\/wa.me\/ 8617703863868 Email : info@shuliybaler.comSite Web : https:\/\/shuliybaler.com\/product\/tire-block-cutting-machine\/ D\u00e9couvrez comment la machine de d\u00e9coupe de pneus...","uploadDate":"2026-04-27T01:54:42-07:00","thumbnailUrl":"https:\/\/shuliybaler.com\/wp-content\/uploads\/2026\/04\/tire-block-cutting-machine-cut-w.jpg","embedUrl":"https:\/\/www.youtube.com\/embed\/6nKF7r2HliQ","contentUrl":"","duration":"PT3M0S","width":"1280","height":"720","isFamilyFriendly":true}}},"source":"rank_math"},"_links":{"self":[{"href":"https:\/\/shuliybaler.com\/fr\/wp-json\/wp\/v2\/product\/3670","targetHints":{"allow":["GET"]}}],"collection":[{"href":"https:\/\/shuliybaler.com\/fr\/wp-json\/wp\/v2\/product"}],"about":[{"href":"https:\/\/shuliybaler.com\/fr\/wp-json\/wp\/v2\/types\/product"}],"author":[{"embeddable":true,"href":"https:\/\/shuliybaler.com\/fr\/wp-json\/wp\/v2\/users\/1"}],"wp:featuredmedia":[{"embeddable":true,"href":"https:\/\/shuliybaler.com\/fr\/wp-json\/wp\/v2\/media\/3675"}],"wp:attachment":[{"href":"https:\/\/shuliybaler.com\/fr\/wp-json\/wp\/v2\/media?parent=3670"}],"wp:term":[{"taxonomy":"post_tag","embeddable":true,"href":"https:\/\/shuliybaler.com\/fr\/wp-json\/wp\/v2\/tags?post=3670"},{"taxonomy":"product-type","embeddable":true,"href":"https:\/\/shuliybaler.com\/fr\/wp-json\/wp\/v2\/product-type?post=3670"}],"curies":[{"name":"wp","href":"https:\/\/api.w.org\/{rel}","templated":true}]}}