{"id":407,"date":"2019-12-05T11:19:36","date_gmt":"2019-12-05T03:19:36","guid":{"rendered":"https:\/\/shuliybaler.com\/?p=407"},"modified":"2024-01-10T17:39:46","modified_gmt":"2024-01-10T09:39:46","slug":"metal-baler","status":"publish","type":"product","link":"https:\/\/shuliybaler.com\/fr\/product\/metal-baler\/","title":{"rendered":"Presse \u00e0 balles industrielles pour briquettes de ferraille"},"content":{"rendered":"<p class=\"translation-block\"><strong>Metal baler <\/strong>est aussi appel\u00e9 machine \u00e0 briqueter les m\u00e9taux ferreux, presse m\u00e9tallique horizontale, presse hydraulique pour m\u00e9taux, et ainsi de suite. Son objectif principal est de compresser les ferrailles m\u00e9talliques en une forme sp\u00e9cifique afin de r\u00e9duire le volume, faciliter le stockage, le transport et le recyclage.<\/p>    <figure class=\"wp-block-embed is-type-video is-provider-youtube wp-block-embed-youtube wp-embed-aspect-16-9 wp-has-aspect-ratio\"><div class=\"wp-block-embed__wrapper\"> <iframe loading=\"lazy\" title=\"Spectacle efficace de presses \u00e0 m\u00e9taux\u00a0: mise en balles parfaite de la ferraille\u00a0! Presse \u00e0 balles hydraulique pour d\u00e9chets de fer\" width=\"500\" height=\"281\" src=\"https:\/\/www.youtube.com\/embed\/bypm63IX3u0?start=8&#038;feature=oembed\" frameborder=\"0\" allow=\"accelerometer; autoplay; clipboard-write; encrypted-media; gyroscope; picture-in-picture; web-share\" referrerpolicy=\"strict-origin-when-cross-origin\" allowfullscreen><\/iframe> <\/div><figcaption class=\"wp-element-caption\">vid\u00e9o de travail d'une presse \u00e0 balles horizontale en m\u00e9tal<\/figcaption><\/figure>    <h2 class=\"wp-block-heading\" id=\"h-parameters-of-the-metal-press-machine\"><strong>Param\u00e8tres de la presse \u00e0 ferraille m\u00e9tallique \u00e0 vendre<\/strong><\/h2>    <figure class=\"wp-block-table\"><table><tbody><tr><td>Taper <strong>&nbsp;<\/strong><strong><\/strong><\/td><td>Puissance de pouss\u00e9e nominale (Kn)<\/td><td>Taille de la chambre de compression<br>(Longueur * largeur * hauteur)(mm)<strong><\/strong><\/td><td>Taille de balle (mm)<strong><\/strong><\/td><td>La densit\u00e9 des blocs m\u00e9talliques (kg\/m\u00b3)<\/td><td>Capacit\u00e9 (kg\/h)<strong><\/strong><\/td><td>Temps(s) de cycle unique<\/td><td>Puissance correspondante (kW)<\/td><\/tr><tr><td>Y81-1250A<strong><\/strong><\/td><td>1250<strong><\/strong><\/td><td>1200*700*600<strong><\/strong><\/td><td>300*300<strong><\/strong><\/td><td>\u22652000<strong><\/strong><\/td><td>1200-1800<strong><\/strong><\/td><td>\u2264120<strong><\/strong><\/td><td>15<strong><\/strong><\/td><\/tr><tr><td>Y81-1250B<strong><\/strong><\/td><td>1250<strong><\/strong><\/td><td>1400*800*700<strong><\/strong><\/td><td>300*300<strong><\/strong><\/td><td>\u22652000<strong><\/strong><\/td><td>1600-2300<strong><\/strong><\/td><td>\u2264140<strong><\/strong><\/td><td>15<strong><\/strong><\/td><\/tr><tr><td>Y81-1350<strong><\/strong><\/td><td>1350<strong><\/strong><\/td><td>1400*600*600<strong><\/strong><\/td><td>600*240<strong><\/strong><\/td><td>\u22652000<strong><\/strong><\/td><td>1600-2500<strong><\/strong><\/td><td>\u2264100<strong><\/strong><\/td><td>18.5<strong><\/strong><\/td><\/tr><tr><td>Y81-1600A<strong><\/strong><\/td><td>1600<strong><\/strong><\/td><td>1600*1000*800<strong><\/strong><\/td><td>400*400<strong><\/strong><\/td><td>\u22652000<strong><\/strong><\/td><td>2000-3500<strong><\/strong><\/td><td>\u2264120<strong><\/strong><\/td><td>22<strong><\/strong><\/td><\/tr><tr><td>Y81-1600B<strong><\/strong><\/td><td>1600<strong><\/strong><\/td><td>1600*1200*800<strong><\/strong><\/td><td>400*400<strong><\/strong><\/td><td>\u22652000<strong><\/strong><\/td><td>2000-4000<strong><\/strong><\/td><td>\u2264130<strong><\/strong><\/td><td>30<strong><\/strong><\/td><\/tr><tr><td>Y81-2000A<strong><\/strong><\/td><td>2000<strong><\/strong><\/td><td>1600*1200*800<strong><\/strong><\/td><td>400*400<strong><\/strong><\/td><td>\u22652000<strong><\/strong><\/td><td>2500-4500<strong><\/strong><\/td><td>\u2264130<strong><\/strong><\/td><td>22\/15<\/td><\/tr><tr><td>Y81-2000B<strong><\/strong><\/td><td>2000<strong><\/strong><\/td><td>1800*1400*900<strong><\/strong><\/td><td>450*450<strong><\/strong><\/td><td>\u22652000<strong><\/strong><\/td><td>3000-5000<strong><\/strong><\/td><td>\u2264130<strong><\/strong><\/td><td>30\/37<\/td><\/tr><tr><td>Y81-2500A<strong><\/strong><\/td><td>2500<strong><\/strong><\/td><td>2000*1400*900<strong><\/strong><\/td><td>500*500<strong><\/strong><\/td><td>\u22652000<strong><\/strong><\/td><td>4000-6300<strong><\/strong><\/td><td>\u2264130<strong><\/strong><\/td><td>44\/60<\/td><\/tr><tr><td>Y81-2500B<strong><\/strong><\/td><td>2500<strong><\/strong><\/td><td>2000*1750*1000<strong><\/strong><\/td><td>500*500<strong><\/strong><\/td><td>\u22652000<strong><\/strong><\/td><td>5000-6300<strong><\/strong><\/td><td>\u2264150<strong><\/strong><\/td><td>44<strong><\/strong><\/td><\/tr><tr><td>Y81-2500C<strong><\/strong><\/td><td>2500<strong><\/strong><\/td><td>2000*1750*1200<strong><\/strong><\/td><td>600*600<strong><\/strong><\/td><td>\u22652000<strong><\/strong><\/td><td>5500-6500<strong><\/strong><\/td><td>\u2264150<strong><\/strong><\/td><td>60<strong><\/strong><\/td><\/tr><tr><td>Y81-2500D<strong><\/strong><\/td><td>2500<strong><\/strong><\/td><td>2500*2000*1200<strong><\/strong><\/td><td>600*600<strong><\/strong><\/td><td>\u22652000<strong><\/strong><\/td><td>5500-6500<strong><\/strong><\/td><td>\u2264150<strong><\/strong><\/td><td>60<strong><\/strong><\/td><\/tr><tr><td>Y81-3150A<strong><\/strong><\/td><td>3150<strong><\/strong><\/td><td>2000*1750*1000<strong><\/strong><\/td><td>500*500<strong><\/strong><\/td><td>\u22652000<strong><\/strong><\/td><td>4000-6500<strong><\/strong><\/td><td>\u2264150<strong><\/strong><\/td><td>60<strong><\/strong><\/td><\/tr><tr><td>Y81-3150B<strong><\/strong><\/td><td>3150<strong><\/strong><\/td><td>2000*1750*1200<strong><\/strong><\/td><td>600*600<strong><\/strong><\/td><td>\u22652000<strong><\/strong><\/td><td>5000-7000<strong><\/strong><\/td><td>\u2264150<strong><\/strong><\/td><td>60<strong><\/strong><\/td><\/tr><tr><td>Y81-3150C<strong><\/strong><\/td><td>3150<strong><\/strong><\/td><td>2500*2000*1200<strong><\/strong><\/td><td>600*600<strong><\/strong><\/td><td>\u22652000<strong><\/strong><\/td><td>6000-8000<strong><\/strong><\/td><td>\u2264150<strong><\/strong><\/td><td>90<strong><\/strong><\/td><\/tr><tr><td>Y81-3150D<strong><\/strong><\/td><td>3150<strong><\/strong><\/td><td>3000*2500*1200<strong><\/strong><\/td><td>600*600<strong><\/strong><\/td><td>\u22652000<strong><\/strong><\/td><td>6000-8000<strong><\/strong><\/td><td>\u2264160<strong><\/strong><\/td><td>90<strong><\/strong><\/td><\/tr><tr><td>Y81-4000A<strong><\/strong><\/td><td>4000<strong><\/strong><\/td><td>2500*2000*1200<strong><\/strong><\/td><td>600*600<strong><\/strong><\/td><td>\u22652000<strong><\/strong><\/td><td>5000-7500<strong><\/strong><\/td><td>\u2264160<strong><\/strong><\/td><td>90<strong><\/strong><\/td><\/tr><tr><td>Y81-4000B<strong><\/strong><\/td><td>4000<strong><\/strong><\/td><td>3000*2500*1200<strong><\/strong><\/td><td>600*600<strong><\/strong><\/td><td>\u22652000<strong><\/strong><\/td><td>8500-13000<strong><\/strong><\/td><td>\u2264160<strong><\/strong><\/td><td>90<strong><\/strong><\/td><\/tr><tr><td>Y81-4000C<strong><\/strong><\/td><td>4000<strong><\/strong><\/td><td>3500*3000*1200<strong><\/strong><\/td><td>600*600<strong><\/strong><\/td><td>\u22652000<strong><\/strong><\/td><td>9500-14000<strong><\/strong><\/td><td>\u2264160<strong><\/strong><\/td><td>90<strong><\/strong><\/td><\/tr><\/tbody><\/table><figcaption class=\"wp-element-caption\">machine \u00e0 briquettes de ferraille<\/figcaption><\/figure>    <h2 class=\"wp-block-heading\" id=\"h-application-of-metal-baler\"><strong>Application de la presse \u00e0 balles horizontale en m\u00e9tal<\/strong><\/h2>    <p class=\"translation-block\">La machine \u00e0 presse \u00e0 m\u00e9taux convient \u00e0 l presse de toutes sortes de ferrailles telles que <strong>ferraille d\u2019acier, ferraille de cuivre, ferraille d\u2019aluminium,<\/strong> <strong>copeaux d\u2019aluminium, t\u00f4les en fer, copeaux d\u2019acier, copeaux d\u2019aluminium, barils d\u2019huile usag\u00e9e, f\u00fbts et bidons de peinture et autres f\u00fbts et bo\u00eetes m\u00e9talliques<\/strong>, <strong>coque de v\u00e9hicule usag\u00e9e<\/strong>,<strong> barils d\u2019huile us\u00e9e, bo\u00eetes, bo\u00eetes alimentaires<\/strong>, <strong>carrosserie d\u00e9mont\u00e9e, y compris le bord, la porte, le bloc moteur, les tambours de frein, les pi\u00e8ces du moteur, les pi\u00e8ces de suspension, divers d\u00e9chets m\u00e9talliques, copeaux de coupe, copeaux de fraisage, etc. g\u00e9n\u00e9r\u00e9s au cours de la production industrielle<\/strong>,<strong> etc<\/strong>. <\/p>   <div class=\"wp-block-image\"> <figure class=\"aligncenter size-large\"><img loading=\"lazy\" decoding=\"async\" width=\"720\" height=\"695\" src=\"https:\/\/shuliybaler.com\/wp-content\/uploads\/2019\/12\/application-of-the-metal-press-machine.jpg\" alt=\"application de la presse \u00e0 m\u00e9taux\" class=\"wp-image-424\" title=\"\" srcset=\"https:\/\/shuliybaler.com\/wp-content\/uploads\/2019\/12\/application-of-the-metal-press-machine.jpg 720w, https:\/\/shuliybaler.com\/wp-content\/uploads\/2019\/12\/application-of-the-metal-press-machine-280x270.jpg 280w, https:\/\/shuliybaler.com\/wp-content\/uploads\/2019\/12\/application-of-the-metal-press-machine-559x540.jpg 559w\" sizes=\"auto, (max-width: 720px) 100vw, 720px\" \/><figcaption class=\"wp-element-caption\">application de la presse \u00e0 balles m\u00e9talliques<\/figcaption><\/figure> <\/div>   <p class=\"translation-block\">Elle peut \u00eatre utilis\u00e9e pour fabriquer diff\u00e9rentes formes de blocs (la taille des blocs peut \u00eatre personnalis\u00e9e) telles que le <strong>long cube, cylindre, cube<\/strong>, etc., ce qui facilite la fusion et la r\u00e9utilisation. De plus, elle peut \u00e9galement \u00eatre utilis\u00e9e pour la compression de <strong>cartons, bouteilles en plastique<\/strong>, et d\u2019autres \u00e9l\u00e9ments.<\/p>    <h2 class=\"wp-block-heading\" id=\"h-structural-composition-of-metal-briquette-machine\"><strong>Composition structurelle de la presse \u00e0 ferraille horizontale<\/strong><\/h2>    <p>La machine \u00e0 briquettes de ferraille est principalement compos\u00e9e de pi\u00e8ces hydrauliques, d'une chambre d'alimentation, d'un couvercle de porte, d'un bras t\u00e9lescopique, d'une console, d'un v\u00e9rin hydraulique lat\u00e9ral, d'un v\u00e9rin hydraulique principal, d'un moteur, d'un r\u00e9ducteur, d'un dispositif de s\u00e9curit\u00e9, etc.<\/p>   <div class=\"wp-block-image\"> <figure class=\"aligncenter size-large\"><img loading=\"lazy\" decoding=\"async\" width=\"720\" height=\"540\" src=\"https:\/\/shuliybaler.com\/wp-content\/uploads\/2019\/12\/structure-of-the-metal-baler.jpg\" alt=\"structure de la presse \u00e0 balles m\u00e9talliques\" class=\"wp-image-426\" title=\"\" srcset=\"https:\/\/shuliybaler.com\/wp-content\/uploads\/2019\/12\/structure-of-the-metal-baler.jpg 720w, https:\/\/shuliybaler.com\/wp-content\/uploads\/2019\/12\/structure-of-the-metal-baler-360x270.jpg 360w, https:\/\/shuliybaler.com\/wp-content\/uploads\/2019\/12\/structure-of-the-metal-baler-180x135.jpg 180w\" sizes=\"auto, (max-width: 720px) 100vw, 720px\" \/><figcaption class=\"wp-element-caption\">structure de la presse \u00e0 balles m\u00e9talliques<\/figcaption><\/figure> <\/div>   <ul class=\"wp-block-list\"> <li>La partie hydraulique est le \u00ab c\u0153ur \u00bb du compacteur de m\u00e9taux et la source d\u2019\u00e9nergie de la machine. La plage de pression de cette machine est comprise entre 1 250 kn et 4 000 kn.<\/li>    <li>La chambre d'alimentation d\u00e9termine la taille des mat\u00e9riaux qui peuvent \u00eatre introduits. La plage de tailles de la chambre d'alimentation est de 1 200 * 700 * 600 mm \u2013 3 500 * 3 000 * 1 200 mm.<\/li>    <li>Il y a quatre v\u00e9rins hydrauliques dans la machine, un sur le couvercle de la porte, un sur le poussoir principal, un sur le poussoir lat\u00e9ral et un sur la partie sortie.<\/li>    <li>Installez un dispositif d'arr\u00eat d'urgence et des dispositifs de protection contre les surintensit\u00e9s pour \u00e9viter les accidents.<\/li> <\/ul>    <h2 class=\"wp-block-heading\" id=\"h-how-does-a-metal-baler-work\"><strong>Comment fonctionne une presse \u00e0 ferraille ?<\/strong><\/h2>    <figure class=\"wp-block-embed is-type-video is-provider-youtube wp-block-embed-youtube wp-embed-aspect-16-9 wp-has-aspect-ratio\"><div class=\"wp-block-embed__wrapper\"> <iframe loading=\"lazy\" title=\"Machine automatique de mise en balles de tambours et de canettes en fer | presse \u00e0 balles de recyclage de canettes en aluminium et de presses \u00e0 balles m\u00e9talliques\" width=\"500\" height=\"281\" src=\"https:\/\/www.youtube.com\/embed\/9JxkvEm4QMc?feature=oembed\" frameborder=\"0\" allow=\"accelerometer; autoplay; clipboard-write; encrypted-media; gyroscope; picture-in-picture; web-share\" referrerpolicy=\"strict-origin-when-cross-origin\" allowfullscreen><\/iframe> <\/div><figcaption class=\"wp-element-caption\">vid\u00e9o de travail d'une presse \u00e0 balles pour ferraille, fer et cuivre <\/figcaption><\/figure>   <div id=\"rank-math-howto\" class=\"rank-math-block\" > <div class=\"rank-math-howto-description\">  <\/div>  <div class=\"rank-math-steps\"> <div id=\"howto-step-1704877907192\" class=\"rank-math-step\"> <h3 class=\"rank-math-step-title\"><strong>Chargement de ferraille <\/strong><\/h3> <div class=\"rank-math-step-content\"><p>Tout d\u2019abord, placez le mat\u00e9riau dans la chambre d\u2019alimentation du compacteur m\u00e9tallique. Remarque\u00a0: Les mat\u00e9riaux introduits ne peuvent pas d\u00e9passer la puissance maximale de la machine, car le moteur l'endommagera facilement lorsqu'il fonctionne en surcharge.<\/p> <\/div> <\/div> <div id=\"howto-step-1704877937503\" class=\"rank-math-step\"> <h3 class=\"rank-math-step-title\"><strong>D\u00e9marrer la machine \u00e0 briquettes de ferraille<\/strong><\/h3> <div class=\"rank-math-step-content\"><p>Mettez la machine sous tension et actionnez le levier de commande pour contr\u00f4ler le couvercle de la porte et l'enfoncer. Une fois le pressage termin\u00e9, le couvercle de la porte et le bac d'alimentation forment un espace ferm\u00e9.<\/p> <\/div> <\/div> <div id=\"howto-step-1704878010159\" class=\"rank-math-step\"> <h3 class=\"rank-math-step-title\"><strong>Compression hydraulique multipoint<\/strong><\/h3> <div class=\"rank-math-step-content\"><p>Des tiges hydrauliques situ\u00e9es \u00e0 l'arri\u00e8re et sur les c\u00f4t\u00e9s de la presse \u00e0 ferraille poussent le mat\u00e9riau vers l'avant et le compriment en continu, formant finalement un bloc m\u00e9tallique \u00e0 haute densit\u00e9.<\/p> <\/div> <\/div> <div id=\"howto-step-1704878082347\" class=\"rank-math-step\"> <h3 class=\"rank-math-step-title\"><strong>Processus de formage et de d\u00e9chargement<\/strong><\/h3> <div class=\"rank-math-step-content\"><p>La tige hydraulique de retournement pousse les mat\u00e9riaux sous une forme r\u00e9guli\u00e8re et la densit\u00e9 peut atteindre 2000 kg\/m3. Enfin, sortez doucement les blocs m\u00e9talliques compact\u00e9s de la presse. Ceci termine une op\u00e9ration compl\u00e8te de mise en balles de la ferraille m\u00e9tallique.<\/p> <\/div> <\/div> <\/div> <\/div>       <h2 class=\"wp-block-heading\" id=\"h-advantages-of-hydraulic-scrap-metal-briquette-machine\"><strong>Avantages de la machine hydraulique \u00e0 briquettes de ferraille<\/strong><\/h2>    <ol class=\"wp-block-list\"> <li>La machine est entra\u00een\u00e9e hydrauliquement, avec un fonctionnement silencieux, stable et des facteurs de s\u00e9curit\u00e9 \u00e9lev\u00e9s.<\/li>    <li>Il existe une vari\u00e9t\u00e9 de m\u00e9thodes de d\u00e9chargement, qui peuvent \u00eatre divis\u00e9es en d\u00e9chargement machine et d\u00e9chargement manuel. Les clients peuvent choisir en fonction de leurs besoins.<\/li>    <li>En g\u00e9n\u00e9ral, la tension de la machine est de 380 V, mais elle peut \u00e9galement \u00eatre ajust\u00e9e selon les besoins du client. Dans le cas de sources d\u2019\u00e9nergie peu pratiques, des moteurs diesel peuvent \u00eatre utilis\u00e9s pour fournir de l\u2019\u00e9nergie.<\/li>    <li>La machine est facile \u00e0 installer, aucune vis de pied n'a besoin d'\u00eatre install\u00e9e.<\/li>    <li>Il existe diff\u00e9rents modes de fonctionnement de la machine, vous pouvez donc choisir un fonctionnement manuel ou un fonctionnement PLC.<\/li>    <li>Les pi\u00e8ces de la machine \u00e0 briquettes de ferraille sont trait\u00e9es avec pr\u00e9cision par un tour \u00e0 commande num\u00e9rique par ordinateur. L\u2019action de la machine est douce et durable.<\/li>    <li>La machine est fabriqu\u00e9e en acier au carbone \u00e9paissi avec une belle apparence. La surface de la machine est recouverte d'une peinture imperm\u00e9able et anticorrosion pour prolonger la dur\u00e9e de vie de la machine.<\/li> <\/ol>    <figure class=\"wp-block-gallery has-nested-images columns-default is-cropped wp-block-gallery-2 is-layout-flex wp-block-gallery-is-layout-flex\"> <figure class=\"wp-block-image size-large\"><img loading=\"lazy\" decoding=\"async\" width=\"720\" height=\"540\" data-id=\"428\" src=\"https:\/\/shuliybaler.com\/wp-content\/uploads\/2019\/12\/the-motor-of-this-metal-briquetting-machine.jpg\" alt=\"le moteur de cette machine \u00e0 briquettes m\u00e9talliques\" class=\"wp-image-428\" title=\"\" srcset=\"https:\/\/shuliybaler.com\/wp-content\/uploads\/2019\/12\/the-motor-of-this-metal-briquetting-machine.jpg 720w, https:\/\/shuliybaler.com\/wp-content\/uploads\/2019\/12\/the-motor-of-this-metal-briquetting-machine-360x270.jpg 360w, https:\/\/shuliybaler.com\/wp-content\/uploads\/2019\/12\/the-motor-of-this-metal-briquetting-machine-180x135.jpg 180w\" sizes=\"auto, (max-width: 720px) 100vw, 720px\" \/><figcaption class=\"wp-element-caption\">Le moteur de cette machine \u00e0 briquettes m\u00e9talliques<\/figcaption><\/figure>    <figure class=\"wp-block-image size-large\"><img loading=\"lazy\" decoding=\"async\" width=\"720\" height=\"540\" data-id=\"427\" src=\"https:\/\/shuliybaler.com\/wp-content\/uploads\/2019\/12\/the-detail-part-of-this-baler-machine.jpg\" alt=\"la partie d\u00e9taill\u00e9e de cette presse \u00e0 balles\" class=\"wp-image-427\" title=\"\" srcset=\"https:\/\/shuliybaler.com\/wp-content\/uploads\/2019\/12\/the-detail-part-of-this-baler-machine.jpg 720w, https:\/\/shuliybaler.com\/wp-content\/uploads\/2019\/12\/the-detail-part-of-this-baler-machine-360x270.jpg 360w, https:\/\/shuliybaler.com\/wp-content\/uploads\/2019\/12\/the-detail-part-of-this-baler-machine-180x135.jpg 180w\" sizes=\"auto, (max-width: 720px) 100vw, 720px\" \/><figcaption class=\"wp-element-caption\">La partie d\u00e9taill\u00e9e de cette presse \u00e0 balles<\/figcaption><\/figure>    <figure class=\"wp-block-image size-large\"><img loading=\"lazy\" decoding=\"async\" width=\"720\" height=\"540\" data-id=\"425\" src=\"https:\/\/shuliybaler.com\/wp-content\/uploads\/2019\/12\/Hydraulic-shaft-of-metal-briquetting-machine.jpg\" alt=\"Arbre hydraulique de machine \u00e0 briquettes m\u00e9talliques\" class=\"wp-image-425\" title=\"\" srcset=\"https:\/\/shuliybaler.com\/wp-content\/uploads\/2019\/12\/Hydraulic-shaft-of-metal-briquetting-machine.jpg 720w, https:\/\/shuliybaler.com\/wp-content\/uploads\/2019\/12\/Hydraulic-shaft-of-metal-briquetting-machine-360x270.jpg 360w, https:\/\/shuliybaler.com\/wp-content\/uploads\/2019\/12\/Hydraulic-shaft-of-metal-briquetting-machine-180x135.jpg 180w\" sizes=\"auto, (max-width: 720px) 100vw, 720px\" \/><figcaption class=\"wp-element-caption\">Arbre hydraulique de la machine \u00e0 briquettes m\u00e9talliques<\/figcaption><\/figure>    <figure class=\"wp-block-image size-large\"><img loading=\"lazy\" decoding=\"async\" width=\"720\" height=\"540\" data-id=\"490\" src=\"https:\/\/shuliybaler.com\/wp-content\/uploads\/2019\/12\/aluminum-can-baler.jpg\" alt=\"presse \u00e0 m\u00e9taux\" class=\"wp-image-490\" title=\"\" srcset=\"https:\/\/shuliybaler.com\/wp-content\/uploads\/2019\/12\/aluminum-can-baler.jpg 720w, https:\/\/shuliybaler.com\/wp-content\/uploads\/2019\/12\/aluminum-can-baler-360x270.jpg 360w, https:\/\/shuliybaler.com\/wp-content\/uploads\/2019\/12\/aluminum-can-baler-180x135.jpg 180w\" sizes=\"auto, (max-width: 720px) 100vw, 720px\" \/><figcaption class=\"wp-element-caption\">Machine \u00e0 briquettes de ferraille<\/figcaption><\/figure> <\/figure>    <h2 class=\"wp-block-heading\"><strong>Pourquoi choisir Shuliy comme fournisseur de machines \u00e0 briquettes de ferraille ?<\/strong><\/h2>    <p>Shuliy a \u00e9t\u00e9 choisi comme fournisseur de presses \u00e0 ferraille en raison de ses avantages concurrentiels dans l'industrie en termes de performances de l'\u00e9quipement, d'assurance qualit\u00e9 et de service client.<\/p>    <ul class=\"wp-block-list\"> <li><strong>Prix \u200b\u200braisonnable<\/strong>: Shuliy fournit des presses \u00e0 ferraille rentables, garantissant que les clients peuvent obtenir des \u00e9quipements de production de haute qualit\u00e9 tout en contr\u00f4lant les co\u00fbts.<\/li>    <li><strong>Service personnalis\u00e9<\/strong>: En r\u00e9ponse aux diff\u00e9rents besoins des clients, Schulich peut fournir des solutions personnalis\u00e9es pour concevoir et optimiser des presses \u00e0 balles pour des sc\u00e9narios sp\u00e9cifiques de traitement des d\u00e9chets.<\/li>    <li><strong>Prestation parfaite<\/strong>: De la consultation avant-vente \u00e0 l'installation et \u00e0 la maintenance apr\u00e8s-vente, nous fournissons un service complet \u00e0 guichet unique pour garantir que les clients n'ont aucun souci.<\/li>    <li><strong>Vari\u00e9t\u00e9 de mod\u00e8les<\/strong>: Nous avons une vari\u00e9t\u00e9 de sp\u00e9cifications de la s\u00e9rie de presses \u00e0 balles m\u00e9talliques, pour r\u00e9pondre aux besoins de diff\u00e9rents types de production et de mat\u00e9riaux de mise en balles, pour nous adapter \u00e0 la tendance de diversification du march\u00e9.<\/li> <\/ul>    <h2 class=\"wp-block-heading\"><strong>Comment obtenir plus de d\u00e9tails sur <a href=\"https:\/\/shuliybaler.com\/fr\/product\/scrap-metal-baler\/\">presse \u00e0 ferraille m\u00e9tallique<\/a>?<\/strong><\/h2>    <p class=\"translation-block\">Pour plus de d\u00e9tails ou pour commander la Shuliy Horizontal Metal Baler, veuillez visiter notre site officiel. En m\u00eame temps, vous pouvez \u00e9galement envoyer un e-mail, utiliser l\u2019outil de chat en ligne pour des demandes et communications; nous vous fournirons des services de conseil professionnels sur <a href=\"https:\/\/en.wikipedia.org\/wiki\/Aluminium_recycling\" target=\"_blank\" rel=\"noopener\">recyclage de m\u00e9tal<\/a> en temps voulu.<\/p>","protected":false},"excerpt":{"rendered":"<p>La machine \u00e0 briquettes de ferraille est \u00e9galement appel\u00e9e presse \u00e0 balles m\u00e9talliques pour mettre en balles la ferraille, l'acier, le fer, le cuivre, etc. en balles fa\u00e7onn\u00e9es pour les recycler afin de r\u00e9aliser des b\u00e9n\u00e9fices. Cet article d\u00e9crit les types de presses \u00e0 balles pouvant \u00eatre mises en balles et les mat\u00e9riaux pouvant \u00eatre mis en balles pour votre r\u00e9f\u00e9rence lors du choix.<\/p>","protected":false},"author":1,"featured_media":2719,"parent":0,"template":"","tags":[39],"product-type":[41],"class_list":["post-407","product","type-product","status-publish","has-post-thumbnail","hentry","tag-metal-baler","product-type-metal-baler-machine"],"_links":{"self":[{"href":"https:\/\/shuliybaler.com\/fr\/wp-json\/wp\/v2\/product\/407","targetHints":{"allow":["GET"]}}],"collection":[{"href":"https:\/\/shuliybaler.com\/fr\/wp-json\/wp\/v2\/product"}],"about":[{"href":"https:\/\/shuliybaler.com\/fr\/wp-json\/wp\/v2\/types\/product"}],"author":[{"embeddable":true,"href":"https:\/\/shuliybaler.com\/fr\/wp-json\/wp\/v2\/users\/1"}],"wp:featuredmedia":[{"embeddable":true,"href":"https:\/\/shuliybaler.com\/fr\/wp-json\/wp\/v2\/media\/2719"}],"wp:attachment":[{"href":"https:\/\/shuliybaler.com\/fr\/wp-json\/wp\/v2\/media?parent=407"}],"wp:term":[{"taxonomy":"post_tag","embeddable":true,"href":"https:\/\/shuliybaler.com\/fr\/wp-json\/wp\/v2\/tags?post=407"},{"taxonomy":"product-type","embeddable":true,"href":"https:\/\/shuliybaler.com\/fr\/wp-json\/wp\/v2\/product-type?post=407"}],"curies":[{"name":"wp","href":"https:\/\/api.w.org\/{rel}","templated":true}]}}