{"id":462,"date":"2019-12-10T14:17:29","date_gmt":"2019-12-10T06:17:29","guid":{"rendered":"https:\/\/shuliybaler.com\/?p=462"},"modified":"2022-12-29T16:05:20","modified_gmt":"2022-12-29T08:05:20","slug":"vertical-metal-baler","status":"publish","type":"product","link":"https:\/\/shuliybaler.com\/fr\/product\/presse-a-balles-verticale-en-metal\/","title":{"rendered":"Presse \u00e0 balles verticale en m\u00e9tal | presse \u00e0 balles de recyclage"},"content":{"rendered":"<p>La presse \u00e0 balles verticale en m\u00e9tal est \u00e9galement appel\u00e9e presse \u00e0 balles de recyclage, presse hydraulique verticale, etc. Il utilise le principe hydraulique pour comprimer les d\u00e9chets m\u00e9talliques, afin d'\u00e9conomiser de l'espace et de faciliter le transport. Parce que cette machine peut \u00eatre utilis\u00e9e pour traiter une vari\u00e9t\u00e9 de mat\u00e9riaux, adapt\u00e9s \u00e0 la compression de la paille, de la laine, des coquilles d'arachide, du houblon, du cuir, des v\u00eatements, des vieux papiers, des d\u00e9chets plastiques, des d\u00e9chets m\u00e9talliques, des canettes, etc., elle est \u00e9galement appel\u00e9e une presse hydraulique multifonctionnelle.<\/p>   <div class=\"wp-block-image\"> <figure class=\"aligncenter size-large\"><img loading=\"lazy\" decoding=\"async\" width=\"720\" height=\"540\" src=\"https:\/\/shuliybaler.com\/wp-content\/uploads\/2019\/12\/vertical-metal-baler-1.jpg\" alt=\"presse \u00e0 balles verticale en m\u00e9tal\" class=\"wp-image-478\" title=\"\" srcset=\"https:\/\/shuliybaler.com\/wp-content\/uploads\/2019\/12\/vertical-metal-baler-1.jpg 720w, https:\/\/shuliybaler.com\/wp-content\/uploads\/2019\/12\/vertical-metal-baler-1-360x270.jpg 360w, https:\/\/shuliybaler.com\/wp-content\/uploads\/2019\/12\/vertical-metal-baler-1-180x135.jpg 180w\" sizes=\"auto, (max-width: 720px) 100vw, 720px\" \/><figcaption class=\"wp-element-caption\">presse \u00e0 balles verticale en m\u00e9tal<\/figcaption><\/figure> <\/div>   <h2 class=\"wp-block-heading\" id=\"h-structure-of-vertical-metal-baler\">Structure de presse \u00e0 balles verticale en m\u00e9tal<\/h2>   <div class=\"wp-block-image\"> <figure class=\"aligncenter size-full\"><img loading=\"lazy\" decoding=\"async\" width=\"720\" height=\"750\" src=\"https:\/\/shuliybaler.com\/wp-content\/uploads\/2019\/12\/1ca47c90.jpg\" alt=\"Presse \u00e0 pneus us\u00e9s\" class=\"wp-image-2454\" title=\"\"><figcaption class=\"wp-element-caption\">Presse \u00e0 pneus us\u00e9s<\/figcaption><\/figure> <\/div>   <ol class=\"wp-block-list\"> <li>Fuselage. Le fuselage comprend une plaque de base et deux d\u00e9flecteurs lat\u00e9raux avant et arri\u00e8re mobiles. Selon les diff\u00e9rentes capacit\u00e9s de production de la machine, le nombre de rainures de c\u00e2ble sur le sol de la machine est \u00e9galement diff\u00e9rent. <\/li>    <li>Chicane sup\u00e9rieure. Le d\u00e9flecteur sup\u00e9rieur de la presse se trouve directement au-dessus du bac d'alimentation de la machine. Lorsque la machine est en marche, le d\u00e9flecteur sup\u00e9rieur est entra\u00een\u00e9 vers le bas par le syst\u00e8me hydraulique, qui comprime en permanence l'espace \u00e0 l'int\u00e9rieur du bac d'alimentation et comprime les mat\u00e9riaux.<\/li>    <li>Syst\u00e8me hydraulique. Le syst\u00e8me hydraulique est le syst\u00e8me central de la machine, compos\u00e9 d'un pipeline, d'un r\u00e9servoir d'huile, d'une pompe hydraulique, d'une vanne, etc. pour fournir de l'\u00e9nergie pour le travail de la machine.<\/li> <\/ol>    <figure class=\"wp-block-embed is-type-video is-provider-youtube wp-block-embed-youtube wp-embed-aspect-16-9 wp-has-aspect-ratio\"><div class=\"wp-block-embed__wrapper\"> <iframe loading=\"lazy\" title=\"Machine \u00e0 presser les vieux papiers | presse \u00e0 balles de coton | presse \u00e0 balles de canettes | presse \u00e0 balles de recyclage\" width=\"500\" height=\"281\" src=\"https:\/\/www.youtube.com\/embed\/QZtXuzoCVkA?feature=oembed\" frameborder=\"0\" allow=\"accelerometer; autoplay; clipboard-write; encrypted-media; gyroscope; picture-in-picture; web-share\" referrerpolicy=\"strict-origin-when-cross-origin\" allowfullscreen><\/iframe> <\/div><\/figure>    <h2 class=\"wp-block-heading\" id=\"h-how-does-a-recycling-baler-work\">Comment fonctionne une presse \u00e0 balles de recyclage ?<\/h2>   <div class=\"wp-block-image\"> <figure class=\"aligncenter size-full\"><img loading=\"lazy\" decoding=\"async\" width=\"720\" height=\"750\" src=\"https:\/\/shuliybaler.com\/wp-content\/uploads\/2019\/12\/1942c7a8.jpg\" alt=\"emballage de bouteilles en plastique\" class=\"wp-image-2453\" title=\"\"><figcaption class=\"wp-element-caption\">emballage de bouteilles en plastique<\/figcaption><\/figure> <\/div>   <p>Mettez d\u2019abord toutes sortes de d\u00e9chets (d\u00e9chets m\u00e9talliques, bouteilles en plastique, vieux v\u00eatements, etc.) dans la mangeoire. Allumez l'interrupteur de la machine et le d\u00e9flecteur sup\u00e9rieur s'abaissera progressivement, comprimant le mat\u00e9riau en un paquet cubique compact. Une fois que la machine a termin\u00e9 son travail, ouvrez les d\u00e9flecteurs avant et arri\u00e8re et utilisez du fil de fer, des cordes, des bandes de tissu, etc. pour regrouper fermement le mat\u00e9riau comprim\u00e9 afin d'assurer sa structure compacte.<\/p>    <h2 class=\"wp-block-heading\" id=\"h-what-s-the-difference-between-a-vertical-metal-baler-and-a-horizontal-one\">Quelle est la diff\u00e9rence entre une presse \u00e0 m\u00e9taux verticale et une presse horizontale ?<\/h2>    <p>D'une mani\u00e8re g\u00e9n\u00e9rale, la presse horizontale a un rendement plus important et les mat\u00e9riaux trait\u00e9s n'ont pas besoin d'\u00eatre attach\u00e9s avec une corde. Lors du traitement de mat\u00e9riaux de grande densit\u00e9 et de grand volume, des presses \u00e0 balles verticales m\u00e9talliques sont g\u00e9n\u00e9ralement utilis\u00e9es. Cependant, les presses verticales sont plus largement utilis\u00e9es. De plus, la surface au sol de la presse \u00e0 balles verticale en m\u00e9tal est petite.<\/p>    <figure class=\"wp-block-gallery has-nested-images columns-default is-cropped wp-block-gallery-2 is-layout-flex wp-block-gallery-is-layout-flex\"> <figure class=\"wp-block-image size-large\"><img loading=\"lazy\" decoding=\"async\" width=\"720\" height=\"540\" data-id=\"480\" src=\"https:\/\/shuliybaler.com\/wp-content\/uploads\/2019\/12\/recycling-baler-1.jpg\" alt=\"presse \u00e0 balles de recyclage\" class=\"wp-image-480\" title=\"\" srcset=\"https:\/\/shuliybaler.com\/wp-content\/uploads\/2019\/12\/recycling-baler-1.jpg 720w, https:\/\/shuliybaler.com\/wp-content\/uploads\/2019\/12\/recycling-baler-1-360x270.jpg 360w, https:\/\/shuliybaler.com\/wp-content\/uploads\/2019\/12\/recycling-baler-1-180x135.jpg 180w\" sizes=\"auto, (max-width: 720px) 100vw, 720px\" \/><figcaption class=\"wp-element-caption\">Presse \u00e0 balles de recyclage<\/figcaption><\/figure>    <figure class=\"wp-block-image size-large\"><img loading=\"lazy\" decoding=\"async\" width=\"720\" height=\"540\" data-id=\"481\" src=\"https:\/\/shuliybaler.com\/wp-content\/uploads\/2019\/12\/application-range-of-the-hydraulic-baler-1.jpg\" alt=\"Domaine d&#039;application de la presse hydraulique\" class=\"wp-image-481\" title=\"\" srcset=\"https:\/\/shuliybaler.com\/wp-content\/uploads\/2019\/12\/application-range-of-the-hydraulic-baler-1.jpg 720w, https:\/\/shuliybaler.com\/wp-content\/uploads\/2019\/12\/application-range-of-the-hydraulic-baler-1-360x270.jpg 360w, https:\/\/shuliybaler.com\/wp-content\/uploads\/2019\/12\/application-range-of-the-hydraulic-baler-1-180x135.jpg 180w\" sizes=\"auto, (max-width: 720px) 100vw, 720px\" \/><figcaption class=\"wp-element-caption\">Gamme d'applications de la presse hydraulique<\/figcaption><\/figure> <\/figure>    <h2 class=\"wp-block-heading\" id=\"h-features-of-recycling-baler\">Caract\u00e9ristiques de la presse \u00e0 balles de recyclage<\/h2>    <p>1. Largement utilis\u00e9.<\/p>    <ul class=\"wp-block-list\"> <li>Il peut \u00eatre utilis\u00e9 pour comprimer les d\u00e9chets agricoles, comme la paille, les coques de cacahu\u00e8tes, le coton, etc.<\/li>    <li>Il peut \u00eatre utilis\u00e9 pour le conditionnement de mati\u00e8res animales, telles que le foin, la laine, etc.<\/li>    <li>Emballage de d\u00e9chets industriels, tels que divers produits en plastique, bouteilles en plastique, films plastiques, chutes de m\u00e9taux, canettes en aluminium, seaux en fer, etc.<\/li> <\/ul>    <p>2. \u00c9conomisez de l'espace. D'une part, la machine a un faible encombrement et ne n\u00e9cessite pas beaucoup d'espace pour l'utiliser. D\u2019un autre c\u00f4t\u00e9, les mat\u00e9riaux compress\u00e9s peuvent \u00e9conomiser de l\u2019espace de stockage.<br> 3. Large s\u00e9lection. La plage de pression de la machine est comprise entre 10 tonnes et 200 tonnes. Au cours de cette gamme, les clients peuvent choisir en fonction de leurs besoins.<br> 4. R\u00e9sistance \u00e0 la corrosion. Certains d\u00e9chets peuvent contenir des liquides et des mat\u00e9riaux corrosifs. La machine est faite d'un mat\u00e9riau \u00e9paissi et recouverte d'une peinture anticorrosion.<br> 5. Prise en charge de la personnalisation. Les clients peuvent personnaliser la taille du bloc de sortie, la taille de la machine, la taille de la pression, etc. pour faciliter la fusion du four, le transport, etc.<\/p>   <div class=\"wp-block-image\"> <figure class=\"aligncenter size-large\"><img loading=\"lazy\" decoding=\"async\" width=\"720\" height=\"540\" src=\"https:\/\/shuliybaler.com\/wp-content\/uploads\/2019\/12\/big-capacity-of-the-metal-baler-1.jpg\" alt=\"grande capacit\u00e9 de la presse \u00e0 balles m\u00e9talliques\" class=\"wp-image-483\" title=\"\" srcset=\"https:\/\/shuliybaler.com\/wp-content\/uploads\/2019\/12\/big-capacity-of-the-metal-baler-1.jpg 720w, https:\/\/shuliybaler.com\/wp-content\/uploads\/2019\/12\/big-capacity-of-the-metal-baler-1-360x270.jpg 360w, https:\/\/shuliybaler.com\/wp-content\/uploads\/2019\/12\/big-capacity-of-the-metal-baler-1-180x135.jpg 180w\" sizes=\"auto, (max-width: 720px) 100vw, 720px\" \/><figcaption class=\"wp-element-caption\">grande capacit\u00e9 de la presse \u00e0 balles m\u00e9talliques<\/figcaption><\/figure> <\/div>   <h2 class=\"wp-block-heading\" id=\"h-technical-parameters-of-vertical-metal-baler\"><strong>Param\u00e8tres techniques de la presse \u00e0 balles verticale en m\u00e9tal<\/strong><\/h2>   <div class=\"wp-block-image\"> <figure class=\"aligncenter size-full\"><img loading=\"lazy\" decoding=\"async\" width=\"720\" height=\"750\" src=\"https:\/\/shuliybaler.com\/wp-content\/uploads\/2019\/12\/wKh-1-2.jpg\" alt=\"presse \u00e0 balles de recyclage\" class=\"wp-image-2452\" title=\"\"><figcaption class=\"wp-element-caption\">presse \u00e0 balles de recyclage<\/figcaption><\/figure> <\/div>   <figure class=\"wp-block-table\"><table class=\"\"><tbody><tr><td><strong>&nbsp;<\/strong><\/td><td><strong>Taper <\/strong><strong><\/strong><\/td><td><strong>diam\u00e8tre du cylindre<\/strong><strong><\/strong><\/td><td><strong>Puissance (Kw)<\/strong><strong><\/strong><\/td><td><strong>Taille de bloc<\/strong><strong><\/strong><\/td><td><strong>Taille de la machine<\/strong><strong><\/strong><\/td><td><strong>Poids du bloc <\/strong><strong><\/strong><\/td><td><strong>Poids de la machine <\/strong><strong><\/strong><\/td><\/tr><tr><td rowspan=\"6\"><strong>Levier hydraulique unique<\/strong><strong><\/strong><\/td><td><strong>10T<\/strong><strong><\/strong><\/td><td><strong>115<\/strong><strong><\/strong><\/td><td><strong>7.5<\/strong><strong><\/strong><\/td><td><strong>80*40*80<\/strong><strong><\/strong><\/td><td><strong>1.5*0.7*2.7<\/strong><strong><\/strong><\/td><td><strong>130<\/strong><strong><\/strong><\/td><td><strong>500<\/strong><strong><\/strong><\/td><\/tr><tr><td><strong>20T<\/strong><strong><\/strong><\/td><td><strong>140<\/strong><strong><\/strong><\/td><td><strong>7.5<\/strong><strong><\/strong><\/td><td><strong>80*40*80<\/strong><strong><\/strong><\/td><td><strong>1.5*0.7*2.8<\/strong><strong><\/strong><\/td><td><strong>150<\/strong><strong><\/strong><\/td><td><strong>550<\/strong><strong><\/strong><\/td><\/tr><tr><td><strong>30T<\/strong><strong><\/strong><\/td><td><strong>160<\/strong><strong><\/strong><\/td><td><strong>11<\/strong><strong><\/strong><\/td><td><strong>80*40*80<\/strong><strong><\/strong><\/td><td><strong>1.5*0.7*2.8<\/strong><strong><\/strong><\/td><td><strong>200<\/strong><strong><\/strong><\/td><td><strong>600<\/strong><strong><\/strong><\/td><\/tr><tr><td><strong>30T<\/strong><strong><\/strong><\/td><td><strong>160<\/strong><strong><\/strong><\/td><td><strong>11<\/strong><strong><\/strong><\/td><td><strong>80*60*80<\/strong><strong><\/strong><\/td><td><strong>1.5*0.85*2.8<\/strong><strong><\/strong><\/td><td><strong>260<\/strong><strong><\/strong><\/td><td><strong>650<\/strong><strong><\/strong><\/td><\/tr><tr><td><strong>30T<\/strong><strong><\/strong><\/td><td><strong>160<\/strong><strong><\/strong><\/td><td><strong>11<\/strong><strong><\/strong><\/td><td><strong>100*60*80<\/strong><strong><\/strong><\/td><td><strong>1.75*0.85*2.8<\/strong><strong><\/strong><\/td><td><strong>300<\/strong><strong><\/strong><\/td><td><strong>700<\/strong><strong><\/strong><\/td><\/tr><tr><td><strong>40T<\/strong><strong><\/strong><\/td><td><strong>180<\/strong><strong><\/strong><\/td><td><strong>11<\/strong><strong><\/strong><\/td><td><strong>100*60*80<\/strong><strong><\/strong><\/td><td><strong>1.75*0.85*2.8<\/strong><strong><\/strong><\/td><td><strong>350<\/strong><strong><\/strong><\/td><td><strong>750<\/strong><strong><\/strong><\/td><\/tr><tr><td rowspan=\"5\"><strong>Double levier hydraulique<\/strong><strong><\/strong><\/td><td><strong>30T<\/strong><strong><\/strong><\/td><td><strong>115<\/strong><strong><\/strong><\/td><td><strong>11<\/strong><strong><\/strong><\/td><td><strong>100*60*80<\/strong><strong><\/strong><\/td><td><strong>1.75*0.85*2.8<\/strong><strong><\/strong><\/td><td><strong>300<\/strong><strong><\/strong><\/td><td><strong>700<\/strong><strong><\/strong><\/td><\/tr><tr><td><strong>40T<\/strong><strong><\/strong><\/td><td><strong>140<\/strong><strong><\/strong><\/td><td><strong>11<\/strong><strong><\/strong><\/td><td><strong>100*60*80<\/strong><strong><\/strong><\/td><td><strong>1.75*0.85*2.8<\/strong><strong><\/strong><\/td><td><strong>400<\/strong><strong><\/strong><\/td><td><strong>800<\/strong><strong><\/strong><\/td><\/tr><tr><td><strong>60T<\/strong><strong><\/strong><\/td><td><strong>160<\/strong><strong><\/strong><\/td><td><strong>15<\/strong><strong><\/strong><\/td><td><strong>120*80*100<\/strong><strong><\/strong><\/td><td><strong>1.7*1*3.2<\/strong><strong><\/strong><\/td><td><strong>600<\/strong><strong><\/strong><\/td><td><strong>1300<\/strong><strong><\/strong><\/td><\/tr><tr><td><strong>80T<\/strong><strong><\/strong><\/td><td><strong>180<\/strong><strong><\/strong><\/td><td><strong>18.5<\/strong><strong><\/strong><\/td><td><strong>120*80*100<\/strong><strong><\/strong><\/td><td><strong>1.75*1.1*3.3<\/strong><strong><\/strong><\/td><td><strong>800<\/strong><strong><\/strong><\/td><td><strong>1450<\/strong><strong><\/strong><\/td><\/tr><tr><td><strong>100T<\/strong><strong><\/strong><\/td><td><strong>180<\/strong><strong><\/strong><\/td><td><strong>22<\/strong><strong><\/strong><\/td><td><strong>120*80*100<\/strong><strong><\/strong><\/td><td><strong>1.75*1.1*3.3<\/strong><strong><\/strong><\/td><td><strong>900<\/strong><strong><\/strong><\/td><td><strong>1600<\/strong><strong><\/strong><\/td><\/tr><\/tbody><\/table><\/figure>    <p><\/p>    <p class=\"translation-block\">Selon ce tableau de param\u00e8tres, cette machine \u00e0 compresser pour le recyclage a une vari\u00e9t\u00e9 de mod\u00e8les. Lorsque nous recommandons aux clients de s\u00e9lectionner le mod\u00e8le de la baleuse, nous d\u00e9terminons principalement le mod\u00e8le de la machine en fonction des articles emball\u00e9s par le client. Par exemple, <a href=\"https:\/\/shuliybaler.com\/fr\/application-of-cotton-baler-machine\/\">si le client souhaite emballer du coton et du papier recycl\u00e9, une machine plus petite peut \u00eatre utilis\u00e9e.<\/a> Si le client souhaite emballer des pneus ou des f\u00fbts en fer, une machine plus grande est n\u00e9cessaire.<\/p>   <div class=\"vlp-link-container vlp-layout-basic wp-block-visual-link-preview-link\"><a href=\"https:\/\/shuliybaler.com\/fr\/application-of-cotton-baler-machine\/\" class=\"vlp-link\" title=\"Application de la presse \u00e0 coton\" rel=\"nofollow\" target=\"_blank\"><\/a><div class=\"vlp-layout-zone-side\"><div class=\"vlp-block-2 vlp-link-image\"><img decoding=\"async\" src=\"https:\/\/shuliybaler.com\/wp-content\/uploads\/2022\/06\/%E7%99%BD%E5%BA%95%E5%9B%BE1.jpg\" style=\"max-width: 150px; max-height: 150px\" alt=\"\" title=\"\"><\/div><\/div><div class=\"vlp-layout-zone-main\"><div class=\"vlp-block-0 vlp-link-title\">Application de la presse \u00e0 coton<\/div><div class=\"vlp-block-1 vlp-link-summary\">Le coton est la fibre de la graine de la plante Gossypium de la famille des Malvac\u00e9es, originaire des r\u00e9gions subtropicales. La plante est arbustive et peut atteindre 6 m\u00e8tres de hauteur.<\/div><\/div><\/div>   <h2 class=\"wp-block-heading\">Vid\u00e9o d'une presse \u00e0 balles verticale en m\u00e9tal<\/h2>    <figure class=\"wp-block-embed is-type-video is-provider-youtube wp-block-embed-youtube wp-embed-aspect-16-9 wp-has-aspect-ratio\"><div class=\"wp-block-embed__wrapper\"> <iframe loading=\"lazy\" title=\"Que souhaitez-vous emballer avec la presse \u00e0 balles polyvalente\u00a0? | Comment emballer les vieux papiers ?#baler\" width=\"500\" height=\"281\" src=\"https:\/\/www.youtube.com\/embed\/utYKwdaiwy8?feature=oembed\" frameborder=\"0\" allow=\"accelerometer; autoplay; clipboard-write; encrypted-media; gyroscope; picture-in-picture; web-share\" referrerpolicy=\"strict-origin-when-cross-origin\" allowfullscreen><\/iframe> <\/div><\/figure>","protected":false},"excerpt":{"rendered":"<p>La presse \u00e0 balles verticale en m\u00e9tal est \u00e9galement appel\u00e9e presse \u00e0 balles de recyclage, presse hydraulique verticale, etc. Il utilise le principe hydraulique pour comprimer les d\u00e9chets m\u00e9talliques, afin d'\u00e9conomiser de l'espace et de faciliter le transport. Parce que cette machine peut \u00eatre utilis\u00e9e pour traiter une vari\u00e9t\u00e9 de mat\u00e9riaux, adapt\u00e9s \u00e0 la compression de la paille, de la laine, des coquilles d'arachide, du houblon, du cuir, des v\u00eatements, des vieux papiers, des d\u00e9chets plastiques, des d\u00e9chets m\u00e9talliques, des canettes, etc., elle est \u00e9galement appel\u00e9e une presse hydraulique multifonctionnelle.<\/p>","protected":false},"author":1,"featured_media":2450,"parent":0,"template":"","meta":{"product_tpl_data":{"subtitle":"","param_summary":"","model_summary_title":"","model_summary":"","model_series":[],"finished_product_title":"","raw_materials_title":"","process_title":"","endsummary":""},"product_extra_property":[{"pname":"Type","pvalue":"Single hydraulic lever"},{"pname":"cylinder diameter","pvalue":"160"},{"pname":"Power\uff08Kw\uff09","pvalue":"11"},{"pname":"Block size","pvalue":"80*60*80"},{"pname":"Machine size","pvalue":"1.5*0.85*2.8"},{"pname":"Block weight","pvalue":"260"},{"pname":"Machine weight","pvalue":"650"}],"product_extra_image":""},"tags":[50,6],"product-type":[41],"class_list":["post-462","product","type-product","status-publish","has-post-thumbnail","hentry","tag-metal-baling-machine","tag-vertical-metal-baler","product-type-metal-baler-machine"],"light_meta":{"_ez-toc-disabled":"","_ez-toc-insert":"","_ez-toc-heading-levels":[],"_ez-toc-alttext":"","_ez-toc-exclude":"","_yoast_wpseo_primary_category":"2","_yoast_wpseo_content_score":"90","_yoast_wpseo_focuskw":"vertical metal baler","_yoast_wpseo_title":"%%title%% - Shuliy machinery","_yoast_wpseo_metadesc":"The vertical metal baler is also called a recycling baler, a vertical hydraulic baler. It uses the hydraulic principle to compress the metal.","_yoast_wpseo_linkdex":"75","_yoast_wpseo_focuskeywords":"[]","_yoast_wpseo_keywordsynonyms":"[\"\"]","_yoast_wpseo_estimated-reading-time-minutes":"5","_oembed_93c67dcf2c35a5bcdb1a34b6e372c17b":"<iframe title=\"What do you want to pack with the multipurpose baling machine? | How to pack waste paper?#baler\" width=\"1200\" height=\"675\" src=\"https:\/\/www.youtube.com\/embed\/utYKwdaiwy8?feature=oembed\" frameborder=\"0\" allow=\"accelerometer; autoplay; clipboard-write; encrypted-media; gyroscope; picture-in-picture\" allowfullscreen><\/iframe>","_oembed_time_93c67dcf2c35a5bcdb1a34b6e372c17b":"1656410150","_oembed_0017112e2e57069f050b23c9eff48b5d":"<iframe title=\"What do you want to pack with the multipurpose baling machine? | How to pack waste paper?#baler\" width=\"900\" height=\"506\" src=\"https:\/\/www.youtube.com\/embed\/utYKwdaiwy8?feature=oembed\" frameborder=\"0\" allow=\"accelerometer; autoplay; clipboard-write; encrypted-media; gyroscope; picture-in-picture\" allowfullscreen><\/iframe>","_oembed_time_0017112e2e57069f050b23c9eff48b5d":"1656504972","_oembed_008dd11a71e99d0984b45c19e53fd50f":"<iframe title=\"What do you want to pack with the multipurpose baling machine? | How to pack waste paper?#baler\" width=\"500\" height=\"281\" src=\"https:\/\/www.youtube.com\/embed\/utYKwdaiwy8?feature=oembed\" frameborder=\"0\" allow=\"accelerometer; autoplay; clipboard-write; encrypted-media; gyroscope; picture-in-picture\" allowfullscreen><\/iframe>","_oembed_time_008dd11a71e99d0984b45c19e53fd50f":"1672301121","rank_math_primary_category":"2","rank_math_title":"%title% - Shuliy machinery","rank_math_description":"The vertical metal baler is also called a recycling baler, a vertical hydraulic baler. It uses the hydraulic principle to compress the metal.","rank_math_focus_keyword":"vertical metal baler","rank_math_news_sitemap_robots":"index","rank_math_robots":["index"],"rank_math_seo_score":"79","rank_math_analytic_object_id":"39","rank_math_schema_VideoObject":[{"@type":"VideoObject","metadata":{"title":"Video","type":"template","shortcode":"s-63325d658e007","isPrimary":true,"reviewLocationShortcode":"[rank_math_rich_snippet]","category":"%categories%","tags":"%tags%","isAutoGenerated":true},"name":"Que souhaitez-vous emballer avec la presse \u00e0 balles polyvalente\u00a0? | Comment emballer les vieux papiers ?#baler","description":"#mentalbaler#cartonpacking#balingmachineWhatsApp &amp;Wechat:+86 173 2932 5832 https:\/\/shuliybaler.com\/vertical-metal-baler\/email:info@shuliybaler.comLa verticale...","uploadDate":"2022-06-28","thumbnailUrl":"https:\/\/shuliybaler.com\/wp-content\/uploads\/2022\/09\/hqdefault-7.jpg","embedUrl":"https:\/\/www.youtube.com\/embed\/utYKwdaiwy8","contentUrl":"","duration":"PT1M33S","width":"1280","height":"720","isFamilyFriendly":true},{"@type":"VideoObject","metadata":{"title":"Video","type":"template","shortcode":"s-633423ab1350d","isPrimary":false,"reviewLocationShortcode":"[rank_math_rich_snippet]","category":"%categories%","tags":"%tags%","isAutoGenerated":true},"name":"Machine \u00e0 presser les vieux papiers | presse \u00e0 balles de coton | presse \u00e0 balles de canettes | presse \u00e0 balles de recyclage","description":"#cottonbaler#canbaler#paperbalerhttps:\/\/shuliybaler.com\/product\/vertical-metal-baler\/\ud83d\ude0aCliquez pour le prix aujourd'hui\u00a0: https:\/\/wa.me\/+8617329325832Email:info@shuliyba...","uploadDate":"2022-09-28","thumbnailUrl":"https:\/\/shuliybaler.com\/wp-content\/uploads\/2022\/09\/hqdefault-8.jpg","embedUrl":"https:\/\/www.youtube.com\/embed\/QZtXuzoCVkA","contentUrl":"","duration":"PT0M56S","width":"1280","height":"720","isFamilyFriendly":true}],"product_tpl_data":{"subtitle":"","param_summary":"","model_summary_title":"","model_summary":"","model_series":"","finished_product_title":"","raw_materials_title":"","process_title":"","endsummary":""},"_oembed_7e04893b4753f5ec571ed15b1cb3d15f":"<iframe title=\"Waste paper baler machine | cotton baling machine | can baler machine |  recycling baler machine\" width=\"500\" height=\"281\" src=\"https:\/\/www.youtube.com\/embed\/QZtXuzoCVkA?feature=oembed\" frameborder=\"0\" allow=\"accelerometer; autoplay; clipboard-write; encrypted-media; gyroscope; picture-in-picture\" allowfullscreen><\/iframe>","_oembed_time_7e04893b4753f5ec571ed15b1cb3d15f":"1672301121","litespeed_vpi_list":["cropped-cropped-cropped-shuliylogo-1.png"],"product_extra_property":[{"pname":"Type","pvalue":"Single hydraulic lever"},{"pname":"cylinder diameter","pvalue":"160"},{"pname":"Power\uff08Kw\uff09","pvalue":"11"},{"pname":"Block size","pvalue":"80*60*80"},{"pname":"Machine size","pvalue":"1.5*0.85*2.8"},{"pname":"Block weight","pvalue":"260"},{"pname":"Machine weight","pvalue":"650"}],"_trp_automatically_translated_slug_zh_CN":"\u7acb\u5f0f\u91d1\u5c5e\u6253\u5305\u673a","_trp_automatically_translated_slug_ru_RU":"\u0432\u0435\u0440\u0442\u0438\u043a\u0430\u043b\u044c\u043d\u044b\u0439-\u043f\u0440\u0435\u0441\u0441-\u043f\u043e\u0434\u0431\u043e\u0440\u0449\u0438\u043a-\u043c\u0435\u0442\u0430\u043b\u043b","_trp_automatically_translated_slug_es_ES":"empacadora-de-metal-vertical","_trp_automatically_translated_slug_fr_FR":"presse-a-balles-verticale-en-metal","_oembed_d7a142683f5444bda20645e745f1a24a":"<iframe title=\"Waste paper baler machine | cotton baling machine | can baler machine |  recycling baler machine\" width=\"500\" height=\"281\" src=\"https:\/\/www.youtube.com\/embed\/QZtXuzoCVkA?feature=oembed\" frameborder=\"0\" allow=\"accelerometer; autoplay; clipboard-write; encrypted-media; gyroscope; picture-in-picture; web-share\" referrerpolicy=\"strict-origin-when-cross-origin\" allowfullscreen><\/iframe>","_oembed_time_d7a142683f5444bda20645e745f1a24a":"1712718963","_oembed_d27f063ba2423d7fff286a2f75592174":"<iframe title=\"What do you want to pack with the multipurpose baling machine? | How to pack waste paper?#baler\" width=\"500\" height=\"281\" src=\"https:\/\/www.youtube.com\/embed\/utYKwdaiwy8?feature=oembed\" frameborder=\"0\" allow=\"accelerometer; autoplay; clipboard-write; encrypted-media; gyroscope; picture-in-picture; web-share\" referrerpolicy=\"strict-origin-when-cross-origin\" allowfullscreen><\/iframe>","_oembed_time_d27f063ba2423d7fff286a2f75592174":"1712718963","rank_math_internal_links_processed":"1"},"_links":{"self":[{"href":"https:\/\/shuliybaler.com\/fr\/wp-json\/wp\/v2\/product\/462","targetHints":{"allow":["GET"]}}],"collection":[{"href":"https:\/\/shuliybaler.com\/fr\/wp-json\/wp\/v2\/product"}],"about":[{"href":"https:\/\/shuliybaler.com\/fr\/wp-json\/wp\/v2\/types\/product"}],"author":[{"embeddable":true,"href":"https:\/\/shuliybaler.com\/fr\/wp-json\/wp\/v2\/users\/1"}],"wp:featuredmedia":[{"embeddable":true,"href":"https:\/\/shuliybaler.com\/fr\/wp-json\/wp\/v2\/media\/2450"}],"wp:attachment":[{"href":"https:\/\/shuliybaler.com\/fr\/wp-json\/wp\/v2\/media?parent=462"}],"wp:term":[{"taxonomy":"post_tag","embeddable":true,"href":"https:\/\/shuliybaler.com\/fr\/wp-json\/wp\/v2\/tags?post=462"},{"taxonomy":"product-type","embeddable":true,"href":"https:\/\/shuliybaler.com\/fr\/wp-json\/wp\/v2\/product-type?post=462"}],"curies":[{"name":"wp","href":"https:\/\/api.w.org\/{rel}","templated":true}]}}