{"id":489,"date":"2019-12-10T17:43:43","date_gmt":"2019-12-10T09:43:43","guid":{"rendered":"https:\/\/shuliybaler.com\/?p=489"},"modified":"2022-12-27T10:12:54","modified_gmt":"2022-12-27T02:12:54","slug":"aluminum-can-baler","status":"publish","type":"product","link":"https:\/\/shuliybaler.com\/fr\/product\/presse-a-canettes-en-aluminium\/","title":{"rendered":"Presse \u00e0 balles en aluminium"},"content":{"rendered":"<p class=\"translation-block\">Une machine \u00e0 balles pour canettes en aluminium est une machine adapt\u00e9e \u00e0 la mise en balles et \u00e0 l'emballage de diverses <a href=\"https:\/\/en.wikipedia.org\/wiki\/Aluminum_can\" data-type=\"URL\" data-id=\"https:\/\/en.wikipedia.org\/wiki\/Aluminum_can\" target=\"_blank\" rel=\"noopener\">canettes en aluminium<\/a>. C'est un \u00e9quipement id\u00e9al pour le recyclage de diverses canettes m\u00e9talliques.<\/p>    <figure class=\"wp-block-image size-full\"><img loading=\"lazy\" decoding=\"async\" width=\"720\" height=\"540\" src=\"https:\/\/shuliybaler.com\/wp-content\/uploads\/2019\/12\/metal-briquett-press-machine.jpg\" alt=\"presse \u00e0 briquettes m\u00e9talliques\" class=\"wp-image-2848\" title=\"\" srcset=\"https:\/\/shuliybaler.com\/wp-content\/uploads\/2019\/12\/metal-briquett-press-machine.jpg 720w, https:\/\/shuliybaler.com\/wp-content\/uploads\/2019\/12\/metal-briquett-press-machine-360x270.jpg 360w, https:\/\/shuliybaler.com\/wp-content\/uploads\/2019\/12\/metal-briquett-press-machine-180x135.jpg 180w\" sizes=\"auto, (max-width: 720px) 100vw, 720px\" \/><figcaption class=\"wp-element-caption\">Machine \u00e0 balles m\u00e9talliques<\/figcaption><\/figure>    <h2 class=\"wp-block-heading\"><strong>La structure de la canette en aluminium <\/strong><strong>presse \u00e0 balles<\/strong> machine<\/h2>    <p class=\"translation-block\">La <a href=\"https:\/\/shuliybaler.com\/fr\/product\/scrap-metal-baler\/\" data-type=\"URL\" data-id=\"https:\/\/shuliybaler.com\/product\/scrap-metal-baler\/\">machine \u00e0 balles en m\u00e9tal horizontale<\/a> est principalement compos\u00e9e d'un syst\u00e8me hydraulique, d'un syst\u00e8me de contr\u00f4le et d'un syst\u00e8me d'alimentation. Les principales pi\u00e8ces sont des r\u00e9servoirs d'huile, un bras t\u00e9lescopique hydraulique, une chambre d'alimentation, une tige hydraulique lat\u00e9rale, une plaque de pression, un panneau de contr\u00f4le, un m\u00e9canisme de verrouillage, <\/p>    <h2 class=\"wp-block-heading\">Perspectives d'application de la presse \u00e0 balles hydraulique en m\u00e9tal<\/h2>    <p>Au cours des deux derni\u00e8res ann\u00e9es, alors que la conscience des gens en mati\u00e8re de d\u00e9veloppement durable n\u2019a cess\u00e9 de se renforcer, de plus en plus de gens ont commenc\u00e9 \u00e0 s\u2019int\u00e9resser au recyclage des ressources. En tant que l'une des principales machines de l'industrie du recyclage des m\u00e9taux, les presses \u00e0 balles en aluminium peuvent comprimer les m\u00e9taux l\u00e9gers en blocs m\u00e9talliques \u00e0 haute densit\u00e9, ce qui permet d'\u00e9conomiser consid\u00e9rablement de l'espace de stockage et de transport.<\/p>   <div class=\"wp-block-image\"> <figure class=\"aligncenter size-large\"><img loading=\"lazy\" decoding=\"async\" width=\"720\" height=\"540\" src=\"https:\/\/shuliybaler.com\/wp-content\/uploads\/2019\/12\/the-working-process-of-the-metal-baler.jpg\" alt=\"le-processus-de-travail-de-la-presse-\u00e0-balles-de-m\u00e9tal\" class=\"wp-image-498\" title=\"\" srcset=\"https:\/\/shuliybaler.com\/wp-content\/uploads\/2019\/12\/the-working-process-of-the-metal-baler.jpg 720w, https:\/\/shuliybaler.com\/wp-content\/uploads\/2019\/12\/the-working-process-of-the-metal-baler-360x270.jpg 360w, https:\/\/shuliybaler.com\/wp-content\/uploads\/2019\/12\/the-working-process-of-the-metal-baler-180x135.jpg 180w\" sizes=\"auto, (max-width: 720px) 100vw, 720px\" \/><figcaption class=\"wp-element-caption\">le-processus-de-travail-de-la-presse-\u00e0-balles-de-m\u00e9tal<\/figcaption><\/figure> <\/div>   <h2 class=\"wp-block-heading\">Param\u00e8tres de la presse \u00e0 balles en aluminium<\/h2>    <figure class=\"wp-block-table\"><table><tbody><tr><td>Taper<\/td><td>Y81-2000B<\/td><td>La densit\u00e9 des blocs m\u00e9talliques (kg\/m\u00b3)<\/td><td>\u22652000<\/td><\/tr><tr><td>Puissance de pouss\u00e9e nominale (Kn)<\/td><td>2000<\/td><td>Capacit\u00e9 (kg\/h)<\/td><td>3000-5000<\/td><\/tr><tr><td>Taille de la chambre de compression<br>(Longueur * largeur * hauteur)(mm)<\/td><td>1800*1400*900<\/td><td>Temps(s) de cycle unique<\/td><td>\u2264130<\/td><\/tr><tr><td>Taille de balle (mm)<\/td><td>450*450<\/td><td>Puissance correspondante (kW)<\/td><td>30 ou 37<\/td><\/tr><\/tbody><\/table><figcaption class=\"wp-element-caption\">presse \u00e0 balles en aluminium<\/figcaption><\/figure>    <h2 class=\"wp-block-heading\">Comment fonctionne une presse \u00e0 balles de canettes en aluminium ?<\/h2>    <figure class=\"wp-block-embed is-type-video is-provider-youtube wp-block-embed-youtube wp-embed-aspect-16-9 wp-has-aspect-ratio\"><div class=\"wp-block-embed__wrapper\"> <iframe loading=\"lazy\" title=\"Machine automatique de mise en balles de tambours et de canettes en fer | presse \u00e0 balles de recyclage de canettes en aluminium et de presses \u00e0 balles m\u00e9talliques\" width=\"500\" height=\"281\" src=\"https:\/\/www.youtube.com\/embed\/9JxkvEm4QMc?start=223&#038;feature=oembed\" frameborder=\"0\" allow=\"accelerometer; autoplay; clipboard-write; encrypted-media; gyroscope; picture-in-picture; web-share\" referrerpolicy=\"strict-origin-when-cross-origin\" allowfullscreen><\/iframe> <\/div><\/figure>    <p>Le programme de mouvement de la machine \u00e0 briquettes m\u00e9talliques est le suivant\u00a0:<\/p>    <ol class=\"wp-block-list\"> <li>Le capot sup\u00e9rieur est ferm\u00e9 apr\u00e8s le remplissage et il sera verrouill\u00e9 avec un m\u00e9canisme de verrouillage pour emp\u00eacher l'ouverture du capot sup\u00e9rieur.<\/li>    <li>La culasse du ma\u00eetre-cylindre acc\u00e9l\u00e8re vers l'avant et avance lentement apr\u00e8s avoir atteint la course r\u00e9gl\u00e9e. Jusqu'\u00e0 ce que les d\u00e9chets m\u00e9talliques soient emball\u00e9s en balles et soient \u00e9gaux \u00e0 la longueur des balles, le ma\u00eetre-cylindre maintient la pression \u00e0 ce moment-l\u00e0.<\/li>    <li>Lorsque le cylindre principal maintient la pression, le cylindre lat\u00e9ral avance rapidement et lorsqu'il atteint une certaine position, il passe en marche avant lente. Lorsque la ferraille est emball\u00e9e dans une position de largeur d\u00e9finie, le cylindre arri\u00e8re maintient la pression.<\/li>    <li> Une fois l'emballage termin\u00e9, le m\u00e9canisme de verrouillage revient \u00e0 sa position d'origine et le couvercle sup\u00e9rieur est ouvert.  <\/li>    <li> L\u2019arbre hydraulique de pouss\u00e9e pousse la balle hors de la salle de d\u00e9chargement de la machine.<\/li>    <li> La porte d'entr\u00e9e est ferm\u00e9e, entrez imm\u00e9diatement dans le cycle suivant et nourrissez-vous. <\/li> <\/ol>    <figure class=\"wp-block-gallery has-nested-images columns-3 is-cropped wp-block-gallery-2 is-layout-flex wp-block-gallery-is-layout-flex\"> <figure class=\"wp-block-image size-large\"><img loading=\"lazy\" decoding=\"async\" width=\"720\" height=\"540\" data-id=\"501\" src=\"https:\/\/shuliybaler.com\/wp-content\/uploads\/2019\/12\/our-factory-of-the-metal-briquetting-machine.jpg\" alt=\"notre usine de machine \u00e0 briquettes m\u00e9talliques\" class=\"wp-image-501\" title=\"\" srcset=\"https:\/\/shuliybaler.com\/wp-content\/uploads\/2019\/12\/our-factory-of-the-metal-briquetting-machine.jpg 720w, https:\/\/shuliybaler.com\/wp-content\/uploads\/2019\/12\/our-factory-of-the-metal-briquetting-machine-360x270.jpg 360w, https:\/\/shuliybaler.com\/wp-content\/uploads\/2019\/12\/our-factory-of-the-metal-briquetting-machine-180x135.jpg 180w\" sizes=\"auto, (max-width: 720px) 100vw, 720px\" \/><figcaption class=\"wp-element-caption\">Notre usine de machine \u00e0 briquettes m\u00e9talliques<\/figcaption><\/figure>    <figure class=\"wp-block-image size-large\"><img loading=\"lazy\" decoding=\"async\" width=\"720\" height=\"540\" data-id=\"436\" src=\"https:\/\/shuliybaler.com\/wp-content\/uploads\/2019\/12\/metal-baler-1.jpg\" alt=\"presse \u00e0 canettes en aluminium\" class=\"wp-image-436\" title=\"\" srcset=\"https:\/\/shuliybaler.com\/wp-content\/uploads\/2019\/12\/metal-baler-1.jpg 720w, https:\/\/shuliybaler.com\/wp-content\/uploads\/2019\/12\/metal-baler-1-360x270.jpg 360w, https:\/\/shuliybaler.com\/wp-content\/uploads\/2019\/12\/metal-baler-1-180x135.jpg 180w\" sizes=\"auto, (max-width: 720px) 100vw, 720px\" \/><figcaption class=\"wp-element-caption\">Presse \u00e0 canettes en aluminium<\/figcaption><\/figure>    <figure class=\"wp-block-image size-large\"><img loading=\"lazy\" decoding=\"async\" width=\"720\" height=\"540\" data-id=\"670\" src=\"https:\/\/shuliybaler.com\/wp-content\/uploads\/2019\/12\/Aluminum-can.jpg\" alt=\"Canette en aluminium\" class=\"wp-image-670\" title=\"\" srcset=\"https:\/\/shuliybaler.com\/wp-content\/uploads\/2019\/12\/Aluminum-can.jpg 720w, https:\/\/shuliybaler.com\/wp-content\/uploads\/2019\/12\/Aluminum-can-360x270.jpg 360w, https:\/\/shuliybaler.com\/wp-content\/uploads\/2019\/12\/Aluminum-can-180x135.jpg 180w\" sizes=\"auto, (max-width: 720px) 100vw, 720px\" \/><figcaption class=\"wp-element-caption\">Canette en aluminium<\/figcaption><\/figure>    <figure class=\"wp-block-image size-large\"><img loading=\"lazy\" decoding=\"async\" width=\"720\" height=\"540\" data-id=\"671\" src=\"https:\/\/shuliybaler.com\/wp-content\/uploads\/2019\/12\/Packed-aluminum-cans-by-aluminum-can-baler.jpg\" alt=\"Canettes en aluminium emball\u00e9es par presse \u00e0 canettes en aluminium\" class=\"wp-image-671\" title=\"\" srcset=\"https:\/\/shuliybaler.com\/wp-content\/uploads\/2019\/12\/Packed-aluminum-cans-by-aluminum-can-baler.jpg 720w, https:\/\/shuliybaler.com\/wp-content\/uploads\/2019\/12\/Packed-aluminum-cans-by-aluminum-can-baler-360x270.jpg 360w, https:\/\/shuliybaler.com\/wp-content\/uploads\/2019\/12\/Packed-aluminum-cans-by-aluminum-can-baler-180x135.jpg 180w\" sizes=\"auto, (max-width: 720px) 100vw, 720px\" \/><figcaption class=\"wp-element-caption\">Canettes en aluminium emball\u00e9es par presse \u00e0 canettes en aluminium<\/figcaption><\/figure> <\/figure>","protected":false},"excerpt":{"rendered":"<p>Une presse \u00e0 balles de canettes en aluminium est une machine adapt\u00e9e \u00e0 la mise en balles et \u00e0 l'emballage de diverses canettes en aluminium. C'est un \u00e9quipement id\u00e9al pour recycler diverses canettes m\u00e9talliques.<\/p>","protected":false},"author":1,"featured_media":499,"parent":0,"template":"","tags":[55],"product-type":[41],"class_list":["post-489","product","type-product","status-publish","has-post-thumbnail","hentry","tag-aluminum-can-baler-machine","product-type-metal-baler-machine"],"_links":{"self":[{"href":"https:\/\/shuliybaler.com\/fr\/wp-json\/wp\/v2\/product\/489","targetHints":{"allow":["GET"]}}],"collection":[{"href":"https:\/\/shuliybaler.com\/fr\/wp-json\/wp\/v2\/product"}],"about":[{"href":"https:\/\/shuliybaler.com\/fr\/wp-json\/wp\/v2\/types\/product"}],"author":[{"embeddable":true,"href":"https:\/\/shuliybaler.com\/fr\/wp-json\/wp\/v2\/users\/1"}],"wp:featuredmedia":[{"embeddable":true,"href":"https:\/\/shuliybaler.com\/fr\/wp-json\/wp\/v2\/media\/499"}],"wp:attachment":[{"href":"https:\/\/shuliybaler.com\/fr\/wp-json\/wp\/v2\/media?parent=489"}],"wp:term":[{"taxonomy":"post_tag","embeddable":true,"href":"https:\/\/shuliybaler.com\/fr\/wp-json\/wp\/v2\/tags?post=489"},{"taxonomy":"product-type","embeddable":true,"href":"https:\/\/shuliybaler.com\/fr\/wp-json\/wp\/v2\/product-type?post=489"}],"curies":[{"name":"wp","href":"https:\/\/api.w.org\/{rel}","templated":true}]}}