{"id":511,"date":"2019-12-13T14:25:04","date_gmt":"2019-12-13T06:25:04","guid":{"rendered":"https:\/\/shuliybaler.com\/?p=511"},"modified":"2022-11-23T16:55:17","modified_gmt":"2022-11-23T08:55:17","slug":"metal-briquetting-machine","status":"publish","type":"product","link":"https:\/\/shuliybaler.com\/fr\/product\/metal-briquetting-machine\/","title":{"rendered":"Presse \u00e0 briquettes pour copeaux de ferraille\u00a0| machine \u00e0 briquettes de miettes de m\u00e9tal"},"content":{"rendered":"<p>La machine \u00e0 briquettes de copeaux m\u00e9talliques est \u00e9galement appel\u00e9e machine verticale de recyclage de d\u00e9chets m\u00e9talliques, machine de fusion de copeaux m\u00e9talliques, machine de pressage de m\u00e9taux ou machine \u00e0 briquettes de copeaux m\u00e9talliques haute densit\u00e9. Le principe de fonctionnement de cette machine est d'utiliser la pression hydraulique pour presser le m\u00e9tal, ce qui peut produire une d\u00e9formation plastique en un bloc solide \u00e0 haute densit\u00e9. <\/p>    <p class=\"translation-block\">Les machines \u00e0 briqueter les copeaux m\u00e9talliques peuvent compresser des copeaux de fer, des copeaux de cuivre, des copeaux d'aluminium, de la poudre min\u00e9rale, etc. en pains pour le stockage, le transport et le recyclage dans le four. La perte est tr\u00e8s faible apr\u00e8s le pressage en bloc et le recyclage dans le four. Le processus de production entier ne n\u00e9cessite ni ajout de temp\u00e9rature, ni additifs, ni autres proc\u00e9d\u00e9s, moulage par presse \u00e0 froid directe, et le moulage se fait en m\u00eame temps pour assurer que le mat\u00e9riau original reste inchang\u00e9. Plus pratique pour le recyclage, le<a href=\"https:\/\/shuliybaler.com\/fr\/product\/horizontal-metal-briquetting-machine\/\" data-type=\"URL\" data-id=\"https:\/\/shuliybaler.com\/product\/horizontal-metal-briquetting-machine\/\"> machine \u00e0 presse \u00e0 briqueter les copeaux m\u00e9talliques<\/a> est largement utilis\u00e9 dans l'industrie du recyclage des m\u00e9taux.<\/p>    <figure class=\"wp-block-gallery has-nested-images columns-default is-cropped wp-block-gallery-2 is-layout-flex wp-block-gallery-is-layout-flex\"> <figure class=\"wp-block-image size-large\"><img loading=\"lazy\" decoding=\"async\" width=\"720\" height=\"540\" data-id=\"2152\" src=\"https:\/\/shuliybaler.com\/wp-content\/uploads\/2019\/12\/metal-briquetting-machine-\u526f\u672c.jpg\" alt=\"Machine \u00e0 briqueter les copeaux m\u00e9talliques\" class=\"wp-image-2152\" title=\"\"><figcaption class=\"wp-element-caption\">Machine \u00e0 briquettes de copeaux m\u00e9talliques<\/figcaption><\/figure>    <figure class=\"wp-block-image size-large\"><img loading=\"lazy\" decoding=\"async\" width=\"720\" height=\"540\" data-id=\"2159\" src=\"https:\/\/shuliybaler.com\/wp-content\/uploads\/2019\/12\/1496193284173444.jpg\" alt=\"Copeaux de cuivre\" class=\"wp-image-2159\" title=\"\"><figcaption class=\"wp-element-caption\">Copeaux de cuivre <\/figcaption><\/figure>    <figure class=\"wp-block-image size-large\"><img loading=\"lazy\" decoding=\"async\" width=\"720\" height=\"540\" data-id=\"2160\" src=\"https:\/\/shuliybaler.com\/wp-content\/uploads\/2019\/12\/u8922620002119963984fm199app68fJPEG.jpg\" alt=\"Machine \u00e0 briqueter les copeaux de cuivre\" class=\"wp-image-2160\" title=\"\"><figcaption class=\"wp-element-caption\">Machine \u00e0 briquettes de copeaux de cuivre et de m\u00e9tal<\/figcaption><\/figure> <\/figure>    <h2 class=\"wp-block-heading\">Applications des machines \u00e0 briquettes de copeaux m\u00e9talliques<\/h2>    <p>Le processus de traitement des m\u00e9taux laissera beaucoup de chutes, et ces d\u00e9chets m\u00e9talliques ne sont pas pratiques pour le stockage, apr\u00e8s la collecte des briquettes, la densit\u00e9 des blocs m\u00e9talliques augmente, le processus de manipulation n'est pas facile \u00e0 disperser et le processus hydraulique ne n\u00e9cessite pas d'additifs, donc encore une fois, le recyclage n'aura pas trop d'impuret\u00e9s. La machine \u00e0 briquettes de copeaux m\u00e9talliques est principalement utilis\u00e9e pour le pressage \u00e0 froid de d\u00e9chets de cuivre en poudre, granulaires, en petits flocons, de d\u00e9chets de fer, de d\u00e9chets d'aluminium, de poudre d'alliage, de d\u00e9chets d'acier inoxydable, de poudre de minerai de fer, de poudre de magn\u00e9sium, de poudre de cuivre. et d'autres d\u00e9chets m\u00e9talliques en un g\u00e2teau cylindrique de 3 \u00e0 5 kilogrammes. Il peut \u00e9galement \u00eatre utilis\u00e9 pour le pressage de mat\u00e9riaux non m\u00e9talliques tels que le coke et la poudre de laitier.<\/p>   <div class=\"wp-block-image\"> <figure class=\"aligncenter size-large is-resized\"><img loading=\"lazy\" decoding=\"async\" src=\"https:\/\/shuliybaler.com\/wp-content\/uploads\/2019\/12\/metal-chips-metal-briquetting.jpg\" alt=\"copeaux m\u00e9talliques - briquetage m\u00e9tallique\" class=\"wp-image-513\" width=\"822\" height=\"186\" title=\"\" srcset=\"https:\/\/shuliybaler.com\/wp-content\/uploads\/2019\/12\/metal-chips-metal-briquetting.jpg 720w, https:\/\/shuliybaler.com\/wp-content\/uploads\/2019\/12\/metal-chips-metal-briquetting-360x82.jpg 360w\" sizes=\"auto, (max-width: 822px) 100vw, 822px\" \/><figcaption class=\"wp-element-caption\">machine \u00e0 briquettes de copeaux m\u00e9talliques<\/figcaption><\/figure> <\/div>   <h2 class=\"wp-block-heading\">La forme de la presse m\u00e9tallique peut \u00eatre personnalis\u00e9e<\/h2>    <div class=\"wp-block-group\"><div class=\"wp-block-group__inner-container is-layout-flow wp-block-group-is-layout-flow\"> <figure class=\"wp-block-gallery has-nested-images columns-default is-cropped wp-block-gallery-3 is-layout-flex wp-block-gallery-is-layout-flex\"> <figure class=\"wp-block-image size-full\"><img loading=\"lazy\" decoding=\"async\" width=\"720\" height=\"540\" data-id=\"2154\" src=\"https:\/\/shuliybaler.com\/wp-content\/uploads\/2019\/12\/1698-1.jpg\" alt=\"bloc m\u00e9tallique carr\u00e9\" class=\"wp-image-2154\" title=\"\"><figcaption class=\"wp-element-caption\">Bloc m\u00e9tallique carr\u00e9<\/figcaption><\/figure>    <figure class=\"wp-block-image size-full\"><img loading=\"lazy\" decoding=\"async\" width=\"720\" height=\"540\" data-id=\"2153\" src=\"https:\/\/shuliybaler.com\/wp-content\/uploads\/2019\/12\/1698.jpg\" alt=\"Blocs m\u00e9talliques de diff\u00e9rentes formes\" class=\"wp-image-2153\" title=\"\"><figcaption class=\"wp-element-caption\">Blocs m\u00e9talliques de diff\u00e9rentes formes<\/figcaption><\/figure>    <figure class=\"wp-block-image size-full\"><img loading=\"lazy\" decoding=\"async\" width=\"259\" height=\"194\" data-id=\"2155\" src=\"https:\/\/shuliybaler.com\/wp-content\/uploads\/2019\/12\/images.jpg\" alt=\"bloc m\u00e9tallique cylindrique\" class=\"wp-image-2155\" title=\"\"><figcaption class=\"wp-element-caption\">Bloc m\u00e9tallique cylindrique<\/figcaption><\/figure> <\/figure> <\/div><\/div>    <p class=\"translation-block\">La presse \u00e0 briqueter les copeaux m\u00e9talliques <a href=\"https:\/\/en.wikipedia.org\/wiki\/Metal_swarf\" data-type=\"URL\" data-id=\"https:\/\/en.wikipedia.org\/wiki\/Metal_swarf\" target=\"_blank\" rel=\"noopener\">copeaux m\u00e9talliques<\/a> peut non seulement presser le m\u00e9tal en une forme cylindrique mais aussi en une forme carr\u00e9e, triangulaire et polygonale par pression hydraulique, ce qui est pratique pour le recyclage. En fait, la machine \u00e0 briqueter les copeaux m\u00e9talliques peut \u00eatre transform\u00e9e en n'importe quelle forme, il suffit de personnaliser le moule, et la soci\u00e9t\u00e9 Shuliy peut personnaliser la machine pour les clients.<\/p>    <h2 class=\"wp-block-heading\" id=\"h-introduction-of-metal-chips-briquetting-machine\">Introduction de la machine \u00e0 briquettes de copeaux m\u00e9talliques<\/h2>    <figure class=\"wp-block-embed is-type-video is-provider-youtube wp-block-embed-youtube wp-embed-aspect-16-9 wp-has-aspect-ratio\"><div class=\"wp-block-embed__wrapper\"> <iframe loading=\"lazy\" title=\"Machine de presse \u00e0 briquettes de copeaux de ferraille de cuivre | machine \u00e0 briqueter les g\u00e2teaux aux miettes de m\u00e9tal\" width=\"500\" height=\"281\" src=\"https:\/\/www.youtube.com\/embed\/3TFchKykkyY?feature=oembed\" frameborder=\"0\" allow=\"accelerometer; autoplay; clipboard-write; encrypted-media; gyroscope; picture-in-picture; web-share\" referrerpolicy=\"strict-origin-when-cross-origin\" allowfullscreen><\/iframe> <\/div><figcaption class=\"wp-element-caption\">machine \u00e0 briquettes de copeaux m\u00e9talliques<\/figcaption><\/figure>    <p>Cette machine est principalement compos\u00e9e de tiges hydrauliques, de cylindres d'huile, de quatre colonnes de support, de colonnes de formage, de moules, de plaques de d\u00e9chargement et d'autres pi\u00e8ces. Le syst\u00e8me hydraulique utilise une vanne \u00e0 cartouche bidirectionnelle, qui pr\u00e9sente les caract\u00e9ristiques d'une petite taille, d'une faible r\u00e9sistance \u00e0 l'\u00e9coulement, de bonnes performances d'\u00e9tanch\u00e9it\u00e9, d'une structure compacte, d'un fonctionnement stable et d'une longue dur\u00e9e de vie. La cl\u00e9 de la machine \u00e0 briquettes de copeaux m\u00e9talliques est d'avoir suffisamment de force externe, et ce syst\u00e8me hydraulique peut fournir une pression suffisante. Compression de copeaux m\u00e9talliques en vrac en blocs m\u00e9talliques d'une densit\u00e9 sup\u00e9rieure \u00e0 5,5 kg par cube.<\/p>    <figure class=\"wp-block-gallery has-nested-images columns-2 is-cropped wp-block-gallery-4 is-layout-flex wp-block-gallery-is-layout-flex\"> <figure class=\"wp-block-image size-large\"><img loading=\"lazy\" decoding=\"async\" width=\"720\" height=\"540\" data-id=\"515\" src=\"https:\/\/shuliybaler.com\/wp-content\/uploads\/2019\/12\/structure-of-the-metal-press-machine.jpg\" alt=\"structure de la presse \u00e0 m\u00e9taux\" class=\"wp-image-515\" title=\"\" srcset=\"https:\/\/shuliybaler.com\/wp-content\/uploads\/2019\/12\/structure-of-the-metal-press-machine.jpg 720w, https:\/\/shuliybaler.com\/wp-content\/uploads\/2019\/12\/structure-of-the-metal-press-machine-360x270.jpg 360w, https:\/\/shuliybaler.com\/wp-content\/uploads\/2019\/12\/structure-of-the-metal-press-machine-180x135.jpg 180w\" sizes=\"auto, (max-width: 720px) 100vw, 720px\" \/><figcaption class=\"wp-element-caption\">Structure de la presse \u00e0 m\u00e9taux<\/figcaption><\/figure>    <figure class=\"wp-block-image size-large\"><img loading=\"lazy\" decoding=\"async\" width=\"720\" height=\"540\" data-id=\"516\" src=\"https:\/\/shuliybaler.com\/wp-content\/uploads\/2019\/12\/structure-of-the-metal-chip-merging-machine.jpg\" alt=\"structure de la machine de fusion de copeaux m\u00e9talliques\" class=\"wp-image-516\" title=\"\" srcset=\"https:\/\/shuliybaler.com\/wp-content\/uploads\/2019\/12\/structure-of-the-metal-chip-merging-machine.jpg 720w, https:\/\/shuliybaler.com\/wp-content\/uploads\/2019\/12\/structure-of-the-metal-chip-merging-machine-360x270.jpg 360w, https:\/\/shuliybaler.com\/wp-content\/uploads\/2019\/12\/structure-of-the-metal-chip-merging-machine-180x135.jpg 180w\" sizes=\"auto, (max-width: 720px) 100vw, 720px\" \/><figcaption class=\"wp-element-caption\">Structure de la machine de fusion de copeaux m\u00e9talliques<\/figcaption><\/figure> <\/figure>    <h2 class=\"wp-block-heading\" id=\"h-how-does-a-metal-crumb-briquetting-machine-work\">Comment fonctionne une machine \u00e0 briqueter des miettes m\u00e9talliques\u00a0?<\/h2>    <p>Tout d\u2019abord, placez le mat\u00e9riau en vrac dans le bac de stockage situ\u00e9 \u00e0 l\u2019arri\u00e8re de la machine. Le mat\u00e9riau contenu dans le bac de stockage entre dans le moule de formage de la machine. La tige hydraulique situ\u00e9e directement au-dessus de la machine continue de baisser et le mat\u00e9riau en vrac est comprim\u00e9 en blocs de mat\u00e9riau compacts \u00e0 haute densit\u00e9. L'efficacit\u00e9 de travail de cette machine est tr\u00e8s \u00e9lev\u00e9e, elle peut produire 4 \u00e0 5 pi\u00e8ces en une minute. La machine adopte un programme PLC pour le contr\u00f4le automatique, qui peut r\u00e9aliser une production continue enti\u00e8rement automatique.<\/p>    <figure class=\"wp-block-gallery has-nested-images columns-default is-cropped wp-block-gallery-5 is-layout-flex wp-block-gallery-is-layout-flex\"> <figure class=\"wp-block-image size-large\"><img loading=\"lazy\" decoding=\"async\" width=\"720\" height=\"540\" data-id=\"520\" src=\"https:\/\/shuliybaler.com\/wp-content\/uploads\/2019\/12\/the-stock-of-the-metal-scrap-recycling-machine.jpg\" alt=\"le stock de la machine de recyclage de ferraille\" class=\"wp-image-520\" title=\"\" srcset=\"https:\/\/shuliybaler.com\/wp-content\/uploads\/2019\/12\/the-stock-of-the-metal-scrap-recycling-machine.jpg 720w, https:\/\/shuliybaler.com\/wp-content\/uploads\/2019\/12\/the-stock-of-the-metal-scrap-recycling-machine-360x270.jpg 360w, https:\/\/shuliybaler.com\/wp-content\/uploads\/2019\/12\/the-stock-of-the-metal-scrap-recycling-machine-180x135.jpg 180w\" sizes=\"auto, (max-width: 720px) 100vw, 720px\" \/><figcaption class=\"wp-element-caption\">Le stock de la machine de recyclage de ferraille<\/figcaption><\/figure>    <figure class=\"wp-block-image size-large\"><img loading=\"lazy\" decoding=\"async\" width=\"720\" height=\"540\" data-id=\"519\" src=\"https:\/\/shuliybaler.com\/wp-content\/uploads\/2019\/12\/the-metal-scrap-press-machine.jpg\" alt=\"la presse \u00e0 ferraille\" class=\"wp-image-519\" title=\"\" srcset=\"https:\/\/shuliybaler.com\/wp-content\/uploads\/2019\/12\/the-metal-scrap-press-machine.jpg 720w, https:\/\/shuliybaler.com\/wp-content\/uploads\/2019\/12\/the-metal-scrap-press-machine-360x270.jpg 360w, https:\/\/shuliybaler.com\/wp-content\/uploads\/2019\/12\/the-metal-scrap-press-machine-180x135.jpg 180w\" sizes=\"auto, (max-width: 720px) 100vw, 720px\" \/><figcaption class=\"wp-element-caption\">La presse \u00e0 ferraille<\/figcaption><\/figure> <\/figure>    <h2 class=\"wp-block-heading\">&nbsp;&nbsp;Param\u00e8tre de la machine de presse \u00e0 briquettes pour copeaux de ferraille hydraulique<\/h2>    <figure class=\"wp-block-table is-style-regular\"><table><tbody><tr><td><\/td><td><strong>Unit\u00e9<\/strong><\/td><td>Ma\u00eetre cylindre<\/td><td>Cylindre d'acc\u00e9l\u00e9ration<\/td><td>Cylindre bloc poussoir<\/td><td>Cylindre doseur<\/td><\/tr><tr><td>Pouss\u00e9e nominale<\/td><td>KN<\/td><td>3500<\/td><td>237<\/td><td>229<\/td><td>80<\/td><\/tr><tr><td>Diam\u00e8tre int\u00e9rieur du cylindre<\/td><td>mm<\/td><td>\u2205400<\/td><td>\u2205125<\/td><td>\u2205135<\/td><td>\u220580<\/td><\/tr><tr><td>Diam\u00e8tre du piston<\/td><td>mm<\/td><td>\u2205220<\/td><td>\u220570<\/td><td>\u220570<\/td><td>\u220545<\/td><\/tr><tr><td>Itin\u00e9raire<\/td><td>mm<\/td><td>500<\/td><td>500<\/td><td>160<\/td><td>300<\/td><\/tr><tr><td>Pression maximale<\/td><td>Mpa<\/td><td>25<\/td><td>25<\/td><td>16<\/td><td>16<\/td><\/tr><\/tbody><\/table><\/figure>    <figure class=\"wp-block-image size-full\"><img loading=\"lazy\" decoding=\"async\" width=\"1000\" height=\"540\" src=\"https:\/\/shuliybaler.com\/wp-content\/uploads\/2019\/12\/1698-2.jpg\" alt=\"machine \u00e0 briqueter des miettes de m\u00e9tal\" class=\"wp-image-2163\" title=\"\"><figcaption class=\"wp-element-caption\">Machine \u00e0 briquettes de miettes de m\u00e9tal<\/figcaption><\/figure>    <p>L'efficacit\u00e9 de travail de la machine \u00e0 briquettes de copeaux m\u00e9talliques est de 4 \u00e0 5 pi\u00e8ces\/min et la machine est automatiquement contr\u00f4l\u00e9e par le programme PLC. La machine \u00e0 briquettes m\u00e9talliques dispose d'un syst\u00e8me de refroidissement qui peut contr\u00f4ler automatiquement la temp\u00e9rature. De plus, nous pouvons le personnaliser en fonction des besoins du client, bienvenue \u00e0 consulter.<\/p>    <h2 class=\"wp-block-heading\">Caract\u00e9ristiques de la presse \u00e0 briquettes pour copeaux de ferraille hydraulique<\/h2>    <figure class=\"wp-block-gallery has-nested-images columns-default is-cropped wp-block-gallery-6 is-layout-flex wp-block-gallery-is-layout-flex\"> <figure class=\"wp-block-image size-large\"><img loading=\"lazy\" decoding=\"async\" width=\"720\" height=\"540\" data-id=\"2156\" src=\"https:\/\/shuliybaler.com\/wp-content\/uploads\/2019\/12\/0.369.jpg\" alt=\"presse \u00e0 briquettes pour copeaux m\u00e9talliques\" class=\"wp-image-2156\" title=\"\"><figcaption class=\"wp-element-caption\">Presse \u00e0 briquettes pour copeaux m\u00e9talliques<\/figcaption><\/figure>    <figure class=\"wp-block-image size-large\"><img loading=\"lazy\" decoding=\"async\" width=\"720\" height=\"540\" data-id=\"2157\" src=\"https:\/\/shuliybaler.com\/wp-content\/uploads\/2019\/12\/end-product-made-by-this-metal-briquetting-machine-\u526f\u672c-2.jpg\" alt=\"presse \u00e0 briquettes pour copeaux m\u00e9talliques\" class=\"wp-image-2157\" title=\"\"><figcaption class=\"wp-element-caption\">Copeaux De M\u00e9tal Et Nbsp;Briquetage <\/figcaption><\/figure> <\/figure>    <p>1. La machine \u00e0 briquettes de copeaux m\u00e9talliques hydrauliques est principalement utilis\u00e9e pour une vari\u00e9t\u00e9 de copeaux m\u00e9talliques (copeaux de fer, copeaux de cuivre, copeaux d'aluminium, etc.), de poudre m\u00e9tallique granulaire (poudre de fer, poudre d'aluminium, poudre de cuivre, poudre de plomb, etc.) , additifs de fusion, \u00e9ponge de fer, etc. dans le cas de l'absence de liant press\u00e9 dans un bloc de g\u00e2teau cylindrique \u00e0 haute densit\u00e9 (poids 2-8 kg), densit\u00e9 de bloc de g\u00e2teau jusqu'\u00e0 5T\/M3 ou plus (diff\u00e9rentes mati\u00e8res premi\u00e8res, press\u00e9es la densit\u00e9 du bloc de g\u00e2teau n'est pas le m\u00eame poids), les briquettes press\u00e9es peuvent \u00eatre utilis\u00e9es directement dans le four.<\/p>    <p>2. Technologie de transmission hydraulique adopt\u00e9e, utilisation de joints d'\u00e9tanch\u00e9it\u00e9 et d'assemblage de traitement des cylindres d'huile, afin d'assurer un fonctionnement continu sans affaiblir la pression du cylindre, un fonctionnement en douceur\u00a0; contr\u00f4le par ordinateur, degr\u00e9 \u00e9lev\u00e9 d'automatisation, faible taux de d\u00e9faillance, maintenance facile, etc.<\/p>    <p>3. Syst\u00e8me de refroidissement en option Nous recommandons le syst\u00e8me de refroidissement appropri\u00e9 en fonction de l'environnement de travail de la machine, refroidi par air ou par eau afin que la machine ne heurte pas.<\/p>    <p>4. Haute densit\u00e9 de bloc de g\u00e2teau High peut presser une densit\u00e9 de plus de 5,5 t\/m3, et le bloc de g\u00e2teau ne sera pas cass\u00e9 lorsqu'il tombe.<\/p>    <h2 class=\"wp-block-heading\" id=\"h-maintenance-of-metal-crumbs-forming-machine\">Entretien d'une machine de formage de miettes m\u00e9talliques<\/h2>    <figure class=\"wp-block-image size-full\"><img loading=\"lazy\" decoding=\"async\" width=\"720\" height=\"540\" src=\"https:\/\/shuliybaler.com\/wp-content\/uploads\/2019\/12\/u17418466782499754491fm199app68fJPEG.jpg\" alt=\"Machine \u00e0 briqueter les copeaux de cuivre\" class=\"wp-image-2158\" title=\"\"><figcaption class=\"wp-element-caption\">Machine \u00e0 briquettes de copeaux de cuivre et de m\u00e9tal<\/figcaption><\/figure>    <p>1. Nettoyez r\u00e9guli\u00e8rement le r\u00e9servoir d'huile et le tuyau d'huile de la machine pour emp\u00eacher la limaille de fer et la poussi\u00e8re de p\u00e9n\u00e9trer dans le syst\u00e8me hydraulique et d'affecter les performances de l'\u00e9quipement.<\/p>    <p>2. \u00c9vitez de surcharger la machine. S'il y a un son anormal, arr\u00eatez imm\u00e9diatement de travailler.<\/p>    <p>3. Ajoutez r\u00e9guli\u00e8rement de l'huile hydraulique, le niveau de liquide ne doit pas \u00eatre inf\u00e9rieur au niveau d'huile du r\u00e9servoir d'huile.<\/p>    <p>4. Placez la machine dans un endroit sec et v\u00e9rifiez r\u00e9guli\u00e8rement si les vis de la machine sont desserr\u00e9es et si la lubrification est bonne.<\/p>    <h2 class=\"wp-block-heading\">Vid\u00e9o d'une machine \u00e0 briqueter des miettes de m\u00e9tal<\/h2>    <figure class=\"wp-block-embed is-type-video is-provider-youtube wp-block-embed-youtube wp-embed-aspect-16-9 wp-has-aspect-ratio\"><div class=\"wp-block-embed__wrapper\"> <iframe loading=\"lazy\" title=\"Comment gagner de l&#039;argent avec la ferraille | Presse \u00e0 briquettes hydraulique pour copeaux de ferraille#metal\" width=\"500\" height=\"281\" src=\"https:\/\/www.youtube.com\/embed\/j-AbIm0QYLA?feature=oembed\" frameborder=\"0\" allow=\"accelerometer; autoplay; clipboard-write; encrypted-media; gyroscope; picture-in-picture; web-share\" referrerpolicy=\"strict-origin-when-cross-origin\" allowfullscreen><\/iframe> <\/div><figcaption class=\"wp-element-caption\">machine \u00e0 briquettes de copeaux m\u00e9talliques<\/figcaption><\/figure>","protected":false},"excerpt":{"rendered":"<p>Metal chips\u00a0briquette machine is also called vertical metal scrap recycling machine, metal chip merging machine,\u00a0metal pressing machine, or high-density metal chip briquetting machine. The working principle of this machine is to use hydraulic pressure to press the metal which can produce plastic deformation into a solid block with high density. Metal chips\u00a0briquette machines can press [&hellip;]<\/p>\n","protected":false},"author":1,"featured_media":2167,"parent":0,"template":"","tags":[],"product-type":[42],"class_list":["post-511","product","type-product","status-publish","has-post-thumbnail","hentry","product-type-metal-briquetting-machine"],"_links":{"self":[{"href":"https:\/\/shuliybaler.com\/fr\/wp-json\/wp\/v2\/product\/511","targetHints":{"allow":["GET"]}}],"collection":[{"href":"https:\/\/shuliybaler.com\/fr\/wp-json\/wp\/v2\/product"}],"about":[{"href":"https:\/\/shuliybaler.com\/fr\/wp-json\/wp\/v2\/types\/product"}],"author":[{"embeddable":true,"href":"https:\/\/shuliybaler.com\/fr\/wp-json\/wp\/v2\/users\/1"}],"wp:featuredmedia":[{"embeddable":true,"href":"https:\/\/shuliybaler.com\/fr\/wp-json\/wp\/v2\/media\/2167"}],"wp:attachment":[{"href":"https:\/\/shuliybaler.com\/fr\/wp-json\/wp\/v2\/media?parent=511"}],"wp:term":[{"taxonomy":"post_tag","embeddable":true,"href":"https:\/\/shuliybaler.com\/fr\/wp-json\/wp\/v2\/tags?post=511"},{"taxonomy":"product-type","embeddable":true,"href":"https:\/\/shuliybaler.com\/fr\/wp-json\/wp\/v2\/product-type?post=511"}],"curies":[{"name":"wp","href":"https:\/\/api.w.org\/{rel}","templated":true}]}}