{"id":523,"date":"2019-12-13T15:01:34","date_gmt":"2019-12-13T07:01:34","guid":{"rendered":"https:\/\/shuliybaler.com\/?p=523"},"modified":"2022-09-27T10:17:35","modified_gmt":"2022-09-27T02:17:35","slug":"scrap-steel-shearing-machine","status":"publish","type":"product","link":"https:\/\/shuliybaler.com\/fr\/product\/scrap-steel-shearing-machine\/","title":{"rendered":"Cisaille \u00e0 ferraille | machine de d\u00e9coupe de carrosserie"},"content":{"rendered":"<p class=\"translation-block\">La machine de d\u00e9coupe de ferraille est \u00e9galement appel\u00e9e cisailles \u00e0 portique lourdes, <a href=\"https:\/\/shuliybaler.com\/fr\/alligator-shear\/\">machine de d\u00e9coupe de m\u00e9tal hydraulique<\/a>, machine de d\u00e9coupe de carrosserie. Elle est adapt\u00e9e pour couper de grands et longs m\u00e9taux, afin de faciliter le traitement secondaire. La longueur de coupe peut \u00eatre ajust\u00e9e en bandes. Elle est largement utilis\u00e9e dans les usines de d\u00e9montage de voitures, les usines de recyclage de m\u00e9taux, les industries de fusion et de fabrication de m\u00e9taux, et les industries de n\u00e9goce de m\u00e9taux. <\/p>   <div class=\"wp-block-image\"> <figure class=\"aligncenter size-full\"><img loading=\"lazy\" decoding=\"async\" width=\"720\" height=\"540\" src=\"https:\/\/shuliybaler.com\/wp-content\/uploads\/2019\/12\/0.2.jpg\" alt=\"Cisaille \u00e0 ferraille\" class=\"wp-image-2367\" title=\"\"><figcaption>Cisaille \u00e0 ferraille<\/figcaption><\/figure> <\/div>   <h2 class=\"wp-block-heading\" id=\"h-the-prospect-of-the-waste-metal-recycling-industry\">Le<strong> perspectives de lindustrie du recyclage des d\u00e9chets m\u00e9talliques<\/strong><\/h2>   <div class=\"wp-block-image\"> <figure class=\"aligncenter size-full\"><img loading=\"lazy\" decoding=\"async\" width=\"720\" height=\"540\" src=\"https:\/\/shuliybaler.com\/wp-content\/uploads\/2019\/12\/u32927398893292153908fm199app68fJPEG.jpg\" alt=\"Cisaille \u00e0 ferraille\" class=\"wp-image-2368\" title=\"\"><figcaption>Cisaillement de ferraille <\/figcaption><\/figure> <\/div>   <p>En raison de l\u2019exploitation et de l\u2019utilisation continues des ressources min\u00e9rales, les ressources mini\u00e8res sont devenues de plus en plus rares. Par cons\u00e9quent, la r\u00e9cup\u00e9ration et l\u2019utilisation des d\u00e9chets m\u00e9talliques constituent l\u2019un des principaux moyens d\u2019\u00e9conomiser les ressources min\u00e9rales. Le niveau moyen de r\u00e9cup\u00e9ration des ferrailles d\u2019acier dans le monde est de 48%. Ensuite, il reste encore des ressources 52% non recycl\u00e9es, ce qui constitue un gaspillage de ressources tr\u00e8s grave. L'industrie du recyclage des m\u00e9taux a de larges perspectives de march\u00e9, non seulement elle peut \u00e9conomiser des ressources, mais elle dispose \u00e9galement d'un \u00e9norme espace de profit et de valeur. Avec le d\u00e9veloppement de l\u2019\u00e9conomie, les automobiles, les appareils \u00e9lectrom\u00e9nagers, les mines et autres \u00e9quipements de nombreux pays sont presque entr\u00e9s dans la p\u00e9riode de la retraite. Prenons l\u2019exemple du recyclage des voitures en fin de vie. 82% des mat\u00e9riaux pr\u00e9sents dans une voiture sont des m\u00e9taux, dont 90% peuvent \u00eatre recycl\u00e9s. Les b\u00e9n\u00e9fices sont consid\u00e9rables. L'\u00e9mergence de la presse \u00e0 balles m\u00e9talliques, de la machine \u00e0 briquettes, de la cisaille \u00e0 portique, de la cisaille crocodile, du broyeur \u00e0 double axe et d'autres \u00e9quipements professionnels pour le recyclage des m\u00e9taux a apport\u00e9 une grande commodit\u00e9 \u00e0 l'industrie du recyclage des m\u00e9taux.<\/p>   <div class=\"vlp-link-container vlp-layout-basic wp-block-visual-link-preview-link\"><a href=\"https:\/\/shuliybaler.com\/fr\/alligator-shear\/\" class=\"vlp-link\" title=\"Cisaille pour couper la ferraille | cisaillement en acier alligator\" rel=\"nofollow\" target=\"_blank\"><\/a><div class=\"vlp-layout-zone-side\"><div class=\"vlp-block-2 vlp-link-image\"><img decoding=\"async\" src=\"https:\/\/shuliybaler.com\/wp-content\/uploads\/2019\/12\/lQDPJxZbRD8EtkvNAhzNAtCwMSUSbS6LiGcClpj0uoDTAA_720_540.jpg_720x720q90g.jpg\" style=\"max-width: 150px; max-height: 150px\" alt=\"\" title=\"\"><\/div><\/div><div class=\"vlp-layout-zone-main\"><div class=\"vlp-block-0 vlp-link-title\">Cisaille pour couper la ferraille | cisaillement en acier alligator<\/div><div class=\"vlp-block-1 vlp-link-summary\">La cisaille \u00e0 ferraille, \u00e9galement appel\u00e9e cisaille \u00e0 acier alligator, est tr\u00e8s adapt\u00e9e \u00e0 la coupe de m\u00e9taux longs. Compar\u00e9 \u00e0 d'autres \u00e9quipements de coupe, il<\/div><\/div><\/div>   <h2 class=\"wp-block-heading\" id=\"h-brief-introduction-of-scrap-steel-shearing-machine\">Br\u00e8ve introduction de la cisaille \u00e0 ferraille<\/h2>    <p>Dans le processus de r\u00e9cup\u00e9ration et de fusion du m\u00e9tal, le m\u00e9tal le plus long n'est pas propice \u00e0 \u00eatre mis dans le four pour la refonte, et le coupe-ferraille hydraulique peut rapidement couper ces m\u00e9taux. Par rapport au coupage au gaz, \u00e0 l'oxycoupage et \u00e0 d'autres m\u00e9thodes, cette m\u00e9thode utilise le coupage \u00e0 froid et ne n\u00e9cessite pas d'\u00e9quipement auxiliaire suppl\u00e9mentaire. C'est une m\u00e9thode simple, qui permet de gagner du temps et du travail.<\/p>   <div class=\"wp-block-image\"> <figure class=\"aligncenter size-large\"><img loading=\"lazy\" decoding=\"async\" width=\"720\" height=\"540\" src=\"https:\/\/shuliybaler.com\/wp-content\/uploads\/2019\/12\/hydraulic-gantry-shear.jpg\" alt=\"Cisaille \u00e0 ferraille\" class=\"wp-image-526\" title=\"\" srcset=\"https:\/\/shuliybaler.com\/wp-content\/uploads\/2019\/12\/hydraulic-gantry-shear.jpg 720w, https:\/\/shuliybaler.com\/wp-content\/uploads\/2019\/12\/hydraulic-gantry-shear-360x270.jpg 360w, https:\/\/shuliybaler.com\/wp-content\/uploads\/2019\/12\/hydraulic-gantry-shear-180x135.jpg 180w\" sizes=\"auto, (max-width: 720px) 100vw, 720px\" \/><figcaption>cisaille \u00e0 portique hydraulique<\/figcaption><\/figure> <\/div>   <p>mati\u00e8res premi\u00e8res pouvant \u00eatre trait\u00e9es par une cisaille \u00e0 ferraille<\/p>    <p>La cisaille \u00e0 m\u00e9taux convient aux t\u00f4les de fer, \u00e0 l'acier, aux barres d'acier, aux tuiles en acier color\u00e9, aux alliages d'aluminium, aux plaques de cuivre, aux plaques d'aluminium et aux plaques de fer. Il convient aux industries de recyclage et de transformation des m\u00e9taux, aux fonderies et aux usines de d\u00e9mant\u00e8lement automobile. Apr\u00e8s avoir \u00e9t\u00e9 coup\u00e9 par la cisaille \u00e0 m\u00e9taux, le mat\u00e9riau peut avoir une longueur uniforme, ce qui est pratique pour le transport et la fusion. Et la taille du m\u00e9tal coup\u00e9 peut \u00eatre ajust\u00e9e. Force de cisaillement de 100 tonnes \u00e0 250 tonnes. Taille du mat\u00e9riau principalement coup\u00e9 (12 ~ 20 mm) * 250 mm. Le nombre de coupes est de 8 \u00e0 12 fois par minute.<\/p>   <div class=\"vlp-link-container vlp-layout-basic wp-block-visual-link-preview-link\"><a href=\"https:\/\/shuliybaler.com\/fr\/5-metal-shears-successfully-sold-to-indonesia\/\" class=\"vlp-link\" title=\"5 cisailles \u00e0 m\u00e9taux vendues avec succ\u00e8s en Indon\u00e9sie\" rel=\"nofollow\" target=\"_blank\"><\/a><div class=\"vlp-layout-zone-side\"><div class=\"vlp-block-2 vlp-link-image\"><img decoding=\"async\" src=\"https:\/\/shuliybaler.com\/wp-content\/uploads\/2020\/01\/metal-cutting-machine.jpg\" style=\"max-width: 150px; max-height: 150px\" alt=\"\" title=\"\"><\/div><\/div><div class=\"vlp-layout-zone-main\"><div class=\"vlp-block-0 vlp-link-title\">5 cisailles \u00e0 m\u00e9taux vendues avec succ\u00e8s en Indon\u00e9sie<\/div><div class=\"vlp-block-1 vlp-link-summary\">La cisaille \u00e0 m\u00e9taux, \u00e9galement appel\u00e9e cisaille crocodile, est une sorte de petit \u00e9quipement. Il pr\u00e9sente les caract\u00e9ristiques d'une petite taille, d'une facilit\u00e9 de d\u00e9placement, d'une op\u00e9ration simple, etc.<\/div><\/div><\/div>   <h2 class=\"wp-block-heading\">Mati\u00e8res premi\u00e8res pouvant \u00eatre trait\u00e9es par une cisaille \u00e0 ferraille<\/h2>    <figure class=\"wp-block-gallery has-nested-images columns-2 is-cropped wp-block-gallery-2 is-layout-flex wp-block-gallery-is-layout-flex\"> <figure class=\"wp-block-image size-large\"><img loading=\"lazy\" decoding=\"async\" width=\"720\" height=\"540\" data-id=\"2369\" src=\"https:\/\/shuliybaler.com\/wp-content\/uploads\/2019\/12\/u30316147773776703245fm199app68fJPEG.jpg\" alt=\"machine de d\u00e9coupe de carrosserie\" class=\"wp-image-2369\" title=\"\"><figcaption>Machine de d\u00e9coupe de carrosserie<\/figcaption><\/figure>    <figure class=\"wp-block-image size-large\"><img loading=\"lazy\" decoding=\"async\" width=\"720\" height=\"540\" data-id=\"2370\" src=\"https:\/\/shuliybaler.com\/wp-content\/uploads\/2019\/12\/u31622210103071795580fm199app68fJPEG.jpg\" alt=\"machine de d\u00e9coupe de carrosserie\" class=\"wp-image-2370\" title=\"\"><figcaption>Machine de d\u00e9coupe de carrosserie<\/figcaption><\/figure>    <figure class=\"wp-block-image size-large\"><img loading=\"lazy\" decoding=\"async\" width=\"720\" height=\"540\" data-id=\"2371\" src=\"https:\/\/shuliybaler.com\/wp-content\/uploads\/2019\/12\/u32151374751516385207fm199app68fJPEG.jpg\" alt=\"machine de d\u00e9coupe de carrosserie\" class=\"wp-image-2371\" title=\"\"><figcaption>Machine de d\u00e9coupe de carrosserie<\/figcaption><\/figure>    <figure class=\"wp-block-image size-large\"><img loading=\"lazy\" decoding=\"async\" width=\"720\" height=\"540\" data-id=\"2373\" src=\"https:\/\/shuliybaler.com\/wp-content\/uploads\/2019\/12\/u37799490573405378457fm199app68fJPEG.jpg\" alt=\"machine de d\u00e9coupe de carrosserie\" class=\"wp-image-2373\" title=\"\"><figcaption>Machine de d\u00e9coupe de carrosserie<\/figcaption><\/figure> <\/figure>    <p>La cisaille \u00e0 ferraille convient aux t\u00f4les de fer, \u00e0 l'acier, aux barres d'acier, aux tuiles en acier color\u00e9, aux alliages d'aluminium, aux plaques de cuivre, aux plaques d'aluminium et aux plaques de fer. Il convient aux industries de recyclage et de transformation des m\u00e9taux, aux fonderies et aux usines de d\u00e9mant\u00e8lement automobile. Apr\u00e8s avoir \u00e9t\u00e9 coup\u00e9 par la cisaille \u00e0 m\u00e9taux, le mat\u00e9riau peut avoir une longueur uniforme, ce qui est pratique pour le transport et la fusion. Et la taille du m\u00e9tal coup\u00e9 peut \u00eatre ajust\u00e9e. Force de cisaillement de 100 tonnes \u00e0 250 tonnes. Taille du mat\u00e9riau principalement coup\u00e9 (12 ~ 20 mm) * 250 mm. Le nombre de coupes est de 8 \u00e0 12 fois par minute.<\/p>    <h2 class=\"wp-block-heading\" id=\"h-how-does-the-gantry-shear-work\">Comment fonctionne la cisaille \u00e0 portique ?<\/h2>    <figure class=\"wp-block-embed is-type-video is-provider-youtube wp-block-embed-youtube wp-embed-aspect-16-9 wp-has-aspect-ratio\"><div class=\"wp-block-embed__wrapper\"> <iframe loading=\"lazy\" title=\"Cisaille \u00e0 ferraille | cisaille \u00e0 t\u00f4le | machine de d\u00e9coupe de t\u00f4le\" width=\"500\" height=\"281\" src=\"https:\/\/www.youtube.com\/embed\/JpCLiP-V-l0?feature=oembed\" frameborder=\"0\" allow=\"accelerometer; autoplay; clipboard-write; encrypted-media; gyroscope; picture-in-picture; web-share\" referrerpolicy=\"strict-origin-when-cross-origin\" allowfullscreen><\/iframe> <\/div><\/figure>    <p>La cisaille \u00e0 portique est principalement compos\u00e9e d'un fuselage, d'un syst\u00e8me d'alimentation, d'un syst\u00e8me hydraulique, d'un syst\u00e8me de commande \u00e9lectrique, etc. La force pure de la machine est de 50 t \u00e0 1 200 t. Le fuselage est soud\u00e9 avec une plaque d'acier \u00e9paissie et renforc\u00e9 ext\u00e9rieurement, qui peut supporter une forte force de cisaillement. Lors du travail, la pince ou tout autre \u00e9quipement placera le mat\u00e9riau dans le syst\u00e8me d'alimentation et le mat\u00e9riau avancera avec la bande transporteuse. Le syst\u00e8me hydraulique commence \u00e0 fonctionner et la fraise tombe pour couper le mat\u00e9riau. La vitesse d'alimentation du convoyeur peut \u00eatre r\u00e9gl\u00e9e en continu. Il y a des dispositifs de pression lat\u00e9raux des deux c\u00f4t\u00e9s de la machine pour fixer les mat\u00e9riaux et acc\u00e9l\u00e9rer le processus de d\u00e9coupe.<\/p>    <figure class=\"wp-block-gallery has-nested-images columns-default is-cropped wp-block-gallery-3 is-layout-flex wp-block-gallery-is-layout-flex\"> <figure class=\"wp-block-image size-large\"><img loading=\"lazy\" decoding=\"async\" width=\"720\" height=\"540\" data-id=\"528\" src=\"https:\/\/shuliybaler.com\/wp-content\/uploads\/2019\/12\/heavy-duty-metal-cutting-machine.jpg\" alt=\"Cisaille \u00e0 ferraille\" class=\"wp-image-528\" title=\"\" srcset=\"https:\/\/shuliybaler.com\/wp-content\/uploads\/2019\/12\/heavy-duty-metal-cutting-machine.jpg 720w, https:\/\/shuliybaler.com\/wp-content\/uploads\/2019\/12\/heavy-duty-metal-cutting-machine-360x270.jpg 360w, https:\/\/shuliybaler.com\/wp-content\/uploads\/2019\/12\/heavy-duty-metal-cutting-machine-180x135.jpg 180w\" sizes=\"auto, (max-width: 720px) 100vw, 720px\" \/><figcaption>Machine de d\u00e9coupe de m\u00e9tal robuste<\/figcaption><\/figure>    <figure class=\"wp-block-image size-large\"><img loading=\"lazy\" decoding=\"async\" width=\"720\" height=\"540\" data-id=\"527\" src=\"https:\/\/shuliybaler.com\/wp-content\/uploads\/2019\/12\/Guillotine-Shear-1.jpg\" alt=\"Cisaille guillotine\" class=\"wp-image-527\" title=\"\" srcset=\"https:\/\/shuliybaler.com\/wp-content\/uploads\/2019\/12\/Guillotine-Shear-1.jpg 720w, https:\/\/shuliybaler.com\/wp-content\/uploads\/2019\/12\/Guillotine-Shear-1-360x270.jpg 360w, https:\/\/shuliybaler.com\/wp-content\/uploads\/2019\/12\/Guillotine-Shear-1-180x135.jpg 180w\" sizes=\"auto, (max-width: 720px) 100vw, 720px\" \/><figcaption>Cisaille guillotine<\/figcaption><\/figure> <\/figure>    <h2 class=\"wp-block-heading\" id=\"h-features-of-the-car-body-cutting-machine\"><strong>Caract\u00e9ristiques de la machine de d\u00e9coupe de carrosserie<\/strong><strong><\/strong><\/h2>    <p>1. La cisaille \u00e0 ferraille adopte une transmission hydraulique, qui pr\u00e9sente les caract\u00e9ristiques d'un faible bruit, d'un fonctionnement stable, d'une petite inertie et d'une grande surface de cisaillement, et il est facile de r\u00e9aliser une protection contre les surcharges.<\/p>    <p>2. La taille et la longueur du bloc de coupe peuvent \u00eatre ajust\u00e9es et la m\u00e9thode de r\u00e9glage est pratique.<\/p>    <p>3. La partie \u00e9lectrique adopte une marque de renomm\u00e9e internationale, Schneider Electric, pour garantir la dur\u00e9e de vie de la machine.<\/p>    <p>4. Le syst\u00e8me hydraulique traditionnel pr\u00e9sente un faible bruit de machine et une efficacit\u00e9 de coupe de m\u00e9tal \u00e9lev\u00e9e.<\/p>    <p>5. Syst\u00e8me d'exploitation enti\u00e8rement automatique PLC, haut degr\u00e9 d'automatisation de la machine.<\/p>   <div class=\"wp-block-image\"> <figure class=\"aligncenter size-large\"><img loading=\"lazy\" decoding=\"async\" width=\"720\" height=\"540\" src=\"https:\/\/shuliybaler.com\/wp-content\/uploads\/2019\/12\/our-customers-metal-scrap-factory-gantry-shear.jpg\" alt=\"Cisaille \u00e0 ferraille\" class=\"wp-image-530\" title=\"\" srcset=\"https:\/\/shuliybaler.com\/wp-content\/uploads\/2019\/12\/our-customers-metal-scrap-factory-gantry-shear.jpg 720w, https:\/\/shuliybaler.com\/wp-content\/uploads\/2019\/12\/our-customers-metal-scrap-factory-gantry-shear-360x270.jpg 360w, https:\/\/shuliybaler.com\/wp-content\/uploads\/2019\/12\/our-customers-metal-scrap-factory-gantry-shear-180x135.jpg 180w\" sizes=\"auto, (max-width: 720px) 100vw, 720px\" \/><figcaption>cisaille \u00e0 portique d'usine de ferraille de notre client<\/figcaption><\/figure> <\/div>  <div class=\"vlp-link-container vlp-layout-basic wp-block-visual-link-preview-link\"><a href=\"https:\/\/shuliybaler.com\/fr\/maintenance-tips-of-hydraulic-alligator-shears\/\" class=\"vlp-link\" title=\"Conseils d&#039;entretien des cisailles crocodiles hydrauliques\" rel=\"nofollow\" target=\"_blank\"><\/a><div class=\"vlp-layout-zone-side\"><div class=\"vlp-block-2 vlp-link-image\"><img decoding=\"async\" src=\"https:\/\/shuliybaler.com\/wp-content\/uploads\/2019\/12\/alligator-shear.jpg\" style=\"max-width: 150px; max-height: 150px\" alt=\"\" title=\"\"><\/div><\/div><div class=\"vlp-layout-zone-main\"><div class=\"vlp-block-0 vlp-link-title\">Conseils d'entretien des cisailles crocodiles hydrauliques<\/div><div class=\"vlp-block-1 vlp-link-summary\">La cisaille crocodile (cisaille hydraulique pour m\u00e9taux) est un \u00e9quipement de coupe d'acier tr\u00e8s largement utilis\u00e9, notamment dans le domaine du recyclage de la ferraille. L'application de cette cisaille \u00e0 m\u00e9taux hydraulique peut am\u00e9liorer efficacement l'efficacit\u00e9 du recyclage des d\u00e9chets m\u00e9talliques et cr\u00e9er des avantages \u00e9conomiques plus \u00e9lev\u00e9s pour\u2026<\/div><\/div><\/div>","protected":false},"excerpt":{"rendered":"<p>La cisaille \u00e0 ferraille est \u00e9galement appel\u00e9e cisaille \u00e0 portique robuste, machine de d\u00e9coupe d'acier hydraulique, machine de d\u00e9coupe de carrosserie. Il convient \u00e0 la coupe de m\u00e9taux grands et longs, afin de faciliter le traitement secondaire. La longueur de coupe peut \u00eatre ajust\u00e9e en bandes. Il est largement utilis\u00e9 dans les usines de d\u00e9mant\u00e8lement de voitures usag\u00e9es, les usines de recyclage de m\u00e9taux, les industries de fusion et de fabrication de m\u00e9taux et les industries de commerce des m\u00e9taux. <\/p>","protected":false},"author":1,"featured_media":2366,"parent":0,"template":"","tags":[35],"product-type":[43],"class_list":["post-523","product","type-product","status-publish","has-post-thumbnail","hentry","tag-scrap-steel-shearing-machine","product-type-metal-shear"],"_links":{"self":[{"href":"https:\/\/shuliybaler.com\/fr\/wp-json\/wp\/v2\/product\/523","targetHints":{"allow":["GET"]}}],"collection":[{"href":"https:\/\/shuliybaler.com\/fr\/wp-json\/wp\/v2\/product"}],"about":[{"href":"https:\/\/shuliybaler.com\/fr\/wp-json\/wp\/v2\/types\/product"}],"author":[{"embeddable":true,"href":"https:\/\/shuliybaler.com\/fr\/wp-json\/wp\/v2\/users\/1"}],"wp:featuredmedia":[{"embeddable":true,"href":"https:\/\/shuliybaler.com\/fr\/wp-json\/wp\/v2\/media\/2366"}],"wp:attachment":[{"href":"https:\/\/shuliybaler.com\/fr\/wp-json\/wp\/v2\/media?parent=523"}],"wp:term":[{"taxonomy":"post_tag","embeddable":true,"href":"https:\/\/shuliybaler.com\/fr\/wp-json\/wp\/v2\/tags?post=523"},{"taxonomy":"product-type","embeddable":true,"href":"https:\/\/shuliybaler.com\/fr\/wp-json\/wp\/v2\/product-type?post=523"}],"curies":[{"name":"wp","href":"https:\/\/api.w.org\/{rel}","templated":true}]}}