{"id":540,"date":"2019-12-14T09:21:04","date_gmt":"2019-12-14T01:21:04","guid":{"rendered":"https:\/\/shuliybaler.com\/?p=540"},"modified":"2022-09-27T10:15:58","modified_gmt":"2022-09-27T02:15:58","slug":"horizontal-metal-briquetting-machine","status":"publish","type":"product","link":"https:\/\/shuliybaler.com\/fr\/product\/horizontal-metal-briquetting-machine\/","title":{"rendered":"Machine \u00e0 briqueter les copeaux de m\u00e9tal | machine \u00e0 briqueter les copeaux d'aluminium"},"content":{"rendered":"<p class=\"translation-block\">Une machine de briquetage de copeaux de m\u00e9tal <strong> <\/strong>(machine de compactage horizontale de copeaux de m\u00e9tal, <a href=\"https:\/\/shuliybaler.com\/fr\/metal-briquetting-machine\/\">machine de recyclage de briquetage de copeaux de m\u00e9tal\/d\u00e9chets d'acier<\/a>) est l'\u00e9quipement id\u00e9al pour le traitement des copeaux de cuivre, des copeaux de fer et des copeaux d'aluminium. Compar\u00e9 \u00e0 la machine de briquetage de m\u00e9taux verticale, bien que cette machine ait une grande empreinte au sol, elle a une pression plus importante, ce qui peut presser les copeaux de m\u00e9tal en un bloc de haute densit\u00e9 sous l'action d'un poin\u00e7on hydraulique. Une machine indispensable pour l'industrie de la m\u00e9tallurgie.<\/p>    <figure class=\"wp-block-image size-full is-resized\"><img loading=\"lazy\" decoding=\"async\" src=\"https:\/\/shuliybaler.com\/wp-content\/uploads\/2019\/12\/0.256.png\" alt=\"Briquet de copeaux de m\u00e9tal\u00a0\" class=\"wp-image-2275\" width=\"1150\" height=\"305\" title=\"\"><figcaption>Briquettage De Rasage En M\u00e9tal&amp;Nbsp;<\/figcaption><\/figure>    <h2 class=\"wp-block-heading\" id=\"h-brief-introduction-of-metal-shaving-briquetting-machine\">Br\u00e8ve introduction de la machine \u00e0 briquettes de copeaux de m\u00e9tal <\/h2>    <figure class=\"wp-block-image size-full\"><img loading=\"lazy\" decoding=\"async\" width=\"720\" height=\"540\" src=\"https:\/\/shuliybaler.com\/wp-content\/uploads\/2019\/12\/xintu-.jpg\" alt=\"Machine \u00e0 briqueter les copeaux de m\u00e9tal\" class=\"wp-image-2276\" title=\"\"><figcaption>Machine \u00e0 briquettes de rasage en m\u00e9tal<\/figcaption><\/figure>    <p>La machine de recyclage de briquettes de ferraille convient au pressage de divers m\u00e9taux non ferreux, tels que les copeaux m\u00e9talliques d'acier inoxydable, les copeaux de cuivre, les copeaux de fer, les copeaux d'alliage, le zinc, le bronze, le titane, le magn\u00e9sium, etc. La machine \u00e0 briquettes de copeaux m\u00e9talliques est sp\u00e9ciale \u00e9quipement de forge pour l'industrie du recyclage des m\u00e9taux. Il peut compacter des copeaux m\u00e9talliques en briquettes \u00e0 haute densit\u00e9 en peu de temps, puis les envoyer dans le four pour am\u00e9liorer le taux d'utilisation du four. En m\u00eame temps, il est \u00e9galement pratique pour le stockage et le transport de d\u00e9chets m\u00e9talliques.<\/p>   <div class=\"vlp-link-container vlp-layout-basic wp-block-visual-link-preview-link\"><a href=\"https:\/\/shuliybaler.com\/fr\/metal-briquetting-machine\/\" class=\"vlp-link\" title=\"Presse \u00e0 briquettes pour copeaux de ferraille\u00a0| machine \u00e0 briqueter des miettes de m\u00e9tal\" rel=\"nofollow\" target=\"_blank\"><\/a><div class=\"vlp-layout-zone-side\"><div class=\"vlp-block-2 vlp-link-image\"><img decoding=\"async\" src=\"https:\/\/shuliybaler.com\/wp-content\/uploads\/2019\/12\/1698-3.jpg\" style=\"max-width: 150px; max-height: 150px\" alt=\"\" title=\"\"><\/div><\/div><div class=\"vlp-layout-zone-main\"><div class=\"vlp-block-0 vlp-link-title\">Presse \u00e0 briquettes pour copeaux de ferraille\u00a0| machine \u00e0 briqueter des miettes de m\u00e9tal<\/div><div class=\"vlp-block-1 vlp-link-summary\">La machine \u00e0 briquettes de copeaux m\u00e9talliques est \u00e9galement appel\u00e9e machine verticale de recyclage de d\u00e9chets m\u00e9talliques, machine de fusion de copeaux m\u00e9talliques, machine de pressage de m\u00e9taux ou machine \u00e0 haute densit\u00e9.<\/div><\/div><\/div>   <h2 class=\"wp-block-heading\" id=\"h-working-principle-of-aluminum-chips-briquetting-machine\">Principe de fonctionnement de la machine \u00e0 briquettes de copeaux d'aluminium<\/h2>    <figure class=\"wp-block-image size-full\"><img loading=\"lazy\" decoding=\"async\" width=\"720\" height=\"540\" src=\"https:\/\/shuliybaler.com\/wp-content\/uploads\/2019\/12\/\u672a\u547d\u540d\u56fe\u7247-7.jpg\" alt=\"machine \u00e0 briqueter les copeaux d&#039;aluminium\" class=\"wp-image-2280\" title=\"\"><figcaption>Machine \u00e0 briquettes de copeaux d'aluminium<\/figcaption><\/figure>    <p>Mettez la limaille, la limaille de traitement du tour, les copeaux, la limaille de fer, la limaille de laiton, les copeaux d'aluminium et d'autres mati\u00e8res premi\u00e8res m\u00e9talliques dans la tr\u00e9mie d'alimentation de la machine. Les mati\u00e8res premi\u00e8res entrent dans le moule de formage de la machine par la tr\u00e9mie et sont press\u00e9es par le poin\u00e7on hydraulique pour fabriquer des blocs m\u00e9talliques solides. Ensuite, il est pouss\u00e9 vers l'ext\u00e9rieur par la tige de pouss\u00e9e et entre dans le tapis transporteur de d\u00e9chargement. Cette machine peut \u00eatre utilis\u00e9e avec un \u00e9l\u00e9vateur \u00e0 godets, des broyeurs de m\u00e9taux, etc.<\/p>   <div class=\"vlp-link-container vlp-layout-basic wp-block-visual-link-preview-link\"><a href=\"https:\/\/shuliybaler.com\/fr\/improve-the-briquetting-strength\/\" class=\"vlp-link\" title=\"Comment am\u00e9liorer la r\u00e9sistance au briquetage des machines \u00e0 briqueter les copeaux de ferraille\u00a0?\" rel=\"nofollow\" target=\"_blank\"><\/a><div class=\"vlp-layout-zone-side\"><div class=\"vlp-block-2 vlp-link-image\"><img decoding=\"async\" src=\"https:\/\/shuliybaler.com\/wp-content\/uploads\/2022\/06\/metal-briquetting-machine.jpg\" style=\"max-width: 150px; max-height: 150px\" alt=\"\" title=\"\"><\/div><\/div><div class=\"vlp-layout-zone-main\"><div class=\"vlp-block-0 vlp-link-title\">Comment am\u00e9liorer la r\u00e9sistance au briquetage des machines \u00e0 briqueter les copeaux de ferraille\u00a0?<\/div><div class=\"vlp-block-1 vlp-link-summary\">Lors de la production de machines \u00e0 briquettes de ferraille, de nombreux clients signalent que la r\u00e9sistance du g\u00e2teau form\u00e9 n'est pas \u00e9lev\u00e9e et qu'il se brise pendant le processus d'empilage ou de frittage. Apr\u00e8s avoir d\u00e9pann\u00e9 l'\u00e9quipement, nous recommandons plusieurs fa\u00e7ons d'am\u00e9liorer la r\u00e9sistance des briquettes de poudre de fer, avec\u2026<\/div><\/div><\/div>   <h2 class=\"wp-block-heading\" id=\"h-what-are-the-dangers-of-recycling-metal-scrap-directly\">Quels sont les dangers du recyclage direct des d\u00e9chets m\u00e9talliques ?<\/h2>    <figure class=\"wp-block-image size-full\"><img loading=\"lazy\" decoding=\"async\" width=\"720\" height=\"540\" src=\"https:\/\/shuliybaler.com\/wp-content\/uploads\/2019\/12\/0.1.jpg\" alt=\"\" class=\"wp-image-2278\" title=\"\"><figcaption>Machine \u00e0 briquettes de copeaux d'aluminium<\/figcaption><\/figure>    <ol class=\"wp-block-list\"><li>La limaille de fer est faible en volume et haute densit\u00e9. Directement mis dans le four pour la fusion bloquera le canal ascendant de l'air du four et affectera directement l'effet de fusion.<\/li><li>Lorsque le d\u00e9bit d'air dans le four est important, la limaille de fer sera emport\u00e9e par le vent, ce qui entra\u00eenera un faible taux de d\u00e9charge.<\/li><li>La limaille de fer peut \u00eatre facilement fix\u00e9e \u00e0 la paroi du four sans traitement de briquettes, ce qui rend la paroi du four plus \u00e9paisse et plus corrosive pour le four.<\/li><li>La ferraille, le silicium, le mangan\u00e8se et d\u2019autres mat\u00e9riaux ne sont pas faciles \u00e0 stocker. Leur contact avec l'eau et l'air provoquera une d\u00e9t\u00e9rioration oxydative. Cependant, le point de fusion de l'oxyde de fer est sup\u00e9rieur \u00e0 celui du fer, ce qui entra\u00eene un temps de fusion long et une augmentation du co\u00fbt de combustion.<\/li><li>Les copeaux de fer\u00a0sont faciles \u00e0 envelopper dans les scories, ce qui entra\u00eene un faible taux d'utilisation des mati\u00e8res premi\u00e8res.<\/li><\/ol>   <div class=\"vlp-link-container vlp-layout-basic wp-block-visual-link-preview-link\"><a href=\"https:\/\/shuliybaler.com\/fr\/how-to-maintain-the-bearings-of-a-metal-briquette-machine\/\" class=\"vlp-link\" title=\"Comment entretenir les roulements d&#039;une machine \u00e0 briquettes m\u00e9talliques\" rel=\"nofollow\" target=\"_blank\"><\/a><div class=\"vlp-layout-zone-side\"><div class=\"vlp-block-2 vlp-link-image\"><img decoding=\"async\" src=\"https:\/\/shuliybaler.com\/wp-content\/uploads\/2020\/01\/scrap-metal-chips-briquetting-machine.jpg\" style=\"max-width: 150px; max-height: 150px\" alt=\"\" title=\"\"><\/div><\/div><div class=\"vlp-layout-zone-main\"><div class=\"vlp-block-0 vlp-link-title\">Comment entretenir les roulements d'une machine \u00e0 briquettes m\u00e9talliques<\/div><div class=\"vlp-block-1 vlp-link-summary\">La machine \u00e0 briquettes de copeaux m\u00e9talliques convient principalement au compactage de divers copeaux m\u00e9talliques de petit volume en blocs m\u00e9talliques \u00e0 haute densit\u00e9. Par exemple, le fer<\/div><\/div><\/div>   <h2 class=\"wp-block-heading\" id=\"h-aluminum-chips-briquetting-machine-structure\">Structure de la machine \u00e0 briqueter les copeaux d'aluminium<\/h2>    <figure class=\"wp-block-image size-full\"><img loading=\"lazy\" decoding=\"async\" width=\"720\" height=\"540\" src=\"https:\/\/shuliybaler.com\/wp-content\/uploads\/2019\/12\/58.jpg\" alt=\"Structure de la machine \u00e0 briqueter les copeaux de m\u00e9tal\" class=\"wp-image-2277\" title=\"\"><figcaption>Structure de la machine \u00e0 briquettes de rasage en m\u00e9tal<\/figcaption><\/figure>    <p>Le prix d\u2019une machine est souvent directement proportionnel \u00e0 sa qualit\u00e9. Cette machine est principalement compos\u00e9e d'un v\u00e9rin hydraulique \u00e0 plaque de base, formant un v\u00e9rin hydraulique, un v\u00e9rin hydraulique poussant, un cadre et un moule de support, une t\u00eate de presse, un moteur, un r\u00e9servoir d'huile hydraulique, un dispositif de protection contre les surpressions et les surintensit\u00e9s, un dispositif de protection d'arr\u00eat d'urgence. , panneau de commande, etc. La partie \u00e9lectrique adopte des marques de renomm\u00e9e internationale pour garantir que la machine peut fonctionner en continu pendant une longue p\u00e9riode. Le syst\u00e8me hydraulique adopte une technologie de pointe pour garantir une connexion \u00e9tanche et aucune fuite d'huile.<\/p>    <h2 class=\"wp-block-heading\">Combien co\u00fbte une machine \u00e0 briquettes de copeaux de m\u00e9tal\u00a0?<\/h2>    <figure class=\"wp-block-gallery has-nested-images columns-2 is-cropped wp-block-gallery-2 is-layout-flex wp-block-gallery-is-layout-flex\"> <figure class=\"wp-block-image size-large\"><img loading=\"lazy\" decoding=\"async\" width=\"720\" height=\"540\" data-id=\"2281\" src=\"https:\/\/shuliybaler.com\/wp-content\/uploads\/2019\/12\/u2868808451582290434fm199app68fJPEG.jpg\" alt=\"Machine \u00e0 briqueter les copeaux de m\u00e9tal \" class=\"wp-image-2281\" title=\"\"><figcaption>Machine \u00e0 briquettes de copeaux d'aluminium<\/figcaption><\/figure>    <figure class=\"wp-block-image size-large\"><img loading=\"lazy\" decoding=\"async\" width=\"720\" height=\"540\" data-id=\"2282\" src=\"https:\/\/shuliybaler.com\/wp-content\/uploads\/2019\/12\/1641298199.jpg\" alt=\"Machine \u00e0 briqueter les copeaux de m\u00e9tal \" class=\"wp-image-2282\" title=\"\"><figcaption>Machine \u00e0 briquettes de rasage en m\u00e9tal <\/figcaption><\/figure>    <figure class=\"wp-block-image size-large\"><img loading=\"lazy\" decoding=\"async\" width=\"720\" height=\"540\" data-id=\"2283\" src=\"https:\/\/shuliybaler.com\/wp-content\/uploads\/2019\/12\/new-designed-metal-scraps-press-machine.png.webp.jpg\" alt=\"Machine \u00e0 briqueter les copeaux de m\u00e9tal \" class=\"wp-image-2283\" title=\"\"><figcaption>Machine \u00e0 briquettes de rasage en m\u00e9tal <\/figcaption><\/figure>    <figure class=\"wp-block-image size-large\"><img loading=\"lazy\" decoding=\"async\" width=\"720\" height=\"540\" data-id=\"2284\" src=\"https:\/\/shuliybaler.com\/wp-content\/uploads\/2019\/12\/u25173659733467872037fm199app68fJPEG.jpg\" alt=\"Machine \u00e0 briqueter les copeaux de m\u00e9tal \" class=\"wp-image-2284\" title=\"\"><figcaption>Machine \u00e0 briquettes de rasage en m\u00e9tal <\/figcaption><\/figure> <\/figure>    <p>&nbsp;De nombreuses machines ne semblent pas tr\u00e8s diff\u00e9rentes les unes des autres en apparence. N\u00e9anmoins, apr\u00e8s comparaison, nous pouvons conclure que le prix est li\u00e9 \u00e0 la qualit\u00e9 et que le prix sera diff\u00e9rent selon les mod\u00e8les. Le mat\u00e9riau utilis\u00e9, l'\u00e9paisseur du mat\u00e9riau des machines, la qualit\u00e9 du moteur et le processus de fabrication sont autant de facteurs qui entra\u00eenent les diff\u00e9rents prix de la machine. Shuliy concevra le plan de production le plus adapt\u00e9 aux clients et recommandera des machines adapt\u00e9es.<\/p>    <p>Affichage de l'effet de la machine \u00e0 briquettes de copeaux de m\u00e9tal<\/p>    <figure class=\"wp-block-gallery has-nested-images columns-2 is-cropped wp-block-gallery-3 is-layout-flex wp-block-gallery-is-layout-flex\"> <figure class=\"wp-block-image size-large\"><img loading=\"lazy\" decoding=\"async\" width=\"720\" height=\"540\" data-id=\"2285\" src=\"https:\/\/shuliybaler.com\/wp-content\/uploads\/2019\/12\/u27771247752629997818fm199app68fJPEG.jpg\" alt=\"Affichage de l&#039;effet de la machine \u00e0 briqueter les copeaux d&#039;aluminium\" class=\"wp-image-2285\" title=\"\"><figcaption>Affichage de l'effet de la machine \u00e0 briquettes de copeaux d'aluminium<\/figcaption><\/figure>    <figure class=\"wp-block-image size-large\"><img loading=\"lazy\" decoding=\"async\" width=\"720\" height=\"540\" data-id=\"2286\" src=\"https:\/\/shuliybaler.com\/wp-content\/uploads\/2019\/12\/1728148099784019586.jpg\" alt=\"Affichage de l&#039;effet de la machine \u00e0 briqueter les copeaux d&#039;aluminium\" class=\"wp-image-2286\" title=\"\"><figcaption>Affichage de l'effet de la machine \u00e0 briquettes de copeaux d'aluminium<\/figcaption><\/figure>    <figure class=\"wp-block-image size-large\"><img loading=\"lazy\" decoding=\"async\" width=\"720\" height=\"540\" data-id=\"2287\" src=\"https:\/\/shuliybaler.com\/wp-content\/uploads\/2019\/12\/csm_RUF-Briketts-aus-verschiedenen-Metallen_56f3292710.jpg\" alt=\"Affichage de l&#039;effet de la machine \u00e0 briqueter les copeaux d&#039;aluminium\" class=\"wp-image-2287\" title=\"\"><figcaption>Affichage de l'effet de la machine \u00e0 briquettes de copeaux d'aluminium<\/figcaption><\/figure>    <figure class=\"wp-block-image size-large\"><img loading=\"lazy\" decoding=\"async\" width=\"720\" height=\"540\" data-id=\"2288\" src=\"https:\/\/shuliybaler.com\/wp-content\/uploads\/2019\/12\/12.jpg\" alt=\"Affichage de l&#039;effet de la machine \u00e0 briqueter les copeaux d&#039;aluminium\" class=\"wp-image-2288\" title=\"\"><figcaption>Affichage de l'effet de la machine \u00e0 briquettes de copeaux d'aluminium<\/figcaption><\/figure> <figcaption class=\"blocks-gallery-caption\">Affichage de l'effet de la machine \u00e0 briqueter les copeaux d'aluminium<\/figcaption><\/figure>    <h2 class=\"wp-block-heading\">Vid\u00e9o d'une machine \u00e0 briqueter des copeaux de m\u00e9tal<\/h2>    <figure class=\"wp-block-embed is-type-video is-provider-youtube wp-block-embed-youtube wp-embed-aspect-16-9 wp-has-aspect-ratio\"><div class=\"wp-block-embed__wrapper\"> <iframe loading=\"lazy\" title=\"\u00c0 quoi servent les copeaux d&#039;aluminium de l&#039;usine ?|les copeaux de m\u00e9tal peuvent-ils \u00eatre rebriqu\u00e9s en blocs ?\" width=\"500\" height=\"281\" src=\"https:\/\/www.youtube.com\/embed\/I3TqlAc0_4w?start=13&#038;feature=oembed\" frameborder=\"0\" allow=\"accelerometer; autoplay; clipboard-write; encrypted-media; gyroscope; picture-in-picture; web-share\" referrerpolicy=\"strict-origin-when-cross-origin\" allowfullscreen><\/iframe> <\/div><figcaption>machine \u00e0 briqueter les copeaux d'aluminium<\/figcaption><\/figure>","protected":false},"excerpt":{"rendered":"<p>Une machine \u00e0 briquettes de copeaux de m\u00e9tal (machine de compactage horizontale de copeaux m\u00e9talliques, machine de recyclage de briquettes de copeaux m\u00e9talliques\/d\u00e9chets d'acier) est l'\u00e9quipement id\u00e9al pour le traitement des copeaux de cuivre, des copeaux de fer et des copeaux d'aluminium. Par rapport \u00e0 la machine \u00e0 briquettes m\u00e9talliques verticale, bien que cette machine ait une grande empreinte, elle a une pression plus grande, ce qui peut presser les\u00a0copeaux\u00a0m\u00e9talliques\u00a0dans un bloc \u00e0 haute densit\u00e9 sous l'action d'un poin\u00e7on hydraulique. Une machine incontournable pour l'industrie m\u00e9tallurgique.<\/p>","protected":false},"author":1,"featured_media":2311,"parent":0,"template":"","tags":[],"product-type":[42],"class_list":["post-540","product","type-product","status-publish","has-post-thumbnail","hentry","product-type-metal-briquetting-machine"],"_links":{"self":[{"href":"https:\/\/shuliybaler.com\/fr\/wp-json\/wp\/v2\/product\/540","targetHints":{"allow":["GET"]}}],"collection":[{"href":"https:\/\/shuliybaler.com\/fr\/wp-json\/wp\/v2\/product"}],"about":[{"href":"https:\/\/shuliybaler.com\/fr\/wp-json\/wp\/v2\/types\/product"}],"author":[{"embeddable":true,"href":"https:\/\/shuliybaler.com\/fr\/wp-json\/wp\/v2\/users\/1"}],"wp:featuredmedia":[{"embeddable":true,"href":"https:\/\/shuliybaler.com\/fr\/wp-json\/wp\/v2\/media\/2311"}],"wp:attachment":[{"href":"https:\/\/shuliybaler.com\/fr\/wp-json\/wp\/v2\/media?parent=540"}],"wp:term":[{"taxonomy":"post_tag","embeddable":true,"href":"https:\/\/shuliybaler.com\/fr\/wp-json\/wp\/v2\/tags?post=540"},{"taxonomy":"product-type","embeddable":true,"href":"https:\/\/shuliybaler.com\/fr\/wp-json\/wp\/v2\/product-type?post=540"}],"curies":[{"name":"wp","href":"https:\/\/api.w.org\/{rel}","templated":true}]}}