{"id":572,"date":"2019-12-14T16:54:38","date_gmt":"2019-12-14T08:54:38","guid":{"rendered":"https:\/\/shuliybaler.com\/?p=572"},"modified":"2022-09-27T10:17:08","modified_gmt":"2022-09-27T02:17:08","slug":"alligator-shear","status":"publish","type":"product","link":"https:\/\/shuliybaler.com\/fr\/product\/cisaille-crocodile\/","title":{"rendered":"Cisaille pour couper la ferraille | cisaillement en acier alligator"},"content":{"rendered":"<p class=\"translation-block\"><strong>Cisailles \u00e0 m\u00e9tal pour d\u00e9chet<\/strong> \u00e9galement appel\u00e9es machine \u00e0 cisailles en acier alligator, sont tr\u00e8s adapt\u00e9es pour couper des m\u00e9taux longs. Compar\u00e9 \u00e0 d'autres<a href=\"https:\/\/shuliybaler.com\/fr\/gantry-shear\/\"> \u00e9quipements de d\u00e9coupe<\/a>, elles pr\u00e9sentent les caract\u00e9ristiques d'un poids l\u00e9ger, d'un petit encombrement et d'une grande efficacit\u00e9. Par cons\u00e9quent, cette machine est souvent utilis\u00e9e dans les usines de laminage, les usines de recyclage des m\u00e9taux, les usines de d\u00e9mant\u00e8lement de voitures \u00e0 la ferraille, les usines de recyclage \u00e9lectrique, etc. Elle est tr\u00e8s adapt\u00e9e pour couper de l'acier rond, de l'acier en angle, des barres d'armature, des fils, des t\u00f4les en fer, des tuiles en acier color\u00e9, des alliages d'aluminium, des aciers en U, des plaques de cuivre, des plaques de fer, des m\u00e9taux en d\u00e9chet, etc. pour un traitement ult\u00e9rieur.<\/p>    <figure class=\"wp-block-image size-full\"><img loading=\"lazy\" decoding=\"async\" width=\"720\" height=\"540\" src=\"https:\/\/shuliybaler.com\/wp-content\/uploads\/2019\/12\/u7513068303196564925fm199app68fJPEG.jpg\" alt=\"cisaille \u00e0 m\u00e9taux\" class=\"wp-image-2059\" title=\"\"><figcaption>Cisaille \u00e0 m\u00e9taux<\/figcaption><\/figure>    <h2 class=\"wp-block-heading\" id=\"h-how-does-the-alligator-steel-shear-machine-work\">Comment fonctionne la cisaille \u00e0 acier alligator\u00a0?<\/h2>    <p>Les cisailles crocodiles sont principalement compos\u00e9es de cylindres d'huile de cisaillement, de couteaux de cisaillement, de couteaux de pressage, de cylindres d'huile de pressage, de pompes hydrauliques, de panneaux de commande, de dispositifs de s\u00e9curit\u00e9, etc. Lorsque la cisaille \u00e0 ferraille fonctionne, la pompe hydraulique alimente le couteau \u00e0 pression, et le couteau \u00e0 pression est abaiss\u00e9 pour maintenir fermement le mat\u00e9riau. Ensuite, la pompe \u00e0 huile hydraulique remplit le cylindre de coupe d'huile et le couteau descend progressivement pour couper le mat\u00e9riau.<\/p>    <figure class=\"wp-block-image size-full\"><img loading=\"lazy\" decoding=\"async\" width=\"720\" height=\"540\" src=\"https:\/\/shuliybaler.com\/wp-content\/uploads\/2019\/12\/u35814314264196434871fm199app68fJPEG.jpg\" alt=\"Affichage de l&#039;effet de travail de la machine de cisaillement en acier alligator\" class=\"wp-image-2060\" title=\"\"><figcaption>Affichage de l'effet de travail de la machine de cisaillement en acier Alligator<\/figcaption><\/figure>    <h2 class=\"wp-block-heading\">Domaines d'application des cisailles \u00e0 ferraille<\/h2>    <p>Cette cisaille \u00e0 ferraille peut \u00eatre utilis\u00e9e dans l'industrie du recyclage des m\u00e9taux, l'industrie de transformation des m\u00e9taux, l'industrie de transformation de la ferraille automobile, etc. Elle peut rapidement couper de longues bandes de m\u00e9tal dans certains pieds de stockage. Les mati\u00e8res premi\u00e8res pouvant \u00eatre trait\u00e9es sont le m\u00e9tal, le fer, l'acier, les tuiles en acier color\u00e9, l'alliage d'aluminium, la ferraille et les plaques de fer.<\/p>    <figure class=\"wp-block-gallery has-nested-images columns-default is-cropped wp-block-gallery-2 is-layout-flex wp-block-gallery-is-layout-flex\"> <figure class=\"wp-block-image size-large\"><img loading=\"lazy\" decoding=\"async\" width=\"720\" height=\"540\" data-id=\"2061\" src=\"https:\/\/shuliybaler.com\/wp-content\/uploads\/2019\/12\/0.5.jpg\" alt=\"Application de cisaille de coupe de ferraille \" class=\"wp-image-2061\" title=\"\"><figcaption>Application de cisaillement pour la coupe de ferraille <\/figcaption><\/figure>    <figure class=\"wp-block-image size-large\"><img loading=\"lazy\" decoding=\"async\" width=\"720\" height=\"540\" data-id=\"2062\" src=\"https:\/\/shuliybaler.com\/wp-content\/uploads\/2019\/12\/14.jpg\" alt=\"Application de cisaille de coupe de ferraille \" class=\"wp-image-2062\" title=\"\"><figcaption>Application de cisaillement pour la coupe de ferraille <\/figcaption><\/figure> <\/figure>    <h2 class=\"wp-block-heading\">D\u00e9tails de la cisaille \u00e0 ferraille<\/h2>    <div class=\"wp-block-media-text alignwide is-stacked-on-mobile\"><figure class=\"wp-block-media-text__media\"><img loading=\"lazy\" decoding=\"async\" width=\"720\" height=\"540\" src=\"https:\/\/shuliybaler.com\/wp-content\/uploads\/2019\/12\/25b9061356dd0a69822e0f61b844f99.jpg\" alt=\"cisaillement en acier alligator\" class=\"wp-image-2066 size-full\" title=\"\"><\/figure><div class=\"wp-block-media-text__content\"> <p class=\"has-large-font-size\">La pression ne diminuera pas apr\u00e8s des ann\u00e9es d'utilisation, le mat\u00e9riau de la bague d'\u00e9tanch\u00e9it\u00e9 ne fuit pas d'huile et la machine est durable.<\/p> <\/div><\/div>    <div class=\"wp-block-media-text alignwide has-media-on-the-right is-stacked-on-mobile\"><figure class=\"wp-block-media-text__media\"><img loading=\"lazy\" decoding=\"async\" width=\"720\" height=\"540\" src=\"https:\/\/shuliybaler.com\/wp-content\/uploads\/2019\/12\/454424f9dd2b4051916fcccd18f56f8.jpg\" alt=\"cisaille \u00e0 m\u00e9taux\" class=\"wp-image-2058 size-full\" title=\"\"><\/figure><div class=\"wp-block-media-text__content\"> <p class=\"has-large-font-size\">Panneau de commande avec fonctions automatiques, contr\u00f4le des changements de carr\u00e9 et r\u00e9glage<\/p> <\/div><\/div>    <div class=\"wp-block-media-text alignwide is-stacked-on-mobile\"><figure class=\"wp-block-media-text__media\"><img loading=\"lazy\" decoding=\"async\" width=\"749\" height=\"495\" src=\"https:\/\/shuliybaler.com\/wp-content\/uploads\/2019\/12\/adc8ee69798d0581d143eb885f18d5d.jpg\" alt=\"Cisaille de coupe de ferraille\" class=\"wp-image-2068 size-full\" title=\"\"><\/figure><div class=\"wp-block-media-text__content\"> <p class=\"has-large-font-size\"> Cylindre hydraulique, pas de fuite d'huile, pas de rouille, pour garantir un cisaillement lisse du m\u00e9tal.<\/p> <\/div><\/div>    <div class=\"wp-block-media-text alignwide has-media-on-the-right is-stacked-on-mobile\"><figure class=\"wp-block-media-text__media\"><img loading=\"lazy\" decoding=\"async\" width=\"720\" height=\"540\" src=\"https:\/\/shuliybaler.com\/wp-content\/uploads\/2019\/12\/u954169839773959795fm199app68fJPEG.jpg\" alt=\" cisaillement en acier alligator\" class=\"wp-image-2070 size-full\" title=\"\"><\/figure><div class=\"wp-block-media-text__content\"> <p class=\"has-large-font-size\">Couteau de cisaillement, adapt\u00e9 \u00e0 diverses formes de bords en acier ou en m\u00e9tal<\/p> <\/div><\/div>    <h2 class=\"wp-block-heading\">Principe de fonctionnement de la cisaille \u00e0 ferraille<\/h2>    <figure class=\"wp-block-image size-full\"><img loading=\"lazy\" decoding=\"async\" width=\"720\" height=\"540\" src=\"https:\/\/shuliybaler.com\/wp-content\/uploads\/2019\/12\/lQDPJxZbRD8Et-HNAhzNAtCwXBwOvkc-vW0Clpj01AC9AA_720_540.jpg_720x720q90g.jpg\" alt=\"Cisaille de coupe de ferraille\" class=\"wp-image-2056\" title=\"\"><figcaption>Structure de cisaillement de coupe de ferraille<\/figcaption><\/figure>    <p>Principe de la structure de cisaillement crocodile\u00a0: cisaillement crocodile pour la structure de cisaillement crocodile sup\u00e9rieure et inf\u00e9rieure, via l'entra\u00eenement de la pompe hydraulique, pour former une pression, dans la vanne d'inversion \u00e9lectromagn\u00e9tique et le contr\u00f4le du circuit d'huile pour obtenir le levage et la contraction du cylindre, via le principe de levier dans le cylindre sous la pression de pousser le crocodile sous pression, le cylindre de verrouillage auxiliaire sera un mat\u00e9riau de verrouillage pr\u00e9-pression dans le cylindre principal apr\u00e8s le r\u00f4le de pouss\u00e9e continue vers le haut du couteau de crocodile et du couteau de crocodile inf\u00e9rieur pour obtenir une cisaille interactive entrer, le mat\u00e9riau entrant dans le coupeur est coup\u00e9.<\/p>    <figure class=\"wp-block-embed is-type-video is-provider-youtube wp-block-embed-youtube wp-embed-aspect-16-9 wp-has-aspect-ratio\"><div class=\"wp-block-embed__wrapper\"> <iframe loading=\"lazy\" title=\"Qu&#039;est-ce que la cisaille \u00e0 ferraille\u00a0? | cisaille de coupe de ferraille | Cisailles crocodiles hydrauliques \u00e0 vendre\" width=\"500\" height=\"281\" src=\"https:\/\/www.youtube.com\/embed\/GNmdIftq4X8?start=11&#038;feature=oembed\" frameborder=\"0\" allow=\"accelerometer; autoplay; clipboard-write; encrypted-media; gyroscope; picture-in-picture; web-share\" referrerpolicy=\"strict-origin-when-cross-origin\" allowfullscreen><\/iframe> <\/div><\/figure>    <h2 class=\"wp-block-heading\" id=\"h-features-of-the-scrap-steel-cutting-shear\">Caract\u00e9ristiques de la cisaille \u00e0 ferraille :<\/h2>    <figure class=\"wp-block-image size-full\"><img loading=\"lazy\" decoding=\"async\" width=\"720\" height=\"540\" src=\"https:\/\/shuliybaler.com\/wp-content\/uploads\/2019\/12\/\u5fae\u4fe1\u622a\u56fe_20220530145403.jpg\" alt=\"cisaille \u00e0 m\u00e9taux\" class=\"wp-image-2063\" title=\"\"><figcaption>Cisaille \u00e0 m\u00e9taux<\/figcaption><\/figure>    <ol class=\"wp-block-list\"><li>Faible co\u00fbt. Par rapport \u00e0 la cisaille \u00e0 portique, le prix est beaucoup plus bas. Les gros d\u00e9chets m\u00e9talliques sont rarement trouv\u00e9s dans les usines de recyclage g\u00e9n\u00e9ral des m\u00e9taux. Les chutes conventionnelles peuvent \u00eatre coup\u00e9es avec cette machine.<\/li><li>Petite superficie au sol. Gr\u00e2ce \u00e0 son faible encombrement, cette machine peut \u00eatre utilis\u00e9e dans de nombreux endroits.<\/li><li>Haute efficacit\u00e9 de travail. Cette machine peut couper 8 \u00e0 12 fois en une minute et l'efficacit\u00e9 du travail est tr\u00e8s \u00e9lev\u00e9e.<\/li><li>L'adoption du mode de transmission hydraulique pr\u00e9sente les avantages d'un fonctionnement stable, d'un faible bruit et de facteurs de s\u00e9curit\u00e9 \u00e9lev\u00e9s.<\/li><li>Installation facile. Cette machine n'a pas besoin d'installer de vis \u00e0 semelle, elle est simple et flexible \u00e0 utiliser et la surface de coupe peut \u00eatre ajust\u00e9e \u00e0 volont\u00e9.<\/li><\/ol>    <h2 class=\"wp-block-heading\" id=\"h-operating-instructions-for-alligator-steel-shear-machine\">Mode d'emploi de la cisaille \u00e0 acier alligator<\/h2>    <figure class=\"wp-block-image size-full\"><img loading=\"lazy\" decoding=\"async\" width=\"720\" height=\"540\" src=\"https:\/\/shuliybaler.com\/wp-content\/uploads\/2019\/12\/u196941569234101685fm199app68fJPEG.jpg\" alt=\"cisaillement en acier alligator\" class=\"wp-image-2064\" title=\"\"><figcaption>Machine de cisaillement en acier alligator<\/figcaption><\/figure>    <p>1. La plage de pression de cette machine est de 100 \u00e0 300 tonnes.<\/p>    <p>2. La longueur du coupeur est de 25 \u00e0 120 cm.<\/p>    <p>3. La force de cisaillement de la machine et la longueur de la lame peuvent \u00eatre personnalis\u00e9es en fonction des besoins du client.<\/p>    <p>4. V\u00e9rifiez r\u00e9guli\u00e8rement le filtre \u00e0 huile dans le r\u00e9servoir de carburant et retirez les corps \u00e9trangers \u00e0 temps pour \u00e9viter que le tuyau d'huile ne soit bloqu\u00e9 et n'affecte l'efficacit\u00e9 de fonctionnement de la machine.<\/p>    <p>5. V\u00e9rifiez si les vis de la machine sont serr\u00e9es et fonctionnent correctement tous les deux mois.<\/p>    <p>6. Lorsque vous utilisez la cisaille, faites attention \u00e0 la s\u00e9curit\u00e9 du personnel environnant. Lorsque vous coupez des mat\u00e9riaux courts, utilisez des pinces plut\u00f4t que les mains.<\/p>    <h2 class=\"wp-block-heading\">\u00c9quipement auxiliaire pour cisaille \u00e0 ferraille<\/h2>    <figure class=\"wp-block-image size-full\"><img loading=\"lazy\" decoding=\"async\" width=\"720\" height=\"540\" src=\"https:\/\/shuliybaler.com\/wp-content\/uploads\/2019\/12\/1a79d9871a0582dce90735cff14238a.jpg\" alt=\"bande transporteuse de cisaille \u00e0 ferraille\" class=\"wp-image-2057\" title=\"\"><figcaption>Bande transporteuse de cisaillement de coupe de ferraille<\/figcaption><\/figure>    <p>Une bande transporteuse peut \u00eatre ajout\u00e9e \u00e0 l'avant de cette cisaille \u00e0 m\u00e9taux, ce qui permet une alimentation enti\u00e8rement automatique et peut \u00e9galement jouer un r\u00f4le dans une alimentation uniforme. Cette bande transporteuse de cisaillement de m\u00e9taux est un dispositif optionnel, vous pouvez choisir de l'acheter en fonction des besoins des conditions de traitement.<\/p>    <figure class=\"wp-block-image size-full\"><img loading=\"lazy\" decoding=\"async\" width=\"720\" height=\"540\" src=\"https:\/\/shuliybaler.com\/wp-content\/uploads\/2019\/12\/\u5fae\u4fe1\u622a\u56fe_20211019111839.jpg\" alt=\"Cisaille de coupe de ferraille\" class=\"wp-image-2065\" title=\"\"><figcaption>Cisaille de coupe de ferraille<\/figcaption><\/figure>    <h2 class=\"wp-block-heading\">Vid\u00e9o d'une cisaille \u00e0 ferraille<\/h2>    <figure class=\"wp-block-embed is-type-video is-provider-youtube wp-block-embed-youtube wp-embed-aspect-16-9 wp-has-aspect-ratio\"><div class=\"wp-block-embed__wrapper\"> <iframe loading=\"lazy\" title=\"Quelle \u00e9paisseur de m\u00e9tal une cisaille peut-elle couper ? | Que peut-on couper avec une cisaille \u00e0 m\u00e9taux ? | d\u00e9coupe de ferraille\" width=\"500\" height=\"281\" src=\"https:\/\/www.youtube.com\/embed\/v9FmaOvp3nc?feature=oembed\" frameborder=\"0\" allow=\"accelerometer; autoplay; clipboard-write; encrypted-media; gyroscope; picture-in-picture; web-share\" referrerpolicy=\"strict-origin-when-cross-origin\" allowfullscreen><\/iframe> <\/div><figcaption>machine de d\u00e9coupe de ferraille<\/figcaption><\/figure>","protected":false},"excerpt":{"rendered":"<p>Scrap metal cutting shear also called alligator steel shear machine, is very suitable for cutting long metals. Compared with other cutting equipment, it has the characteristics of a lightweight, small footprint, and high efficiency. Therefore, this machine is often used in rolling mills, metal recycling plants, scrap car dismantling plants, electrical recycling plants, etc. It [&hellip;]<\/p>\n","protected":false},"author":1,"featured_media":2055,"parent":0,"template":"","tags":[30],"product-type":[43],"class_list":["post-572","product","type-product","status-publish","has-post-thumbnail","hentry","tag-scrap-metal-cutting-shear","product-type-metal-shear"],"_links":{"self":[{"href":"https:\/\/shuliybaler.com\/fr\/wp-json\/wp\/v2\/product\/572","targetHints":{"allow":["GET"]}}],"collection":[{"href":"https:\/\/shuliybaler.com\/fr\/wp-json\/wp\/v2\/product"}],"about":[{"href":"https:\/\/shuliybaler.com\/fr\/wp-json\/wp\/v2\/types\/product"}],"author":[{"embeddable":true,"href":"https:\/\/shuliybaler.com\/fr\/wp-json\/wp\/v2\/users\/1"}],"wp:featuredmedia":[{"embeddable":true,"href":"https:\/\/shuliybaler.com\/fr\/wp-json\/wp\/v2\/media\/2055"}],"wp:attachment":[{"href":"https:\/\/shuliybaler.com\/fr\/wp-json\/wp\/v2\/media?parent=572"}],"wp:term":[{"taxonomy":"post_tag","embeddable":true,"href":"https:\/\/shuliybaler.com\/fr\/wp-json\/wp\/v2\/tags?post=572"},{"taxonomy":"product-type","embeddable":true,"href":"https:\/\/shuliybaler.com\/fr\/wp-json\/wp\/v2\/product-type?post=572"}],"curies":[{"name":"wp","href":"https:\/\/api.w.org\/{rel}","templated":true}]}}