{"id":654,"date":"2019-12-26T11:08:05","date_gmt":"2019-12-26T03:08:05","guid":{"rendered":"https:\/\/shuliybaler.com\/?p=654"},"modified":"2022-12-27T09:01:48","modified_gmt":"2022-12-27T01:01:48","slug":"scrap-metal-baler","status":"publish","type":"product","link":"https:\/\/shuliybaler.com\/fr\/product\/scrap-metal-baler\/","title":{"rendered":"Presse \u00e0 ferraille | presse \u00e0 balles en aluminium"},"content":{"rendered":"<p class=\"translation-block\">La balerette de ferraille est utilis\u00e9e pour l'industrie du recyclage du m\u00e9tal, machine de compression m\u00e9tallique, gr\u00e2ce au traitement de la machine peut compresser des m\u00e9taux irr\u00e9guliers en une taille carr\u00e9e sp\u00e9cifique, facile \u00e0 transporter et \u00e0 stocker, la <a href=\"https:\/\/shuliybaler.com\/fr\/aluminum-can-baler\/\">machine \u00e0 fabriquer des bottes m\u00e9talliques<\/a> peut \u00eatre utilis\u00e9e pour l'industrie du recyclage du m\u00e9tal, peut \u00e9galement \u00eatre utilis\u00e9e pour l'industrie du recyclage de voitures usag\u00e9es, le bottelage de papier recycl\u00e9, etc. La machine est simple et pratique \u00e0 faire fonctionner.<\/p>    <figure class=\"wp-block-image size-full\"><img loading=\"lazy\" decoding=\"async\" width=\"720\" height=\"540\" src=\"https:\/\/shuliybaler.com\/wp-content\/uploads\/2019\/12\/QQ\u622a\u56fe20180930110637.jpg\" alt=\"Presse \u00e0 ferraille\" class=\"wp-image-2024\" title=\"\"><figcaption class=\"wp-element-caption\">Presse \u00e0 ferraille<\/figcaption><\/figure>    <h2 class=\"wp-block-heading\" id=\"h-application-range-of-metal-baling-machine\">Domaine d'application de la presse \u00e0 balles m\u00e9talliques<\/h2>    <p>La presse \u00e0 ferraille peut extruder des bords m\u00e9talliques, des copeaux d'acier, de l'aluminium, du cuivre et d'autres m\u00e9taux dans diverses formes telles que rectangulaire, cylindrique, hexagonale, octogonale, etc., en tant que mat\u00e9riaux de four qualifi\u00e9s et r\u00e9duire le co\u00fbt de transport. Elle peut \u00e9galement \u00eatre r\u00e9alis\u00e9e pour emballer des canettes, des bouteilles en plastique, des vieux papiers et d\u2019autres produits. La presse \u00e0 ferraille est largement utilis\u00e9e dans l\u2019industrie du recyclage des m\u00e9taux, l\u2019industrie m\u00e9tallurgique, l\u2019industrie sid\u00e9rurgique et l\u2019industrie du recyclage des d\u00e9chets.<\/p>    <figure class=\"wp-block-image size-full\"><img loading=\"lazy\" decoding=\"async\" width=\"720\" height=\"540\" src=\"https:\/\/shuliybaler.com\/wp-content\/uploads\/2019\/12\/\u5fae\u4fe1\u622a\u56fe_20220526143405.jpg\" alt=\"application d&#039;une presse \u00e0 ferraille\" class=\"wp-image-2025\" title=\"\"><figcaption class=\"wp-element-caption\">Application de la presse \u00e0 ferraille<\/figcaption><\/figure>    <h2 class=\"wp-block-heading\" id=\"h-why-need-to-use-a-metal-baler\">Pourquoi utiliser une presse \u00e0 ferraille ?<\/h2>    <figure class=\"wp-block-image size-full\"><img loading=\"lazy\" decoding=\"async\" width=\"720\" height=\"540\" src=\"https:\/\/shuliybaler.com\/wp-content\/uploads\/2019\/12\/\u672a\u547d\u540d\u56fe\u7247-5.jpg\" alt=\"presse \u00e0 m\u00e9taux\" class=\"wp-image-2028\" title=\"\"><figcaption class=\"wp-element-caption\">Presse \u00e0 balles m\u00e9talliques<\/figcaption><\/figure>    <p>Une partie de la ferraille est d\u00e9mont\u00e9e \u00e0 partir de divers produits de formes diff\u00e9rentes, ce qui entra\u00eene des inconv\u00e9nients en mati\u00e8re de stockage et de transport. Apr\u00e8s avoir \u00e9t\u00e9 compress\u00e9 et mis en balles, le m\u00e9tal peut \u00eatre unifi\u00e9 en taille et r\u00e9pertori\u00e9, \u00e9conomisant ainsi de l'espace de stockage dans l'entrep\u00f4t. Lors du transport, vous pouvez utiliser la grue et la soulever directement, ce qui \u00e9conomise l'efficacit\u00e9 du travail lors du transport. Cela r\u00e9duit \u00e9galement les co\u00fbts de transport.<\/p>    <h2 class=\"wp-block-heading\">Pourquoi les perspectives de la ferraille sont-elles bonnes ?<\/h2>    <figure class=\"wp-block-image size-full\"><img loading=\"lazy\" decoding=\"async\" width=\"720\" height=\"540\" src=\"https:\/\/shuliybaler.com\/wp-content\/uploads\/2019\/12\/\u5fae\u4fe1\u622a\u56fe_20220526143548.jpg\" alt=\"bloc de m\u00e9tal\" class=\"wp-image-2026\" title=\"\"><figcaption class=\"wp-element-caption\">Bloc de m\u00e9tal<\/figcaption><\/figure>    <p>Les ressources min\u00e9rales m\u00e9talliques ne sont pas renouvelables et seront de moins en moins utilis\u00e9es. Afin de garantir la pleine utilisation des ressources m\u00e9talliques, de nombreux pays ont introduit de nombreuses politiques pr\u00e9f\u00e9rentielles pour l'industrie du recyclage des m\u00e9taux. De plus, l\u2019\u00c9tat interdit strictement l\u2019exportation de grandes quantit\u00e9s de m\u00e9taux sans autorisation. Par cons\u00e9quent, l\u2019industrie du recyclage des m\u00e9taux a commenc\u00e9 \u00e0 se d\u00e9velopper continuellement. Le recyclage de la ferraille est non seulement tr\u00e8s rentable, mais \u00e9galement propice \u00e0 l'\u00e9conomie des ressources et \u00e0 la protection de l'environnement.<\/p>    <h2 class=\"wp-block-heading\">Le fonctionnement de la presse \u00e0 ferraille<\/h2>    <figure class=\"wp-block-image size-full\"><img loading=\"lazy\" decoding=\"async\" width=\"720\" height=\"540\" src=\"https:\/\/shuliybaler.com\/wp-content\/uploads\/2019\/12\/6.jpg\" alt=\"fonctionnement de la presse \u00e0 balles m\u00e9talliques\" class=\"wp-image-2027\" title=\"\"><figcaption class=\"wp-element-caption\">Fonctionnement de la presse \u00e0 balles m\u00e9talliques<\/figcaption><\/figure>    <p>Mettez la ferraille d'aluminium ou d'autres m\u00e9taux qui doivent \u00eatre mis en balles dans l'auge, poussez le levier, puis vous pourrez effectuer la mise en balles, attendez que la mise en balles par compression de la machine soit mise en balles apr\u00e8s l'\u00e9jection du bloc m\u00e9tallique. Il existe quatre mani\u00e8res de d\u00e9charger la machine : en poussant vers l'avant, en tournant lat\u00e9ralement, en poussant lat\u00e9ralement ou en choisissant la machine sans d\u00e9chargement automatique des balles.<\/p>    <h2 class=\"wp-block-heading\">Structure de presse \u00e0 ferraille<\/h2>    <figure class=\"wp-block-image size-full\"><img loading=\"lazy\" decoding=\"async\" width=\"720\" height=\"540\" src=\"https:\/\/shuliybaler.com\/wp-content\/uploads\/2019\/12\/timg-5.jpg\" alt=\"structure de presse en m\u00e9tal\" class=\"wp-image-2029\" title=\"\"><figcaption class=\"wp-element-caption\">Structure de la presse \u00e0 balles en m\u00e9tal<\/figcaption><\/figure>    <p>La presse \u00e0 balles m\u00e9talliques est compos\u00e9e d'un corps, d'un cylindre principal, d'un cylindre lat\u00e9ral, d'un cylindre de couvercle, d'un cylindre de serrure, d'une pompe \u00e0 huile haute pression, d'un groupe de vannes hydrauliques, d'un syst\u00e8me \u00e9lectrique et d'un syst\u00e8me de canalisation. La presse \u00e0 balles m\u00e9talliques adopte un syst\u00e8me de transmission hydraulique, une structure compacte et un fonctionnement simple.<\/p>    <h2 class=\"wp-block-heading\" id=\"h-characteristics-of-scrap-metal-baler\">Caract\u00e9ristiques de la presse \u00e0 ferraille<\/h2>    <figure class=\"wp-block-gallery has-nested-images columns-default is-cropped wp-block-gallery-2 is-layout-flex wp-block-gallery-is-layout-flex\"> <figure class=\"wp-block-image size-full\"><img loading=\"lazy\" decoding=\"async\" width=\"720\" height=\"540\" data-id=\"2031\" src=\"https:\/\/shuliybaler.com\/wp-content\/uploads\/2019\/12\/QQ\u622a\u56fe20180930110342.jpg\" alt=\"presse \u00e0 ferraille\" class=\"wp-image-2031\" title=\"\"><figcaption class=\"wp-element-caption\">Presse \u00e0 ferraille<\/figcaption><\/figure>    <figure class=\"wp-block-image size-full\"><img loading=\"lazy\" decoding=\"async\" width=\"720\" height=\"540\" data-id=\"2030\" src=\"https:\/\/shuliybaler.com\/wp-content\/uploads\/2019\/12\/QQ\u622a\u56fe20180930110421.jpg\" alt=\"presse \u00e0 ferraille\" class=\"wp-image-2030\" title=\"\"><figcaption class=\"wp-element-caption\">Presse \u00e0 ferraille<\/figcaption><\/figure> <\/figure>    <p class=\"translation-block\"><strong>1. Utilisation du syst\u00e8me de transmission hydraulique. <\/strong>La machine fonctionne en douceur et a peu de bruit pendant le travail pour assurer un bon environnement de production.<\/p>    <p class=\"translation-block\"><strong>2. Large application.<\/strong> Elle peut \u00eatre utilis\u00e9e pour traiter plusieurs mat\u00e9riaux et compresser plusieurs mat\u00e9riaux en blocs m\u00e9talliques de formes diff\u00e9rentes.<\/p>    <p class=\"translation-block\"><strong>3. Large choix. <\/strong>La plage de pression de la machine est comprise entre 80 et 400 tonnes, il y a toujours une machine pour r\u00e9pondre \u00e0 vos besoins de production. Bien s\u00fbr, nous proposons \u00e9galement des machines avec une pression sup\u00e9rieure \u00e0 400 tonnes ; si vous en avez besoin, vous pouvez les personnaliser.<\/p>    <p class=\"translation-block\"><strong>4. \u00c9conomiser de l'espace.<\/strong> Compresser un gros morceau de m\u00e9tal en un morceau de m\u00e9tal plus dense peut \u00e9conomiser de l'espace et, en un sens, aussi r\u00e9duire les co\u00fbts.<\/p>    <p class=\"translation-block\"><strong>5. Installation facile. <\/strong>Apr\u00e8s l'assemblage de la machine, il suffit de la placer sur un sol plat, et aucune autre installation n'est requise.<\/p>    <figure class=\"wp-block-gallery has-nested-images columns-2 is-cropped wp-block-gallery-3 is-layout-flex wp-block-gallery-is-layout-flex\"> <figure class=\"wp-block-image size-large\"><img loading=\"lazy\" decoding=\"async\" width=\"720\" height=\"540\" data-id=\"656\" src=\"https:\/\/shuliybaler.com\/wp-content\/uploads\/2019\/12\/Aluminum-sheet-baler.jpg\" alt=\"Presse \u00e0 feuilles d&#039;aluminium\" class=\"wp-image-656\" title=\"\" srcset=\"https:\/\/shuliybaler.com\/wp-content\/uploads\/2019\/12\/Aluminum-sheet-baler.jpg 720w, https:\/\/shuliybaler.com\/wp-content\/uploads\/2019\/12\/Aluminum-sheet-baler-360x270.jpg 360w, https:\/\/shuliybaler.com\/wp-content\/uploads\/2019\/12\/Aluminum-sheet-baler-180x135.jpg 180w\" sizes=\"auto, (max-width: 720px) 100vw, 720px\" \/><figcaption class=\"wp-element-caption\">Presse \u00e0 balles en aluminium<\/figcaption><\/figure>    <figure class=\"wp-block-image size-large\"><img loading=\"lazy\" decoding=\"async\" width=\"720\" height=\"540\" data-id=\"659\" src=\"https:\/\/shuliybaler.com\/wp-content\/uploads\/2019\/12\/Scrap-iron-baler.jpg\" alt=\"Presse \u00e0 ferraille\" class=\"wp-image-659\" title=\"\" srcset=\"https:\/\/shuliybaler.com\/wp-content\/uploads\/2019\/12\/Scrap-iron-baler.jpg 720w, https:\/\/shuliybaler.com\/wp-content\/uploads\/2019\/12\/Scrap-iron-baler-360x270.jpg 360w, https:\/\/shuliybaler.com\/wp-content\/uploads\/2019\/12\/Scrap-iron-baler-180x135.jpg 180w\" sizes=\"auto, (max-width: 720px) 100vw, 720px\" \/><figcaption class=\"wp-element-caption\">Presse \u00e0 ferraille<\/figcaption><\/figure> <\/figure>    <h2 class=\"wp-block-heading\" id=\"h-scrap-metal-baler-parameters\">Param\u00e8tres de la presse \u00e0 ferraille<\/h2>    <figure class=\"wp-block-table\"><table><tbody><tr><td>Mod\u00e8le<\/td><td>Puissance de pouss\u00e9e<\/td><td>Entrep\u00f4t compress\u00e9 (mm)<\/td><td>Taille de la presse<br>(mm)<\/td><td>Densit\u00e9 du bloc (kg\/h)<\/td><td>&nbsp;Efficacit\u00e9 (kg\/h)<\/td><td>Temps(s) de cycle unique<\/td><td>Puissance (kW)<\/td><\/tr><tr><td>Y81-1250A<\/td><td>1250<\/td><td>1200*700*600<\/td><td>300*300<\/td><td>\u22652000<\/td><td>1200-1800<\/td><td>\u2264120<\/td><td>15<\/td><\/tr><tr><td>Y81-1250B<\/td><td>1250<\/td><td>1400*800*700<\/td><td>300*300<\/td><td>\u22652000<\/td><td>1600-2300<\/td><td>\u2264140<\/td><td>15<\/td><\/tr><tr><td>Y81-1350<\/td><td>1350<\/td><td>1400*600*600<\/td><td>600*240<\/td><td>\u22652000<\/td><td>1600-2500<\/td><td>\u2264100<\/td><td>18.5<\/td><\/tr><tr><td>Y81-1600A<\/td><td>1600<\/td><td>1600*1000*800<\/td><td>400*400<\/td><td>\u22652000<\/td><td>2000-3500<\/td><td>\u2264120<\/td><td>22<\/td><\/tr><tr><td>Y81-1600B<\/td><td>1600<\/td><td>1600*1200*800<\/td><td>400*400<\/td><td>\u22652000<\/td><td>2000-4000<\/td><td>\u2264130<\/td><td>30<\/td><\/tr><tr><td>Y81-2000A<\/td><td>2000<\/td><td>1600*1200*800<\/td><td>400*400<\/td><td>\u22652000<\/td><td>2500-4500<\/td><td>\u2264130<\/td><td>22\/15<\/td><\/tr><tr><td>Y81-2000B<\/td><td>2000<\/td><td>1800*1400*900<\/td><td>450*450<\/td><td>\u22652000<\/td><td>3000-5000<\/td><td>\u2264130<\/td><td>30\/37<\/td><\/tr><tr><td>Y81-2500A<\/td><td>2500<\/td><td>2000*1400*900<\/td><td>500*500<\/td><td>\u22652000<\/td><td>4000-6300<\/td><td>\u2264130<\/td><td>44\/60<\/td><\/tr><tr><td>Y81-2500B<\/td><td>2500<\/td><td>2000*1750*1000<\/td><td>500*500<\/td><td>\u22652000<\/td><td>5000-6300<\/td><td>\u2264150<\/td><td>44<\/td><\/tr><tr><td>Y81-2500C<\/td><td>2500<\/td><td>2000*1750*1200<\/td><td>600*600<\/td><td>\u22652000<\/td><td>5500-6500<\/td><td>\u2264150<\/td><td>60<\/td><\/tr><tr><td>Y81-2500D<\/td><td>2500<\/td><td>2500*2000*1200<\/td><td>600*600<\/td><td>\u22652000<\/td><td>5500-6500<\/td><td>\u2264150<\/td><td>60<\/td><\/tr><tr><td>Y81-3150A<\/td><td>3150<\/td><td>2000*1750*1000<\/td><td>500*500<\/td><td>\u22652000<\/td><td>4000-6500<\/td><td>\u2264150<\/td><td>60<\/td><\/tr><tr><td>Y81-3150B<\/td><td>3150<\/td><td>2000*1750*1200<\/td><td>600*600<\/td><td>\u22652000<\/td><td>5000-7000<\/td><td>\u2264150<\/td><td>60<\/td><\/tr><tr><td>Y81-3150C<\/td><td>3150<\/td><td>2500*2000*1200<\/td><td>600*600<\/td><td>\u22652000<\/td><td>6000-8000<\/td><td>\u2264150<\/td><td>90<\/td><\/tr><tr><td>Y81-3150D<\/td><td>3150<\/td><td>3000*2500*1200<\/td><td>600*600<\/td><td>\u22652000<\/td><td>6000-8000<\/td><td>\u2264160<\/td><td>90<\/td><\/tr><tr><td>Y81-4000A<\/td><td>4000<\/td><td>2500*2000*1200<\/td><td>600*600<\/td><td>\u22652000<\/td><td>5000-7500<\/td><td>\u2264160<\/td><td>90<\/td><\/tr><tr><td>Y81-4000B<\/td><td>4000<\/td><td>3000*2500*1200<\/td><td>600*600<\/td><td>\u22652000<\/td><td>8500-13000<\/td><td>\u2264160<\/td><td>90<\/td><\/tr><tr><td>Y81-4000C<\/td><td>4000<\/td><td>3500*3000*1200<\/td><td>600*600<\/td><td>\u22652000<\/td><td>9500-14000<\/td><td>\u2264160<\/td><td>90<\/td><\/tr><\/tbody><\/table><figcaption class=\"wp-element-caption\">param\u00e8tres de la presse \u00e0 balles m\u00e9talliques<\/figcaption><\/figure>    <figure class=\"wp-block-image size-full\"><img loading=\"lazy\" decoding=\"async\" width=\"720\" height=\"540\" src=\"https:\/\/shuliybaler.com\/wp-content\/uploads\/2019\/12\/3.jpg\" alt=\"presse \u00e0 m\u00e9taux \" class=\"wp-image-2037\" title=\"\"><figcaption class=\"wp-element-caption\">Presse \u00e0 balles m\u00e9talliques <\/figcaption><\/figure>    <p class=\"translation-block\">Le mod\u00e8le de param\u00e8tres du <a href=\"https:\/\/shuliybaler.com\/fr\/vertical-metal-baler\/\">baler m\u00e9tallique<\/a> repr\u00e9sente l'effort de la machine. Plus le mod\u00e8le est grand, plus l'effort est important, ce qui signifie qu'une plus grande quantit\u00e9 de m\u00e9tal peut \u00eatre trait\u00e9e. Et on peut voir que chaque type de machine peut produire des blocs m\u00e9talliques de la m\u00eame sp\u00e9cification. Lors de l'achat, vous pouvez acheter une presse \u00e0 bottelage selon la taille du m\u00e9tal que vous souhaitez traiter et la taille que vous souhaitez comprimer.<\/p>    <h2 class=\"wp-block-heading\">Quels facteurs affectent la qualit\u00e9 de la presse \u00e0 ferraille\u00a0?<\/h2>    <figure class=\"wp-block-gallery has-nested-images columns-2 is-cropped wp-block-gallery-4 is-layout-flex wp-block-gallery-is-layout-flex\"> <figure class=\"wp-block-image size-large\"><img loading=\"lazy\" decoding=\"async\" width=\"720\" height=\"540\" data-id=\"2036\" src=\"https:\/\/shuliybaler.com\/wp-content\/uploads\/2019\/12\/11.jpg\" alt=\"balle de ferraille d&#039;aluminium\" class=\"wp-image-2036\" title=\"\"><figcaption class=\"wp-element-caption\">Balle de ferraille d'aluminium<\/figcaption><\/figure>    <figure class=\"wp-block-image size-large\"><img loading=\"lazy\" decoding=\"async\" width=\"720\" height=\"540\" data-id=\"2034\" src=\"https:\/\/shuliybaler.com\/wp-content\/uploads\/2019\/12\/10.jpg\" alt=\"balle de ferraille d&#039;aluminium\" class=\"wp-image-2034\" title=\"\"><figcaption class=\"wp-element-caption\">Balle de ferraille d'aluminium<\/figcaption><\/figure>    <figure class=\"wp-block-image size-large\"><img loading=\"lazy\" decoding=\"async\" width=\"720\" height=\"540\" data-id=\"2033\" src=\"https:\/\/shuliybaler.com\/wp-content\/uploads\/2019\/12\/timg-18.jpg\" alt=\"balle de ferraille d&#039;aluminium\" class=\"wp-image-2033\" title=\"\"><figcaption class=\"wp-element-caption\">Balle de ferraille d'aluminium<\/figcaption><\/figure>    <figure class=\"wp-block-image size-large\"><img loading=\"lazy\" decoding=\"async\" width=\"720\" height=\"540\" data-id=\"2032\" src=\"https:\/\/shuliybaler.com\/wp-content\/uploads\/2019\/12\/10602767033_1781001424.jpg\" alt=\"balle de ferraille d&#039;aluminium\" class=\"wp-image-2032\" title=\"\"><figcaption class=\"wp-element-caption\">Balle de ferraille d'aluminium<\/figcaption><\/figure> <\/figure>    <p class=\"translation-block\"><a href=\"https:\/\/shuliybaler.com\/fr\/what-factors-affect-the-quality-of-the-metal-baler\/\">Quels aspects devons-nous \u00e9valuer pour juger de la qualit\u00e9 de la presse \u00e0 m\u00e9tal ?<\/a> La machine peut \u00eatre choisie en fonction du mat\u00e9riau, du syst\u00e8me hydraulique, de la pression maximale, etc. La temp\u00e9rature augmente lorsque la machine fonctionne, l'augmentation de la temp\u00e9rature de l'huile hydraulique est influenc\u00e9e par de nombreuses raisons. Il est constat\u00e9 que lorsque la temp\u00e9rature de l'huile de la machinerie hydraulique augmente, les utilisateurs peuvent trouver les raisons suivantes. Tel que la dissipation de chaleur de la presse \u00e0 m\u00e9tal est faible. Avec le d\u00e9veloppement de l'industrie.<\/p>    <h2 class=\"wp-block-heading\">Vid\u00e9o d'une presse \u00e0 balles m\u00e9talliques<\/h2>    <figure class=\"wp-block-embed is-type-video is-provider-youtube wp-block-embed-youtube wp-embed-aspect-16-9 wp-has-aspect-ratio\"><div class=\"wp-block-embed__wrapper\"> <iframe loading=\"lazy\" title=\"Quel m\u00e9tal d&#039;aluminium embouti dans l&#039;usine de recyclage ? | presse \u00e0 balles m\u00e9talliques | presse \u00e0 ferraille\" width=\"500\" height=\"281\" src=\"https:\/\/www.youtube.com\/embed\/XzuHDaIrrcI?feature=oembed\" frameborder=\"0\" allow=\"accelerometer; autoplay; clipboard-write; encrypted-media; gyroscope; picture-in-picture; web-share\" referrerpolicy=\"strict-origin-when-cross-origin\" allowfullscreen><\/iframe> <\/div><figcaption class=\"wp-element-caption\">presse \u00e0 balles m\u00e9talliques<\/figcaption><\/figure>","protected":false},"excerpt":{"rendered":"<p>Scrap metal baler&nbsp;is used for metal recycling industry metal compression machine, through the processing of the machine can be irregular metal compression into a specific size of the square, easy to transport and storage, the metal baling machine can be used for the metal recycling industry, can also be used for scrap car recycling industry, [&hellip;]<\/p>\n","protected":false},"author":1,"featured_media":2023,"parent":0,"template":"","tags":[],"product-type":[41],"class_list":["post-654","product","type-product","status-publish","has-post-thumbnail","hentry","product-type-metal-baler-machine"],"_links":{"self":[{"href":"https:\/\/shuliybaler.com\/fr\/wp-json\/wp\/v2\/product\/654","targetHints":{"allow":["GET"]}}],"collection":[{"href":"https:\/\/shuliybaler.com\/fr\/wp-json\/wp\/v2\/product"}],"about":[{"href":"https:\/\/shuliybaler.com\/fr\/wp-json\/wp\/v2\/types\/product"}],"author":[{"embeddable":true,"href":"https:\/\/shuliybaler.com\/fr\/wp-json\/wp\/v2\/users\/1"}],"wp:featuredmedia":[{"embeddable":true,"href":"https:\/\/shuliybaler.com\/fr\/wp-json\/wp\/v2\/media\/2023"}],"wp:attachment":[{"href":"https:\/\/shuliybaler.com\/fr\/wp-json\/wp\/v2\/media?parent=654"}],"wp:term":[{"taxonomy":"post_tag","embeddable":true,"href":"https:\/\/shuliybaler.com\/fr\/wp-json\/wp\/v2\/tags?post=654"},{"taxonomy":"product-type","embeddable":true,"href":"https:\/\/shuliybaler.com\/fr\/wp-json\/wp\/v2\/product-type?post=654"}],"curies":[{"name":"wp","href":"https:\/\/api.w.org\/{rel}","templated":true}]}}