{"id":19,"date":"2019-11-30T01:26:31","date_gmt":"2019-11-30T01:26:31","guid":{"rendered":"https:\/\/shuliybaler.com\/?page_id=19"},"modified":"2022-09-28T15:34:50","modified_gmt":"2022-09-28T07:34:50","slug":"services","status":"publish","type":"page","link":"https:\/\/shuliybaler.com\/pl\/services\/","title":{"rendered":"Us\u0142ugi"},"content":{"rendered":"<h2 class=\"wp-block-heading\"> Us\u0142ugi techniczne<\/h2>    <p>1. Przed zakupem maszyny, mo\u017cesz skontaktowa\u0107 si\u0119 z naszymi konsultantami sprzeda\u017cy, kt\u00f3rzy rozwi\u0105\u017c\u0105 problemy z maszyn\u0105. Je\u015bli potrzebujesz, mo\u017cesz r\u00f3wnie\u017c skontaktowa\u0107 si\u0119 bezpo\u015brednio z naszym personelem technicznym, aby uzyska\u0107 bardziej profesjonaln\u0105 odpowied\u017a.<\/p>    <p>2. Po zakupie maszyny, wy\u015blemy Ci filmy, zdj\u0119cia, pliki itp., aby pom\u00f3c w instalacji maszyny. W razie potrzeby mo\u017cemy wys\u0142a\u0107 technik\u00f3w do Twojego kraju, aby rozwi\u0105za\u0107 szereg problem\u00f3w, takich jak instalacja i u\u017cytkowanie.<\/p>    <p>3. Nasza firma oferuje r\u00f3\u017cne us\u0142ugi, takie jak projektowanie fabryk, obliczanie powierzchni fabryk, rysunki fabryk itp.<\/p>    <p>4. Prosimy o kontakt z nami w ci\u0105gu 24 godzin.<\/p>    <figure class=\"wp-block-image size-large\"><img loading=\"lazy\" decoding=\"async\" width=\"800\" height=\"500\" src=\"https:\/\/shuliybaler.com\/wp-content\/uploads\/2019\/12\/Technischer-Support.jpg\" alt=\"Wsparcie techniczne\" class=\"wp-image-450\" title=\"\" srcset=\"https:\/\/shuliybaler.com\/wp-content\/uploads\/2019\/12\/Technischer-Support.jpg 800w, https:\/\/shuliybaler.com\/wp-content\/uploads\/2019\/12\/Technischer-Support-360x225.jpg 360w, https:\/\/shuliybaler.com\/wp-content\/uploads\/2019\/12\/Technischer-Support-720x450.jpg 720w, https:\/\/shuliybaler.com\/wp-content\/uploads\/2019\/12\/Technischer-Support-768x480.jpg 768w\" sizes=\"auto, (max-width: 800px) 100vw, 800px\" \/><figcaption>Wsparcie techniczne<\/figcaption><\/figure>    <h2 class=\"wp-block-heading\">Wsparcie w dostosowaniu<\/h2>    <p>Wi\u0119kszo\u015b\u0107 maszyn obs\u0142uguje dostosowania, aby spe\u0142ni\u0107 r\u00f3\u017cne wymagania klient\u00f3w. Dostosowania obejmuj\u0105 materia\u0142 maszyny, grubo\u015b\u0107 materia\u0142u, rozmiar formy maszyny, zmian\u0119 napi\u0119cia itp.<\/p>    <div class=\"wp-block-media-text alignwide is-stacked-on-mobile\"><figure class=\"wp-block-media-text__media\"><img loading=\"lazy\" decoding=\"async\" width=\"720\" height=\"540\" src=\"https:\/\/shuliybaler.com\/wp-content\/uploads\/2019\/12\/Pick-up-managing-customer-accommodation.jpg\" alt=\"\" class=\"wp-image-452 size-full\" title=\"\" srcset=\"https:\/\/shuliybaler.com\/wp-content\/uploads\/2019\/12\/Pick-up-managing-customer-accommodation.jpg 720w, https:\/\/shuliybaler.com\/wp-content\/uploads\/2019\/12\/Pick-up-managing-customer-accommodation-360x270.jpg 360w, https:\/\/shuliybaler.com\/wp-content\/uploads\/2019\/12\/Pick-up-managing-customer-accommodation-180x135.jpg 180w\" sizes=\"auto, (max-width: 720px) 100vw, 720px\" \/><\/figure><div class=\"wp-block-media-text__content\"> <h2 class=\"wp-block-heading\">Recepcja go\u015bci<\/h2>    <p>Je\u015bli chcesz przetestowa\u0107 lub odwiedzi\u0107 nasz\u0105 fabryk\u0119, mo\u017cemy zapewni\u0107 specjaln\u0105 us\u0142ug\u0119 odbioru, dostosowanie hotelu, obs\u0142ug\u0119 cateringow\u0105 itp., aby zapewni\u0107 Ci spok\u00f3j podczas pobytu za granic\u0105.<\/p> <\/div><\/div>    <div class=\"wp-block-media-text alignwide has-media-on-the-right is-stacked-on-mobile\"><figure class=\"wp-block-media-text__media\"><img loading=\"lazy\" decoding=\"async\" width=\"720\" height=\"540\" src=\"https:\/\/shuliybaler.com\/wp-content\/uploads\/2019\/12\/Support-all-forms-of-logistics.jpg\" alt=\"Wsparcie dla wszystkich form logistyki\" class=\"wp-image-453 size-full\" title=\"\" srcset=\"https:\/\/shuliybaler.com\/wp-content\/uploads\/2019\/12\/Support-all-forms-of-logistics.jpg 720w, https:\/\/shuliybaler.com\/wp-content\/uploads\/2019\/12\/Support-all-forms-of-logistics-360x270.jpg 360w, https:\/\/shuliybaler.com\/wp-content\/uploads\/2019\/12\/Support-all-forms-of-logistics-180x135.jpg 180w\" sizes=\"auto, (max-width: 720px) 100vw, 720px\" \/><\/figure><div class=\"wp-block-media-text__content\"> <h2 class=\"wp-block-heading\">Logistyka i inne<\/h2>    <p> W zale\u017cno\u015bci od rozmiaru, maszyna b\u0119dzie zapakowana w kontenery lub drewniane skrzynie, zapewniaj\u0105c r\u00f3\u017cne metody transportu.  <\/p> <\/div><\/div>    <p><\/p>","protected":false},"excerpt":{"rendered":"<p>Technical&nbsp;services 1. Before purchasing the machine, you can communicate with our sales consultants, they will solve the machine problems for you. If you need it, you can also contact our technical staff directly for a more professional answer. 2. After purchasing the machine, we will send you videos, pictures, files, etc. to guide your machine [&hellip;]<\/p>\n","protected":false},"author":1,"featured_media":0,"parent":0,"menu_order":0,"comment_status":"closed","ping_status":"closed","template":"","meta":{"footnotes":""},"class_list":["post-19","page","type-page","status-publish","hentry"],"_links":{"self":[{"href":"https:\/\/shuliybaler.com\/pl\/wp-json\/wp\/v2\/pages\/19","targetHints":{"allow":["GET"]}}],"collection":[{"href":"https:\/\/shuliybaler.com\/pl\/wp-json\/wp\/v2\/pages"}],"about":[{"href":"https:\/\/shuliybaler.com\/pl\/wp-json\/wp\/v2\/types\/page"}],"author":[{"embeddable":true,"href":"https:\/\/shuliybaler.com\/pl\/wp-json\/wp\/v2\/users\/1"}],"replies":[{"embeddable":true,"href":"https:\/\/shuliybaler.com\/pl\/wp-json\/wp\/v2\/comments?post=19"}],"version-history":[{"count":0,"href":"https:\/\/shuliybaler.com\/pl\/wp-json\/wp\/v2\/pages\/19\/revisions"}],"wp:attachment":[{"href":"https:\/\/shuliybaler.com\/pl\/wp-json\/wp\/v2\/media?parent=19"}],"curies":[{"name":"wp","href":"https:\/\/api.w.org\/{rel}","templated":true}]}}