{"id":23,"date":"2019-11-30T01:27:16","date_gmt":"2019-11-30T01:27:16","guid":{"rendered":"https:\/\/shuliybaler.com\/?page_id=23"},"modified":"2022-09-27T11:02:06","modified_gmt":"2022-09-27T03:02:06","slug":"about-us","status":"publish","type":"page","link":"https:\/\/shuliybaler.com\/pl\/about-us\/","title":{"rendered":"O nas"},"content":{"rendered":"<p>Shuliy Machinery Co., Ltd. znajduje si\u0119 w Zhengzhou Economic Development Zone w prowincji Henan, z dogodnym dojazdem. Jest to firma specjalistyczna \u0142\u0105cz\u0105ca badania i rozw\u00f3j maszyn, produkcj\u0119 i sprzeda\u017c. Nasza firma zosta\u0142a za\u0142o\u017cona w 2011 roku, ale posiada ponad dziesi\u0119cioletnie do\u015bwiadczenie w produkcji maszyn i sprzeda\u017cy. Po tych latach rozwoju nasza firma sta\u0142a si\u0119 liderem w recyklingu, rozdrabnianiu i briquetowaniu r\u00f3\u017cnych odpad\u00f3w metalowych w Chinach.<\/p>    <figure class=\"wp-block-image size-large\"><img decoding=\"async\" src=\"https:\/\/shuliybaler.com\/wp-content\/uploads\/2020\/01\/certification-of-Shuliy-machinery.jpg\" alt=\"certyfikacja-shuliy-maszyny\" title=\"\"><figcaption>Certyfikacja-shuliy-maszyny<\/figcaption><\/figure>    <h2 class=\"wp-block-heading\" id=\"h-enterprise-team\"><strong>Zesp\u00f3\u0142 przedsi\u0119biorstwa<\/strong><\/h2>    <p>W procesie rozwoju firmy przywi\u0105zujemy du\u017c\u0105 wag\u0119 do rozwoju i szkolenia talent\u00f3w i mamy grup\u0119 innowacyjnych i wykwalifikowanych specjalist\u00f3w. Obecnie firma zatrudnia ponad 100 pracownik\u00f3w. Nasza firma nie tylko posiada do\u015bwiadczony i g\u0142\u0119boko wykwalifikowany personel, ale tak\u017ce nad\u0105\u017ca za czasami, aby przyj\u0105\u0107 i akceptowa\u0107 m\u0142odych ludzi, kt\u00f3rzy odwa\u017c\u0105 si\u0119 innowowa\u0107.<\/p>    <h2 class=\"wp-block-heading\" id=\"h-main-machine\"><strong>G\u0142\u00f3wna maszyna<\/strong><\/h2>    <p>Obecnie g\u0142\u00f3wne produkty naszej firmy obejmuj\u0105 prasy do metali, no\u017cyce do metali, rozdrabniacze do metali, maszyny do briquetowania wi\u00f3r\u00f3w metalowych itp. Nios\u0105c misj\u0119 \u201eNiech chi\u0144skie maszyny rozprzestrzeniaj\u0105 si\u0119 na ka\u017cdym zak\u0105tku \u015bwiata\u201d, zakres naszej dzia\u0142alno\u015bci stale si\u0119 rozszerza. Obecnie nasze maszyny zosta\u0142y pomy\u015blnie sprzedane do ponad 80 kraj\u00f3w, w tym Nigerii, Indii, Stan\u00f3w Zjednoczonych, Malezji, Sudanu, Zjednoczonych Emirat\u00f3w Arabskich, Wielkiej Brytanii, Sri Lanki, Pakistanu, Tajlandii, Algierii i Ugandy. Dzi\u0119ki doskona\u0142ej jako\u015bci maszyn i rozs\u0105dnej cenie zdobyli\u015bmy szerokie uznanie w\u015br\u00f3d naszych klient\u00f3w.<\/p>    <h2 class=\"wp-block-heading\" id=\"h-company-culture\"><strong>kultura firmy<\/strong><\/h2>    <p>Wizja: Tworzy\u0107 optymaln\u0105 platform\u0119, kt\u00f3ra pomo\u017ce pracownikom si\u0119 rozwija\u0107.<\/p>    <p>Misja: Niech chi\u0144skie maszyny rozprzestrzeniaj\u0105 si\u0119 na ka\u017cdy zak\u0105tek \u015bwiata.<\/p>    <p>Warto\u015bci: Uczciwo\u015b\u0107, Wdzi\u0119czno\u015b\u0107, Altruizm i Wzajemna Pomoc.<\/p>    <p>Grupa Shuliy nigdy nie przestaje i\u015b\u0107 naprz\u00f3d. Od ma\u0142ej firmy licz\u0105cej mniej ni\u017c dziesi\u0119\u0107 os\u00f3b, krok po kroku doszli\u015bmy do dzisiaj. To zdecydowanie nie szcz\u0119\u015bcie pozwoli\u0142o osi\u0105gn\u0105\u0107 dzisiejsze wyniki, lecz si\u0142a! Czekamy na nawi\u0105zanie wsp\u00f3\u0142pracy z wi\u0119ksz\u0105 liczb\u0105 zagranicznych przyjaci\u00f3\u0142 i zapraszamy ka\u017cdego zagranicznego go\u015bcia do odwiedzenia naszej fabryki.<\/p>","protected":false},"excerpt":{"rendered":"<p>Shuliy Machinery Co., Ltd. is located in Zhengzhou Economic Development Zone, Henan Province with convenient transportation. It is a professional company integrating machine research and development, manufacturing and sales. Our company was founded in 2011 but has actual machine manufacturing experience and sales experience for more than ten years. After the development of these years, [&hellip;]<\/p>\n","protected":false},"author":1,"featured_media":0,"parent":0,"menu_order":0,"comment_status":"closed","ping_status":"closed","template":"","meta":{"footnotes":""},"class_list":["post-23","page","type-page","status-publish","hentry"],"_links":{"self":[{"href":"https:\/\/shuliybaler.com\/pl\/wp-json\/wp\/v2\/pages\/23","targetHints":{"allow":["GET"]}}],"collection":[{"href":"https:\/\/shuliybaler.com\/pl\/wp-json\/wp\/v2\/pages"}],"about":[{"href":"https:\/\/shuliybaler.com\/pl\/wp-json\/wp\/v2\/types\/page"}],"author":[{"embeddable":true,"href":"https:\/\/shuliybaler.com\/pl\/wp-json\/wp\/v2\/users\/1"}],"replies":[{"embeddable":true,"href":"https:\/\/shuliybaler.com\/pl\/wp-json\/wp\/v2\/comments?post=23"}],"version-history":[{"count":0,"href":"https:\/\/shuliybaler.com\/pl\/wp-json\/wp\/v2\/pages\/23\/revisions"}],"wp:attachment":[{"href":"https:\/\/shuliybaler.com\/pl\/wp-json\/wp\/v2\/media?parent=23"}],"curies":[{"name":"wp","href":"https:\/\/api.w.org\/{rel}","templated":true}]}}