{"id":2686,"date":"2022-07-26T16:12:20","date_gmt":"2022-07-26T08:12:20","guid":{"rendered":"https:\/\/shuliybaler.com\/?p=2686"},"modified":"2025-02-08T15:24:58","modified_gmt":"2025-02-08T07:24:58","slug":"scrap-metal-shredder-machine","status":"publish","type":"product","link":"https:\/\/shuliybaler.com\/pl\/product\/scrap-metal-shredder-machine\/","title":{"rendered":"Maszyna do rozdrabniania z\u0142omu metali | maszyna do rozdrabniania opon odpadowych"},"content":{"rendered":"<p>Maszyna do rozdrabniania metali jest u\u017cywana do rozdrabniania metali. Mo\u017ce by\u0107 u\u017cywana do surowc\u00f3w z odpadami metalowymi, a tak\u017ce g\u0142\u00f3wnych odpad\u00f3w samochodowych, podstawowych odpad\u00f3w i innych produkt\u00f3w. Istniej\u0105 surowce odpadowe rozdrabniaczy metali. Rozdrabnianie du\u017cych surowc\u00f3w metalowych w celu u\u0142atwienia recyklingu i przetwarzania. Jest u\u017cywana w przemy\u015ble recyklingowym, przemy\u015ble przetwarzania odpad\u00f3w z urz\u0105dze\u0144 gospodarstwa domowego oraz w przemy\u015ble kruszenia metali mebli.<\/p>    <figure class=\"wp-block-embed is-type-video is-provider-youtube wp-block-embed-youtube wp-embed-aspect-16-9 wp-has-aspect-ratio\"><div class=\"wp-block-embed__wrapper\"> <iframe loading=\"lazy\" title=\"Jaka maszyna do kruszenia metali mo\u017ce zniszczy\u0107 wszystko? | maszyna do rozdrabniania metali | rozdrabniacz z\u0142omu\" width=\"500\" height=\"281\" src=\"https:\/\/www.youtube.com\/embed\/Vk_1d0oict8?feature=oembed\" frameborder=\"0\" allow=\"accelerometer; autoplay; clipboard-write; encrypted-media; gyroscope; picture-in-picture; web-share\" referrerpolicy=\"strict-origin-when-cross-origin\" allowfullscreen><\/iframe> <\/div><\/figure>    <h2 class=\"wp-block-heading\">Surowiec do maszyny do rozdrabniania metali<\/h2>   <div class=\"wp-block-image\"> <figure class=\"aligncenter size-full\"><img loading=\"lazy\" decoding=\"async\" width=\"720\" height=\"540\" src=\"https:\/\/shuliybaler.com\/wp-content\/uploads\/2022\/07\/3DScrap-metal-shredder-machine.webp\" alt=\"Rozdrabniacz metali 3D\" class=\"wp-image-2697\" title=\"\"><figcaption class=\"wp-element-caption\">3D Maszyna do rozdrabniania metali<\/figcaption><\/figure> <\/div>   <p>Wielofunkcyjny rozdrabniacz nadaje si\u0119 do rozdrabniania wszelkiego rodzaju odpad\u00f3w metalowych, drewna, plastiku, ram, odpad\u00f3w z ta\u015bm przeno\u015bnikowych, szafek \u017celaznych, odpad\u00f3w telewizor\u00f3w, lod\u00f3wek, klimatyzator\u00f3w, pralek, komputer\u00f3w, telefon\u00f3w kom\u00f3rkowych, zamra\u017carek itp., odpad\u00f3w domowych i obud\u00f3w urz\u0105dze\u0144, we\u0142ny szklanej, szk\u0142a, odpad\u00f3w z materia\u0142\u00f3w biurowych, obud\u00f3w silnik\u00f3w, odpad\u00f3w elektrycznych, obud\u00f3w baterii, mebli stalowych itp. Wielko\u015b\u0107 wyj\u015bciowa maszyny do rozdrabniania z\u0142omu metali mo\u017ce by\u0107 dostosowana do wymaga\u0144 u\u017cytkownika. Sprz\u0119t do rozdrabniania z\u0142omu metalowego korzysta z automatycznego sterowania, posiada funkcje uruchamiania, zatrzymywania, cofania i automatycznego cofania przy przeci\u0105\u017ceniu, co pozwala u\u017cytkownikowi zmniejszy\u0107 uszkodzenia sprz\u0119tu spowodowane b\u0142\u0119dami operacyjnymi. W zale\u017cno\u015bci od wymaga\u0144 ko\u0144cowego produktu klienta, wymieniane s\u0105 r\u00f3\u017cne narz\u0119dzia, a wa\u0142 rozdrabniacza jest poddawany obr\u00f3bce cieplnej, co czyni cz\u0119\u015bci zu\u017cywalne ca\u0142ego urz\u0105dzenia odporne na \u015bcieranie i trwa\u0142e, znacznie poprawiaj\u0105c u\u017cytkowanie. <\/p>    <figure class=\"wp-block-gallery has-nested-images columns-2 is-cropped wp-block-gallery-2 is-layout-flex wp-block-gallery-is-layout-flex\"> <figure class=\"wp-block-image size-large\"><img loading=\"lazy\" decoding=\"async\" width=\"720\" height=\"540\" data-id=\"2698\" src=\"https:\/\/shuliybaler.com\/wp-content\/uploads\/2022\/07\/waste-tires.webp\" alt=\"Odpady opon\" class=\"wp-image-2698\" title=\"\"><figcaption class=\"wp-element-caption\">Odpady opon<\/figcaption><\/figure>    <figure class=\"wp-block-image size-large\"><img loading=\"lazy\" decoding=\"async\" width=\"720\" height=\"540\" data-id=\"2699\" src=\"https:\/\/shuliybaler.com\/wp-content\/uploads\/2022\/07\/scrap-car.webp\" alt=\"z\u0142om samochodowy\" class=\"wp-image-2699\" title=\"\"><figcaption class=\"wp-element-caption\">Z\u0142om samochodowy<\/figcaption><\/figure>    <figure class=\"wp-block-image size-large\"><img loading=\"lazy\" decoding=\"async\" width=\"720\" height=\"540\" data-id=\"2700\" src=\"https:\/\/shuliybaler.com\/wp-content\/uploads\/2022\/07\/wooden-pallet.webp\" alt=\"Paleta drewniana\" class=\"wp-image-2700\" title=\"\"><figcaption class=\"wp-element-caption\">Drewniana paleta<\/figcaption><\/figure>    <figure class=\"wp-block-image size-large\"><img loading=\"lazy\" decoding=\"async\" width=\"720\" height=\"540\" data-id=\"2701\" src=\"https:\/\/shuliybaler.com\/wp-content\/uploads\/2022\/07\/Waste-household-appliances.webp\" alt=\"Odpady z urz\u0105dze\u0144 gospodarstwa domowego\" class=\"wp-image-2701\" title=\"\"><figcaption class=\"wp-element-caption\">Odpady z urz\u0105dze\u0144 gospodarstwa domowego<\/figcaption><\/figure> <\/figure>    <h2 class=\"wp-block-heading\">Struktura maszyny do rozdrabniania metali<\/h2>   <div class=\"wp-block-image\"> <figure class=\"aligncenter size-full\"><img loading=\"lazy\" decoding=\"async\" width=\"720\" height=\"540\" src=\"https:\/\/shuliybaler.com\/wp-content\/uploads\/2022\/07\/waste-tire-crushing-machine.webp\" alt=\"maszyna do kruszenia opon\" class=\"wp-image-2703\" title=\"\"><figcaption class=\"wp-element-caption\">maszyna do kruszenia opon<\/figcaption><\/figure> <\/div>   <p>Struktura rozdrabniacza metali g\u0142\u00f3wnie obejmuje port podawania, port roz\u0142adowania, n\u00f3\u017c, silnik, podstaw\u0119 maszyny, reduktor itp. Maszyna obraca si\u0119 wzgl\u0119dem siebie przez dwa no\u017ce, nast\u0119pnie zgniata z\u0142om metalowy, a nast\u0119pnie u\u017cywa no\u017ca do ci\u0119cia metalu, zazwyczaj du\u017cego. Po w\u0142o\u017ceniu kawa\u0142ka metalu do maszyny do rozdrabniania metali, maszyna sama go roz\u0142o\u017cy.<\/p>    <h2 class=\"wp-block-heading\">Metoda podawania i roz\u0142adowywania maszyny do kruszenia opon<\/h2>   <div class=\"wp-block-image\"> <figure class=\"aligncenter size-full\"><img loading=\"lazy\" decoding=\"async\" width=\"720\" height=\"540\" src=\"https:\/\/shuliybaler.com\/wp-content\/uploads\/2022\/07\/waste-tire-crushing-machine-1.webp\" alt=\"maszyna do kruszenia opon\" class=\"wp-image-2704\" title=\"\"><figcaption class=\"wp-element-caption\">maszyna do kruszenia opon<\/figcaption><\/figure> <\/div>   <p>Og\u00f3lnie rzecz bior\u0105c, produkty, kt\u00f3re nale\u017cy w\u0142o\u017cy\u0107 do tego rozdrabniacza metali, s\u0105 ogromne, takie jak z\u0142om samochodowy, beczki metalowe, stare urz\u0105dzenia gospodarstwa domowego itp. Je\u015bli produkty do rozbicia s\u0105 zbyt du\u017ce, wymagane s\u0105 narz\u0119dzia takie jak d\u017awigi wie\u017cowe, aby w\u0142o\u017cy\u0107 te rzeczy do maszyny. Oczywi\u015bcie, je\u015bli rozdrabniasz bardzo ma\u0142y produkt, jak rower, i wrzucisz go bezpo\u015brednio do maszyny. Po rozbiciu metalu, wyjdzie on z dolnej cz\u0119\u015bci maszyny. Pod maszyn\u0105 mo\u017cna umie\u015bci\u0107 ta\u015bmy transportowe do w pe\u0142ni automatycznej produkcji kwiat\u00f3w.<\/p>    <h2 class=\"wp-block-heading\">N\u00f3\u017c maszyny do kruszenia opon<\/h2>    <figure class=\"wp-block-gallery has-nested-images columns-2 is-cropped wp-block-gallery-3 is-layout-flex wp-block-gallery-is-layout-flex\"> <figure class=\"wp-block-image size-large\"><img loading=\"lazy\" decoding=\"async\" width=\"720\" height=\"540\" data-id=\"2705\" src=\"https:\/\/shuliybaler.com\/wp-content\/uploads\/2022\/07\/knife-of-metal-shredder.webp\" alt=\"Ostrze rozdrabniacza metali\" class=\"wp-image-2705\" title=\"\"><figcaption class=\"wp-element-caption\">N\u00f3\u017c rozdrabniacza metali<\/figcaption><\/figure>    <figure class=\"wp-block-image size-large\"><img loading=\"lazy\" decoding=\"async\" width=\"720\" height=\"540\" data-id=\"2706\" src=\"https:\/\/shuliybaler.com\/wp-content\/uploads\/2022\/07\/knife-of-metal-shredder-1.webp\" alt=\"Ostrze rozdrabniacza metali\" class=\"wp-image-2706\" title=\"\"><figcaption class=\"wp-element-caption\">N\u00f3\u017c rozdrabniacza metali<\/figcaption><\/figure>    <figure class=\"wp-block-image size-large\"><img loading=\"lazy\" decoding=\"async\" width=\"720\" height=\"540\" data-id=\"2707\" src=\"https:\/\/shuliybaler.com\/wp-content\/uploads\/2022\/07\/knife-of-metal-shredder-2.webp\" alt=\"Ostrze rozdrabniacza metali\" class=\"wp-image-2707\" title=\"\"><figcaption class=\"wp-element-caption\">N\u00f3\u017c rozdrabniacza metali<\/figcaption><\/figure>    <figure class=\"wp-block-image size-large\"><img loading=\"lazy\" decoding=\"async\" width=\"720\" height=\"540\" data-id=\"2708\" src=\"https:\/\/shuliybaler.com\/wp-content\/uploads\/2022\/07\/knife-of-metal-shredder-3.webp\" alt=\"Ostrze rozdrabniacza metali\" class=\"wp-image-2708\" title=\"\"><figcaption class=\"wp-element-caption\">N\u00f3\u017c rozdrabniacza metali<\/figcaption><\/figure> <\/figure>    <p>No\u017ce rozdrabniacza s\u0105 konfigurowane zgodnie z modelem maszyny. Zazwyczaj no\u017ce du\u017cych maszyn s\u0105 grubsze. Og\u00f3lnie rzecz bior\u0105c, cena b\u0119dzie wy\u017csza. Ponadto, ma to r\u00f3wnie\u017c zwi\u0105zek z gotowym produktem. No\u017ce s\u0105 r\u00f3wnie\u017c zwi\u0105zane z g\u0119sto\u015bci\u0105 z\u0119b\u00f3w maszyny. Istniej\u0105 r\u00f3\u017cne materia\u0142y. Je\u015bli chcesz rozdrabnia\u0107 opony, mo\u017cesz u\u017cy\u0107 no\u017cy 55SiCr. Je\u015bli chcesz rozdrabnia\u0107 lekkie i cienkie metale, potrzebujesz no\u017cy 9CrSi, ale je\u015bli chcesz rozdrabnia\u0107 metale, kt\u00f3re s\u0105 grubsze i twardsze, potrzebujesz no\u017ca o najwy\u017cszej wytrzyma\u0142o\u015bci, materia\u0142u H13. To znaczy, \u017ce narz\u0119dzie z materia\u0142u H13 jest u\u017cywane do materia\u0142\u00f3w o dowolnej wytrzyma\u0142o\u015bci. Ale narz\u0119dzia 55SiCr nie mog\u0105 by\u0107 u\u017cywane do ci\u0119cia grubych metali. Zwr\u00f3\u0107 uwag\u0119 przy zakupie rozdrabniacza metali.<\/p>    <figure class=\"wp-block-table\"><table><tbody><tr><td>materia\u0142<\/td><td>G\u0142\u00f3wne materia\u0142y aplikacyjne<\/td><\/tr><tr><td>55SiCr(Pi\u0119\u0107 lub pi\u0119\u0107 krzemu \u017celaza)<\/td><td>drewno, plastik<\/td><\/tr><tr><td>9CrSi(9 lutowane krzem)<\/td><td>guma, metal<\/td><\/tr><tr><td>H13<\/td><td>metal<\/td><\/tr><\/tbody><\/table><\/figure>    <h2 class=\"wp-block-heading\" id=\"h-the-advantages-of-the-metal-shredder-machine\">Zalety maszyny do rozdrabniania metali<\/h2>   <div class=\"wp-block-image\"> <figure class=\"aligncenter size-full\"><img loading=\"lazy\" decoding=\"async\" width=\"720\" height=\"540\" src=\"https:\/\/shuliybaler.com\/wp-content\/uploads\/2022\/07\/metal-shredder.webp\" alt=\"rozdrabniacz metali\" class=\"wp-image-2709\" title=\"\" srcset=\"https:\/\/shuliybaler.com\/wp-content\/uploads\/2022\/07\/metal-shredder.webp 720w, https:\/\/shuliybaler.com\/wp-content\/uploads\/2022\/07\/metal-shredder-360x270.webp 360w, https:\/\/shuliybaler.com\/wp-content\/uploads\/2022\/07\/metal-shredder-180x135.webp 180w\" sizes=\"auto, (max-width: 720px) 100vw, 720px\" \/><figcaption class=\"wp-element-caption\">rozdrabniacz metali<\/figcaption><\/figure> <\/div>   <ul class=\"wp-block-list\"> <li>Rozmiar wyj\u015bcia mo\u017ce by\u0107 dostosowany<\/li>    <li>Odporna na zu\u017cycie i trwa\u0142a, maszyna ma d\u0142ug\u0105 \u017cywotno\u015b\u0107<\/li>    <li>Niski ha\u0142as i wysoka wydajno\u015b\u0107 podczas pracy maszyny do rozdrabniania metali<\/li>    <li>Maszyna do rozdrabniania metali ma mocne uszczelnienie i chroni operatora<\/li> <\/ul>    <h2 class=\"wp-block-heading\">Parametry maszyny do rozdrabniania metali<\/h2>    <figure class=\"wp-block-gallery has-nested-images columns-default is-cropped wp-block-gallery-4 is-layout-flex wp-block-gallery-is-layout-flex\"> <figure class=\"wp-block-image size-large\"><img loading=\"lazy\" decoding=\"async\" width=\"720\" height=\"540\" data-id=\"2712\" src=\"https:\/\/shuliybaler.com\/wp-content\/uploads\/2022\/07\/SL-400-metal-shredder.webp\" alt=\"SL-400 rozdrabniacz metalowy\" class=\"wp-image-2712\" title=\"\" srcset=\"https:\/\/shuliybaler.com\/wp-content\/uploads\/2022\/07\/SL-400-metal-shredder.webp 720w, https:\/\/shuliybaler.com\/wp-content\/uploads\/2022\/07\/SL-400-metal-shredder-360x270.webp 360w, https:\/\/shuliybaler.com\/wp-content\/uploads\/2022\/07\/SL-400-metal-shredder-180x135.webp 180w\" sizes=\"auto, (max-width: 720px) 100vw, 720px\" \/><figcaption class=\"wp-element-caption\">Rozdrabniacz metali SL-400<\/figcaption><\/figure>    <figure class=\"wp-block-image size-large\"><img loading=\"lazy\" decoding=\"async\" width=\"720\" height=\"540\" data-id=\"2714\" src=\"https:\/\/shuliybaler.com\/wp-content\/uploads\/2022\/07\/Sl-1000-metal-shredder.webp\" alt=\"Rozdrabniacz metali SL-1000\" class=\"wp-image-2714\" title=\"\" srcset=\"https:\/\/shuliybaler.com\/wp-content\/uploads\/2022\/07\/Sl-1000-metal-shredder.webp 720w, https:\/\/shuliybaler.com\/wp-content\/uploads\/2022\/07\/Sl-1000-metal-shredder-360x270.webp 360w, https:\/\/shuliybaler.com\/wp-content\/uploads\/2022\/07\/Sl-1000-metal-shredder-180x135.webp 180w\" sizes=\"auto, (max-width: 720px) 100vw, 720px\" \/><figcaption class=\"wp-element-caption\">Rozdrabniacz metali SL-800<\/figcaption><\/figure>    <figure class=\"wp-block-image size-large\"><img loading=\"lazy\" decoding=\"async\" width=\"720\" height=\"540\" data-id=\"2713\" src=\"https:\/\/shuliybaler.com\/wp-content\/uploads\/2022\/07\/SL-800-metal-shredder.webp\" alt=\"SL-800 rozdrabniacz stalowy\" class=\"wp-image-2713\" title=\"\" srcset=\"https:\/\/shuliybaler.com\/wp-content\/uploads\/2022\/07\/SL-800-metal-shredder.webp 720w, https:\/\/shuliybaler.com\/wp-content\/uploads\/2022\/07\/SL-800-metal-shredder-360x270.webp 360w, https:\/\/shuliybaler.com\/wp-content\/uploads\/2022\/07\/SL-800-metal-shredder-180x135.webp 180w\" sizes=\"auto, (max-width: 720px) 100vw, 720px\" \/><figcaption class=\"wp-element-caption\">Rozdrabniacz metali SL-1000<\/figcaption><\/figure> <\/figure>    <figure class=\"wp-block-table\"><table><tbody><tr><td>Model<\/td><td>SL-400<\/td><td>SL-800<\/td><td>SL-1000<\/td><\/tr><tr><td>Moc<\/td><td>7.5KW*2<\/td><td>18.5KW*2<\/td><td>45KW*2<\/td><\/tr><tr><td>Grubo\u015b\u0107 ostrza<\/td><td>20mm<\/td><td>20mm<\/td><td>50mm<\/td><\/tr><tr><td>Liczba ostrzy<\/td><td>20<\/td><td>20<\/td><td>20<\/td><\/tr><tr><td>Wymiary<\/td><td>2000*1100*1620mm<\/td><td>3800x1500x1900mm<\/td><td>4500*1900*220mm<\/td><\/tr><tr><td>Waga<\/td><td>1.1T<\/td><td>3.5T<\/td><td>1100KG<\/td><\/tr><\/tbody><\/table><figcaption class=\"wp-element-caption\">Parametry maszyny do rozdrabniania metali<\/figcaption><\/figure>    <p class=\"translation-block\">Istnieje wiele modeli maszyn, najmniejszy model to SL-400, a najwi\u0119kszy model to SL-2000. B\u0119dziemy rekomendowa\u0107 odpowiednie modele w zale\u017cno\u015bci od produkt\u00f3w, kt\u00f3re nale\u017cy rozbi\u0107. Mamy r\u00f3wnie\u017c <a href=\"https:\/\/shuliybaler.com\/pl\/scrap-steel-shearing-machine\/\">maszyn\u0119 do ci\u0119cia z\u0142omu stalowego<\/a> na sprzeda\u017c oraz inn\u0105 <a href=\"https:\/\/shuliybaler.com\/pl\/vertical-metal-baler\/\">maszyn\u0119 do prasowania papieru.<\/a><\/p>","protected":false},"excerpt":{"rendered":"<p>Maszyna do rozdrabniania metali jest u\u017cywana do rozdrabniania metali. Mo\u017ce by\u0107 u\u017cywana do surowc\u00f3w z odpadami metalowymi, a tak\u017ce g\u0142\u00f3wnych odpad\u00f3w samochodowych, podstawowych odpad\u00f3w i innych produkt\u00f3w. Istniej\u0105 surowce odpadowe rozdrabniaczy metali. Rozdrabnianie du\u017cych surowc\u00f3w metalowych w celu u\u0142atwienia recyklingu i przetwarzania. Jest u\u017cywana w przemy\u015ble recyklingowym, przemy\u015ble przetwarzania odpad\u00f3w z urz\u0105dze\u0144 gospodarstwa domowego oraz w przemy\u015ble kruszenia metali mebli.<\/p>","protected":false},"author":1,"featured_media":2695,"parent":0,"template":"","tags":[38,84],"product-type":[46],"class_list":["post-2686","product","type-product","status-publish","has-post-thumbnail","hentry","tag-scrap-metal-shredder-machine","tag-shredder","product-type-metal-shredder"],"_links":{"self":[{"href":"https:\/\/shuliybaler.com\/pl\/wp-json\/wp\/v2\/product\/2686","targetHints":{"allow":["GET"]}}],"collection":[{"href":"https:\/\/shuliybaler.com\/pl\/wp-json\/wp\/v2\/product"}],"about":[{"href":"https:\/\/shuliybaler.com\/pl\/wp-json\/wp\/v2\/types\/product"}],"author":[{"embeddable":true,"href":"https:\/\/shuliybaler.com\/pl\/wp-json\/wp\/v2\/users\/1"}],"wp:featuredmedia":[{"embeddable":true,"href":"https:\/\/shuliybaler.com\/pl\/wp-json\/wp\/v2\/media\/2695"}],"wp:attachment":[{"href":"https:\/\/shuliybaler.com\/pl\/wp-json\/wp\/v2\/media?parent=2686"}],"wp:term":[{"taxonomy":"post_tag","embeddable":true,"href":"https:\/\/shuliybaler.com\/pl\/wp-json\/wp\/v2\/tags?post=2686"},{"taxonomy":"product-type","embeddable":true,"href":"https:\/\/shuliybaler.com\/pl\/wp-json\/wp\/v2\/product-type?post=2686"}],"curies":[{"name":"wp","href":"https:\/\/api.w.org\/{rel}","templated":true}]}}