{"id":2808,"date":"2022-09-29T15:05:42","date_gmt":"2022-09-29T07:05:42","guid":{"rendered":"https:\/\/shuliybaler.com\/?post_type=product&#038;p=2808"},"modified":"2022-10-10T13:53:38","modified_gmt":"2022-10-10T05:53:38","slug":"cotton-baling-machine","status":"publish","type":"product","link":"https:\/\/shuliybaler.com\/pl\/product\/cotton-baling-machine\/","title":{"rendered":"Maszyna do prasowania bawe\u0142ny | Maszyna do prasowania bawe\u0142ny"},"content":{"rendered":"<p class=\"translation-block\">Maszyna do balowania bawe\u0142ny s\u0142u\u017cy do prasowania. Maszyna ta baluje rozpr\u0119\u017con\u0105 bawe\u0142n\u0119 przez spr\u0119\u017canie, co jest wygodne do transportu i przechowywania. Maszyna do balowania bawe\u0142ny wykorzystuje spr\u0119\u017canie hydrauliczne do wyciskania przestrzeni mi\u0119dzy bawe\u0142n\u0105. <a href=\"https:\/\/shuliybaler.com\/pl\/product\/vertical-metal-baler\/\" data-type=\"URL\" data-id=\"https:\/\/shuliybaler.com\/product\/vertical-metal-baler\/\">Balerki do bawe\u0142ny<\/a> mog\u0105 by\u0107 u\u017cywane na farmach uprawiaj\u0105cych bawe\u0142n\u0119 i w fabrykach wyrob\u00f3w po\u015bcielowych itp. Nasza maszyna do prasowania bawe\u0142ny zosta\u0142a sprzedana do Indonezji, Pakistanu, Egiptu, Sudanu, Meksyku, Arabii Saudyjskiej.<\/p>    <figure class=\"wp-block-gallery has-nested-images columns-default is-cropped wp-block-gallery-2 is-layout-flex wp-block-gallery-is-layout-flex\"> <figure class=\"wp-block-image size-large\"><img loading=\"lazy\" decoding=\"async\" width=\"720\" height=\"540\" data-id=\"2812\" src=\"https:\/\/shuliybaler.com\/wp-content\/uploads\/2022\/09\/cotton-baling-machine.webp\" alt=\"Prasa do balotowania bawe\u0142ny \" class=\"wp-image-2812\" title=\"\" srcset=\"https:\/\/shuliybaler.com\/wp-content\/uploads\/2022\/09\/cotton-baling-machine.webp 720w, https:\/\/shuliybaler.com\/wp-content\/uploads\/2022\/09\/cotton-baling-machine-360x270.webp 360w, https:\/\/shuliybaler.com\/wp-content\/uploads\/2022\/09\/cotton-baling-machine-180x135.webp 180w\" sizes=\"auto, (max-width: 720px) 100vw, 720px\" \/><figcaption>Maszyna do balowania bawe\u0142ny <\/figcaption><\/figure>    <figure class=\"wp-block-image size-large\"><img loading=\"lazy\" decoding=\"async\" width=\"720\" height=\"540\" data-id=\"2813\" src=\"https:\/\/shuliybaler.com\/wp-content\/uploads\/2022\/09\/cotton-baling-machine-1.webp\" alt=\"Prasa do balotowania bawe\u0142ny \" class=\"wp-image-2813\" title=\"\" srcset=\"https:\/\/shuliybaler.com\/wp-content\/uploads\/2022\/09\/cotton-baling-machine-1.webp 720w, https:\/\/shuliybaler.com\/wp-content\/uploads\/2022\/09\/cotton-baling-machine-1-360x270.webp 360w, https:\/\/shuliybaler.com\/wp-content\/uploads\/2022\/09\/cotton-baling-machine-1-180x135.webp 180w\" sizes=\"auto, (max-width: 720px) 100vw, 720px\" \/><figcaption>Maszyna do balowania bawe\u0142ny <\/figcaption><\/figure> <\/figure>    <h2 class=\"wp-block-heading\">Zakres zastosowania maszyny do balowania bawe\u0142ny <\/h2>    <figure class=\"wp-block-gallery has-nested-images columns-2 is-cropped wp-block-gallery-3 is-layout-flex wp-block-gallery-is-layout-flex\"> <figure class=\"wp-block-image size-large\"><img loading=\"lazy\" decoding=\"async\" width=\"720\" height=\"540\" data-id=\"2815\" src=\"https:\/\/shuliybaler.com\/wp-content\/uploads\/2022\/09\/cotton-baling-1.webp\" alt=\"balowanie bawe\u0142ny\" class=\"wp-image-2815\" title=\"\" srcset=\"https:\/\/shuliybaler.com\/wp-content\/uploads\/2022\/09\/cotton-baling-1.webp 720w, https:\/\/shuliybaler.com\/wp-content\/uploads\/2022\/09\/cotton-baling-1-360x270.webp 360w, https:\/\/shuliybaler.com\/wp-content\/uploads\/2022\/09\/cotton-baling-1-180x135.webp 180w\" sizes=\"auto, (max-width: 720px) 100vw, 720px\" \/><figcaption>Baler do bawe\u0142ny<\/figcaption><\/figure>    <figure class=\"wp-block-image size-large\"><img loading=\"lazy\" decoding=\"async\" width=\"720\" height=\"540\" data-id=\"2814\" src=\"https:\/\/shuliybaler.com\/wp-content\/uploads\/2022\/09\/cotton-baling.webp\" alt=\"\" class=\"wp-image-2814\" title=\"\" srcset=\"https:\/\/shuliybaler.com\/wp-content\/uploads\/2022\/09\/cotton-baling.webp 720w, https:\/\/shuliybaler.com\/wp-content\/uploads\/2022\/09\/cotton-baling-360x270.webp 360w, https:\/\/shuliybaler.com\/wp-content\/uploads\/2022\/09\/cotton-baling-180x135.webp 180w\" sizes=\"auto, (max-width: 720px) 100vw, 720px\" \/><figcaption>Baler do bawe\u0142ny<\/figcaption><\/figure>    <figure class=\"wp-block-image size-large\"><img loading=\"lazy\" decoding=\"async\" width=\"720\" height=\"540\" data-id=\"2816\" src=\"https:\/\/shuliybaler.com\/wp-content\/uploads\/2022\/09\/Recycling-and-packaging.webp\" alt=\"Recykling i pakowanie\" class=\"wp-image-2816\" title=\"\" srcset=\"https:\/\/shuliybaler.com\/wp-content\/uploads\/2022\/09\/Recycling-and-packaging.webp 720w, https:\/\/shuliybaler.com\/wp-content\/uploads\/2022\/09\/Recycling-and-packaging-360x270.webp 360w, https:\/\/shuliybaler.com\/wp-content\/uploads\/2022\/09\/Recycling-and-packaging-180x135.webp 180w\" sizes=\"auto, (max-width: 720px) 100vw, 720px\" \/><figcaption>Recykling i pakowanie<\/figcaption><\/figure>    <figure class=\"wp-block-image size-large\"><img loading=\"lazy\" decoding=\"async\" width=\"720\" height=\"540\" data-id=\"2817\" src=\"https:\/\/shuliybaler.com\/wp-content\/uploads\/2022\/09\/Recycling-and-packaging-1.webp\" alt=\"Recykling i pakowanie\" class=\"wp-image-2817\" title=\"\" srcset=\"https:\/\/shuliybaler.com\/wp-content\/uploads\/2022\/09\/Recycling-and-packaging-1.webp 720w, https:\/\/shuliybaler.com\/wp-content\/uploads\/2022\/09\/Recycling-and-packaging-1-360x270.webp 360w, https:\/\/shuliybaler.com\/wp-content\/uploads\/2022\/09\/Recycling-and-packaging-1-180x135.webp 180w\" sizes=\"auto, (max-width: 720px) 100vw, 720px\" \/><figcaption>Recykling i pakowanie<\/figcaption><\/figure> <\/figure>    <p class=\"translation-block\">Maszyna do balowania bawe\u0142ny jest g\u0142\u00f3wnie przeznaczona do makulatury, plastiku, <a href=\"https:\/\/en.wikipedia.org\/wiki\/Iron_filings\" data-type=\"URL\" data-id=\"https:\/\/en.wikipedia.org\/wiki\/Iron_filings\" target=\"_blank\" rel=\"noopener\">\u017celaznych wi\u00f3r\u00f3w<\/a>, bawe\u0142ny, we\u0142ny, makulatury, pude\u0142ek po makulaturze, karton\u00f3w, prz\u0119dzy, li\u015bci tytoniu, plastiku, tkanin, work\u00f3w tkanych, we\u0142ny dzianej, konopi, work\u00f3w, szczyt\u00f3w, we\u0142ny, pakowania luzem materia\u0142\u00f3w takich jak kule, kokony, jedwab, chmiel, w\u0119giel, trawa, \u015bmieci itp., zmniejsza obj\u0119to\u015b\u0107, u\u0142atwia pakowanie, transport i zmniejsza przestrze\u0144 magazynow\u0105. Ma szczeln\u0105 konstrukcj\u0119 i jest mocna i stabilna.<\/p>    <h2 class=\"wp-block-heading\">Dwa typy baler\u00f3w<\/h2>    <figure class=\"wp-block-gallery has-nested-images columns-default is-cropped wp-block-gallery-4 is-layout-flex wp-block-gallery-is-layout-flex\"> <figure class=\"wp-block-image size-large\"><img loading=\"lazy\" decoding=\"async\" width=\"720\" height=\"540\" data-id=\"2818\" src=\"https:\/\/shuliybaler.com\/wp-content\/uploads\/2022\/09\/horizontal-baler.webp\" alt=\"Pozioma prasa do balotowania\" class=\"wp-image-2818\" title=\"\" srcset=\"https:\/\/shuliybaler.com\/wp-content\/uploads\/2022\/09\/horizontal-baler.webp 720w, https:\/\/shuliybaler.com\/wp-content\/uploads\/2022\/09\/horizontal-baler-360x270.webp 360w, https:\/\/shuliybaler.com\/wp-content\/uploads\/2022\/09\/horizontal-baler-180x135.webp 180w\" sizes=\"auto, (max-width: 720px) 100vw, 720px\" \/><figcaption>Pozioma prasa<\/figcaption><\/figure>    <figure class=\"wp-block-image size-large\"><img loading=\"lazy\" decoding=\"async\" width=\"720\" height=\"540\" data-id=\"2819\" src=\"https:\/\/shuliybaler.com\/wp-content\/uploads\/2022\/09\/vertical-baler-machine.webp\" alt=\"maszyna do prasowania pionowego\" class=\"wp-image-2819\" title=\"\" srcset=\"https:\/\/shuliybaler.com\/wp-content\/uploads\/2022\/09\/vertical-baler-machine.webp 720w, https:\/\/shuliybaler.com\/wp-content\/uploads\/2022\/09\/vertical-baler-machine-360x270.webp 360w, https:\/\/shuliybaler.com\/wp-content\/uploads\/2022\/09\/vertical-baler-machine-180x135.webp 180w\" sizes=\"auto, (max-width: 720px) 100vw, 720px\" \/><figcaption>Maszyna do prasowania pionowego<\/figcaption><\/figure> <\/figure>    <p>Opr\u00f3cz tego pionowego balera, istnieje r\u00f3wnie\u017c poziomy baler, kt\u00f3ry jest bardziej wygodny do za\u0142adunku i wi\u0119kszy. Pionowe balery s\u0105 zazwyczaj u\u017cywane do pakowania l\u017cejszych przedmiot\u00f3w, takich jak odpady, bawe\u0142na, puszki i butelki. Typowe balery s\u0142u\u017c\u0105 do balowania surowc\u00f3w o wi\u0119kszej twardo\u015bci, takich jak z\u0142om metalowy.<\/p>    <h2 class=\"wp-block-heading\">Struktura maszyny do balowania bawe\u0142ny<\/h2>    <figure class=\"wp-block-gallery has-nested-images columns-default is-cropped wp-block-gallery-5 is-layout-flex wp-block-gallery-is-layout-flex\"> <figure class=\"wp-block-image size-large\"><img loading=\"lazy\" decoding=\"async\" width=\"720\" height=\"540\" data-id=\"2820\" src=\"https:\/\/shuliybaler.com\/wp-content\/uploads\/2022\/09\/Cotton-baling-machine-structure.webp\" alt=\"Struktura maszyny do balowania bawe\u0142ny\" class=\"wp-image-2820\" title=\"\" srcset=\"https:\/\/shuliybaler.com\/wp-content\/uploads\/2022\/09\/Cotton-baling-machine-structure.webp 720w, https:\/\/shuliybaler.com\/wp-content\/uploads\/2022\/09\/Cotton-baling-machine-structure-360x270.webp 360w, https:\/\/shuliybaler.com\/wp-content\/uploads\/2022\/09\/Cotton-baling-machine-structure-180x135.webp 180w\" sizes=\"auto, (max-width: 720px) 100vw, 720px\" \/><figcaption>Struktura maszyny do balowania bawe\u0142ny<\/figcaption><\/figure> <\/figure>    <p>Maszyna do balowania bawe\u0142ny zawiera cylinder hydrauliczny, zaw\u00f3r hydrauliczny, skrzynk\u0119 hydrauliczn\u0105, d\u017awigni\u0119 operacyjn\u0105, wzmocnion\u0105 p\u0142yt\u0119 naciskow\u0105, d\u017awigni\u0119, silnik z czystej miedzi, zamek w kszta\u0142cie U i du\u017c\u0105 komor\u0119 spr\u0119\u017cania.<\/p>    <p>Zalety maszyny do balowania bawe\u0142ny<\/p>    <div class=\"wp-block-media-text alignwide is-stacked-on-mobile\"><figure class=\"wp-block-media-text__media\"><img loading=\"lazy\" decoding=\"async\" width=\"720\" height=\"540\" src=\"https:\/\/shuliybaler.com\/wp-content\/uploads\/2022\/09\/cotton-pressing-machine.webp\" alt=\"Prasa do prasowania bawe\u0142ny\" class=\"wp-image-2821 size-full\" title=\"\" srcset=\"https:\/\/shuliybaler.com\/wp-content\/uploads\/2022\/09\/cotton-pressing-machine.webp 720w, https:\/\/shuliybaler.com\/wp-content\/uploads\/2022\/09\/cotton-pressing-machine-360x270.webp 360w, https:\/\/shuliybaler.com\/wp-content\/uploads\/2022\/09\/cotton-pressing-machine-180x135.webp 180w\" sizes=\"auto, (max-width: 720px) 100vw, 720px\" \/><\/figure><div class=\"wp-block-media-text__content\"> <h3 class=\"wp-block-heading\">Wzmacniana chromowana cylinder wysokoci\u015bnieniowa<\/h3>    <p>Cylinder olejowy chromowany pod wysokim ci\u015bnieniem, odporno\u015b\u0107 na wysok\u0105 temperatur\u0119, d\u0142ugi czas pracy, brak uwalniania ci\u015bnienia i brak wycieku oleju.<\/p> <\/div><\/div>    <div class=\"wp-block-media-text alignwide has-media-on-the-right is-stacked-on-mobile\"><figure class=\"wp-block-media-text__media\"><img loading=\"lazy\" decoding=\"async\" width=\"720\" height=\"540\" src=\"https:\/\/shuliybaler.com\/wp-content\/uploads\/2022\/09\/cotton-pressing-machine-platen.webp\" alt=\"Prasa do prasowania bawe\u0142ny - placka\" class=\"wp-image-2822 size-full\" title=\"\" srcset=\"https:\/\/shuliybaler.com\/wp-content\/uploads\/2022\/09\/cotton-pressing-machine-platen.webp 720w, https:\/\/shuliybaler.com\/wp-content\/uploads\/2022\/09\/cotton-pressing-machine-platen-360x270.webp 360w, https:\/\/shuliybaler.com\/wp-content\/uploads\/2022\/09\/cotton-pressing-machine-platen-180x135.webp 180w\" sizes=\"auto, (max-width: 720px) 100vw, 720px\" \/><\/figure><div class=\"wp-block-media-text__content\"> <h3 class=\"wp-block-heading\">Wzmacniana i ulepszona p\u0142yta naciskowa<\/h3>    <p>Kad\u0142ubowa stalowa rama maszyny do balowania bawe\u0142ny jest wzmocniona dla trwa\u0142o\u015bci.<\/p> <\/div><\/div>    <div class=\"wp-block-media-text alignwide is-stacked-on-mobile\"><figure class=\"wp-block-media-text__media\"><img loading=\"lazy\" decoding=\"async\" width=\"720\" height=\"540\" src=\"https:\/\/shuliybaler.com\/wp-content\/uploads\/2022\/09\/cotton-pressing-machine-details.webp\" alt=\"Szczeg\u00f3\u0142y maszyny do prasowania bawe\u0142ny\" class=\"wp-image-2823 size-full\" title=\"\" srcset=\"https:\/\/shuliybaler.com\/wp-content\/uploads\/2022\/09\/cotton-pressing-machine-details.webp 720w, https:\/\/shuliybaler.com\/wp-content\/uploads\/2022\/09\/cotton-pressing-machine-details-360x270.webp 360w, https:\/\/shuliybaler.com\/wp-content\/uploads\/2022\/09\/cotton-pressing-machine-details-180x135.webp 180w\" sizes=\"auto, (max-width: 720px) 100vw, 720px\" \/><\/figure><div class=\"wp-block-media-text__content\"> <h2 class=\"wp-block-heading\">Wysokiej jako\u015bci silnik<\/h2>    <p>Silnik z miedzi\u0105 pe\u0142n\u0105, szybkie odprowadzanie ciep\u0142a, wystarczaj\u0105ca moc i d\u0142ugi czas pracy<\/p> <\/div><\/div>    <div class=\"wp-block-media-text alignwide has-media-on-the-right is-stacked-on-mobile\"><figure class=\"wp-block-media-text__media\"><img loading=\"lazy\" decoding=\"async\" width=\"720\" height=\"540\" src=\"https:\/\/shuliybaler.com\/wp-content\/uploads\/2022\/09\/cotton-pressing-machine-details-1.webp\" alt=\"Szczeg\u00f3\u0142y maszyny do prasowania bawe\u0142ny\" class=\"wp-image-2824 size-full\" title=\"\" srcset=\"https:\/\/shuliybaler.com\/wp-content\/uploads\/2022\/09\/cotton-pressing-machine-details-1.webp 720w, https:\/\/shuliybaler.com\/wp-content\/uploads\/2022\/09\/cotton-pressing-machine-details-1-360x270.webp 360w, https:\/\/shuliybaler.com\/wp-content\/uploads\/2022\/09\/cotton-pressing-machine-details-1-180x135.webp 180w\" sizes=\"auto, (max-width: 720px) 100vw, 720px\" \/><\/figure><div class=\"wp-block-media-text__content\"> <h2 class=\"wp-block-heading\">Drzwi bezpiecze\u0144stwa<\/h2>    <p>Prasa do balowania bawe\u0142ny ma nowo zaprojektowane drzwi z prze\u0142\u0105cznikiem, kt\u00f3re s\u0105 solidne i trwa\u0142e.<\/p> <\/div><\/div>    <h2 class=\"wp-block-heading\">\u015arodki ostro\u017cno\u015bci przy u\u017cywaniu maszyn do balowania bawe\u0142ny<\/h2>    <figure class=\"wp-block-gallery has-nested-images columns-default is-cropped wp-block-gallery-6 is-layout-flex wp-block-gallery-is-layout-flex\"> <figure class=\"wp-block-image size-large\"><img loading=\"lazy\" decoding=\"async\" width=\"720\" height=\"540\" data-id=\"2826\" src=\"https:\/\/shuliybaler.com\/wp-content\/uploads\/2022\/09\/cotton-pressing-machine-details-2.webp\" alt=\"Szczeg\u00f3\u0142y maszyny do prasowania bawe\u0142ny\" class=\"wp-image-2826\" title=\"\" srcset=\"https:\/\/shuliybaler.com\/wp-content\/uploads\/2022\/09\/cotton-pressing-machine-details-2.webp 720w, https:\/\/shuliybaler.com\/wp-content\/uploads\/2022\/09\/cotton-pressing-machine-details-2-360x270.webp 360w, https:\/\/shuliybaler.com\/wp-content\/uploads\/2022\/09\/cotton-pressing-machine-details-2-180x135.webp 180w\" sizes=\"auto, (max-width: 720px) 100vw, 720px\" \/><figcaption>Szczeg\u00f3\u0142y maszyny do prasowania bawe\u0142ny<\/figcaption><\/figure>    <figure class=\"wp-block-image size-large\"><img loading=\"lazy\" decoding=\"async\" width=\"720\" height=\"540\" data-id=\"2825\" src=\"https:\/\/shuliybaler.com\/wp-content\/uploads\/2022\/09\/cotton-pressing-machine-shipping.webp\" alt=\"Wysy\u0142ka prasy do prasowania bawe\u0142ny\" class=\"wp-image-2825\" title=\"\" srcset=\"https:\/\/shuliybaler.com\/wp-content\/uploads\/2022\/09\/cotton-pressing-machine-shipping.webp 720w, https:\/\/shuliybaler.com\/wp-content\/uploads\/2022\/09\/cotton-pressing-machine-shipping-360x270.webp 360w, https:\/\/shuliybaler.com\/wp-content\/uploads\/2022\/09\/cotton-pressing-machine-shipping-180x135.webp 180w\" sizes=\"auto, (max-width: 720px) 100vw, 720px\" \/><figcaption>Wysy\u0142ka maszyny do prasowania bawe\u0142ny<\/figcaption><\/figure>    <figure class=\"wp-block-image size-large\"><img loading=\"lazy\" decoding=\"async\" width=\"720\" height=\"540\" data-id=\"2827\" src=\"https:\/\/shuliybaler.com\/wp-content\/uploads\/2022\/09\/cotton-pressing-machine-details-3.webp\" alt=\"Szczeg\u00f3\u0142y maszyny do prasowania bawe\u0142ny\" class=\"wp-image-2827\" title=\"\" srcset=\"https:\/\/shuliybaler.com\/wp-content\/uploads\/2022\/09\/cotton-pressing-machine-details-3.webp 720w, https:\/\/shuliybaler.com\/wp-content\/uploads\/2022\/09\/cotton-pressing-machine-details-3-360x270.webp 360w, https:\/\/shuliybaler.com\/wp-content\/uploads\/2022\/09\/cotton-pressing-machine-details-3-180x135.webp 180w\" sizes=\"auto, (max-width: 720px) 100vw, 720px\" \/><figcaption>Szczeg\u00f3\u0142y maszyny do prasowania bawe\u0142ny<\/figcaption><\/figure> <\/figure>    <p>(1) Do zbiornika z olejem hydraulicznym nale\u017cy \u015bci\u015ble u\u017cywa\u0107 wysokiej jako\u015bci oleju antyzu\u017cyciowego, kt\u00f3ry musi by\u0107 dok\u0142adnie filtrowany, i zawsze nale\u017cy utrzymywa\u0107 odpowiedni\u0105 ilo\u015b\u0107 oleju.<\/p>    <p> (2) Zbiornik oleju powinien by\u0107 czyszczony i wymieniany na nowy co sze\u015b\u0107 miesi\u0119cy, ale olej nie powinien by\u0107 czyszczony i filtrowany cz\u0119\u015bciej ni\u017c raz w miesi\u0105cu. Nowy olej u\u017cyty raz mo\u017cna ponownie u\u017cy\u0107 po dok\u0142adnym filtrowaniu.<\/p>    <p> (3) Ka\u017cda cz\u0119\u015b\u0107 smaruj\u0105ca maszyny powinna by\u0107 smarowana co najmniej raz na zmian\u0119 zgodnie z wymaganiami. <\/p>    <figure class=\"wp-block-gallery has-nested-images columns-default is-cropped wp-block-gallery-7 is-layout-flex wp-block-gallery-is-layout-flex\"> <figure class=\"wp-block-image size-large\"><img loading=\"lazy\" decoding=\"async\" width=\"720\" height=\"540\" data-id=\"2828\" src=\"https:\/\/shuliybaler.com\/wp-content\/uploads\/2022\/09\/cotton-pressing-machine-1.webp\" alt=\"Maszyna do balowania bawe\u0142ny \" class=\"wp-image-2828\" title=\"\" srcset=\"https:\/\/shuliybaler.com\/wp-content\/uploads\/2022\/09\/cotton-pressing-machine-1.webp 720w, https:\/\/shuliybaler.com\/wp-content\/uploads\/2022\/09\/cotton-pressing-machine-1-360x270.webp 360w, https:\/\/shuliybaler.com\/wp-content\/uploads\/2022\/09\/cotton-pressing-machine-1-180x135.webp 180w\" sizes=\"auto, (max-width: 720px) 100vw, 720px\" \/><figcaption>Maszyna do balowania bawe\u0142ny <\/figcaption><\/figure>    <figure class=\"wp-block-image size-large\"><img loading=\"lazy\" decoding=\"async\" width=\"720\" height=\"540\" data-id=\"2829\" src=\"https:\/\/shuliybaler.com\/wp-content\/uploads\/2022\/09\/Cotton-baling-machine.webp\" alt=\"Maszyna do balowania bawe\u0142ny \" class=\"wp-image-2829\" title=\"\" srcset=\"https:\/\/shuliybaler.com\/wp-content\/uploads\/2022\/09\/Cotton-baling-machine.webp 720w, https:\/\/shuliybaler.com\/wp-content\/uploads\/2022\/09\/Cotton-baling-machine-360x270.webp 360w, https:\/\/shuliybaler.com\/wp-content\/uploads\/2022\/09\/Cotton-baling-machine-180x135.webp 180w\" sizes=\"auto, (max-width: 720px) 100vw, 720px\" \/><figcaption>Maszyna do balowania bawe\u0142ny <\/figcaption><\/figure>    <figure class=\"wp-block-image size-large\"><img loading=\"lazy\" decoding=\"async\" width=\"720\" height=\"540\" data-id=\"2830\" src=\"https:\/\/shuliybaler.com\/wp-content\/uploads\/2022\/09\/Cotton-baling-machine-1.webp\" alt=\"Maszyna do balowania bawe\u0142ny \" class=\"wp-image-2830\" title=\"\" srcset=\"https:\/\/shuliybaler.com\/wp-content\/uploads\/2022\/09\/Cotton-baling-machine-1.webp 720w, https:\/\/shuliybaler.com\/wp-content\/uploads\/2022\/09\/Cotton-baling-machine-1-360x270.webp 360w, https:\/\/shuliybaler.com\/wp-content\/uploads\/2022\/09\/Cotton-baling-machine-1-180x135.webp 180w\" sizes=\"auto, (max-width: 720px) 100vw, 720px\" \/><figcaption>Maszyna do balowania bawe\u0142ny <\/figcaption><\/figure> <\/figure>    <p>(4) Odpady w skrzyni na materia\u0142 powinny by\u0107 usuwane na bie\u017c\u0105co.<\/p>    <p> (5) Osoby nieznaj\u0105ce struktury, wydajno\u015bci i procedur obs\u0142ugi maszyny nie mog\u0105 jej uruchamia\u0107 bez upowa\u017cnienia. <\/p>    <p>(6) Gdy maszyna ma powa\u017cne wycieki oleju lub nieprawid\u0142owe zjawiska podczas pracy, powinna natychmiast przesta\u0107 dzia\u0142a\u0107, aby przeanalizowa\u0107 przyczyn\u0119 i usun\u0105\u0107 usterk\u0119, i nie wolno jej uruchamia\u0107 na si\u0142\u0119 podczas awarii. <\/p>    <figure class=\"wp-block-gallery has-nested-images columns-default is-cropped wp-block-gallery-8 is-layout-flex wp-block-gallery-is-layout-flex\"> <figure class=\"wp-block-image size-large\"><img loading=\"lazy\" decoding=\"async\" width=\"720\" height=\"540\" data-id=\"2831\" src=\"https:\/\/shuliybaler.com\/wp-content\/uploads\/2022\/09\/baling-machine.webp\" alt=\"Prasa do balotowania\" class=\"wp-image-2831\" title=\"\" srcset=\"https:\/\/shuliybaler.com\/wp-content\/uploads\/2022\/09\/baling-machine.webp 720w, https:\/\/shuliybaler.com\/wp-content\/uploads\/2022\/09\/baling-machine-360x270.webp 360w, https:\/\/shuliybaler.com\/wp-content\/uploads\/2022\/09\/baling-machine-180x135.webp 180w\" sizes=\"auto, (max-width: 720px) 100vw, 720px\" \/><figcaption>Maszyna do balowania<\/figcaption><\/figure>    <figure class=\"wp-block-image size-large\"><img loading=\"lazy\" decoding=\"async\" width=\"720\" height=\"540\" data-id=\"2832\" src=\"https:\/\/shuliybaler.com\/wp-content\/uploads\/2022\/09\/can-packer.webp\" alt=\"Pakowacz puszek\" class=\"wp-image-2832\" title=\"\" srcset=\"https:\/\/shuliybaler.com\/wp-content\/uploads\/2022\/09\/can-packer.webp 720w, https:\/\/shuliybaler.com\/wp-content\/uploads\/2022\/09\/can-packer-360x270.webp 360w, https:\/\/shuliybaler.com\/wp-content\/uploads\/2022\/09\/can-packer-180x135.webp 180w\" sizes=\"auto, (max-width: 720px) 100vw, 720px\" \/><figcaption>Pakowacz puszek<\/figcaption><\/figure>    <figure class=\"wp-block-image size-large\"><img loading=\"lazy\" decoding=\"async\" width=\"720\" height=\"540\" data-id=\"2833\" src=\"https:\/\/shuliybaler.com\/wp-content\/uploads\/2022\/09\/baling.webp\" alt=\"balowanie\" class=\"wp-image-2833\" title=\"\" srcset=\"https:\/\/shuliybaler.com\/wp-content\/uploads\/2022\/09\/baling.webp 720w, https:\/\/shuliybaler.com\/wp-content\/uploads\/2022\/09\/baling-360x270.webp 360w, https:\/\/shuliybaler.com\/wp-content\/uploads\/2022\/09\/baling-180x135.webp 180w\" sizes=\"auto, (max-width: 720px) 100vw, 720px\" \/><figcaption>Baling<\/figcaption><\/figure> <\/figure>    <p>(7) Podczas pracy maszyny nie wolno naprawia\u0107 ani dotyka\u0107 ruchomych cz\u0119\u015bci, a materia\u0142 w skrzyni na materia\u0142ach nie wolno r\u0119cznie lub stopami dociska\u0107. <\/p>    <p>(8) Podczas regulacji pompy, zaworu i manometru musi to robi\u0107 wykwalifikowany technik. Je\u015bli manometr jest uszkodzony, nale\u017cy go sprawdzi\u0107 lub wymieni\u0107 natychmiast.<\/p>    <h2 class=\"wp-block-heading\">Jak dzia\u0142a maszyna do balowania bawe\u0142ny?<\/h2>    <figure class=\"wp-block-embed is-type-video is-provider-youtube wp-block-embed-youtube wp-embed-aspect-16-9 wp-has-aspect-ratio\"><div class=\"wp-block-embed__wrapper\"> <iframe loading=\"lazy\" title=\"Maszyna do makulatury | maszyna do prasowania bawe\u0142ny | maszyna do prasowania puszek | maszyna do recyklingu\" width=\"500\" height=\"281\" src=\"https:\/\/www.youtube.com\/embed\/QZtXuzoCVkA?feature=oembed\" frameborder=\"0\" allow=\"accelerometer; autoplay; clipboard-write; encrypted-media; gyroscope; picture-in-picture; web-share\" referrerpolicy=\"strict-origin-when-cross-origin\" allowfullscreen><\/iframe> <\/div><figcaption>Praca balera do bawe\u0142ny<\/figcaption><\/figure>","protected":false},"excerpt":{"rendered":"<p>Prasa do balotowania bawe\u0142ny | maszyna do prasowania bawe\u0142ny. Prasa do balotowania rozpr\u0119\u017conej bawe\u0142ny przez sprasowanie, co u\u0142atwia transport i magazynowanie. Prasa do balotowania bawe\u0142ny u\u017cywa hydraulicznego sprasowania, aby wycisn\u0105\u0107 przestrze\u0144 mi\u0119dzy w\u0142\u00f3knami. Prasy do balotowania bawe\u0142ny mog\u0105 by\u0107 u\u017cywane na farmach uprawiaj\u0105cych bawe\u0142n\u0119 i w fabrykach wyrob\u00f3w z wype\u0142nie\u0144, itp. Nasza maszyna do prasowania bawe\u0142ny zosta\u0142a sprzedana do Indonezji, Pakistanu, Egiptu, Sudanu, Meksyku, Arabii Saudyjskiej.<\/p>","protected":false},"author":1,"featured_media":2811,"parent":0,"template":"","tags":[50],"product-type":[48],"class_list":["post-2808","product","type-product","status-publish","has-post-thumbnail","hentry","tag-metal-baling-machine","product-type-solution"],"_links":{"self":[{"href":"https:\/\/shuliybaler.com\/pl\/wp-json\/wp\/v2\/product\/2808","targetHints":{"allow":["GET"]}}],"collection":[{"href":"https:\/\/shuliybaler.com\/pl\/wp-json\/wp\/v2\/product"}],"about":[{"href":"https:\/\/shuliybaler.com\/pl\/wp-json\/wp\/v2\/types\/product"}],"author":[{"embeddable":true,"href":"https:\/\/shuliybaler.com\/pl\/wp-json\/wp\/v2\/users\/1"}],"wp:featuredmedia":[{"embeddable":true,"href":"https:\/\/shuliybaler.com\/pl\/wp-json\/wp\/v2\/media\/2811"}],"wp:attachment":[{"href":"https:\/\/shuliybaler.com\/pl\/wp-json\/wp\/v2\/media?parent=2808"}],"wp:term":[{"taxonomy":"post_tag","embeddable":true,"href":"https:\/\/shuliybaler.com\/pl\/wp-json\/wp\/v2\/tags?post=2808"},{"taxonomy":"product-type","embeddable":true,"href":"https:\/\/shuliybaler.com\/pl\/wp-json\/wp\/v2\/product-type?post=2808"}],"curies":[{"name":"wp","href":"https:\/\/api.w.org\/{rel}","templated":true}]}}