{"id":2860,"date":"2022-10-10T13:51:09","date_gmt":"2022-10-10T05:51:09","guid":{"rendered":"https:\/\/shuliybaler.com\/?post_type=product&#038;p=2860"},"modified":"2022-10-10T17:37:05","modified_gmt":"2022-10-10T09:37:05","slug":"sawdust-baler-machine-2","status":"publish","type":"product","link":"https:\/\/shuliybaler.com\/pl\/product\/sawdust-baler-machine-2\/","title":{"rendered":"Maszyna do prasowania wi\u00f3r\u00f3w | Maszyna do prasowania wi\u00f3r\u00f3w drzewnych"},"content":{"rendered":"<p>Prasa do wi\u00f3r\u00f3w drzewnych to maszyna do sprasowywania i pakowania wi\u00f3r\u00f3w, kt\u00f3r\u0105 po zapakowaniu mo\u017cna \u0142atwo przechowywa\u0107 i transportowa\u0107. Nasze prasy dzia\u0142aj\u0105 wydajnie i mog\u0105 pakowa\u0107 z\u0142om metalowy oraz inne surowce. Prasy do wi\u00f3r\u00f3w drzewnych s\u0105 szeroko stosowane w zak\u0142adach przetw\u00f3rstwa drewna i w zak\u0142adach przetwarzania w\u0119gla.<\/p>   <div class=\"wp-block-image\"> <figure class=\"aligncenter size-full\"><img loading=\"lazy\" decoding=\"async\" width=\"720\" height=\"540\" src=\"https:\/\/shuliybaler.com\/wp-content\/uploads\/2022\/10\/baler-machine.webp\" alt=\"maszyna do balowania\" class=\"wp-image-2862\" title=\"\" srcset=\"https:\/\/shuliybaler.com\/wp-content\/uploads\/2022\/10\/baler-machine.webp 720w, https:\/\/shuliybaler.com\/wp-content\/uploads\/2022\/10\/baler-machine-360x270.webp 360w, https:\/\/shuliybaler.com\/wp-content\/uploads\/2022\/10\/baler-machine-180x135.webp 180w\" sizes=\"auto, (max-width: 720px) 100vw, 720px\" \/><figcaption>maszyna do balowania<\/figcaption><\/figure> <\/div>   <h2 class=\"wp-block-heading\">Jakie surowce mo\u017ce pakowa\u0107 prasa do belowania wi\u00f3r\u00f3w?<\/h2>    <p class=\"translation-block\">Opr\u00f3cz pakowania <a href=\"https:\/\/hnwoodmachine.com\/wood-crusher-wood-shredder\/\" data-type=\"URL\" data-id=\"https:\/\/hnwoodmachine.com\/wood-crusher-wood-shredder\/\" target=\"_blank\" rel=\"noopener\">wi\u00f3r\u00f3w drzewnych<\/a>, prasa do belowania wi\u00f3r\u00f3w mo\u017ce r\u00f3wnie\u017c pakowa\u0107 b\u0119bny \u017celazne, produkty stalowe, produkty aluminiowe, kartony odpadowe i inne produkty, a tak\u017ce produkty takie jak s\u0142oma i pasza.<\/p>    <figure class=\"wp-block-gallery has-nested-images columns-2 is-cropped wp-block-gallery-2 is-layout-flex wp-block-gallery-is-layout-flex\"> <figure class=\"wp-block-image size-large\"><img loading=\"lazy\" decoding=\"async\" width=\"720\" height=\"540\" data-id=\"2863\" src=\"https:\/\/shuliybaler.com\/wp-content\/uploads\/2022\/10\/straw-baling.webp\" alt=\"\" class=\"wp-image-2863\" title=\"\" srcset=\"https:\/\/shuliybaler.com\/wp-content\/uploads\/2022\/10\/straw-baling.webp 720w, https:\/\/shuliybaler.com\/wp-content\/uploads\/2022\/10\/straw-baling-360x270.webp 360w, https:\/\/shuliybaler.com\/wp-content\/uploads\/2022\/10\/straw-baling-180x135.webp 180w\" sizes=\"auto, (max-width: 720px) 100vw, 720px\" \/><figcaption><\/figcaption><\/figure>    <figure class=\"wp-block-image size-large\"><img loading=\"lazy\" decoding=\"async\" width=\"720\" height=\"540\" data-id=\"2864\" src=\"https:\/\/shuliybaler.com\/wp-content\/uploads\/2022\/10\/waste-paper-baling.webp\" alt=\"opakowania papierowe\" class=\"wp-image-2864\" title=\"\" srcset=\"https:\/\/shuliybaler.com\/wp-content\/uploads\/2022\/10\/waste-paper-baling.webp 720w, https:\/\/shuliybaler.com\/wp-content\/uploads\/2022\/10\/waste-paper-baling-360x270.webp 360w, https:\/\/shuliybaler.com\/wp-content\/uploads\/2022\/10\/waste-paper-baling-180x135.webp 180w\" sizes=\"auto, (max-width: 720px) 100vw, 720px\" \/><figcaption>Opakowanie odpad\u00f3w papierowych<\/figcaption><\/figure>    <figure class=\"wp-block-image size-large\"><img loading=\"lazy\" decoding=\"async\" width=\"720\" height=\"540\" data-id=\"2865\" src=\"https:\/\/shuliybaler.com\/wp-content\/uploads\/2022\/10\/metal-baling.webp\" alt=\"prasowanie metali\" class=\"wp-image-2865\" title=\"\" srcset=\"https:\/\/shuliybaler.com\/wp-content\/uploads\/2022\/10\/metal-baling.webp 720w, https:\/\/shuliybaler.com\/wp-content\/uploads\/2022\/10\/metal-baling-360x270.webp 360w, https:\/\/shuliybaler.com\/wp-content\/uploads\/2022\/10\/metal-baling-180x135.webp 180w\" sizes=\"auto, (max-width: 720px) 100vw, 720px\" \/><figcaption>Belowanie metali<\/figcaption><\/figure>    <figure class=\"wp-block-image size-large\"><img loading=\"lazy\" decoding=\"async\" width=\"720\" height=\"540\" data-id=\"2866\" src=\"https:\/\/shuliybaler.com\/wp-content\/uploads\/2022\/10\/waste-clothes-baling.webp\" alt=\"Prasa do balotowania odzie\u017cy u\u017cywanej\" class=\"wp-image-2866\" title=\"\" srcset=\"https:\/\/shuliybaler.com\/wp-content\/uploads\/2022\/10\/waste-clothes-baling.webp 720w, https:\/\/shuliybaler.com\/wp-content\/uploads\/2022\/10\/waste-clothes-baling-360x270.webp 360w, https:\/\/shuliybaler.com\/wp-content\/uploads\/2022\/10\/waste-clothes-baling-180x135.webp 180w\" sizes=\"auto, (max-width: 720px) 100vw, 720px\" \/><figcaption>Balowanie odpad\u00f3w odzie\u017cowych<\/figcaption><\/figure> <\/figure>    <h2 class=\"wp-block-heading\">Rola prasy do belowania wi\u00f3r\u00f3w <\/h2>   <div class=\"wp-block-image\"> <figure class=\"aligncenter size-full\"><img loading=\"lazy\" decoding=\"async\" width=\"720\" height=\"540\" src=\"https:\/\/shuliybaler.com\/wp-content\/uploads\/2022\/10\/sawdust-baling-machine.webp\" alt=\"prasa do belowania wi\u00f3r\u00f3w \" class=\"wp-image-2867\" title=\"\" srcset=\"https:\/\/shuliybaler.com\/wp-content\/uploads\/2022\/10\/sawdust-baling-machine.webp 720w, https:\/\/shuliybaler.com\/wp-content\/uploads\/2022\/10\/sawdust-baling-machine-360x270.webp 360w, https:\/\/shuliybaler.com\/wp-content\/uploads\/2022\/10\/sawdust-baling-machine-180x135.webp 180w\" sizes=\"auto, (max-width: 720px) 100vw, 720px\" \/><figcaption>prasa do belowania wi\u00f3r\u00f3w <\/figcaption><\/figure> <\/div>   <p>Prasa najpierw sprasuje surowce, a po sprasowaniu przestrze\u0144 mi\u0119dzy materia\u0142ami si\u0119 zmniejszy, co oszcz\u0119dza miejsce i mo\u017ce by\u0107 bezpo\u015brednio transportowana przez d\u017awigi i przyczepy na kr\u00f3tkie odleg\u0142o\u015bci. Dodatkowo, po dodaniu funkcji, prasa uformuje okre\u015blony kszta\u0142t, taki jak kwadrat lub prostok\u0105t, sze\u015bciokierunkowy kszta\u0142t itp., a uformowane kszta\u0142ty s\u0105 jednolite. Mo\u017cna je uk\u0142ada\u0107 w stosy.<\/p>    <h2 class=\"wp-block-heading\">Dwa modele pras metalowych<\/h2>    <figure class=\"wp-block-gallery has-nested-images columns-default is-cropped wp-block-gallery-3 is-layout-flex wp-block-gallery-is-layout-flex\"> <figure class=\"wp-block-image size-large\"><img loading=\"lazy\" decoding=\"async\" width=\"720\" height=\"540\" data-id=\"2868\" src=\"https:\/\/shuliybaler.com\/wp-content\/uploads\/2022\/10\/vertical-baler-machine.webp\" alt=\"maszyna do prasowania pionowego\" class=\"wp-image-2868\" title=\"\" srcset=\"https:\/\/shuliybaler.com\/wp-content\/uploads\/2022\/10\/vertical-baler-machine.webp 720w, https:\/\/shuliybaler.com\/wp-content\/uploads\/2022\/10\/vertical-baler-machine-360x270.webp 360w, https:\/\/shuliybaler.com\/wp-content\/uploads\/2022\/10\/vertical-baler-machine-180x135.webp 180w\" sizes=\"auto, (max-width: 720px) 100vw, 720px\" \/><figcaption>Maszyna do prasowania pionowego<\/figcaption><\/figure>    <figure class=\"wp-block-image size-large\"><img loading=\"lazy\" decoding=\"async\" width=\"720\" height=\"540\" data-id=\"2869\" src=\"https:\/\/shuliybaler.com\/wp-content\/uploads\/2022\/10\/horizontal-baler-machine.webp\" alt=\"pozioma maszyna do balowania\" class=\"wp-image-2869\" title=\"\" srcset=\"https:\/\/shuliybaler.com\/wp-content\/uploads\/2022\/10\/horizontal-baler-machine.webp 720w, https:\/\/shuliybaler.com\/wp-content\/uploads\/2022\/10\/horizontal-baler-machine-360x270.webp 360w, https:\/\/shuliybaler.com\/wp-content\/uploads\/2022\/10\/horizontal-baler-machine-180x135.webp 180w\" sizes=\"auto, (max-width: 720px) 100vw, 720px\" \/><figcaption>Poziom\u0105 maszyn\u0119 balingow\u0105<\/figcaption><\/figure> <\/figure>    <p class=\"translation-block\">Nasza firma posiada dwa typy pras, jeden to <a href=\"https:\/\/shuliybaler.com\/pl\/product\/vertical-metal-baler\/\" data-type=\"URL\" data-id=\"https:\/\/shuliybaler.com\/product\/vertical-metal-baler\/\">prasa pionowa<\/a>, a drugi to <a href=\"https:\/\/shuliybaler.com\/pl\/product\/scrap-metal-baler\/\" data-type=\"URL\" data-id=\"https:\/\/shuliybaler.com\/product\/scrap-metal-baler\/\">prasa pozioma<\/a>. Funkcje tych dw\u00f3ch pras s\u0105 takie same, ale ich wygl\u0105d jest inny. Prasa pionowa musi by\u0107 za\u0142adowana od g\u00f3ry do do\u0142u, a prasa pozioma od ty\u0142u do przodu. Dlatego prasa pionowa jest bardziej odpowiednia do lekkich surowc\u00f3w, takich jak makulatura, zu\u017cyte ubrania, s\u0142oma i inne produkty. Prasy poziome s\u0105 bardziej odpowiednie do ci\u0119\u017cszych surowc\u00f3w, takich jak niekt\u00f3re stalowe i z\u0142omowe b\u0119bny.<\/p>    <h2 class=\"wp-block-heading\">Klienci z Indonezji kupuj\u0105 poziome prasy<\/h2>    <figure class=\"wp-block-gallery has-nested-images columns-2 is-cropped wp-block-gallery-4 is-layout-flex wp-block-gallery-is-layout-flex\"> <figure class=\"wp-block-image size-large\"><img loading=\"lazy\" decoding=\"async\" width=\"720\" height=\"540\" data-id=\"2873\" src=\"https:\/\/shuliybaler.com\/wp-content\/uploads\/2022\/10\/Wood-chip-baler-export-3.webp\" alt=\"Eksport prasy do belowania wi\u00f3r\u00f3w drzewnych\" class=\"wp-image-2873\" title=\"\" srcset=\"https:\/\/shuliybaler.com\/wp-content\/uploads\/2022\/10\/Wood-chip-baler-export-3.webp 720w, https:\/\/shuliybaler.com\/wp-content\/uploads\/2022\/10\/Wood-chip-baler-export-3-360x270.webp 360w, https:\/\/shuliybaler.com\/wp-content\/uploads\/2022\/10\/Wood-chip-baler-export-3-180x135.webp 180w\" sizes=\"auto, (max-width: 720px) 100vw, 720px\" \/><figcaption>Eksport prasy do belowania wi\u00f3r\u00f3w drzewnych<\/figcaption><\/figure>    <figure class=\"wp-block-image size-large\"><img loading=\"lazy\" decoding=\"async\" width=\"720\" height=\"540\" data-id=\"2872\" src=\"https:\/\/shuliybaler.com\/wp-content\/uploads\/2022\/10\/Wood-chip-baler-export-2.webp\" alt=\"Eksport prasy do belowania wi\u00f3r\u00f3w drzewnych\" class=\"wp-image-2872\" title=\"\" srcset=\"https:\/\/shuliybaler.com\/wp-content\/uploads\/2022\/10\/Wood-chip-baler-export-2.webp 720w, https:\/\/shuliybaler.com\/wp-content\/uploads\/2022\/10\/Wood-chip-baler-export-2-360x270.webp 360w, https:\/\/shuliybaler.com\/wp-content\/uploads\/2022\/10\/Wood-chip-baler-export-2-180x135.webp 180w\" sizes=\"auto, (max-width: 720px) 100vw, 720px\" \/><figcaption>Eksport prasy do belowania wi\u00f3r\u00f3w drzewnych<\/figcaption><\/figure>    <figure class=\"wp-block-image size-large\"><img loading=\"lazy\" decoding=\"async\" width=\"720\" height=\"540\" data-id=\"2871\" src=\"https:\/\/shuliybaler.com\/wp-content\/uploads\/2022\/10\/Wood-chip-baler-export-1.webp\" alt=\"Eksport prasy do belowania wi\u00f3r\u00f3w drzewnych\" class=\"wp-image-2871\" title=\"\" srcset=\"https:\/\/shuliybaler.com\/wp-content\/uploads\/2022\/10\/Wood-chip-baler-export-1.webp 720w, https:\/\/shuliybaler.com\/wp-content\/uploads\/2022\/10\/Wood-chip-baler-export-1-360x270.webp 360w, https:\/\/shuliybaler.com\/wp-content\/uploads\/2022\/10\/Wood-chip-baler-export-1-180x135.webp 180w\" sizes=\"auto, (max-width: 720px) 100vw, 720px\" \/><figcaption>Eksport prasy do belowania wi\u00f3r\u00f3w drzewnych<\/figcaption><\/figure>    <figure class=\"wp-block-image size-large\"><img loading=\"lazy\" decoding=\"async\" width=\"720\" height=\"540\" data-id=\"2870\" src=\"https:\/\/shuliybaler.com\/wp-content\/uploads\/2022\/10\/Wood-chip-baler-export.webp\" alt=\"Eksport prasy do belowania wi\u00f3r\u00f3w drzewnych\" class=\"wp-image-2870\" title=\"\" srcset=\"https:\/\/shuliybaler.com\/wp-content\/uploads\/2022\/10\/Wood-chip-baler-export.webp 720w, https:\/\/shuliybaler.com\/wp-content\/uploads\/2022\/10\/Wood-chip-baler-export-360x270.webp 360w, https:\/\/shuliybaler.com\/wp-content\/uploads\/2022\/10\/Wood-chip-baler-export-180x135.webp 180w\" sizes=\"auto, (max-width: 720px) 100vw, 720px\" \/><figcaption>Eksport prasy do belowania wi\u00f3r\u00f3w drzewnych<\/figcaption><\/figure> <\/figure>    <p>Eksportujemy poziom\u0105 pras\u0119 do Indonezji. Klient posiada fabryk\u0119 drewna i kupuje pras\u0119 do belowania wi\u00f3r\u00f3w drzewnych. Nasza pozioma prasa jest bardzo odpowiednia do belowania wi\u00f3r\u00f3w. Zazwyczaj nasz cykl dostawy to tydzie\u0144, a czas transportu to oko\u0142o 35-40 dni, wi\u0119c klient mo\u017ce j\u0105 u\u017cywa\u0107 po ponad miesi\u0105cu.<\/p>    <figure class=\"wp-block-embed is-type-video is-provider-youtube wp-block-embed-youtube wp-embed-aspect-16-9 wp-has-aspect-ratio\"><div class=\"wp-block-embed__wrapper\"> <iframe loading=\"lazy\" title=\"Automatyczna maszyna do balowania beczek i puszek | recyklingowa maszyna do balowania puszek aluminiowych i metali\" width=\"500\" height=\"281\" src=\"https:\/\/www.youtube.com\/embed\/9JxkvEm4QMc?feature=oembed\" frameborder=\"0\" allow=\"accelerometer; autoplay; clipboard-write; encrypted-media; gyroscope; picture-in-picture; web-share\" referrerpolicy=\"strict-origin-when-cross-origin\" allowfullscreen><\/iframe> <\/div><figcaption>maszyna do balowania <\/figcaption><\/figure>","protected":false},"excerpt":{"rendered":"<p>A sawdust baler machine is a machine for compressing and packing sawdust, which can be easily stored and transported after being packed by the machine, Our balers work efficiently and can pack scrap metal and other raw materials. Sawdust baler machines are widely used in wood processing plants and coal processing plants. What raw materials [&hellip;]<\/p>\n","protected":false},"author":1,"featured_media":2861,"parent":0,"template":"","tags":[50],"product-type":[48],"class_list":["post-2860","product","type-product","status-publish","has-post-thumbnail","hentry","tag-metal-baling-machine","product-type-solution"],"_links":{"self":[{"href":"https:\/\/shuliybaler.com\/pl\/wp-json\/wp\/v2\/product\/2860","targetHints":{"allow":["GET"]}}],"collection":[{"href":"https:\/\/shuliybaler.com\/pl\/wp-json\/wp\/v2\/product"}],"about":[{"href":"https:\/\/shuliybaler.com\/pl\/wp-json\/wp\/v2\/types\/product"}],"author":[{"embeddable":true,"href":"https:\/\/shuliybaler.com\/pl\/wp-json\/wp\/v2\/users\/1"}],"wp:featuredmedia":[{"embeddable":true,"href":"https:\/\/shuliybaler.com\/pl\/wp-json\/wp\/v2\/media\/2861"}],"wp:attachment":[{"href":"https:\/\/shuliybaler.com\/pl\/wp-json\/wp\/v2\/media?parent=2860"}],"wp:term":[{"taxonomy":"post_tag","embeddable":true,"href":"https:\/\/shuliybaler.com\/pl\/wp-json\/wp\/v2\/tags?post=2860"},{"taxonomy":"product-type","embeddable":true,"href":"https:\/\/shuliybaler.com\/pl\/wp-json\/wp\/v2\/product-type?post=2860"}],"curies":[{"name":"wp","href":"https:\/\/api.w.org\/{rel}","templated":true}]}}