{"id":2876,"date":"2022-10-12T10:00:44","date_gmt":"2022-10-12T02:00:44","guid":{"rendered":"https:\/\/shuliybaler.com\/?post_type=product&#038;p=2876"},"modified":"2023-03-22T17:29:10","modified_gmt":"2023-03-22T09:29:10","slug":"waste-paper-baler-machine","status":"publish","type":"product","link":"https:\/\/shuliybaler.com\/pl\/product\/waste-paper-baler-machine\/","title":{"rendered":"Maszyna do balowania makulatury | Maszyna do balowania karton\u00f3w"},"content":{"rendered":"<p class=\"translation-block\">Maszyna do balowania makulatury to urz\u0105dzenie s\u0142u\u017c\u0105ce do recyklingu i pakowania makulatury. Dzi\u0119ki sprasowaniu i formowaniu maszyny, makulatura mo\u017ce zmniejszy\u0107 przestrze\u0144 mi\u0119dzy ni\u0105, tworz\u0105c jednolit\u0105 torb\u0119 makulaturow\u0105, kt\u00f3r\u0105 mo\u017cna przechowywa\u0107 w magazynie. Istniej\u0105 dwa typy maszyn do balowania karton\u00f3w: jeden to ma\u0142a <a href=\"https:\/\/shuliybaler.com\/pl\/product\/vertical-metal-baler\/\" data-type=\"URL\" data-id=\"https:\/\/shuliybaler.com\/product\/vertical-metal-baler\/\">pionowa maszyna do balowania<\/a>, a drugi to du\u017ca <a href=\"https:\/\/shuliybaler.com\/pl\/product\/scrap-metal-baler\/\" data-type=\"URL\" data-id=\"https:\/\/shuliybaler.com\/product\/scrap-metal-baler\/\">pozioma maszyna do balowania<\/a>. Poni\u017cej znajduje si\u0119 maszyna pozioma.<\/p>    <figure class=\"wp-block-gallery has-nested-images columns-default is-cropped wp-block-gallery-2 is-layout-flex wp-block-gallery-is-layout-flex\"> <figure class=\"wp-block-image size-large\"><img loading=\"lazy\" decoding=\"async\" width=\"720\" height=\"540\" data-id=\"2878\" src=\"https:\/\/shuliybaler.com\/wp-content\/uploads\/2022\/10\/paper-baler.webp\" alt=\"Prasa papierowa\" class=\"wp-image-2878\" title=\"\" srcset=\"https:\/\/shuliybaler.com\/wp-content\/uploads\/2022\/10\/paper-baler.webp 720w, https:\/\/shuliybaler.com\/wp-content\/uploads\/2022\/10\/paper-baler-360x270.webp 360w, https:\/\/shuliybaler.com\/wp-content\/uploads\/2022\/10\/paper-baler-180x135.webp 180w\" sizes=\"auto, (max-width: 720px) 100vw, 720px\" \/><figcaption class=\"wp-element-caption\">Maszyna do balowania papieru<\/figcaption><\/figure>    <figure class=\"wp-block-image size-large\"><img loading=\"lazy\" decoding=\"async\" width=\"720\" height=\"540\" data-id=\"2879\" src=\"https:\/\/shuliybaler.com\/wp-content\/uploads\/2022\/10\/paper-baler-1.webp\" alt=\"\" class=\"wp-image-2879\" title=\"\" srcset=\"https:\/\/shuliybaler.com\/wp-content\/uploads\/2022\/10\/paper-baler-1.webp 720w, https:\/\/shuliybaler.com\/wp-content\/uploads\/2022\/10\/paper-baler-1-360x270.webp 360w, https:\/\/shuliybaler.com\/wp-content\/uploads\/2022\/10\/paper-baler-1-180x135.webp 180w\" sizes=\"auto, (max-width: 720px) 100vw, 720px\" \/><figcaption class=\"wp-element-caption\">Maszyna do balowania papieru<\/figcaption><\/figure> <\/figure>    <h2 class=\"wp-block-heading\">Zakres zastosowania maszyny do balowania makulatury<\/h2>    <p class=\"translation-block\">Maszyna do balowania makulatury ma szeroki zakres zastosowa\u0144. Maszyna do balowania makulatury mo\u017ce pakowa\u0107 twarde materia\u0142y, takie jak metal i z\u0142om \u017celaza, oraz l\u017cejsze materia\u0142y, takie jak butelki plastikowe,<a href=\"https:\/\/shuliybaler.com\/pl\/product\/aluminum-can-baler\/\" data-type=\"URL\" data-id=\"https:\/\/shuliybaler.com\/product\/aluminum-can-baler\/\"> puszki<\/a>, s\u0142omki, makulatura, ubrania, <a href=\"https:\/\/shuliybaler.com\/pl\/product\/cotton-baling-machine\/\" data-type=\"URL\" data-id=\"https:\/\/shuliybaler.com\/product\/cotton-baling-machine\/\">bawe\u0142na<\/a>, itp., wi\u0119c jest to <a href=\"https:\/\/shuliybaler.com\/pl\/product\/metal-baler\/\" data-type=\"URL\" data-id=\"https:\/\/shuliybaler.com\/product\/metal-baler\/\">wielofunkcyjna maszyna do balowania metali<\/a>.<\/p>    <figure class=\"wp-block-gallery has-nested-images columns-default is-cropped wp-block-gallery-3 is-layout-flex wp-block-gallery-is-layout-flex\"> <figure class=\"wp-block-image size-large\"><img loading=\"lazy\" decoding=\"async\" width=\"720\" height=\"540\" data-id=\"2880\" src=\"https:\/\/shuliybaler.com\/wp-content\/uploads\/2022\/10\/straw-baling-1.webp\" alt=\"Prasa do s\u0142omy\" class=\"wp-image-2880\" title=\"\" srcset=\"https:\/\/shuliybaler.com\/wp-content\/uploads\/2022\/10\/straw-baling-1.webp 720w, https:\/\/shuliybaler.com\/wp-content\/uploads\/2022\/10\/straw-baling-1-360x270.webp 360w, https:\/\/shuliybaler.com\/wp-content\/uploads\/2022\/10\/straw-baling-1-180x135.webp 180w\" sizes=\"auto, (max-width: 720px) 100vw, 720px\" \/><figcaption class=\"wp-element-caption\">Prasowanie s\u0142omy<\/figcaption><\/figure>    <figure class=\"wp-block-image size-large\"><img loading=\"lazy\" decoding=\"async\" width=\"720\" height=\"540\" data-id=\"2881\" src=\"https:\/\/shuliybaler.com\/wp-content\/uploads\/2022\/10\/plastic-bottle-packaging.webp\" alt=\"Pakowanie butelek plastikowych\" class=\"wp-image-2881\" title=\"\" srcset=\"https:\/\/shuliybaler.com\/wp-content\/uploads\/2022\/10\/plastic-bottle-packaging.webp 720w, https:\/\/shuliybaler.com\/wp-content\/uploads\/2022\/10\/plastic-bottle-packaging-360x270.webp 360w, https:\/\/shuliybaler.com\/wp-content\/uploads\/2022\/10\/plastic-bottle-packaging-180x135.webp 180w\" sizes=\"auto, (max-width: 720px) 100vw, 720px\" \/><figcaption class=\"wp-element-caption\">Pakowanie butelek plastikowych<\/figcaption><\/figure>    <figure class=\"wp-block-image size-large\"><img loading=\"lazy\" decoding=\"async\" width=\"720\" height=\"540\" data-id=\"2882\" src=\"https:\/\/shuliybaler.com\/wp-content\/uploads\/2022\/10\/cardboard-baling.webp\" alt=\"belka do kartonu\" class=\"wp-image-2882\" title=\"\" srcset=\"https:\/\/shuliybaler.com\/wp-content\/uploads\/2022\/10\/cardboard-baling.webp 720w, https:\/\/shuliybaler.com\/wp-content\/uploads\/2022\/10\/cardboard-baling-360x270.webp 360w, https:\/\/shuliybaler.com\/wp-content\/uploads\/2022\/10\/cardboard-baling-180x135.webp 180w\" sizes=\"auto, (max-width: 720px) 100vw, 720px\" \/><figcaption class=\"wp-element-caption\">Zgniecanie tektury<\/figcaption><\/figure> <\/figure>    <h2 class=\"wp-block-heading\">Dlaczego warto u\u017cywa\u0107 maszyny do balowania makulatury?<\/h2>   <div class=\"wp-block-image\"> <figure class=\"aligncenter size-full\"><img loading=\"lazy\" decoding=\"async\" width=\"720\" height=\"540\" src=\"https:\/\/shuliybaler.com\/wp-content\/uploads\/2022\/10\/cardboard-baling-machine.webp\" alt=\"Maszyna do balowania karton\u00f3w\" class=\"wp-image-2883\" title=\"\" srcset=\"https:\/\/shuliybaler.com\/wp-content\/uploads\/2022\/10\/cardboard-baling-machine.webp 720w, https:\/\/shuliybaler.com\/wp-content\/uploads\/2022\/10\/cardboard-baling-machine-360x270.webp 360w, https:\/\/shuliybaler.com\/wp-content\/uploads\/2022\/10\/cardboard-baling-machine-180x135.webp 180w\" sizes=\"auto, (max-width: 720px) 100vw, 720px\" \/><figcaption class=\"wp-element-caption\">Maszyna do balowania karton\u00f3w<\/figcaption><\/figure> <\/div>   <p>1. Wygodny transport. Pakowany makulaturowy papier mo\u017ce skutecznie obni\u017cy\u0107 koszty transportu i zwi\u0119kszy\u0107 wydajno\u015b\u0107 transportu<\/p>    <p>2. Popularne. Makulatura, kt\u00f3ra zosta\u0142a zapakowana i posegregowana na rynku, jest bardziej popularna po sprzeda\u017cy.<\/p>    <p>3. \u0141atwiejsze do przechowywania. Po przetworzeniu makulatury w maszynie do balowania, mo\u017cna j\u0105 przechowywa\u0107 w magazynie, oszcz\u0119dzaj\u0105c miejsce.<\/p>    <p>4. \u0141atwe do ponownego przetwarzania. Po zapakowaniu makulatury, jej ponowne u\u017cycie jest bardziej wygodne.<\/p>    <h2 class=\"wp-block-heading\">Maszyna do balowania karton\u00f3w mo\u017ce by\u0107 wyposa\u017cona w ta\u015bmoci\u0105g<\/h2>   <div class=\"wp-block-image\"> <figure class=\"aligncenter size-full\"><img loading=\"lazy\" decoding=\"async\" width=\"720\" height=\"540\" src=\"https:\/\/shuliybaler.com\/wp-content\/uploads\/2022\/10\/cardboard-baling-machine-conveyor.webp\" alt=\"Ta\u015bmoci\u0105g do maszyny do balowania karton\u00f3w\" class=\"wp-image-2884\" title=\"\" srcset=\"https:\/\/shuliybaler.com\/wp-content\/uploads\/2022\/10\/cardboard-baling-machine-conveyor.webp 720w, https:\/\/shuliybaler.com\/wp-content\/uploads\/2022\/10\/cardboard-baling-machine-conveyor-360x270.webp 360w, https:\/\/shuliybaler.com\/wp-content\/uploads\/2022\/10\/cardboard-baling-machine-conveyor-180x135.webp 180w\" sizes=\"auto, (max-width: 720px) 100vw, 720px\" \/><figcaption class=\"wp-element-caption\">Ta\u015bmoci\u0105g do maszyny do balowania karton\u00f3w<\/figcaption><\/figure> <\/div>   <p>Du\u017ce ilo\u015bci makulatury maj\u0105 wi\u0119ksz\u0105 szans\u0119 na balowanie, a podajnik mo\u017cna wyposa\u017cy\u0107 w ta\u015bmoci\u0105g, co umo\u017cliwia automatyczne pakowanie makulatury, oszcz\u0119dzaj\u0105c czas i wysi\u0142ek. A port podawczy maszyny do balowania karton\u00f3w jest stosunkowo du\u017cy. Taka maszyna do balowania makulatury jest wygodna w obs\u0142udze, nie zacina si\u0119 i ma wysok\u0105 wydajno\u015b\u0107.<\/p>    <h2 class=\"wp-block-heading\">Trzy formy wy\u0142adunku maszyny do balowania karton\u00f3w<\/h2>    <figure class=\"wp-block-gallery has-nested-images columns-2 is-cropped wp-block-gallery-4 is-layout-flex wp-block-gallery-is-layout-flex\"> <figure class=\"wp-block-image size-large\"><img loading=\"lazy\" decoding=\"async\" width=\"720\" height=\"540\" data-id=\"2886\" src=\"https:\/\/shuliybaler.com\/wp-content\/uploads\/2022\/10\/Waste-paper-baler-machine-2.webp\" alt=\"Maszyna do balowania makulatury\" class=\"wp-image-2886\" title=\"\" srcset=\"https:\/\/shuliybaler.com\/wp-content\/uploads\/2022\/10\/Waste-paper-baler-machine-2.webp 720w, https:\/\/shuliybaler.com\/wp-content\/uploads\/2022\/10\/Waste-paper-baler-machine-2-360x270.webp 360w, https:\/\/shuliybaler.com\/wp-content\/uploads\/2022\/10\/Waste-paper-baler-machine-2-180x135.webp 180w\" sizes=\"auto, (max-width: 720px) 100vw, 720px\" \/><figcaption class=\"wp-element-caption\">Maszyna do balowania makulatury<\/figcaption><\/figure>    <figure class=\"wp-block-image size-large\"><img loading=\"lazy\" decoding=\"async\" width=\"720\" height=\"540\" data-id=\"2887\" src=\"https:\/\/shuliybaler.com\/wp-content\/uploads\/2022\/10\/Waste-paper-baler-machine-3.webp\" alt=\"Maszyna do balowania makulatury\" class=\"wp-image-2887\" title=\"\" srcset=\"https:\/\/shuliybaler.com\/wp-content\/uploads\/2022\/10\/Waste-paper-baler-machine-3.webp 720w, https:\/\/shuliybaler.com\/wp-content\/uploads\/2022\/10\/Waste-paper-baler-machine-3-360x270.webp 360w, https:\/\/shuliybaler.com\/wp-content\/uploads\/2022\/10\/Waste-paper-baler-machine-3-180x135.webp 180w\" sizes=\"auto, (max-width: 720px) 100vw, 720px\" \/><figcaption class=\"wp-element-caption\">Maszyna do balowania makulatury<\/figcaption><\/figure>    <figure class=\"wp-block-image size-large\"><img loading=\"lazy\" decoding=\"async\" width=\"720\" height=\"540\" data-id=\"2888\" src=\"https:\/\/shuliybaler.com\/wp-content\/uploads\/2022\/10\/Waste-paper-baler-machine-4.webp\" alt=\"Maszyna do balowania makulatury\" class=\"wp-image-2888\" title=\"\" srcset=\"https:\/\/shuliybaler.com\/wp-content\/uploads\/2022\/10\/Waste-paper-baler-machine-4.webp 720w, https:\/\/shuliybaler.com\/wp-content\/uploads\/2022\/10\/Waste-paper-baler-machine-4-360x270.webp 360w, https:\/\/shuliybaler.com\/wp-content\/uploads\/2022\/10\/Waste-paper-baler-machine-4-180x135.webp 180w\" sizes=\"auto, (max-width: 720px) 100vw, 720px\" \/><figcaption class=\"wp-element-caption\">Maszyna do balowania makulatury<\/figcaption><\/figure>    <figure class=\"wp-block-image size-large\"><img loading=\"lazy\" decoding=\"async\" width=\"720\" height=\"540\" data-id=\"2885\" src=\"https:\/\/shuliybaler.com\/wp-content\/uploads\/2022\/10\/Waste-paper-baler-machine-1.webp\" alt=\"Maszyna do balowania makulatury\" class=\"wp-image-2885\" title=\"\" srcset=\"https:\/\/shuliybaler.com\/wp-content\/uploads\/2022\/10\/Waste-paper-baler-machine-1.webp 720w, https:\/\/shuliybaler.com\/wp-content\/uploads\/2022\/10\/Waste-paper-baler-machine-1-360x270.webp 360w, https:\/\/shuliybaler.com\/wp-content\/uploads\/2022\/10\/Waste-paper-baler-machine-1-180x135.webp 180w\" sizes=\"auto, (max-width: 720px) 100vw, 720px\" \/><figcaption class=\"wp-element-caption\">Maszyna do balowania makulatury<\/figcaption><\/figure> <\/figure>    <p class=\"translation-block\">Zapakowana makulatura jest umieszczana w silosie maszyny do balowania makulatury, jak j\u0105 wy\u0142adowa\u0107? W rzeczywisto\u015bci wy\u0142adunek balera dzieli si\u0119 na trzy sposoby. <a href=\"https:\/\/en.wikipedia.org\/wiki\/Cardboard\" data-type=\"URL\" data-id=\"https:\/\/en.wikipedia.org\/wiki\/Cardboard\" target=\"_blank\" rel=\"noopener\">Maszyna do balowania karton\u00f3w<\/a> mo\u017ce by\u0107 odwracana do wy\u0142adunku, popychana torb\u0105 do wy\u0142adunku, lub r\u0119cznie wy\u0142adowywana. Te trzy formy wy\u0142adunku mog\u0105 by\u0107 dostosowane. Rozmiar zapakowanej makulatury r\u00f3wnie\u017c mo\u017ce by\u0107 dostosowany.<\/p>    <h2 class=\"wp-block-heading\">Parametry maszyny do balowania karton\u00f3w <\/h2>   <div class=\"wp-block-image\"> <figure class=\"aligncenter size-full\"><img loading=\"lazy\" decoding=\"async\" width=\"720\" height=\"540\" src=\"https:\/\/shuliybaler.com\/wp-content\/uploads\/2022\/10\/cardboard-baling-machine-1.webp\" alt=\"Maszyna do balowania karton\u00f3w\" class=\"wp-image-2889\" title=\"\" srcset=\"https:\/\/shuliybaler.com\/wp-content\/uploads\/2022\/10\/cardboard-baling-machine-1.webp 720w, https:\/\/shuliybaler.com\/wp-content\/uploads\/2022\/10\/cardboard-baling-machine-1-360x270.webp 360w, https:\/\/shuliybaler.com\/wp-content\/uploads\/2022\/10\/cardboard-baling-machine-1-180x135.webp 180w\" sizes=\"auto, (max-width: 720px) 100vw, 720px\" \/><figcaption class=\"wp-element-caption\">Maszyna do balowania karton\u00f3w<\/figcaption><\/figure> <\/div>   <figure class=\"wp-block-table\"><table><tbody><tr><td>Model<\/td><td>SL-DB-100<\/td><td>SL-DB-160<\/td><td>SL-DB-180<\/td><td>SL-DB-200<\/td><\/tr><tr><td>Ci\u015bnienie<\/td><td>1000KN<\/td><td>1600 KN<\/td><td>1800 KN<\/td><td>2000 KN<\/td><\/tr><tr><td>G\u0142\u00f3wna moc<\/td><td>22KW 1.5KW 4kw<\/td><td>37KW 1.5KW 4kw<\/td><td>45KW 3KW 5kw<\/td><td>55KW 13KW 5.5kw<\/td><\/tr><tr><td>Ilo\u015b\u0107 drut\u00f3w do prasowania<\/td><td>4\/5<\/td><td>4\/5<\/td><td>5<\/td><td>5<\/td><\/tr><tr><td>Rozmiar bel<\/td><td>W1150mm*H1050mm*L (regulowany)<\/td><td>W1150mm*H1250mm*L (regulowany)<\/td><td>W1150mm*H1350mm*L (regulowany)<\/td><td>W1150mm*H1450mm*L (regulowany)<\/td><\/tr><tr><td>Drut<\/td><td>Drut wy\u017carzony 3mm (12#) lub plastikowy drut<\/td><td>Drut wy\u017carzony 3mm (12#) lub plastikowy drut<\/td><td>Drut wy\u017carzony 3mm (12#) lub plastikowy drut<\/td><td>Drut wy\u017carzony 3mm (12#) lub plastikowy drut<\/td><\/tr><tr><td>Napi\u0119cie<\/td><td>380V\/50HZ<\/td><td>380V\/50HZ<\/td><td>380V\/50HZ<\/td><td>380V\/50HZ<\/td><\/tr><tr><td>Metoda wi\u0105zania<\/td><td>Manual\/automatyczna<\/td><td>Manual\/automatyczna<\/td><td>Manual\/automatyczna<\/td><td>Manual\/automatyczna<\/td><\/tr><tr><td>Pojemno\u015b\u0107<\/td><td>6-8 bel\/ godz.<\/td><td>6-8 bel\/ godz.<\/td><td>6-8 bel\/ godz.<\/td><td>6-8 bel\/ godz.<\/td><\/tr><tr><td>Waga belki<\/td><td>500-1000kg<\/td><td>1000-1300kg<\/td><td>1000-1300kg<\/td><td>1000-1300kg&nbsp;<\/td><\/tr><tr><td>Rozmiar przeno\u015bnika<\/td><td>6530*1400*3200mm<\/td><td>7113*1555*3360mm<\/td><td>7800*1655*3360mm<\/td><td>8200*1700*3360mm<\/td><\/tr><tr><td>Metoda operacji<\/td><td>Manual\/PLC<\/td><td>Manual\/PLC<\/td><td>Manual\/PLC<\/td><td>Manual\/PLC<\/td><\/tr><\/tbody><\/table><figcaption class=\"wp-element-caption\">Maszyna do balowania karton\u00f3w <\/figcaption><\/figure>    <h2 class=\"wp-block-heading\">Zalety maszyny do balowania makulatury <\/h2>    <figure class=\"wp-block-gallery has-nested-images columns-default is-cropped wp-block-gallery-5 is-layout-flex wp-block-gallery-is-layout-flex\"> <figure class=\"wp-block-image size-large\"><img loading=\"lazy\" decoding=\"async\" width=\"720\" height=\"540\" data-id=\"2890\" src=\"https:\/\/shuliybaler.com\/wp-content\/uploads\/2022\/10\/cardboard-baling-machine-shipping.webp\" alt=\"Maszyna do balowania karton\u00f3w\" class=\"wp-image-2890\" title=\"\" srcset=\"https:\/\/shuliybaler.com\/wp-content\/uploads\/2022\/10\/cardboard-baling-machine-shipping.webp 720w, https:\/\/shuliybaler.com\/wp-content\/uploads\/2022\/10\/cardboard-baling-machine-shipping-360x270.webp 360w, https:\/\/shuliybaler.com\/wp-content\/uploads\/2022\/10\/cardboard-baling-machine-shipping-180x135.webp 180w\" sizes=\"auto, (max-width: 720px) 100vw, 720px\" \/><figcaption class=\"wp-element-caption\">Maszyna do balowania karton\u00f3w<\/figcaption><\/figure>    <figure class=\"wp-block-image size-large\"><img loading=\"lazy\" decoding=\"async\" width=\"720\" height=\"540\" data-id=\"2892\" src=\"https:\/\/shuliybaler.com\/wp-content\/uploads\/2022\/10\/cardboard-baling-machine-export.webp\" alt=\"Eksport maszyny do balotowania karton\u00f3w\" class=\"wp-image-2892\" title=\"\" srcset=\"https:\/\/shuliybaler.com\/wp-content\/uploads\/2022\/10\/cardboard-baling-machine-export.webp 720w, https:\/\/shuliybaler.com\/wp-content\/uploads\/2022\/10\/cardboard-baling-machine-export-360x270.webp 360w, https:\/\/shuliybaler.com\/wp-content\/uploads\/2022\/10\/cardboard-baling-machine-export-180x135.webp 180w\" sizes=\"auto, (max-width: 720px) 100vw, 720px\" \/><figcaption class=\"wp-element-caption\">Eksport maszyny do balowania karton\u00f3w<\/figcaption><\/figure> <\/figure>    <p>1. Maszyna do balowania karton\u00f3w opiera si\u0119 na hydraulice, ma zwart\u0105 konstrukcj\u0119, wygodn\u0105 instalacj\u0119, prost\u0105 obs\u0142ug\u0119, \u0142atw\u0105 konserwacj\u0119 i dobr\u0105 szczelno\u015b\u0107.<\/p>    <p>2. Niskoszumowa hydraulika, aby unikn\u0105\u0107 problem\u00f3w z ha\u0142asem,<\/p>    <p>3. Pr\u0119dko\u015b\u0107 mo\u017ce by\u0107 regulowana, a tempo pakowania maszyny mo\u017cna r\u0119cznie kontrolowa\u0107.<\/p>    <p>4. Zasada hydrauliczna, materia\u0142 jest sprasowywany z du\u017c\u0105 pr\u0119dko\u015bci\u0105 przez spr\u0119\u017canie, co sprzyja zmniejszeniu przestrzeni magazynowej materia\u0142u.<\/p>    <h2 class=\"wp-block-heading\">Wideo o poziomej maszynie do balowania makulatury<\/h2>    <figure class=\"wp-block-embed is-type-video is-provider-youtube wp-block-embed-youtube wp-embed-aspect-16-9 wp-has-aspect-ratio\"><div class=\"wp-block-embed__wrapper\"> <iframe loading=\"lazy\" title=\"Sprzedam maszyn\u0119 do recyklingu karton\u00f3w | pozioma maszyna do balowania makulatury\" width=\"500\" height=\"281\" src=\"https:\/\/www.youtube.com\/embed\/upwnSm5wzR0?feature=oembed\" frameborder=\"0\" allow=\"accelerometer; autoplay; clipboard-write; encrypted-media; gyroscope; picture-in-picture; web-share\" referrerpolicy=\"strict-origin-when-cross-origin\" allowfullscreen><\/iframe> <\/div><\/figure>","protected":false},"excerpt":{"rendered":"<p>A waste paper baler machine is a machine used to recycle and pack waste paper. Through the compression and molding of the machine, the waste paper can reduce the gap and form a uniform size waste paper bag, which can be stored in the warehouse. There are two types of cardboard baling machines, one is [&hellip;]<\/p>\n","protected":false},"author":1,"featured_media":2877,"parent":0,"template":"","meta":{"product_tpl_data":{"subtitle":"","param_summary":"","model_summary_title":"","model_summary":"","model_series":[],"finished_product_title":"","raw_materials_title":"","process_title":"","endsummary":""},"product_extra_property":[],"product_extra_image":""},"tags":[],"product-type":[48],"class_list":["post-2876","product","type-product","status-publish","has-post-thumbnail","hentry","product-type-solution"],"light_meta":{"rank_math_seo_score":"85","product_tpl_data":{"subtitle":"","param_summary":"","model_summary_title":"","model_summary":"","model_series":"","finished_product_title":"","raw_materials_title":"","process_title":"","endsummary":""},"rank_math_focus_keyword":"Waste paper baler machine","rank_math_title":"Waste paper baler machine","rank_math_description":"A waste paper baler machine can pack hard materials such as metal and scrap iron and can pack lighter materials such as plastic bottles, cans, straws, waste paper, clothes, cotton, etc., so this is a multi-functional packer.","rank_math_analytic_object_id":"48","litespeed_vpi_list":["cropped-cropped-cropped-shuliylogo-1.png"],"rank_math_og_content_image":{"check":"8e054090b97b05597fb55fa98db146fb","images":[2878,2879,2880,2881,2882,2883,2884,2886,2887,2888,2885,2889,2890,2892]},"_oembed_005785d67d55b624985df59c0e866f70":"<iframe title=\"Waste cardboard recycling baler machine for sale | horizontal baler for baling waste paper\" width=\"500\" height=\"281\" src=\"https:\/\/www.youtube.com\/embed\/upwnSm5wzR0?feature=oembed\" frameborder=\"0\" allow=\"accelerometer; autoplay; clipboard-write; encrypted-media; gyroscope; picture-in-picture; web-share\" allowfullscreen><\/iframe>","_oembed_time_005785d67d55b624985df59c0e866f70":"1679477351","rank_math_schema_VideoObject":{"@type":"VideoObject","metadata":{"title":"Video","type":"template","shortcode":"s-641aca668b3a1","isPrimary":true,"reviewLocationShortcode":"[rank_math_rich_snippet]","category":"%categories%","tags":"%tags%","isAutoGenerated":true},"name":"Sprzedam maszyn\u0119 do recyklingu karton\u00f3w | pozioma maszyna do balowania makulatury","description":"#recyklingkarton\u00f3w#balerpapierowy#balerkarton\u00f3whttps:\/\/shuliybaler.com\/product\/waste-paper-baler-machine\/WhatsApp\/Tel:  86 17329325832Email:info@shuliybaler.comTh...","uploadDate":"2023-03-22","thumbnailUrl":"https:\/\/shuliybaler.com\/wp-content\/uploads\/2023\/03\/waste-cardboard-recycling-baler-.jpg","embedUrl":"https:\/\/www.youtube.com\/embed\/upwnSm5wzR0","contentUrl":"","duration":"PT1M6S","width":"1280","height":"720","isFamilyFriendly":true},"_trp_automatically_translated_slug_es_ES":"maquina-empacadora-de-papel-usado","_trp_automatically_translated_slug_fr_FR":"presse-a-vieux-papiers","_trp_automatically_translated_slug_zh_CN":"\u5e9f\u7eb8\u6253\u5305\u673a","_oembed_80ed551994b86eb2ae7db1c99245b9a7":"<iframe title=\"Waste cardboard recycling baler machine for sale | horizontal baler for baling waste paper\" width=\"500\" height=\"281\" src=\"https:\/\/www.youtube.com\/embed\/upwnSm5wzR0?feature=oembed\" frameborder=\"0\" allow=\"accelerometer; autoplay; clipboard-write; encrypted-media; gyroscope; picture-in-picture; web-share\" referrerpolicy=\"strict-origin-when-cross-origin\" allowfullscreen><\/iframe>","_oembed_time_80ed551994b86eb2ae7db1c99245b9a7":"1712640170","rank_math_internal_links_processed":"1"},"seo_meta":{"title":"Maszyna do balowania makulatury","description":"Maszyna do balowania makulatury mo\u017ce pakowa\u0107 twarde materia\u0142y, takie jak metal i z\u0142om \u017celaza, oraz l\u017cejsze materia\u0142y, takie jak butelki plastikowe, puszki, s\u0142omki, makulatura, ubrania, bawe\u0142na itp., wi\u0119c jest to wielofunkcyjny pakowacz.","focusKeyword":"Waste paper baler machine","canonicalUrl":"https:\/\/shuliybaler.com\/pl\/product\/waste-paper-baler-machine\/","robots":["index","follow"],"ogTitle":"Waste paper baler machine","ogDescription":"A waste paper baler machine can pack hard materials such as metal and scrap iron and can pack lighter materials such as plastic bottles, cans, straws, waste paper, clothes, cotton, etc., so this is a multi-functional packer.","ogImage":"https:\/\/shuliybaler.com\/wp-content\/uploads\/2022\/10\/Waste-paper-baler-machine.webp","twitterTitle":"Waste paper baler machine","twitterDescription":"A waste paper baler machine can pack hard materials such as metal and scrap iron and can pack lighter materials such as plastic bottles, cans, straws, waste paper, clothes, cotton, etc., so this is a multi-functional packer.","twitterImage":"https:\/\/shuliybaler.com\/wp-content\/uploads\/2022\/10\/Waste-paper-baler-machine.webp","primaryCategory":0,"seoScore":85,"schemas":{"VideoObject":{"type":"VideoObject","data":{"@type":"VideoObject","metadata":{"title":"Video","type":"template","shortcode":"s-641aca668b3a1","isPrimary":true,"reviewLocationShortcode":"[rank_math_rich_snippet]","category":"%categories%","tags":"%tags%","isAutoGenerated":true},"name":"Sprzedam maszyn\u0119 do recyklingu karton\u00f3w | pozioma maszyna do balowania makulatury","description":"#recyklingkarton\u00f3w#balerpapierowy#balerkarton\u00f3whttps:\/\/shuliybaler.com\/product\/waste-paper-baler-machine\/WhatsApp\/Tel:  86 17329325832Email:info@shuliybaler.comTh...","uploadDate":"2023-03-22","thumbnailUrl":"https:\/\/shuliybaler.com\/wp-content\/uploads\/2023\/03\/waste-cardboard-recycling-baler-.jpg","embedUrl":"https:\/\/www.youtube.com\/embed\/upwnSm5wzR0","contentUrl":"","duration":"PT1M6S","width":"1280","height":"720","isFamilyFriendly":true}}},"source":"rank_math"},"_links":{"self":[{"href":"https:\/\/shuliybaler.com\/pl\/wp-json\/wp\/v2\/product\/2876","targetHints":{"allow":["GET"]}}],"collection":[{"href":"https:\/\/shuliybaler.com\/pl\/wp-json\/wp\/v2\/product"}],"about":[{"href":"https:\/\/shuliybaler.com\/pl\/wp-json\/wp\/v2\/types\/product"}],"author":[{"embeddable":true,"href":"https:\/\/shuliybaler.com\/pl\/wp-json\/wp\/v2\/users\/1"}],"wp:featuredmedia":[{"embeddable":true,"href":"https:\/\/shuliybaler.com\/pl\/wp-json\/wp\/v2\/media\/2877"}],"wp:attachment":[{"href":"https:\/\/shuliybaler.com\/pl\/wp-json\/wp\/v2\/media?parent=2876"}],"wp:term":[{"taxonomy":"post_tag","embeddable":true,"href":"https:\/\/shuliybaler.com\/pl\/wp-json\/wp\/v2\/tags?post=2876"},{"taxonomy":"product-type","embeddable":true,"href":"https:\/\/shuliybaler.com\/pl\/wp-json\/wp\/v2\/product-type?post=2876"}],"curies":[{"name":"wp","href":"https:\/\/api.w.org\/{rel}","templated":true}]}}