{"id":2893,"date":"2022-10-13T15:04:44","date_gmt":"2022-10-13T07:04:44","guid":{"rendered":"https:\/\/shuliybaler.com\/?post_type=product&#038;p=2893"},"modified":"2022-10-13T15:05:33","modified_gmt":"2022-10-13T07:05:33","slug":"plastic-bottle-baling-machine","status":"publish","type":"product","link":"https:\/\/shuliybaler.com\/pl\/product\/plastic-bottle-baling-machine\/","title":{"rendered":"Maszyna do balowania butelek plastikowych"},"content":{"rendered":"<p class=\"translation-block\">Maszyna do balowania butelek plastikowych nazywa si\u0119 r\u00f3wnie\u017c maszyn\u0105 hydraulicznego balowania. Maszyna do balowania butelek plastikowych s\u0142u\u017cy do kompresji i pakowania plastikowych butelek na wod\u0119. Dzi\u0119ki kompresji <a href=\"https:\/\/shuliybaler.com\/pl\/product\/scrap-metal-baler\/\" data-type=\"URL\" data-id=\"https:\/\/shuliybaler.com\/product\/scrap-metal-baler\/\">maszyny do balowania butelek plastikowych<\/a>, obj\u0119to\u015b\u0107 butelki plastikowej mo\u017ce zosta\u0107 zmniejszona, co u\u0142atwia transport. Maszyna do balowania butelek plastikowych mo\u017ce r\u00f3wnie\u017c <a href=\"https:\/\/shuliybaler.com\/pl\/product\/aluminum-can-baler\/\" data-type=\"URL\" data-id=\"https:\/\/shuliybaler.com\/product\/aluminum-can-baler\/\">pakowa\u0107 puszki<\/a>, odpady kartonowe, bawe\u0142n\u0119, <a href=\"https:\/\/shuliybaler.com\/pl\/product\/metal-baler\/\" data-type=\"URL\" data-id=\"https:\/\/shuliybaler.com\/product\/metal-baler\/\">metal z\u0142omowy<\/a> itp., szeroko stosowana, g\u0142\u00f3wnie w celu zmniejszenia przestrzeni magazynowej. Jest wygodna w recyklingu wt\u00f3rnym.<\/p>   <div class=\"wp-block-image\"> <figure class=\"aligncenter size-full\"><img loading=\"lazy\" decoding=\"async\" width=\"720\" height=\"540\" src=\"https:\/\/shuliybaler.com\/wp-content\/uploads\/2022\/10\/raw-material-Plastic-bottle-baling-machine.webp\" alt=\"surowiec Maszyna do balowania butelek plastikowych\" class=\"wp-image-2896\" title=\"\" srcset=\"https:\/\/shuliybaler.com\/wp-content\/uploads\/2022\/10\/raw-material-Plastic-bottle-baling-machine.webp 720w, https:\/\/shuliybaler.com\/wp-content\/uploads\/2022\/10\/raw-material-Plastic-bottle-baling-machine-360x270.webp 360w, https:\/\/shuliybaler.com\/wp-content\/uploads\/2022\/10\/raw-material-Plastic-bottle-baling-machine-180x135.webp 180w\" sizes=\"auto, (max-width: 720px) 100vw, 720px\" \/><figcaption>surowiec Maszyna do balowania butelek plastikowych<\/figcaption><\/figure> <\/div>   <h2 class=\"wp-block-heading\">Struktura maszyny do balowania butelek plastikowych<\/h2>   <div class=\"wp-block-image\"> <figure class=\"aligncenter size-full\"><img loading=\"lazy\" decoding=\"async\" width=\"720\" height=\"540\" src=\"https:\/\/shuliybaler.com\/wp-content\/uploads\/2022\/10\/Plastic-bottle-baling-machine-1.webp\" alt=\"Maszyna do balowania butelek plastikowych\" class=\"wp-image-2895\" title=\"\" srcset=\"https:\/\/shuliybaler.com\/wp-content\/uploads\/2022\/10\/Plastic-bottle-baling-machine-1.webp 720w, https:\/\/shuliybaler.com\/wp-content\/uploads\/2022\/10\/Plastic-bottle-baling-machine-1-360x270.webp 360w, https:\/\/shuliybaler.com\/wp-content\/uploads\/2022\/10\/Plastic-bottle-baling-machine-1-180x135.webp 180w\" sizes=\"auto, (max-width: 720px) 100vw, 720px\" \/><figcaption>Maszyna do balowania butelek plastikowych<\/figcaption><\/figure> <\/div>   <p class=\"translation-block\">G\u0142\u00f3wne komponenty g\u0142\u00f3wnego silnika <a href=\"https:\/\/en.wikipedia.org\/wiki\/Plastic_bottle\" data-type=\"URL\" data-id=\"https:\/\/en.wikipedia.org\/wiki\/Plastic_bottle\" target=\"_blank\" rel=\"noopener\">butelki plastikowej<\/a>, obejmuj\u0105 g\u0142\u00f3wn\u0105 ram\u0119, system hydrauliczny, system sterowania elektrycznego i system za\u0142adunku. G\u0142\u00f3wna rama jest wykonana z wysokiej jako\u015bci stalowych p\u0142yt, wzmocniona i spawana, co zapewnia trwa\u0142o\u015b\u0107. System hydrauliczny sk\u0142ada si\u0119 z kluczowych element\u00f3w, takich jak pompa hydrauliczna, zaw\u00f3r elektromagnetyczny, cylinder olejowy itp. Balownik hydrauliczny charakteryzuje si\u0119 wysokim ci\u015bnieniem, du\u017c\u0105 pr\u0119dko\u015bci\u0105 i niskim poziomem ha\u0142asu. System roz\u0142adunku jest podzielony na r\u00f3\u017cne metody, takie jak pchni\u0119cie boczne, r\u0119czne i pchni\u0119cie do przodu.<\/p>    <h2 class=\"wp-block-heading\">Parametry maszyny do balowania plastiku <\/h2>    <figure class=\"wp-block-gallery has-nested-images columns-2 is-cropped wp-block-gallery-2 is-layout-flex wp-block-gallery-is-layout-flex\"> <figure class=\"wp-block-image size-large\"><img loading=\"lazy\" decoding=\"async\" width=\"720\" height=\"540\" data-id=\"2897\" src=\"https:\/\/shuliybaler.com\/wp-content\/uploads\/2022\/10\/SLSH-120.webp\" alt=\"SLSH-120\" class=\"wp-image-2897\" title=\"\" srcset=\"https:\/\/shuliybaler.com\/wp-content\/uploads\/2022\/10\/SLSH-120.webp 720w, https:\/\/shuliybaler.com\/wp-content\/uploads\/2022\/10\/SLSH-120-360x270.webp 360w, https:\/\/shuliybaler.com\/wp-content\/uploads\/2022\/10\/SLSH-120-180x135.webp 180w\" sizes=\"auto, (max-width: 720px) 100vw, 720px\" \/><figcaption>Slsh-200<\/figcaption><\/figure>    <figure class=\"wp-block-image size-large\"><img loading=\"lazy\" decoding=\"async\" width=\"720\" height=\"540\" data-id=\"2898\" src=\"https:\/\/shuliybaler.com\/wp-content\/uploads\/2022\/10\/SLSH-160.webp\" alt=\"SLSH-160\" class=\"wp-image-2898\" title=\"\" srcset=\"https:\/\/shuliybaler.com\/wp-content\/uploads\/2022\/10\/SLSH-160.webp 720w, https:\/\/shuliybaler.com\/wp-content\/uploads\/2022\/10\/SLSH-160-360x270.webp 360w, https:\/\/shuliybaler.com\/wp-content\/uploads\/2022\/10\/SLSH-160-180x135.webp 180w\" sizes=\"auto, (max-width: 720px) 100vw, 720px\" \/><figcaption>Slsh-160<\/figcaption><\/figure>    <figure class=\"wp-block-image size-large\"><img loading=\"lazy\" decoding=\"async\" width=\"720\" height=\"540\" data-id=\"2899\" src=\"https:\/\/shuliybaler.com\/wp-content\/uploads\/2022\/10\/SLSH-180.webp\" alt=\"SLSH-180\" class=\"wp-image-2899\" title=\"\" srcset=\"https:\/\/shuliybaler.com\/wp-content\/uploads\/2022\/10\/SLSH-180.webp 720w, https:\/\/shuliybaler.com\/wp-content\/uploads\/2022\/10\/SLSH-180-360x270.webp 360w, https:\/\/shuliybaler.com\/wp-content\/uploads\/2022\/10\/SLSH-180-180x135.webp 180w\" sizes=\"auto, (max-width: 720px) 100vw, 720px\" \/><figcaption>Slsh-180<\/figcaption><\/figure>    <figure class=\"wp-block-image size-large\"><img loading=\"lazy\" decoding=\"async\" width=\"720\" height=\"540\" data-id=\"2900\" src=\"https:\/\/shuliybaler.com\/wp-content\/uploads\/2022\/10\/SLSH-200.webp\" alt=\"SLSH-200\" class=\"wp-image-2900\" title=\"\" srcset=\"https:\/\/shuliybaler.com\/wp-content\/uploads\/2022\/10\/SLSH-200.webp 720w, https:\/\/shuliybaler.com\/wp-content\/uploads\/2022\/10\/SLSH-200-360x270.webp 360w, https:\/\/shuliybaler.com\/wp-content\/uploads\/2022\/10\/SLSH-200-180x135.webp 180w\" sizes=\"auto, (max-width: 720px) 100vw, 720px\" \/><figcaption>Slsh-200<\/figcaption><\/figure> <\/figure>    <figure class=\"wp-block-table\"><table><tbody><tr><td>Model<\/td><td>SLSH-120<\/td><td>SLSH-160<\/td><td>SLSH-180<\/td><td>SLSH-200<\/td><\/tr><tr><td>system dynamiczny<\/td><td>system hydrauliczny\u2300245 Podr\u00f3\u017c 2100 mm<\/td><td>system hydrauliczny\u2300280 Podr\u00f3\u017c 2300 mm<\/td><td>system hydrauliczny\u2300280 Podr\u00f3\u017c 2400 mm<\/td><td>system hydrauliczny\u2300280 Podr\u00f3\u017c 2450 mm<\/td><\/tr><tr><td>Moc<\/td><td>22 kW, 3 KM, 380 V<\/td><td>30 kW 4 kW, 3 KM, 380 V<\/td><td>37 kW 4 kW, 3 KM, 380 V<\/td><td>45 kW 4 kW<\/td><\/tr><tr><td>G\u0142\u00f3wny nominalny nacisk<\/td><td>1200 kN<\/td><td>1600 kN<\/td><td>1800 kN<\/td><td>2000 kN<\/td><\/tr><tr><td>Ci\u015bnienie systemu<\/td><td>28 MPa<\/td><td>31,5 MPa<\/td><td>31,5 MPa<\/td><td>31,5 MPa &nbsp;<\/td><\/tr><tr><td>System sterowania<\/td><td>Automatyczna kontrola PLC<\/td><td>Automatyczna kontrola PLC<\/td><td>Automatyczna kontrola PLC<\/td><td>Automatyczna kontrola PLC<\/td><\/tr><tr><td>Rozmiar za\u0142adunku<\/td><td>1650 mm*1100 mm<\/td><td>1650 mm*1100 mm<\/td><td>2000*1100 mm<\/td><td>2000 mm*1100 mm<\/td><\/tr><tr><td>Rozmiar belki<\/td><td>1100*900 mm<\/td><td>1100 mm*1250 mm<\/td><td>1100*1300 mm<\/td><td>1100 mm*1400 mm<\/td><\/tr><tr><td>G\u0119sto\u015b\u0107 belki<\/td><td>800 kg\/bel, 400-450 kg\/m\u00b3<\/td><td>1200 kg\/bel, 450 kg\/m\u00b3<\/td><td>1300 kg\/bel, 500 kg\/m\u00b3<\/td><td>1400 kg\/bel, 520 kg\/m\u00b3<\/td><\/tr><tr><td>Pojemno\u015b\u0107<\/td><td>4-7 bel\/h<\/td><td>5-8 bel<\/td><td>6-9 bel<\/td><td>8-10 bel<\/td><\/tr><tr><td>wi\u0105zanie<\/td><td>3 szt. r\u0119cznego nawlekania<\/td><td>4-5 szt., r\u0119czne nawlekanie<\/td><td>4-5 szt., r\u0119czne nawlekanie<\/td><td>4-5 szt., r\u0119czne nawlekanie<\/td><\/tr><\/tbody><\/table><figcaption>Zag\u0119szczarka butelek plastikowych<\/figcaption><\/figure>   <div class=\"wp-block-image\"> <figure class=\"aligncenter size-full\"><img loading=\"lazy\" decoding=\"async\" width=\"720\" height=\"540\" src=\"https:\/\/shuliybaler.com\/wp-content\/uploads\/2022\/10\/Plastic-bottle-baling-machine-2.webp\" alt=\"Maszyna do balowania butelek plastikowych\" class=\"wp-image-2901\" title=\"\" srcset=\"https:\/\/shuliybaler.com\/wp-content\/uploads\/2022\/10\/Plastic-bottle-baling-machine-2.webp 720w, https:\/\/shuliybaler.com\/wp-content\/uploads\/2022\/10\/Plastic-bottle-baling-machine-2-360x270.webp 360w, https:\/\/shuliybaler.com\/wp-content\/uploads\/2022\/10\/Plastic-bottle-baling-machine-2-180x135.webp 180w\" sizes=\"auto, (max-width: 720px) 100vw, 720px\" \/><figcaption>Maszyna do balowania butelek plastikowych<\/figcaption><\/figure> <\/div>   <h2 class=\"wp-block-heading\">Maszyna do balowania butelek plastikowych eksportowana do Ugandy<\/h2>   <div class=\"wp-block-image\"> <figure class=\"aligncenter size-full\"><img loading=\"lazy\" decoding=\"async\" width=\"720\" height=\"540\" src=\"https:\/\/shuliybaler.com\/wp-content\/uploads\/2022\/10\/Plastic-bottle-baling-machine-3.webp\" alt=\"Maszyna do balowania butelek plastikowych\" class=\"wp-image-2902\" title=\"\" srcset=\"https:\/\/shuliybaler.com\/wp-content\/uploads\/2022\/10\/Plastic-bottle-baling-machine-3.webp 720w, https:\/\/shuliybaler.com\/wp-content\/uploads\/2022\/10\/Plastic-bottle-baling-machine-3-360x270.webp 360w, https:\/\/shuliybaler.com\/wp-content\/uploads\/2022\/10\/Plastic-bottle-baling-machine-3-180x135.webp 180w\" sizes=\"auto, (max-width: 720px) 100vw, 720px\" \/><figcaption>Maszyna do balowania butelek plastikowych<\/figcaption><\/figure> <\/div>   <p>Wyeksportowali\u015bmy maszyn\u0119 do balowania butelek plastikowych modelu 200 do Ugandy. Klient dzia\u0142a w bran\u017cy recyklingu. Klient potrzebuje pakowa\u0107 z\u0142om metalowy i plastikowe butelki. Dlatego, aby by\u0142a odpowiednia dla obu produkt\u00f3w, klient wybra\u0142 najwi\u0119kszy typ maszyny do balowania butelek plastikowych. To pozwala na pakowanie dw\u00f3ch produkt\u00f3w. Po testach klienta okaza\u0142o si\u0119, \u017ce efekt pakowania jest bardzo dobry, szczeg\u00f3lnie po skompresowaniu butelki plastikowej, co oszcz\u0119dza du\u017co miejsca.<\/p>","protected":false},"excerpt":{"rendered":"<p>Prasa do balotowania butelek plastikowych nazywana jest r\u00f3wnie\u017c hydrauliczn\u0105 pras\u0105 do balotowania. Prasa do balotowania butelek plastikowych to maszyna s\u0142u\u017c\u0105ca do kompresji i pakowania plastikowych butelek na wod\u0119. Dzi\u0119ki sprasowaniu prasy do balotowania butelek plastikowych, obj\u0119to\u015b\u0107 butelki mo\u017ce zosta\u0107 zmniejszona, co u\u0142atwia transport. Prasa do balotowania butelek plastikowych mo\u017ce r\u00f3wnie\u017c pakowa\u0107 puszki, odpady kartonowe, bawe\u0142n\u0119, z\u0142om metalowy itp., szeroko stosowana, g\u0142\u00f3wnie w celu zmniejszenia przestrzeni magazynowej. Jest wygodna do recyklingu wt\u00f3rnego.<\/p>","protected":false},"author":1,"featured_media":2894,"parent":0,"template":"","tags":[51],"product-type":[48],"class_list":["post-2893","product","type-product","status-publish","has-post-thumbnail","hentry","tag-baler-machine","product-type-solution"],"_links":{"self":[{"href":"https:\/\/shuliybaler.com\/pl\/wp-json\/wp\/v2\/product\/2893","targetHints":{"allow":["GET"]}}],"collection":[{"href":"https:\/\/shuliybaler.com\/pl\/wp-json\/wp\/v2\/product"}],"about":[{"href":"https:\/\/shuliybaler.com\/pl\/wp-json\/wp\/v2\/types\/product"}],"author":[{"embeddable":true,"href":"https:\/\/shuliybaler.com\/pl\/wp-json\/wp\/v2\/users\/1"}],"wp:featuredmedia":[{"embeddable":true,"href":"https:\/\/shuliybaler.com\/pl\/wp-json\/wp\/v2\/media\/2894"}],"wp:attachment":[{"href":"https:\/\/shuliybaler.com\/pl\/wp-json\/wp\/v2\/media?parent=2893"}],"wp:term":[{"taxonomy":"post_tag","embeddable":true,"href":"https:\/\/shuliybaler.com\/pl\/wp-json\/wp\/v2\/tags?post=2893"},{"taxonomy":"product-type","embeddable":true,"href":"https:\/\/shuliybaler.com\/pl\/wp-json\/wp\/v2\/product-type?post=2893"}],"curies":[{"name":"wp","href":"https:\/\/api.w.org\/{rel}","templated":true}]}}