{"id":2904,"date":"2022-10-19T16:35:05","date_gmt":"2022-10-19T08:35:05","guid":{"rendered":"https:\/\/shuliybaler.com\/?post_type=product&#038;p=2904"},"modified":"2023-02-28T16:04:04","modified_gmt":"2023-02-28T08:04:04","slug":"plastic-bottle-baler-machine","status":"publish","type":"product","link":"https:\/\/shuliybaler.com\/pl\/product\/plastic-bottle-baler-machine-plastic-bottle-packing-machine\/","title":{"rendered":"Maszyna do prasowania butelek plastikowych | Maszyna do pakowania butelek plastikowych"},"content":{"rendered":"<p class=\"translation-block\">Maszyna do prasowania butelek plastikowych jest specjalnym urz\u0105dzeniem do butelek plastikowych. Poprzez spr\u0119\u017canie <a href=\"https:\/\/www.google.com\/search?q=waste plastic bottle&amp;sxsrf=ALiCzsZDD9uj538vXpp1bTkcyeTWwADRLg:1669878238699&amp;source=lnms&amp;tbm=isch&amp;sa=X&amp;ved=2ahUKEwi5kPGZ7df7AhVZNEQIHehCDb0Q_AUoAXoECAEQAw&amp;biw=1745&amp;bih=852&amp;dpr=1.1\" data-type=\"URL\" data-id=\"https:\/\/www.google.com\/search?q=waste plastic bottle&amp;sxsrf=ALiCzsZDD9uj538vXpp1bTkcyeTWwADRLg:1669878238699&amp;source=lnms&amp;tbm=isch&amp;sa=X&amp;ved=2ahUKEwi5kPGZ7df7AhVZNEQIHehCDb0Q_AUoAXoECAEQAw&amp;biw=1745&amp;bih=852&amp;dpr=1.1\" target=\"_blank\" rel=\"noopener\">butelek plastikowych<\/a> i wyciskanie luk mi\u0119dzy butelkami plastikowymi, przestrze\u0144 do przechowywania butelek plastikowych mo\u017ce by\u0107 skompresowana, a cechy butelek plastikowych s\u0105 trudne do transportu.<\/p>    <figure class=\"wp-block-image size-full\"><img loading=\"lazy\" decoding=\"async\" width=\"720\" height=\"540\" src=\"https:\/\/shuliybaler.com\/wp-content\/uploads\/2022\/10\/Plastic-bottle-baler-machine-1.webp\" alt=\"Maszyna do balowania butelek plastikowych\" class=\"wp-image-2965\" title=\"\" srcset=\"https:\/\/shuliybaler.com\/wp-content\/uploads\/2022\/10\/Plastic-bottle-baler-machine-1.webp 720w, https:\/\/shuliybaler.com\/wp-content\/uploads\/2022\/10\/Plastic-bottle-baler-machine-1-360x270.webp 360w, https:\/\/shuliybaler.com\/wp-content\/uploads\/2022\/10\/Plastic-bottle-baler-machine-1-180x135.webp 180w\" sizes=\"auto, (max-width: 720px) 100vw, 720px\" \/><figcaption class=\"wp-element-caption\">Maszyna do prasowania butelek plastikowych<\/figcaption><\/figure>    <h2 class=\"wp-block-heading\">Wprowadzenie do poziomej maszyny do pakowania butelek plastikowych<\/h2>    <figure class=\"wp-block-image size-full\"><img loading=\"lazy\" decoding=\"async\" width=\"720\" height=\"540\" src=\"https:\/\/shuliybaler.com\/wp-content\/uploads\/2022\/10\/Plastic-bottle-packing-machine.webp\" alt=\"Maszyna do pakowania butelek plastikowych\" class=\"wp-image-2966\" title=\"\" srcset=\"https:\/\/shuliybaler.com\/wp-content\/uploads\/2022\/10\/Plastic-bottle-packing-machine.webp 720w, https:\/\/shuliybaler.com\/wp-content\/uploads\/2022\/10\/Plastic-bottle-packing-machine-360x270.webp 360w, https:\/\/shuliybaler.com\/wp-content\/uploads\/2022\/10\/Plastic-bottle-packing-machine-180x135.webp 180w\" sizes=\"auto, (max-width: 720px) 100vw, 720px\" \/><figcaption class=\"wp-element-caption\">Maszyna do pakowania butelek plastikowych<\/figcaption><\/figure>    <p class=\"translation-block\">&nbsp;<a href=\"https:\/\/shuliybaler.com\/pl\/product\/scrap-metal-baler\/\" data-type=\"URL\" data-id=\"https:\/\/shuliybaler.com\/product\/scrap-metal-baler\/\">Pozioma prasa do butelek napoj\u00f3w<\/a> nadaje si\u0119 do prasowania butelek cola, puszek, folii plastikowych, odpad\u00f3w papierowych, g\u0105bek, w\u0142\u00f3kien chemicznych i materia\u0142\u00f3w odpadowych. Jest wyposa\u017cona w za\u0142adunek przez ta\u015bm\u0119 przeno\u015bnikow\u0105. Nadaje si\u0119 do przetwarzania oko\u0142o 1-5 ton na godzin\u0119. Mo\u017ce by\u0107 r\u00f3wnie\u017c u\u017cywana jako maszyna samodzielna, zajmuj\u0105c ma\u0142o miejsca, szybki czas pakowania, prost\u0105 obs\u0142ug\u0119, stabiln\u0105 wydajno\u015b\u0107 i niski wska\u017anik awarii.<\/p>    <h2 class=\"wp-block-heading\">Dlaczego butelki plastikowe potrzebuj\u0105 prasy?<\/h2>    <figure class=\"wp-block-gallery has-nested-images columns-default is-cropped wp-block-gallery-2 is-layout-flex wp-block-gallery-is-layout-flex\"> <figure class=\"wp-block-image size-full\"><img loading=\"lazy\" decoding=\"async\" width=\"720\" height=\"540\" data-id=\"2967\" src=\"https:\/\/shuliybaler.com\/wp-content\/uploads\/2022\/10\/Plastic-bottle-packing-machine-1.webp\" alt=\"Maszyna do pakowania butelek plastikowych\" class=\"wp-image-2967\" title=\"\" srcset=\"https:\/\/shuliybaler.com\/wp-content\/uploads\/2022\/10\/Plastic-bottle-packing-machine-1.webp 720w, https:\/\/shuliybaler.com\/wp-content\/uploads\/2022\/10\/Plastic-bottle-packing-machine-1-360x270.webp 360w, https:\/\/shuliybaler.com\/wp-content\/uploads\/2022\/10\/Plastic-bottle-packing-machine-1-180x135.webp 180w\" sizes=\"auto, (max-width: 720px) 100vw, 720px\" \/><figcaption class=\"wp-element-caption\">Maszyna do pakowania butelek plastikowych<\/figcaption><\/figure>    <figure class=\"wp-block-image size-full\"><img loading=\"lazy\" decoding=\"async\" width=\"720\" height=\"540\" data-id=\"2971\" src=\"https:\/\/shuliybaler.com\/wp-content\/uploads\/2022\/10\/plastic-bottle-baling.webp\" alt=\"balowanie butelek plastikowych\" class=\"wp-image-2971\" title=\"\" srcset=\"https:\/\/shuliybaler.com\/wp-content\/uploads\/2022\/10\/plastic-bottle-baling.webp 720w, https:\/\/shuliybaler.com\/wp-content\/uploads\/2022\/10\/plastic-bottle-baling-360x270.webp 360w, https:\/\/shuliybaler.com\/wp-content\/uploads\/2022\/10\/plastic-bottle-baling-180x135.webp 180w\" sizes=\"auto, (max-width: 720px) 100vw, 720px\" \/><figcaption class=\"wp-element-caption\">Prasowanie butelek plastikowych<\/figcaption><\/figure> <\/figure>    <p>Butelki plastikowe mog\u0105 by\u0107 recyklingowane, a z nich mo\u017cna wytwarza\u0107 cz\u0105stki plastikowe. Podczas recyklingu butelek plastikowych, butelki plastikowe s\u0105 puste, mi\u0119dzy butelkami jest du\u017co miejsca, a butelki plastikowe s\u0105 stosunkowo cienkie i trudne do obs\u0142ugi, dlatego maszyny do prasowania butelek plastikowych mog\u0105 by\u0107 przetwarzane. Butelki s\u0105 sprasowane i formowane w bloki butelek plastikowych o tej samej wielko\u015bci, kt\u00f3re mo\u017cna transportowa\u0107 i przechowywa\u0107.<\/p>    <h2 class=\"wp-block-heading\">Dwa rodzaje maszyny do prasowania butelek plastikowych<\/h2>    <figure class=\"wp-block-image size-full\"><img loading=\"lazy\" decoding=\"async\" width=\"720\" height=\"540\" src=\"https:\/\/shuliybaler.com\/wp-content\/uploads\/2022\/10\/plastic-bottle-baler-machine.webp\" alt=\"maszyna do balowania butelek plastikowych\" class=\"wp-image-2968\" title=\"\" srcset=\"https:\/\/shuliybaler.com\/wp-content\/uploads\/2022\/10\/plastic-bottle-baler-machine.webp 720w, https:\/\/shuliybaler.com\/wp-content\/uploads\/2022\/10\/plastic-bottle-baler-machine-360x270.webp 360w, https:\/\/shuliybaler.com\/wp-content\/uploads\/2022\/10\/plastic-bottle-baler-machine-180x135.webp 180w\" sizes=\"auto, (max-width: 720px) 100vw, 720px\" \/><figcaption class=\"wp-element-caption\">Maszyna do prasowania butelek plastikowych<\/figcaption><\/figure>    <p class=\"translation-block\">Obecnie na rynku prasy do butelek plastikowych dziel\u0105 si\u0119 na dwa typy: <a href=\"https:\/\/shuliybaler.com\/pl\/product\/vertical-metal-baler\/\" data-type=\"URL\" data-id=\"https:\/\/shuliybaler.com\/product\/vertical-metal-baler\/\">prasy pionowe<\/a> i <a href=\"https:\/\/shuliybaler.com\/pl\/product\/scrap-metal-baler\/\" data-type=\"URL\" data-id=\"https:\/\/shuliybaler.com\/product\/scrap-metal-baler\/\">prasy poziome<\/a>. Oba typy pras mog\u0105 by\u0107 u\u017cywane do pakowania odpad\u00f3w z butelek plastikowych. R\u00f3\u017cnica polega na wydajno\u015bci pakowania, stopniu automatyzacji i rozmiarze pakietu. W zale\u017cno\u015bci od r\u00f3\u017cnych potrzeb przedsi\u0119biorstw, rodzaje zakup\u00f3w r\u00f3wnie\u017c si\u0119 r\u00f3\u017cni\u0105. Poni\u017cej om\u00f3wimy zastosowanie dw\u00f3ch typ\u00f3w maszyn do prasowania butelek plastikowych.<\/p>    <h2 class=\"wp-block-heading\">Jak u\u017cywa\u0107 poziomej maszyny do prasowania butelek plastikowych?<\/h2>    <figure class=\"wp-block-image size-full\"><img loading=\"lazy\" decoding=\"async\" width=\"720\" height=\"540\" src=\"https:\/\/shuliybaler.com\/wp-content\/uploads\/2022\/10\/plastic-bottle-baler-machine-1.webp\" alt=\"maszyna do balowania butelek plastikowych\" class=\"wp-image-2969\" title=\"\" srcset=\"https:\/\/shuliybaler.com\/wp-content\/uploads\/2022\/10\/plastic-bottle-baler-machine-1.webp 720w, https:\/\/shuliybaler.com\/wp-content\/uploads\/2022\/10\/plastic-bottle-baler-machine-1-360x270.webp 360w, https:\/\/shuliybaler.com\/wp-content\/uploads\/2022\/10\/plastic-bottle-baler-machine-1-180x135.webp 180w\" sizes=\"auto, (max-width: 720px) 100vw, 720px\" \/><figcaption class=\"wp-element-caption\">Maszyna do prasowania butelek plastikowych<\/figcaption><\/figure>    <p>Proces operacyjny jest skomplikowany. Najpierw otw\u00f3rz drzwi wy\u0142adowcze urz\u0105dzenia za pomoc\u0105 urz\u0105dzenia blokuj\u0105cego r\u0119cznego, opr\u00f3\u017cnij komor\u0119 pakuj\u0105c\u0105 i umie\u015b\u0107 na niej materia\u0142 pakuj\u0105cy lub karton. Zamknij drzwi komory spr\u0119\u017cania, jednocze\u015bnie otw\u00f3rz drzwi za\u0142adunkowe i za\u0142aduj materia\u0142 przez drzwi za\u0142adunkowe. Po nape\u0142nieniu materia\u0142u zamknij drzwi za\u0142adunkowe, automatycznie sprasuj przez system elektryczny PLC, kontynuuj za\u0142adunek po spr\u0119\u017ceniu i zmniejszeniu obj\u0119to\u015bci, a nast\u0119pnie powtarzaj powy\u017csze operacje, a\u017c materia\u0142 b\u0119dzie pe\u0142ny. Po formowaniu sprasowanym otw\u00f3rz drzwi komory spr\u0119\u017cania i drzwi za\u0142adunkowe, a nast\u0119pnie nawlecz i nawlecz sprasowan\u0105 butelk\u0119 plastikow\u0105. Po zako\u0144czeniu wykonaj operacj\u0119 wypychania pakietu, aby zako\u0144czy\u0107 wy\u0142adunek.<\/p>    <figure class=\"wp-block-image size-full\"><img loading=\"lazy\" decoding=\"async\" width=\"720\" height=\"540\" src=\"https:\/\/shuliybaler.com\/wp-content\/uploads\/2022\/10\/Plastic-bottle-baler-conveyor-belt.webp\" alt=\"Ta\u015bma przeno\u015bnikowa do prasowania butelek plastikowych\" class=\"wp-image-2972\" title=\"\" srcset=\"https:\/\/shuliybaler.com\/wp-content\/uploads\/2022\/10\/Plastic-bottle-baler-conveyor-belt.webp 720w, https:\/\/shuliybaler.com\/wp-content\/uploads\/2022\/10\/Plastic-bottle-baler-conveyor-belt-360x270.webp 360w, https:\/\/shuliybaler.com\/wp-content\/uploads\/2022\/10\/Plastic-bottle-baler-conveyor-belt-180x135.webp 180w\" sizes=\"auto, (max-width: 720px) 100vw, 720px\" \/><figcaption class=\"wp-element-caption\">Ta\u015bma przeno\u015bnikowa do prasowania butelek plastikowych<\/figcaption><\/figure>    <h2 class=\"wp-block-heading\">Jak u\u017cywa\u0107 poziomej maszyny do prasowania butelek plastikowych?<\/h2>    <figure class=\"wp-block-image size-full\"><img loading=\"lazy\" decoding=\"async\" width=\"720\" height=\"540\" src=\"https:\/\/shuliybaler.com\/wp-content\/uploads\/2022\/10\/horizontal-plastic-bottle-baler.webp\" alt=\"poziome baler do plastikowych butelek\" class=\"wp-image-2970\" title=\"\" srcset=\"https:\/\/shuliybaler.com\/wp-content\/uploads\/2022\/10\/horizontal-plastic-bottle-baler.webp 720w, https:\/\/shuliybaler.com\/wp-content\/uploads\/2022\/10\/horizontal-plastic-bottle-baler-360x270.webp 360w, https:\/\/shuliybaler.com\/wp-content\/uploads\/2022\/10\/horizontal-plastic-bottle-baler-180x135.webp 180w\" sizes=\"auto, (max-width: 720px) 100vw, 720px\" \/><figcaption class=\"wp-element-caption\">Pozioma prasa do butelek plastikowych<\/figcaption><\/figure>    <p>Maszyna do prasowania butelek plastikowych pozioma jest znacznie prostsza w obs\u0142udze. Po sprawdzeniu, \u017ce nie ma nieprawid\u0142owo\u015bci w otwieraniu urz\u0105dzenia, mo\u017cna j\u0105 bezpo\u015brednio za\u0142adowa\u0107 lub za\u0142adowa\u0107 przez przeno\u015bnik do komory spr\u0119\u017cania. Po osi\u0105gni\u0119ciu pozycji przez butelk\u0119 plastikow\u0105, naci\u015bnij przycisk spr\u0119\u017cania, aby sprasowa\u0107 j\u0105 na miejscu. Automatycznie si\u0119 cofn\u0105 i zatrzymaj\u0105. Powtarzaj operacj\u0119 za\u0142adunku i spr\u0119\u017cania, a\u017c osi\u0105gniesz wymagan\u0105 d\u0142ugo\u015b\u0107 pakowania, naci\u015bnij przycisk pakowania, a po osi\u0105gni\u0119ciu pozycji pakowania naci\u015bnij przycisk nawlekania, nawlekanie zostanie automatycznie przeci\u0119te, a nawlekanie zako\u0144czone.<\/p>    <figure class=\"wp-block-embed is-type-video is-provider-youtube wp-block-embed-youtube wp-embed-aspect-16-9 wp-has-aspect-ratio\"><div class=\"wp-block-embed__wrapper\"> <iframe loading=\"lazy\" title=\"Najlepsza prasa do metali eksportowana do Gabonu dwa razy | Prasa do b\u0119bn\u00f3w olejowych maszyna do prasowania butelek plastikowych\" width=\"500\" height=\"281\" src=\"https:\/\/www.youtube.com\/embed\/1WCZwz3QRbs?feature=oembed\" frameborder=\"0\" allow=\"accelerometer; autoplay; clipboard-write; encrypted-media; gyroscope; picture-in-picture; web-share\" referrerpolicy=\"strict-origin-when-cross-origin\" allowfullscreen><\/iframe> <\/div><figcaption class=\"wp-element-caption\">Maszyna do balowania butelek plastikowych<\/figcaption><\/figure>","protected":false},"excerpt":{"rendered":"<p>Maszyna do balowania plastikowych butelek to specjalny sprz\u0119t do butelek plastikowych. Poprzez spr\u0119\u017canie butelek plastikowych i wypychanie szczelin mi\u0119dzy butelkami, miejsce sk\u0142adowania butelek plastikowych mo\u017ce by\u0107 skompresowane, a cechy butelek plastikowych s\u0105 trudne do transportu.<\/p>","protected":false},"author":1,"featured_media":2963,"parent":0,"template":"","tags":[],"product-type":[41],"class_list":["post-2904","product","type-product","status-publish","has-post-thumbnail","hentry","product-type-metal-baler-machine"],"_links":{"self":[{"href":"https:\/\/shuliybaler.com\/pl\/wp-json\/wp\/v2\/product\/2904","targetHints":{"allow":["GET"]}}],"collection":[{"href":"https:\/\/shuliybaler.com\/pl\/wp-json\/wp\/v2\/product"}],"about":[{"href":"https:\/\/shuliybaler.com\/pl\/wp-json\/wp\/v2\/types\/product"}],"author":[{"embeddable":true,"href":"https:\/\/shuliybaler.com\/pl\/wp-json\/wp\/v2\/users\/1"}],"wp:featuredmedia":[{"embeddable":true,"href":"https:\/\/shuliybaler.com\/pl\/wp-json\/wp\/v2\/media\/2963"}],"wp:attachment":[{"href":"https:\/\/shuliybaler.com\/pl\/wp-json\/wp\/v2\/media?parent=2904"}],"wp:term":[{"taxonomy":"post_tag","embeddable":true,"href":"https:\/\/shuliybaler.com\/pl\/wp-json\/wp\/v2\/tags?post=2904"},{"taxonomy":"product-type","embeddable":true,"href":"https:\/\/shuliybaler.com\/pl\/wp-json\/wp\/v2\/product-type?post=2904"}],"curies":[{"name":"wp","href":"https:\/\/api.w.org\/{rel}","templated":true}]}}