{"id":2905,"date":"2022-11-10T14:55:46","date_gmt":"2022-11-10T06:55:46","guid":{"rendered":"https:\/\/shuliybaler.com\/?post_type=product&#038;p=2905"},"modified":"2022-11-17T16:33:36","modified_gmt":"2022-11-17T08:33:36","slug":"scrap-plate-shearing-machine","status":"publish","type":"product","link":"https:\/\/shuliybaler.com\/pl\/product\/scrap-plate-shearing-machine\/","title":{"rendered":"Maszyna do ci\u0119cia blach z\u0142omowych | maszyna do ci\u0119cia z\u0142omu stalowego"},"content":{"rendered":"<p class=\"translation-block\">Krajarz do z\u0142omu blachowego to rodzaj hydraulicznego urz\u0105dzenia tn\u0105cego metal. Wygl\u0105d przypomina g\u0142ow\u0119 tygrysa, dlatego nazywany jest tak\u017ce no\u017cycami o g\u0142owie tygrysa. No\u017cyce o g\u0142owie tygrysa pe\u0142ni\u0105 tak\u0105 sam\u0105 funkcj\u0119 jak <a href=\"https:\/\/shuliybaler.com\/pl\/product\/alligator-shear\/\" data-type=\"URL\" data-id=\"https:\/\/shuliybaler.com\/product\/alligator-shear\/\">no\u017cyce z aligator\u00f3w<\/a> i s\u0105 odpowiednie dla zak\u0142ad\u00f3w recyklingu i przetwarzania metali, z\u0142omowanych samochod\u00f3w, hut i odlewni, a tak\u017ce zimnego ci\u0119cia i ci\u0119cia r\u00f3\u017cnych kszta\u0142t\u00f3w stali i r\u00f3\u017cnych materia\u0142\u00f3w metalowych.<\/p>    <figure class=\"wp-block-image size-full\"><img loading=\"lazy\" decoding=\"async\" width=\"720\" height=\"540\" src=\"https:\/\/shuliybaler.com\/wp-content\/uploads\/2022\/11\/iron-scrap-cutting-machine.webp\" alt=\"maszyna do ci\u0119cia z\u0142omu \u017celaznego\" class=\"wp-image-2908\" title=\"\" srcset=\"https:\/\/shuliybaler.com\/wp-content\/uploads\/2022\/11\/iron-scrap-cutting-machine.webp 720w, https:\/\/shuliybaler.com\/wp-content\/uploads\/2022\/11\/iron-scrap-cutting-machine-360x270.webp 360w, https:\/\/shuliybaler.com\/wp-content\/uploads\/2022\/11\/iron-scrap-cutting-machine-180x135.webp 180w\" sizes=\"auto, (max-width: 720px) 100vw, 720px\" \/><figcaption class=\"wp-element-caption\">Maszyna do ci\u0119cia z\u0142omu \u017celaznego<\/figcaption><\/figure>    <h2 class=\"wp-block-heading\">Zakres zastosowa\u0144 krajarza do z\u0142omu blachowego<\/h2>    <p class=\"translation-block\">Krajarz do z\u0142omu blachowego nadaje si\u0119 do miejsc recyklingu metali do ci\u0119cia metali, co u\u0142atwia recykling i ponowne wykorzystanie; <a href=\"https:\/\/www.youtube.com\/watch?v=GNmdIftq4X8&amp;t=13s\" data-type=\"URL\" data-id=\"https:\/\/www.youtube.com\/watch?v=GNmdIftq4X8&amp;t=13s\" target=\"_blank\" rel=\"noopener\">krajarz do z\u0142omu blachowego <\/a>mo\u017ce by\u0107 r\u00f3wnie\u017c u\u017cywany w zak\u0142adach recyklingu samochod\u00f3w do demonta\u017cu wycofanych pojazd\u00f3w. Maszyny do ci\u0119cia metalu mog\u0105 by\u0107 r\u00f3wnie\u017c u\u017cywane na placach budowy do ci\u0119cia zbroje\u0144 i metalu. Tak wi\u0119c no\u017cyce w kszta\u0142cie tygrysa mog\u0105 s\u0142u\u017cy\u0107 do ci\u0119cia wszelkiego rodzaju twardych metali.<\/p>    <h2 class=\"wp-block-heading\">Zalety krajarza do z\u0142omu blachowego<\/h2>    <figure class=\"wp-block-gallery has-nested-images columns-default is-cropped wp-block-gallery-2 is-layout-flex wp-block-gallery-is-layout-flex\"> <figure class=\"wp-block-image size-large\"><img loading=\"lazy\" decoding=\"async\" width=\"720\" height=\"540\" data-id=\"2909\" src=\"https:\/\/shuliybaler.com\/wp-content\/uploads\/2022\/11\/scrap-plate-shearing-machine.webp\" alt=\"maszyna do ci\u0119cia blachy z\u0142omowej\" class=\"wp-image-2909\" title=\"\" srcset=\"https:\/\/shuliybaler.com\/wp-content\/uploads\/2022\/11\/scrap-plate-shearing-machine.webp 720w, https:\/\/shuliybaler.com\/wp-content\/uploads\/2022\/11\/scrap-plate-shearing-machine-360x270.webp 360w, https:\/\/shuliybaler.com\/wp-content\/uploads\/2022\/11\/scrap-plate-shearing-machine-180x135.webp 180w\" sizes=\"auto, (max-width: 720px) 100vw, 720px\" \/><figcaption class=\"wp-element-caption\">Krajarz do z\u0142omu blachowego<\/figcaption><\/figure>    <figure class=\"wp-block-image size-large\"><img loading=\"lazy\" decoding=\"async\" width=\"720\" height=\"540\" data-id=\"2910\" src=\"https:\/\/shuliybaler.com\/wp-content\/uploads\/2022\/11\/scrap-plate-shearing-machine-1.webp\" alt=\"maszyna do ci\u0119cia blachy z\u0142omowej\" class=\"wp-image-2910\" title=\"\" srcset=\"https:\/\/shuliybaler.com\/wp-content\/uploads\/2022\/11\/scrap-plate-shearing-machine-1.webp 720w, https:\/\/shuliybaler.com\/wp-content\/uploads\/2022\/11\/scrap-plate-shearing-machine-1-360x270.webp 360w, https:\/\/shuliybaler.com\/wp-content\/uploads\/2022\/11\/scrap-plate-shearing-machine-1-180x135.webp 180w\" sizes=\"auto, (max-width: 720px) 100vw, 720px\" \/><figcaption class=\"wp-element-caption\">Krajarz do z\u0142omu blachowego<\/figcaption><\/figure> <\/figure>    <p>1. Ta maszyna do ci\u0119cia z\u0142omu \u017celaza jest g\u0142\u00f3wnie u\u017cywana w przemy\u015ble recyklingu i przetwarzania odpad\u00f3w. Ma\u0142e i \u015brednie hutnie stalowe tn\u0105 na zimno z\u0142om o r\u00f3\u017cnych kszta\u0142tach przekroj\u00f3w, takich jak okr\u0105g\u0142e pr\u0119ty, kwadratowe, k\u0105towniki, k\u0105towniki, I-beam, p\u0142yty stalowe, rury stalowe itp.<\/p>    <p>2. Ta maszyna do ci\u0119cia z\u0142omu \u017celaznego ma funkcje r\u0119cznego i automatycznego trybu pracy. Kontrola operacyjna jest wygodna i prosta, a no\u017cyce mog\u0105 ci\u0105\u0107 i zatrzymywa\u0107 si\u0119 w dowolnym po\u0142o\u017ceniu w trakcie pracy. oraz zgodnie z<\/p>    <p>3. Stosuje nap\u0119d hydrauliczny, co \u0142atwe w obs\u0142udze i konserwacji.<\/p>    <p>W por\u00f3wnaniu z mechaniczn\u0105 pras\u0105 tn\u0105c\u0105, ma zalety ma\u0142ych rozmiar\u00f3w, lekkiej wagi, niskiej bezw\u0142adno\u015bci, niskiego ha\u0142asu, stabilnego dzia\u0142ania, wygodnej obs\u0142ugi, elastyczno\u015bci, du\u017cego zakresu ci\u0119cia, a tak\u017ce wygodnego regulowania no\u017cyc. Operacje s\u0105 bezpieczne, a obs\u0142uga \u0142atwa. Ochrona przed przeci\u0105\u017ceniem.<\/p>    <figure class=\"wp-block-embed is-type-video is-provider-youtube wp-block-embed-youtube wp-embed-aspect-16-9 wp-has-aspect-ratio\"><div class=\"wp-block-embed__wrapper\"> <iframe loading=\"lazy\" title=\"Hydrauliczny krajarz do z\u0142omu blachowego | krajarz do z\u0142omu | maszyna do ci\u0119cia z\u0142omu \u017celaza\" width=\"500\" height=\"281\" src=\"https:\/\/www.youtube.com\/embed\/B3-xPveJGvw?feature=oembed\" frameborder=\"0\" allow=\"accelerometer; autoplay; clipboard-write; encrypted-media; gyroscope; picture-in-picture; web-share\" referrerpolicy=\"strict-origin-when-cross-origin\" allowfullscreen><\/iframe> <\/div><\/figure>    <h2 class=\"wp-block-heading\">Parametry maszyny do ci\u0119cia z\u0142omu blachowego<\/h2>    <figure class=\"wp-block-image size-full\"><img loading=\"lazy\" decoding=\"async\" width=\"720\" height=\"540\" src=\"https:\/\/shuliybaler.com\/wp-content\/uploads\/2022\/11\/hydraulic-metal-shearing-equipment.webp\" alt=\"hydrauliczne urz\u0105dzenie do ci\u0119cia metalu\" class=\"wp-image-2911\" title=\"\" srcset=\"https:\/\/shuliybaler.com\/wp-content\/uploads\/2022\/11\/hydraulic-metal-shearing-equipment.webp 720w, https:\/\/shuliybaler.com\/wp-content\/uploads\/2022\/11\/hydraulic-metal-shearing-equipment-360x270.webp 360w, https:\/\/shuliybaler.com\/wp-content\/uploads\/2022\/11\/hydraulic-metal-shearing-equipment-180x135.webp 180w\" sizes=\"auto, (max-width: 720px) 100vw, 720px\" \/><figcaption class=\"wp-element-caption\">Hydrauliczne urz\u0105dzenie do ci\u0119cia metalu<\/figcaption><\/figure>    <figure class=\"wp-block-table\"><table><tbody><tr><td>Ci\u015bnienie urz\u0105dzenia<\/td><td>2500 kN<\/td><\/tr><tr><td>Ci\u015bnienie systemu<\/td><td>25 MPa<\/td><\/tr><tr><td>Rozmiar ostrza<\/td><td>1000 mm<\/td><\/tr><tr><td>Moc silnika<\/td><td>22 kV<\/td><\/tr><tr><td>Pojemno\u015b\u0107 skrzynki pocztowej<\/td><td>360L<\/td><\/tr><tr><td>Czas ci\u0119cia <\/td><td>4-8<\/td><\/tr><tr><td>Rozmiar maszyny tn\u0105cej<\/td><td>2000*1200*2100<\/td><\/tr><\/tbody><\/table><figcaption class=\"wp-element-caption\">Maszyna do ci\u0119cia blach z\u0142omu<\/figcaption><\/figure>    <h2 class=\"wp-block-heading\">Jak dzia\u0142a krajarz do z\u0142omu blachowego?<\/h2>    <figure class=\"wp-block-gallery has-nested-images columns-default is-cropped wp-block-gallery-3 is-layout-flex wp-block-gallery-is-layout-flex\"> <figure class=\"wp-block-image size-large\"><img loading=\"lazy\" decoding=\"async\" width=\"720\" height=\"540\" data-id=\"2913\" src=\"https:\/\/shuliybaler.com\/wp-content\/uploads\/2022\/11\/hydraulic-metal-shearing-equipment-2.webp\" alt=\"hydrauliczne urz\u0105dzenie do ci\u0119cia metalu\" class=\"wp-image-2913\" title=\"\" srcset=\"https:\/\/shuliybaler.com\/wp-content\/uploads\/2022\/11\/hydraulic-metal-shearing-equipment-2.webp 720w, https:\/\/shuliybaler.com\/wp-content\/uploads\/2022\/11\/hydraulic-metal-shearing-equipment-2-360x270.webp 360w, https:\/\/shuliybaler.com\/wp-content\/uploads\/2022\/11\/hydraulic-metal-shearing-equipment-2-180x135.webp 180w\" sizes=\"auto, (max-width: 720px) 100vw, 720px\" \/><figcaption class=\"wp-element-caption\">Hydrauliczne urz\u0105dzenie do ci\u0119cia metalu<\/figcaption><\/figure>    <figure class=\"wp-block-image size-large\"><img loading=\"lazy\" decoding=\"async\" width=\"720\" height=\"540\" data-id=\"2914\" src=\"https:\/\/shuliybaler.com\/wp-content\/uploads\/2022\/11\/hydraulic-metal-shearing-equipment-3.webp\" alt=\"hydrauliczne urz\u0105dzenie do ci\u0119cia metalu\" class=\"wp-image-2914\" title=\"\" srcset=\"https:\/\/shuliybaler.com\/wp-content\/uploads\/2022\/11\/hydraulic-metal-shearing-equipment-3.webp 720w, https:\/\/shuliybaler.com\/wp-content\/uploads\/2022\/11\/hydraulic-metal-shearing-equipment-3-360x270.webp 360w, https:\/\/shuliybaler.com\/wp-content\/uploads\/2022\/11\/hydraulic-metal-shearing-equipment-3-180x135.webp 180w\" sizes=\"auto, (max-width: 720px) 100vw, 720px\" \/><figcaption class=\"wp-element-caption\">Hydrauliczne urz\u0105dzenie do ci\u0119cia metalu<\/figcaption><\/figure>    <figure class=\"wp-block-image size-large\"><img loading=\"lazy\" decoding=\"async\" width=\"720\" height=\"540\" data-id=\"2915\" src=\"https:\/\/shuliybaler.com\/wp-content\/uploads\/2022\/11\/metal-shearing-equipment.webp\" alt=\"hydrauliczne urz\u0105dzenie do ci\u0119cia metalu\" class=\"wp-image-2915\" title=\"\" srcset=\"https:\/\/shuliybaler.com\/wp-content\/uploads\/2022\/11\/metal-shearing-equipment.webp 720w, https:\/\/shuliybaler.com\/wp-content\/uploads\/2022\/11\/metal-shearing-equipment-360x270.webp 360w, https:\/\/shuliybaler.com\/wp-content\/uploads\/2022\/11\/metal-shearing-equipment-180x135.webp 180w\" sizes=\"auto, (max-width: 720px) 100vw, 720px\" \/><figcaption class=\"wp-element-caption\">Hydrauliczne urz\u0105dzenie do ci\u0119cia metalu<\/figcaption><\/figure>    <figure class=\"wp-block-image size-large\"><img loading=\"lazy\" decoding=\"async\" width=\"720\" height=\"540\" data-id=\"2912\" src=\"https:\/\/shuliybaler.com\/wp-content\/uploads\/2022\/11\/hydraulic-metal-shearing-equipment-1.webp\" alt=\"hydrauliczne urz\u0105dzenie do ci\u0119cia metalu\" class=\"wp-image-2912\" title=\"\" srcset=\"https:\/\/shuliybaler.com\/wp-content\/uploads\/2022\/11\/hydraulic-metal-shearing-equipment-1.webp 720w, https:\/\/shuliybaler.com\/wp-content\/uploads\/2022\/11\/hydraulic-metal-shearing-equipment-1-360x270.webp 360w, https:\/\/shuliybaler.com\/wp-content\/uploads\/2022\/11\/hydraulic-metal-shearing-equipment-1-180x135.webp 180w\" sizes=\"auto, (max-width: 720px) 100vw, 720px\" \/><figcaption class=\"wp-element-caption\">Hydrauliczne urz\u0105dzenie do ci\u0119cia metalu<\/figcaption><\/figure> <\/figure>    <p>W por\u00f3wnaniu z mechanicznym przekazaniem tn\u0105cym, ma zalety: ma\u0142e rozmiary, lekka, niska bezw\u0142adno\u015b\u0107, niski poziom ha\u0142asu, stabilne dzia\u0142anie, wygodna obs\u0142uga, elastyczno\u015b\u0107, du\u017ca d\u0142ugo\u015b\u0107 ci\u0119cia i wygodna regulacja no\u017cyc. Obs\u0142uga jest bezpieczna i \u0142atwa do zastosowania ochrony przed przeci\u0105\u017ceniem.<\/p>","protected":false},"excerpt":{"rendered":"<p>Maszyna do ci\u0119cia blachy z\u0142omowej jest rodzajem hydraulicznego urz\u0105dzenia do ci\u0119cia metalu. Wygl\u0105d przypomina g\u0142ow\u0119 tygrysa, dlatego nazywana jest r\u00f3wnie\u017c no\u017cycami tygrysimi. No\u017cyce tygrysie maj\u0105 t\u0119 sam\u0105 funkcj\u0119 co maszyny do ci\u0119cia stali aligatora i s\u0105 odpowiednie do zak\u0142ad\u00f3w recyklingu i przetwarzania metali, z\u0142omowisk samochodowych, przemys\u0142u przetapiania i odlewania oraz do zimnego ci\u0119cia i ci\u0119cia r\u00f3\u017cnych kszta\u0142t\u00f3w stali i r\u00f3\u017cnych materia\u0142\u00f3w metalowych.<\/p>","protected":false},"author":1,"featured_media":2907,"parent":0,"template":"","tags":[37],"product-type":[43],"class_list":["post-2905","product","type-product","status-publish","has-post-thumbnail","hentry","tag-scrap-metal-shear-machine","product-type-metal-shear"],"_links":{"self":[{"href":"https:\/\/shuliybaler.com\/pl\/wp-json\/wp\/v2\/product\/2905","targetHints":{"allow":["GET"]}}],"collection":[{"href":"https:\/\/shuliybaler.com\/pl\/wp-json\/wp\/v2\/product"}],"about":[{"href":"https:\/\/shuliybaler.com\/pl\/wp-json\/wp\/v2\/types\/product"}],"author":[{"embeddable":true,"href":"https:\/\/shuliybaler.com\/pl\/wp-json\/wp\/v2\/users\/1"}],"wp:featuredmedia":[{"embeddable":true,"href":"https:\/\/shuliybaler.com\/pl\/wp-json\/wp\/v2\/media\/2907"}],"wp:attachment":[{"href":"https:\/\/shuliybaler.com\/pl\/wp-json\/wp\/v2\/media?parent=2905"}],"wp:term":[{"taxonomy":"post_tag","embeddable":true,"href":"https:\/\/shuliybaler.com\/pl\/wp-json\/wp\/v2\/tags?post=2905"},{"taxonomy":"product-type","embeddable":true,"href":"https:\/\/shuliybaler.com\/pl\/wp-json\/wp\/v2\/product-type?post=2905"}],"curies":[{"name":"wp","href":"https:\/\/api.w.org\/{rel}","templated":true}]}}