{"id":2916,"date":"2022-11-16T18:06:03","date_gmt":"2022-11-16T10:06:03","guid":{"rendered":"https:\/\/shuliybaler.com\/?post_type=product&#038;p=2916"},"modified":"2022-12-13T11:34:27","modified_gmt":"2022-12-13T03:34:27","slug":"steel-drum-shredder","status":"publish","type":"product","link":"https:\/\/shuliybaler.com\/pl\/product\/steel-drum-shredder\/","title":{"rendered":"Rozdrabniacz stalowych b\u0119bn\u00f3w | kruszarka stalowych beczek"},"content":{"rendered":"<p class=\"translation-block\">Rozdrabniacz b\u0119bn\u00f3w stalowych nazywany jest r\u00f3wnie\u017c rozdrabniaczem dwuszcz\u0119kowymi. Ten  rozdrabniacz stalowych beczek  mo\u017ce rozdrabnia\u0107 opony, metale, z\u0142om stalowy, z\u0142om samochodowy itp. Rozdrabniacz stalowych beczek tnie, rozdrabnia, wyciska itp. Zmniejsza rozmiar. Rozdrabniacz \u017celiwnych beczek jest bardzo wa\u017cn\u0105 maszyn\u0105 w urz\u0105dzeniach recyklingu ochrony \u015brodowiska. No\u017ce maszyny maj\u0105 wysok\u0105 twardo\u015b\u0107, szerokie zastosowanie i niskie ha\u0142asy. Niskie zu\u017cycie energii.<\/p>    <figure class=\"wp-block-image size-full\"><img loading=\"lazy\" decoding=\"async\" width=\"720\" height=\"540\" src=\"https:\/\/shuliybaler.com\/wp-content\/uploads\/2022\/11\/steel-drum-shredder-1.jpg\" alt=\"Rozdrabniacz b\u0119bn\u00f3w stalowych\" class=\"wp-image-2922\" title=\"\" srcset=\"https:\/\/shuliybaler.com\/wp-content\/uploads\/2022\/11\/steel-drum-shredder-1.jpg 720w, https:\/\/shuliybaler.com\/wp-content\/uploads\/2022\/11\/steel-drum-shredder-1-360x270.jpg 360w, https:\/\/shuliybaler.com\/wp-content\/uploads\/2022\/11\/steel-drum-shredder-1-180x135.jpg 180w\" sizes=\"auto, (max-width: 720px) 100vw, 720px\" \/><figcaption class=\"wp-element-caption\">Rozdrabniacz stalowych beczek<\/figcaption><\/figure>    <h2 class=\"wp-block-heading\">Zakres zastosowania rozdrabniacza b\u0119bn\u00f3w stalowych<\/h2>    <figure class=\"wp-block-image size-full\"><img loading=\"lazy\" decoding=\"async\" width=\"720\" height=\"540\" src=\"https:\/\/shuliybaler.com\/wp-content\/uploads\/2022\/11\/application-of-steel-drum-shredder.jpg\" alt=\"Zastosowanie rozdrabniacza stalowych beczek\" class=\"wp-image-2923\" title=\"\" srcset=\"https:\/\/shuliybaler.com\/wp-content\/uploads\/2022\/11\/application-of-steel-drum-shredder.jpg 720w, https:\/\/shuliybaler.com\/wp-content\/uploads\/2022\/11\/application-of-steel-drum-shredder-360x270.jpg 360w, https:\/\/shuliybaler.com\/wp-content\/uploads\/2022\/11\/application-of-steel-drum-shredder-180x135.jpg 180w\" sizes=\"auto, (max-width: 720px) 100vw, 720px\" \/><figcaption class=\"wp-element-caption\">Zastosowanie rozdrabniacza b\u0119bn\u00f3w stalowych<\/figcaption><\/figure>    <p class=\"translation-block\"><strong>Metale<\/strong>: puszki, metalowe puszki, rowery \u017celazne, karoserie samochodowe<\/p>    <p class=\"translation-block\"><strong>Drewno<\/strong>: odpady mebli, ga\u0142\u0119zie, pnie, odpadki drewniane, palety drewniane, drewno lite,<\/p>    <p>Guma: u\u017cywane opony, ta\u015bmy, przemys\u0142 w\u0119\u017cy, produkty gumowe,<\/p>    <p>Tworzywa sztuczne, folie plastikowe, torby plastikowe, worki tkane, butelki plastikowe,<\/p>    <p>Typ rury: rura plastikowa, rura PE, rura aluminiowa metalowa,<\/p>    <figure class=\"wp-block-image size-full\"><img loading=\"lazy\" decoding=\"async\" width=\"720\" height=\"540\" src=\"https:\/\/shuliybaler.com\/wp-content\/uploads\/2022\/11\/steel-barrels-crusher.jpg\" alt=\"Rozdrabniacz stalowych beczek\" class=\"wp-image-2925\" title=\"\" srcset=\"https:\/\/shuliybaler.com\/wp-content\/uploads\/2022\/11\/steel-barrels-crusher.jpg 720w, https:\/\/shuliybaler.com\/wp-content\/uploads\/2022\/11\/steel-barrels-crusher-360x270.jpg 360w, https:\/\/shuliybaler.com\/wp-content\/uploads\/2022\/11\/steel-barrels-crusher-180x135.jpg 180w\" sizes=\"auto, (max-width: 720px) 100vw, 720px\" \/><figcaption class=\"wp-element-caption\">Rozdrabniacz stalowych beczek<\/figcaption><\/figure>    <p>Pakowanie: worki tkane, torby plastikowe, odbi\u00f3r odpad\u00f3w,<\/p>    <p>Elektronika: p\u0142yty obwod\u00f3w lod\u00f3wek, obudowy laptop\u00f3w, obudowy telewizor\u00f3w<\/p>    <p>Papier: stare ksi\u0105\u017cki i gazety, magazyny, papier do kopiowania,<\/p>    <p>Mi\u0119so: ko\u015bci wieprzowe, wywar wo\u0142owy,<\/p>    <p>Szk\u0142o: \u015bwietl\u00f3wki, kubki szklane, butelki szklane<\/p>    <h2 class=\"wp-block-heading\">Rola rozdrabniacza b\u0119bn\u00f3w stalowych<\/h2>    <figure class=\"wp-block-image size-full\"><img loading=\"lazy\" decoding=\"async\" width=\"720\" height=\"540\" src=\"https:\/\/shuliybaler.com\/wp-content\/uploads\/2022\/11\/steel-drum-shredder-2.jpg\" alt=\"Rozdrabniacz b\u0119bn\u00f3w stalowych\" class=\"wp-image-2924\" title=\"\" srcset=\"https:\/\/shuliybaler.com\/wp-content\/uploads\/2022\/11\/steel-drum-shredder-2.jpg 720w, https:\/\/shuliybaler.com\/wp-content\/uploads\/2022\/11\/steel-drum-shredder-2-360x270.jpg 360w, https:\/\/shuliybaler.com\/wp-content\/uploads\/2022\/11\/steel-drum-shredder-2-180x135.jpg 180w\" sizes=\"auto, (max-width: 720px) 100vw, 720px\" \/><figcaption class=\"wp-element-caption\">Rozdrabniacz stalowych beczek<\/figcaption><\/figure>    <p>G\u0142\u00f3wn\u0105 funkcj\u0105 rozdrabniacza \u017celiwnych beczek jest rozdrabnianie materia\u0142u, zwykle s\u0142u\u017cy do przetwarzania nieprzetworzonych surowc\u00f3w lub odpad\u00f3w. Rozmiar staje si\u0119 mniejszy. Na przyk\u0142ad butelki plastikowe s\u0105 rozdrabniane, opony s\u0105 rozdrabniane, a nast\u0119pnie topione na granulki, u\u017cywane jako surowce i recykling. Ten rozdrabniacz \u017celiwnych beczek jest r\u00f3wnie\u017c cz\u0119sto u\u017cywany do rozdrabniania odpad\u00f3w \u017celiwnych beczek, a nast\u0119pnie recyklingu w celu tworzenia warto\u015bci ekonomicznej.<\/p>    <figure class=\"wp-block-image size-full\"><img loading=\"lazy\" decoding=\"async\" width=\"720\" height=\"540\" src=\"https:\/\/shuliybaler.com\/wp-content\/uploads\/2022\/11\/steel-drum-shredder-2-1.jpg\" alt=\"Rozdrabniacz b\u0119bn\u00f3w stalowych\" class=\"wp-image-2929\" title=\"\" srcset=\"https:\/\/shuliybaler.com\/wp-content\/uploads\/2022\/11\/steel-drum-shredder-2-1.jpg 720w, https:\/\/shuliybaler.com\/wp-content\/uploads\/2022\/11\/steel-drum-shredder-2-1-360x270.jpg 360w, https:\/\/shuliybaler.com\/wp-content\/uploads\/2022\/11\/steel-drum-shredder-2-1-180x135.jpg 180w\" sizes=\"auto, (max-width: 720px) 100vw, 720px\" \/><figcaption class=\"wp-element-caption\">Rozdrabniacz stalowych beczek<\/figcaption><\/figure>    <h2 class=\"wp-block-heading\">Elementy rozdrabniacza stalowych beczek<\/h2>    <figure class=\"wp-block-gallery has-nested-images columns-default is-cropped wp-block-gallery-2 is-layout-flex wp-block-gallery-is-layout-flex\"> <figure class=\"wp-block-image size-large\"><img loading=\"lazy\" decoding=\"async\" width=\"720\" height=\"540\" data-id=\"2918\" src=\"https:\/\/shuliybaler.com\/wp-content\/uploads\/2022\/11\/steel-barrels-crusher-knife.jpg\" alt=\"N\u00f3\u017c do rozdrabniacza stalowych beczek\" class=\"wp-image-2918\" title=\"\" srcset=\"https:\/\/shuliybaler.com\/wp-content\/uploads\/2022\/11\/steel-barrels-crusher-knife.jpg 720w, https:\/\/shuliybaler.com\/wp-content\/uploads\/2022\/11\/steel-barrels-crusher-knife-360x270.jpg 360w, https:\/\/shuliybaler.com\/wp-content\/uploads\/2022\/11\/steel-barrels-crusher-knife-180x135.jpg 180w\" sizes=\"auto, (max-width: 720px) 100vw, 720px\" \/><figcaption class=\"wp-element-caption\">No\u017cyk do rozdrabniaczy stalowych beczek<\/figcaption><\/figure>    <figure class=\"wp-block-image size-large\"><img loading=\"lazy\" decoding=\"async\" width=\"720\" height=\"540\" data-id=\"2919\" src=\"https:\/\/shuliybaler.com\/wp-content\/uploads\/2022\/11\/machine-bearing.jpg\" alt=\"Rozdrabniacz stalowych beczek \u0142o\u017cyska\" class=\"wp-image-2919\" title=\"\" srcset=\"https:\/\/shuliybaler.com\/wp-content\/uploads\/2022\/11\/machine-bearing.jpg 720w, https:\/\/shuliybaler.com\/wp-content\/uploads\/2022\/11\/machine-bearing-360x270.jpg 360w, https:\/\/shuliybaler.com\/wp-content\/uploads\/2022\/11\/machine-bearing-180x135.jpg 180w\" sizes=\"auto, (max-width: 720px) 100vw, 720px\" \/><figcaption class=\"wp-element-caption\">No\u017cyk do rozdrabniaczy stalowych beczek<\/figcaption><\/figure>    <figure class=\"wp-block-image size-large\"><img loading=\"lazy\" decoding=\"async\" width=\"720\" height=\"540\" data-id=\"2920\" src=\"https:\/\/shuliybaler.com\/wp-content\/uploads\/2022\/11\/steel-barrels-crusher-details.jpg\" alt=\"Szczeg\u00f3\u0142y rozdrabniacza stalowych beczek\" class=\"wp-image-2920\" title=\"\" srcset=\"https:\/\/shuliybaler.com\/wp-content\/uploads\/2022\/11\/steel-barrels-crusher-details.jpg 720w, https:\/\/shuliybaler.com\/wp-content\/uploads\/2022\/11\/steel-barrels-crusher-details-360x270.jpg 360w, https:\/\/shuliybaler.com\/wp-content\/uploads\/2022\/11\/steel-barrels-crusher-details-180x135.jpg 180w\" sizes=\"auto, (max-width: 720px) 100vw, 720px\" \/><figcaption class=\"wp-element-caption\">Szczeg\u00f3\u0142y rozdrabniacza stalowych beczek<\/figcaption><\/figure> <\/figure>    <p>Podw\u00f3jny rozdrabniacz wa\u0142kowy to rodzaj mechanicznego urz\u0105dzenia do rozdrabniania odpad\u00f3w sta\u0142ych. Sk\u0142ada si\u0119 g\u0142\u00f3wnie z wrzeciona no\u017cowego, no\u017ca sta\u0142ego, skrzyni \u0142adunkowej, obudowy, wspornika, systemu podawania, hydraulicznego systemu nap\u0119dowego, uk\u0142adu zasilania i uk\u0142adu sterowania silnikiem. Materia\u0142 wchodzi od g\u00f3ry maszyny, przechodzi przez ostrze, a rozdrobnione kawa\u0142ki \u017celaznych b\u0119bn\u00f3w wyp\u0142ywaj\u0105 z do\u0142u maszyny. Pod maszyn\u0105 mo\u017cna umie\u015bci\u0107 ta\u015bm\u0119 przeno\u015bnikow\u0105, aby zrealizowa\u0107 w pe\u0142ni automatyczne przetwarzanie.<\/p>    <figure class=\"wp-block-embed is-type-video is-provider-youtube wp-block-embed-youtube wp-embed-aspect-16-9 wp-has-aspect-ratio\"><div class=\"wp-block-embed__wrapper\"> <iframe loading=\"lazy\" title=\"Jaka maszyna do kruszenia metali mo\u017ce zniszczy\u0107 wszystko? | maszyna do rozdrabniania metali | rozdrabniacz z\u0142omu\" width=\"500\" height=\"281\" src=\"https:\/\/www.youtube.com\/embed\/Vk_1d0oict8?feature=oembed\" frameborder=\"0\" allow=\"accelerometer; autoplay; clipboard-write; encrypted-media; gyroscope; picture-in-picture; web-share\" referrerpolicy=\"strict-origin-when-cross-origin\" allowfullscreen><\/iframe> <\/div><figcaption class=\"wp-element-caption\">Wideo rozdrabniacza b\u0119bn\u00f3w stalowych<\/figcaption><\/figure>    <h2 class=\"wp-block-heading\">Zalety rozdrabniacza b\u0119bn\u00f3w stalowych<\/h2>    <figure class=\"wp-block-image size-full\"><img loading=\"lazy\" decoding=\"async\" width=\"720\" height=\"540\" src=\"https:\/\/shuliybaler.com\/wp-content\/uploads\/2022\/11\/steel-drum-shredder.jpg\" alt=\"Rozdrabniacz b\u0119bn\u00f3w stalowych\" class=\"wp-image-2921\" title=\"\" srcset=\"https:\/\/shuliybaler.com\/wp-content\/uploads\/2022\/11\/steel-drum-shredder.jpg 720w, https:\/\/shuliybaler.com\/wp-content\/uploads\/2022\/11\/steel-drum-shredder-360x270.jpg 360w, https:\/\/shuliybaler.com\/wp-content\/uploads\/2022\/11\/steel-drum-shredder-180x135.jpg 180w\" sizes=\"auto, (max-width: 720px) 100vw, 720px\" \/><figcaption class=\"wp-element-caption\">Rozdrabniacz stalowych beczek<\/figcaption><\/figure>    <p>1. Ca\u0142o\u015b\u0107 jest prowadzona, co zapewnia wysok\u0105 wytrzyma\u0142o\u015b\u0107 mechaniczn\u0105 i dok\u0142adno\u015b\u0107 obr\u00f3bki, wyd\u0142u\u017ca \u017cywotno\u015b\u0107 sprz\u0119tu i obni\u017ca koszty konserwacji<\/p>    <p>2. Technologia od\u0142\u0105czalnych, wymiennych no\u017cy sta\u0142ych, ka\u017cdy n\u00f3\u017c sta\u0142y mo\u017cna niezale\u017cnie demontowa\u0107 i montowa\u0107. Mo\u017cna go szybko i w kr\u00f3tkim czasie zdemontowa\u0107, co zmniejsza prac\u0119 r\u0119czn\u0105 i poprawia ci\u0105g\u0142o\u015b\u0107 pracy.<\/p>    <p>3. Personalizacja narz\u0119dzi. No\u017ce mo\u017cna wymienia\u0107, aby kontrolowa\u0107 drobno\u015b\u0107 rozdrobnionego materia\u0142u w rozdrabniaczu stalowych beczek. Umo\u017cliwia to kontrolowan\u0105 produkcj\u0119 maszyny.<\/p>    <figure class=\"wp-block-gallery has-nested-images columns-default is-cropped wp-block-gallery-3 is-layout-flex wp-block-gallery-is-layout-flex\"> <figure class=\"wp-block-image size-large\"><img loading=\"lazy\" decoding=\"async\" width=\"720\" height=\"540\" data-id=\"2926\" src=\"https:\/\/shuliybaler.com\/wp-content\/uploads\/2022\/11\/steel-barrels-crusher-1.jpg\" alt=\"Rozdrabniacz stalowych beczek\" class=\"wp-image-2926\" title=\"\" srcset=\"https:\/\/shuliybaler.com\/wp-content\/uploads\/2022\/11\/steel-barrels-crusher-1.jpg 720w, https:\/\/shuliybaler.com\/wp-content\/uploads\/2022\/11\/steel-barrels-crusher-1-360x270.jpg 360w, https:\/\/shuliybaler.com\/wp-content\/uploads\/2022\/11\/steel-barrels-crusher-1-180x135.jpg 180w\" sizes=\"auto, (max-width: 720px) 100vw, 720px\" \/><figcaption class=\"wp-element-caption\">Rozdrabniacz stalowych beczek<\/figcaption><\/figure>    <figure class=\"wp-block-image size-large\"><img loading=\"lazy\" decoding=\"async\" width=\"720\" height=\"540\" data-id=\"2927\" src=\"https:\/\/shuliybaler.com\/wp-content\/uploads\/2022\/11\/steel-barrels-crusher-2.jpg\" alt=\"Rozdrabniacz stalowych beczek\" class=\"wp-image-2927\" title=\"\" srcset=\"https:\/\/shuliybaler.com\/wp-content\/uploads\/2022\/11\/steel-barrels-crusher-2.jpg 720w, https:\/\/shuliybaler.com\/wp-content\/uploads\/2022\/11\/steel-barrels-crusher-2-360x270.jpg 360w, https:\/\/shuliybaler.com\/wp-content\/uploads\/2022\/11\/steel-barrels-crusher-2-180x135.jpg 180w\" sizes=\"auto, (max-width: 720px) 100vw, 720px\" \/><figcaption class=\"wp-element-caption\">Rozdrabniacz stalowych beczek<\/figcaption><\/figure>    <figure class=\"wp-block-image size-large\"><img loading=\"lazy\" decoding=\"async\" width=\"720\" height=\"540\" data-id=\"2928\" src=\"https:\/\/shuliybaler.com\/wp-content\/uploads\/2022\/11\/steel-barrels-crusher-3.jpg\" alt=\"Rozdrabniacz stalowych beczek\" class=\"wp-image-2928\" title=\"\" srcset=\"https:\/\/shuliybaler.com\/wp-content\/uploads\/2022\/11\/steel-barrels-crusher-3.jpg 720w, https:\/\/shuliybaler.com\/wp-content\/uploads\/2022\/11\/steel-barrels-crusher-3-360x270.jpg 360w, https:\/\/shuliybaler.com\/wp-content\/uploads\/2022\/11\/steel-barrels-crusher-3-180x135.jpg 180w\" sizes=\"auto, (max-width: 720px) 100vw, 720px\" \/><figcaption class=\"wp-element-caption\">Rozdrabniacz stalowych beczek<\/figcaption><\/figure> <\/figure>","protected":false},"excerpt":{"rendered":"<p>Rozdrabniacz stalowych beczek nazywany jest r\u00f3wnie\u017c rozdrabniaczem dwuszcz\u0119kowymi. Ten  rozdrabniacz stalowych beczek  mo\u017ce rozdrabnia\u0107 opony, metale, z\u0142om stalowy, z\u0142om samochodowy itp. Rozdrabniacz stalowych beczek tnie, rozdrabnia, wyciska itp. Zmniejsza rozmiar. Rozdrabniacz \u017celiwnych beczek jest bardzo wa\u017cn\u0105 maszyn\u0105 w urz\u0105dzeniach recyklingu ochrony \u015brodowiska. No\u017ce maszyny maj\u0105 wysok\u0105 twardo\u015b\u0107, szerokie zastosowanie i niskie ha\u0142asy. Niskie zu\u017cycie energii. <\/p>","protected":false},"author":1,"featured_media":2917,"parent":0,"template":"","tags":[],"product-type":[46],"class_list":["post-2916","product","type-product","status-publish","has-post-thumbnail","hentry","product-type-metal-shredder"],"_links":{"self":[{"href":"https:\/\/shuliybaler.com\/pl\/wp-json\/wp\/v2\/product\/2916","targetHints":{"allow":["GET"]}}],"collection":[{"href":"https:\/\/shuliybaler.com\/pl\/wp-json\/wp\/v2\/product"}],"about":[{"href":"https:\/\/shuliybaler.com\/pl\/wp-json\/wp\/v2\/types\/product"}],"author":[{"embeddable":true,"href":"https:\/\/shuliybaler.com\/pl\/wp-json\/wp\/v2\/users\/1"}],"wp:featuredmedia":[{"embeddable":true,"href":"https:\/\/shuliybaler.com\/pl\/wp-json\/wp\/v2\/media\/2917"}],"wp:attachment":[{"href":"https:\/\/shuliybaler.com\/pl\/wp-json\/wp\/v2\/media?parent=2916"}],"wp:term":[{"taxonomy":"post_tag","embeddable":true,"href":"https:\/\/shuliybaler.com\/pl\/wp-json\/wp\/v2\/tags?post=2916"},{"taxonomy":"product-type","embeddable":true,"href":"https:\/\/shuliybaler.com\/pl\/wp-json\/wp\/v2\/product-type?post=2916"}],"curies":[{"name":"wp","href":"https:\/\/api.w.org\/{rel}","templated":true}]}}