{"id":2952,"date":"2022-12-01T14:12:42","date_gmt":"2022-12-01T06:12:42","guid":{"rendered":"https:\/\/shuliybaler.com\/?post_type=product&#038;p=2952"},"modified":"2022-12-13T11:30:36","modified_gmt":"2022-12-13T03:30:36","slug":"wood-pallet-shredder-machine","status":"publish","type":"product","link":"https:\/\/shuliybaler.com\/pl\/product\/wood-pallet-shredder-machine\/","title":{"rendered":"Maszyna do rozdrabniania palet drewnianych | maszyna do rozdrabniania palet drewnianych"},"content":{"rendered":"<p class=\"translation-block\">Ta maszyna do rozdrabniania palet drewnianych jest wielofunkcyjnym rozdrabniaczem, kt\u00f3ry mo\u017ce rozdrabnia\u0107 drewniane palety, metalowe beczki, z\u0142omowane samochody, kartony i <a href=\"https:\/\/en.wikipedia.org\/wiki\/Tire_recycling\" data-type=\"URL\" data-id=\"https:\/\/en.wikipedia.org\/wiki\/Tire_recycling\" target=\"_blank\" rel=\"noopener\">opony<\/a>, g\u0142\u00f3wnie u\u017cywany w bran\u017cy recyklingowej, maszyna do rozdrabniania palet jest \u0142atwa w obs\u0142udze i wydajna, ta <a href=\"https:\/\/shuliybaler.com\/pl\/product\/scrap-metal-shredder-machine\/\" data-type=\"URL\" data-id=\"https:\/\/shuliybaler.com\/product\/scrap-metal-shredder-machine\/\">drewniana rozdrabniarka palet<\/a> jest r\u00f3wnie\u017c nazywana rozdrabniaczem dwustronnym, poniewa\u017c maszyna ma dwa wa\u0142y z no\u017cami, kt\u00f3re podczas pracy poruszaj\u0105 si\u0119 w tym samym kierunku, aby osi\u0105gn\u0105\u0107 efekt rozdrabniania materia\u0142\u00f3w. Ta maszyna cieszy si\u0119 du\u017c\u0105 popularno\u015bci\u0105 w Zjednoczonych Emiratach Arabskich, Australii, Hiszpanii, Pakistanie, Macedonii, Algierii i innych krajach.<\/p>   <div class=\"wp-block-image\"> <figure class=\"aligncenter size-full\"><img loading=\"lazy\" decoding=\"async\" width=\"720\" height=\"540\" src=\"https:\/\/shuliybaler.com\/wp-content\/uploads\/2022\/12\/wooden-pallet-shredding-machine.webp\" alt=\"rozdrabnianie palet drewnianych\" class=\"wp-image-2960\" title=\"\" srcset=\"https:\/\/shuliybaler.com\/wp-content\/uploads\/2022\/12\/wooden-pallet-shredding-machine.webp 720w, https:\/\/shuliybaler.com\/wp-content\/uploads\/2022\/12\/wooden-pallet-shredding-machine-360x270.webp 360w, https:\/\/shuliybaler.com\/wp-content\/uploads\/2022\/12\/wooden-pallet-shredding-machine-180x135.webp 180w\" sizes=\"auto, (max-width: 720px) 100vw, 720px\" \/><figcaption class=\"wp-element-caption\">rozdrabnianie palet drewnianych<\/figcaption><\/figure> <\/div>   <h2 class=\"wp-block-heading\">Rola maszyny do rozdrabniania palet drewnianych <\/h2>    <figure class=\"wp-block-gallery has-nested-images columns-default is-cropped wp-block-gallery-2 is-layout-flex wp-block-gallery-is-layout-flex\"> <figure class=\"wp-block-image size-large\"><img loading=\"lazy\" decoding=\"async\" width=\"720\" height=\"540\" data-id=\"2954\" src=\"https:\/\/shuliybaler.com\/wp-content\/uploads\/2022\/12\/wood-pallet.webp\" alt=\"Paleta drewniana\" class=\"wp-image-2954\" title=\"\" srcset=\"https:\/\/shuliybaler.com\/wp-content\/uploads\/2022\/12\/wood-pallet.webp 720w, https:\/\/shuliybaler.com\/wp-content\/uploads\/2022\/12\/wood-pallet-360x270.webp 360w, https:\/\/shuliybaler.com\/wp-content\/uploads\/2022\/12\/wood-pallet-180x135.webp 180w\" sizes=\"auto, (max-width: 720px) 100vw, 720px\" \/><figcaption class=\"wp-element-caption\">Paleta drewniana<\/figcaption><\/figure>    <figure class=\"wp-block-image size-large\"><img loading=\"lazy\" decoding=\"async\" width=\"720\" height=\"540\" data-id=\"2955\" src=\"https:\/\/shuliybaler.com\/wp-content\/uploads\/2022\/12\/wood-pallet-crushing.webp\" alt=\"Rozdrabniacz palet drewnianych\" class=\"wp-image-2955\" title=\"\" srcset=\"https:\/\/shuliybaler.com\/wp-content\/uploads\/2022\/12\/wood-pallet-crushing.webp 720w, https:\/\/shuliybaler.com\/wp-content\/uploads\/2022\/12\/wood-pallet-crushing-360x270.webp 360w, https:\/\/shuliybaler.com\/wp-content\/uploads\/2022\/12\/wood-pallet-crushing-180x135.webp 180w\" sizes=\"auto, (max-width: 720px) 100vw, 720px\" \/><figcaption class=\"wp-element-caption\">Rozdrabnianie palet drewnianych<\/figcaption><\/figure> <\/figure>    <p>G\u0142\u00f3wnym zastosowaniem maszyny do rozdrabniania palet drewnianych jest rozdrabnianie odpad\u00f3w palet drewnianych. Rozdrobnione palety mog\u0105 by\u0107 u\u017cywane do produkcji w\u0119gla drzewnego i ponownego wykorzystania. Podczas pracy maszyny, gwo\u017adzie na niej mog\u0105 by\u0107 usuwane, a kroki wyjmowania gwo\u017adzi s\u0105 pomijane. Podczas u\u017cywania, palet\u0119 drewnian\u0105 wk\u0142ada si\u0119 bezpo\u015brednio od g\u00f3ry maszyny, a maszyna do rozdrabniania mo\u017ce wyj\u015b\u0107 bezpo\u015brednio z do\u0142u maszyny. Pod maszyn\u0105 mo\u017cna umie\u015bci\u0107 ta\u015bm\u0119 przeno\u015bnikow\u0105 dla pe\u0142nej automatyzacji produkcji.<\/p>    <figure class=\"wp-block-embed is-type-video is-provider-youtube wp-block-embed-youtube wp-embed-aspect-16-9 wp-has-aspect-ratio\"><div class=\"wp-block-embed__wrapper\"> <iframe loading=\"lazy\" title=\"Maszyna do rozdrabniania odpad\u00f3w palet drewnianych | maszyna do rozdrabniania drewna | rozdrabniacz dwustronny\" width=\"500\" height=\"281\" src=\"https:\/\/www.youtube.com\/embed\/QUaXAB-KYM4?start=139&#038;feature=oembed\" frameborder=\"0\" allow=\"accelerometer; autoplay; clipboard-write; encrypted-media; gyroscope; picture-in-picture; web-share\" referrerpolicy=\"strict-origin-when-cross-origin\" allowfullscreen><\/iframe> <\/div><figcaption class=\"wp-element-caption\">maszyna do rozdrabniania drewna <\/figcaption><\/figure>    <h2 class=\"wp-block-heading\">Dostosowywanie no\u017cy do rozdrabniacza palet drewnianych<\/h2>   <div class=\"wp-block-image\"> <figure class=\"aligncenter size-full\"><img loading=\"lazy\" decoding=\"async\" width=\"720\" height=\"540\" src=\"https:\/\/shuliybaler.com\/wp-content\/uploads\/2022\/12\/Wooden-pallet-shredder-knives.jpg\" alt=\"No\u017ce do rozdrabniaczy palet drewnianych \" class=\"wp-image-2956\" title=\"\" srcset=\"https:\/\/shuliybaler.com\/wp-content\/uploads\/2022\/12\/Wooden-pallet-shredder-knives.jpg 720w, https:\/\/shuliybaler.com\/wp-content\/uploads\/2022\/12\/Wooden-pallet-shredder-knives-360x270.jpg 360w, https:\/\/shuliybaler.com\/wp-content\/uploads\/2022\/12\/Wooden-pallet-shredder-knives-180x135.jpg 180w\" sizes=\"auto, (max-width: 720px) 100vw, 720px\" \/><figcaption class=\"wp-element-caption\">No\u017ce do rozdrabniaczy palet drewnianych <\/figcaption><\/figure> <\/div>   <p>Rola no\u017ca nie polega tylko na rozdrabnianiu drewnianej palety, ale tak\u017ce na kontrolowaniu rozmiaru rozdrobnionego drewna. Je\u015bli chcesz, aby rozdrobnione drewno by\u0142o mniejsze, mo\u017cesz doda\u0107 wi\u0119cej no\u017cy, w przeciwnym razie paleta b\u0119dzie wi\u0119ksza.<\/p>    <h2 class=\"wp-block-heading\">Struktura maszyny do rozdrabniania palet drewnianych<\/h2>   <div class=\"wp-block-image\"> <figure class=\"aligncenter size-full\"><img loading=\"lazy\" decoding=\"async\" width=\"720\" height=\"540\" src=\"https:\/\/shuliybaler.com\/wp-content\/uploads\/2022\/12\/wood-pallet-shredder.webp\" alt=\"rozdrabniacz palet drewnianych\" class=\"wp-image-2957\" title=\"\" srcset=\"https:\/\/shuliybaler.com\/wp-content\/uploads\/2022\/12\/wood-pallet-shredder.webp 720w, https:\/\/shuliybaler.com\/wp-content\/uploads\/2022\/12\/wood-pallet-shredder-360x270.webp 360w, https:\/\/shuliybaler.com\/wp-content\/uploads\/2022\/12\/wood-pallet-shredder-180x135.webp 180w\" sizes=\"auto, (max-width: 720px) 100vw, 720px\" \/><figcaption class=\"wp-element-caption\">rozdrabniacz palet drewnianych<\/figcaption><\/figure> <\/div>   <p class=\"translation-block\">G\u0142\u00f3wna struktura <a href=\"https:\/\/shuliybaler.com\/pl\/product\/steel-drum-shredder\/\" data-type=\"URL\" data-id=\"https:\/\/shuliybaler.com\/product\/steel-drum-shredder\/\">rozdrabniacza dwustronnego<\/a> obejmuje ostrza rozdrabniaj\u0105ce, przek\u0142adnie, elementy nap\u0119du i skrzynki elektryczne. Gdy maszyna do rozdrabniania palet drewnianych jest w u\u017cyciu, materia\u0142 wchodzi od g\u00f3ry maszyny, a po rozdrobnieniu drewno wychodzi z do\u0142u maszyny. Pod maszyn\u0105 mo\u017cna pod\u0142\u0105czy\u0107 ta\u015bm\u0119 przeno\u015bnikow\u0105, aby automatycznie transportowa\u0107 wi\u00f3ry, a rozdrabnianie drewna jest bardziej wydajne.<\/p>    <h2 class=\"wp-block-heading\">Parametry maszyny do rozdrabniania palet drewnianych<\/h2>   <div class=\"wp-block-image\"> <figure class=\"aligncenter size-full\"><img loading=\"lazy\" decoding=\"async\" width=\"720\" height=\"540\" src=\"https:\/\/shuliybaler.com\/wp-content\/uploads\/2022\/12\/wood-pallet-shredder-mahcine.webp\" alt=\"rozdrabniacz palet drewnianych\" class=\"wp-image-2958\" title=\"\" srcset=\"https:\/\/shuliybaler.com\/wp-content\/uploads\/2022\/12\/wood-pallet-shredder-mahcine.webp 720w, https:\/\/shuliybaler.com\/wp-content\/uploads\/2022\/12\/wood-pallet-shredder-mahcine-360x270.webp 360w, https:\/\/shuliybaler.com\/wp-content\/uploads\/2022\/12\/wood-pallet-shredder-mahcine-180x135.webp 180w\" sizes=\"auto, (max-width: 720px) 100vw, 720px\" \/><figcaption class=\"wp-element-caption\">maszyna do rozdrabniania palet drewnianych <\/figcaption><\/figure> <\/div>   <figure class=\"wp-block-table\"><table><tbody><tr><td>Model<\/td><td>Moc (kW)<\/td><td>Wydajno\u015b\u0107 (t\/h)<\/td><td>Liczba ostrzy (szt.)<\/td><\/tr><tr><td>400<\/td><td>7.5*2<\/td><td>0.5-1<\/td><td>20<\/td><\/tr><tr><td>600<\/td><td>11*2<\/td><td>1.5-2<\/td><td>30<\/td><\/tr><tr><td>800<\/td><td>18.5*2<\/td><td>2-3<\/td><td>40<\/td><\/tr><tr><td>1000<\/td><td>22*2<\/td><td>4-5<\/td><td>50<\/td><\/tr><tr><td>1200<\/td><td>37*2<\/td><td>5-7<\/td><td>30<\/td><\/tr><tr><td>1400<\/td><td>45*2<\/td><td>8-10<\/td><td>40<\/td><\/tr><tr><td>1600<\/td><td>75*2<\/td><td>12-15<\/td><td>20<\/td><\/tr><tr><td>1800<\/td><td>75*2<\/td><td>15-18<\/td><td>18<\/td><\/tr><tr><td>2000<\/td><td>90*2<\/td><td>20-25<\/td><td>20<\/td><\/tr><\/tbody><\/table><figcaption class=\"wp-element-caption\">Parametry maszyny do rozdrabniania palet drewnianych<\/figcaption><\/figure>    <figure class=\"wp-block-gallery has-nested-images columns-default is-cropped wp-block-gallery-3 is-layout-flex wp-block-gallery-is-layout-flex\"> <figure class=\"wp-block-image size-large\"><img loading=\"lazy\" decoding=\"async\" width=\"720\" height=\"540\" data-id=\"2961\" src=\"https:\/\/shuliybaler.com\/wp-content\/uploads\/2022\/12\/Wood-pallet-shredder-machine-1.webp\" alt=\"Maszyna do rozdrabniania palet drewnianych \" class=\"wp-image-2961\" title=\"\" srcset=\"https:\/\/shuliybaler.com\/wp-content\/uploads\/2022\/12\/Wood-pallet-shredder-machine-1.webp 720w, https:\/\/shuliybaler.com\/wp-content\/uploads\/2022\/12\/Wood-pallet-shredder-machine-1-360x270.webp 360w, https:\/\/shuliybaler.com\/wp-content\/uploads\/2022\/12\/Wood-pallet-shredder-machine-1-180x135.webp 180w\" sizes=\"auto, (max-width: 720px) 100vw, 720px\" \/><figcaption class=\"wp-element-caption\">Maszyna do rozdrabniania palet drewnianych <\/figcaption><\/figure>    <figure class=\"wp-block-image size-large\"><img loading=\"lazy\" decoding=\"async\" width=\"720\" height=\"540\" data-id=\"2962\" src=\"https:\/\/shuliybaler.com\/wp-content\/uploads\/2022\/12\/Wood-pallet-shredder-machine-2.webp\" alt=\"Maszyna do rozdrabniania palet drewnianych \" class=\"wp-image-2962\" title=\"\" srcset=\"https:\/\/shuliybaler.com\/wp-content\/uploads\/2022\/12\/Wood-pallet-shredder-machine-2.webp 720w, https:\/\/shuliybaler.com\/wp-content\/uploads\/2022\/12\/Wood-pallet-shredder-machine-2-360x270.webp 360w, https:\/\/shuliybaler.com\/wp-content\/uploads\/2022\/12\/Wood-pallet-shredder-machine-2-180x135.webp 180w\" sizes=\"auto, (max-width: 720px) 100vw, 720px\" \/><figcaption class=\"wp-element-caption\">Maszyna do rozdrabniania palet drewnianych <\/figcaption><\/figure> <\/figure>    <h2 class=\"wp-block-heading\">Zalety maszyny do rozdrabniania palet drewnianych <\/h2>   <div class=\"wp-block-image\"> <figure class=\"aligncenter size-full\"><img loading=\"lazy\" decoding=\"async\" width=\"720\" height=\"540\" src=\"https:\/\/shuliybaler.com\/wp-content\/uploads\/2022\/12\/wooden-pallet-crushing-machine.webp\" alt=\"maszyna do rozdrabniania palet drewnianych \" class=\"wp-image-2959\" title=\"\" srcset=\"https:\/\/shuliybaler.com\/wp-content\/uploads\/2022\/12\/wooden-pallet-crushing-machine.webp 720w, https:\/\/shuliybaler.com\/wp-content\/uploads\/2022\/12\/wooden-pallet-crushing-machine-360x270.webp 360w, https:\/\/shuliybaler.com\/wp-content\/uploads\/2022\/12\/wooden-pallet-crushing-machine-180x135.webp 180w\" sizes=\"auto, (max-width: 720px) 100vw, 720px\" \/><figcaption class=\"wp-element-caption\">maszyna do rozdrabniania palet drewnianych <\/figcaption><\/figure> <\/div>   <p>Obudowa bierze to pod uwag\u0119. Obudowa maszyny jest wykonana z grubszego materia\u0142u, trwa\u0142a.<\/p>    <p>i wydajne. Jednostka ma wysoki stopie\u0144 automatyzacji, wysok\u0105 wydajno\u015b\u0107 i wymaga mniej pracy.<\/p>    <p class=\"translation-block\"><strong>Szeroki zakres zastosowa\u0144.<\/strong> Mo\u017ce by\u0107 u\u017cywana do recyklingu metali, plastiku, drewnianych tacek, odpad\u00f3w papierowych itp.<\/p>    <p class=\"translation-block\"><strong>unikalny design.<\/strong> Wa\u0142 tn\u0105cy maszyny jest zaprojektowany tak, aby nie dochodzi\u0142o do owijania si\u0119 materia\u0142u i zator\u00f3w.<\/p>    <p class=\"translation-block\"><strong>Niska ha\u0142a\u015bliwo\u015b\u0107<\/strong>. Maszyna generuje niski poziom ha\u0142asu podczas pracy.<\/p>","protected":false},"excerpt":{"rendered":"<p>Ta maszyna do rozdrabniania palet drewnianych jest wielofunkcyjnym rozdrabniaczem, kt\u00f3ry mo\u017ce rozdrabnia\u0107 drewniane palety, metalowe beczki, z\u0142omowane samochody, kartony i opony, g\u0142\u00f3wnie u\u017cywany w bran\u017cy recyklingowej, maszyna do rozdrabniania palet jest \u0142atwa w obs\u0142udze i wydajna.<\/p>","protected":false},"author":1,"featured_media":2953,"parent":0,"template":"","tags":[54],"product-type":[46],"class_list":["post-2952","product","type-product","status-publish","has-post-thumbnail","hentry","tag-wood-pallet-shredder-machine","product-type-metal-shredder"],"_links":{"self":[{"href":"https:\/\/shuliybaler.com\/pl\/wp-json\/wp\/v2\/product\/2952","targetHints":{"allow":["GET"]}}],"collection":[{"href":"https:\/\/shuliybaler.com\/pl\/wp-json\/wp\/v2\/product"}],"about":[{"href":"https:\/\/shuliybaler.com\/pl\/wp-json\/wp\/v2\/types\/product"}],"author":[{"embeddable":true,"href":"https:\/\/shuliybaler.com\/pl\/wp-json\/wp\/v2\/users\/1"}],"wp:featuredmedia":[{"embeddable":true,"href":"https:\/\/shuliybaler.com\/pl\/wp-json\/wp\/v2\/media\/2953"}],"wp:attachment":[{"href":"https:\/\/shuliybaler.com\/pl\/wp-json\/wp\/v2\/media?parent=2952"}],"wp:term":[{"taxonomy":"post_tag","embeddable":true,"href":"https:\/\/shuliybaler.com\/pl\/wp-json\/wp\/v2\/tags?post=2952"},{"taxonomy":"product-type","embeddable":true,"href":"https:\/\/shuliybaler.com\/pl\/wp-json\/wp\/v2\/product-type?post=2952"}],"curies":[{"name":"wp","href":"https:\/\/api.w.org\/{rel}","templated":true}]}}