{"id":2981,"date":"2022-12-12T11:11:28","date_gmt":"2022-12-12T03:11:28","guid":{"rendered":"https:\/\/shuliybaler.com\/?post_type=product&#038;p=2981"},"modified":"2022-12-12T11:34:04","modified_gmt":"2022-12-12T03:34:04","slug":"plastic-shredder-machine","status":"publish","type":"product","link":"https:\/\/shuliybaler.com\/pl\/product\/plastic-shredder-machine\/","title":{"rendered":"Maszyna do rozdrabniania plastiku do rozdrabniania butelek plastikowych"},"content":{"rendered":"<p>Maszyna do rozdrabniania plastiku to urz\u0105dzenie, kt\u00f3re mo\u017ce rozdrabnia\u0107 plastik. Rozdrabniacz jest wygodny do recyklingu po rozdrobnieniu du\u017cych kawa\u0142k\u00f3w plastiku. Rozdrabniacz do plastiku mo\u017ce rozdrabnia\u0107 butelki plastikowe, rury plastikowe, obudowy urz\u0105dze\u0144 domowych, wiadra plastikowe itp. Maszyna mo\u017ce kontrolowa\u0107 rozmiar rozdrobnionych p\u0142atk\u00f3w plastiku.<\/p>    <figure class=\"wp-block-gallery has-nested-images columns-default is-cropped wp-block-gallery-2 is-layout-flex wp-block-gallery-is-layout-flex\"> <figure class=\"wp-block-image size-large\"><img loading=\"lazy\" decoding=\"async\" width=\"720\" height=\"540\" data-id=\"2983\" src=\"https:\/\/shuliybaler.com\/wp-content\/uploads\/2022\/12\/plastic-shredding-machine-machine.webp\" alt=\"Maszyna do rozdrabniania plastiku\" class=\"wp-image-2983\" title=\"\" srcset=\"https:\/\/shuliybaler.com\/wp-content\/uploads\/2022\/12\/plastic-shredding-machine-machine.webp 720w, https:\/\/shuliybaler.com\/wp-content\/uploads\/2022\/12\/plastic-shredding-machine-machine-360x270.webp 360w, https:\/\/shuliybaler.com\/wp-content\/uploads\/2022\/12\/plastic-shredding-machine-machine-180x135.webp 180w\" sizes=\"auto, (max-width: 720px) 100vw, 720px\" \/><figcaption class=\"wp-element-caption\">Maszyna do rozdrabniania plastiku<\/figcaption><\/figure>    <figure class=\"wp-block-image size-large\"><img loading=\"lazy\" decoding=\"async\" width=\"720\" height=\"540\" data-id=\"2984\" src=\"https:\/\/shuliybaler.com\/wp-content\/uploads\/2022\/12\/after-shredding.webp\" alt=\"po rozdrobnieniu\" class=\"wp-image-2984\" title=\"\" srcset=\"https:\/\/shuliybaler.com\/wp-content\/uploads\/2022\/12\/after-shredding.webp 720w, https:\/\/shuliybaler.com\/wp-content\/uploads\/2022\/12\/after-shredding-360x270.webp 360w, https:\/\/shuliybaler.com\/wp-content\/uploads\/2022\/12\/after-shredding-180x135.webp 180w\" sizes=\"auto, (max-width: 720px) 100vw, 720px\" \/><figcaption class=\"wp-element-caption\">Po rozdrabnianiu<\/figcaption><\/figure> <\/figure>    <h2 class=\"wp-block-heading\">Zastosowanie maszyny do rozdrabniania plastiku<\/h2>    <figure class=\"wp-block-gallery has-nested-images columns-2 is-cropped wp-block-gallery-3 is-layout-flex wp-block-gallery-is-layout-flex\"> <figure class=\"wp-block-image size-large\"><img loading=\"lazy\" decoding=\"async\" width=\"720\" height=\"540\" data-id=\"2985\" src=\"https:\/\/shuliybaler.com\/wp-content\/uploads\/2022\/12\/plastic-pipe.webp\" alt=\"Rura plastikowa\" class=\"wp-image-2985\" title=\"\" srcset=\"https:\/\/shuliybaler.com\/wp-content\/uploads\/2022\/12\/plastic-pipe.webp 720w, https:\/\/shuliybaler.com\/wp-content\/uploads\/2022\/12\/plastic-pipe-360x270.webp 360w, https:\/\/shuliybaler.com\/wp-content\/uploads\/2022\/12\/plastic-pipe-180x135.webp 180w\" sizes=\"auto, (max-width: 720px) 100vw, 720px\" \/><figcaption class=\"wp-element-caption\">Rura plastikowa<\/figcaption><\/figure>    <figure class=\"wp-block-image size-large\"><img loading=\"lazy\" decoding=\"async\" width=\"720\" height=\"540\" data-id=\"2986\" src=\"https:\/\/shuliybaler.com\/wp-content\/uploads\/2022\/12\/plastic-barrel.jpg\" alt=\"Plastikowy b\u0119ben\" class=\"wp-image-2986\" title=\"\" srcset=\"https:\/\/shuliybaler.com\/wp-content\/uploads\/2022\/12\/plastic-barrel.jpg 720w, https:\/\/shuliybaler.com\/wp-content\/uploads\/2022\/12\/plastic-barrel-360x270.jpg 360w, https:\/\/shuliybaler.com\/wp-content\/uploads\/2022\/12\/plastic-barrel-180x135.jpg 180w\" sizes=\"auto, (max-width: 720px) 100vw, 720px\" \/><figcaption class=\"wp-element-caption\">Beczka plastikowa<\/figcaption><\/figure>    <figure class=\"wp-block-image size-large\"><img loading=\"lazy\" decoding=\"async\" width=\"720\" height=\"540\" data-id=\"2987\" src=\"https:\/\/shuliybaler.com\/wp-content\/uploads\/2022\/12\/plastic-bottles.webp\" alt=\"butelka plastikowa\" class=\"wp-image-2987\" title=\"\" srcset=\"https:\/\/shuliybaler.com\/wp-content\/uploads\/2022\/12\/plastic-bottles.webp 720w, https:\/\/shuliybaler.com\/wp-content\/uploads\/2022\/12\/plastic-bottles-360x270.webp 360w, https:\/\/shuliybaler.com\/wp-content\/uploads\/2022\/12\/plastic-bottles-180x135.webp 180w\" sizes=\"auto, (max-width: 720px) 100vw, 720px\" \/><figcaption class=\"wp-element-caption\">Butelka plastikowa<\/figcaption><\/figure>    <figure class=\"wp-block-image size-large\"><img loading=\"lazy\" decoding=\"async\" width=\"720\" height=\"540\" data-id=\"2988\" src=\"https:\/\/shuliybaler.com\/wp-content\/uploads\/2022\/12\/plastic-bottle.jpg\" alt=\"butelka napoju\" class=\"wp-image-2988\" title=\"\" srcset=\"https:\/\/shuliybaler.com\/wp-content\/uploads\/2022\/12\/plastic-bottle.jpg 720w, https:\/\/shuliybaler.com\/wp-content\/uploads\/2022\/12\/plastic-bottle-360x270.jpg 360w, https:\/\/shuliybaler.com\/wp-content\/uploads\/2022\/12\/plastic-bottle-180x135.jpg 180w\" sizes=\"auto, (max-width: 720px) 100vw, 720px\" \/><figcaption class=\"wp-element-caption\">Butelka do picia<\/figcaption><\/figure> <\/figure>    <p>Rozdrabniacze plastikowe nazywane s\u0105 r\u00f3wnie\u017c rozdrabniaczami dwuszcz\u0119kowymi, kt\u00f3re s\u0142u\u017c\u0105 g\u0142\u00f3wnie do rozdrabniania przetworzonych odpad\u00f3w lub produkt\u00f3w recyklingowych, szczeg\u00f3lnie do rozdrabniania odpad\u00f3w plastiku lub gumy i u\u017cywania ich jako surowc\u00f3w do topienia i granulacji w celu odtworzenia butelek plastikowych. Opony lub kosze na \u015bmieci i wi\u0119cej. Rozdrabniacze s\u0105 u\u017cywane w bran\u017cach recyklingu i ponownego wykorzystania plastiku i cz\u0119sto s\u0142u\u017c\u0105 do rozdrabniania odpad\u00f3w du\u017cych \u015brednic PE, zwi\u0105zk\u00f3w plastikowych, du\u017cych stos\u00f3w folii plastikowych i du\u017cych stos\u00f3w arkuszy plastikowych.<\/p>    <h2 class=\"wp-block-heading\">Model rozdrabniacza plastiku<\/h2>    <figure class=\"wp-block-table\"><table><tbody><tr><td>model<\/td><td>Grubo\u015b\u0107 ostrza (mm)<\/td><td>Liczba ostrzy<\/td><td>Moc (kW)<\/td><\/tr><tr><td>600<\/td><td>30<\/td><td>20<\/td><td>22*2<\/td><\/tr><tr><td>800<\/td><td>40<\/td><td>20<\/td><td>30*2<\/td><\/tr><tr><td>1000<\/td><td>50<\/td><td>20<\/td><td>37*2<\/td><\/tr><tr><td>1200<\/td><td>50<\/td><td>24<\/td><td>45*2<\/td><\/tr><tr><td>1400<\/td><td>70<\/td><td>24<\/td><td>55*2<\/td><\/tr><\/tbody><\/table><\/figure>    <figure class=\"wp-block-gallery has-nested-images columns-default is-cropped wp-block-gallery-4 is-layout-flex wp-block-gallery-is-layout-flex\"> <figure class=\"wp-block-image size-large\"><img loading=\"lazy\" decoding=\"async\" width=\"720\" height=\"540\" data-id=\"2992\" src=\"https:\/\/shuliybaler.com\/wp-content\/uploads\/2022\/12\/600plastic-bottle-crushing-machine.webp\" alt=\"600 plastikowych butelek do rozdrabniania\" class=\"wp-image-2992\" title=\"\" srcset=\"https:\/\/shuliybaler.com\/wp-content\/uploads\/2022\/12\/600plastic-bottle-crushing-machine.webp 720w, https:\/\/shuliybaler.com\/wp-content\/uploads\/2022\/12\/600plastic-bottle-crushing-machine-360x270.webp 360w, https:\/\/shuliybaler.com\/wp-content\/uploads\/2022\/12\/600plastic-bottle-crushing-machine-180x135.webp 180w\" sizes=\"auto, (max-width: 720px) 100vw, 720px\" \/><figcaption class=\"wp-element-caption\">600 Plastikowe butelki do rozdrabniania<\/figcaption><\/figure>    <figure class=\"wp-block-image size-large\"><img loading=\"lazy\" decoding=\"async\" width=\"720\" height=\"540\" data-id=\"2993\" src=\"https:\/\/shuliybaler.com\/wp-content\/uploads\/2022\/12\/800-Plastic-shredder-machine.webp\" alt=\"800 rozdrabniacz plastiku\" class=\"wp-image-2993\" title=\"\" srcset=\"https:\/\/shuliybaler.com\/wp-content\/uploads\/2022\/12\/800-Plastic-shredder-machine.webp 720w, https:\/\/shuliybaler.com\/wp-content\/uploads\/2022\/12\/800-Plastic-shredder-machine-360x270.webp 360w, https:\/\/shuliybaler.com\/wp-content\/uploads\/2022\/12\/800-Plastic-shredder-machine-180x135.webp 180w\" sizes=\"auto, (max-width: 720px) 100vw, 720px\" \/><figcaption class=\"wp-element-caption\">800 Plastikowy rozdrabniacz<\/figcaption><\/figure>    <figure class=\"wp-block-image size-large\"><img loading=\"lazy\" decoding=\"async\" width=\"720\" height=\"540\" data-id=\"2994\" src=\"https:\/\/shuliybaler.com\/wp-content\/uploads\/2022\/12\/1000Plastic-shredder-machine.webp\" alt=\"1000 rozdrabniacz plastiku\" class=\"wp-image-2994\" title=\"\" srcset=\"https:\/\/shuliybaler.com\/wp-content\/uploads\/2022\/12\/1000Plastic-shredder-machine.webp 720w, https:\/\/shuliybaler.com\/wp-content\/uploads\/2022\/12\/1000Plastic-shredder-machine-360x270.webp 360w, https:\/\/shuliybaler.com\/wp-content\/uploads\/2022\/12\/1000Plastic-shredder-machine-180x135.webp 180w\" sizes=\"auto, (max-width: 720px) 100vw, 720px\" \/><figcaption class=\"wp-element-caption\">1000 Plastikowy rozdrabniacz<\/figcaption><\/figure>    <figure class=\"wp-block-image size-large\"><img loading=\"lazy\" decoding=\"async\" width=\"720\" height=\"540\" data-id=\"2995\" src=\"https:\/\/shuliybaler.com\/wp-content\/uploads\/2022\/12\/1200-Plastic-shredding-machine.webp\" alt=\"1200 maszyna do rozdrabniania plastiku\" class=\"wp-image-2995\" title=\"\" srcset=\"https:\/\/shuliybaler.com\/wp-content\/uploads\/2022\/12\/1200-Plastic-shredding-machine.webp 720w, https:\/\/shuliybaler.com\/wp-content\/uploads\/2022\/12\/1200-Plastic-shredding-machine-360x270.webp 360w, https:\/\/shuliybaler.com\/wp-content\/uploads\/2022\/12\/1200-Plastic-shredding-machine-180x135.webp 180w\" sizes=\"auto, (max-width: 720px) 100vw, 720px\" \/><figcaption class=\"wp-element-caption\">1200 Plastikowy rozdrabniacz<\/figcaption><\/figure> <\/figure>    <h2 class=\"wp-block-heading\">Zasada dzia\u0142ania rozdrabniacza plastiku<\/h2>    <figure class=\"wp-block-gallery has-nested-images columns-default is-cropped wp-block-gallery-5 is-layout-flex wp-block-gallery-is-layout-flex\"> <figure class=\"wp-block-image size-large\"><img loading=\"lazy\" decoding=\"async\" width=\"720\" height=\"540\" data-id=\"2989\" src=\"https:\/\/shuliybaler.com\/wp-content\/uploads\/2022\/12\/plastic-shredder-knives.webp\" alt=\"No\u017ce do rozdrabniacza plastiku\" class=\"wp-image-2989\" title=\"\" srcset=\"https:\/\/shuliybaler.com\/wp-content\/uploads\/2022\/12\/plastic-shredder-knives.webp 720w, https:\/\/shuliybaler.com\/wp-content\/uploads\/2022\/12\/plastic-shredder-knives-360x270.webp 360w, https:\/\/shuliybaler.com\/wp-content\/uploads\/2022\/12\/plastic-shredder-knives-180x135.webp 180w\" sizes=\"auto, (max-width: 720px) 100vw, 720px\" \/><figcaption class=\"wp-element-caption\">No\u017ce do rozdrabniacza plastiku<\/figcaption><\/figure>    <figure class=\"wp-block-image size-large\"><img loading=\"lazy\" decoding=\"async\" width=\"720\" height=\"540\" data-id=\"2990\" src=\"https:\/\/shuliybaler.com\/wp-content\/uploads\/2022\/12\/knife-teeth.webp\" alt=\"Z\u0119by no\u017ca\" class=\"wp-image-2990\" title=\"\" srcset=\"https:\/\/shuliybaler.com\/wp-content\/uploads\/2022\/12\/knife-teeth.webp 720w, https:\/\/shuliybaler.com\/wp-content\/uploads\/2022\/12\/knife-teeth-360x270.webp 360w, https:\/\/shuliybaler.com\/wp-content\/uploads\/2022\/12\/knife-teeth-180x135.webp 180w\" sizes=\"auto, (max-width: 720px) 100vw, 720px\" \/><figcaption class=\"wp-element-caption\">Z\u0119by no\u017ca<\/figcaption><\/figure> <\/figure>    <p>Produkt plastikowy wchodzi do \u015brodka skrzynki rozdrabniacza, przechodzi przez ostrze rozdrabniacza i poddaje si\u0119 \u0142\u0105cznemu dzia\u0142aniu ekstruzji i ci\u0119cia, tworz\u0105c ma\u0142e kawa\u0142ki materia\u0142u. Po zako\u0144czeniu rozdrabniania, jest on wyrzucany z do\u0142u maszyny.<\/p>    <figure class=\"wp-block-embed is-type-video is-provider-youtube wp-block-embed-youtube wp-embed-aspect-16-9 wp-has-aspect-ratio\"><div class=\"wp-block-embed__wrapper\"> <iframe loading=\"lazy\" title=\"Super mocny rozdrabniacz plastiku rozdrabnia wszystkie produkty plastikowe#shorts\" width=\"500\" height=\"281\" src=\"https:\/\/www.youtube.com\/embed\/CwBs3wEBitY?feature=oembed\" frameborder=\"0\" allow=\"accelerometer; autoplay; clipboard-write; encrypted-media; gyroscope; picture-in-picture; web-share\" referrerpolicy=\"strict-origin-when-cross-origin\" allowfullscreen><\/iframe> <\/div><\/figure>    <h2 class=\"wp-block-heading\">Wprowadzenie firmy Shuliy<\/h2>   <div class=\"wp-block-image\"> <figure class=\"aligncenter size-full\"><img loading=\"lazy\" decoding=\"async\" width=\"720\" height=\"540\" src=\"https:\/\/shuliybaler.com\/wp-content\/uploads\/2022\/12\/plastic-shredder-machine-delivery.webp\" alt=\"Dostawa maszyny do rozdrabniania plastiku\" class=\"wp-image-2991\" title=\"\" srcset=\"https:\/\/shuliybaler.com\/wp-content\/uploads\/2022\/12\/plastic-shredder-machine-delivery.webp 720w, https:\/\/shuliybaler.com\/wp-content\/uploads\/2022\/12\/plastic-shredder-machine-delivery-360x270.webp 360w, https:\/\/shuliybaler.com\/wp-content\/uploads\/2022\/12\/plastic-shredder-machine-delivery-180x135.webp 180w\" sizes=\"auto, (max-width: 720px) 100vw, 720px\" \/><figcaption class=\"wp-element-caption\">Dostawa maszyny do rozdrabniania plastiku<\/figcaption><\/figure> <\/div>   <p>Firma Shuliy to firma zajmuj\u0105ca si\u0119 sprz\u0119tem do przetwarzania metali. G\u0142\u00f3wny sprz\u0119t obejmuje prasy metalowe, kt\u00f3re mog\u0105 sprasowa\u0107 metale i zapakowa\u0107 je w blok metalowy; no\u017cyce do metali, kt\u00f3re mog\u0105 ci\u0105\u0107 z\u0142om metali na wymagane rozmiary, oraz maszyny do prasowania metali, kt\u00f3re mog\u0105 prasowa\u0107 z\u0142om metali na kawa\u0142ki; ten rozdrabniacz metalowo-plastikowy jest bardziej uniwersalny i mo\u017ce rozdrabnia\u0107 dowolny materia\u0142, wystarczy wrzuci\u0107 materia\u0142 do maszyny, a on zostanie rozdrobniony. Rozdrabniacze metalowe s\u0105 niezb\u0119dne w bran\u017cy recyklingu.<\/p>    <h2 class=\"wp-block-heading\">FAQ<\/h2>   <div id=\"rank-math-faq\" class=\"rank-math-block\"> <div class=\"rank-math-list\"> <div id=\"faq-question-1670810085633\" class=\"rank-math-list-item\"> <h3 class=\"rank-math-question\">Jakie rozmiary maj\u0105 rozdrabniacze? Jak je odr\u00f3\u017cni\u0107?<\/h3> <div class=\"rank-math-answer\">  <p>Rozdrabniacze dziel\u0105 si\u0119 na 600, 800, 1000, 1200, 1500, 2000 itp. Modele s\u0105 r\u00f3\u017cne w zale\u017cno\u015bci od wielko\u015bci skrzynki tn\u0105cej i mog\u0105 by\u0107 dostosowane do wymaga\u0144.<\/p>  <\/div> <\/div> <div id=\"faq-question-1670810109596\" class=\"rank-math-list-item\"> <h3 class=\"rank-math-question\">Jakie materia\u0142y mo\u017ce przetwarza\u0107 maszyna do rozdrabniania plastiku?<\/h3> <div class=\"rank-math-answer\">  <p>Rozdrabniacz mo\u017ce przetwarza\u0107 materia\u0142y takie jak metal, z\u0142om \u017celaza, plastik, \u015bmieci domowe, odzie\u017c, opony gumowe itp. Nale\u017cy do wielofunkcyjnego sprz\u0119tu do rozdrabniania.<\/p>  <\/div> <\/div> <div id=\"faq-question-1670810156676\" class=\"rank-math-list-item\"> <h3 class=\"rank-math-question\">Czy maszyna do rozdrabniania plastiku jest ha\u0142a\u015bliwa?<\/h3> <div class=\"rank-math-answer\">  <p>Rozdrabniacz plastiku jest cichy, jest to urz\u0105dzenie stosunkowo ciche i nie powoduje zanieczyszcze\u0144.<\/p>  <\/div> <\/div> <\/div> <\/div>","protected":false},"excerpt":{"rendered":"<p>The plastic shredder machine is a device that can crush plastic. The shredder is convenient for recycling after crushing large pieces of plastic. The plastic shredder can shred plastic bottles, plastic pipes, home appliance shells, plastic buckets, etc. The machine can Control the size of the crushed plastic flakes. Application of plastic shredder machine Plastic [&hellip;]<\/p>\n","protected":false},"author":1,"featured_media":2982,"parent":0,"template":"","tags":[52],"product-type":[46],"class_list":["post-2981","product","type-product","status-publish","has-post-thumbnail","hentry","tag-plastic-shredder-machine","product-type-metal-shredder"],"_links":{"self":[{"href":"https:\/\/shuliybaler.com\/pl\/wp-json\/wp\/v2\/product\/2981","targetHints":{"allow":["GET"]}}],"collection":[{"href":"https:\/\/shuliybaler.com\/pl\/wp-json\/wp\/v2\/product"}],"about":[{"href":"https:\/\/shuliybaler.com\/pl\/wp-json\/wp\/v2\/types\/product"}],"author":[{"embeddable":true,"href":"https:\/\/shuliybaler.com\/pl\/wp-json\/wp\/v2\/users\/1"}],"wp:featuredmedia":[{"embeddable":true,"href":"https:\/\/shuliybaler.com\/pl\/wp-json\/wp\/v2\/media\/2982"}],"wp:attachment":[{"href":"https:\/\/shuliybaler.com\/pl\/wp-json\/wp\/v2\/media?parent=2981"}],"wp:term":[{"taxonomy":"post_tag","embeddable":true,"href":"https:\/\/shuliybaler.com\/pl\/wp-json\/wp\/v2\/tags?post=2981"},{"taxonomy":"product-type","embeddable":true,"href":"https:\/\/shuliybaler.com\/pl\/wp-json\/wp\/v2\/product-type?post=2981"}],"curies":[{"name":"wp","href":"https:\/\/api.w.org\/{rel}","templated":true}]}}