{"id":3004,"date":"2022-12-13T10:54:05","date_gmt":"2022-12-13T02:54:05","guid":{"rendered":"https:\/\/shuliybaler.com\/?post_type=product&#038;p=3004"},"modified":"2025-02-08T15:25:37","modified_gmt":"2025-02-08T07:25:37","slug":"scrap-copper-wire-shredder","status":"publish","type":"product","link":"https:\/\/shuliybaler.com\/pl\/product\/scrap-copper-wire-shredder\/","title":{"rendered":"Rozdrabniacz do z\u0142omu miedzi | maszyna do rozdrabniania kabli"},"content":{"rendered":"<p class=\"translation-block\">Rozdrabniacz do przewod\u00f3w miedzianych to maszyna do rozdrabniania kabli. Ta <a href=\"https:\/\/shuliybaler.com\/pl\/product\/scrap-metal-shredder-machine\/\" data-type=\"URL\" data-id=\"https:\/\/shuliybaler.com\/product\/scrap-metal-shredder-machine\/\">maszyna do rozdrabniania z\u0142omu przewod\u00f3w miedzianych i kabli<\/a> mo\u017ce rozdrabnia\u0107 zar\u00f3wno przewody, jak i ta\u015bmy kablowe. Jest bardzo odpowiednia dla bran\u017cy recyklingu kabli. Maszyna jest zaprojektowana z dwoma wa\u0142ami i ma wysok\u0105 wydajno\u015b\u0107 pracy.<\/p>    <figure class=\"wp-block-gallery has-nested-images columns-default is-cropped wp-block-gallery-2 is-layout-flex wp-block-gallery-is-layout-flex\"> <figure class=\"wp-block-image size-large\"><img loading=\"lazy\" decoding=\"async\" width=\"720\" height=\"540\" data-id=\"3006\" src=\"https:\/\/shuliybaler.com\/wp-content\/uploads\/2022\/12\/copper-wire-shredder.webp\" alt=\"rozdrabniacz przewod\u00f3w miedzianych\" class=\"wp-image-3006\" title=\"\" srcset=\"https:\/\/shuliybaler.com\/wp-content\/uploads\/2022\/12\/copper-wire-shredder.webp 720w, https:\/\/shuliybaler.com\/wp-content\/uploads\/2022\/12\/copper-wire-shredder-360x270.webp 360w, https:\/\/shuliybaler.com\/wp-content\/uploads\/2022\/12\/copper-wire-shredder-180x135.webp 180w\" sizes=\"auto, (max-width: 720px) 100vw, 720px\" \/><figcaption class=\"wp-element-caption\">Przew\u00f3d miedziany do rozdrabniania<\/figcaption><\/figure>    <figure class=\"wp-block-image size-large\"><img loading=\"lazy\" decoding=\"async\" width=\"720\" height=\"540\" data-id=\"3007\" src=\"https:\/\/shuliybaler.com\/wp-content\/uploads\/2022\/12\/copper-wire.webp\" alt=\"rozdrabniacz przewod\u00f3w miedzianych\" class=\"wp-image-3007\" title=\"\" srcset=\"https:\/\/shuliybaler.com\/wp-content\/uploads\/2022\/12\/copper-wire.webp 720w, https:\/\/shuliybaler.com\/wp-content\/uploads\/2022\/12\/copper-wire-360x270.webp 360w, https:\/\/shuliybaler.com\/wp-content\/uploads\/2022\/12\/copper-wire-180x135.webp 180w\" sizes=\"auto, (max-width: 720px) 100vw, 720px\" \/><figcaption class=\"wp-element-caption\">Przew\u00f3d miedziany do rozdrabniania<\/figcaption><\/figure> <\/figure>    <p>Rozdrabniacz do przewod\u00f3w miedzianych mo\u017ce r\u00f3wnie\u017c rozdrabnia\u0107 odpadowy metal, beczki \u017celazne, plastik, kartony, drewno i inne materia\u0142y, kt\u00f3re s\u0105 szeroko stosowane i trwa\u0142e. Ta maszyna do mia\u017cd\u017cenia ta\u015bm kablowych jest bardzo popularna w Belgii, Chile, Po\u0142udniowej Afryce, Kanadzie i Maroku.<\/p>   <div class=\"wp-block-image\"> <figure class=\"aligncenter size-full\"><img loading=\"lazy\" decoding=\"async\" width=\"720\" height=\"540\" src=\"https:\/\/shuliybaler.com\/wp-content\/uploads\/2022\/12\/shredder-material.webp\" alt=\"materia\u0142 rozdrabniacza\" class=\"wp-image-3012\" title=\"\" srcset=\"https:\/\/shuliybaler.com\/wp-content\/uploads\/2022\/12\/shredder-material.webp 720w, https:\/\/shuliybaler.com\/wp-content\/uploads\/2022\/12\/shredder-material-360x270.webp 360w, https:\/\/shuliybaler.com\/wp-content\/uploads\/2022\/12\/shredder-material-180x135.webp 180w\" sizes=\"auto, (max-width: 720px) 100vw, 720px\" \/><figcaption class=\"wp-element-caption\">materia\u0142 rozdrabniacza<\/figcaption><\/figure> <\/div>   <h2 class=\"wp-block-heading\">Dlaczego recyklingowa\u0107 przewody\uff1f<\/h2>    <h3 class=\"wp-block-heading\">Przew\u00f3d miedziany ma wysok\u0105 warto\u015b\u0107 u\u017cytkow\u0105<\/h3>    <figure class=\"wp-block-gallery has-nested-images columns-default is-cropped wp-block-gallery-3 is-layout-flex wp-block-gallery-is-layout-flex\"> <figure class=\"wp-block-image size-large\"><img loading=\"lazy\" decoding=\"async\" width=\"720\" height=\"540\" data-id=\"3008\" src=\"https:\/\/shuliybaler.com\/wp-content\/uploads\/2022\/12\/copper-wire-1.webp\" alt=\"Przew\u00f3d miedziany\" class=\"wp-image-3008\" title=\"\" srcset=\"https:\/\/shuliybaler.com\/wp-content\/uploads\/2022\/12\/copper-wire-1.webp 720w, https:\/\/shuliybaler.com\/wp-content\/uploads\/2022\/12\/copper-wire-1-360x270.webp 360w, https:\/\/shuliybaler.com\/wp-content\/uploads\/2022\/12\/copper-wire-1-180x135.webp 180w\" sizes=\"auto, (max-width: 720px) 100vw, 720px\" \/><figcaption class=\"wp-element-caption\">Przew\u00f3d miedziany<\/figcaption><\/figure>    <figure class=\"wp-block-image size-large\"><img loading=\"lazy\" decoding=\"async\" width=\"720\" height=\"540\" data-id=\"3009\" src=\"https:\/\/shuliybaler.com\/wp-content\/uploads\/2022\/12\/copper-wire-after-shredder.webp\" alt=\"Przew\u00f3d miedziany po rozdrabnianiu\" class=\"wp-image-3009\" title=\"\" srcset=\"https:\/\/shuliybaler.com\/wp-content\/uploads\/2022\/12\/copper-wire-after-shredder.webp 720w, https:\/\/shuliybaler.com\/wp-content\/uploads\/2022\/12\/copper-wire-after-shredder-360x270.webp 360w, https:\/\/shuliybaler.com\/wp-content\/uploads\/2022\/12\/copper-wire-after-shredder-180x135.webp 180w\" sizes=\"auto, (max-width: 720px) 100vw, 720px\" \/><figcaption class=\"wp-element-caption\">Przew\u00f3d miedziany po rozdrabniaczu<\/figcaption><\/figure> <\/figure>    <p>Wiele przewod\u00f3w to przewody miedziane, przewody s\u0105 bardzo ci\u0119\u017ckie ze wzgl\u0119du na metal w przewodach, a mied\u017a jest bardzo cenna, poniewa\u017c jest metalem nieodnawialnym. Dlatego ma wysok\u0105 warto\u015b\u0107 recyklingow\u0105.<\/p>    <h3 class=\"wp-block-heading\">Wysoka wydajno\u015b\u0107 recyklingu przewod\u00f3w<\/h3>    <figure class=\"wp-block-gallery has-nested-images columns-default is-cropped wp-block-gallery-4 is-layout-flex wp-block-gallery-is-layout-flex\"> <figure class=\"wp-block-image size-large\"><img loading=\"lazy\" decoding=\"async\" width=\"720\" height=\"540\" data-id=\"3010\" src=\"https:\/\/shuliybaler.com\/wp-content\/uploads\/2022\/12\/cable-board.webp\" alt=\"P\u0142yta kablowa\" class=\"wp-image-3010\" title=\"\" srcset=\"https:\/\/shuliybaler.com\/wp-content\/uploads\/2022\/12\/cable-board.webp 720w, https:\/\/shuliybaler.com\/wp-content\/uploads\/2022\/12\/cable-board-360x270.webp 360w, https:\/\/shuliybaler.com\/wp-content\/uploads\/2022\/12\/cable-board-180x135.webp 180w\" sizes=\"auto, (max-width: 720px) 100vw, 720px\" \/><figcaption class=\"wp-element-caption\">Ta\u015bma kablowa<\/figcaption><\/figure>    <figure class=\"wp-block-image size-large\"><img loading=\"lazy\" decoding=\"async\" width=\"720\" height=\"540\" data-id=\"3011\" src=\"https:\/\/shuliybaler.com\/wp-content\/uploads\/2022\/12\/cable-board-after-crushing.webp\" alt=\"P\u0142yta kablowa po rozdrobnieniu\" class=\"wp-image-3011\" title=\"\" srcset=\"https:\/\/shuliybaler.com\/wp-content\/uploads\/2022\/12\/cable-board-after-crushing.webp 720w, https:\/\/shuliybaler.com\/wp-content\/uploads\/2022\/12\/cable-board-after-crushing-360x270.webp 360w, https:\/\/shuliybaler.com\/wp-content\/uploads\/2022\/12\/cable-board-after-crushing-180x135.webp 180w\" sizes=\"auto, (max-width: 720px) 100vw, 720px\" \/><figcaption class=\"wp-element-caption\">Ta\u015bma kablowa po zmia\u017cd\u017ceniu<\/figcaption><\/figure> <\/figure>    <p>Poniewa\u017c sk\u00f3ra jest uszkodzona lub u\u017cywana przez d\u0142ugi czas, te przewody b\u0119d\u0105 wyeliminowane, wi\u0119c wydajno\u015b\u0107 recyklingu jest wysoka i mo\u017cna j\u0105 skalowa\u0107.<\/p>    <h2 class=\"wp-block-heading\">Rola maszyn do mia\u017cd\u017cenia ta\u015bm kablowych w bran\u017cy kablowej<\/h2>    <figure class=\"wp-block-gallery has-nested-images columns-default is-cropped wp-block-gallery-5 is-layout-flex wp-block-gallery-is-layout-flex\"> <figure class=\"wp-block-image size-large\"><img loading=\"lazy\" decoding=\"async\" width=\"720\" height=\"540\" data-id=\"3013\" src=\"https:\/\/shuliybaler.com\/wp-content\/uploads\/2022\/12\/cable-board-crushing-machine-knife.webp\" alt=\"P\u0142yta kablowa do rozdrabniania\" class=\"wp-image-3013\" title=\"\" srcset=\"https:\/\/shuliybaler.com\/wp-content\/uploads\/2022\/12\/cable-board-crushing-machine-knife.webp 720w, https:\/\/shuliybaler.com\/wp-content\/uploads\/2022\/12\/cable-board-crushing-machine-knife-360x270.webp 360w, https:\/\/shuliybaler.com\/wp-content\/uploads\/2022\/12\/cable-board-crushing-machine-knife-180x135.webp 180w\" sizes=\"auto, (max-width: 720px) 100vw, 720px\" \/><figcaption class=\"wp-element-caption\">Maszyna do mia\u017cd\u017cenia ta\u015bm kablowych<\/figcaption><\/figure>    <figure class=\"wp-block-image size-large\"><img loading=\"lazy\" decoding=\"async\" width=\"720\" height=\"540\" data-id=\"3014\" src=\"https:\/\/shuliybaler.com\/wp-content\/uploads\/2022\/12\/cable-board-crushing-machine.webp\" alt=\"P\u0142yta kablowa do rozdrabniania\" class=\"wp-image-3014\" title=\"\" srcset=\"https:\/\/shuliybaler.com\/wp-content\/uploads\/2022\/12\/cable-board-crushing-machine.webp 720w, https:\/\/shuliybaler.com\/wp-content\/uploads\/2022\/12\/cable-board-crushing-machine-360x270.webp 360w, https:\/\/shuliybaler.com\/wp-content\/uploads\/2022\/12\/cable-board-crushing-machine-180x135.webp 180w\" sizes=\"auto, (max-width: 720px) 100vw, 720px\" \/><figcaption class=\"wp-element-caption\">Maszyna do mia\u017cd\u017cenia ta\u015bm kablowych<\/figcaption><\/figure> <\/figure>    <p>Podczas recyklingu kabli, g\u0142\u00f3wnie odzyskuje si\u0119 metal wewn\u0105trz, ale na zewn\u0105trz przewod\u00f3w mog\u0105 znajdowa\u0107 si\u0119 przewody izolowane, kt\u00f3re trzeba oddzieli\u0107. Rozdrabnianie przewod\u00f3w jest pierwszym krokiem w przetwarzaniu kabli.<\/p>    <h2 class=\"wp-block-heading\">Tryb zasilania rozdrabniacza do przewod\u00f3w miedzianych<\/h2>    <figure class=\"wp-block-gallery has-nested-images columns-default is-cropped wp-block-gallery-6 is-layout-flex wp-block-gallery-is-layout-flex\"> <figure class=\"wp-block-image size-large\"><img loading=\"lazy\" decoding=\"async\" width=\"720\" height=\"540\" data-id=\"3015\" src=\"https:\/\/shuliybaler.com\/wp-content\/uploads\/2022\/12\/copper-wire-shredder-1.webp\" alt=\"rozdrabniacz przewod\u00f3w miedzianych\" class=\"wp-image-3015\" title=\"\" srcset=\"https:\/\/shuliybaler.com\/wp-content\/uploads\/2022\/12\/copper-wire-shredder-1.webp 720w, https:\/\/shuliybaler.com\/wp-content\/uploads\/2022\/12\/copper-wire-shredder-1-360x270.webp 360w, https:\/\/shuliybaler.com\/wp-content\/uploads\/2022\/12\/copper-wire-shredder-1-180x135.webp 180w\" sizes=\"auto, (max-width: 720px) 100vw, 720px\" \/><figcaption class=\"wp-element-caption\">Przew\u00f3d miedziany do rozdrabniania<\/figcaption><\/figure>    <figure class=\"wp-block-image size-large\"><img loading=\"lazy\" decoding=\"async\" width=\"720\" height=\"540\" data-id=\"3016\" src=\"https:\/\/shuliybaler.com\/wp-content\/uploads\/2022\/12\/copper-wire-shredder-2.webp\" alt=\"rozdrabniacz przewod\u00f3w miedzianych\" class=\"wp-image-3016\" title=\"\" srcset=\"https:\/\/shuliybaler.com\/wp-content\/uploads\/2022\/12\/copper-wire-shredder-2.webp 720w, https:\/\/shuliybaler.com\/wp-content\/uploads\/2022\/12\/copper-wire-shredder-2-360x270.webp 360w, https:\/\/shuliybaler.com\/wp-content\/uploads\/2022\/12\/copper-wire-shredder-2-180x135.webp 180w\" sizes=\"auto, (max-width: 720px) 100vw, 720px\" \/><figcaption class=\"wp-element-caption\">Przew\u00f3d miedziany do rozdrabniania<\/figcaption><\/figure>    <figure class=\"wp-block-image size-large\"><img loading=\"lazy\" decoding=\"async\" width=\"720\" height=\"540\" data-id=\"3017\" src=\"https:\/\/shuliybaler.com\/wp-content\/uploads\/2022\/12\/copper-wire-shredder-3.webp\" alt=\"rozdrabniacz przewod\u00f3w miedzianych\" class=\"wp-image-3017\" title=\"\" srcset=\"https:\/\/shuliybaler.com\/wp-content\/uploads\/2022\/12\/copper-wire-shredder-3.webp 720w, https:\/\/shuliybaler.com\/wp-content\/uploads\/2022\/12\/copper-wire-shredder-3-360x270.webp 360w, https:\/\/shuliybaler.com\/wp-content\/uploads\/2022\/12\/copper-wire-shredder-3-180x135.webp 180w\" sizes=\"auto, (max-width: 720px) 100vw, 720px\" \/><figcaption class=\"wp-element-caption\">Przew\u00f3d miedziany do rozdrabniania<\/figcaption><\/figure> <\/figure>    <p>Maszyna do mia\u017cd\u017cenia ta\u015bm kablowych mo\u017ce korzysta\u0107 z energii elektrycznej lub by\u0107 wyposa\u017cona w silnik diesla do korzystania z oleju nap\u0119dowego. Mo\u017cesz wybra\u0107 odpowiedni\u0105 metod\u0119 w zale\u017cno\u015bci od miejsca produkcji i koszt\u00f3w produkcji. Wspieramy personalizacj\u0119.<\/p>    <h2 class=\"wp-block-heading\">Rozdrabniacz do przewod\u00f3w miedzianych w bran\u017cy recyklingowej<\/h2>    <figure class=\"wp-block-gallery has-nested-images columns-default is-cropped wp-block-gallery-7 is-layout-flex wp-block-gallery-is-layout-flex\"> <figure class=\"wp-block-image size-large\"><img loading=\"lazy\" decoding=\"async\" width=\"720\" height=\"540\" data-id=\"3019\" src=\"https:\/\/shuliybaler.com\/wp-content\/uploads\/2022\/12\/Copper-wire-shredder-machine.webp\" alt=\"Maszyna do rozdrabniania przewod\u00f3w miedzianych\" class=\"wp-image-3019\" title=\"\" srcset=\"https:\/\/shuliybaler.com\/wp-content\/uploads\/2022\/12\/Copper-wire-shredder-machine.webp 720w, https:\/\/shuliybaler.com\/wp-content\/uploads\/2022\/12\/Copper-wire-shredder-machine-360x270.webp 360w, https:\/\/shuliybaler.com\/wp-content\/uploads\/2022\/12\/Copper-wire-shredder-machine-180x135.webp 180w\" sizes=\"auto, (max-width: 720px) 100vw, 720px\" \/><figcaption class=\"wp-element-caption\">Maszyna do rozdrabniania przewod\u00f3w<\/figcaption><\/figure>    <figure class=\"wp-block-image size-large\"><img loading=\"lazy\" decoding=\"async\" width=\"720\" height=\"540\" data-id=\"3018\" src=\"https:\/\/shuliybaler.com\/wp-content\/uploads\/2022\/12\/Copper-wire-recycling-industry.webp\" alt=\"Bran\u017ca recyklingu przewod\u00f3w miedzianych\" class=\"wp-image-3018\" title=\"\" srcset=\"https:\/\/shuliybaler.com\/wp-content\/uploads\/2022\/12\/Copper-wire-recycling-industry.webp 720w, https:\/\/shuliybaler.com\/wp-content\/uploads\/2022\/12\/Copper-wire-recycling-industry-360x270.webp 360w, https:\/\/shuliybaler.com\/wp-content\/uploads\/2022\/12\/Copper-wire-recycling-industry-180x135.webp 180w\" sizes=\"auto, (max-width: 720px) 100vw, 720px\" \/><figcaption class=\"wp-element-caption\">Bran\u017ca recyklingu przewod\u00f3w miedzianych<\/figcaption><\/figure> <\/figure>    <p class=\"translation-block\">Ten rozdrabniacz do przewod\u00f3w mo\u017ce by\u0107 u\u017cywany nie tylko w bran\u017cy recyklingu przewod\u00f3w, ale tak\u017ce do recyklingu <a href=\"https:\/\/www.tmscrapmetals.com\/los-angeles-scrap-metal-price-quote\/\" data-type=\"URL\" data-id=\"https:\/\/www.tmscrapmetals.com\/los-angeles-scrap-metal-price-quote\/\" target=\"_blank\" rel=\"noopener\">metali z\u0142omowych<\/a>. Poniewa\u017c no\u017ce s\u0105 wystarczaj\u0105co twarde, mog\u0105 r\u00f3wnie\u017c przetwarza\u0107 metal. Dodatkowo, mo\u017ce r\u00f3wnie\u017c przetwarza\u0107 mi\u0119kkie materia\u0142y, takie jak kartony, wi\u0119c rozdrabniacz do rozrywania kabli ma szerokie zastosowanie.<\/p>    <h2 class=\"wp-block-heading\">Wyb\u00f3r modelu rozdrabniacza do przewod\u00f3w miedzianych<\/h2>    <figure class=\"wp-block-gallery has-nested-images columns-default is-cropped wp-block-gallery-8 is-layout-flex wp-block-gallery-is-layout-flex\"> <figure class=\"wp-block-image size-large\"><img loading=\"lazy\" decoding=\"async\" width=\"720\" height=\"540\" data-id=\"3020\" src=\"https:\/\/shuliybaler.com\/wp-content\/uploads\/2022\/12\/copper-wire-shredder-4.webp\" alt=\"rozdrabniacz przewod\u00f3w miedzianych\" class=\"wp-image-3020\" title=\"\" srcset=\"https:\/\/shuliybaler.com\/wp-content\/uploads\/2022\/12\/copper-wire-shredder-4.webp 720w, https:\/\/shuliybaler.com\/wp-content\/uploads\/2022\/12\/copper-wire-shredder-4-360x270.webp 360w, https:\/\/shuliybaler.com\/wp-content\/uploads\/2022\/12\/copper-wire-shredder-4-180x135.webp 180w\" sizes=\"auto, (max-width: 720px) 100vw, 720px\" \/><figcaption class=\"wp-element-caption\">Maszyna do rozdrabniania przewod\u00f3w<\/figcaption><\/figure>    <figure class=\"wp-block-image size-large\"><img loading=\"lazy\" decoding=\"async\" width=\"720\" height=\"540\" data-id=\"3021\" src=\"https:\/\/shuliybaler.com\/wp-content\/uploads\/2022\/12\/copper-wire-shredder-5.webp\" alt=\"rozdrabniacz przewod\u00f3w miedzianych\" class=\"wp-image-3021\" title=\"\" srcset=\"https:\/\/shuliybaler.com\/wp-content\/uploads\/2022\/12\/copper-wire-shredder-5.webp 720w, https:\/\/shuliybaler.com\/wp-content\/uploads\/2022\/12\/copper-wire-shredder-5-360x270.webp 360w, https:\/\/shuliybaler.com\/wp-content\/uploads\/2022\/12\/copper-wire-shredder-5-180x135.webp 180w\" sizes=\"auto, (max-width: 720px) 100vw, 720px\" \/><figcaption class=\"wp-element-caption\">Maszyna do rozdrabniania przewod\u00f3w<\/figcaption><\/figure> <\/figure>    <p class=\"translation-block\">Istnieje<a href=\"https:\/\/shuliybaler.com\/pl\/product\/plastic-shredder-machine\/\" data-type=\"URL\" data-id=\"https:\/\/shuliybaler.com\/product\/plastic-shredder-machine\/\"> kilka typ\u00f3w rozdrabniaczy<\/a>: 600, 800, 1000, 1200 i 1400. Dost\u0119pne s\u0105 szerokie zakresy maszyn do wyboru. Nasi in\u017cynierowie mog\u0105 skonfigurowa\u0107 najbardziej odpowiedni\u0105 maszyn\u0119 dla Ciebie w zale\u017cno\u015bci od Twoich materia\u0142\u00f3w. W razie potrzeby, prosimy o kontakt.<\/p>    <h2 class=\"wp-block-heading\">Wideo rozdrabniacza do przewod\u00f3w miedzianych<\/h2>    <figure class=\"wp-block-embed is-type-video is-provider-youtube wp-block-embed-youtube wp-embed-aspect-16-9 wp-has-aspect-ratio\"><div class=\"wp-block-embed__wrapper\"> <iframe loading=\"lazy\" title=\"Jaki rodzaj rozdrabniacza jest potrzebny do recyklingu miedzianych przewod\u00f3w\uff1f | rozdrabnianie i mia\u017cd\u017cenie z\u0142omu ta\u015bm kablowych\" width=\"500\" height=\"281\" src=\"https:\/\/www.youtube.com\/embed\/KUGPWyrz0bk?feature=oembed\" frameborder=\"0\" allow=\"accelerometer; autoplay; clipboard-write; encrypted-media; gyroscope; picture-in-picture; web-share\" referrerpolicy=\"strict-origin-when-cross-origin\" allowfullscreen><\/iframe> <\/div><figcaption class=\"wp-element-caption\">rozdrabniacz przewod\u00f3w miedzianych<\/figcaption><\/figure>","protected":false},"excerpt":{"rendered":"<p>A copper wire shredder is a machine for shredding cables. This scrap wire copper cable board shredder machine can shred both wires and cable boards. It is very suitable for the cable recycling industry. The machine is designed with two shafts and has high work efficiency. The copper wire shredder can also crush waste metal, [&hellip;]<\/p>\n","protected":false},"author":1,"featured_media":3005,"parent":0,"template":"","tags":[53,84],"product-type":[46],"class_list":["post-3004","product","type-product","status-publish","has-post-thumbnail","hentry","tag-scrap-copper-wire-shredder","tag-shredder","product-type-metal-shredder"],"_links":{"self":[{"href":"https:\/\/shuliybaler.com\/pl\/wp-json\/wp\/v2\/product\/3004","targetHints":{"allow":["GET"]}}],"collection":[{"href":"https:\/\/shuliybaler.com\/pl\/wp-json\/wp\/v2\/product"}],"about":[{"href":"https:\/\/shuliybaler.com\/pl\/wp-json\/wp\/v2\/types\/product"}],"author":[{"embeddable":true,"href":"https:\/\/shuliybaler.com\/pl\/wp-json\/wp\/v2\/users\/1"}],"wp:featuredmedia":[{"embeddable":true,"href":"https:\/\/shuliybaler.com\/pl\/wp-json\/wp\/v2\/media\/3005"}],"wp:attachment":[{"href":"https:\/\/shuliybaler.com\/pl\/wp-json\/wp\/v2\/media?parent=3004"}],"wp:term":[{"taxonomy":"post_tag","embeddable":true,"href":"https:\/\/shuliybaler.com\/pl\/wp-json\/wp\/v2\/tags?post=3004"},{"taxonomy":"product-type","embeddable":true,"href":"https:\/\/shuliybaler.com\/pl\/wp-json\/wp\/v2\/product-type?post=3004"}],"curies":[{"name":"wp","href":"https:\/\/api.w.org\/{rel}","templated":true}]}}