{"id":3031,"date":"2022-12-27T16:10:28","date_gmt":"2022-12-27T08:10:28","guid":{"rendered":"https:\/\/shuliybaler.com\/?post_type=product&#038;p=3031"},"modified":"2022-12-27T16:10:29","modified_gmt":"2022-12-27T08:10:29","slug":"corrugated-box-shredding-machine","status":"publish","type":"product","link":"https:\/\/shuliybaler.com\/pl\/product\/corrugated-box-shredding-machine\/","title":{"rendered":"Du\u017ca maszyna do rozdrabniania karton\u00f3w falistych"},"content":{"rendered":"<p class=\"translation-block\">Maszyna do rozdrabniania karton\u00f3w falistych to urz\u0105dzenie s\u0142u\u017c\u0105ce do rozdrabniania karton\u00f3w, g\u0142\u00f3wnie u\u017cywane w bran\u017cy recyklingu, mo\u017ce rozdrabnia\u0107 <a href=\"https:\/\/en.wikipedia.org\/wiki\/Drum_(container)\" data-type=\"URL\" data-id=\"https:\/\/en.wikipedia.org\/wiki\/Drum_(container)\" target=\"_blank\" rel=\"noopener\">metalowe b\u0119bny<\/a>, opony, palety drewniane, ga\u0142\u0119zie, ko\u015bci zwierz\u0105t itp. Jest szeroko stosowana i ma siln\u0105 zdolno\u015b\u0107 rozdrabniania.<\/p>    <h2 class=\"wp-block-heading\">Recykling karton\u00f3w falistych<\/h2>    <figure class=\"wp-block-gallery has-nested-images columns-default is-cropped wp-block-gallery-2 is-layout-flex wp-block-gallery-is-layout-flex\"> <figure class=\"wp-block-image size-large\"><img loading=\"lazy\" decoding=\"async\" width=\"720\" height=\"540\" data-id=\"3033\" src=\"https:\/\/shuliybaler.com\/wp-content\/uploads\/2022\/12\/corrugated-box.webp\" alt=\"Kartony faliste\" class=\"wp-image-3033\" title=\"\" srcset=\"https:\/\/shuliybaler.com\/wp-content\/uploads\/2022\/12\/corrugated-box.webp 720w, https:\/\/shuliybaler.com\/wp-content\/uploads\/2022\/12\/corrugated-box-360x270.webp 360w, https:\/\/shuliybaler.com\/wp-content\/uploads\/2022\/12\/corrugated-box-180x135.webp 180w\" sizes=\"auto, (max-width: 720px) 100vw, 720px\" \/><figcaption class=\"wp-element-caption\">Karton falisty<\/figcaption><\/figure>    <figure class=\"wp-block-image size-large\"><img loading=\"lazy\" decoding=\"async\" width=\"720\" height=\"540\" data-id=\"3034\" src=\"https:\/\/shuliybaler.com\/wp-content\/uploads\/2022\/12\/corrugated-box-shredding.webp\" alt=\"Rozdrabnianie karton\u00f3w falistych \" class=\"wp-image-3034\" title=\"\" srcset=\"https:\/\/shuliybaler.com\/wp-content\/uploads\/2022\/12\/corrugated-box-shredding.webp 720w, https:\/\/shuliybaler.com\/wp-content\/uploads\/2022\/12\/corrugated-box-shredding-360x270.webp 360w, https:\/\/shuliybaler.com\/wp-content\/uploads\/2022\/12\/corrugated-box-shredding-180x135.webp 180w\" sizes=\"auto, (max-width: 720px) 100vw, 720px\" \/><figcaption class=\"wp-element-caption\">Rozdrabnianie karton\u00f3w falistych <\/figcaption><\/figure> <\/figure>    <p>Karton falisty s\u0142u\u017cy do transportu i pakowania. Kartony maj\u0105 okre\u015blon\u0105 \u017cywotno\u015b\u0107. Po wielokrotnym u\u017cyciu, kartony s\u0105 wycofywane i trafiaj\u0105 do systemu recyklingu. Kartony faliste mo\u017cna ponownie u\u017cy\u0107 po zgnieceniu lub przerobieniu na inne produkty papierowe, np. tacki na jajka.<\/p>    <h2 class=\"wp-block-heading\">Maszyna do rozdrabniania karton\u00f3w falistych<\/h2>   <div class=\"wp-block-image\"> <figure class=\"aligncenter size-full\"><img loading=\"lazy\" decoding=\"async\" width=\"720\" height=\"540\" src=\"https:\/\/shuliybaler.com\/wp-content\/uploads\/2022\/12\/Corrugated-box-shredding-machine.webp\" alt=\"Maszyna do rozdrabniania karton\u00f3w falistych\" class=\"wp-image-3035\" title=\"\" srcset=\"https:\/\/shuliybaler.com\/wp-content\/uploads\/2022\/12\/Corrugated-box-shredding-machine.webp 720w, https:\/\/shuliybaler.com\/wp-content\/uploads\/2022\/12\/Corrugated-box-shredding-machine-360x270.webp 360w, https:\/\/shuliybaler.com\/wp-content\/uploads\/2022\/12\/Corrugated-box-shredding-machine-180x135.webp 180w\" sizes=\"auto, (max-width: 720px) 100vw, 720px\" \/><figcaption class=\"wp-element-caption\">Maszyna do rozdrabniania karton\u00f3w falistych<\/figcaption><\/figure> <\/div>   <p>Po szybkim rozdrobnieniu na ma\u0142e kawa\u0142ki przez maszyn\u0119 do rozdrabniania karton\u00f3w falistych, jest to wygodne do p\u00f3\u017aniejszego procesu bielenia papieru. Po dodaniu surowc\u00f3w chemicznych mo\u017cna wyprodukowa\u0107 nowy papier. W por\u00f3wnaniu z nowymi produktami papierowymi, recyklingowany papier powoduje mniej zanieczyszcze\u0144 \u015brodowiska.<\/p>    <h2 class=\"wp-block-heading\">Funkcje maszyny do rozdrabniania karton\u00f3w falistych:<\/h2>   <div class=\"wp-block-image\"> <figure class=\"aligncenter size-full\"><img loading=\"lazy\" decoding=\"async\" width=\"720\" height=\"540\" src=\"https:\/\/shuliybaler.com\/wp-content\/uploads\/2022\/12\/corrugated-box-shredder.webp\" alt=\"maszyna do rozdrabniania karton\u00f3w falistych\" class=\"wp-image-3037\" title=\"\" srcset=\"https:\/\/shuliybaler.com\/wp-content\/uploads\/2022\/12\/corrugated-box-shredder.webp 720w, https:\/\/shuliybaler.com\/wp-content\/uploads\/2022\/12\/corrugated-box-shredder-360x270.webp 360w, https:\/\/shuliybaler.com\/wp-content\/uploads\/2022\/12\/corrugated-box-shredder-180x135.webp 180w\" sizes=\"auto, (max-width: 720px) 100vw, 720px\" \/><figcaption class=\"wp-element-caption\">maszyna do rozdrabniania karton\u00f3w falistych<\/figcaption><\/figure> <\/div>   <ol class=\"wp-block-list\"> <li>Kompletny box na no\u017ce.<br>Zapewnia wysok\u0105 wytrzyma\u0142o\u015b\u0107 mechaniczn\u0105 i precyzj\u0119 obr\u00f3bki, wyd\u0142u\u017ca \u017cywotno\u015b\u0107 urz\u0105dzenia i obni\u017ca koszty konserwacji.<\/li>    <li>Technologia wymiany narz\u0119dzi.<br>Ka\u017cdy sta\u0142y n\u00f3\u017c mo\u017cna zdemontowa\u0107 i zamontowa\u0107, a tak\u017ce szybko rozmontowa\u0107 w kr\u00f3tkim czasie, co znacznie zmniejsza obci\u0105\u017cenie pracownik\u00f3w.<\/li>    <li>Funkcje inteligentne.<br>Wykorzystuje inteligentn\u0105 technologi\u0119 GEP do automatycznego smarowania, inteligentnego wykrywania i alarmowania o nieprawid\u0142owo\u015bciach, a tak\u017ce projektuje system ochrony inteligentnej dla nie\u0142amliwych obiekt\u00f3w, co obni\u017ca koszty konserwacji i ryzyko awarii, zapewniaj\u0105c d\u0142ugoterminow\u0105 zdrow\u0105 prac\u0119 urz\u0105dzenia.<\/li>    <li>G\u0142\u00f3wny wa\u0142 ma dobr\u0105 stabilno\u015b\u0107 i siln\u0105 zdolno\u015b\u0107 do absorpcji uderze\u0144.<br>G\u0142\u00f3wny wa\u0142 wykonany jest z specjalnego materia\u0142u, kt\u00f3ry by\u0142 poddawany obr\u00f3bce cieplnej i wielokrotnemu przetwarzaniu, dzi\u0119ki czemu ma dobr\u0105 wytrzyma\u0142o\u015b\u0107 mechaniczn\u0105, siln\u0105 odporno\u015b\u0107 na starzenie i uderzenia oraz d\u0142ug\u0105 \u017cywotno\u015b\u0107.<\/li>    <li>Importowane \u0142o\u017cyska i wielokrotne uszczelnienia z\u0142o\u017cone.<br>Wysoka odporno\u015b\u0107 na obci\u0105\u017cenia, d\u0142uga \u017cywotno\u015b\u0107, py\u0142oszczelno\u015b\u0107, wodoodporno\u015b\u0107 i odporno\u015b\u0107 na zabrudzenia, co zapewnia ci\u0105g\u0142\u0105 i stabiln\u0105 prac\u0119 maszyny.<\/li>    <li>Szafa sterownicza z ekranem dotykowym PLC.<br>Wykorzystuje szaf\u0119 sterownicz\u0105 z ekranem dotykowym Siemens PLC, wyposa\u017con\u0105 w zaawansowane komponenty elektryczne, dobr\u0105 stabilno\u015b\u0107 i \u0142atw\u0105 obs\u0142ug\u0119.<\/li> <\/ol>    <figure class=\"wp-block-gallery has-nested-images columns-default is-cropped wp-block-gallery-3 is-layout-flex wp-block-gallery-is-layout-flex\"> <figure class=\"wp-block-image size-large\"><img loading=\"lazy\" decoding=\"async\" width=\"720\" height=\"540\" data-id=\"3038\" src=\"https:\/\/shuliybaler.com\/wp-content\/uploads\/2022\/12\/corrugated-box-shredder-1.webp\" alt=\"maszyna do rozdrabniania karton\u00f3w falistych\" class=\"wp-image-3038\" title=\"\" srcset=\"https:\/\/shuliybaler.com\/wp-content\/uploads\/2022\/12\/corrugated-box-shredder-1.webp 720w, https:\/\/shuliybaler.com\/wp-content\/uploads\/2022\/12\/corrugated-box-shredder-1-360x270.webp 360w, https:\/\/shuliybaler.com\/wp-content\/uploads\/2022\/12\/corrugated-box-shredder-1-180x135.webp 180w\" sizes=\"auto, (max-width: 720px) 100vw, 720px\" \/><figcaption class=\"wp-element-caption\">Maszyna do rozdrabniania karton\u00f3w falistych<\/figcaption><\/figure>    <figure class=\"wp-block-image size-large\"><img loading=\"lazy\" decoding=\"async\" width=\"720\" height=\"540\" data-id=\"3039\" src=\"https:\/\/shuliybaler.com\/wp-content\/uploads\/2022\/12\/corrugated-box-shredder-knife.webp\" alt=\"No\u017cyk do rozdrabniacza karton\u00f3w falistych\" class=\"wp-image-3039\" title=\"\" srcset=\"https:\/\/shuliybaler.com\/wp-content\/uploads\/2022\/12\/corrugated-box-shredder-knife.webp 720w, https:\/\/shuliybaler.com\/wp-content\/uploads\/2022\/12\/corrugated-box-shredder-knife-360x270.webp 360w, https:\/\/shuliybaler.com\/wp-content\/uploads\/2022\/12\/corrugated-box-shredder-knife-180x135.webp 180w\" sizes=\"auto, (max-width: 720px) 100vw, 720px\" \/><figcaption class=\"wp-element-caption\">N\u00f3\u017c do rozdrabniarki do karton\u00f3w falistych<\/figcaption><\/figure> <\/figure>    <h2 class=\"wp-block-heading\">Parametry rozdrabniarki do karton\u00f3w falistych<\/h2>    <figure class=\"wp-block-table\"><table><tbody><tr><td>Model<\/td><td>SL1000<\/td><\/tr><tr><td>\u015arednica tarczy ostrza (mm)<\/td><td>485<\/td><\/tr><tr><td>Grubo\u015b\u0107 ostrza (mm)<\/td><td>50<\/td><\/tr><tr><td>Liczba ostrzy<\/td><td>20<\/td><\/tr><tr><td>\u015arednica wa\u0142u (mm)<\/td><td>260<\/td><\/tr><tr><td>Wymiary (mm)<\/td><td>4500\u00d71900\u00d72200<\/td><\/tr><tr><td>Rozmiar otwarcia Hopper (mm)<\/td><td>1400\u00d71200<\/td><\/tr><tr><td>Rozmiar pomieszczenia na z\u0142amanie (mm)<\/td><td>1200\u00d71050<\/td><\/tr><tr><td>Grubo\u015b\u0107 kartonu (mm)<\/td><td>50<\/td><\/tr><tr><td>Moc silnika (kW)<\/td><td>Y-6 45kw\u00d72<\/td><\/tr><tr><td>Pr\u0119dko\u015b\u0107 (na minut\u0119\/obr\u00f3t)<\/td><td>9-15<\/td><\/tr><tr><td>Szafka rozdzielcza<\/td><td>Automatyczne prze\u0142\u0105czanie w tryb przeci\u0105\u017cenia i cofania<\/td><\/tr><\/tbody><\/table><figcaption class=\"wp-element-caption\">maszyna do rozdrabniania karton\u00f3w falistych<\/figcaption><\/figure>   <div class=\"wp-block-image\"> <figure class=\"aligncenter size-full\"><img loading=\"lazy\" decoding=\"async\" width=\"720\" height=\"540\" src=\"https:\/\/shuliybaler.com\/wp-content\/uploads\/2022\/12\/corrugated-box-shredding-machine-1.webp\" alt=\"maszyna do rozdrabniania karton\u00f3w falistych\" class=\"wp-image-3040\" title=\"\" srcset=\"https:\/\/shuliybaler.com\/wp-content\/uploads\/2022\/12\/corrugated-box-shredding-machine-1.webp 720w, https:\/\/shuliybaler.com\/wp-content\/uploads\/2022\/12\/corrugated-box-shredding-machine-1-360x270.webp 360w, https:\/\/shuliybaler.com\/wp-content\/uploads\/2022\/12\/corrugated-box-shredding-machine-1-180x135.webp 180w\" sizes=\"auto, (max-width: 720px) 100vw, 720px\" \/><figcaption class=\"wp-element-caption\">maszyna do rozdrabniania karton\u00f3w falistych<\/figcaption><\/figure> <\/div>   <h2 class=\"wp-block-heading\">Przypadek klienta z maszyn\u0105 do rozdrabniania karton\u00f3w falistych<\/h2>   <div class=\"wp-block-image\"> <figure class=\"aligncenter size-full\"><img loading=\"lazy\" decoding=\"async\" width=\"720\" height=\"540\" src=\"https:\/\/shuliybaler.com\/wp-content\/uploads\/2022\/12\/corrugated-box-shredding-machines.webp\" alt=\"maszyny do rozdrabniania karton\u00f3w falistych\" class=\"wp-image-3036\" title=\"\" srcset=\"https:\/\/shuliybaler.com\/wp-content\/uploads\/2022\/12\/corrugated-box-shredding-machines.webp 720w, https:\/\/shuliybaler.com\/wp-content\/uploads\/2022\/12\/corrugated-box-shredding-machines-360x270.webp 360w, https:\/\/shuliybaler.com\/wp-content\/uploads\/2022\/12\/corrugated-box-shredding-machines-180x135.webp 180w\" sizes=\"auto, (max-width: 720px) 100vw, 720px\" \/><figcaption class=\"wp-element-caption\">maszyny do rozdrabniania karton\u00f3w falistych<\/figcaption><\/figure> <\/div>   <p class=\"translation-block\">Klient zakupi\u0142 <a href=\"https:\/\/shuliybaler.com\/pl\/product\/scrap-metal-shredder-machine\/\" data-type=\"URL\" data-id=\"https:\/\/shuliybaler.com\/product\/scrap-metal-shredder-machine\/\">rozdrabniacz<\/a> do rozdrabniania ko\u015bci wo\u0142owych. Ko\u015bci s\u0105 bardzo twarde, a niekt\u00f3re bardzo du\u017ce, wi\u0119c og\u00f3lne maszyny do mi\u0119sa nie mog\u0105 ich obs\u0142u\u017cy\u0107. Klient obejrza\u0142 film z naszym rozdrabniaczem rozdrabniaj\u0105cym metalowe b\u0119bny, wi\u0119c zapyta\u0142, czy mo\u017cemy przetworzy\u0107 jego ko\u015bci wo\u0142owe, cho\u0107 wcze\u015bniej nie mieli\u015bmy do\u015bwiadczenia w rozdrabnianiu ko\u015bci, to w teorii jest to mo\u017cliwe, poniewa\u017c nasze maszyny z \u0142atwo\u015bci\u0105 obs\u0142uguj\u0105 narz\u0119dzia z metalu.<br>Kupili\u015bmy ko\u015bci wo\u0142owe do test\u00f3w i okaza\u0142y si\u0119 bardzo skuteczne. Nakr\u0119cili\u015bmy film i wys\u0142ali\u015bmy go klientowi, kt\u00f3ry by\u0142 r\u00f3wnie\u017c bardzo zadowolony. Klient zam\u00f3wi\u0142 rozdrabniacz na jeden dzie\u0144 do u\u017cytku w swojej zak\u0142adzie przetw\u00f3rstwa mi\u0119sa.<\/p>","protected":false},"excerpt":{"rendered":"<p>Maszyna do rozdrabniania karton\u00f3w falistych to maszyna s\u0142u\u017c\u0105ca do rozdrabniania karton\u00f3w, g\u0142\u00f3wnie u\u017cywana w bran\u017cy recyklingu, mo\u017ce rozdrabnia\u0107 \u017celiwne b\u0119bny, opony, palety drewniane, ga\u0142\u0119zie, ko\u015bci zwierz\u0105t itp. Jest szeroko stosowana i ma siln\u0105 zdolno\u015b\u0107 rozdrabniania.<\/p>","protected":false},"author":1,"featured_media":3032,"parent":0,"template":"","tags":[56],"product-type":[46],"class_list":["post-3031","product","type-product","status-publish","has-post-thumbnail","hentry","tag-corrugated-box-shredding-machine","product-type-metal-shredder"],"_links":{"self":[{"href":"https:\/\/shuliybaler.com\/pl\/wp-json\/wp\/v2\/product\/3031","targetHints":{"allow":["GET"]}}],"collection":[{"href":"https:\/\/shuliybaler.com\/pl\/wp-json\/wp\/v2\/product"}],"about":[{"href":"https:\/\/shuliybaler.com\/pl\/wp-json\/wp\/v2\/types\/product"}],"author":[{"embeddable":true,"href":"https:\/\/shuliybaler.com\/pl\/wp-json\/wp\/v2\/users\/1"}],"wp:featuredmedia":[{"embeddable":true,"href":"https:\/\/shuliybaler.com\/pl\/wp-json\/wp\/v2\/media\/3032"}],"wp:attachment":[{"href":"https:\/\/shuliybaler.com\/pl\/wp-json\/wp\/v2\/media?parent=3031"}],"wp:term":[{"taxonomy":"post_tag","embeddable":true,"href":"https:\/\/shuliybaler.com\/pl\/wp-json\/wp\/v2\/tags?post=3031"},{"taxonomy":"product-type","embeddable":true,"href":"https:\/\/shuliybaler.com\/pl\/wp-json\/wp\/v2\/product-type?post=3031"}],"curies":[{"name":"wp","href":"https:\/\/api.w.org\/{rel}","templated":true}]}}