{"id":3051,"date":"2023-01-06T11:14:47","date_gmt":"2023-01-06T03:14:47","guid":{"rendered":"https:\/\/shuliybaler.com\/?post_type=product&#038;p=3051"},"modified":"2025-02-08T15:25:15","modified_gmt":"2025-02-08T07:25:15","slug":"animal-bone-shredding-crusher-machine","status":"publish","type":"product","link":"https:\/\/shuliybaler.com\/pl\/product\/animal-bone-shredding-crusher-machine\/","title":{"rendered":"Maszyna do rozdrabniania ko\u015bci zwierz\u0119cych"},"content":{"rendered":"<p>Maszyna do rozdrabniania ko\u015bci zwierz\u0119cych to urz\u0105dzenie do rozdrabniania twardych ko\u015bci zwierz\u0105t. Maszyna mo\u017ce by\u0107 u\u017cywana w rze\u017aniach i zak\u0142adach przetw\u00f3rstwa spo\u017cywczego. Rozdrabniacz do ko\u015bci zwierz\u0119cych charakteryzuje si\u0119 wysok\u0105 wydajno\u015bci\u0105 pracy.<\/p>    <figure class=\"wp-block-gallery has-nested-images columns-default is-cropped wp-block-gallery-2 is-layout-flex wp-block-gallery-is-layout-flex\"> <figure class=\"wp-block-image size-large\"><img loading=\"lazy\" decoding=\"async\" width=\"720\" height=\"540\" data-id=\"3062\" src=\"https:\/\/shuliybaler.com\/wp-content\/uploads\/2023\/01\/bone-shredding-crusher.jpg\" alt=\"Rozdrabniacz ko\u015bci\" class=\"wp-image-3062\" title=\"\" srcset=\"https:\/\/shuliybaler.com\/wp-content\/uploads\/2023\/01\/bone-shredding-crusher.jpg 720w, https:\/\/shuliybaler.com\/wp-content\/uploads\/2023\/01\/bone-shredding-crusher-360x270.jpg 360w, https:\/\/shuliybaler.com\/wp-content\/uploads\/2023\/01\/bone-shredding-crusher-180x135.jpg 180w\" sizes=\"auto, (max-width: 720px) 100vw, 720px\" \/><figcaption class=\"wp-element-caption\">Rozdrabniacz do rozdrabniania ko\u015bci<\/figcaption><\/figure>    <figure class=\"wp-block-image size-large\"><img loading=\"lazy\" decoding=\"async\" width=\"720\" height=\"540\" data-id=\"3063\" src=\"https:\/\/shuliybaler.com\/wp-content\/uploads\/2023\/01\/bone-shredding-crusher-1.jpg\" alt=\"Rozdrabniacz ko\u015bci\" class=\"wp-image-3063\" title=\"\" srcset=\"https:\/\/shuliybaler.com\/wp-content\/uploads\/2023\/01\/bone-shredding-crusher-1.jpg 720w, https:\/\/shuliybaler.com\/wp-content\/uploads\/2023\/01\/bone-shredding-crusher-1-360x270.jpg 360w, https:\/\/shuliybaler.com\/wp-content\/uploads\/2023\/01\/bone-shredding-crusher-1-180x135.jpg 180w\" sizes=\"auto, (max-width: 720px) 100vw, 720px\" \/><figcaption class=\"wp-element-caption\">Rozdrabniacz do rozdrabniania ko\u015bci<\/figcaption><\/figure> <\/figure>    <h2 class=\"wp-block-heading\">Jakie produkty mo\u017cna przetwarza\u0107 za pomoc\u0105 rozdrabniacza ko\u015bci?  <\/h2>    <h3 class=\"wp-block-heading\">Rozdrabniacze do ko\u015bci i mi\u0119sa<\/h3>    <figure class=\"wp-block-gallery has-nested-images columns-default is-cropped wp-block-gallery-3 is-layout-flex wp-block-gallery-is-layout-flex\"> <figure class=\"wp-block-image size-large\"><img loading=\"lazy\" decoding=\"async\" width=\"720\" height=\"540\" data-id=\"3053\" src=\"https:\/\/shuliybaler.com\/wp-content\/uploads\/2023\/01\/bones.jpg\" alt=\"ko\u015bci \" class=\"wp-image-3053\" title=\"\" srcset=\"https:\/\/shuliybaler.com\/wp-content\/uploads\/2023\/01\/bones.jpg 720w, https:\/\/shuliybaler.com\/wp-content\/uploads\/2023\/01\/bones-360x270.jpg 360w, https:\/\/shuliybaler.com\/wp-content\/uploads\/2023\/01\/bones-180x135.jpg 180w\" sizes=\"auto, (max-width: 720px) 100vw, 720px\" \/><figcaption class=\"wp-element-caption\">Ko\u015bci <\/figcaption><\/figure>    <figure class=\"wp-block-image size-large\"><img loading=\"lazy\" decoding=\"async\" width=\"720\" height=\"540\" data-id=\"3054\" src=\"https:\/\/shuliybaler.com\/wp-content\/uploads\/2023\/01\/beef-bone.jpg\" alt=\"Wo\u0142owina ko\u015bci\" class=\"wp-image-3054\" title=\"\" srcset=\"https:\/\/shuliybaler.com\/wp-content\/uploads\/2023\/01\/beef-bone.jpg 720w, https:\/\/shuliybaler.com\/wp-content\/uploads\/2023\/01\/beef-bone-360x270.jpg 360w, https:\/\/shuliybaler.com\/wp-content\/uploads\/2023\/01\/beef-bone-180x135.jpg 180w\" sizes=\"auto, (max-width: 720px) 100vw, 720px\" \/><figcaption class=\"wp-element-caption\">Ko\u015b\u0107 wo\u0142owa<\/figcaption><\/figure> <\/figure>    <p>Rozdrabniacz do ko\u015bci zwierz\u0119cych mo\u017ce nie tylko rozdrabnia\u0107 ko\u015bci, ale tak\u017ce mro\u017cone i \u015bwie\u017ce mi\u0119so. Rozdrabniacz do ko\u015bci zwierz\u0119cych mo\u017ce by\u0107 u\u017cywany do przetwarzania karmy dla zwierz\u0105t. Ponadto, rozdrabniacz do ko\u015bci zwierz\u0119cych mo\u017ce s\u0142u\u017cy\u0107 do utylizacji martwych cia\u0142 zwierz\u0105t, na przyk\u0142ad podczas spalania, co sprzyja spalaniu i zwi\u0119ksza wydajno\u015b\u0107 spalania.<\/p>    <h3 class=\"wp-block-heading\">Rozdrabniacz do metali<\/h3>    <p class=\"translation-block\">Ten rozdrabniacz mo\u017ce tak\u017ce<a href=\"https:\/\/shuliybaler.com\/pl\/product\/scrap-metal-shredder-machine\/\" data-type=\"URL\" data-id=\"https:\/\/shuliybaler.com\/product\/scrap-metal-shredder-machine\/\"> rozdrabnia\u0107 produkty metalowe<\/a>, takie jak silniki, rowery, rury metalowe itp.<\/p>    <h2 class=\"wp-block-heading\">Jakie problemy mog\u0105 wyst\u0105pi\u0107 podczas \u0142amania ko\u015bci?<\/h2>   <div class=\"wp-block-image\"> <figure class=\"aligncenter size-full\"><img loading=\"lazy\" decoding=\"async\" width=\"720\" height=\"540\" src=\"https:\/\/shuliybaler.com\/wp-content\/uploads\/2023\/01\/bone-crusher.jpg\" alt=\"rozdrabniacz ko\u015bci\" class=\"wp-image-3061\" title=\"\" srcset=\"https:\/\/shuliybaler.com\/wp-content\/uploads\/2023\/01\/bone-crusher.jpg 720w, https:\/\/shuliybaler.com\/wp-content\/uploads\/2023\/01\/bone-crusher-360x270.jpg 360w, https:\/\/shuliybaler.com\/wp-content\/uploads\/2023\/01\/bone-crusher-180x135.jpg 180w\" sizes=\"auto, (max-width: 720px) 100vw, 720px\" \/><figcaption class=\"wp-element-caption\">rozdrabniacz ko\u015bci<\/figcaption><\/figure> <\/div>   <p class=\"translation-block\">Podczas rozdrabniania ko\u015bci mog\u0105 one by\u0107 zbyt du\u017ce z powodu rozmiaru, wi\u0119c <a href=\"https:\/\/www.meatprocessingmachine.org\/products\/meat-cutting-machine\/\" data-type=\"URL\" data-id=\"https:\/\/www.meatprocessingmachine.org\/products\/meat-cutting-machine\/\" target=\"_blank\" rel=\"noopener\">og\u00f3lna maszyna do przetwarzania mi\u0119sa<\/a> nie poradzi sobie z nimi podczas rozdrabniania, lub je\u015bli zostan\u0105 u\u017cyte, mog\u0105 spowodowa\u0107 powa\u017cne uszkodzenia maszyny i skr\u00f3ci\u0107 jej \u017cywotno\u015b\u0107. Jednak ostrze tego rozdrabniacza do ko\u015bci wykonane jest z tego samego materia\u0142u H13, co pozwala na \u0142atwe rozdrabnianie element\u00f3w metalowych i du\u017cych ko\u015bci.<\/p>    <h2 class=\"wp-block-heading\">Zalety rozdrabniacza do ko\u015bci zwierz\u0119cych<\/h2>    <figure class=\"wp-block-gallery has-nested-images columns-default is-cropped wp-block-gallery-4 is-layout-flex wp-block-gallery-is-layout-flex\"> <figure class=\"wp-block-image size-large\"><img loading=\"lazy\" decoding=\"async\" width=\"720\" height=\"540\" data-id=\"3055\" src=\"https:\/\/shuliybaler.com\/wp-content\/uploads\/2023\/01\/bone-shredding-crusher-machine.jpg\" alt=\"Rozdrabniacz ko\u015bci\" class=\"wp-image-3055\" title=\"\" srcset=\"https:\/\/shuliybaler.com\/wp-content\/uploads\/2023\/01\/bone-shredding-crusher-machine.jpg 720w, https:\/\/shuliybaler.com\/wp-content\/uploads\/2023\/01\/bone-shredding-crusher-machine-360x270.jpg 360w, https:\/\/shuliybaler.com\/wp-content\/uploads\/2023\/01\/bone-shredding-crusher-machine-180x135.jpg 180w\" sizes=\"auto, (max-width: 720px) 100vw, 720px\" \/><figcaption class=\"wp-element-caption\">Rozdrabniacz do rozdrabniania ko\u015bci<\/figcaption><\/figure>    <figure class=\"wp-block-image size-large\"><img loading=\"lazy\" decoding=\"async\" width=\"720\" height=\"540\" data-id=\"3056\" src=\"https:\/\/shuliybaler.com\/wp-content\/uploads\/2023\/01\/bone-shredding-crusher-machine-knife.jpg\" alt=\"Narz\u0119dzie do rozdrabniania ko\u015bci\" class=\"wp-image-3056\" title=\"\" srcset=\"https:\/\/shuliybaler.com\/wp-content\/uploads\/2023\/01\/bone-shredding-crusher-machine-knife.jpg 720w, https:\/\/shuliybaler.com\/wp-content\/uploads\/2023\/01\/bone-shredding-crusher-machine-knife-360x270.jpg 360w, https:\/\/shuliybaler.com\/wp-content\/uploads\/2023\/01\/bone-shredding-crusher-machine-knife-180x135.jpg 180w\" sizes=\"auto, (max-width: 720px) 100vw, 720px\" \/><figcaption class=\"wp-element-caption\">No\u017cyk do rozdrabniacza do rozdrabniania ko\u015bci<\/figcaption><\/figure> <\/figure>    <p>Niskie obroty, niska ha\u0142a\u015bliwo\u015b\u0107<\/p>    <p>Du\u017ca pojemno\u015b\u0107 i kontrola rozmiaru wyj\u015bciowego<\/p>    <p>Dobra szczelno\u015b\u0107 maszyny, materia\u0142 ze stali nierdzewnej zapewnia dobr\u0105 odporno\u015b\u0107 na korozj\u0119<\/p>    <p>Kompleksowe wsparcie w zakresie specyfikacji i personalizacji<\/p>    <h2 class=\"wp-block-heading\">Parametr maszyny do rozdrabniania ko\u015bci zwierz\u0119cych<\/h2>    <figure class=\"wp-block-gallery has-nested-images columns-2 is-cropped wp-block-gallery-5 is-layout-flex wp-block-gallery-is-layout-flex\"> <figure class=\"wp-block-image size-large\"><img loading=\"lazy\" decoding=\"async\" width=\"720\" height=\"540\" data-id=\"3057\" src=\"https:\/\/shuliybaler.com\/wp-content\/uploads\/2023\/01\/Animal-bone-shredding-crusher-machine-1.jpg\" alt=\"Maszyna do rozdrabniania ko\u015bci zwierz\u0119cych\" class=\"wp-image-3057\" title=\"\" srcset=\"https:\/\/shuliybaler.com\/wp-content\/uploads\/2023\/01\/Animal-bone-shredding-crusher-machine-1.jpg 720w, https:\/\/shuliybaler.com\/wp-content\/uploads\/2023\/01\/Animal-bone-shredding-crusher-machine-1-360x270.jpg 360w, https:\/\/shuliybaler.com\/wp-content\/uploads\/2023\/01\/Animal-bone-shredding-crusher-machine-1-180x135.jpg 180w\" sizes=\"auto, (max-width: 720px) 100vw, 720px\" \/><figcaption class=\"wp-element-caption\">Maszyna do rozdrabniania ko\u015bci zwierz\u0119cych<\/figcaption><\/figure>    <figure class=\"wp-block-image size-large\"><img loading=\"lazy\" decoding=\"async\" width=\"720\" height=\"540\" data-id=\"3058\" src=\"https:\/\/shuliybaler.com\/wp-content\/uploads\/2023\/01\/Animal-bone-shredding-crusher-machine-2.jpg\" alt=\"Maszyna do rozdrabniania ko\u015bci zwierz\u0119cych\" class=\"wp-image-3058\" title=\"\" srcset=\"https:\/\/shuliybaler.com\/wp-content\/uploads\/2023\/01\/Animal-bone-shredding-crusher-machine-2.jpg 720w, https:\/\/shuliybaler.com\/wp-content\/uploads\/2023\/01\/Animal-bone-shredding-crusher-machine-2-360x270.jpg 360w, https:\/\/shuliybaler.com\/wp-content\/uploads\/2023\/01\/Animal-bone-shredding-crusher-machine-2-180x135.jpg 180w\" sizes=\"auto, (max-width: 720px) 100vw, 720px\" \/><figcaption class=\"wp-element-caption\">Maszyna do rozdrabniania ko\u015bci zwierz\u0119cych <\/figcaption><\/figure>    <figure class=\"wp-block-image size-large\"><img loading=\"lazy\" decoding=\"async\" width=\"720\" height=\"540\" data-id=\"3059\" src=\"https:\/\/shuliybaler.com\/wp-content\/uploads\/2023\/01\/Animal-bone-shredding-crusher-machine-3.jpg\" alt=\"Maszyna do rozdrabniania ko\u015bci zwierz\u0119cych\" class=\"wp-image-3059\" title=\"\" srcset=\"https:\/\/shuliybaler.com\/wp-content\/uploads\/2023\/01\/Animal-bone-shredding-crusher-machine-3.jpg 720w, https:\/\/shuliybaler.com\/wp-content\/uploads\/2023\/01\/Animal-bone-shredding-crusher-machine-3-360x270.jpg 360w, https:\/\/shuliybaler.com\/wp-content\/uploads\/2023\/01\/Animal-bone-shredding-crusher-machine-3-180x135.jpg 180w\" sizes=\"auto, (max-width: 720px) 100vw, 720px\" \/><figcaption class=\"wp-element-caption\">Maszyna do rozdrabniania ko\u015bci zwierz\u0119cych<\/figcaption><\/figure>    <figure class=\"wp-block-image size-large\"><img loading=\"lazy\" decoding=\"async\" width=\"720\" height=\"540\" data-id=\"3060\" src=\"https:\/\/shuliybaler.com\/wp-content\/uploads\/2023\/01\/Animal-bone-shredding-crusher-machine-4.jpg\" alt=\"Maszyna do rozdrabniania ko\u015bci zwierz\u0119cych\" class=\"wp-image-3060\" title=\"\" srcset=\"https:\/\/shuliybaler.com\/wp-content\/uploads\/2023\/01\/Animal-bone-shredding-crusher-machine-4.jpg 720w, https:\/\/shuliybaler.com\/wp-content\/uploads\/2023\/01\/Animal-bone-shredding-crusher-machine-4-360x270.jpg 360w, https:\/\/shuliybaler.com\/wp-content\/uploads\/2023\/01\/Animal-bone-shredding-crusher-machine-4-180x135.jpg 180w\" sizes=\"auto, (max-width: 720px) 100vw, 720px\" \/><figcaption class=\"wp-element-caption\">Maszyna do rozdrabniania ko\u015bci zwierz\u0119cych<\/figcaption><\/figure> <\/figure>    <figure class=\"wp-block-table\"><table><tbody><tr><td>Nazwa<\/td><td>parametr<\/td><\/tr><tr><td>Rozdrabniacz<\/td><td>1200 ci\u0119\u017cki<\/td><\/tr><tr><td>\u015arednica no\u017ca<\/td><td>500mm<\/td><\/tr><tr><td>Grubo\u015b\u0107 no\u017ca<\/td><td>60mm<\/td><\/tr><tr><td>Liczba z\u0119b\u00f3w tn\u0105cych<\/td><td>7 z\u0119b\u00f3w<\/td><\/tr><tr><td>Wysoko\u015b\u0107 z\u0119b\u00f3w tn\u0105cych<\/td><td>40-45mm<\/td><\/tr><tr><td>Prze\u0142o\u017cenie przek\u0142adni<\/td><td>90:1<\/td><\/tr><tr><td>Model reduktora<\/td><td>Zsy450typ\u00d72 (twarda powierzchnia z\u0119b\u00f3w)<\/td><\/tr><tr><td>Moc silnika<\/td><td>55kw\u00d72 (Poziom 6)<\/td><\/tr><tr><td>Rama<\/td><td>160\u00d7160 kwadratowy ruroci\u0105g<\/td><\/tr><tr><td>Szafka rozdzielcza<\/td><td>Automatyczna ochrona przed przeci\u0105\u017ceniem w prz\u00f3d i w ty\u0142<\/td><\/tr><tr><td>Wymiary<\/td><td>3500\u00d71800\u00d71950<\/td><\/tr><tr><td>Przeno\u015bnik wyj\u015bciowy<\/td><td>600 typ \u00d7 6 metr\u00f3w<\/td><\/tr><tr><td>Magnetyczny separator zawiesinowy<\/td><td>600 typ<\/td><\/tr><\/tbody><\/table><\/figure>","protected":false},"excerpt":{"rendered":"<p>Gdy ko\u015b\u0107 jest rozdrobniona, mo\u017ce by\u0107 zbyt du\u017ca z powodu rozmiaru, wi\u0119c og\u00f3lna maszyna do obr\u00f3bki mi\u0119sa nie mo\u017ce jej obs\u0142u\u017cy\u0107 podczas rozdrabniania, lub je\u015bli jest u\u017cywana, spowoduje du\u017ce uszkodzenia maszyny i skr\u00f3ci jej \u017cywotno\u015b\u0107. Jednak ostrze tego rozdrabniacza ko\u015bci wykonane jest z tego samego materia\u0142u H13, zdolne do \u0142atwego rozdrabniania metalowych element\u00f3w i du\u017cych ko\u015bci.<\/p>","protected":false},"author":1,"featured_media":3052,"parent":0,"template":"","tags":[84,57],"product-type":[46],"class_list":["post-3051","product","type-product","status-publish","has-post-thumbnail","hentry","tag-shredder","tag-shredding-crusher-machine","product-type-metal-shredder"],"_links":{"self":[{"href":"https:\/\/shuliybaler.com\/pl\/wp-json\/wp\/v2\/product\/3051","targetHints":{"allow":["GET"]}}],"collection":[{"href":"https:\/\/shuliybaler.com\/pl\/wp-json\/wp\/v2\/product"}],"about":[{"href":"https:\/\/shuliybaler.com\/pl\/wp-json\/wp\/v2\/types\/product"}],"author":[{"embeddable":true,"href":"https:\/\/shuliybaler.com\/pl\/wp-json\/wp\/v2\/users\/1"}],"wp:featuredmedia":[{"embeddable":true,"href":"https:\/\/shuliybaler.com\/pl\/wp-json\/wp\/v2\/media\/3052"}],"wp:attachment":[{"href":"https:\/\/shuliybaler.com\/pl\/wp-json\/wp\/v2\/media?parent=3051"}],"wp:term":[{"taxonomy":"post_tag","embeddable":true,"href":"https:\/\/shuliybaler.com\/pl\/wp-json\/wp\/v2\/tags?post=3051"},{"taxonomy":"product-type","embeddable":true,"href":"https:\/\/shuliybaler.com\/pl\/wp-json\/wp\/v2\/product-type?post=3051"}],"curies":[{"name":"wp","href":"https:\/\/api.w.org\/{rel}","templated":true}]}}