{"id":3065,"date":"2023-01-09T16:51:01","date_gmt":"2023-01-09T08:51:01","guid":{"rendered":"https:\/\/shuliybaler.com\/?post_type=product&#038;p=3065"},"modified":"2023-01-09T17:10:55","modified_gmt":"2023-01-09T09:10:55","slug":"trash-compactor-machine","status":"publish","type":"product","link":"https:\/\/shuliybaler.com\/pl\/product\/trash-compactor-machine\/","title":{"rendered":"Maszyna do zagniatania \u015bmieci | maszyna do balowania odpad\u00f3w"},"content":{"rendered":"<p class=\"translation-block\">Maszyna do zagniatania odpad\u00f3w nazywana jest r\u00f3wnie\u017c <a href=\"https:\/\/shuliybaler.com\/pl\/product\/scrap-metal-baler\/\" data-type=\"URL\" data-id=\"https:\/\/shuliybaler.com\/product\/scrap-metal-baler\/\">maszyn\u0105 do balowania \u015bmieci<\/a>, kt\u00f3ra wyciska powietrze, p\u0142yny i wod\u0119 przez ekstrakcj\u0119, a obj\u0119to\u015b\u0107 odpad\u00f3w jest zmniejszana przez zgniatanie, aby zmniejszy\u0107 miejsce na wysypisko. <a href=\"https:\/\/shuliybaler.com\/pl\/product\/vertical-metal-baler\/\" data-type=\"URL\" data-id=\"https:\/\/shuliybaler.com\/product\/vertical-metal-baler\/\">Maszyny do zagniatania odpad\u00f3w<\/a> sta\u0142y si\u0119 wa\u017cnym sprz\u0119tem do przetwarzania dla ochrony \u015brodowiska.<\/p>   <div class=\"wp-block-image\"> <figure class=\"aligncenter size-full\"><img loading=\"lazy\" decoding=\"async\" width=\"720\" height=\"540\" src=\"https:\/\/shuliybaler.com\/wp-content\/uploads\/2023\/01\/Trash-compactor-machine-1.webp\" alt=\"Maszyna do zagniatania \u015bmieci\" class=\"wp-image-3067\" title=\"\" srcset=\"https:\/\/shuliybaler.com\/wp-content\/uploads\/2023\/01\/Trash-compactor-machine-1.webp 720w, https:\/\/shuliybaler.com\/wp-content\/uploads\/2023\/01\/Trash-compactor-machine-1-360x270.webp 360w, https:\/\/shuliybaler.com\/wp-content\/uploads\/2023\/01\/Trash-compactor-machine-1-180x135.webp 180w\" sizes=\"auto, (max-width: 720px) 100vw, 720px\" \/><figcaption class=\"wp-element-caption\">Maszyna do zagniatania \u015bmieci<\/figcaption><\/figure> <\/div>   <h2 class=\"wp-block-heading\">W jakich bran\u017cach u\u017cywane s\u0105 maszyny do zag\u0119szczania odpad\u00f3w?<\/h2>    <p>Ka\u017cdy rodzaj dzia\u0142alno\u015bci generuje pewn\u0105 ilo\u015b\u0107 odpad\u00f3w, kt\u00f3re trzeba usun\u0105\u0107 i wyrzuci\u0107. Wielko\u015b\u0107 i obci\u0105\u017cenie pracy firmy zwi\u0119kszaj\u0105 potrzeb\u0119 u\u017cycia zgniataczy.<\/p>    <figure class=\"wp-block-gallery has-nested-images columns-4 is-cropped wp-block-gallery-2 is-layout-flex wp-block-gallery-is-layout-flex\"> <figure class=\"wp-block-image size-large\"><img loading=\"lazy\" decoding=\"async\" width=\"720\" height=\"540\" data-id=\"3075\" src=\"https:\/\/shuliybaler.com\/wp-content\/uploads\/2023\/01\/waste-paper-packaging.webp\" alt=\"\" class=\"wp-image-3075\" title=\"\" srcset=\"https:\/\/shuliybaler.com\/wp-content\/uploads\/2023\/01\/waste-paper-packaging.webp 720w, https:\/\/shuliybaler.com\/wp-content\/uploads\/2023\/01\/waste-paper-packaging-360x270.webp 360w, https:\/\/shuliybaler.com\/wp-content\/uploads\/2023\/01\/waste-paper-packaging-180x135.webp 180w\" sizes=\"auto, (max-width: 720px) 100vw, 720px\" \/><figcaption class=\"wp-element-caption\">Prasowanie s\u0142omy<\/figcaption><\/figure>    <figure class=\"wp-block-image size-large\"><img loading=\"lazy\" decoding=\"async\" width=\"720\" height=\"540\" data-id=\"3076\" src=\"https:\/\/shuliybaler.com\/wp-content\/uploads\/2023\/01\/straw-baling.webp\" alt=\"Prasa do s\u0142omy\" class=\"wp-image-3076\" title=\"\" srcset=\"https:\/\/shuliybaler.com\/wp-content\/uploads\/2023\/01\/straw-baling.webp 720w, https:\/\/shuliybaler.com\/wp-content\/uploads\/2023\/01\/straw-baling-360x270.webp 360w, https:\/\/shuliybaler.com\/wp-content\/uploads\/2023\/01\/straw-baling-180x135.webp 180w\" sizes=\"auto, (max-width: 720px) 100vw, 720px\" \/><figcaption class=\"wp-element-caption\">Prasowanie s\u0142omy<\/figcaption><\/figure>    <figure class=\"wp-block-image size-large\"><img loading=\"lazy\" decoding=\"async\" width=\"720\" height=\"540\" data-id=\"3077\" src=\"https:\/\/shuliybaler.com\/wp-content\/uploads\/2023\/01\/Corrugated-box-packaging.webp\" alt=\"Opakowania z tektury falistej\" class=\"wp-image-3077\" title=\"\" srcset=\"https:\/\/shuliybaler.com\/wp-content\/uploads\/2023\/01\/Corrugated-box-packaging.webp 720w, https:\/\/shuliybaler.com\/wp-content\/uploads\/2023\/01\/Corrugated-box-packaging-360x270.webp 360w, https:\/\/shuliybaler.com\/wp-content\/uploads\/2023\/01\/Corrugated-box-packaging-180x135.webp 180w\" sizes=\"auto, (max-width: 720px) 100vw, 720px\" \/><figcaption class=\"wp-element-caption\">Opakowania z tektury falistej<\/figcaption><\/figure>    <figure class=\"wp-block-image size-large\"><img loading=\"lazy\" decoding=\"async\" width=\"720\" height=\"540\" data-id=\"3078\" src=\"https:\/\/shuliybaler.com\/wp-content\/uploads\/2023\/01\/plastic-bottle-baling.webp\" alt=\"balowanie butelek plastikowych\" class=\"wp-image-3078\" title=\"\" srcset=\"https:\/\/shuliybaler.com\/wp-content\/uploads\/2023\/01\/plastic-bottle-baling.webp 720w, https:\/\/shuliybaler.com\/wp-content\/uploads\/2023\/01\/plastic-bottle-baling-360x270.webp 360w, https:\/\/shuliybaler.com\/wp-content\/uploads\/2023\/01\/plastic-bottle-baling-180x135.webp 180w\" sizes=\"auto, (max-width: 720px) 100vw, 720px\" \/><figcaption class=\"wp-element-caption\">Prasowanie butelek plastikowych<\/figcaption><\/figure> <\/figure>    <h3 class=\"wp-block-heading\">Restauracje i hotele<\/h3>    <p>Najcz\u0119stsze zastosowania zgniatarek wyst\u0119puj\u0105 w r\u00f3\u017cnych bran\u017cach detalicznych, restauracyjnych i hotelarskich, kt\u00f3re generuj\u0105 odpady od materia\u0142\u00f3w opakowaniowych i pude\u0142ek po resztki jedzenia. Mokre odpady s\u0105 \u0142adowane do zgniatarki, gdzie g\u0142owica mia\u017cd\u017cy materia\u0142 do 75% mniejszej obj\u0119to\u015bci ni\u017c pierwotna.<\/p>    <h3 class=\"wp-block-heading\">Higiena medyczna<\/h3>    <p class=\"translation-block\">W systemie opieki zdrowotnej jest du\u017co odpad\u00f3w, ale wiele z nich nie mo\u017ce by\u0107 wyrzucane bezpiecznie, dlatego projektowane s\u0105 zgniatacze odpad\u00f3w medycznych, kt\u00f3re zapewniaj\u0105 zamkni\u0119cie, przechowywanie i transport, aby zapobiec nara\u017ceniu odpad\u00f3w na publiczno\u015b\u0107. Maszyna do zagniatania odpad\u00f3w mo\u017ce zbiera\u0107 te odpady medyczne, zgniata\u0107 je i pakowa\u0107 do wsp\u00f3lnego przetwarzania.<\/p>    <h3 class=\"wp-block-heading\">Szko\u0142a<\/h3>    <figure class=\"wp-block-gallery has-nested-images columns-default is-cropped wp-block-gallery-3 is-layout-flex wp-block-gallery-is-layout-flex\"> <figure class=\"wp-block-image size-large\"><img loading=\"lazy\" decoding=\"async\" width=\"720\" height=\"540\" data-id=\"3079\" src=\"https:\/\/shuliybaler.com\/wp-content\/uploads\/2023\/01\/after-baling.webp\" alt=\"po balowaniu\" class=\"wp-image-3079\" title=\"\" srcset=\"https:\/\/shuliybaler.com\/wp-content\/uploads\/2023\/01\/after-baling.webp 720w, https:\/\/shuliybaler.com\/wp-content\/uploads\/2023\/01\/after-baling-360x270.webp 360w, https:\/\/shuliybaler.com\/wp-content\/uploads\/2023\/01\/after-baling-180x135.webp 180w\" sizes=\"auto, (max-width: 720px) 100vw, 720px\" \/><figcaption class=\"wp-element-caption\">Po zbalowaniu<\/figcaption><\/figure>    <figure class=\"wp-block-image size-large\"><img loading=\"lazy\" decoding=\"async\" width=\"720\" height=\"540\" data-id=\"3082\" src=\"https:\/\/shuliybaler.com\/wp-content\/uploads\/2023\/01\/after-baling-3.webp\" alt=\"po balowaniu\" class=\"wp-image-3082\" title=\"\" srcset=\"https:\/\/shuliybaler.com\/wp-content\/uploads\/2023\/01\/after-baling-3.webp 720w, https:\/\/shuliybaler.com\/wp-content\/uploads\/2023\/01\/after-baling-3-360x270.webp 360w, https:\/\/shuliybaler.com\/wp-content\/uploads\/2023\/01\/after-baling-3-180x135.webp 180w\" sizes=\"auto, (max-width: 720px) 100vw, 720px\" \/><figcaption class=\"wp-element-caption\">Po zbalowaniu<\/figcaption><\/figure>    <figure class=\"wp-block-image size-large\"><img loading=\"lazy\" decoding=\"async\" width=\"720\" height=\"540\" data-id=\"3080\" src=\"https:\/\/shuliybaler.com\/wp-content\/uploads\/2023\/01\/after-baling-1.webp\" alt=\"po balowaniu\" class=\"wp-image-3080\" title=\"\" srcset=\"https:\/\/shuliybaler.com\/wp-content\/uploads\/2023\/01\/after-baling-1.webp 720w, https:\/\/shuliybaler.com\/wp-content\/uploads\/2023\/01\/after-baling-1-360x270.webp 360w, https:\/\/shuliybaler.com\/wp-content\/uploads\/2023\/01\/after-baling-1-180x135.webp 180w\" sizes=\"auto, (max-width: 720px) 100vw, 720px\" \/><figcaption class=\"wp-element-caption\">Po zbalowaniu<\/figcaption><\/figure>    <figure class=\"wp-block-image size-large\"><img loading=\"lazy\" decoding=\"async\" width=\"720\" height=\"540\" data-id=\"3081\" src=\"https:\/\/shuliybaler.com\/wp-content\/uploads\/2023\/01\/after-baling-2.webp\" alt=\"po balowaniu\" class=\"wp-image-3081\" title=\"\" srcset=\"https:\/\/shuliybaler.com\/wp-content\/uploads\/2023\/01\/after-baling-2.webp 720w, https:\/\/shuliybaler.com\/wp-content\/uploads\/2023\/01\/after-baling-2-360x270.webp 360w, https:\/\/shuliybaler.com\/wp-content\/uploads\/2023\/01\/after-baling-2-180x135.webp 180w\" sizes=\"auto, (max-width: 720px) 100vw, 720px\" \/><figcaption class=\"wp-element-caption\">Po zbalowaniu<\/figcaption><\/figure> <\/figure>    <p>Szko\u0142a ma du\u017co papieru, starych sto\u0142\u00f3w, krzese\u0142 itp., kt\u00f3re trzeba podda\u0107 recyklingowi i zapakowa\u0107. U\u017cycie maszyn do balowania odpad\u00f3w w szko\u0142ach mo\u017ce by\u0107 bardzo przydatne. W szczeg\u00f3lno\u015bci niekt\u00f3re papier mo\u017cna podda\u0107 recyklingowi, co jest korzystne dla ochrony \u015brodowiska.<\/p>    <h2 class=\"wp-block-heading\">Korzy\u015bci z u\u017cywania maszyny do zag\u0119szczania odpad\u00f3w<\/h2>    <figure class=\"wp-block-gallery has-nested-images columns-2 is-cropped wp-block-gallery-4 is-layout-flex wp-block-gallery-is-layout-flex\"> <figure class=\"wp-block-image size-large\"><img loading=\"lazy\" decoding=\"async\" width=\"720\" height=\"540\" data-id=\"3070\" src=\"https:\/\/shuliybaler.com\/wp-content\/uploads\/2023\/01\/Trash-compactor-machine-2.webp\" alt=\"Maszyna do zagniatania odpad\u00f3w\" class=\"wp-image-3070\" title=\"\" srcset=\"https:\/\/shuliybaler.com\/wp-content\/uploads\/2023\/01\/Trash-compactor-machine-2.webp 720w, https:\/\/shuliybaler.com\/wp-content\/uploads\/2023\/01\/Trash-compactor-machine-2-360x270.webp 360w, https:\/\/shuliybaler.com\/wp-content\/uploads\/2023\/01\/Trash-compactor-machine-2-180x135.webp 180w\" sizes=\"auto, (max-width: 720px) 100vw, 720px\" \/><figcaption class=\"wp-element-caption\">Maszyna do zagniatania odpad\u00f3w<\/figcaption><\/figure>    <figure class=\"wp-block-image size-large\"><img loading=\"lazy\" decoding=\"async\" width=\"720\" height=\"540\" data-id=\"3071\" src=\"https:\/\/shuliybaler.com\/wp-content\/uploads\/2023\/01\/Trash-compactor-machine-3.webp\" alt=\"Maszyna do zagniatania odpad\u00f3w\" class=\"wp-image-3071\" title=\"\" srcset=\"https:\/\/shuliybaler.com\/wp-content\/uploads\/2023\/01\/Trash-compactor-machine-3.webp 720w, https:\/\/shuliybaler.com\/wp-content\/uploads\/2023\/01\/Trash-compactor-machine-3-360x270.webp 360w, https:\/\/shuliybaler.com\/wp-content\/uploads\/2023\/01\/Trash-compactor-machine-3-180x135.webp 180w\" sizes=\"auto, (max-width: 720px) 100vw, 720px\" \/><figcaption class=\"wp-element-caption\">Maszyna do zagniatania odpad\u00f3w<\/figcaption><\/figure>    <figure class=\"wp-block-image size-large\"><img loading=\"lazy\" decoding=\"async\" width=\"720\" height=\"540\" data-id=\"3073\" src=\"https:\/\/shuliybaler.com\/wp-content\/uploads\/2023\/01\/Trash-compactor-machine-5.webp\" alt=\"Maszyna do zagniatania odpad\u00f3w \" class=\"wp-image-3073\" title=\"\" srcset=\"https:\/\/shuliybaler.com\/wp-content\/uploads\/2023\/01\/Trash-compactor-machine-5.webp 720w, https:\/\/shuliybaler.com\/wp-content\/uploads\/2023\/01\/Trash-compactor-machine-5-360x270.webp 360w, https:\/\/shuliybaler.com\/wp-content\/uploads\/2023\/01\/Trash-compactor-machine-5-180x135.webp 180w\" sizes=\"auto, (max-width: 720px) 100vw, 720px\" \/><figcaption class=\"wp-element-caption\">Maszyna do zagniatania odpad\u00f3w <\/figcaption><\/figure>    <figure class=\"wp-block-image size-large\"><img loading=\"lazy\" decoding=\"async\" width=\"720\" height=\"540\" data-id=\"3072\" src=\"https:\/\/shuliybaler.com\/wp-content\/uploads\/2023\/01\/Trash-compactor-machine-4.webp\" alt=\"Fabryka maszyn do zagniatania odpad\u00f3w \" class=\"wp-image-3072\" title=\"\" srcset=\"https:\/\/shuliybaler.com\/wp-content\/uploads\/2023\/01\/Trash-compactor-machine-4.webp 720w, https:\/\/shuliybaler.com\/wp-content\/uploads\/2023\/01\/Trash-compactor-machine-4-360x270.webp 360w, https:\/\/shuliybaler.com\/wp-content\/uploads\/2023\/01\/Trash-compactor-machine-4-180x135.webp 180w\" sizes=\"auto, (max-width: 720px) 100vw, 720px\" \/><figcaption class=\"wp-element-caption\">Fabryka maszyn do zagniatania odpad\u00f3w <\/figcaption><\/figure> <\/figure>    <h2 class=\"wp-block-heading\">Obni\u017cenie koszt\u00f3w operacyjnych<\/h2>    <p>Odpowiednie zarz\u0105dzanie i kontrola odpad\u00f3w mog\u0105 obni\u017cy\u0107 koszty operacyjne. Zagniatanie odpad\u00f3w, \u015bmieci i odpadk\u00f3w zmniejsza potrzeb\u0119 ich zbierania, a tak\u017ce potrzeb\u0119 posiadania pojemnik\u00f3w i kontener\u00f3w na odpady.<\/p>    <h2 class=\"wp-block-heading\">Poprawa wydajno\u015bci utylizacji odpad\u00f3w<\/h2>    <p>Utylizacja odpad\u00f3w to bardzo du\u017cy projekt i zajmuje du\u017co czasu. Po zmniejszeniu obj\u0119to\u015bci odpad\u00f3w, zaoszcz\u0119dza si\u0119 czas na obs\u0142ug\u0119 i transport.<\/p>    <h2 class=\"wp-block-heading\">Zwi\u0119kszenie przestrzeni<\/h2>   <div class=\"wp-block-image\"> <figure class=\"aligncenter size-full\"><img loading=\"lazy\" decoding=\"async\" width=\"720\" height=\"540\" src=\"https:\/\/shuliybaler.com\/wp-content\/uploads\/2023\/01\/garbage-baler-machine.webp\" alt=\"maszyna do zag\u0119szczania odpad\u00f3w\" class=\"wp-image-3083\" title=\"\" srcset=\"https:\/\/shuliybaler.com\/wp-content\/uploads\/2023\/01\/garbage-baler-machine.webp 720w, https:\/\/shuliybaler.com\/wp-content\/uploads\/2023\/01\/garbage-baler-machine-360x270.webp 360w, https:\/\/shuliybaler.com\/wp-content\/uploads\/2023\/01\/garbage-baler-machine-180x135.webp 180w\" sizes=\"auto, (max-width: 720px) 100vw, 720px\" \/><figcaption class=\"wp-element-caption\">Maszyna do balowania odpad\u00f3w<\/figcaption><\/figure> <\/div>   <p>Zag\u0119szczarki odpad\u00f3w mog\u0105 obs\u0142ugiwa\u0107 du\u017ce i przestrzenne odpady, zmniejszaj\u0105c \u015blad Twojej firmy. Du\u017ce kawa\u0142ki odpad\u00f3w mo\u017cna przekszta\u0142ci\u0107 w \u0142atwe do zarz\u0105dzania ma\u0142e kostki lub bloki, co u\u0142atwia obs\u0142ug\u0119 odpad\u00f3w i zajmuje mniej miejsca.<\/p>    <h2 class=\"wp-block-heading\">\u0141atwa w u\u017cyciu<\/h2>    <p>Instalacja i obs\u0142uga zag\u0119szczarki s\u0105 proste, wygodne i wydajne. U\u017cytkownik musi jedynie nacisn\u0105\u0107 przycisk, a ka\u017cdy pracownik firmy mo\u017ce obs\u0142ugiwa\u0107 zag\u0119szczark\u0119 pod odpowiednim nadzorem.<\/p>    <h2 class=\"wp-block-heading\">Bezpiecze\u0144stwo maszyny do zagniatania odpad\u00f3w<\/h2>   <div class=\"wp-block-image\"> <figure class=\"aligncenter size-full\"><img loading=\"lazy\" decoding=\"async\" width=\"720\" height=\"540\" src=\"https:\/\/shuliybaler.com\/wp-content\/uploads\/2023\/01\/Trash-compactor-machine-6.webp\" alt=\"Maszyna do zagniatania odpad\u00f3w \" class=\"wp-image-3074\" title=\"\" srcset=\"https:\/\/shuliybaler.com\/wp-content\/uploads\/2023\/01\/Trash-compactor-machine-6.webp 720w, https:\/\/shuliybaler.com\/wp-content\/uploads\/2023\/01\/Trash-compactor-machine-6-360x270.webp 360w, https:\/\/shuliybaler.com\/wp-content\/uploads\/2023\/01\/Trash-compactor-machine-6-180x135.webp 180w\" sizes=\"auto, (max-width: 720px) 100vw, 720px\" \/><figcaption class=\"wp-element-caption\">Maszyna do zagniatania odpad\u00f3w <\/figcaption><\/figure> <\/div>   <p>\u015amieci zalegaj\u0105ce przez d\u0142ugi czas b\u0119d\u0105 mia\u0142y szkodliwe w\u0142a\u015bciwo\u015bci. Gdy mokre odpady s\u0105 przechowywane, gnij\u0105 i wydzielaj\u0105 zapach, kt\u00f3ry mo\u017ce by\u0107 szkodliwy i potencjalnie niebezpieczny. \u015amieci i odpady mo\u017cna \u0142atwo zutylizowa\u0107 za pomoc\u0105 zgniatarki, kt\u00f3ra zagniata \u015bmieci z nieprzyjemnym zapachem i zapobiega powstawaniu du\u017cych ilo\u015bci toksycznych chemikali\u00f3w.<\/p>    <h2 class=\"wp-block-heading\">Parametry maszyny do balowania odpad\u00f3w<\/h2>    <figure class=\"wp-block-table\"><table><tbody><tr><td>Model<\/td><td>Nominalna si\u0142a (kN)<\/td><td>Komora zgniatania (mm)<\/td><td>Rozmiar bloku<br>(mm)<\/td><td>G\u0119sto\u015b\u0107 bloku (kg\/m 3 )<\/td><td>Pojemno\u015b\u0107 (kg\/h)<\/td><td>moc (kW)<\/td><td>Operacja wy\u0142adunku belki<\/td><\/tr><tr><td>Y81-1600<\/td><td>1600<\/td><td>1600\u00d7 1000\u00d7800<\/td><td>300\u00d7300\u00d7(400-800)<\/td><td>\u22652000<\/td><td>2000KG\/H-3000KG\/H<\/td><td>22<\/td><td>Obr\u00f3t, r\u0119czna obs\u0142uga zaworu<\/td><\/tr><\/tbody><\/table><figcaption class=\"wp-element-caption\">Parametry maszyny do balowania odpad\u00f3w<\/figcaption><\/figure>","protected":false},"excerpt":{"rendered":"<p>Maszyna do zag\u0119szczania odpad\u00f3w, zwana r\u00f3wnie\u017c balerem na \u015bmieci, wyciska powietrze, p\u0142yny i wod\u0119 przez ekstrakcj\u0119, a obj\u0119to\u015b\u0107 odpad\u00f3w jest zmniejszana przez kompresj\u0119, co ogranicza miejsce na wysypisko. Maszyny do zag\u0119szczania odpad\u00f3w sta\u0142y si\u0119 wa\u017cnym sprz\u0119tem do ochrony \u015brodowiska.<\/p>","protected":false},"author":1,"featured_media":3066,"parent":0,"template":"","tags":[],"product-type":[41],"class_list":["post-3065","product","type-product","status-publish","has-post-thumbnail","hentry","product-type-metal-baler-machine"],"_links":{"self":[{"href":"https:\/\/shuliybaler.com\/pl\/wp-json\/wp\/v2\/product\/3065","targetHints":{"allow":["GET"]}}],"collection":[{"href":"https:\/\/shuliybaler.com\/pl\/wp-json\/wp\/v2\/product"}],"about":[{"href":"https:\/\/shuliybaler.com\/pl\/wp-json\/wp\/v2\/types\/product"}],"author":[{"embeddable":true,"href":"https:\/\/shuliybaler.com\/pl\/wp-json\/wp\/v2\/users\/1"}],"wp:featuredmedia":[{"embeddable":true,"href":"https:\/\/shuliybaler.com\/pl\/wp-json\/wp\/v2\/media\/3066"}],"wp:attachment":[{"href":"https:\/\/shuliybaler.com\/pl\/wp-json\/wp\/v2\/media?parent=3065"}],"wp:term":[{"taxonomy":"post_tag","embeddable":true,"href":"https:\/\/shuliybaler.com\/pl\/wp-json\/wp\/v2\/tags?post=3065"},{"taxonomy":"product-type","embeddable":true,"href":"https:\/\/shuliybaler.com\/pl\/wp-json\/wp\/v2\/product-type?post=3065"}],"curies":[{"name":"wp","href":"https:\/\/api.w.org\/{rel}","templated":true}]}}