{"id":3091,"date":"2023-01-17T16:45:15","date_gmt":"2023-01-17T08:45:15","guid":{"rendered":"https:\/\/shuliybaler.com\/?post_type=product&#038;p=3091"},"modified":"2023-01-18T09:01:05","modified_gmt":"2023-01-18T01:01:05","slug":"used-clothes-baling-machine","status":"publish","type":"product","link":"https:\/\/shuliybaler.com\/pl\/product\/used-clothes-baling-machine\/","title":{"rendered":"Maszyna do prasowania u\u017cywanych ubra\u0144"},"content":{"rendered":"<p>Maszyna do prasowania odzie\u017cy s\u0142u\u017cy do pakowania i prasowania lu\u017anych materia\u0142\u00f3w, takich jak stare ubrania, bawe\u0142na, nici, itp. Prasa wyciska szczeliny w ubraniach, aby zmniejszy\u0107 zajmowan\u0105 powierzchni\u0119. Prasy do odzie\u017cy s\u0105 zwykle u\u017cywane do recyklingu u\u017cywanych ubra\u0144 i but\u00f3w, co pozwala zaoszcz\u0119dzi\u0107 do 80% miejsca po prasowaniu. Prasy s\u0105 popularnymi maszynami w bran\u017cy ochrony \u015brodowiska i recyklingu.<\/p>    <h2 class=\"wp-block-heading\">Dwa rodzaje maszyn do pakowania odzie\u017cy<\/h2>    <figure class=\"wp-block-gallery has-nested-images columns-default is-cropped wp-block-gallery-2 is-layout-flex wp-block-gallery-is-layout-flex\"> <figure class=\"wp-block-image size-large\"><img loading=\"lazy\" decoding=\"async\" width=\"720\" height=\"540\" data-id=\"3094\" src=\"https:\/\/shuliybaler.com\/wp-content\/uploads\/2023\/01\/Horizontal-clothes-baling-machine.webp\" alt=\"Pozioma maszyna do prasowania odzie\u017cy\" class=\"wp-image-3094\" title=\"\" srcset=\"https:\/\/shuliybaler.com\/wp-content\/uploads\/2023\/01\/Horizontal-clothes-baling-machine.webp 720w, https:\/\/shuliybaler.com\/wp-content\/uploads\/2023\/01\/Horizontal-clothes-baling-machine-360x270.webp 360w, https:\/\/shuliybaler.com\/wp-content\/uploads\/2023\/01\/Horizontal-clothes-baling-machine-180x135.webp 180w\" sizes=\"auto, (max-width: 720px) 100vw, 720px\" \/><figcaption class=\"wp-element-caption\">Pozioma maszyna do prasowania odzie\u017cy<\/figcaption><\/figure>    <figure class=\"wp-block-image size-large\"><img loading=\"lazy\" decoding=\"async\" width=\"720\" height=\"540\" data-id=\"3093\" src=\"https:\/\/shuliybaler.com\/wp-content\/uploads\/2023\/01\/Vertical-clothes-baling-machine.webp\" alt=\"Pionowa maszyna do prasowania odzie\u017cy\" class=\"wp-image-3093\" title=\"\" srcset=\"https:\/\/shuliybaler.com\/wp-content\/uploads\/2023\/01\/Vertical-clothes-baling-machine.webp 720w, https:\/\/shuliybaler.com\/wp-content\/uploads\/2023\/01\/Vertical-clothes-baling-machine-360x270.webp 360w, https:\/\/shuliybaler.com\/wp-content\/uploads\/2023\/01\/Vertical-clothes-baling-machine-180x135.webp 180w\" sizes=\"auto, (max-width: 720px) 100vw, 720px\" \/><figcaption class=\"wp-element-caption\">Pionowa maszyna do prasowania odzie\u017cy<\/figcaption><\/figure> <\/figure>    <h3 class=\"wp-block-heading\">Pionowa maszyna do prasowania odzie\u017cy<\/h3>    <p class=\"translation-block\"><a href=\"https:\/\/shuliybaler.com\/pl\/product\/vertical-metal-baler\/\" data-type=\"URL\" data-id=\"https:\/\/shuliybaler.com\/product\/vertical-metal-baler\/\">Pionowa prasa<\/a> jest ma\u0142\u0105 pras\u0105 do odzie\u017cy, kt\u00f3ra mo\u017ce wk\u0142ada\u0107 zu\u017cyte ubrania do zsypu, a nast\u0119pnie hydrauliczna prasa mo\u017ce prasowa\u0107 ubrania.<\/p>    <h4 class=\"wp-block-heading\">Parametry pionowej prasy<\/h4>   <div class=\"wp-block-image\"> <figure class=\"aligncenter size-full\"><img loading=\"lazy\" decoding=\"async\" width=\"720\" height=\"540\" src=\"https:\/\/shuliybaler.com\/wp-content\/uploads\/2023\/01\/Vertical-balers.webp\" alt=\"Prasy pionowe\" class=\"wp-image-3095\" title=\"\" srcset=\"https:\/\/shuliybaler.com\/wp-content\/uploads\/2023\/01\/Vertical-balers.webp 720w, https:\/\/shuliybaler.com\/wp-content\/uploads\/2023\/01\/Vertical-balers-360x270.webp 360w, https:\/\/shuliybaler.com\/wp-content\/uploads\/2023\/01\/Vertical-balers-180x135.webp 180w\" sizes=\"auto, (max-width: 720px) 100vw, 720px\" \/><figcaption class=\"wp-element-caption\">Prasy pionowe<\/figcaption><\/figure> <\/div>   <figure class=\"wp-block-table\"><table><tbody><tr><td>Model<\/td><td>SL-10T<\/td><td>SL-20T<\/td><td>SL-30T<\/td><td>SL-60T<\/td><td>SL-80T<\/td><\/tr><tr><td>Moc (kW)<\/td><td>5.5<\/td><td>7.5<\/td><td>11<\/td><td>15<\/td><td>17<\/td><\/tr><tr><td>opakowanie\uff08mm\uff09<\/td><td>800*400*800<\/td><td>800*400*800<\/td><td>800*400*600<\/td><td>1150*750*1000<\/td><td>1150*750*1000<\/td><\/tr><tr><td>ci\u015bnienie\uff08mm\uff09<\/td><td>1000<\/td><td>1000<\/td><td>1000<\/td><td>1100<\/td><td>1100<\/td><\/tr><tr><td>wymiar (mm)<\/td><td>1400*700*2900<\/td><td>1400*700*2950<\/td><td>1450*800*2950<\/td><td>1700*1000*3200<\/td><td>1800*1000*3200<\/td><\/tr><tr><td>Cylinder olejowy<\/td><td>125<\/td><td>160<\/td><td>160<\/td><td>160<\/td><td>180<\/td><\/tr><tr><td>Pr\u0119dko\u015b\u0107 prasowania (s\/ta\u015bma)<\/td><td>8-10<\/td><td>8-10<\/td><td>8-10<\/td><td>6-10<\/td><td>6-10<\/td><\/tr><tr><td>Waga (kg)<\/td><td>400<\/td><td>850<\/td><td>950<\/td><td>1600<\/td><td>2000<\/td><\/tr><\/tbody><\/table><figcaption class=\"wp-element-caption\">Parametry pionowej prasy<\/figcaption><\/figure>    <h3 class=\"wp-block-heading\">Pozioma maszyna do prasowania odzie\u017cy<\/h3>    <figure class=\"wp-block-gallery has-nested-images columns-default is-cropped wp-block-gallery-3 is-layout-flex wp-block-gallery-is-layout-flex\"> <figure class=\"wp-block-image size-large\"><img loading=\"lazy\" decoding=\"async\" width=\"720\" height=\"540\" data-id=\"3097\" src=\"https:\/\/shuliybaler.com\/wp-content\/uploads\/2023\/01\/Automatic-horizontal-baler.webp\" alt=\"Automatyczna pozioma prasa\" class=\"wp-image-3097\" title=\"\" srcset=\"https:\/\/shuliybaler.com\/wp-content\/uploads\/2023\/01\/Automatic-horizontal-baler.webp 720w, https:\/\/shuliybaler.com\/wp-content\/uploads\/2023\/01\/Automatic-horizontal-baler-360x270.webp 360w, https:\/\/shuliybaler.com\/wp-content\/uploads\/2023\/01\/Automatic-horizontal-baler-180x135.webp 180w\" sizes=\"auto, (max-width: 720px) 100vw, 720px\" \/><figcaption class=\"wp-element-caption\">Automatyczna pozioma prasa<\/figcaption><\/figure>    <figure class=\"wp-block-image size-large\"><img loading=\"lazy\" decoding=\"async\" width=\"720\" height=\"540\" data-id=\"3096\" src=\"https:\/\/shuliybaler.com\/wp-content\/uploads\/2023\/01\/Automatic-horizontal-baler-conveyor-belt.webp\" alt=\"Automatyczny przeno\u015bnik ta\u015bmy poziomej\" class=\"wp-image-3096\" title=\"\" srcset=\"https:\/\/shuliybaler.com\/wp-content\/uploads\/2023\/01\/Automatic-horizontal-baler-conveyor-belt.webp 720w, https:\/\/shuliybaler.com\/wp-content\/uploads\/2023\/01\/Automatic-horizontal-baler-conveyor-belt-360x270.webp 360w, https:\/\/shuliybaler.com\/wp-content\/uploads\/2023\/01\/Automatic-horizontal-baler-conveyor-belt-180x135.webp 180w\" sizes=\"auto, (max-width: 720px) 100vw, 720px\" \/><figcaption class=\"wp-element-caption\">Automatyczny przeno\u015bnik ta\u015bmy poziomej<\/figcaption><\/figure> <\/figure>    <p class=\"translation-block\"><a href=\"https:\/\/shuliybaler.com\/pl\/product\/waste-paper-baler-machine\/\" data-type=\"URL\" data-id=\"https:\/\/shuliybaler.com\/product\/waste-paper-baler-machine\/\">Pozioma prasa<\/a> jest wi\u0119kszym typem prasy, odpowiedni\u0105 do produkcji w pe\u0142ni automatycznej, mo\u017cna j\u0105 u\u017cywa\u0107 razem z ta\u015bm\u0105 przeno\u015bnikow\u0105 do bezpo\u015bredniego umieszczania u\u017cywanych ubra\u0144 na ta\u015bmie, a nast\u0119pnie transportowania ich do poziomej prasy do odzie\u017cy do pakowania i prasowania.<\/p>    <h4 class=\"wp-block-heading\">Parametry poziomej prasy<\/h4>    <figure class=\"wp-block-gallery has-nested-images columns-2 is-cropped wp-block-gallery-4 is-layout-flex wp-block-gallery-is-layout-flex\"> <figure class=\"wp-block-image size-large\"><img loading=\"lazy\" decoding=\"async\" width=\"720\" height=\"540\" data-id=\"3098\" src=\"https:\/\/shuliybaler.com\/wp-content\/uploads\/2023\/01\/Horizontal-baler-parameters.webp\" alt=\"Pozioma prasa \" class=\"wp-image-3098\" title=\"\" srcset=\"https:\/\/shuliybaler.com\/wp-content\/uploads\/2023\/01\/Horizontal-baler-parameters.webp 720w, https:\/\/shuliybaler.com\/wp-content\/uploads\/2023\/01\/Horizontal-baler-parameters-360x270.webp 360w, https:\/\/shuliybaler.com\/wp-content\/uploads\/2023\/01\/Horizontal-baler-parameters-180x135.webp 180w\" sizes=\"auto, (max-width: 720px) 100vw, 720px\" \/><figcaption class=\"wp-element-caption\">Pozioma prasa <\/figcaption><\/figure>    <figure class=\"wp-block-image size-large\"><img loading=\"lazy\" decoding=\"async\" width=\"720\" height=\"540\" data-id=\"3099\" src=\"https:\/\/shuliybaler.com\/wp-content\/uploads\/2023\/01\/Horizontal-baler-parameters-1.webp\" alt=\"Pozioma prasa \" class=\"wp-image-3099\" title=\"\" srcset=\"https:\/\/shuliybaler.com\/wp-content\/uploads\/2023\/01\/Horizontal-baler-parameters-1.webp 720w, https:\/\/shuliybaler.com\/wp-content\/uploads\/2023\/01\/Horizontal-baler-parameters-1-360x270.webp 360w, https:\/\/shuliybaler.com\/wp-content\/uploads\/2023\/01\/Horizontal-baler-parameters-1-180x135.webp 180w\" sizes=\"auto, (max-width: 720px) 100vw, 720px\" \/><figcaption class=\"wp-element-caption\">Pozioma prasa <\/figcaption><\/figure>    <figure class=\"wp-block-image size-large\"><img loading=\"lazy\" decoding=\"async\" width=\"720\" height=\"540\" data-id=\"3101\" src=\"https:\/\/shuliybaler.com\/wp-content\/uploads\/2023\/01\/Horizontal-baler-parameters-3.webp\" alt=\"Pozioma prasa \" class=\"wp-image-3101\" title=\"\" srcset=\"https:\/\/shuliybaler.com\/wp-content\/uploads\/2023\/01\/Horizontal-baler-parameters-3.webp 720w, https:\/\/shuliybaler.com\/wp-content\/uploads\/2023\/01\/Horizontal-baler-parameters-3-360x270.webp 360w, https:\/\/shuliybaler.com\/wp-content\/uploads\/2023\/01\/Horizontal-baler-parameters-3-180x135.webp 180w\" sizes=\"auto, (max-width: 720px) 100vw, 720px\" \/><figcaption class=\"wp-element-caption\">Pozioma prasa <\/figcaption><\/figure>    <figure class=\"wp-block-image size-large\"><img loading=\"lazy\" decoding=\"async\" width=\"720\" height=\"540\" data-id=\"3100\" src=\"https:\/\/shuliybaler.com\/wp-content\/uploads\/2023\/01\/Horizontal-baler-parameters-2.webp\" alt=\"Pozioma prasa \" class=\"wp-image-3100\" title=\"\" srcset=\"https:\/\/shuliybaler.com\/wp-content\/uploads\/2023\/01\/Horizontal-baler-parameters-2.webp 720w, https:\/\/shuliybaler.com\/wp-content\/uploads\/2023\/01\/Horizontal-baler-parameters-2-360x270.webp 360w, https:\/\/shuliybaler.com\/wp-content\/uploads\/2023\/01\/Horizontal-baler-parameters-2-180x135.webp 180w\" sizes=\"auto, (max-width: 720px) 100vw, 720px\" \/><figcaption class=\"wp-element-caption\">Pozioma prasa <\/figcaption><\/figure> <\/figure>    <figure class=\"wp-block-table\"><table><tbody><tr><td>MODEL<\/td><td>ZW-B<\/td><\/tr><tr><td>Maksymalna zewn\u0119trzna \u015brednica opony<\/td><td>750mm<\/td><\/tr><tr><td>Minimalny wewn\u0119trzny \u015brednica opony<\/td><td>300mm<\/td><\/tr><tr><td>Maksymalna szeroko\u015b\u0107 opony<\/td><td>280mm<\/td><\/tr><tr><td>Maksymalna \u015brednica torby&nbsp;<\/td><td>200mm<\/td><\/tr><tr><td>Szeroko\u015b\u0107 ta\u015bmy pakuj\u0105cej&nbsp;<\/td><td>40-70mm<\/td><\/tr><tr><td>Napi\u0119cie zasilania&nbsp;<\/td><td>380v<\/td><\/tr><tr><td>Pr\u0119dko\u015b\u0107 pracy&nbsp;<\/td><td>20-30sek\/ta\u015bma<\/td><\/tr><tr><td>Model<\/td><td>LZW-3H<\/td><\/tr><tr><td>Zakres wewn\u0119trznej \u015brednicy opony pakuj\u0105cej&nbsp;<\/td><td>305-510mm<\/td><\/tr><tr><td>Szeroko\u015b\u0107 opony pakuj\u0105cej&nbsp;<\/td><td>150-280mm<\/td><\/tr><tr><td>Zewn\u0119trzna \u015brednica opony pakuj\u0105cej&nbsp;<\/td><td>750mm<\/td><\/tr><tr><td>Materia\u0142 pakuj\u0105cy&nbsp;<\/td><td>Ta\u015bma pakuj\u0105ca, ta\u015bma z papieru kompozytowego, folia stretchowa<\/td><\/tr><tr><td>Szeroko\u015b\u0107 ta\u015bmy pakuj\u0105cej&nbsp;<\/td><td>60-80mm<\/td><\/tr><tr><td>Zewn\u0119trzna \u015brednica ta\u015bmy pakuj\u0105cej&nbsp;<\/td><td>200mm\uff08maksymalnie\uff09<\/td><\/tr><tr><td>Wysoko\u015b\u0107 rolki&nbsp;<\/td><td>360mm<\/td><\/tr><tr><td>Talerz no\u015bny&nbsp;<\/td><td>200kg<\/td><\/tr><tr><td>Zakres nak\u0142adania ta\u015bmy pakuj\u0105cej&nbsp;<\/td><td>30%-70%<\/td><\/tr><tr><td>Wydajno\u015b\u0107 produkcji<\/td><td>750\/R20<\/td><\/tr><\/tbody><\/table><figcaption class=\"wp-element-caption\">Parametry poziomej prasy<\/figcaption><\/figure>    <h2 class=\"wp-block-heading\">Jakie materia\u0142y mo\u017cna przetwarza\u0107 za pomoc\u0105 maszyny do prasowania odzie\u017cy<\/h2>    <figure class=\"wp-block-gallery has-nested-images columns-default is-cropped wp-block-gallery-5 is-layout-flex wp-block-gallery-is-layout-flex\"> <figure class=\"wp-block-image size-large\"><img loading=\"lazy\" decoding=\"async\" width=\"720\" height=\"540\" data-id=\"3102\" src=\"https:\/\/shuliybaler.com\/wp-content\/uploads\/2023\/01\/clothes-baling-machine.webp\" alt=\"maszyna do prasowania odzie\u017cy\" class=\"wp-image-3102\" title=\"\" srcset=\"https:\/\/shuliybaler.com\/wp-content\/uploads\/2023\/01\/clothes-baling-machine.webp 720w, https:\/\/shuliybaler.com\/wp-content\/uploads\/2023\/01\/clothes-baling-machine-360x270.webp 360w, https:\/\/shuliybaler.com\/wp-content\/uploads\/2023\/01\/clothes-baling-machine-180x135.webp 180w\" sizes=\"auto, (max-width: 720px) 100vw, 720px\" \/><figcaption class=\"wp-element-caption\">Maszyna do prasowania odzie\u017cy<\/figcaption><\/figure>    <figure class=\"wp-block-image size-large\"><img loading=\"lazy\" decoding=\"async\" width=\"720\" height=\"540\" data-id=\"3103\" src=\"https:\/\/shuliybaler.com\/wp-content\/uploads\/2023\/01\/clothes-baling-machine-1.webp\" alt=\"maszyna do prasowania odzie\u017cy\" class=\"wp-image-3103\" title=\"\" srcset=\"https:\/\/shuliybaler.com\/wp-content\/uploads\/2023\/01\/clothes-baling-machine-1.webp 720w, https:\/\/shuliybaler.com\/wp-content\/uploads\/2023\/01\/clothes-baling-machine-1-360x270.webp 360w, https:\/\/shuliybaler.com\/wp-content\/uploads\/2023\/01\/clothes-baling-machine-1-180x135.webp 180w\" sizes=\"auto, (max-width: 720px) 100vw, 720px\" \/><figcaption class=\"wp-element-caption\">Maszyna do prasowania odzie\u017cy<\/figcaption><\/figure> <\/figure>    <p class=\"translation-block\">Materia\u0142y, kt\u00f3re mo\u017cna pakowa\u0107 za pomoc\u0105 prasy, obejmuj\u0105 <a href=\"https:\/\/en.wikipedia.org\/wiki\/Cotton\" data-type=\"URL\" data-id=\"https:\/\/en.wikipedia.org\/wiki\/Cotton\" target=\"_blank\" rel=\"noopener\">bawe\u0142n\u0119<\/a>, odpady do recyklingu, makulatur\u0119, <a href=\"https:\/\/en.wikipedia.org\/wiki\/Scrap\" data-type=\"URL\" data-id=\"https:\/\/en.wikipedia.org\/wiki\/Scrap\" target=\"_blank\" rel=\"noopener\">z\u0142om metalowy<\/a>, butelki plastikowe, puszki, torby plastikowe itp., szczeg\u00f3lnie dla niekt\u00f3rych produkt\u00f3w z du\u017cymi szczelinami i przestrzeniami, efekt b\u0119dzie bardziej widoczny.<\/p>    <h2 class=\"wp-block-heading\">Dlaczego warto u\u017cywa\u0107 maszyny do prasowania odzie\u017cy?<\/h2>    <figure class=\"wp-block-gallery has-nested-images columns-default is-cropped wp-block-gallery-6 is-layout-flex wp-block-gallery-is-layout-flex\"> <figure class=\"wp-block-image size-large\"><img loading=\"lazy\" decoding=\"async\" width=\"720\" height=\"540\" data-id=\"3108\" src=\"https:\/\/shuliybaler.com\/wp-content\/uploads\/2023\/01\/clothes-baling-3.webp\" alt=\"balowanie odzie\u017cy\" class=\"wp-image-3108\" title=\"\" srcset=\"https:\/\/shuliybaler.com\/wp-content\/uploads\/2023\/01\/clothes-baling-3.webp 720w, https:\/\/shuliybaler.com\/wp-content\/uploads\/2023\/01\/clothes-baling-3-360x270.webp 360w, https:\/\/shuliybaler.com\/wp-content\/uploads\/2023\/01\/clothes-baling-3-180x135.webp 180w\" sizes=\"auto, (max-width: 720px) 100vw, 720px\" \/><figcaption class=\"wp-element-caption\">Prasowanie odzie\u017cy<\/figcaption><\/figure>    <figure class=\"wp-block-image size-large\"><img loading=\"lazy\" decoding=\"async\" width=\"720\" height=\"540\" data-id=\"3104\" src=\"https:\/\/shuliybaler.com\/wp-content\/uploads\/2023\/01\/clothes-baling.webp\" alt=\"balowanie odzie\u017cy\" class=\"wp-image-3104\" title=\"\" srcset=\"https:\/\/shuliybaler.com\/wp-content\/uploads\/2023\/01\/clothes-baling.webp 720w, https:\/\/shuliybaler.com\/wp-content\/uploads\/2023\/01\/clothes-baling-360x270.webp 360w, https:\/\/shuliybaler.com\/wp-content\/uploads\/2023\/01\/clothes-baling-180x135.webp 180w\" sizes=\"auto, (max-width: 720px) 100vw, 720px\" \/><figcaption class=\"wp-element-caption\">Prasowanie odzie\u017cy<\/figcaption><\/figure>    <figure class=\"wp-block-image size-large\"><img loading=\"lazy\" decoding=\"async\" width=\"720\" height=\"540\" data-id=\"3105\" src=\"https:\/\/shuliybaler.com\/wp-content\/uploads\/2023\/01\/clothes-baling-1.webp\" alt=\"balowanie odzie\u017cy\" class=\"wp-image-3105\" title=\"\" srcset=\"https:\/\/shuliybaler.com\/wp-content\/uploads\/2023\/01\/clothes-baling-1.webp 720w, https:\/\/shuliybaler.com\/wp-content\/uploads\/2023\/01\/clothes-baling-1-360x270.webp 360w, https:\/\/shuliybaler.com\/wp-content\/uploads\/2023\/01\/clothes-baling-1-180x135.webp 180w\" sizes=\"auto, (max-width: 720px) 100vw, 720px\" \/><figcaption class=\"wp-element-caption\">Prasowanie odzie\u017cy<\/figcaption><\/figure> <\/figure>    <ol class=\"wp-block-list\"> <li>Zmniejsza obj\u0119to\u015b\u0107 obs\u0142ugi materia\u0142\u00f3w i poprawia wydajno\u015b\u0107 transportu<\/li>    <li>Oszcz\u0119dno\u015bci wynikaj\u0105ce z unikania utylizacji materia\u0142\u00f3w<\/li>    <li>Generuj doch\u00f3d ze sprzeda\u017cy materia\u0142\u00f3w opakowaniowych<\/li>    <li>Spe\u0142nia lub przewy\u017csza normy bran\u017cowe, aby zmaksymalizowa\u0107 warto\u015b\u0107 produktu<\/li> <\/ol>    <figure class=\"wp-block-embed is-type-video is-provider-youtube wp-block-embed-youtube wp-embed-aspect-16-9 wp-has-aspect-ratio\"><div class=\"wp-block-embed__wrapper\"> <iframe loading=\"lazy\" title=\"Dwa typy u\u017cywanych maszyn do prasowania odzie\u017cy | pionowa prasa do odzie\u017cy | pozioma prasa do odzie\u017cy\" width=\"500\" height=\"281\" src=\"https:\/\/www.youtube.com\/embed\/UJUC6do1EKU?feature=oembed\" frameborder=\"0\" allow=\"accelerometer; autoplay; clipboard-write; encrypted-media; gyroscope; picture-in-picture; web-share\" referrerpolicy=\"strict-origin-when-cross-origin\" allowfullscreen><\/iframe> <\/div><figcaption class=\"wp-element-caption\">maszyna do prasowania odzie\u017cy<\/figcaption><\/figure>","protected":false},"excerpt":{"rendered":"<p>Maszyna do balowania odzie\u017cy s\u0142u\u017cy do pakowania i kompresji lu\u017anych materia\u0142\u00f3w, takich jak stare ubrania, bawe\u0142na, nici, itp. Baler wyciska powietrze z ubra\u0144, aby zmniejszy\u0107 zajmowan\u0105 przez nie powierzchni\u0119. Maszyny do balowania odzie\u017cy s\u0105 zwykle u\u017cywane do recyklingu u\u017cywanych ubra\u0144 i but\u00f3w, co pozwala zaoszcz\u0119dzi\u0107 80% miejsca po kompresji. Maszyny te s\u0105 popularne w bran\u017cach ochrony \u015brodowiska i recyklingu.<\/p>","protected":false},"author":1,"featured_media":3092,"parent":0,"template":"","tags":[59],"product-type":[41],"class_list":["post-3091","product","type-product","status-publish","has-post-thumbnail","hentry","tag-used-clothes-baling-machine","product-type-metal-baler-machine"],"_links":{"self":[{"href":"https:\/\/shuliybaler.com\/pl\/wp-json\/wp\/v2\/product\/3091","targetHints":{"allow":["GET"]}}],"collection":[{"href":"https:\/\/shuliybaler.com\/pl\/wp-json\/wp\/v2\/product"}],"about":[{"href":"https:\/\/shuliybaler.com\/pl\/wp-json\/wp\/v2\/types\/product"}],"author":[{"embeddable":true,"href":"https:\/\/shuliybaler.com\/pl\/wp-json\/wp\/v2\/users\/1"}],"wp:featuredmedia":[{"embeddable":true,"href":"https:\/\/shuliybaler.com\/pl\/wp-json\/wp\/v2\/media\/3092"}],"wp:attachment":[{"href":"https:\/\/shuliybaler.com\/pl\/wp-json\/wp\/v2\/media?parent=3091"}],"wp:term":[{"taxonomy":"post_tag","embeddable":true,"href":"https:\/\/shuliybaler.com\/pl\/wp-json\/wp\/v2\/tags?post=3091"},{"taxonomy":"product-type","embeddable":true,"href":"https:\/\/shuliybaler.com\/pl\/wp-json\/wp\/v2\/product-type?post=3091"}],"curies":[{"name":"wp","href":"https:\/\/api.w.org\/{rel}","templated":true}]}}