{"id":3150,"date":"2023-03-22T16:47:23","date_gmt":"2023-03-22T08:47:23","guid":{"rendered":"https:\/\/shuliybaler.com\/?post_type=product&#038;p=3150"},"modified":"2024-01-18T17:44:05","modified_gmt":"2024-01-18T09:44:05","slug":"scrap-hydraulic-tyre-baling-machine","status":"publish","type":"product","link":"https:\/\/shuliybaler.com\/pl\/product\/scrap-hydraulic-tyre-baling-machine\/","title":{"rendered":"Hydrauliczna maszyna do prasowania odpad\u00f3w opon do recyklingu"},"content":{"rendered":"<p class=\"translation-block\"><strong>Maszyna do prasowania opon<\/strong> u\u017cywa systemu hydraulicznego do sprasowania opon ci\u0119\u017carowych, samochodowych itp., oszcz\u0119dzaj\u0105c miejsce do przechowywania i transportu. <\/p>    <p class=\"translation-block\">Istniej\u0105 dwa rodzaje maszyn do prasowania opon, <strong>maszyna pionowa<\/strong> i <strong>maszyna pozioma<\/strong>, kt\u00f3re mog\u0105 s\u0142u\u017cy\u0107 do pakowania opon. Wydajno\u015b\u0107 obu jest r\u00f3\u017cna. Prasy do opon s\u0105 szeroko stosowane w bran\u017cy recyklingu. <\/p>    <p>Dlatego, je\u015bli chcesz recyklingu opon, skontaktuj si\u0119 z nami po wi\u0119cej szczeg\u00f3\u0142\u00f3w i cen\u0119 maszyny!<\/p>    <figure class=\"wp-block-embed is-type-video is-provider-youtube wp-block-embed-youtube wp-embed-aspect-16-9 wp-has-aspect-ratio\"><div class=\"wp-block-embed__wrapper\"> <iframe loading=\"lazy\" title=\"Maszyna do prasowania odpad\u00f3w opon jest eksportowana do Indonezji | maszyna do recyklingu opon\" width=\"500\" height=\"281\" src=\"https:\/\/www.youtube.com\/embed\/1_gq1TGwO4w?feature=oembed\" frameborder=\"0\" allow=\"accelerometer; autoplay; clipboard-write; encrypted-media; gyroscope; picture-in-picture; web-share\" referrerpolicy=\"strict-origin-when-cross-origin\" allowfullscreen><\/iframe> <\/div><figcaption class=\"wp-element-caption\">wideo poziomej prasy do opon<\/figcaption><\/figure>    <h2 class=\"wp-block-heading\"><strong>Rodzaje pras do opon na sprzeda\u017c<\/strong><\/h2>    <h3 class=\"wp-block-heading\"><strong>Wprowadzenie do poziomej prasy do opon<\/strong><\/h3>    <div class=\"wp-block-media-text alignwide is-stacked-on-mobile\"><figure class=\"wp-block-media-text__media\"><img loading=\"lazy\" decoding=\"async\" width=\"750\" height=\"750\" src=\"https:\/\/shuliybaler.com\/wp-content\/uploads\/2023\/03\/horizontal-tyre-baling-machine.webp\" alt=\" Pozioma maszyna do prasowania opon\" class=\"wp-image-3152 size-full\" title=\"\" srcset=\"https:\/\/shuliybaler.com\/wp-content\/uploads\/2023\/03\/horizontal-tyre-baling-machine.webp 750w, https:\/\/shuliybaler.com\/wp-content\/uploads\/2023\/03\/horizontal-tyre-baling-machine-270x270.webp 270w, https:\/\/shuliybaler.com\/wp-content\/uploads\/2023\/03\/horizontal-tyre-baling-machine-540x540.webp 540w\" sizes=\"auto, (max-width: 750px) 100vw, 750px\" \/><\/figure><div class=\"wp-block-media-text__content\"> <p>Ta pozioma prasa ma stosunkowo du\u017c\u0105 wydajno\u015b\u0107. W sumie dost\u0119pne s\u0105 cztery modele. <\/p>    <p>Ta pozioma prasa mo\u017ce pakowa\u0107 od 6 do 8 toreb na godzin\u0119. Waga ka\u017cdej torby z oponami jest r\u00f3\u017cna w zale\u017cno\u015bci od modelu. <\/p>    <p>Oczywi\u015bcie, im wi\u0119kszy model, tym wi\u0119cej opon na torb\u0119 i ci\u0119\u017csza waga.<\/p> <\/div><\/div>    <figure class=\"wp-block-table\"><table><tbody><tr><td>Model<\/td><td>SL-DB-100<\/td><td>SL-DB-160<\/td><td>SL-DB-180<\/td><td>SL-DB-200<\/td><\/tr><tr><td>Ci\u015bnienie<\/td><td>1000KN<\/td><td>1600 KN<\/td><td>1800 KN<\/td><td>2000 KN<\/td><\/tr><tr><td>G\u0142\u00f3wna moc<\/td><td>22KW 1.5KW 4kw<\/td><td>37KW 1.5KW 4kw<\/td><td>45KW 3KW 5kw<\/td><td>55KW 13KW 5.5kw<\/td><\/tr><tr><td>Ilo\u015b\u0107 drut\u00f3w do prasowania<\/td><td>4\/5<\/td><td>4\/5<\/td><td>5<\/td><td>5<\/td><\/tr><tr><td>Rozmiar bel<\/td><td>W1150mm*<br>H1050mm<br>*L (regulowany)<\/td><td>W1150mm*<br>H1250mm<br>*L (regulowany)<\/td><td>W1150mm*<br>H1350mm<br>*L (regulowany)<\/td><td>W1150mm*<br>H1450mm<br>*L (regulowany)<\/td><\/tr><tr><td>Drut<\/td><td>Drut wy\u017carzony 3mm (12#) lub plastikowy drut<\/td><td>Drut wy\u017carzony 3mm (12#) lub plastikowy drut<\/td><td>Drut wy\u017carzony 3mm (12#) lub plastikowy drut<\/td><td>Drut wy\u017carzony 3mm (12#) lub plastikowy drut<\/td><\/tr><tr><td>Napi\u0119cie<\/td><td>380V\/50HZ<\/td><td>380V\/50HZ<\/td><td>380V\/50HZ<\/td><td>380V\/50HZ<\/td><\/tr><tr><td>Metoda wi\u0105zania<\/td><td>Manual\/automatyczna<\/td><td>Manual\/automatyczna<\/td><td>Manual\/automatyczna<\/td><td>Manual\/automatyczna<\/td><\/tr><tr><td>Pojemno\u015b\u0107<\/td><td>6-8 bel\/ godz.<\/td><td>6-8 bel\/ godz.<\/td><td>6-8 bel\/ godz.<\/td><td>6-8 bel\/ godz.<\/td><\/tr><tr><td>Waga belki<\/td><td>500-1000kg<\/td><td>1000-1300kg<\/td><td>1000-1300kg<\/td><td>1000-1300kg<\/td><\/tr><tr><td>Rozmiar przeno\u015bnika<\/td><td>6530*<em>1400<\/em>*3200mm<\/td><td>7113*<em>1555<\/em>*3360mm<\/td><td>7800*<em>1655<\/em>*3360mm<\/td><td>8200*<em>1700<\/em>*3360mm<\/td><\/tr><tr><td>Metoda operacji<\/td><td>Manual\/PLC<\/td><td>Manual\/PLC<\/td><td>Manual\/PLC<\/td><td>Manual\/PLC<\/td><\/tr><\/tbody><\/table><figcaption class=\"wp-element-caption\">Parametry poziomej prasy do opon<\/figcaption><\/figure>    <figure class=\"wp-block-gallery has-nested-images columns-default is-cropped wp-block-gallery-2 is-layout-flex wp-block-gallery-is-layout-flex\"> <figure class=\"wp-block-image size-large\"><img loading=\"lazy\" decoding=\"async\" width=\"720\" height=\"540\" data-id=\"3161\" src=\"https:\/\/shuliybaler.com\/wp-content\/uploads\/2023\/03\/horizontal-tyre-baling-machine-1.webp\" alt=\"Pozioma maszyna do balowania opon na sprzeda\u017c\" class=\"wp-image-3161\" title=\"\" srcset=\"https:\/\/shuliybaler.com\/wp-content\/uploads\/2023\/03\/horizontal-tyre-baling-machine-1.webp 720w, https:\/\/shuliybaler.com\/wp-content\/uploads\/2023\/03\/horizontal-tyre-baling-machine-1-360x270.webp 360w, https:\/\/shuliybaler.com\/wp-content\/uploads\/2023\/03\/horizontal-tyre-baling-machine-1-180x135.webp 180w\" sizes=\"auto, (max-width: 720px) 100vw, 720px\" \/><figcaption class=\"wp-element-caption\">Sprzeda\u017c poziomej prasy do opon<\/figcaption><\/figure>    <figure class=\"wp-block-image size-large\"><img loading=\"lazy\" decoding=\"async\" width=\"720\" height=\"540\" data-id=\"3163\" src=\"https:\/\/shuliybaler.com\/wp-content\/uploads\/2023\/03\/horizontal-tyre-baling-machine-3.webp\" alt=\"Pozioma maszyna do prasowania opon\" class=\"wp-image-3163\" title=\"\" srcset=\"https:\/\/shuliybaler.com\/wp-content\/uploads\/2023\/03\/horizontal-tyre-baling-machine-3.webp 720w, https:\/\/shuliybaler.com\/wp-content\/uploads\/2023\/03\/horizontal-tyre-baling-machine-3-360x270.webp 360w, https:\/\/shuliybaler.com\/wp-content\/uploads\/2023\/03\/horizontal-tyre-baling-machine-3-180x135.webp 180w\" sizes=\"auto, (max-width: 720px) 100vw, 720px\" \/><figcaption class=\"wp-element-caption\">Pozioma prasa do opon<\/figcaption><\/figure>    <figure class=\"wp-block-image size-large\"><img loading=\"lazy\" decoding=\"async\" width=\"720\" height=\"540\" data-id=\"3164\" src=\"https:\/\/shuliybaler.com\/wp-content\/uploads\/2023\/03\/horizontal-tyre-baler-machine.webp\" alt=\"pozioma maszyna do balowania opon\" class=\"wp-image-3164\" title=\"\" srcset=\"https:\/\/shuliybaler.com\/wp-content\/uploads\/2023\/03\/horizontal-tyre-baler-machine.webp 720w, https:\/\/shuliybaler.com\/wp-content\/uploads\/2023\/03\/horizontal-tyre-baler-machine-360x270.webp 360w, https:\/\/shuliybaler.com\/wp-content\/uploads\/2023\/03\/horizontal-tyre-baler-machine-180x135.webp 180w\" sizes=\"auto, (max-width: 720px) 100vw, 720px\" \/><figcaption class=\"wp-element-caption\">Pozioma maszyna do prasowania opon<\/figcaption><\/figure>    <figure class=\"wp-block-image size-large\"><img loading=\"lazy\" decoding=\"async\" width=\"720\" height=\"540\" data-id=\"3162\" src=\"https:\/\/shuliybaler.com\/wp-content\/uploads\/2023\/03\/horizontal-tyre-baling-machine-2.webp\" alt=\"Pozioma maszyna do prasowania opon\" class=\"wp-image-3162\" title=\"\" srcset=\"https:\/\/shuliybaler.com\/wp-content\/uploads\/2023\/03\/horizontal-tyre-baling-machine-2.webp 720w, https:\/\/shuliybaler.com\/wp-content\/uploads\/2023\/03\/horizontal-tyre-baling-machine-2-360x270.webp 360w, https:\/\/shuliybaler.com\/wp-content\/uploads\/2023\/03\/horizontal-tyre-baling-machine-2-180x135.webp 180w\" sizes=\"auto, (max-width: 720px) 100vw, 720px\" \/><figcaption class=\"wp-element-caption\">Pozioma maszyna do prasowania opon<\/figcaption><\/figure>    <figure class=\"wp-block-image size-large\"><img loading=\"lazy\" decoding=\"async\" width=\"720\" height=\"540\" data-id=\"3165\" src=\"https:\/\/shuliybaler.com\/wp-content\/uploads\/2023\/03\/horizontal-tire-baling-machine.webp\" alt=\"Pozioma maszyna do balowania opon\" class=\"wp-image-3165\" title=\"\" srcset=\"https:\/\/shuliybaler.com\/wp-content\/uploads\/2023\/03\/horizontal-tire-baling-machine.webp 720w, https:\/\/shuliybaler.com\/wp-content\/uploads\/2023\/03\/horizontal-tire-baling-machine-360x270.webp 360w, https:\/\/shuliybaler.com\/wp-content\/uploads\/2023\/03\/horizontal-tire-baling-machine-180x135.webp 180w\" sizes=\"auto, (max-width: 720px) 100vw, 720px\" \/><figcaption class=\"wp-element-caption\">Pozioma maszyna do prasowania opon<\/figcaption><\/figure> <\/figure>    <h3 class=\"wp-block-heading\"><strong>Wprowadzenie do pionowej prasy do opon<\/strong><br><\/h3>    <div class=\"wp-block-media-text alignwide has-media-on-the-right is-stacked-on-mobile\"><div class=\"wp-block-media-text__content\"> <p class=\"translation-block\"><a href=\"https:\/\/shuliybaler.com\/pl\/product\/vertical-metal-baler\/\">Pionowa prasa<\/a> zajmuje ma\u0142\u0105 powierzchni\u0119, a wska\u017anik zag\u0119szczenia wynosi 5:1. <\/p>    <p>Istnieje pi\u0119\u0107 modeli pionowej prasy do opon, kt\u00f3re mog\u0105 pakowa\u0107 od 6 do 10 bel na godzin\u0119 \u015brednio. <\/p>    <p>R\u00f3\u017cne modele maj\u0105 r\u00f3\u017cne wagi dla ka\u017cdej paczki opon. Ka\u017cda paczka modelu 80 osi\u0105ga 2000 kg.<\/p> <\/div><figure class=\"wp-block-media-text__media\"><img loading=\"lazy\" decoding=\"async\" width=\"720\" height=\"540\" src=\"https:\/\/shuliybaler.com\/wp-content\/uploads\/2023\/03\/vertical-tire-baling-machine.webp\" alt=\"pionowa maszyna do prasowania opon\" class=\"wp-image-3153 size-full\" title=\"\" srcset=\"https:\/\/shuliybaler.com\/wp-content\/uploads\/2023\/03\/vertical-tire-baling-machine.webp 720w, https:\/\/shuliybaler.com\/wp-content\/uploads\/2023\/03\/vertical-tire-baling-machine-360x270.webp 360w, https:\/\/shuliybaler.com\/wp-content\/uploads\/2023\/03\/vertical-tire-baling-machine-180x135.webp 180w\" sizes=\"auto, (max-width: 720px) 100vw, 720px\" \/><\/figure><\/div>    <figure class=\"wp-block-table\"><table><tbody><tr><td>Model<\/td><td>SL-10T<\/td><td>SL-20T<\/td><td>SL-30T<\/td><td>SL-60T<\/td><td>SL-80T<\/td><\/tr><tr><td>Moc (kw)<\/td><td>5.5<\/td><td>7.5<\/td><td>11<\/td><td>15<\/td><td>17<\/td><\/tr><tr><td>opakowanie (<br>mm\uff09<\/td><td>800*400*800<\/td><td>800*400*800<\/td><td>800*<em>400<\/em>*600<\/td><td>1150*<em>750<\/em>*1000<\/td><td>1150*<em>750<\/em>*1000<\/td><\/tr><tr><td>ci\u015bnienie (<br>mm\uff09<\/td><td>1000<\/td><td>1000<\/td><td>1000<\/td><td>1100<\/td><td>1100<\/td><\/tr><tr><td>wymiar (mm)<\/td><td>1400*<em>700<\/em>*2900<\/td><td>1400*<em>700<\/em>*2950<\/td><td>1450*<em>700<\/em>*2950<\/td><td>1700*<em>1000<\/em>*3200<\/td><td>1800*<em>1000<\/em>*3200<\/td><\/tr><tr><td>Cylinder olejowy<\/td><td>125<\/td><td>160<\/td><td>160<\/td><td>160<\/td><td>180<\/td><\/tr><tr><td>Pr\u0119dko\u015b\u0107 prasowania<br>(p\/min)<\/td><td>8-10<\/td><td>8-10<\/td><td>8-10<\/td><td>6-10<\/td><td>6-10<\/td><\/tr><tr><td>Waga (kg)<\/td><td>400<\/td><td>850<\/td><td>950<\/td><td>1600<\/td><td>2000<\/td><\/tr><\/tbody><\/table><figcaption class=\"wp-element-caption\">Parametry pionowej prasy do opon<\/figcaption><\/figure>    <figure class=\"wp-block-gallery has-nested-images columns-default is-cropped wp-block-gallery-3 is-layout-flex wp-block-gallery-is-layout-flex\"> <figure class=\"wp-block-image size-large\"><img loading=\"lazy\" decoding=\"async\" width=\"750\" height=\"750\" data-id=\"3160\" src=\"https:\/\/shuliybaler.com\/wp-content\/uploads\/2023\/03\/vertical-tire-baler-machine.webp\" alt=\"Pionowa maszyna do balowania opon\" class=\"wp-image-3160\" title=\"\" srcset=\"https:\/\/shuliybaler.com\/wp-content\/uploads\/2023\/03\/vertical-tire-baler-machine.webp 750w, https:\/\/shuliybaler.com\/wp-content\/uploads\/2023\/03\/vertical-tire-baler-machine-270x270.webp 270w, https:\/\/shuliybaler.com\/wp-content\/uploads\/2023\/03\/vertical-tire-baler-machine-540x540.webp 540w\" sizes=\"auto, (max-width: 750px) 100vw, 750px\" \/><figcaption class=\"wp-element-caption\">Pionowa maszyna do prasowania opon<\/figcaption><\/figure>    <figure class=\"wp-block-image size-large\"><img loading=\"lazy\" decoding=\"async\" width=\"750\" height=\"750\" data-id=\"3159\" src=\"https:\/\/shuliybaler.com\/wp-content\/uploads\/2023\/03\/vertical-tire-baling-machine-1.webp\" alt=\"Pionowa maszyna do balowania opon\" class=\"wp-image-3159\" title=\"\" srcset=\"https:\/\/shuliybaler.com\/wp-content\/uploads\/2023\/03\/vertical-tire-baling-machine-1.webp 750w, https:\/\/shuliybaler.com\/wp-content\/uploads\/2023\/03\/vertical-tire-baling-machine-1-270x270.webp 270w, https:\/\/shuliybaler.com\/wp-content\/uploads\/2023\/03\/vertical-tire-baling-machine-1-540x540.webp 540w\" sizes=\"auto, (max-width: 750px) 100vw, 750px\" \/><figcaption class=\"wp-element-caption\">Pionowa maszyna do prasowania opon<\/figcaption><\/figure> <\/figure>    <h2 class=\"wp-block-heading\"><strong>Zastosowanie maszyny do prasowania opon ci\u0119\u017carowych<\/strong><\/h2>    <p>Prasa do odpad\u00f3w opon jest g\u0142\u00f3wnie u\u017cywana w bran\u017cy recyklingu opon. Je\u015bli odpad nie zostanie przetworzony, \u0142atwo mo\u017ce powodowa\u0107 zanieczyszczenie \u015brodowiska. <\/p>    <p>Po przetworzeniu przez pras\u0119 do opon, opona mo\u017ce zosta\u0107 sprasowana w solidny blok, co zmniejsza obj\u0119to\u015b\u0107 i obni\u017ca koszty transportu i utylizacji, jednocze\u015bnie zmniejszaj\u0105c ryzyko zanieczyszczenia \u015brodowiska.<\/p>    <figure class=\"wp-block-gallery has-nested-images columns-default is-cropped wp-block-gallery-4 is-layout-flex wp-block-gallery-is-layout-flex\"> <figure class=\"wp-block-image size-large\"><img loading=\"lazy\" decoding=\"async\" width=\"720\" height=\"540\" data-id=\"3157\" src=\"https:\/\/shuliybaler.com\/wp-content\/uploads\/2023\/03\/Scrap-tires.webp\" alt=\"\" class=\"wp-image-3157\" title=\"\" srcset=\"https:\/\/shuliybaler.com\/wp-content\/uploads\/2023\/03\/Scrap-tires.webp 720w, https:\/\/shuliybaler.com\/wp-content\/uploads\/2023\/03\/Scrap-tires-360x270.webp 360w, https:\/\/shuliybaler.com\/wp-content\/uploads\/2023\/03\/Scrap-tires-180x135.webp 180w\" sizes=\"auto, (max-width: 720px) 100vw, 720px\" \/><figcaption class=\"wp-element-caption\">Zu\u017cyte opony<\/figcaption><\/figure>    <figure class=\"wp-block-image size-large\"><img loading=\"lazy\" decoding=\"async\" width=\"720\" height=\"540\" data-id=\"3158\" src=\"https:\/\/shuliybaler.com\/wp-content\/uploads\/2023\/03\/Scrap-tires-after-baling.webp\" alt=\"Z\u0142omowane opony po balowaniu\" class=\"wp-image-3158\" title=\"\" srcset=\"https:\/\/shuliybaler.com\/wp-content\/uploads\/2023\/03\/Scrap-tires-after-baling.webp 720w, https:\/\/shuliybaler.com\/wp-content\/uploads\/2023\/03\/Scrap-tires-after-baling-360x270.webp 360w, https:\/\/shuliybaler.com\/wp-content\/uploads\/2023\/03\/Scrap-tires-after-baling-180x135.webp 180w\" sizes=\"auto, (max-width: 720px) 100vw, 720px\" \/><figcaption class=\"wp-element-caption\">Zu\u017cyte opony po balowaniu<\/figcaption><\/figure> <\/figure>    <ul class=\"wp-block-list\"> <li><strong>Przechowywanie opon<\/strong>: Prasa mo\u017ce skompresowa\u0107 opony do mniejszej obj\u0119to\u015bci, co u\u0142atwia ich przechowywanie, szczeg\u00f3lnie gdy przestrze\u0144 na przechowywanie opon jest ograniczona, prasa mo\u017ce maksymalnie wykorzysta\u0107 dost\u0119pn\u0105 przestrze\u0144, aby osi\u0105gn\u0105\u0107 efektywne przechowywanie opon.<\/li>    <li><strong>Wysy\u0142ka opon<\/strong>: Spakowane opony s\u0105 \u0142atwiejsze do wysy\u0142ki i obs\u0142ugi ni\u017c nieprzyci\u015bni\u0119te opony, co obni\u017ca koszty wysy\u0142ki i pracy.<\/li> <\/ul>    <h2 class=\"wp-block-heading\"><strong>Jakie inne surowce mo\u017ce obs\u0142ugiwa\u0107 prasa do opon?<\/strong><\/h2>    <p class=\"translation-block\">Prasy do opon s\u0105 r\u00f3wnie\u017c powszechnie u\u017cywane do prasowania <strong>starych ubra\u0144 i but\u00f3w, prasowania wi\u00f3r\u00f3w drzewnych, prasowania s\u0142omy<\/strong>, <strong>makulatury, tektury, butelek PET<\/strong>, itp. Maszyna do prasowania opon ma szeroki zakres zastosowa\u0144.<\/p>    <figure class=\"wp-block-gallery has-nested-images columns-default is-cropped wp-block-gallery-5 is-layout-flex wp-block-gallery-is-layout-flex\"> <figure class=\"wp-block-image size-large\"><img loading=\"lazy\" decoding=\"async\" width=\"720\" height=\"540\" data-id=\"3154\" src=\"https:\/\/shuliybaler.com\/wp-content\/uploads\/2023\/03\/waste-paper-baling.webp\" alt=\"baler do makulatury\" class=\"wp-image-3154\" title=\"\" srcset=\"https:\/\/shuliybaler.com\/wp-content\/uploads\/2023\/03\/waste-paper-baling.webp 720w, https:\/\/shuliybaler.com\/wp-content\/uploads\/2023\/03\/waste-paper-baling-360x270.webp 360w, https:\/\/shuliybaler.com\/wp-content\/uploads\/2023\/03\/waste-paper-baling-180x135.webp 180w\" sizes=\"auto, (max-width: 720px) 100vw, 720px\" \/><figcaption class=\"wp-element-caption\">Prasowanie makulatury<\/figcaption><\/figure>    <figure class=\"wp-block-image size-large\"><img loading=\"lazy\" decoding=\"async\" width=\"720\" height=\"540\" data-id=\"3155\" src=\"https:\/\/shuliybaler.com\/wp-content\/uploads\/2023\/03\/straw-baling.webp\" alt=\"Prasa do s\u0142omy\" class=\"wp-image-3155\" title=\"\" srcset=\"https:\/\/shuliybaler.com\/wp-content\/uploads\/2023\/03\/straw-baling.webp 720w, https:\/\/shuliybaler.com\/wp-content\/uploads\/2023\/03\/straw-baling-360x270.webp 360w, https:\/\/shuliybaler.com\/wp-content\/uploads\/2023\/03\/straw-baling-180x135.webp 180w\" sizes=\"auto, (max-width: 720px) 100vw, 720px\" \/><figcaption class=\"wp-element-caption\">Prasowanie s\u0142omy<\/figcaption><\/figure>    <figure class=\"wp-block-image size-large\"><img loading=\"lazy\" decoding=\"async\" width=\"720\" height=\"540\" data-id=\"3156\" src=\"https:\/\/shuliybaler.com\/wp-content\/uploads\/2023\/03\/Waste-cans-baling.webp\" alt=\"Prasa do puszek na odpady\" class=\"wp-image-3156\" title=\"\" srcset=\"https:\/\/shuliybaler.com\/wp-content\/uploads\/2023\/03\/Waste-cans-baling.webp 720w, https:\/\/shuliybaler.com\/wp-content\/uploads\/2023\/03\/Waste-cans-baling-360x270.webp 360w, https:\/\/shuliybaler.com\/wp-content\/uploads\/2023\/03\/Waste-cans-baling-180x135.webp 180w\" sizes=\"auto, (max-width: 720px) 100vw, 720px\" \/><figcaption class=\"wp-element-caption\">Prasowanie puszek na odpady<\/figcaption><\/figure> <\/figure>    <h2 class=\"wp-block-heading\"><strong>Struktura prasy do opon samochodowych<\/strong><\/h2>    <p>Pakowarka opon to urz\u0105dzenie s\u0142u\u017c\u0105ce do kompresji opon w kompaktowe pakiety. Urz\u0105dzenie sk\u0142ada si\u0119 g\u0142\u00f3wnie z ramy, systemu hydraulicznego, systemu sterowania i komory spr\u0119\u017cania.<\/p>    <h2 class=\"wp-block-heading\"><strong>Rozpocznij recykling odpad\u00f3w opon ju\u017c teraz!<\/strong><\/h2>    <p class=\"translation-block\">Rozpocznij swoj\u0105 <a href=\"https:\/\/en.wikipedia.org\/wiki\/Tire_recycling\" target=\"_blank\" rel=\"noopener\">dzia\u0142alno\u015b\u0107 recyklingu odpad\u00f3w opon<\/a> ju\u017c teraz! Skontaktuj si\u0119 z nami dzi\u015b, aby uzyska\u0107 profesjonalne rozwi\u0105zania recyklingu opon, kt\u00f3re pomog\u0105 Ci wykorzysta\u0107 odpady. Od konfiguracji sprz\u0119tu po wsparcie techniczne, s\u0142u\u017cymy pomoc\u0105, aby stworzy\u0107 zielon\u0105 gospodark\u0119 obiegow\u0105. Dzia\u0142aj teraz i rozpocznij swoj\u0105 podr\u00f3\u017c recyklingu odpad\u00f3w opon razem z nami!<\/p>","protected":false},"excerpt":{"rendered":"<p>Maszyna do balowania opon wykorzystuje system hydrauliczny do kompresji opon, oszcz\u0119dzaj\u0105c miejsce na magazynowanie i transport. Istniej\u0105 dwa rodzaje maszyn do balowania opon: maszyny pionowe i poziome, kt\u00f3re mog\u0105 by\u0107 u\u017cywane do pakowania opon. Zapraszamy do zapoznania si\u0119 z dodatkowymi szczeg\u00f3\u0142ami maszyny!<\/p>","protected":false},"author":1,"featured_media":3151,"parent":0,"template":"","tags":[66],"product-type":[41],"class_list":["post-3150","product","type-product","status-publish","has-post-thumbnail","hentry","tag-tyre-baling-machine","product-type-metal-baler-machine"],"_links":{"self":[{"href":"https:\/\/shuliybaler.com\/pl\/wp-json\/wp\/v2\/product\/3150","targetHints":{"allow":["GET"]}}],"collection":[{"href":"https:\/\/shuliybaler.com\/pl\/wp-json\/wp\/v2\/product"}],"about":[{"href":"https:\/\/shuliybaler.com\/pl\/wp-json\/wp\/v2\/types\/product"}],"author":[{"embeddable":true,"href":"https:\/\/shuliybaler.com\/pl\/wp-json\/wp\/v2\/users\/1"}],"wp:featuredmedia":[{"embeddable":true,"href":"https:\/\/shuliybaler.com\/pl\/wp-json\/wp\/v2\/media\/3151"}],"wp:attachment":[{"href":"https:\/\/shuliybaler.com\/pl\/wp-json\/wp\/v2\/media?parent=3150"}],"wp:term":[{"taxonomy":"post_tag","embeddable":true,"href":"https:\/\/shuliybaler.com\/pl\/wp-json\/wp\/v2\/tags?post=3150"},{"taxonomy":"product-type","embeddable":true,"href":"https:\/\/shuliybaler.com\/pl\/wp-json\/wp\/v2\/product-type?post=3150"}],"curies":[{"name":"wp","href":"https:\/\/api.w.org\/{rel}","templated":true}]}}