{"id":3170,"date":"2023-03-23T14:23:07","date_gmt":"2023-03-23T06:23:07","guid":{"rendered":"https:\/\/shuliybaler.com\/?post_type=product&#038;p=3170"},"modified":"2023-03-23T14:23:09","modified_gmt":"2023-03-23T06:23:09","slug":"a-solution-to-waste-tire-management","status":"publish","type":"product","link":"https:\/\/shuliybaler.com\/pl\/product\/a-solution-to-waste-tire-management\/","title":{"rendered":"Rozwi\u0105zanie dla zarz\u0105dzania odpadami opon"},"content":{"rendered":"<p class=\"translation-block\">Odpady opon s\u0105 jednym z najbardziej wyzwa\u0144 do utylizacji materia\u0142\u00f3w ze wzgl\u0119du na ich du\u017c\u0105 obj\u0119to\u015b\u0107 i trwa\u0142o\u015b\u0107. Z ponad miliardem opon wyrzucanych rocznie na ca\u0142ym \u015bwiecie, znalezienie zr\u00f3wnowa\u017conego rozwi\u0105zania dla zarz\u0105dzania odpadami opon jest kluczowe. Jednym innowacyjnym rozwi\u0105zaniem tego problemu jest <a href=\"https:\/\/shuliybaler.com\/pl\/product\/scrap-hydraulic-tyre-baling-machine\/\" data-type=\"URL\" data-id=\"https:\/\/shuliybaler.com\/product\/scrap-hydraulic-tyre-baling-machine\/\">prasa do opon<\/a>.<\/p>    <h2 class=\"wp-block-heading\">Czym jest prasa do opon?<\/h2>    <figure class=\"wp-block-gallery has-nested-images columns-default is-cropped wp-block-gallery-2 is-layout-flex wp-block-gallery-is-layout-flex\"> <figure class=\"wp-block-image size-large\"><img loading=\"lazy\" decoding=\"async\" width=\"720\" height=\"540\" data-id=\"3172\" src=\"https:\/\/shuliybaler.com\/wp-content\/uploads\/2023\/03\/tire-baler.webp\" alt=\"Prasa do balotowania opon\" class=\"wp-image-3172\" title=\"\" srcset=\"https:\/\/shuliybaler.com\/wp-content\/uploads\/2023\/03\/tire-baler.webp 720w, https:\/\/shuliybaler.com\/wp-content\/uploads\/2023\/03\/tire-baler-360x270.webp 360w, https:\/\/shuliybaler.com\/wp-content\/uploads\/2023\/03\/tire-baler-180x135.webp 180w\" sizes=\"auto, (max-width: 720px) 100vw, 720px\" \/><figcaption class=\"wp-element-caption\">Prasa do opon<\/figcaption><\/figure>    <figure class=\"wp-block-image size-large\"><img loading=\"lazy\" decoding=\"async\" width=\"720\" height=\"540\" data-id=\"3173\" src=\"https:\/\/shuliybaler.com\/wp-content\/uploads\/2023\/03\/baling-tire.webp\" alt=\"balowanie opon\" class=\"wp-image-3173\" title=\"\" srcset=\"https:\/\/shuliybaler.com\/wp-content\/uploads\/2023\/03\/baling-tire.webp 720w, https:\/\/shuliybaler.com\/wp-content\/uploads\/2023\/03\/baling-tire-360x270.webp 360w, https:\/\/shuliybaler.com\/wp-content\/uploads\/2023\/03\/baling-tire-180x135.webp 180w\" sizes=\"auto, (max-width: 720px) 100vw, 720px\" \/><figcaption class=\"wp-element-caption\">Belka z opon<\/figcaption><\/figure> <\/figure>    <p class=\"translation-block\"><a href=\"https:\/\/shuliybaler.com\/pl\/product\/vertical-metal-baler\/\" data-type=\"URL\" data-id=\"https:\/\/shuliybaler.com\/product\/vertical-metal-baler\/\">Prasa do opon<\/a> to maszyna, kt\u00f3ra sprasowuje odpady opon w g\u0119st\u0105, \u0142atw\u0105 do obs\u0142ugi bel\u0119. Maszyna u\u017cywa ci\u015bnienia hydraulicznego do mocnego sprasowania opon, znacznie zmniejszaj\u0105c ich obj\u0119to\u015b\u0107. Po sprasowaniu, belki opon mo\u017cna transportowa\u0107 bardziej efektywnie i przechowywa\u0107 \u0142atwiej, co czyni j\u0105 idealnym rozwi\u0105zaniem do zarz\u0105dzania odpadami opon.<\/p>    <h2 class=\"wp-block-heading\">Korzy\u015bci z u\u017cywania prasy do opon<\/h2>    <p>Korzy\u015bci z u\u017cywania prasy do opon s\u0105 znacz\u0105ce. Po pierwsze, sprasowane belki zajmuj\u0105 mniej miejsca w magazynach i podczas transportu, co zmniejsza liczb\u0119 potrzebnych przejazd\u00f3w do ich przemieszczania. Ta efektywno\u015b\u0107 przek\u0142ada si\u0119 na ni\u017csze koszty transportu i zmniejsza \u015blad w\u0119glowy zwi\u0105zany z zarz\u0105dzaniem odpadami opon. Po drugie, sprasowane belki s\u0105 \u0142atwiejsze do obs\u0142ugi, co zmniejsza ryzyko uraz\u00f3w w miejscu pracy i poprawia bezpiecze\u0144stwo. Wreszcie, u\u017cywanie prasy do opon zmniejsza ilo\u015b\u0107 miejsca potrzebnego na przechowywanie opon, zwalniaj\u0105c cenne powierzchnie na inne cele.<\/p>    <h2 class=\"wp-block-heading\">Kto potrzebuje prasy do opon?<\/h2>   <div class=\"wp-block-image\"> <figure class=\"aligncenter size-full\"><img loading=\"lazy\" decoding=\"async\" width=\"720\" height=\"540\" src=\"https:\/\/shuliybaler.com\/wp-content\/uploads\/2023\/03\/waste-tire-management-1.webp\" alt=\"zarz\u0105dzanie odpadami opon\" class=\"wp-image-3177\" title=\"\" srcset=\"https:\/\/shuliybaler.com\/wp-content\/uploads\/2023\/03\/waste-tire-management-1.webp 720w, https:\/\/shuliybaler.com\/wp-content\/uploads\/2023\/03\/waste-tire-management-1-360x270.webp 360w, https:\/\/shuliybaler.com\/wp-content\/uploads\/2023\/03\/waste-tire-management-1-180x135.webp 180w\" sizes=\"auto, (max-width: 720px) 100vw, 720px\" \/><figcaption class=\"wp-element-caption\">zarz\u0105dzanie odpadami opon<\/figcaption><\/figure> <\/div>   <p>Prasa do opon to wszechstronna maszyna, kt\u00f3r\u0105 mo\u017cna u\u017cywa\u0107 w r\u00f3\u017cnych bran\u017cach, w tym motoryzacyjnej, budowlanej i zarz\u0105dzania odpadami. W bran\u017cy motoryzacyjnej, prasy do opon s\u0142u\u017c\u0105 do sprasowania odpad\u00f3w opon generowanych przez producent\u00f3w opon i warsztaty naprawcze. W bran\u017cy budowlanej, s\u0142u\u017c\u0105 do sprasowania opon u\u017cywanych w ci\u0119\u017ckim sprz\u0119cie, takim jak \u0142adowarki i spychacze. W bran\u017cy zarz\u0105dzania odpadami, prasy do opon s\u0142u\u017c\u0105 do sprasowania opon powstaj\u0105cych w zak\u0142adach komunalnych.<\/p>    <h2 class=\"wp-block-heading\">Wynik dzia\u0142ania maszyny do prasowania odpad\u00f3w opon<\/h2>    <figure class=\"wp-block-gallery has-nested-images columns-default is-cropped wp-block-gallery-3 is-layout-flex wp-block-gallery-is-layout-flex\"> <figure class=\"wp-block-image size-large\"><img loading=\"lazy\" decoding=\"async\" width=\"720\" height=\"540\" data-id=\"3178\" src=\"https:\/\/shuliybaler.com\/wp-content\/uploads\/2023\/03\/waste-tire-pressing-machine.webp\" alt=\"Maszyna do prasowania odpad\u00f3w opon\" class=\"wp-image-3178\" title=\"\" srcset=\"https:\/\/shuliybaler.com\/wp-content\/uploads\/2023\/03\/waste-tire-pressing-machine.webp 720w, https:\/\/shuliybaler.com\/wp-content\/uploads\/2023\/03\/waste-tire-pressing-machine-360x270.webp 360w, https:\/\/shuliybaler.com\/wp-content\/uploads\/2023\/03\/waste-tire-pressing-machine-180x135.webp 180w\" sizes=\"auto, (max-width: 720px) 100vw, 720px\" \/><figcaption class=\"wp-element-caption\">Maszyna do prasowania odpad\u00f3w opon<\/figcaption><\/figure>    <figure class=\"wp-block-image size-large\"><img loading=\"lazy\" decoding=\"async\" width=\"720\" height=\"540\" data-id=\"3179\" src=\"https:\/\/shuliybaler.com\/wp-content\/uploads\/2023\/03\/waste-tire-pressing-machine-1.webp\" alt=\"Maszyna do prasowania odpad\u00f3w opon\" class=\"wp-image-3179\" title=\"\" srcset=\"https:\/\/shuliybaler.com\/wp-content\/uploads\/2023\/03\/waste-tire-pressing-machine-1.webp 720w, https:\/\/shuliybaler.com\/wp-content\/uploads\/2023\/03\/waste-tire-pressing-machine-1-360x270.webp 360w, https:\/\/shuliybaler.com\/wp-content\/uploads\/2023\/03\/waste-tire-pressing-machine-1-180x135.webp 180w\" sizes=\"auto, (max-width: 720px) 100vw, 720px\" \/><figcaption class=\"wp-element-caption\">Maszyna do prasowania odpad\u00f3w opon<\/figcaption><\/figure>    <figure class=\"wp-block-image size-large\"><img loading=\"lazy\" decoding=\"async\" width=\"720\" height=\"540\" data-id=\"3180\" src=\"https:\/\/shuliybaler.com\/wp-content\/uploads\/2023\/03\/waste-tire-pressing-machine-2.webp\" alt=\"Maszyna do prasowania odpad\u00f3w opon\" class=\"wp-image-3180\" title=\"\" srcset=\"https:\/\/shuliybaler.com\/wp-content\/uploads\/2023\/03\/waste-tire-pressing-machine-2.webp 720w, https:\/\/shuliybaler.com\/wp-content\/uploads\/2023\/03\/waste-tire-pressing-machine-2-360x270.webp 360w, https:\/\/shuliybaler.com\/wp-content\/uploads\/2023\/03\/waste-tire-pressing-machine-2-180x135.webp 180w\" sizes=\"auto, (max-width: 720px) 100vw, 720px\" \/><figcaption class=\"wp-element-caption\">Maszyna do prasowania odpad\u00f3w opon<\/figcaption><\/figure> <\/figure>    <p>Istniej\u0105 r\u00f3\u017cne typy pras do opon, od ma\u0142ych przeno\u015bnych maszyn po du\u017ce przemys\u0142owe. Rozmiar maszyny zale\u017cy od obj\u0119to\u015bci opon do sprasowania oraz dost\u0119pnej przestrzeni na sprz\u0119t. Najmniejsze prasy do opon mog\u0105 sprasowa\u0107 do czterech opon osobowych naraz, podczas gdy najwi\u0119ksze mog\u0105 sprasowa\u0107 do 100 opon ci\u0119\u017carowych w jednym cyklu.<\/p>    <h2 class=\"wp-block-heading\">Wiele sposob\u00f3w na zarz\u0105dzanie odpadami opon<\/h2>    <figure class=\"wp-block-gallery has-nested-images columns-default is-cropped wp-block-gallery-4 is-layout-flex wp-block-gallery-is-layout-flex\"> <figure class=\"wp-block-image size-large\"><img loading=\"lazy\" decoding=\"async\" width=\"750\" height=\"750\" data-id=\"3175\" src=\"https:\/\/shuliybaler.com\/wp-content\/uploads\/2023\/03\/tyre-crushing-machine.webp\" alt=\"Maszyna do rozdrabniania opon\" class=\"wp-image-3175\" title=\"\" srcset=\"https:\/\/shuliybaler.com\/wp-content\/uploads\/2023\/03\/tyre-crushing-machine.webp 750w, https:\/\/shuliybaler.com\/wp-content\/uploads\/2023\/03\/tyre-crushing-machine-270x270.webp 270w, https:\/\/shuliybaler.com\/wp-content\/uploads\/2023\/03\/tyre-crushing-machine-540x540.webp 540w\" sizes=\"auto, (max-width: 750px) 100vw, 750px\" \/><figcaption class=\"wp-element-caption\">Maszyna do rozdrabniania opon<\/figcaption><\/figure>    <figure class=\"wp-block-image size-large\"><img loading=\"lazy\" decoding=\"async\" width=\"750\" height=\"750\" data-id=\"3176\" src=\"https:\/\/shuliybaler.com\/wp-content\/uploads\/2023\/03\/tire-shredder-machine.webp\" alt=\"Maszyna do rozdrabniania opon\" class=\"wp-image-3176\" title=\"\" srcset=\"https:\/\/shuliybaler.com\/wp-content\/uploads\/2023\/03\/tire-shredder-machine.webp 750w, https:\/\/shuliybaler.com\/wp-content\/uploads\/2023\/03\/tire-shredder-machine-270x270.webp 270w, https:\/\/shuliybaler.com\/wp-content\/uploads\/2023\/03\/tire-shredder-machine-540x540.webp 540w\" sizes=\"auto, (max-width: 750px) 100vw, 750px\" \/><figcaption class=\"wp-element-caption\">Maszyna do rozdrabniania opon<\/figcaption><\/figure> <\/figure>    <p class=\"translation-block\">Opr\u00f3cz pras do opon, mo\u017cna u\u017cywa\u0107 innych maszyn w celu skutecznego zarz\u0105dzania odpadami opon. <a href=\"https:\/\/shuliybaler.com\/pl\/product\/scrap-metal-shredder-machine\/\" data-type=\"URL\" data-id=\"https:\/\/shuliybaler.com\/product\/scrap-metal-shredder-machine\/\">Rozdrabniacze do opon<\/a>, na przyk\u0142ad, s\u0142u\u017c\u0105 do rozbicia opon na mniejsze kawa\u0142ki, kt\u00f3re mo\u017cna poda\u0107 do prasy do opon w celu sprasowania. Maszyny do pirolizy opon mog\u0105 by\u0107 u\u017cywane do przetwarzania odpad\u00f3w opon na cenne produkty uboczne, takie jak olej i czarny w\u0119giel.<\/p>    <h2 class=\"wp-block-heading\">Prasy do opon s\u0105 skutecznym rozwi\u0105zaniem w zarz\u0105dzaniu odpadami opon<\/h2>    <p>Podsumowuj\u0105c, prasy do opon s\u0105 realnym rozwi\u0105zaniem w zarz\u0105dzaniu odpadami opon, oferuj\u0105cym znacz\u0105ce korzy\u015bci dla \u015brodowiska, bezpiecze\u0144stwa w miejscu pracy i efektywno\u015bci operacyjnej. Kompresuj\u0105c odpady opon w belki, prasy do opon zmniejszaj\u0105 obj\u0119to\u015b\u0107 opon, co u\u0142atwia i obni\u017ca koszty ich transportu i przechowywania. W obliczu rosn\u0105cego zapotrzebowania na zr\u00f3wnowa\u017cone praktyki zarz\u0105dzania odpadami, prasy do opon stanowi\u0105 obiecuj\u0105ce rozwi\u0105zanie problemu odpad\u00f3w opon.<\/p>","protected":false},"excerpt":{"rendered":"<p>Odpady opon s\u0105 jednym z najbardziej trudnych do utylizacji materia\u0142\u00f3w ze wzgl\u0119du na ich du\u017c\u0105 obj\u0119to\u015b\u0107 i trwa\u0142o\u015b\u0107. Co roku na ca\u0142ym \u015bwiecie wyrzuca si\u0119 ponad miliard opon, dlatego znalezienie zr\u00f3wnowa\u017conego rozwi\u0105zania zarz\u0105dzania odpadami opon jest kluczowe. Jednym z innowacyjnych rozwi\u0105za\u0144 tego problemu jest prasa do balotowania opon.<\/p>","protected":false},"author":1,"featured_media":3171,"parent":0,"template":"","tags":[67],"product-type":[48],"class_list":["post-3170","product","type-product","status-publish","has-post-thumbnail","hentry","tag-waste-tire-management","product-type-solution"],"_links":{"self":[{"href":"https:\/\/shuliybaler.com\/pl\/wp-json\/wp\/v2\/product\/3170","targetHints":{"allow":["GET"]}}],"collection":[{"href":"https:\/\/shuliybaler.com\/pl\/wp-json\/wp\/v2\/product"}],"about":[{"href":"https:\/\/shuliybaler.com\/pl\/wp-json\/wp\/v2\/types\/product"}],"author":[{"embeddable":true,"href":"https:\/\/shuliybaler.com\/pl\/wp-json\/wp\/v2\/users\/1"}],"wp:featuredmedia":[{"embeddable":true,"href":"https:\/\/shuliybaler.com\/pl\/wp-json\/wp\/v2\/media\/3171"}],"wp:attachment":[{"href":"https:\/\/shuliybaler.com\/pl\/wp-json\/wp\/v2\/media?parent=3170"}],"wp:term":[{"taxonomy":"post_tag","embeddable":true,"href":"https:\/\/shuliybaler.com\/pl\/wp-json\/wp\/v2\/tags?post=3170"},{"taxonomy":"product-type","embeddable":true,"href":"https:\/\/shuliybaler.com\/pl\/wp-json\/wp\/v2\/product-type?post=3170"}],"curies":[{"name":"wp","href":"https:\/\/api.w.org\/{rel}","templated":true}]}}