{"id":3407,"date":"2025-12-31T14:50:32","date_gmt":"2025-12-31T06:50:32","guid":{"rendered":"https:\/\/shuliybaler.com\/?post_type=product&#038;p=3407"},"modified":"2026-01-04T17:52:20","modified_gmt":"2026-01-04T09:52:20","slug":"ball-mill-grinder-for-metal-polishing","status":"publish","type":"product","link":"https:\/\/shuliybaler.com\/pl\/product\/ball-mill-grinder-for-metal-polishing\/","title":{"rendered":"M\u0142ynek kulowy do usuwania rdzy i polerowania powierzchni metalowych"},"content":{"rendered":"<p class=\"translation-block\"><strong>M\u0142ynek kulowy<\/strong> to przemys\u0142owa maszyna do szlifowania i polerowania typu b\u0119bnowego, zaprojektowana do efektywnego wyka\u0144czania powierzchni metalowych i niemetalowych komponent\u00f3w. Jest szeroko stosowany do usuwania zadzior\u00f3w, rdzy, zaokr\u0105glania kraw\u0119dzi i polerowania na wysoki po\u0142ysk, szczeg\u00f3lnie dla cz\u0119\u015bci, kt\u00f3re \u0142atwo odkszta\u0142caj\u0105 si\u0119.<\/p>    <p>Shuli Machinery&#8217;s ball mills feature a robust mechanical structure, stable operation, and high grinding efficiency, making them an ideal solution for processing medium to large workpieces in industries such as metal recycling, machining, and surface treatment.<\/p>    <figure class=\"wp-block-embed aligncenter is-type-video is-provider-youtube wp-block-embed-youtube wp-embed-aspect-16-9 wp-has-aspect-ratio\"><div class=\"wp-block-embed__wrapper\"> <iframe loading=\"lazy\" title=\"Heavy-Duty Dry Ball Mill for Metal &amp; Aluminum Scrap Contact:+8617703863868\" width=\"500\" height=\"281\" src=\"https:\/\/www.youtube.com\/embed\/knRo2Nmixj4?feature=oembed\" frameborder=\"0\" allow=\"accelerometer; autoplay; clipboard-write; encrypted-media; gyroscope; picture-in-picture; web-share\" referrerpolicy=\"strict-origin-when-cross-origin\" allowfullscreen><\/iframe> <\/div><figcaption class=\"wp-element-caption\">wideo z pracy m\u0142yna kulowego<\/figcaption><\/figure>    <h2 class=\"wp-block-heading\"><strong>Czym jest maszyna do mielenia m\u0142yna kulowego\uff1f<\/strong><\/h2>    <p>Sucho-krusz\u0105ce m\u0142yny kulowe s\u0105 g\u0142\u00f3wnie u\u017cywane do polerowania i usuwania rdzy z metalowych i aluminiowych odpad\u00f3w o \u015brednicy mniejszej ni\u017c 400 mm. Silnik elektryczny nap\u0119dza reduktor, powoduj\u0105c obr\u00f3t cylindrycznego b\u0119bna, podczas gdy materia\u0142 i ruda s\u0105 podawane do b\u0119bna za pomoc\u0105 przeno\u015bnika.<\/p>    <p>Zasada dzia\u0142ania m\u0142yna kulowego polega na obracaniu cylindrycznego b\u0119bna wype\u0142nionego medium \u015bciernym (np. piaskiem mineralnym lub kulami stalowymi). W miar\u0119 obrotu b\u0119bna, materia\u0142y wewn\u0105trz s\u0105 nieustannie turkocz\u0105, rzucane, pocierane i mieszane, skutecznie usuwaj\u0105c olej powierzchniowy, rdz\u0119 i zadzior.<\/p>    <p>Obrobione elementy nie tylko zachowuj\u0105 sw\u00f3j pierwotny kszta\u0142t i dok\u0142adno\u015b\u0107 wymiarow\u0105, ale tak\u017ce osi\u0105gaj\u0105 g\u0142adsz\u0105, ja\u015bniejsz\u0105 i czystsz\u0105 powierzchni\u0119. Chropowato\u015b\u0107 powierzchni ko\u0144cowego produktu jest poprawiona o 1-2 klasy. Dlatego m\u0142ynki kulowe s\u0105 szczeg\u00f3lnie odpowiednie do wyka\u0144czania powierzchni \u0142atwo odkszta\u0142calnych cz\u0119\u015bci.<\/p>   <div class=\"wp-block-image\"> <figure class=\"aligncenter size-full\"><img loading=\"lazy\" decoding=\"async\" width=\"720\" height=\"540\" src=\"https:\/\/shuliybaler.com\/wp-content\/uploads\/2025\/12\/horizontal-dry-ball-mill.webp\" alt=\"poziomy suchy m\u0142yn kulowy\" class=\"wp-image-3419\" title=\"\" srcset=\"https:\/\/shuliybaler.com\/wp-content\/uploads\/2025\/12\/horizontal-dry-ball-mill.webp 720w, https:\/\/shuliybaler.com\/wp-content\/uploads\/2025\/12\/horizontal-dry-ball-mill-360x270.webp 360w, https:\/\/shuliybaler.com\/wp-content\/uploads\/2025\/12\/horizontal-dry-ball-mill-180x135.webp 180w, https:\/\/shuliybaler.com\/wp-content\/uploads\/2025\/12\/horizontal-dry-ball-mill-16x12.webp 16w\" sizes=\"auto, (max-width: 720px) 100vw, 720px\" \/><figcaption class=\"wp-element-caption\">poziomy suchy m\u0142yn kulowy<\/figcaption><\/figure> <\/div>   <h2 class=\"wp-block-heading\"><strong>Kluczowe zalety m\u0142ynka kulowego Shuliy<\/strong><\/h2>    <ol class=\"wp-block-list\"> <li>Z\u0119batka otworowa m\u0142yn\u00f3w do szlifowania rudy \u017celaza wykorzystuje wysokowytrzyma\u0142y system przek\u0142adni i zintegrowan\u0105 odlewow\u0105 konstrukcj\u0119, co zapewnia wi\u0119ksz\u0105 stabilno\u015b\u0107, precyzyjniejsze przekazywanie nap\u0119du, d\u0142u\u017csz\u0105 \u017cywotno\u015b\u0107 i p\u0142ynniejsz\u0105 prac\u0119.<\/li>    <li>Nasze suche m\u0142yny szlifuj\u0105ce s\u0105 wykonane z dodatkowo grubej blachy stalowej, z zastosowaniem zaawansowanego spawania i obr\u00f3bki powierzchniowej, zapewniaj\u0105c doskona\u0142\u0105 odporno\u015b\u0107 na zu\u017cycie i uderzenia, przeznaczone do ci\u0119\u017ckiej pracy przemys\u0142owej.<\/li>    <li>Dzi\u0119ki modernizacjom zwi\u0119kszyli\u015bmy pojemno\u015b\u0107 zbiornika, aby zapobiec nier\u00f3wnomiernemu wy\u0142adunkowi i przeci\u0105\u017ceniu, co znacznie poprawi\u0142o og\u00f3ln\u0105 wydajno\u015b\u0107 szlifowania i zapewni\u0142o r\u00f3wnomierne podawanie materia\u0142u oraz sp\u00f3jne wyniki obr\u00f3bki.<\/li>    <li>In addition to strict manufacturing standards, we provide a comprehensive maintenance system and clear operating procedures after the customer purchases the machine, ensuring worry-free equipment delivery and operation, and earning customers&#8217; satisfaction and recognition.<\/li> <\/ol>    <figure class=\"wp-block-gallery has-nested-images columns-2 is-cropped wp-block-gallery-2 is-layout-flex wp-block-gallery-is-layout-flex\"> <figure class=\"wp-block-image size-large\"><img loading=\"lazy\" decoding=\"async\" width=\"720\" height=\"540\" data-id=\"3415\" src=\"https:\/\/shuliybaler.com\/wp-content\/uploads\/2025\/12\/Aperture-gear.webp\" alt=\"Podajnik zasilaj\u0105cy\" class=\"wp-image-3415\" title=\"\" srcset=\"https:\/\/shuliybaler.com\/wp-content\/uploads\/2025\/12\/Aperture-gear.webp 720w, https:\/\/shuliybaler.com\/wp-content\/uploads\/2025\/12\/Aperture-gear-360x270.webp 360w, https:\/\/shuliybaler.com\/wp-content\/uploads\/2025\/12\/Aperture-gear-180x135.webp 180w, https:\/\/shuliybaler.com\/wp-content\/uploads\/2025\/12\/Aperture-gear-16x12.webp 16w\" sizes=\"auto, (max-width: 720px) 100vw, 720px\" \/><figcaption class=\"wp-element-caption\">Z\u0119batka o otworze<\/figcaption><\/figure>    <figure class=\"wp-block-image size-large\"><img loading=\"lazy\" decoding=\"async\" width=\"720\" height=\"540\" data-id=\"3416\" src=\"https:\/\/shuliybaler.com\/wp-content\/uploads\/2025\/12\/Feeding-hopper.webp\" alt=\"Sitko m\u0142yna kulowego na sucho\" class=\"wp-image-3416\" title=\"\" srcset=\"https:\/\/shuliybaler.com\/wp-content\/uploads\/2025\/12\/Feeding-hopper.webp 720w, https:\/\/shuliybaler.com\/wp-content\/uploads\/2025\/12\/Feeding-hopper-360x270.webp 360w, https:\/\/shuliybaler.com\/wp-content\/uploads\/2025\/12\/Feeding-hopper-180x135.webp 180w, https:\/\/shuliybaler.com\/wp-content\/uploads\/2025\/12\/Feeding-hopper-16x12.webp 16w\" sizes=\"auto, (max-width: 720px) 100vw, 720px\" \/><figcaption class=\"wp-element-caption\">Podajnik zasilaj\u0105cy<\/figcaption><\/figure>    <figure class=\"wp-block-image size-large\"><img loading=\"lazy\" decoding=\"async\" width=\"720\" height=\"540\" data-id=\"3418\" src=\"https:\/\/shuliybaler.com\/wp-content\/uploads\/2025\/12\/seive-plate-of-dry-ball-mill.webp\" alt=\"seive plate of dry ball mill\" class=\"wp-image-3418\" title=\"\" srcset=\"https:\/\/shuliybaler.com\/wp-content\/uploads\/2025\/12\/seive-plate-of-dry-ball-mill.webp 720w, https:\/\/shuliybaler.com\/wp-content\/uploads\/2025\/12\/seive-plate-of-dry-ball-mill-360x270.webp 360w, https:\/\/shuliybaler.com\/wp-content\/uploads\/2025\/12\/seive-plate-of-dry-ball-mill-180x135.webp 180w, https:\/\/shuliybaler.com\/wp-content\/uploads\/2025\/12\/seive-plate-of-dry-ball-mill-16x12.webp 16w\" sizes=\"auto, (max-width: 720px) 100vw, 720px\" \/><figcaption class=\"wp-element-caption\">Sitko m\u0142yna kulowego na sucho<\/figcaption><\/figure>    <figure class=\"wp-block-image size-large\"><img loading=\"lazy\" decoding=\"async\" width=\"720\" height=\"540\" data-id=\"3417\" src=\"https:\/\/shuliybaler.com\/wp-content\/uploads\/2025\/12\/metal-rust-remover-machine.webp\" alt=\"B\u0119bnowy suchy m\u0142yn do metali\" class=\"wp-image-3417\" title=\"\" srcset=\"https:\/\/shuliybaler.com\/wp-content\/uploads\/2025\/12\/metal-rust-remover-machine.webp 720w, https:\/\/shuliybaler.com\/wp-content\/uploads\/2025\/12\/metal-rust-remover-machine-360x270.webp 360w, https:\/\/shuliybaler.com\/wp-content\/uploads\/2025\/12\/metal-rust-remover-machine-180x135.webp 180w, https:\/\/shuliybaler.com\/wp-content\/uploads\/2025\/12\/metal-rust-remover-machine-16x12.webp 16w\" sizes=\"auto, (max-width: 720px) 100vw, 720px\" \/><figcaption class=\"wp-element-caption\">Maszyna do usuwania rdzy z metali<\/figcaption><\/figure> <\/figure>    <h2 class=\"wp-block-heading\"><strong>Zastosowania maszyny do usuwania rdzy z metali<\/strong><\/h2>    <p>M\u0142yny kulowe s\u0105 szeroko stosowane w r\u00f3\u017cnych bran\u017cach i mog\u0105 przetwarza\u0107 szeroki zakres materia\u0142\u00f3w, w tym:<\/p>    <ol class=\"wp-block-list\"> <li>Cz\u0119\u015bci i komponenty metalowe, spieki \u017celaza i metale poddane obr\u00f3bce cieplnej, zmia\u017cd\u017cony metalowy z\u0142om, olejny lub zardzewia\u0142y z\u0142om aluminiowy itp.<\/li>    <li>Mog\u0105 r\u00f3wnie\u017c przetwarza\u0107 metale nie\u017celazne (mied\u017a, stopy aluminium itp.) oraz cz\u0119\u015bci niemetalowe wymagaj\u0105ce polerowania powierzchni.<\/li> <\/ol>    <p>Jego doskona\u0142e cechy sprawiaj\u0105, \u017ce jest szczeg\u00f3lnie odpowiedni do \u015brednich i du\u017cych element\u00f3w wymagaj\u0105cych wysokiej jako\u015bci obr\u00f3bki powierzchni. <\/p>    <p>Wi\u0119kszo\u015b\u0107 naszych klient\u00f3w wykorzystuje go do wst\u0119pnej obr\u00f3bki recyklingu metali, szlifowania i polerowania po produkcji element\u00f3w i \u015brub, wst\u0119pnej obr\u00f3bki powierzchni przed powlekaniem lub galwanizacj\u0105 i innych zastosowa\u0144.<\/p>    <h2 class=\"wp-block-heading\"><strong>Typ przemys\u0142owego m\u0142ynka kulowego<\/strong><\/h2>    <p>Aby sprosta\u0107 r\u00f3\u017cnorodnym potrzebom obr\u00f3bki, Shuli oferuje r\u00f3\u017cne modele m\u0142ynk\u00f3w kulowych o r\u00f3\u017cnych \u015brednicach, d\u0142ugo\u015bciach i pojemno\u015bciach produkcyjnych.<\/p>    <figure class=\"wp-block-table\"><table class=\"has-fixed-layout\"><tbody><tr><td>\u015arednica<\/td><td>D\u0142ugo\u015b\u0107<\/td><td>Wydajno\u015b\u0107<\/td><td>Moc silnika<\/td><\/tr><tr><td>1,2x3 m<\/td><td>5,5 m<\/td><td>2 t\/h<\/td><td>15 kW<\/td><\/tr><tr><td>1,5x6 m<\/td><td>8 m<\/td><td>4 t\/h<\/td><td>30 kW<\/td><\/tr><tr><td>1,8x6 m<\/td><td>9 m<\/td><td>6 t\/h <\/td><td>45 kW<\/td><\/tr><\/tbody><\/table><figcaption class=\"wp-element-caption\">Proste parametry przemys\u0142owego m\u0142ynka kulowego<\/figcaption><\/figure>    <p>Od modeli odpowiednich dla ma\u0142ych i \u015brednich warsztat\u00f3w o pojemno\u015bci produkcyjnej 2 ton na godzin\u0119, po te do du\u017cych zak\u0142ad\u00f3w przemys\u0142owych o pojemno\u015bci 6 ton na godzin\u0119, klienci mog\u0105 wybra\u0107 najbardziej odpowiedni model w zale\u017cno\u015bci od rodzaju materia\u0142u, obci\u0105\u017cenia i przestrzeni fabrycznej.<\/p>    <p>Je\u015bli nie jeste\u015b pewien, kt\u00f3ry model jest odpowiedni dla Twojego zastosowania, nasi in\u017cynierowie mog\u0105 poleci\u0107 lub dostosowa\u0107 rozwi\u0105zanie na podstawie wielko\u015bci materia\u0142u, stopnia korozji i po\u017c\u0105danego efektu obr\u00f3bki powierzchni. Skontaktuj si\u0119 z nami, je\u015bli masz pytania dotycz\u0105ce tego m\u0142ynka kulowego!<\/p>   <div class=\"wp-block-image\"> <figure class=\"aligncenter size-full\"><img loading=\"lazy\" decoding=\"async\" width=\"720\" height=\"540\" src=\"https:\/\/shuliybaler.com\/wp-content\/uploads\/2025\/12\/Drum-type-dry-metal-grinding-mill.webp\" alt=\"Proces produkcji m\u0142ynka kulowego\" class=\"wp-image-3420\" title=\"\" srcset=\"https:\/\/shuliybaler.com\/wp-content\/uploads\/2025\/12\/Drum-type-dry-metal-grinding-mill.webp 720w, https:\/\/shuliybaler.com\/wp-content\/uploads\/2025\/12\/Drum-type-dry-metal-grinding-mill-360x270.webp 360w, https:\/\/shuliybaler.com\/wp-content\/uploads\/2025\/12\/Drum-type-dry-metal-grinding-mill-180x135.webp 180w, https:\/\/shuliybaler.com\/wp-content\/uploads\/2025\/12\/Drum-type-dry-metal-grinding-mill-16x12.webp 16w\" sizes=\"auto, (max-width: 720px) 100vw, 720px\" \/><figcaption class=\"wp-element-caption\">B\u0119bnowy suchy m\u0142yn do metali<\/figcaption><\/figure> <\/div>   <h2 class=\"wp-block-heading\"><strong>Dlaczego warto wybra\u0107 m\u0142yn kulowy Shuliy?<\/strong><\/h2>    <ul class=\"wp-block-list\"> <li>Shuliy to profesjonalny producent z 40-letnim do\u015bwiadczeniem w bran\u017cy i ponad dekad\u0105 w handlu mi\u0119dzynarodowym.<\/li>    <li>Nasze maszyny s\u0105 elastycznie zaprojektowane i mog\u0105 by\u0107 dostosowane do r\u00f3\u017cnych potrzeb.<\/li>    <li>Oferujemy bardzo konkurencyjne ceny fabryczne, przejrzyste ceny, kompleksow\u0105 obs\u0142ug\u0119 posprzeda\u017cow\u0105 i pe\u0142ne wsparcie techniczne przez ca\u0142y proces.<\/li>    <li>Posiadamy doskona\u0142\u0105 reputacj\u0119 na rynku globalnym oraz dobrze rozwini\u0119ty system eksportu i wysy\u0142ki, co budzi zaufanie klient\u00f3w na ca\u0142ym \u015bwiecie.<\/li>    <li>Shuliy zobowi\u0105zuje si\u0119 do dostarczania praktycznych, trwa\u0142ych i op\u0142acalnych rozwi\u0105za\u0144 szlifuj\u0105cych dla Twojego biznesu wraz z profesjonaln\u0105 obs\u0142ug\u0105.<\/li> <\/ul>    <figure class=\"wp-block-gallery has-nested-images columns-default is-cropped wp-block-gallery-3 is-layout-flex wp-block-gallery-is-layout-flex\"> <figure class=\"wp-block-image size-large\"><img loading=\"lazy\" decoding=\"async\" width=\"720\" height=\"540\" data-id=\"3421\" src=\"https:\/\/shuliybaler.com\/wp-content\/uploads\/2025\/12\/ball-mill-grinding-machine-production-process.webp\" alt=\"Fabryka Shuliy\" class=\"wp-image-3421\" title=\"\" srcset=\"https:\/\/shuliybaler.com\/wp-content\/uploads\/2025\/12\/ball-mill-grinding-machine-production-process.webp 720w, https:\/\/shuliybaler.com\/wp-content\/uploads\/2025\/12\/ball-mill-grinding-machine-production-process-360x270.webp 360w, https:\/\/shuliybaler.com\/wp-content\/uploads\/2025\/12\/ball-mill-grinding-machine-production-process-180x135.webp 180w, https:\/\/shuliybaler.com\/wp-content\/uploads\/2025\/12\/ball-mill-grinding-machine-production-process-16x12.webp 16w\" sizes=\"auto, (max-width: 720px) 100vw, 720px\" \/><figcaption class=\"wp-element-caption\">Proces produkcji m\u0142ynka kulowego<\/figcaption><\/figure>    <figure class=\"wp-block-image size-large\"><img loading=\"lazy\" decoding=\"async\" width=\"720\" height=\"540\" data-id=\"3422\" src=\"https:\/\/shuliybaler.com\/wp-content\/uploads\/2025\/12\/Shuliy-factory.webp\" alt=\"Poziomy suchy m\u0142yn kulowy\" class=\"wp-image-3422\" title=\"\" srcset=\"https:\/\/shuliybaler.com\/wp-content\/uploads\/2025\/12\/Shuliy-factory.webp 720w, https:\/\/shuliybaler.com\/wp-content\/uploads\/2025\/12\/Shuliy-factory-360x270.webp 360w, https:\/\/shuliybaler.com\/wp-content\/uploads\/2025\/12\/Shuliy-factory-180x135.webp 180w, https:\/\/shuliybaler.com\/wp-content\/uploads\/2025\/12\/Shuliy-factory-16x12.webp 16w\" sizes=\"auto, (max-width: 720px) 100vw, 720px\" \/><figcaption class=\"wp-element-caption\">Fabryka Shuliy<\/figcaption><\/figure> <\/figure>    <p>Je\u015bli szukasz niezawodnych rozwi\u0105za\u0144 przemys\u0142owych do recyklingu metali, skontaktuj si\u0119 natychmiast z firm\u0105 Shuli, aby uzyska\u0107 szczeg\u00f3\u0142owe dane techniczne, dostosowane rozwi\u0105zania m\u0142ynk\u00f3w kulowych i pe\u0142n\u0105 list\u0119 cen.<\/p>    <p class=\"translation-block\">Kliknij, aby zobaczy\u0107 inne najlepiej sprzedaj\u0105ce si\u0119 produkty: <a href=\"https:\/\/shuliybaler.com\/pl\/product\/steel-drum-shredder\/\">Rozdrabniacz stalowego b\u0119bna<\/a>, <a href=\"https:\/\/shuliybaler.com\/pl\/product\/alligator-shear\/\">No\u017cyce do ci\u0119cia z\u0142omu<\/a>.<\/p>    <p><\/p>","protected":false},"excerpt":{"rendered":"<p>The ball mill is designed for efficient metal surface treatment, deburring, rust removal, and polishing. It is particularly suitable for processing easily deformable workpieces, ensuring improved surface quality without damaging the original shape and dimensional accuracy of the workpiece.<\/p>","protected":false},"author":1,"featured_media":3414,"parent":0,"template":"","tags":[15],"product-type":[87],"class_list":["post-3407","product","type-product","status-publish","has-post-thumbnail","hentry","tag-metal","product-type-metal-recycling-machine"],"_links":{"self":[{"href":"https:\/\/shuliybaler.com\/pl\/wp-json\/wp\/v2\/product\/3407","targetHints":{"allow":["GET"]}}],"collection":[{"href":"https:\/\/shuliybaler.com\/pl\/wp-json\/wp\/v2\/product"}],"about":[{"href":"https:\/\/shuliybaler.com\/pl\/wp-json\/wp\/v2\/types\/product"}],"author":[{"embeddable":true,"href":"https:\/\/shuliybaler.com\/pl\/wp-json\/wp\/v2\/users\/1"}],"wp:featuredmedia":[{"embeddable":true,"href":"https:\/\/shuliybaler.com\/pl\/wp-json\/wp\/v2\/media\/3414"}],"wp:attachment":[{"href":"https:\/\/shuliybaler.com\/pl\/wp-json\/wp\/v2\/media?parent=3407"}],"wp:term":[{"taxonomy":"post_tag","embeddable":true,"href":"https:\/\/shuliybaler.com\/pl\/wp-json\/wp\/v2\/tags?post=3407"},{"taxonomy":"product-type","embeddable":true,"href":"https:\/\/shuliybaler.com\/pl\/wp-json\/wp\/v2\/product-type?post=3407"}],"curies":[{"name":"wp","href":"https:\/\/api.w.org\/{rel}","templated":true}]}}