{"id":3448,"date":"2026-01-07T15:24:23","date_gmt":"2026-01-07T07:24:23","guid":{"rendered":"https:\/\/shuliybaler.com\/?post_type=product&#038;p=3448"},"modified":"2026-01-07T16:48:43","modified_gmt":"2026-01-07T08:48:43","slug":"metal-crusher-machine-metal-recycling","status":"publish","type":"product","link":"https:\/\/shuliybaler.com\/pl\/product\/metal-crusher-machine-metal-recycling\/","title":{"rendered":"Maszyna do kruszenia metalu do efektywnego recyklingu z\u0142omu"},"content":{"rendered":"<p class=\"translation-block\"><strong>Maszyna do kruszenia metalu<\/strong> jest urz\u0105dzeniem przemys\u0142owym do recyklingu, s\u0142u\u017c\u0105cym do rozdrabniania, mia\u017cd\u017cenia i zmniejszania rozmiaru z\u0142omu, takiego jak puszki aluminiowe i cz\u0119\u015bci pojazd\u00f3w wycofanych z u\u017cytku, przekszta\u0142caj\u0105c je w jednorodne i \u0142atwe do zarz\u0105dzania cz\u0105stki.<\/p>    <p>W zale\u017cno\u015bci od zastosowania i przetwarzanych materia\u0142\u00f3w, mo\u017ce by\u0107 r\u00f3wnie\u017c skonfigurowana jako cz\u0119\u015b\u0107 kompletnej linii produkcyjnej do rozdrabniania metalu, skutecznie pomagaj\u0105c firmom poprawi\u0107 wydajno\u015b\u0107 recyklingu i obni\u017cy\u0107 koszty transportu i magazynowania.<\/p>   <div class=\"wp-block-image\"> <figure class=\"aligncenter size-full\"><img loading=\"lazy\" decoding=\"async\" width=\"720\" height=\"540\" src=\"https:\/\/shuliybaler.com\/wp-content\/uploads\/2026\/01\/Shuliy-scrap-can-crusher-machine-installation-site.webp\" alt=\"Miejsce instalacji rozdrabniarki do puszek Shuliy\" class=\"wp-image-3471\" title=\"\" srcset=\"https:\/\/shuliybaler.com\/wp-content\/uploads\/2026\/01\/Shuliy-scrap-can-crusher-machine-installation-site.webp 720w, https:\/\/shuliybaler.com\/wp-content\/uploads\/2026\/01\/Shuliy-scrap-can-crusher-machine-installation-site-360x270.webp 360w, https:\/\/shuliybaler.com\/wp-content\/uploads\/2026\/01\/Shuliy-scrap-can-crusher-machine-installation-site-180x135.webp 180w, https:\/\/shuliybaler.com\/wp-content\/uploads\/2026\/01\/Shuliy-scrap-can-crusher-machine-installation-site-16x12.webp 16w\" sizes=\"auto, (max-width: 720px) 100vw, 720px\" \/><figcaption class=\"wp-element-caption\">Miejsce instalacji rozdrabniarki do puszek Shuliy<\/figcaption><\/figure> <\/div>   <h2 class=\"wp-block-heading\"><strong>Jak dzia\u0142a maszyna do kruszenia metalu?<\/strong><\/h2>    <p>Podczas pracy, rozdrabniarka zawiera wiruj\u0105ce m\u0142oty i ostrza, kt\u00f3re rozrywaj\u0105, mia\u017cd\u017c\u0105 i deformuj\u0105 r\u00f3\u017cne z\u0142omy metali na mniejsze kawa\u0142ki.<\/p>    <p>Aby kontrolowa\u0107 rozmiar ko\u0144cowego produktu, pod komor\u0105 rozdrabniania zamontowana jest p\u0142yta sitowa, kt\u00f3ra pozwala przej\u015b\u0107 tylko fragmentom metalu mniejszym ni\u017c rozmiar sita. Rozmiar sita mo\u017cna dostosowa\u0107 do wymaga\u0144 przetwarzania, zwykle od 3 do 10 cm.<\/p>    <p>To urz\u0105dzenie nadaje si\u0119 do monta\u017cu na sta\u0142e i centralnego przetwarzania, i jest zwykle zintegrowane z kompletn\u0105 lini\u0105 produkcyjn\u0105, aby skutecznie zapewni\u0107 stabiln\u0105 prac\u0119 i wysok\u0105 wydajno\u015b\u0107 w du\u017cych operacjach recyklingu metali.<\/p>    <figure class=\"wp-block-embed aligncenter is-type-video is-provider-youtube wp-block-embed-youtube wp-embed-aspect-16-9 wp-has-aspect-ratio\"><div class=\"wp-block-embed__wrapper\"> <iframe loading=\"lazy\" title=\"Maszyna do kruszenia metalu do recyklingu z\u0142omu | Testy fabryczne Kontakt: 8617703863868\" width=\"500\" height=\"281\" src=\"https:\/\/www.youtube.com\/embed\/TE5EZJ6OvB8?feature=oembed\" frameborder=\"0\" allow=\"accelerometer; autoplay; clipboard-write; encrypted-media; gyroscope; picture-in-picture; web-share\" referrerpolicy=\"strict-origin-when-cross-origin\" allowfullscreen><\/iframe> <\/div><figcaption class=\"wp-element-caption\">film z pracy maszyny do kruszenia metalu<\/figcaption><\/figure>    <h2 class=\"wp-block-heading\"><strong>Kluczowe cechy naszej maszyny do kruszenia metalu<\/strong><\/h2>    <ul class=\"wp-block-list\"> <li>Ta kruszarka do metalu posiada konstrukcj\u0119 wirnika ci\u0119\u017ckiego typu wykonanej z <strong>wzmacniana odlewana stal<\/strong>, znacznie <strong>wzmacnianie si\u0142y promieniowej<\/strong>. Zaprojektowana specjalnie do ci\u0105g\u0142ej pracy pod du\u017cym obci\u0105\u017ceniem, zapewniaj\u0105c niezawodn\u0105 wydajno\u015b\u0107 nawet podczas kruszenia grubych lub wysokoci\u0119\u017ckich materia\u0142\u00f3w metalowych.<\/li>    <li>Wyposa\u017cona jest w m\u0142otki i p\u0142yty sitowe wykonane z <strong>odlewanie ze stali stopowej<\/strong>, oferuj\u0105c doskona\u0142e <strong>odporno\u015b\u0107 na \u015bcieranie i uderzenia<\/strong>. Grubo\u015b\u0107 i liczba ostrzy mog\u0105 by\u0107 dostosowane do r\u00f3\u017cnych materia\u0142\u00f3w metalowych, elastycznie dostosowuj\u0105c si\u0119 do r\u00f3\u017cnych potrzeb recyklingu.<\/li>    <li>Maszyna do kruszenia metalu obs\u0142uguje <strong>w pe\u0142ni zautomatyzowana obs\u0142uga<\/strong>, tak aby procesy za\u0142adunku i kruszenia mog\u0142y by\u0107 w pe\u0142ni zautomatyzowane za pomoc\u0105 ta\u015bm przeno\u015bnikowych. U\u0142atwia to r\u00f3wnie\u017c integracj\u0119 maszyny z kompletn\u0105 lini\u0105 produkcyjn\u0105 do rozdrabniania metalu.<\/li>    <li>Rozdrabniacz do metalowych puszek Shuliy jest wyposa\u017cony w pe\u0142ny <strong>silnik z miedziowym rdzeniem, zapewniaj\u0105cy ni\u017csze zu\u017cycie energii<\/strong>, d\u0142u\u017csza \u017cywotno\u015b\u0107 i wy\u017csza wydajno\u015b\u0107 operacyjna. To gwarantuje skuteczn\u0105 kruszenie przy jednoczesnym obni\u017ceniu koszt\u00f3w operacyjnych w d\u0142u\u017cszym okresie.<\/li>    <li>Korpus ca\u0142ej kruszarki jest wykonany z <strong>p\u0142yty stalowe o grubo\u015bci powy\u017cej, z technikami spawania i polerowania wysokiej klasy<\/strong> kt\u00f3re zapewniaj\u0105 solidn\u0105 i trwa\u0142\u0105 konstrukcj\u0119. <\/li>    <li>Ponadto, maszyna jest wyposa\u017cona w <strong>Systemy ochrony przed przeci\u0105\u017ceniem silnika i blokady zasilania<\/strong>, skutecznie chroni\u0105c bezpiecze\u0144stwo operator\u00f3w i sprz\u0119tu.<\/li> <\/ul>    <figure class=\"wp-block-gallery has-nested-images columns-2 is-cropped wp-block-gallery-2 is-layout-flex wp-block-gallery-is-layout-flex\"> <figure class=\"wp-block-image size-large\"><img loading=\"lazy\" decoding=\"async\" width=\"720\" height=\"540\" data-id=\"3465\" src=\"https:\/\/shuliybaler.com\/wp-content\/uploads\/2026\/01\/heavy-duty-rotor-design.webp\" alt=\"konstrukcja wirnika ci\u0119\u017ckiego typu\" class=\"wp-image-3465\" title=\"\" srcset=\"https:\/\/shuliybaler.com\/wp-content\/uploads\/2026\/01\/heavy-duty-rotor-design.webp 720w, https:\/\/shuliybaler.com\/wp-content\/uploads\/2026\/01\/heavy-duty-rotor-design-360x270.webp 360w, https:\/\/shuliybaler.com\/wp-content\/uploads\/2026\/01\/heavy-duty-rotor-design-180x135.webp 180w, https:\/\/shuliybaler.com\/wp-content\/uploads\/2026\/01\/heavy-duty-rotor-design-16x12.webp 16w\" sizes=\"auto, (max-width: 720px) 100vw, 720px\" \/><figcaption class=\"wp-element-caption\">Ci\u0119\u017cki wirnik<\/figcaption><\/figure>    <figure class=\"wp-block-image size-large\"><img loading=\"lazy\" decoding=\"async\" width=\"720\" height=\"540\" data-id=\"3466\" src=\"https:\/\/shuliybaler.com\/wp-content\/uploads\/2026\/01\/Wear-resistant-hammer.webp\" alt=\"Odporne na \u015bcieranie m\u0142oty\" class=\"wp-image-3466\" title=\"\" srcset=\"https:\/\/shuliybaler.com\/wp-content\/uploads\/2026\/01\/Wear-resistant-hammer.webp 720w, https:\/\/shuliybaler.com\/wp-content\/uploads\/2026\/01\/Wear-resistant-hammer-360x270.webp 360w, https:\/\/shuliybaler.com\/wp-content\/uploads\/2026\/01\/Wear-resistant-hammer-180x135.webp 180w, https:\/\/shuliybaler.com\/wp-content\/uploads\/2026\/01\/Wear-resistant-hammer-16x12.webp 16w\" sizes=\"auto, (max-width: 720px) 100vw, 720px\" \/><figcaption class=\"wp-element-caption\">Twarde m\u0142oty odporne na \u015bcieranie<\/figcaption><\/figure>    <figure class=\"wp-block-image size-large\"><img loading=\"lazy\" decoding=\"async\" width=\"720\" height=\"540\" data-id=\"3463\" src=\"https:\/\/shuliybaler.com\/wp-content\/uploads\/2026\/01\/copper-core-motor.webp\" alt=\"copper core motor\" class=\"wp-image-3463\" title=\"\" srcset=\"https:\/\/shuliybaler.com\/wp-content\/uploads\/2026\/01\/copper-core-motor.webp 720w, https:\/\/shuliybaler.com\/wp-content\/uploads\/2026\/01\/copper-core-motor-360x270.webp 360w, https:\/\/shuliybaler.com\/wp-content\/uploads\/2026\/01\/copper-core-motor-180x135.webp 180w, https:\/\/shuliybaler.com\/wp-content\/uploads\/2026\/01\/copper-core-motor-16x12.webp 16w\" sizes=\"auto, (max-width: 720px) 100vw, 720px\" \/><figcaption class=\"wp-element-caption\">Silnik z rdzeniem miedzianym<\/figcaption><\/figure>    <figure class=\"wp-block-image size-large\"><img loading=\"lazy\" decoding=\"async\" width=\"720\" height=\"540\" data-id=\"3464\" src=\"https:\/\/shuliybaler.com\/wp-content\/uploads\/2026\/01\/extra-thick-steel-plates.webp\" alt=\"extra-thick steel plates\" class=\"wp-image-3464\" title=\"\" srcset=\"https:\/\/shuliybaler.com\/wp-content\/uploads\/2026\/01\/extra-thick-steel-plates.webp 720w, https:\/\/shuliybaler.com\/wp-content\/uploads\/2026\/01\/extra-thick-steel-plates-360x270.webp 360w, https:\/\/shuliybaler.com\/wp-content\/uploads\/2026\/01\/extra-thick-steel-plates-180x135.webp 180w, https:\/\/shuliybaler.com\/wp-content\/uploads\/2026\/01\/extra-thick-steel-plates-16x12.webp 16w\" sizes=\"auto, (max-width: 720px) 100vw, 720px\" \/><figcaption class=\"wp-element-caption\">P\u0142yty stalowe o grubo\u015bci powy\u017cej<\/figcaption><\/figure> <\/figure>    <h2 class=\"wp-block-heading\"><strong>Parametry techniczne maszyny do kruszenia metalu<\/strong><\/h2>    <figure class=\"wp-block-table\"><table><tbody><tr><td>Model<\/td><td class=\"has-text-align-center\" data-align=\"center\">Moc<\/td><td class=\"has-text-align-center\" data-align=\"center\">Pr\u0119dko\u015b\u0107<\/td><td class=\"has-text-align-center\" data-align=\"center\">Pojemno\u015b\u0107<\/td><td class=\"has-text-align-center\" data-align=\"center\">Wymiary<\/td><\/tr><tr><td>BDL-600<\/td><td class=\"has-text-align-center\" data-align=\"center\">18.5\u201322 kW<\/td><td class=\"has-text-align-center\" data-align=\"center\">860 r\/min<\/td><td class=\"has-text-align-center\" data-align=\"center\">600\u2013800 kg\/h<\/td><td class=\"has-text-align-center\" data-align=\"center\">2000\u00d71200\u00d71900 mm<\/td><\/tr><tr><td>BDL-800<\/td><td class=\"has-text-align-center\" data-align=\"center\">30\u201337 kW<\/td><td class=\"has-text-align-center\" data-align=\"center\">860 r\/min<\/td><td class=\"has-text-align-center\" data-align=\"center\">800\u20131000 kg\/h<\/td><td class=\"has-text-align-center\" data-align=\"center\">2200\u00d71500\u00d72200 mm<\/td><\/tr><tr><td>BDL-1000<\/td><td class=\"has-text-align-center\" data-align=\"center\">55\u201375 kW<\/td><td class=\"has-text-align-center\" data-align=\"center\">860 r\/min<\/td><td class=\"has-text-align-center\" data-align=\"center\">2500\u20133500 kg\/h<\/td><td class=\"has-text-align-center\" data-align=\"center\">2800\u00d71900\u00d73100 mm<\/td><\/tr><tr><td>BDL-1300<\/td><td class=\"has-text-align-center\" data-align=\"center\">90\u2013110 kW<\/td><td class=\"has-text-align-center\" data-align=\"center\">750 r\/min<\/td><td class=\"has-text-align-center\" data-align=\"center\">3500\u20135000 kg\/h<\/td><td class=\"has-text-align-center\" data-align=\"center\">3500\u00d72100\u00d73800 mm<\/td><\/tr><tr><td>BDL-1600<\/td><td class=\"has-text-align-center\" data-align=\"center\">110\u00d72 kW<\/td><td class=\"has-text-align-center\" data-align=\"center\">750 r\/min<\/td><td class=\"has-text-align-center\" data-align=\"center\">4000\u20138000 kg\/h<\/td><td class=\"has-text-align-center\" data-align=\"center\">4400\u00d72500\u00d74200 mm<\/td><\/tr><tr><td>BDL-1800<\/td><td class=\"has-text-align-center\" data-align=\"center\">160\u00d72 kW<\/td><td class=\"has-text-align-center\" data-align=\"center\">650 r\/min<\/td><td class=\"has-text-align-center\" data-align=\"center\">8000\u201312000 kg\/h<\/td><td class=\"has-text-align-center\" data-align=\"center\">4700\u00d72900\u00d74500 mm<\/td><\/tr><tr><td>BDL-2000<\/td><td class=\"has-text-align-center\" data-align=\"center\">220\u00d72 kW<\/td><td class=\"has-text-align-center\" data-align=\"center\">650 r\/min<\/td><td class=\"has-text-align-center\" data-align=\"center\">10000\u201318000 kg\/h<\/td><td class=\"has-text-align-center\" data-align=\"center\">5000\u00d73200\u00d74600 mm<\/td><\/tr><\/tbody><\/table><figcaption class=\"wp-element-caption\">parametry maszyny do kruszenia metalu<\/figcaption><\/figure>    <p>Wyb\u00f3r odpowiedniego modelu maszyny wymaga uwzgl\u0119dnienia takich czynnik\u00f3w jak rozmiar materia\u0142u, grubo\u015b\u0107 i wymagana dzienna wydajno\u015b\u0107. Je\u015bli maszyna ma by\u0107 zintegrowana z lini\u0105 produkcyjn\u0105, nale\u017cy r\u00f3wnie\u017c wzi\u0105\u0107 pod uwag\u0119 szybko\u015b\u0107 kruszenia i og\u00f3ln\u0105 pr\u0119dko\u015b\u0107 linii produkcyjnej, aby zapewni\u0107 w\u0142a\u015bciw\u0105 integracj\u0119.<\/p>    <p>Shuliy posiada dedykowany personel sprzeda\u017cy, kt\u00f3ry mo\u017ce doradzi\u0107 na podstawie Twoich potrzeb. Je\u015bli masz dodatkowe wymagania dotycz\u0105ce personalizacji (kolor, struktura itp.), skontaktuj si\u0119 z nami, aby otrzyma\u0107 bezp\u0142atn\u0105 wycen\u0119 i spersonalizowan\u0105 obs\u0142ug\u0119.<\/p>    <figure class=\"wp-block-gallery has-nested-images columns-default is-cropped wp-block-gallery-3 is-layout-flex wp-block-gallery-is-layout-flex\"> <figure class=\"wp-block-image size-large\"><img loading=\"lazy\" decoding=\"async\" width=\"720\" height=\"540\" data-id=\"3467\" src=\"https:\/\/shuliybaler.com\/wp-content\/uploads\/2026\/01\/blue-metal-scrap-crusher.webp\" alt=\"kruszarka do z\u0142omu metalu w kolorze niebieskim\" class=\"wp-image-3467\" title=\"\" srcset=\"https:\/\/shuliybaler.com\/wp-content\/uploads\/2026\/01\/blue-metal-scrap-crusher.webp 720w, https:\/\/shuliybaler.com\/wp-content\/uploads\/2026\/01\/blue-metal-scrap-crusher-360x270.webp 360w, https:\/\/shuliybaler.com\/wp-content\/uploads\/2026\/01\/blue-metal-scrap-crusher-180x135.webp 180w, https:\/\/shuliybaler.com\/wp-content\/uploads\/2026\/01\/blue-metal-scrap-crusher-16x12.webp 16w\" sizes=\"auto, (max-width: 720px) 100vw, 720px\" \/><figcaption class=\"wp-element-caption\">Kruszarka do z\u0142omu metalu w kolorze niebieskim<\/figcaption><\/figure>    <figure class=\"wp-block-image size-large\"><img loading=\"lazy\" decoding=\"async\" width=\"720\" height=\"540\" data-id=\"3468\" src=\"https:\/\/shuliybaler.com\/wp-content\/uploads\/2026\/01\/white-crusher-for-metal.webp\" alt=\"bia\u0142a kruszarka do metalu\" class=\"wp-image-3468\" title=\"\" srcset=\"https:\/\/shuliybaler.com\/wp-content\/uploads\/2026\/01\/white-crusher-for-metal.webp 720w, https:\/\/shuliybaler.com\/wp-content\/uploads\/2026\/01\/white-crusher-for-metal-360x270.webp 360w, https:\/\/shuliybaler.com\/wp-content\/uploads\/2026\/01\/white-crusher-for-metal-180x135.webp 180w, https:\/\/shuliybaler.com\/wp-content\/uploads\/2026\/01\/white-crusher-for-metal-16x12.webp 16w\" sizes=\"auto, (max-width: 720px) 100vw, 720px\" \/><figcaption class=\"wp-element-caption\">Bia\u0142y kruszarka do metalu<\/figcaption><\/figure> <\/figure>    <h2 class=\"wp-block-heading\"><strong>Jakie rodzaje materia\u0142\u00f3w do recyklingu mo\u017cna przetwarza\u0107 t\u0105 kruszark\u0105?<\/strong><\/h2>    <p>Maszyny do kruszenia metalu Shuliy nadaj\u0105 si\u0119 do przetwarzania r\u00f3\u017cnych rodzaj\u00f3w z\u0142omu, w tym:<\/p>    <ul class=\"wp-block-list\"> <li>Sp\u0142aszczone karoserie samochod\u00f3w i rozebrane cz\u0119\u015bci samochodowe<\/li>    <li>Lekkie materia\u0142y o g\u0119sto\u015bci \u22641 T\/m\u00b3 po ci\u0119ciu lub balowaniu<\/li>    <li>Stare pralki, lod\u00f3wki, klimatyzatory, kolorowe blachy stalowe i inne urz\u0105dzenia gospodarstwa domowego<\/li>    <li>Z\u0142omowane motocykle, pojazdy elektryczne, rowery i ich cz\u0119\u015bci nadwozia<\/li>    <li>Zu\u017cyte puszki aluminiowe, puszki po farbach, z\u0142om aluminium i z\u0142amane aluminiowe drzwi i okna (p\u0142yny i farby musz\u0105 by\u0107 usuni\u0119te)<\/li>    <li>Z\u0142om z blach, z\u0142om stalowy, z\u0142om \u017celazny i inne z\u0142omy metali<\/li> <\/ul>    <figure class=\"wp-block-gallery has-nested-images columns-default is-cropped wp-block-gallery-4 is-layout-flex wp-block-gallery-is-layout-flex\"> <figure class=\"wp-block-image size-large\"><img loading=\"lazy\" decoding=\"async\" width=\"720\" height=\"540\" data-id=\"3462\" src=\"https:\/\/shuliybaler.com\/wp-content\/uploads\/2026\/01\/hammer-type-crushing-machine.webp\" alt=\"maszyna do rozdrabniania typu m\u0142ot\" class=\"wp-image-3462\" title=\"\" srcset=\"https:\/\/shuliybaler.com\/wp-content\/uploads\/2026\/01\/hammer-type-crushing-machine.webp 720w, https:\/\/shuliybaler.com\/wp-content\/uploads\/2026\/01\/hammer-type-crushing-machine-360x270.webp 360w, https:\/\/shuliybaler.com\/wp-content\/uploads\/2026\/01\/hammer-type-crushing-machine-180x135.webp 180w, https:\/\/shuliybaler.com\/wp-content\/uploads\/2026\/01\/hammer-type-crushing-machine-16x12.webp 16w\" sizes=\"auto, (max-width: 720px) 100vw, 720px\" \/><figcaption class=\"wp-element-caption\">Maszyna do rozdrabniania typu m\u0142ot<\/figcaption><\/figure>    <figure class=\"wp-block-image size-large\"><img loading=\"lazy\" decoding=\"async\" width=\"720\" height=\"540\" data-id=\"3461\" src=\"https:\/\/shuliybaler.com\/wp-content\/uploads\/2026\/01\/final-products-after-crushing.webp\" alt=\"final products after crushing\" class=\"wp-image-3461\" title=\"\" srcset=\"https:\/\/shuliybaler.com\/wp-content\/uploads\/2026\/01\/final-products-after-crushing.webp 720w, https:\/\/shuliybaler.com\/wp-content\/uploads\/2026\/01\/final-products-after-crushing-360x270.webp 360w, https:\/\/shuliybaler.com\/wp-content\/uploads\/2026\/01\/final-products-after-crushing-180x135.webp 180w, https:\/\/shuliybaler.com\/wp-content\/uploads\/2026\/01\/final-products-after-crushing-16x12.webp 16w\" sizes=\"auto, (max-width: 720px) 100vw, 720px\" \/><figcaption class=\"wp-element-caption\">Produkty ko\u0144cowe po rozdrobnieniu<\/figcaption><\/figure> <\/figure>    <h2 class=\"wp-block-heading\">Skontaktuj si\u0119 z nami, aby uzyska\u0107 najnowszy limit!<\/h2>    <p>Wi\u0119kszo\u015b\u0107 naszych klient\u00f3w instaluje maszyn\u0119 do kruszenia metalu lub jej powi\u0105zan\u0105 lini\u0119 produkcyjn\u0105 w zak\u0142adach recyklingu z\u0142omu, hutach lub topielniach. Przetwarzaj\u0105c materia\u0142y, zmniejszaj\u0105 ich obj\u0119to\u015b\u0107, u\u0142atwiaj\u0105 transport lub poprawiaj\u0105 wydajno\u015b\u0107 topienia, co zwi\u0119ksza warto\u015b\u0107 recyklingowanego z\u0142omu.<\/p>    <figure class=\"wp-block-gallery has-nested-images columns-default is-cropped wp-block-gallery-5 is-layout-flex wp-block-gallery-is-layout-flex\"> <figure class=\"wp-block-image size-large\"><img loading=\"lazy\" decoding=\"async\" width=\"720\" height=\"540\" data-id=\"3469\" src=\"https:\/\/shuliybaler.com\/wp-content\/uploads\/2026\/01\/clients-feedback.webp\" alt=\"opinie klient\u00f3w\" class=\"wp-image-3469\" title=\"\" srcset=\"https:\/\/shuliybaler.com\/wp-content\/uploads\/2026\/01\/clients-feedback.webp 720w, https:\/\/shuliybaler.com\/wp-content\/uploads\/2026\/01\/clients-feedback-360x270.webp 360w, https:\/\/shuliybaler.com\/wp-content\/uploads\/2026\/01\/clients-feedback-180x135.webp 180w, https:\/\/shuliybaler.com\/wp-content\/uploads\/2026\/01\/clients-feedback-16x12.webp 16w\" sizes=\"auto, (max-width: 720px) 100vw, 720px\" \/><figcaption class=\"wp-element-caption\">Opinie klient\u00f3w<\/figcaption><\/figure>    <figure class=\"wp-block-image size-large\"><img loading=\"lazy\" decoding=\"async\" width=\"720\" height=\"540\" data-id=\"3470\" src=\"https:\/\/shuliybaler.com\/wp-content\/uploads\/2026\/01\/metal-shredder-installation-case.webp\" alt=\"metal shredder  installation case\" class=\"wp-image-3470\" title=\"\" srcset=\"https:\/\/shuliybaler.com\/wp-content\/uploads\/2026\/01\/metal-shredder-installation-case.webp 720w, https:\/\/shuliybaler.com\/wp-content\/uploads\/2026\/01\/metal-shredder-installation-case-360x270.webp 360w, https:\/\/shuliybaler.com\/wp-content\/uploads\/2026\/01\/metal-shredder-installation-case-180x135.webp 180w, https:\/\/shuliybaler.com\/wp-content\/uploads\/2026\/01\/metal-shredder-installation-case-16x12.webp 16w\" sizes=\"auto, (max-width: 720px) 100vw, 720px\" \/><figcaption class=\"wp-element-caption\">Przyk\u0142ad instalacji rozdrabniarki do metalu<\/figcaption><\/figure> <\/figure>    <p>Je\u015bli jeste\u015b zainteresowany nasz\u0105 maszyn\u0105, skontaktuj si\u0119 z nami, aby uzyska\u0107 najnowsz\u0105 list\u0119 cen i rabaty. Poni\u017csze produkty mog\u0105 by\u0107 u\u017cywane razem z t\u0105 maszyn\u0105 do kruszenia metalu: <\/p>    <ul class=\"wp-block-list\"> <li><a href=\"https:\/\/shuliybaler.com\/pl\/product\/steel-drum-shredder\/\">Rozdrabniarka do stalowych b\u0119bn\u00f3w<\/a><\/li>    <li><a href=\"https:\/\/shuliybaler.com\/pl\/product\/scrap-metal-baler\/\">Prasa do z\u0142omu metali<\/a><\/li> <\/ul>","protected":false},"excerpt":{"rendered":"<p>This high-efficiency metal shredder can be used to shred scrap metal, aluminum cans, household appliances, and steel. The shredded material is in the form of 3-10 cm spheres or segments, which facilitates packaging and other metal recycling processes.<\/p>","protected":false},"author":1,"featured_media":3460,"parent":0,"template":"","tags":[15],"product-type":[87],"class_list":["post-3448","product","type-product","status-publish","has-post-thumbnail","hentry","tag-metal","product-type-metal-recycling-machine"],"_links":{"self":[{"href":"https:\/\/shuliybaler.com\/pl\/wp-json\/wp\/v2\/product\/3448","targetHints":{"allow":["GET"]}}],"collection":[{"href":"https:\/\/shuliybaler.com\/pl\/wp-json\/wp\/v2\/product"}],"about":[{"href":"https:\/\/shuliybaler.com\/pl\/wp-json\/wp\/v2\/types\/product"}],"author":[{"embeddable":true,"href":"https:\/\/shuliybaler.com\/pl\/wp-json\/wp\/v2\/users\/1"}],"wp:featuredmedia":[{"embeddable":true,"href":"https:\/\/shuliybaler.com\/pl\/wp-json\/wp\/v2\/media\/3460"}],"wp:attachment":[{"href":"https:\/\/shuliybaler.com\/pl\/wp-json\/wp\/v2\/media?parent=3448"}],"wp:term":[{"taxonomy":"post_tag","embeddable":true,"href":"https:\/\/shuliybaler.com\/pl\/wp-json\/wp\/v2\/tags?post=3448"},{"taxonomy":"product-type","embeddable":true,"href":"https:\/\/shuliybaler.com\/pl\/wp-json\/wp\/v2\/product-type?post=3448"}],"curies":[{"name":"wp","href":"https:\/\/api.w.org\/{rel}","templated":true}]}}