{"id":3476,"date":"2026-01-08T14:24:56","date_gmt":"2026-01-08T06:24:56","guid":{"rendered":"https:\/\/shuliybaler.com\/?post_type=product&#038;p=3476"},"modified":"2026-01-09T13:37:25","modified_gmt":"2026-01-09T05:37:25","slug":"small-metal-shredder-for-waste-recycling","status":"publish","type":"product","link":"https:\/\/shuliybaler.com\/pl\/product\/small-metal-shredder-for-waste-recycling\/","title":{"rendered":"Maszyna do rozdrabniania karton\u00f3w"},"content":{"rendered":"<p class=\"translation-block\">Ma\u0142a rozdrabniarka do metalu jest odpowiednia do zastosowa\u0144 wymagaj\u0105cych efektywnego rozdrabniania w ograniczonych przestrzeniach. Pomimo kompaktowych rozmiar\u00f3w, ta rozdrabniarka posiada pot\u0119\u017cne zdolno\u015bci ci\u0119cia z podw\u00f3jnym wa\u0142em, a jej ostrza wykonane s\u0105 z wysoce odpornego na zu\u017cycie materia\u0142u 9CrSi, co czyni j\u0105 odpowiedni\u0105 do d\u0142ugotrwa\u0142ej pracy ci\u0105g\u0142ej.<\/p>    <figure class=\"wp-block-embed aligncenter is-type-video is-provider-youtube wp-block-embed-youtube wp-embed-aspect-16-9 wp-has-aspect-ratio\"><div class=\"wp-block-embed__wrapper\"> <iframe loading=\"lazy\" title=\"Wewn\u0105trz naszej fabryki: Test pracy ma\u0142ej rozdrabniarki do metalu | Kompaktowa, ale mocna Kontakt:  8617703863868\" width=\"500\" height=\"281\" src=\"https:\/\/www.youtube.com\/embed\/7L99OCIJPJc?feature=oembed\" frameborder=\"0\" allow=\"accelerometer; autoplay; clipboard-write; encrypted-media; gyroscope; picture-in-picture; web-share\" referrerpolicy=\"strict-origin-when-cross-origin\" allowfullscreen><\/iframe> <\/div><figcaption class=\"wp-element-caption\">wideo pracy ma\u0142ej rozdrabniarki do metalu<\/figcaption><\/figure>    <h2 class=\"wp-block-heading\"><strong>Kluczowe zalety tej ma\u0142ej rozdrabniarki do metalu<\/strong><\/h2>    <ul class=\"wp-block-list\"> <li>Kompaktowa rozdrabniarka do metalu Shuliy ma <strong>konstrukcja kompaktowa z wymiarami 1600 \u00d7 1000 \u00d7 1300 mm<\/strong>, which is suitable for small recycling centers, factory corners, and startup recycling projects with limited space. It doesn&#8217;t need a complex installation, significantly reducing installation costs.<\/li>    <li>Rozdrabniarka komercyjna jest nap\u0119dzana <strong>silnik o mocy 11 kW i przek\u0142adnia typu 400<\/strong>, z pr\u0119dko\u015bci\u0105 wa\u0142u nawet 8-11 obrot\u00f3w na minut\u0119, zapewniaj\u0105c\u0105 silny moment obrotowy przy jednoczesnym utrzymaniu stabilnej i ci\u0105g\u0142ej pracy rozdrabniania. <\/li>    <li>Nasza ma\u0142a rozdrabniarka do metalu wykorzystuje <strong>struktur\u0119 rozdrabniania z podw\u00f3jnym wa\u0142em<\/strong>, zapewniaj\u0105c pot\u0119\u017cne si\u0142y tn\u0105ce, rozrywania i kruszenia. Wyposa\u017cona w 13 ostrzy obrotowych i 15 ostrzy sta\u0142ych, \u0142atwo radzi sobie z lekkimi profilami metalowymi i mieszanymi z\u0142omami. <\/li>    <li>Ze wzgl\u0119du na <strong>precyzyjnym uk\u0142adem ostrzy i regulowan\u0105 pr\u0119dko\u015bci\u0105 obrotow\u0105<\/strong>, gotowy materia\u0142 ma ma\u0142y i jednolity rozmiar cz\u0105stek, co czyni go idealnym do dalszego przetwarzania, sortowania i separacji metali, a tak\u017ce zwi\u0119ksza efektywno\u015b\u0107 i zyskowno\u015b\u0107 recyklingu.<\/li> <\/ul>   <div class=\"wp-block-image\"> <figure class=\"aligncenter size-large\"><img loading=\"lazy\" decoding=\"async\" width=\"720\" height=\"540\" src=\"https:\/\/shuliybaler.com\/wp-content\/uploads\/2026\/01\/waste-shredder.webp\" alt=\"\" class=\"wp-image-3485\" title=\"\" srcset=\"https:\/\/shuliybaler.com\/wp-content\/uploads\/2026\/01\/waste-shredder.webp 720w, https:\/\/shuliybaler.com\/wp-content\/uploads\/2026\/01\/waste-shredder-360x270.webp 360w, https:\/\/shuliybaler.com\/wp-content\/uploads\/2026\/01\/waste-shredder-180x135.webp 180w, https:\/\/shuliybaler.com\/wp-content\/uploads\/2026\/01\/waste-shredder-16x12.webp 16w\" sizes=\"auto, (max-width: 720px) 100vw, 720px\" \/><\/figure> <\/div>   <h2 class=\"wp-block-heading\"><strong>Dlaczego warto zainwestowa\u0107 w ma\u0142\u0105 rozdrabniark\u0119 do metalu?<\/strong><\/h2>    <p>Dla ma\u0142ych zak\u0142ad\u00f3w recyklingu, kt\u00f3re chc\u0105 wej\u015b\u0107 na rynek recyklingu metali lub go rozwin\u0105\u0107, inwestycja w ma\u0142\u0105 rozdrabniark\u0119 metalow\u0105 jest rozs\u0105dnym wyborem.<\/p>    <ol class=\"wp-block-list\"> <li>W por\u00f3wnaniu do du\u017cych linii rozdrabniaj\u0105cych, ma ni\u017cszy koszt pocz\u0105tkowy.<\/li>    <li>Kompaktowa rozdrabniarka zapewnia stabiln\u0105 wydajno\u015b\u0107, niskie koszty utrzymania i szybki zwrot inwestycji.<\/li>    <li>Nasza maszyna jest wszechstronna i mo\u017ce by\u0107 u\u017cywana z r\u00f3\u017cnymi materia\u0142ami metalowymi.<\/li>    <li>\u0141atwa w obs\u0142udze i konserwacji, co czyni j\u0105 odpowiedni\u0105 dla ma\u0142ych zespo\u0142\u00f3w.<\/li> <\/ol>    <p>Dla ma\u0142ych recykler\u00f3w, producent\u00f3w i dealer\u00f3w z\u0142omu, to urz\u0105dzenie zapewnia idealn\u0105 r\u00f3wnowag\u0119 mi\u0119dzy wydajno\u015bci\u0105, kosztem a skalowalno\u015bci\u0105.<\/p>   <div class=\"wp-block-image\"> <figure class=\"aligncenter size-large\"><img loading=\"lazy\" decoding=\"async\" width=\"720\" height=\"540\" src=\"https:\/\/shuliybaler.com\/wp-content\/uploads\/2026\/01\/cardboard-shredding-machine-1.webp\" alt=\"\" class=\"wp-image-3484\" title=\"\" srcset=\"https:\/\/shuliybaler.com\/wp-content\/uploads\/2026\/01\/cardboard-shredding-machine-1.webp 720w, https:\/\/shuliybaler.com\/wp-content\/uploads\/2026\/01\/cardboard-shredding-machine-1-360x270.webp 360w, https:\/\/shuliybaler.com\/wp-content\/uploads\/2026\/01\/cardboard-shredding-machine-1-180x135.webp 180w, https:\/\/shuliybaler.com\/wp-content\/uploads\/2026\/01\/cardboard-shredding-machine-1-16x12.webp 16w\" sizes=\"auto, (max-width: 720px) 100vw, 720px\" \/><\/figure> <\/div>   <h2 class=\"wp-block-heading\"><strong>Szeroki zakres zastosowa\u0144 kompaktowej rozdrabniarki do metalu<\/strong><\/h2>    <p>W ma\u0142ych i \u015brednich zak\u0142adach recyklingu z\u0142omu metalowego ten typ ma\u0142ej rozdrabniarki metalowej jest powszechnie u\u017cywany jako urz\u0105dzenie wst\u0119pne lub g\u0142\u00f3wne do rozdrabniania. Rozdrabnia masywny z\u0142om metalowy na mniejsze, bardziej zarz\u0105dzalne kawa\u0142ki, poprawiaj\u0105c wydajno\u015b\u0107 sortowania przed separacj\u0105 magnetyczn\u0105 lub dalszym kruszeniem.<\/p>    <p>Warsztaty przetw\u00f3rstwa metali generuj\u0105 du\u017c\u0105 ilo\u015b\u0107 z\u0142omu, odpad\u00f3w i wadliwych cz\u0119\u015bci podczas codziennej produkcji. Ta rozdrabniarka mo\u017ce pom\u00f3c warsztatom rozdrabnia\u0107 odpady metalowe na miejscu, zmniejszaj\u0105c przestrze\u0144 magazynow\u0105 i utrzymuj\u0105c czystsze i bezpieczniejsze \u015brodowisko pracy. <\/p>    <p>Na stacjach zbi\u00f3rki i transferu z\u0142omu metalowego trudno jest obs\u0142ugiwa\u0107 r\u00f3\u017cne rozmiary odpad\u00f3w. Ta rozdrabniarka jest szeroko stosowana do zmniejszania obj\u0119to\u015bci materia\u0142u przed transportem, standaryzacji rozmiar\u00f3w z\u0142omu dla \u0142atwiejszego przetwarzania przez dalsze zak\u0142ady recyklingu oraz poprawy wydajno\u015bci za\u0142adunku i zarz\u0105dzania logistyk\u0105.<\/p>    <figure class=\"wp-block-gallery has-nested-images columns-default is-cropped wp-block-gallery-2 is-layout-flex wp-block-gallery-is-layout-flex\"> <figure class=\"wp-block-image size-large\"><img loading=\"lazy\" decoding=\"async\" width=\"720\" height=\"540\" data-id=\"3488\" src=\"https:\/\/shuliybaler.com\/wp-content\/uploads\/2026\/01\/waste-recycling.webp\" alt=\"waste recycling\" class=\"wp-image-3488\" title=\"\" srcset=\"https:\/\/shuliybaler.com\/wp-content\/uploads\/2026\/01\/waste-recycling.webp 720w, https:\/\/shuliybaler.com\/wp-content\/uploads\/2026\/01\/waste-recycling-360x270.webp 360w, https:\/\/shuliybaler.com\/wp-content\/uploads\/2026\/01\/waste-recycling-180x135.webp 180w, https:\/\/shuliybaler.com\/wp-content\/uploads\/2026\/01\/waste-recycling-16x12.webp 16w\" sizes=\"auto, (max-width: 720px) 100vw, 720px\" \/><figcaption class=\"wp-element-caption\">Recykling odpad\u00f3w<\/figcaption><\/figure>    <figure class=\"wp-block-image size-large\"><img loading=\"lazy\" decoding=\"async\" width=\"720\" height=\"540\" data-id=\"3487\" src=\"https:\/\/shuliybaler.com\/wp-content\/uploads\/2026\/01\/metal-factory-scraps.webp\" alt=\"metal factory scraps\" class=\"wp-image-3487\" title=\"\" srcset=\"https:\/\/shuliybaler.com\/wp-content\/uploads\/2026\/01\/metal-factory-scraps.webp 720w, https:\/\/shuliybaler.com\/wp-content\/uploads\/2026\/01\/metal-factory-scraps-360x270.webp 360w, https:\/\/shuliybaler.com\/wp-content\/uploads\/2026\/01\/metal-factory-scraps-180x135.webp 180w, https:\/\/shuliybaler.com\/wp-content\/uploads\/2026\/01\/metal-factory-scraps-16x12.webp 16w\" sizes=\"auto, (max-width: 720px) 100vw, 720px\" \/><figcaption class=\"wp-element-caption\">Z\u0142om z fabryk metali<\/figcaption><\/figure> <\/figure>    <h2 class=\"wp-block-heading\"><strong>Parametry techniczne ma\u0142ej rozdrabniarki do metalu<\/strong><\/h2>    <figure class=\"wp-block-table\"><table class=\"has-fixed-layout\"><tbody><tr><td>Moc silnika<\/td><td>11 kW<\/td><\/tr><tr><td>Reduktor<\/td><td>Typ 400<\/td><\/tr><tr><td>Sterowanie elektryczne<\/td><td>Panel sterowania do prz\u00f3d i ty\u0142<\/td><\/tr><tr><td>Materia\u0142 ostrza<\/td><td>Niekorozja stal narz\u0119dziowa<\/td><\/tr><tr><td>\u015arednica ostrza<\/td><td>200 mm<\/td><\/tr><tr><td>Grubo\u015b\u0107 ostrza<\/td><td>30 mm<\/td><\/tr><tr><td>Ostrza obrotowe<\/td><td>13 szt.<\/td><\/tr><tr><td>Ostrza sta\u0142e<\/td><td>15 szt.<\/td><\/tr><tr><td>Materia\u0142 dystansowy<\/td><td>Niekorozja stal narz\u0119dziowa<\/td><\/tr><tr><td>Wa\u0142<\/td><td>Hartowane i odpuszczone<\/td><\/tr><tr><td>Rama z kwadratowej rury<\/td><td>80 \u00d7 80 mm<\/td><\/tr><tr><td>Rozmiar og\u00f3lny<\/td><td>1600 \u00d7 1000 \u00d7 1300 mm<\/td><\/tr><tr><td>Pr\u0119dko\u015b\u0107 wa\u0142u obrotowego<\/td><td>8\u201311 r\/min<\/td><\/tr><tr><td>Zasilanie<\/td><td>3-fazowe 380 V 50 Hz<\/td><\/tr><\/tbody><\/table><figcaption class=\"wp-element-caption\">parametry rozdrabniarki z podw\u00f3jnym wa\u0142em<\/figcaption><\/figure>    <p>Oferujemy r\u00f3wnie\u017c dodatkowe us\u0142ugi dostosowania, w tym kolor, napi\u0119cie silnika i projekt portu wylotowego. Skontaktuj si\u0119 z naszymi ekspertami, aby uzyska\u0107 bardziej szczeg\u00f3\u0142owe informacje.<\/p>    <figure class=\"wp-block-gallery has-nested-images columns-default is-cropped wp-block-gallery-3 is-layout-flex wp-block-gallery-is-layout-flex\"> <figure class=\"wp-block-image size-large\"><img loading=\"lazy\" decoding=\"async\" width=\"720\" height=\"540\" data-id=\"3482\" src=\"https:\/\/shuliybaler.com\/wp-content\/uploads\/2026\/01\/metal-shredding-machine-with-wire-mesh.webp\" alt=\"maszyna do rozdrabniania metalu z siatk\u0105 drucian\u0105\" class=\"wp-image-3482\" title=\"\" srcset=\"https:\/\/shuliybaler.com\/wp-content\/uploads\/2026\/01\/metal-shredding-machine-with-wire-mesh.webp 720w, https:\/\/shuliybaler.com\/wp-content\/uploads\/2026\/01\/metal-shredding-machine-with-wire-mesh-360x270.webp 360w, https:\/\/shuliybaler.com\/wp-content\/uploads\/2026\/01\/metal-shredding-machine-with-wire-mesh-180x135.webp 180w, https:\/\/shuliybaler.com\/wp-content\/uploads\/2026\/01\/metal-shredding-machine-with-wire-mesh-16x12.webp 16w\" sizes=\"auto, (max-width: 720px) 100vw, 720px\" \/><figcaption class=\"wp-element-caption\">Maszyna do rozdrabniania metalu z siatk\u0105 drucian\u0105<\/figcaption><\/figure>    <figure class=\"wp-block-image size-large\"><img loading=\"lazy\" decoding=\"async\" width=\"720\" height=\"540\" data-id=\"3481\" src=\"https:\/\/shuliybaler.com\/wp-content\/uploads\/2026\/01\/metal-shredder-with-discharge-ramp.webp\" alt=\"rozdrabniarka do metalu z ramp\u0105 wylotow\u0105\" class=\"wp-image-3481\" title=\"\" srcset=\"https:\/\/shuliybaler.com\/wp-content\/uploads\/2026\/01\/metal-shredder-with-discharge-ramp.webp 720w, https:\/\/shuliybaler.com\/wp-content\/uploads\/2026\/01\/metal-shredder-with-discharge-ramp-360x270.webp 360w, https:\/\/shuliybaler.com\/wp-content\/uploads\/2026\/01\/metal-shredder-with-discharge-ramp-180x135.webp 180w, https:\/\/shuliybaler.com\/wp-content\/uploads\/2026\/01\/metal-shredder-with-discharge-ramp-16x12.webp 16w\" sizes=\"auto, (max-width: 720px) 100vw, 720px\" \/><figcaption class=\"wp-element-caption\">Rozdrabniarka do metalu z ramp\u0105 wylotow\u0105<\/figcaption><\/figure> <\/figure>    <div class=\"wp-block-buttons is-content-justification-center is-layout-flex wp-container-core-buttons-is-layout-16018d1d wp-block-buttons-is-layout-flex\"> <div class=\"wp-block-button is-style-fill\"><a class=\"wp-block-button__link wp-element-button\" href=\"https:\/\/shuliybaler.com\/pl\/contact-us\/\">Bezp\u0142atne wyceny i konsultacje<\/a><\/div> <\/div>    <h2 class=\"wp-block-heading\">FAQ dotycz\u0105ce maszyny do rozdrabniania karton\u00f3w Shuliy<\/h2>   <div id=\"rank-math-faq\" class=\"rank-math-block\"> <div class=\"rank-math-list\"> <div id=\"faq-question-1767838623961\" class=\"rank-math-list-item\"> <h3 class=\"rank-math-question\"><strong>Jakie rodzaje metali mo\u017cna przetwarza\u0107 t\u0105 ma\u0142\u0105 rozdrabniark\u0105?<\/strong><\/h3> <div class=\"rank-math-answer\">  <p>Nadaje si\u0119 do lekkiego z\u0142omu, cienkich stalowych p\u0142yt, aluminium i ma\u0142ych cz\u0119\u015bci metalowych.<\/p>  <\/div> <\/div> <div id=\"faq-question-1767838661033\" class=\"rank-math-list-item\"> <h3 class=\"rank-math-question\"><strong>Czy ta rozdrabniarka nadaje si\u0119 do pracy ci\u0105g\u0142ej?<\/strong><\/h3> <div class=\"rank-math-answer\">  <p>Projekt o niskiej pr\u0119dko\u015bci i wysokim momencie obrotowym zapewnia, \u017ce maszyna mo\u017ce pracowa\u0107 nieprzerwanie przez d\u0142ugi czas.<\/p>  <\/div> <\/div> <div id=\"faq-question-1767838838592\" class=\"rank-math-list-item\"> <h3 class=\"rank-math-question\"><strong>Jaka jest maksymalna grubo\u015b\u0107 metalu, kt\u00f3r\u0105 ta maszyna mo\u017ce rozdrabnia\u0107?<\/strong><\/h3> <div class=\"rank-math-answer\">  <p>Ta maszyna nadaje si\u0119 do przetwarzania cienkich i \u015brednich materia\u0142\u00f3w metalowych. Dla grubszych lub twardszych materia\u0142\u00f3w zazwyczaj zalecamy wst\u0119pne ci\u0119cie lub wyb\u00f3r wi\u0119kszego modelu rozdrabniarki.<\/p>  <\/div> <\/div> <div id=\"faq-question-1767838937857\" class=\"rank-math-list-item\"> <h3 class=\"rank-math-question\"><strong>Jak konserwowa\u0107 rozdrabniark\u0119?<\/strong><\/h3> <div class=\"rank-math-answer\">  <p>Regularnie sprawdzaj \u015bruby ostrzy i elementy elektryczne, smaruj \u0142o\u017cyska.<\/p>  <\/div> <\/div> <div id=\"faq-question-1767839135772\" class=\"rank-math-list-item\"> <h3 class=\"rank-math-question\"><strong>Jakie us\u0142ugi posprzeda\u017cne oferujesz?<\/strong><\/h3> <div class=\"rank-math-answer\">  <p>Wskaz\u00f3wki dotycz\u0105ce instalacji, d\u0142ugoterminowa dostawa cz\u0119\u015bci zamiennych i wsparcie techniczne jeden na jeden w sprawach zwi\u0105zanych z maszyn\u0105.<\/p>  <\/div> <\/div> <\/div> <\/div>   <p>Ta kompaktowa rozdrabniarka do metalu charakteryzuje si\u0119 ma\u0142\u0105 powierzchni\u0105, wysok\u0105 wydajno\u015bci\u0105 i mocnymi zdolno\u015bciami rozdrabniania z podw\u00f3jnym wa\u0142em, produkuj\u0105c drobno granulowany produkt. Osi\u0105ga idealn\u0105 r\u00f3wnowag\u0119 mi\u0119dzy wydajno\u015bci\u0105 a kosztem.<\/p>    <p>Dla ma\u0142ych zak\u0142ad\u00f3w recyklingu lub fabryk, kt\u00f3re chc\u0105 produkowa\u0107 wyroby metalowe o warto\u015bci dodanej, inwestycja w t\u0119 kompaktow\u0105 rozdrabniark\u0119 jest m\u0105drym i przysz\u0142o\u015bciowym wyborem.<\/p>   <div class=\"wp-block-image\"> <figure class=\"aligncenter size-full\"><img loading=\"lazy\" decoding=\"async\" width=\"720\" height=\"540\" src=\"https:\/\/shuliybaler.com\/wp-content\/uploads\/2026\/01\/double-shaft-shredder.webp\" alt=\"rozdrabniarka z podw\u00f3jnym wa\u0142em\" class=\"wp-image-3483\" title=\"\" srcset=\"https:\/\/shuliybaler.com\/wp-content\/uploads\/2026\/01\/double-shaft-shredder.webp 720w, https:\/\/shuliybaler.com\/wp-content\/uploads\/2026\/01\/double-shaft-shredder-360x270.webp 360w, https:\/\/shuliybaler.com\/wp-content\/uploads\/2026\/01\/double-shaft-shredder-180x135.webp 180w, https:\/\/shuliybaler.com\/wp-content\/uploads\/2026\/01\/double-shaft-shredder-16x12.webp 16w\" sizes=\"auto, (max-width: 720px) 100vw, 720px\" \/><figcaption class=\"wp-element-caption\">rozdrabniarka z podw\u00f3jnym wa\u0142em<\/figcaption><\/figure> <\/div>   <p>We also offer other models of shredders. If you find this model&#8217;s output not mmet your needs, you can check out these other options:<\/p>    <ul class=\"wp-block-list\"> <li><a href=\"https:\/\/shuliybaler.com\/pl\/product\/steel-drum-shredder\/\">Rozdrabniarka na 1400 beczek stalowych<\/a><\/li>    <li><a href=\"https:\/\/shuliybaler.com\/pl\/product\/scrap-copper-wire-shredder\/\">Rozdrabniarka na 600 z\u0142omu miedzianego<\/a><\/li> <\/ul>","protected":false},"excerpt":{"rendered":"<p>This compact metal shredder has a compact size and can easily shred waste materials into small pieces, significantly reducing space and operating costs. It is ideal for recycling facilities with limited budgets or small workspaces.<\/p>","protected":false},"author":1,"featured_media":3496,"parent":0,"template":"","tags":[15],"product-type":[46],"class_list":["post-3476","product","type-product","status-publish","has-post-thumbnail","hentry","tag-metal","product-type-metal-shredder"],"_links":{"self":[{"href":"https:\/\/shuliybaler.com\/pl\/wp-json\/wp\/v2\/product\/3476","targetHints":{"allow":["GET"]}}],"collection":[{"href":"https:\/\/shuliybaler.com\/pl\/wp-json\/wp\/v2\/product"}],"about":[{"href":"https:\/\/shuliybaler.com\/pl\/wp-json\/wp\/v2\/types\/product"}],"author":[{"embeddable":true,"href":"https:\/\/shuliybaler.com\/pl\/wp-json\/wp\/v2\/users\/1"}],"wp:featuredmedia":[{"embeddable":true,"href":"https:\/\/shuliybaler.com\/pl\/wp-json\/wp\/v2\/media\/3496"}],"wp:attachment":[{"href":"https:\/\/shuliybaler.com\/pl\/wp-json\/wp\/v2\/media?parent=3476"}],"wp:term":[{"taxonomy":"post_tag","embeddable":true,"href":"https:\/\/shuliybaler.com\/pl\/wp-json\/wp\/v2\/tags?post=3476"},{"taxonomy":"product-type","embeddable":true,"href":"https:\/\/shuliybaler.com\/pl\/wp-json\/wp\/v2\/product-type?post=3476"}],"curies":[{"name":"wp","href":"https:\/\/api.w.org\/{rel}","templated":true}]}}