{"id":3515,"date":"2026-02-03T17:28:38","date_gmt":"2026-02-03T09:28:38","guid":{"rendered":"https:\/\/shuliybaler.com\/?post_type=product&#038;p=3515"},"modified":"2026-02-04T10:19:49","modified_gmt":"2026-02-04T02:19:49","slug":"copper-cable-granulator","status":"publish","type":"product","link":"https:\/\/shuliybaler.com\/pl\/product\/copper-cable-granulator\/","title":{"rendered":"Granulator kabli miedzianych | Rozwi\u0105zanie do recyklingu drut\u00f3w miedzianych"},"content":{"rendered":"<p class=\"translation-block\">Granulator kabli miedzianych   jest u\u017cywany do przetwarzania zu\u017cytych kabli i drut\u00f3w miedzianych. Efektywnie oddziela czyste cz\u0105stki miedzi od warstwy izolacji z plastiku poprzez kruszenie, separacj\u0119 powietrzn\u0105 i grawitacyjn\u0105, przekszta\u0142caj\u0105c zu\u017cyte kable w wysokowarto\u015bciowe materia\u0142y do recyklingu.<\/p>    <p>Ostateczny produkt ma czysto\u015b\u0107 miedzi do 99,5%, z wydajno\u015bci\u0105 od 100 do 1000 kg na godzin\u0119. Shuliy zaleca u\u017cycie linii produkcyjnej do wysokowydajnej obr\u00f3bki lub wyposa\u017cenie jej w urz\u0105dzenia elektrostatyczne do dalszego oddzielenia resztek miedzi od plastiku.<\/p>    <figure class=\"wp-block-embed aligncenter is-type-video is-provider-youtube wp-block-embed-youtube wp-embed-aspect-16-9 wp-has-aspect-ratio\"><div class=\"wp-block-embed__wrapper\"> <iframe loading=\"lazy\" title=\"Pe\u0142ny proces pracy od drutu z\u0142omowego do granul miedzi Kontakt:  8617703863868\" width=\"500\" height=\"281\" src=\"https:\/\/www.youtube.com\/embed\/2RHgzwLOTtU?feature=oembed\" frameborder=\"0\" allow=\"accelerometer; autoplay; clipboard-write; encrypted-media; gyroscope; picture-in-picture; web-share\" referrerpolicy=\"strict-origin-when-cross-origin\" allowfullscreen><\/iframe> <\/div><figcaption class=\"wp-element-caption\">film z pracy granulatora drutu miedzianego<\/figcaption><\/figure>    <h2 class=\"wp-block-heading\"><strong>Dlaczego wybra\u0107 granulator kabli miedzianych Shuliy?<\/strong><\/h2>    <ol class=\"wp-block-list\"> <li>Recykler do odzysku miedzi z czysto\u015bci\u0105 przekraczaj\u0105c\u0105 99,5%, mo\u017cna wyposa\u017cy\u0107 w urz\u0105dzenie do separacji elektrostatycznej, aby osi\u0105gn\u0105\u0107 100% odzysk miedzi.<\/li>    <li>Granulator miedziowy Shuliy ma zintegrowan\u0105 struktur\u0119, zajmuje ma\u0142\u0105 powierzchni\u0119, jest \u0142atwy do zainstalowania i bardzo mobilny.<\/li>    <li>Ta maszyna jest wyposa\u017cona w system sterowania PLC, co pozwala jednemu operatorowi zarz\u0105dza\u0107 ca\u0142ym procesem produkcyjnym.<\/li>    <li>Nasze urz\u0105dzenie do rozdrabniania tego maszyny do oddzielania drutu miedzianego u\u017cywa ostrzy z stopu SKD-11 (twardo\u015b\u0107 HR58), aby zapewni\u0107 doskona\u0142\u0105 odporno\u015b\u0107 na \u015bcieranie i wytrzyma\u0142o\u015b\u0107.<\/li>    <li>Ca\u0142y maszynowy system dzia\u0142a w pe\u0142ni zamkni\u0119ty, z urz\u0105dzeniem do usuwania py\u0142u typu impulsowego, aby skutecznie zapobiega\u0107 wt\u00f3rnemu zanieczyszczeniu.<\/li> <\/ol>   <div class=\"wp-block-image\"> <figure class=\"aligncenter size-full\"><img loading=\"lazy\" decoding=\"async\" width=\"720\" height=\"540\" src=\"https:\/\/shuliybaler.com\/wp-content\/uploads\/2026\/02\/copper-cable-granulator-machine.webp\" alt=\"maszyna do granulatora kabli miedzianych\" class=\"wp-image-3529\" title=\"\" srcset=\"https:\/\/shuliybaler.com\/wp-content\/uploads\/2026\/02\/copper-cable-granulator-machine.webp 720w, https:\/\/shuliybaler.com\/wp-content\/uploads\/2026\/02\/copper-cable-granulator-machine-360x270.webp 360w, https:\/\/shuliybaler.com\/wp-content\/uploads\/2026\/02\/copper-cable-granulator-machine-180x135.webp 180w, https:\/\/shuliybaler.com\/wp-content\/uploads\/2026\/02\/copper-cable-granulator-machine-16x12.webp 16w\" sizes=\"auto, (max-width: 720px) 100vw, 720px\" \/><figcaption class=\"wp-element-caption\">maszyna do granulatora kabli miedzianych<\/figcaption><\/figure> <\/div>   <h2 class=\"wp-block-heading\"><strong>Zasada dzia\u0142ania przemys\u0142owego granulatora drut\u00f3w miedzianych<\/strong><\/h2>    <p class=\"translation-block\"><strong>Krok 1<\/strong>: Zu\u017cyte kable i druty miedziane s\u0105 podawane do kruszarki, gdzie ostrza ze stopu SKD-11 rozdrabniaj\u0105 materia\u0142 na jednolite cz\u0105stki.<\/p>    <p class=\"translation-block\"><strong>Krok 2<\/strong>: System sortowania powietrzem i pneumatyczny oddziela l\u017cejsze cz\u0105stki plastiku od ci\u0119\u017cszych cz\u0105stek miedzi.<\/p>    <p class=\"translation-block\"><strong>Krok 3<\/strong>: Technologia flotacji powietrznej i separacji grawitacyjnej precyzyjnie oddziela mied\u017a od plastiku na podstawie r\u00f3\u017cnic g\u0119sto\u015bci.<\/p>    <p class=\"translation-block\"><strong>Krok 4<\/strong>: W pe\u0142ni zamkni\u0119ty system po\u0142\u0105czony z odkurzaczem py\u0142u typu impulsowego skutecznie usuwa py\u0142 powstaj\u0105cy podczas pracy.<\/p>    <p class=\"translation-block\"><strong>Krok 5<\/strong>: Cz\u0105stki miedzi i plastiku s\u0105 zbierane i wyprowadzane z dw\u00f3ch r\u00f3\u017cnych wyj\u015b\u0107.<\/p>    <h2 class=\"wp-block-heading\"><strong>Zastosowania granulator\u00f3w kabli miedzianych<\/strong><\/h2>    <p>Granulatory kabli miedzianych s\u0105 szeroko stosowane w bran\u017cy recyklingu i regeneracji metali, w tym:<\/p>    <ul class=\"wp-block-list\"> <li>Recykling zu\u017cytych drut\u00f3w i kabli miedzianych<\/li>    <li>Recykling drut\u00f3w aluminiowych i mieszanych kabli metalowych<\/li>    <li>Kruszenie i sortowanie r\u00f3\u017cnych zu\u017cytych drut\u00f3w<\/li>    <li>Oddzielanie miedzi, aluminium i \u017celaza od radiator\u00f3w miedziano-aluminiowych<\/li> <\/ul>    <p>Wyprodukowane czyste granulki miedzi i granulki z tworzywa mog\u0105 by\u0107 poddane ponownej obr\u00f3bce oddzielnie lub sprzedane bezpo\u015brednio do zak\u0142adu przetwarzania odpad\u00f3w.<\/p>    <figure class=\"wp-block-gallery has-nested-images columns-default is-cropped wp-block-gallery-2 is-layout-flex wp-block-gallery-is-layout-flex\"> <figure class=\"wp-block-image size-large\"><img loading=\"lazy\" decoding=\"async\" width=\"720\" height=\"540\" data-id=\"3520\" src=\"https:\/\/shuliybaler.com\/wp-content\/uploads\/2026\/02\/materials-can-be-processed.webp\" alt=\"materials can be processed\" class=\"wp-image-3520\" title=\"\" srcset=\"https:\/\/shuliybaler.com\/wp-content\/uploads\/2026\/02\/materials-can-be-processed.webp 720w, https:\/\/shuliybaler.com\/wp-content\/uploads\/2026\/02\/materials-can-be-processed-360x270.webp 360w, https:\/\/shuliybaler.com\/wp-content\/uploads\/2026\/02\/materials-can-be-processed-180x135.webp 180w, https:\/\/shuliybaler.com\/wp-content\/uploads\/2026\/02\/materials-can-be-processed-16x12.webp 16w\" sizes=\"auto, (max-width: 720px) 100vw, 720px\" \/><figcaption class=\"wp-element-caption\">Materia\u0142y mog\u0105 by\u0107 przetwarzane<\/figcaption><\/figure>    <figure class=\"wp-block-image size-large\"><img loading=\"lazy\" decoding=\"async\" width=\"720\" height=\"540\" data-id=\"3519\" src=\"https:\/\/shuliybaler.com\/wp-content\/uploads\/2026\/02\/finished-product-of-copper-cable-granulator.webp\" alt=\"finished product of copper cable granulator\" class=\"wp-image-3519\" title=\"\" srcset=\"https:\/\/shuliybaler.com\/wp-content\/uploads\/2026\/02\/finished-product-of-copper-cable-granulator.webp 720w, https:\/\/shuliybaler.com\/wp-content\/uploads\/2026\/02\/finished-product-of-copper-cable-granulator-360x270.webp 360w, https:\/\/shuliybaler.com\/wp-content\/uploads\/2026\/02\/finished-product-of-copper-cable-granulator-180x135.webp 180w, https:\/\/shuliybaler.com\/wp-content\/uploads\/2026\/02\/finished-product-of-copper-cable-granulator-16x12.webp 16w\" sizes=\"auto, (max-width: 720px) 100vw, 720px\" \/><figcaption class=\"wp-element-caption\">Gotowy produkt granulatora kabli miedzianych<\/figcaption><\/figure> <\/figure>    <h2 class=\"wp-block-heading\"><strong>Parametry techniczne granulatora kabli miedzianych<\/strong><\/h2>    <figure class=\"wp-block-table\"><table><tbody><tr><td>Model<\/td><td>Wymiary<\/td><td>Crushers (katalog) \/ Rozdrabniacz<\/td><td>Transport powietrzny<\/td><td>Sortowanie powietrzem<\/td><td>Zbieranie py\u0142u<\/td><td>Wydajno\u015b\u0107<\/td><td>Waga<\/td><\/tr><tr><td>SL-400<\/td><td>2000\u00d71850\u00d72600 mm<\/td><td>15 kW<\/td><td>N\/D<\/td><td>0,75   22 kW<\/td><td>0,75 kW<\/td><td>100\u2013150 kg\/h<\/td><td>1800 kg<\/td><\/tr><tr><td>SL-600<\/td><td>4200\u00d71900\u00d73800 mm<\/td><td>37 kW<\/td><td>3<\/td><td>3,75 kW<\/td><td>2,2 kW<\/td><td>300\u2013400 kg\/h<\/td><td>3500 kg<\/td><\/tr><tr><td>SL-1000<\/td><td>5180\u00d72100\u00d74200 mm<\/td><td>45 kW<\/td><td>4<\/td><td>3,75 kW<\/td><td>3 kW<\/td><td>800\u20131000 kg\/h<\/td><td>4600 kg<\/td><\/tr><\/tbody><\/table><figcaption class=\"wp-element-caption\">specyfikacja granulatora kabli miedzianych<\/figcaption><\/figure>    <p>Wyb\u00f3r modelu na podstawie rzeczywistej wielko\u015bci produkcji to dobry pomys\u0142, ale je\u015bli chcesz znale\u017a\u0107 najbardziej odpowiedni, wymaga to profesjonalnej porady. Je\u015bli masz jakiekolwiek pytania dotycz\u0105ce maszyny, skontaktuj si\u0119 z nami, aby uzyska\u0107 osobist\u0105 porad\u0119.<\/p>    <p>Je\u015bli potrzebujesz urz\u0105dzenia o wy\u017cszej wydajno\u015bci lub wi\u0119kszej automatyzacji, oferujemy r\u00f3wnie\u017c projekt i produkcj\u0119 linii maszyn.<\/p>   <div class=\"wp-block-image\"> <figure class=\"aligncenter size-full\"><img loading=\"lazy\" decoding=\"async\" width=\"720\" height=\"540\" src=\"https:\/\/shuliybaler.com\/wp-content\/uploads\/2026\/02\/best-copper-wire-granulator.webp\" alt=\"najlepszy granulator drut\u00f3w miedzianych\" class=\"wp-image-3530\" title=\"\" srcset=\"https:\/\/shuliybaler.com\/wp-content\/uploads\/2026\/02\/best-copper-wire-granulator.webp 720w, https:\/\/shuliybaler.com\/wp-content\/uploads\/2026\/02\/best-copper-wire-granulator-360x270.webp 360w, https:\/\/shuliybaler.com\/wp-content\/uploads\/2026\/02\/best-copper-wire-granulator-180x135.webp 180w, https:\/\/shuliybaler.com\/wp-content\/uploads\/2026\/02\/best-copper-wire-granulator-16x12.webp 16w\" sizes=\"auto, (max-width: 720px) 100vw, 720px\" \/><figcaption class=\"wp-element-caption\">najlepszy granulator drut\u00f3w miedzianych<\/figcaption><\/figure> <\/div>   <h2 class=\"wp-block-heading\"><strong>Konfiguracja linii do granulacji drut\u00f3w miedzianych<\/strong><\/h2>    <p>W zale\u017cno\u015bci od r\u00f3\u017cnych wymaga\u0144 pojemno\u015bciowych i warunk\u00f3w lokalnych, granulatory drut\u00f3w miedzianych mog\u0105 by\u0107 konfigurowane jako ma\u0142e zintegrowane rozwi\u0105zania lub du\u017ce przemys\u0142owe linie recyklingowe.<\/p>    <h3 class=\"wp-block-heading\"><strong>Zintegrowany granulator drut\u00f3w miedzianych 400 kg\/h<\/strong><\/h3>    <p class=\"translation-block\"><strong>Proces produkcji:<\/strong><\/p>    <p>Kruszenie   separator grawitacyjny   odkurzacz py\u0142u ujemnego (zintegrowany design)<\/p>    <p class=\"translation-block\"><strong>Funkcje:<\/strong><\/p>    <ol class=\"wp-block-list\"> <li>Zintegrowane kruszenie i separacja<\/li>    <li>Bardzo ma\u0142a powierzchnia<\/li>    <li>\u0141atwa instalacja, szybki start<\/li>    <li>Odpowiedni do warsztat\u00f3w, ma\u0142ych centr\u00f3w recyklingu i startup\u00f3w<\/li> <\/ol>    <figure class=\"wp-block-gallery has-nested-images columns-default is-cropped wp-block-gallery-3 is-layout-flex wp-block-gallery-is-layout-flex\"> <figure class=\"wp-block-image size-large\"><img loading=\"lazy\" decoding=\"async\" width=\"720\" height=\"540\" data-id=\"3522\" src=\"https:\/\/shuliybaler.com\/wp-content\/uploads\/2026\/02\/400-type1-copper-wire-separator-machine.webp\" alt=\"Maszyna do separacji drutu miedzianego typu 4001\" class=\"wp-image-3522\" title=\"\" srcset=\"https:\/\/shuliybaler.com\/wp-content\/uploads\/2026\/02\/400-type1-copper-wire-separator-machine.webp 720w, https:\/\/shuliybaler.com\/wp-content\/uploads\/2026\/02\/400-type1-copper-wire-separator-machine-360x270.webp 360w, https:\/\/shuliybaler.com\/wp-content\/uploads\/2026\/02\/400-type1-copper-wire-separator-machine-180x135.webp 180w, https:\/\/shuliybaler.com\/wp-content\/uploads\/2026\/02\/400-type1-copper-wire-separator-machine-16x12.webp 16w\" sizes=\"auto, (max-width: 720px) 100vw, 720px\" \/><figcaption class=\"wp-element-caption\">Ma\u0142y separator drut\u00f3w miedzianych typu 2 400<\/figcaption><\/figure>    <figure class=\"wp-block-image size-large\"><img loading=\"lazy\" decoding=\"async\" width=\"720\" height=\"540\" data-id=\"3523\" src=\"https:\/\/shuliybaler.com\/wp-content\/uploads\/2026\/02\/copper-wire-chopper-granulator.webp\" alt=\"Rozdrabniacz do ci\u0119cia drutu miedzianego\" class=\"wp-image-3523\" title=\"\" srcset=\"https:\/\/shuliybaler.com\/wp-content\/uploads\/2026\/02\/copper-wire-chopper-granulator.webp 720w, https:\/\/shuliybaler.com\/wp-content\/uploads\/2026\/02\/copper-wire-chopper-granulator-360x270.webp 360w, https:\/\/shuliybaler.com\/wp-content\/uploads\/2026\/02\/copper-wire-chopper-granulator-180x135.webp 180w, https:\/\/shuliybaler.com\/wp-content\/uploads\/2026\/02\/copper-wire-chopper-granulator-16x12.webp 16w\" sizes=\"auto, (max-width: 720px) 100vw, 720px\" \/><figcaption class=\"wp-element-caption\">Rozdrabniacz do drut\u00f3w miedzianych<\/figcaption><\/figure> <\/figure>    <p>Posiadamy r\u00f3wnie\u017c inn\u0105 lini\u0119 produkcyjn\u0105 o pojemno\u015bci 400 kg\/h, kt\u00f3ra nie jest zintegrowana i jest odpowiednia dla recykler\u00f3w o wy\u017cszych wymaganiach precyzji.<\/p>   <div class=\"wp-block-image\"> <figure class=\"aligncenter size-full\"><img loading=\"lazy\" decoding=\"async\" width=\"720\" height=\"540\" src=\"https:\/\/shuliybaler.com\/wp-content\/uploads\/2026\/02\/400-type-2-small-copper-wire-granulating-line.webp\" alt=\"Ma\u0142a linia do granulacji drut\u00f3w miedzianych typu 2 400\" class=\"wp-image-3521\" title=\"\" srcset=\"https:\/\/shuliybaler.com\/wp-content\/uploads\/2026\/02\/400-type-2-small-copper-wire-granulating-line.webp 720w, https:\/\/shuliybaler.com\/wp-content\/uploads\/2026\/02\/400-type-2-small-copper-wire-granulating-line-360x270.webp 360w, https:\/\/shuliybaler.com\/wp-content\/uploads\/2026\/02\/400-type-2-small-copper-wire-granulating-line-180x135.webp 180w, https:\/\/shuliybaler.com\/wp-content\/uploads\/2026\/02\/400-type-2-small-copper-wire-granulating-line-16x12.webp 16w\" sizes=\"auto, (max-width: 720px) 100vw, 720px\" \/><figcaption class=\"wp-element-caption\">Ma\u0142a linia do granulacji drut\u00f3w miedzianych typu 2 400<\/figcaption><\/figure> <\/div>   <h3 class=\"wp-block-heading\"><strong>Linia do granulacji drut\u00f3w miedzianych 600 kg\/h<\/strong><\/h3>    <p class=\"translation-block\"><strong>Proces produkcji:<\/strong><\/p>    <p>T\u0142uczenie \u2192 Podawanie do ruroci\u0105gu \u2192 Separator grawitacyjny \u2192 Cyklonowy odci\u0105g py\u0142u \u2192 Odci\u0105g py\u0142u z impulsowym jetem<\/p>    <p class=\"translation-block\"><strong>Zalety:<\/strong><\/p>    <ol class=\"wp-block-list\"> <li>W por\u00f3wnaniu do pojedynczych urz\u0105dze\u0144 zintegrowanych, oferuje lepsz\u0105 wydajno\u015b\u0107 separacji.<\/li>    <li>Modu\u0142owa struktura, \u0142atwa do rozbudowy.<\/li>    <li>Transport ruroci\u0105gowy dla lepszego zbierania py\u0142u.<\/li> <\/ol>    <figure class=\"wp-block-gallery has-nested-images columns-default is-cropped wp-block-gallery-4 is-layout-flex wp-block-gallery-is-layout-flex\"> <figure class=\"wp-block-image size-large\"><img loading=\"lazy\" decoding=\"async\" width=\"720\" height=\"540\" data-id=\"3526\" src=\"https:\/\/shuliybaler.com\/wp-content\/uploads\/2026\/02\/600-type-granulator-for-copper-wire-recycling.webp\" alt=\"Granulator kabli miedzianych jest zaprojektowany do recyklingu drut\u00f3w miedzianych i aluminiowych na czyste granulki miedzi i plastiku z wska\u017anikiem odzysku 99,5%.\" class=\"wp-image-3526\" title=\"\" srcset=\"https:\/\/shuliybaler.com\/wp-content\/uploads\/2026\/02\/600-type-granulator-for-copper-wire-recycling.webp 720w, https:\/\/shuliybaler.com\/wp-content\/uploads\/2026\/02\/600-type-granulator-for-copper-wire-recycling-360x270.webp 360w, https:\/\/shuliybaler.com\/wp-content\/uploads\/2026\/02\/600-type-granulator-for-copper-wire-recycling-180x135.webp 180w, https:\/\/shuliybaler.com\/wp-content\/uploads\/2026\/02\/600-type-granulator-for-copper-wire-recycling-16x12.webp 16w\" sizes=\"auto, (max-width: 720px) 100vw, 720px\" \/><figcaption class=\"wp-element-caption\">Granulator typu 600 do recyklingu drut\u00f3w miedzianych<\/figcaption><\/figure>    <figure class=\"wp-block-image size-large\"><img loading=\"lazy\" decoding=\"async\" width=\"720\" height=\"540\" data-id=\"3524\" src=\"https:\/\/shuliybaler.com\/wp-content\/uploads\/2026\/02\/copper-recycling-production-line.webp\" alt=\"mied\u017a\" class=\"wp-image-3524\" title=\"\" srcset=\"https:\/\/shuliybaler.com\/wp-content\/uploads\/2026\/02\/copper-recycling-production-line.webp 720w, https:\/\/shuliybaler.com\/wp-content\/uploads\/2026\/02\/copper-recycling-production-line-360x270.webp 360w, https:\/\/shuliybaler.com\/wp-content\/uploads\/2026\/02\/copper-recycling-production-line-180x135.webp 180w, https:\/\/shuliybaler.com\/wp-content\/uploads\/2026\/02\/copper-recycling-production-line-16x12.webp 16w\" sizes=\"auto, (max-width: 720px) 100vw, 720px\" \/><figcaption class=\"wp-element-caption\">Linia recyklingu miedzi<\/figcaption><\/figure> <\/figure>    <h3 class=\"wp-block-heading\"><strong>Linia produkcyjna do granulacji kabli miedzianych 1000 kg\/h<\/strong><\/h3>    <p>Ta konfiguracja jest odpowiednia dla du\u017cych zak\u0142ad\u00f3w recyklingu i przemys\u0142owych projekt\u00f3w recyklingu kabli miedzianych.<\/p>    <p class=\"translation-block\"><strong>Proces produkcji:<\/strong><\/p>    <p>Podawanie ta\u015bm\u0105 przeno\u015bnikow\u0105 \u2192 Kruszarka \u2192 Transport ta\u015bmowy \u2192 Granulator kabli miedzianych \u2192 Separacja elektrostatyczna \u2192 Odkurzacz py\u0142u impulsowego<\/p>    <figure class=\"wp-block-embed aligncenter is-type-video is-provider-youtube wp-block-embed-youtube wp-embed-aspect-16-9 wp-has-aspect-ratio\"><div class=\"wp-block-embed__wrapper\"> <iframe loading=\"lazy\" title=\"Pe\u0142ny proces recyklingu od z\u0142omu do czystej miedzi Kontakt:\" width=\"500\" height=\"281\" src=\"https:\/\/www.youtube.com\/embed\/XWF21qKhQAI?feature=oembed\" frameborder=\"0\" allow=\"accelerometer; autoplay; clipboard-write; encrypted-media; gyroscope; picture-in-picture; web-share\" referrerpolicy=\"strict-origin-when-cross-origin\" allowfullscreen><\/iframe> <\/div><figcaption class=\"wp-element-caption\">praca linii do granulacji kabli miedzianych <\/figcaption><\/figure>    <p class=\"translation-block\"><strong>Przep\u0142yw procesu:<\/strong><\/p>    <ol class=\"wp-block-list\"> <li>Du\u017ce kawa\u0142ki zu\u017cytych kabli miedzianych s\u0105 najpierw kruszone na mniejsze.<\/li>    <li>Te elementy s\u0105 transportowane na granulator miedzi poprzez ta\u015bm\u0119 przeno\u015bnikow\u0105, gdzie zamieniaj\u0105 si\u0119 w granulki miedzi i plastiku.<\/li>    <li>Rozdrobniony materia\u0142 jest nast\u0119pnie transportowany rurami do systemu separacji grawitacyjnej.<\/li>    <li>Granulki miedzi i granulki plastiku s\u0105 oddzielane na podstawie r\u00f3\u017cnic g\u0119sto\u015bci.<\/li>    <li>Zbiornik na py\u0142 z odkurzacza do py\u0142u wychwytuje drobny py\u0142, zapewniaj\u0105c czyst\u0105 prac\u0119.<\/li>    <li>Jednostka separacji elektrostatycznej dodatkowo odzyskuje resztkowy py\u0142 miedzi z plastiku, maksymalizuj\u0105c czysto\u015b\u0107 miedzi.<\/li> <\/ol>    <figure class=\"wp-block-gallery has-nested-images columns-default is-cropped wp-block-gallery-5 is-layout-flex wp-block-gallery-is-layout-flex\"> <figure class=\"wp-block-image size-large\"><img loading=\"lazy\" decoding=\"async\" width=\"720\" height=\"540\" data-id=\"3528\" src=\"https:\/\/shuliybaler.com\/wp-content\/uploads\/2026\/02\/1000-type-copper-wire-granulator-separator.webp\" alt=\"Linia produkcyjna do oddzielania drut\u00f3w miedzianych\" class=\"wp-image-3528\" title=\"\" srcset=\"https:\/\/shuliybaler.com\/wp-content\/uploads\/2026\/02\/1000-type-copper-wire-granulator-separator.webp 720w, https:\/\/shuliybaler.com\/wp-content\/uploads\/2026\/02\/1000-type-copper-wire-granulator-separator-360x270.webp 360w, https:\/\/shuliybaler.com\/wp-content\/uploads\/2026\/02\/1000-type-copper-wire-granulator-separator-180x135.webp 180w, https:\/\/shuliybaler.com\/wp-content\/uploads\/2026\/02\/1000-type-copper-wire-granulator-separator-16x12.webp 16w\" sizes=\"auto, (max-width: 720px) 100vw, 720px\" \/><figcaption class=\"wp-element-caption\">Separator typu 1000 do drut\u00f3w miedzianych<\/figcaption><\/figure>    <figure class=\"wp-block-image size-large\"><img loading=\"lazy\" decoding=\"async\" width=\"720\" height=\"540\" data-id=\"3527\" src=\"https:\/\/shuliybaler.com\/wp-content\/uploads\/2026\/02\/copper-wire-separating-production-line.webp\" alt=\"Wsp\u00f3\u0142praca Shuliy z klientami na ca\u0142ym \u015bwiecie\" class=\"wp-image-3527\" title=\"\" srcset=\"https:\/\/shuliybaler.com\/wp-content\/uploads\/2026\/02\/copper-wire-separating-production-line.webp 720w, https:\/\/shuliybaler.com\/wp-content\/uploads\/2026\/02\/copper-wire-separating-production-line-360x270.webp 360w, https:\/\/shuliybaler.com\/wp-content\/uploads\/2026\/02\/copper-wire-separating-production-line-180x135.webp 180w, https:\/\/shuliybaler.com\/wp-content\/uploads\/2026\/02\/copper-wire-separating-production-line-16x12.webp 16w\" sizes=\"auto, (max-width: 720px) 100vw, 720px\" \/><figcaption class=\"wp-element-caption\">Linia do oddzielania drut\u00f3w miedzianych<\/figcaption><\/figure> <\/figure>    <p class=\"translation-block\"><strong>Zalety:<\/strong><\/p>    <ul class=\"wp-block-list\"> <li>Wysoka wydajno\u015b\u0107 i stabilna praca<\/li>    <li>Czysto\u015b\u0107 odzysku miedzi bliska 100%<\/li>    <li>Minimalna strata miedzi z plastiku<\/li>    <li>Odpowiednia do ci\u0105g\u0142ej, d\u0142ugotrwa\u0142ej pracy<\/li> <\/ul>    <h2 class=\"wp-block-heading\"><strong>Jak wybra\u0107 odpowiedni\u0105 lini\u0119 do granulacji kabli miedzianych?<\/strong><\/h2>    <ul class=\"wp-block-list\"> <li>Dla ograniczonej przestrzeni i niskich inwestycji wybierz zintegrowany granulator kabli miedzianych.<\/li>    <li>Dla mniejszych ilo\u015bci produkcji, ale wy\u017cszej precyzji separacji, wybierz ma\u0142\u0105 lini\u0119 produkcyjn\u0105.<\/li>    <li>Dla du\u017cych ilo\u015bci recyklingu i wy\u017cszej czysto\u015bci produktu, u\u017cyj linii produkcyjnej o du\u017cej pojemno\u015bci z separacj\u0105 elektrostatyczn\u0105.<\/li> <\/ul>    <p>Shuliy mo\u017ce zapewni\u0107 spersonalizowane rozwi\u0105zania do granulacji miedzi na podstawie Twojego surowca i wymaga\u0144 produkcyjnych, w tym uk\u0142adu linii produkcyjnej, planowania pojemno\u015bci i konfiguracji urz\u0105dze\u0144. Skontaktuj si\u0119 z nami, aby uzyska\u0107 najnowszy cennik.<\/p>   <div class=\"wp-block-image\"> <figure class=\"aligncenter size-full\"><img loading=\"lazy\" decoding=\"async\" width=\"720\" height=\"374\" src=\"https:\/\/shuliybaler.com\/wp-content\/uploads\/2026\/02\/shuliy-cooperation-with-customer-around-the-world.webp\" alt=\"shuliy cooperation with customer around the world\" class=\"wp-image-3532\" title=\"\" srcset=\"https:\/\/shuliybaler.com\/wp-content\/uploads\/2026\/02\/shuliy-cooperation-with-customer-around-the-world.webp 720w, https:\/\/shuliybaler.com\/wp-content\/uploads\/2026\/02\/shuliy-cooperation-with-customer-around-the-world-360x187.webp 360w, https:\/\/shuliybaler.com\/wp-content\/uploads\/2026\/02\/shuliy-cooperation-with-customer-around-the-world-18x9.webp 18w\" sizes=\"auto, (max-width: 720px) 100vw, 720px\" \/><figcaption class=\"wp-element-caption\">wsp\u00f3\u0142praca Shuliy z klientami na ca\u0142ym \u015bwiecie<\/figcaption><\/figure> <\/div>   <p>Powi\u0105zane maszyny: <\/p>    <ul class=\"wp-block-list\"> <li><a href=\"https:\/\/shuliybaler.com\/pl\/product\/metal-briquetting-machine\/\">Wyt\u0142aczarka na z\u0142om metali w formie kostek<\/a><\/li>    <li><a href=\"https:\/\/shuliybaler.com\/pl\/product\/metal-crusher-machine-metal-recycling\/\">Maszyna do kruszenia metali<\/a><\/li>    <li><a href=\"https:\/\/shuliybaler.com\/pl\/product\/scrap-copper-wire-shredder\/\">Rozdrabniacz do z\u0142omu miedzianego<\/a><\/li> <\/ul>","protected":false},"excerpt":{"rendered":"<p>This copper wire granulator is designed to recycle waste copper wire and produce high-purity copper granules (99.5%), achieving maximum recycling of copper wire. Its hourly output can reach 100-1000 kg.<\/p>","protected":false},"author":1,"featured_media":3531,"parent":0,"template":"","tags":[90,15],"product-type":[87],"class_list":["post-3515","product","type-product","status-publish","has-post-thumbnail","hentry","tag-copper","tag-metal","product-type-metal-recycling-machine"],"_links":{"self":[{"href":"https:\/\/shuliybaler.com\/pl\/wp-json\/wp\/v2\/product\/3515","targetHints":{"allow":["GET"]}}],"collection":[{"href":"https:\/\/shuliybaler.com\/pl\/wp-json\/wp\/v2\/product"}],"about":[{"href":"https:\/\/shuliybaler.com\/pl\/wp-json\/wp\/v2\/types\/product"}],"author":[{"embeddable":true,"href":"https:\/\/shuliybaler.com\/pl\/wp-json\/wp\/v2\/users\/1"}],"wp:featuredmedia":[{"embeddable":true,"href":"https:\/\/shuliybaler.com\/pl\/wp-json\/wp\/v2\/media\/3531"}],"wp:attachment":[{"href":"https:\/\/shuliybaler.com\/pl\/wp-json\/wp\/v2\/media?parent=3515"}],"wp:term":[{"taxonomy":"post_tag","embeddable":true,"href":"https:\/\/shuliybaler.com\/pl\/wp-json\/wp\/v2\/tags?post=3515"},{"taxonomy":"product-type","embeddable":true,"href":"https:\/\/shuliybaler.com\/pl\/wp-json\/wp\/v2\/product-type?post=3515"}],"curies":[{"name":"wp","href":"https:\/\/api.w.org\/{rel}","templated":true}]}}