{"id":3585,"date":"2026-03-09T14:25:53","date_gmt":"2026-03-09T06:25:53","guid":{"rendered":"https:\/\/shuliybaler.com\/?post_type=product&#038;p=3585"},"modified":"2026-03-09T14:59:19","modified_gmt":"2026-03-09T06:59:19","slug":"eddy-current-separator","status":"publish","type":"product","link":"https:\/\/shuliybaler.com\/pl\/product\/eddy-current-separator\/","title":{"rendered":"Separator pr\u0105d\u00f3w wirowych do recyklingu metali nie\u017celaznych"},"content":{"rendered":"<p class=\"translation-block\">Shuliy <strong>separator pr\u0105d\u00f3w wirowych<\/strong> zosta\u0142 zaprojektowany do oddzielania metali nie\u017celaznych, takich jak aluminium, mied\u017a i stal nierdzewna, od materia\u0142\u00f3w niemetalicznych. To urz\u0105dzenie wykorzystuje zasad\u0119 indukcji elektromagnetycznej do skutecznego oddzielania materia\u0142\u00f3w z mieszanych odpad\u00f3w.<\/p>    <p>Jego wydajno\u015b\u0107 wynosi 4-15 ton na godzin\u0119 i mo\u017ce by\u0107 skutecznie zintegrowany z liniami recyklingu i demonta\u017cu samochod\u00f3w, a tak\u017ce z liniami przetwarzania odpad\u00f3w elektronicznych, znacznie poprawiaj\u0105c wydajno\u015b\u0107 recyklingu.<\/p>    <h2 class=\"wp-block-heading\"><strong>Zalety i \u015brodki ostro\u017cno\u015bci separatora metali nie\u017celaznych<\/strong><\/h2>    <p>Ten separator pr\u0105d\u00f3w wirowych do metali nie\u017celaznych mo\u017ce skutecznie oddziela\u0107 r\u00f3\u017cne metale nie\u017celazne w operacjach recyklingu. Jego silna si\u0142a odpychaj\u0105ca pozwala na oddzielenie materia\u0142\u00f3w o r\u00f3\u017cnych rozmiarach cz\u0105stek, w zale\u017cno\u015bci od kierunku rolki magnetycznej, z nast\u0119puj\u0105cymi podstawowymi cechami.<\/p>    <ul class=\"wp-block-list\"> <li>Wysoka wydajno\u015b\u0107 separacji<\/li>    <li>Niezawodna struktura mechaniczna<\/li>    <li>\u0141atwa obs\u0142uga i instalacja<\/li> <\/ul>    <p>Ma du\u017c\u0105 adaptacyjno\u015b\u0107 do r\u00f3\u017cnych materia\u0142\u00f3w recyklingowych, ale podczas korzystania z tego urz\u0105dzenia, prosimy o zwr\u00f3cenie uwagi na nast\u0119puj\u0105ce:<\/p>    <ul class=\"wp-block-list\"> <li>Nie nadaje si\u0119 do oddzielania metali \u017celaznych, takich jak \u017celazo.<\/li>    <li>Nie nadaje si\u0119 do bardzo drobnych cz\u0105stek metali nie\u017celaznych.<\/li>    <li>Dla optymalnej wydajno\u015bci rozmiar i kszta\u0142t materia\u0142u powinny by\u0107 stosunkowo jednorodne.<\/li> <\/ul>    <figure class=\"wp-block-gallery has-nested-images columns-default is-cropped wp-block-gallery-2 is-layout-flex wp-block-gallery-is-layout-flex\"> <figure class=\"wp-block-image size-large\"><img loading=\"lazy\" decoding=\"async\" width=\"720\" height=\"540\" data-id=\"3590\" src=\"https:\/\/shuliybaler.com\/wp-content\/uploads\/2026\/03\/eddy-current-non-ferrous-metal-separator.webp\" alt=\"separator pr\u0105d\u00f3w wirowych do metali nie\u017celaznych\" class=\"wp-image-3590\" title=\"\" srcset=\"https:\/\/shuliybaler.com\/wp-content\/uploads\/2026\/03\/eddy-current-non-ferrous-metal-separator.webp 720w, https:\/\/shuliybaler.com\/wp-content\/uploads\/2026\/03\/eddy-current-non-ferrous-metal-separator-360x270.webp 360w, https:\/\/shuliybaler.com\/wp-content\/uploads\/2026\/03\/eddy-current-non-ferrous-metal-separator-180x135.webp 180w, https:\/\/shuliybaler.com\/wp-content\/uploads\/2026\/03\/eddy-current-non-ferrous-metal-separator-16x12.webp 16w\" sizes=\"auto, (max-width: 720px) 100vw, 720px\" \/><figcaption class=\"wp-element-caption\">Separator pr\u0105d\u00f3w wirowych do metali nie\u017celaznych<\/figcaption><\/figure>    <figure class=\"wp-block-image size-large\"><img loading=\"lazy\" decoding=\"async\" width=\"720\" height=\"540\" data-id=\"3591\" src=\"https:\/\/shuliybaler.com\/wp-content\/uploads\/2026\/03\/eddy-current-separator-recycling.webp\" alt=\"recykling separatora pr\u0105d\u00f3w wirowych\" class=\"wp-image-3591\" title=\"\" srcset=\"https:\/\/shuliybaler.com\/wp-content\/uploads\/2026\/03\/eddy-current-separator-recycling.webp 720w, https:\/\/shuliybaler.com\/wp-content\/uploads\/2026\/03\/eddy-current-separator-recycling-360x270.webp 360w, https:\/\/shuliybaler.com\/wp-content\/uploads\/2026\/03\/eddy-current-separator-recycling-180x135.webp 180w, https:\/\/shuliybaler.com\/wp-content\/uploads\/2026\/03\/eddy-current-separator-recycling-16x12.webp 16w\" sizes=\"auto, (max-width: 720px) 100vw, 720px\" \/><figcaption class=\"wp-element-caption\">Recykling separatora pr\u0105d\u00f3w wirowych<\/figcaption><\/figure> <\/figure>    <h2 class=\"wp-block-heading\"><strong>Zasada dzia\u0142ania separatora pr\u0105d\u00f3w wirowych o odchyleniu<\/strong><\/h2>    <p>Separatory pr\u0105d\u00f3w wirowych dzia\u0142aj\u0105 na zasadzie indukcji elektromagnetycznej. Wewn\u0105trz maszyny, wirnik magnetyczny obracaj\u0105cy si\u0119 z du\u017c\u0105 pr\u0119dko\u015bci\u0105 generuje szybko zmieniaj\u0105ce si\u0119 pole magnetyczne. Gdy przewodz\u0105ce metale, takie jak aluminium czy mied\u017a, przechodz\u0105 przez to pole magnetyczne, w metalach powstaj\u0105 pr\u0105dy wirowe.<\/p>    <p>Te pr\u0105dy wirowe generuj\u0105 odwr\u00f3cone pole magnetyczne, tworz\u0105c siln\u0105 si\u0142\u0119 odpychaj\u0105c\u0105. Dlatego metale nie\u017celazne s\u0105 wyrzucane do przodu i oddzielane od innych materia\u0142\u00f3w.<\/p>    <p>Jednocze\u015bnie, materia\u0142y nieprzewodz\u0105ce, takie jak tworzywa sztuczne, gumy i szk\u0142o, opadaj\u0105 pod wp\u0142ywem grawitacji, co umo\u017cliwia skuteczne oddzielenie metali.<\/p>    <h2 class=\"wp-block-heading\"><strong>Projekt strukturalny separatora pr\u0105d\u00f3w wirowych<\/strong><\/h2>    <p>Maszyna do separacji aluminium charakteryzuje si\u0119 modu\u0142ow\u0105 konstrukcj\u0105, co umo\u017cliwia \u0142atw\u0105 integracj\u0119 z nowymi zak\u0142adami recyklingu i istniej\u0105cymi liniami przetwarzania metali. G\u0142\u00f3wne elementy strukturalne obejmuj\u0105:<\/p>    <ol class=\"wp-block-list\"> <li><strong>Podajnik wibracyjny<\/strong>: Odpowiada za r\u00f3wnomierne podawanie materia\u0142u do systemu sortowania, utrzymuj\u0105c stabilne i ci\u0105g\u0142e dostarczanie materia\u0142u, co poprawia dok\u0142adno\u015b\u0107 sortowania metali.<\/li>    <li><strong>System ta\u015bmoci\u0105g\u00f3w<\/strong>: Transportuje zmieszane materia\u0142y odpadowe do wirnika magnetycznego z stabiln\u0105 i kontrolowan\u0105 pr\u0119dko\u015bci\u0105.<\/li>    <li><strong>Magnetyczny wirnik wysokiej pr\u0119dko\u015bci<\/strong>: Wirnik magnetyczny jest kluczowym elementem separatora pr\u0105d\u00f3w wirowych. Zawiera seri\u0119 wysokiej pr\u0119dko\u015bci obracaj\u0105cych si\u0119, silnych magnes\u00f3w trwa\u0142ych u\u0142o\u017conych w specjalny wz\u00f3r.<\/li>    <li><strong>Przes\u0142ony separacyjne<\/strong>: Oddziela materia\u0142 na r\u00f3\u017cne obszary zbi\u00f3rki.<\/li>    <li>Struktura ramy: Wykonana ze stali wysokiej wytrzyma\u0142o\u015bci, zapewniaj\u0105ca dobr\u0105 trwa\u0142o\u015b\u0107 i odporno\u015b\u0107 na wibracje.<\/li>    <li><strong>Inteligentny panel sterowania<\/strong>: Centralny system sterowania maszyny.<\/li>    <li><strong>Ochrona systemu magnetycznego<\/strong>: Zapobiega poluzowaniu lub wypadaniu element\u00f3w magnetycznych podczas wysokiej pr\u0119dko\u015bci obrotu.<\/li> <\/ol>    <figure class=\"wp-block-gallery has-nested-images columns-default is-cropped wp-block-gallery-3 is-layout-flex wp-block-gallery-is-layout-flex\"> <figure class=\"wp-block-image size-large\"><img loading=\"lazy\" decoding=\"async\" width=\"720\" height=\"540\" data-id=\"3593\" src=\"https:\/\/shuliybaler.com\/wp-content\/uploads\/2026\/03\/eccentric-eddy-current-separator.webp\" alt=\"odchylenie pr\u0105d\u00f3w wirowych\" class=\"wp-image-3593\" title=\"\" srcset=\"https:\/\/shuliybaler.com\/wp-content\/uploads\/2026\/03\/eccentric-eddy-current-separator.webp 720w, https:\/\/shuliybaler.com\/wp-content\/uploads\/2026\/03\/eccentric-eddy-current-separator-360x270.webp 360w, https:\/\/shuliybaler.com\/wp-content\/uploads\/2026\/03\/eccentric-eddy-current-separator-180x135.webp 180w, https:\/\/shuliybaler.com\/wp-content\/uploads\/2026\/03\/eccentric-eddy-current-separator-16x12.webp 16w\" sizes=\"auto, (max-width: 720px) 100vw, 720px\" \/><figcaption class=\"wp-element-caption\">Odchylenie pr\u0105d\u00f3w wirowych<\/figcaption><\/figure>    <figure class=\"wp-block-image size-large\"><img loading=\"lazy\" decoding=\"async\" width=\"720\" height=\"540\" data-id=\"3592\" src=\"https:\/\/shuliybaler.com\/wp-content\/uploads\/2026\/03\/eddy-current-aluminum-separation.webp\" alt=\"Separacja aluminium metod\u0105 pr\u0105d\u00f3w wirowych\" class=\"wp-image-3592\" title=\"\" srcset=\"https:\/\/shuliybaler.com\/wp-content\/uploads\/2026\/03\/eddy-current-aluminum-separation.webp 720w, https:\/\/shuliybaler.com\/wp-content\/uploads\/2026\/03\/eddy-current-aluminum-separation-360x270.webp 360w, https:\/\/shuliybaler.com\/wp-content\/uploads\/2026\/03\/eddy-current-aluminum-separation-180x135.webp 180w, https:\/\/shuliybaler.com\/wp-content\/uploads\/2026\/03\/eddy-current-aluminum-separation-16x12.webp 16w\" sizes=\"auto, (max-width: 720px) 100vw, 720px\" \/><figcaption class=\"wp-element-caption\">Separacja aluminium metod\u0105 pr\u0105d\u00f3w wirowych<\/figcaption><\/figure> <\/figure>    <h2 class=\"wp-block-heading\"><strong>Parametry techniczne maszyny do separacji aluminium<\/strong><\/h2>    <figure class=\"wp-block-table\"><table><thead><tr><th>Model<\/th><th class=\"has-text-align-center\" data-align=\"center\">Pr\u0119dko\u015b\u0107 obrotowa <\/th><th class=\"has-text-align-center\" data-align=\"center\">Szeroko\u015b\u0107 ta\u015bmy <\/th><th class=\"has-text-align-center\" data-align=\"center\">Pojemno\u015b\u0107<\/th><th class=\"has-text-align-center\" data-align=\"center\">Moc<\/th><th class=\"has-text-align-center\" data-align=\"center\">Waga<\/th><th>Wymiary<\/th><\/tr><\/thead><tbody><tr><td>600<\/td><td class=\"has-text-align-center\" data-align=\"center\">0\u20133000r\/min<\/td><td class=\"has-text-align-center\" data-align=\"center\">650mm<\/td><td class=\"has-text-align-center\" data-align=\"center\">4\u20136t\/h<\/td><td class=\"has-text-align-center\" data-align=\"center\">4.0 0.75kw<\/td><td class=\"has-text-align-center\" data-align=\"center\">1400kg<\/td><td>2980\u00d71883\u00d71210mm<\/td><\/tr><tr><td>800<\/td><td class=\"has-text-align-center\" data-align=\"center\">0\u20133000r\/min<\/td><td class=\"has-text-align-center\" data-align=\"center\">850mm<\/td><td class=\"has-text-align-center\" data-align=\"center\">6\u201310t\/h<\/td><td class=\"has-text-align-center\" data-align=\"center\">5.5 1.1kw<\/td><td class=\"has-text-align-center\" data-align=\"center\">1800 kg<\/td><td>2980\u00d72033\u00d71210mm<\/td><\/tr><tr><td>1000<\/td><td class=\"has-text-align-center\" data-align=\"center\">0\u20133000r\/min<\/td><td class=\"has-text-align-center\" data-align=\"center\">1050mm<\/td><td class=\"has-text-align-center\" data-align=\"center\">10\u201312t\/h<\/td><td class=\"has-text-align-center\" data-align=\"center\">7.5 1.5kw<\/td><td class=\"has-text-align-center\" data-align=\"center\">2200kg<\/td><td>2980\u00d72233\u00d71210mm<\/td><\/tr><tr><td>1200<\/td><td class=\"has-text-align-center\" data-align=\"center\">0\u20133000r\/min<\/td><td class=\"has-text-align-center\" data-align=\"center\">1250mm<\/td><td class=\"has-text-align-center\" data-align=\"center\">12\u201315t\/h<\/td><td class=\"has-text-align-center\" data-align=\"center\">11 2,2kw<\/td><td class=\"has-text-align-center\" data-align=\"center\">2400kg<\/td><td>2980\u00d72433\u00d71210mm<\/td><\/tr><\/tbody><\/table><figcaption class=\"wp-element-caption\">parametry separatora pr\u0105d\u00f3w wirowych Shuliy<\/figcaption><\/figure>    <p>Mo\u017cna wybra\u0107 r\u00f3\u017cne modele w zale\u017cno\u015bci od rozmiaru materia\u0142u, pojemno\u015bci przetwarzania i wymaga\u0144 linii produkcyjnej. <\/p>    <p>Alternatywnie, mo\u017cesz poda\u0107 nam surowce, kt\u00f3re chcesz przetworzy\u0107, lub swoje wymagania dotycz\u0105ce pojemno\u015bci produkcyjnej, a nasi wykwalifikowani pracownicy sprzeda\u017cy polec\u0105 najbardziej odpowiedni\u0105 maszyn\u0119 na podstawie Twoich potrzeb.<\/p>   <div class=\"wp-block-image\"> <figure class=\"aligncenter size-full\"><img loading=\"lazy\" decoding=\"async\" width=\"720\" height=\"540\" src=\"https:\/\/shuliybaler.com\/wp-content\/uploads\/2026\/03\/eddy-current-metal-separator.webp\" alt=\"separator metali pr\u0105d\u00f3w wirowych\" class=\"wp-image-3594\" title=\"\" srcset=\"https:\/\/shuliybaler.com\/wp-content\/uploads\/2026\/03\/eddy-current-metal-separator.webp 720w, https:\/\/shuliybaler.com\/wp-content\/uploads\/2026\/03\/eddy-current-metal-separator-360x270.webp 360w, https:\/\/shuliybaler.com\/wp-content\/uploads\/2026\/03\/eddy-current-metal-separator-180x135.webp 180w, https:\/\/shuliybaler.com\/wp-content\/uploads\/2026\/03\/eddy-current-metal-separator-16x12.webp 16w\" sizes=\"auto, (max-width: 720px) 100vw, 720px\" \/><figcaption class=\"wp-element-caption\">separator metali pr\u0105d\u00f3w wirowych<\/figcaption><\/figure> <\/div>   <h2 class=\"wp-block-heading\"><strong>Zastosowania separatora pr\u0105d\u00f3w wirowych do metali nie\u017celaznych<\/strong><\/h2>    <p>Separatory pr\u0105d\u00f3w wirowych s\u0105 szeroko stosowane w wielu bran\u017cach, w tym w recyklingu metali i odzysku odpad\u00f3w.<\/p>    <ol class=\"wp-block-list\"> <li>Separatory do recyklingu metali s\u0105 powszechnie stosowane w zak\u0142adach przetwarzania odpad\u00f3w komunalnych do odzysku aluminium i innych cennych metali z odpad\u00f3w domowych i przemys\u0142owych.<\/li>    <li>W zak\u0142adach demonta\u017cu samochod\u00f3w, separatory pr\u0105d\u00f3w wirowych mog\u0105 odzyskiwa\u0107 mied\u017a, aluminium i stal nierdzewn\u0105 z rozdrobnionych materia\u0142\u00f3w pojazd\u00f3w.<\/li>    <li>Nadaje si\u0119 do odzysku metali nie\u017celaznych z odpad\u00f3w elektronicznych, silnik\u00f3w zu\u017cytych i urz\u0105dze\u0144 elektrycznych.<\/li>    <li>Ponadto, w przemy\u015ble odlewniczym, maszyny do separacji aluminium mog\u0105 odzyskiwa\u0107 aluminium i mied\u017a z piasku odlewniczego i popio\u0142u topienia.<\/li>    <li>Separator metali nie\u017celaznych jest szczeg\u00f3lnie przydatny do odzysku aluminium z wyrzuconych drzwi i okien z termiczn\u0105 przerw\u0105.<\/li> <\/ol>   <div class=\"wp-block-image\"> <figure class=\"aligncenter size-full\"><img loading=\"lazy\" decoding=\"async\" width=\"720\" height=\"540\" src=\"https:\/\/shuliybaler.com\/wp-content\/uploads\/2026\/03\/refrigerator-recycling-production-line.webp\" alt=\"linia produkcyjna recyklingu lod\u00f3wek\" class=\"wp-image-3595\" title=\"\" srcset=\"https:\/\/shuliybaler.com\/wp-content\/uploads\/2026\/03\/refrigerator-recycling-production-line.webp 720w, https:\/\/shuliybaler.com\/wp-content\/uploads\/2026\/03\/refrigerator-recycling-production-line-360x270.webp 360w, https:\/\/shuliybaler.com\/wp-content\/uploads\/2026\/03\/refrigerator-recycling-production-line-180x135.webp 180w, https:\/\/shuliybaler.com\/wp-content\/uploads\/2026\/03\/refrigerator-recycling-production-line-16x12.webp 16w\" sizes=\"auto, (max-width: 720px) 100vw, 720px\" \/><figcaption class=\"wp-element-caption\">linia produkcyjna recyklingu lod\u00f3wek<\/figcaption><\/figure> <\/div>   <p>Ponadto, w wi\u0119kszo\u015bci zak\u0142ad\u00f3w recyklingu, separatory aluminium s\u0105 integraln\u0105 cz\u0119\u015bci\u0105 kompletnej linii produkcyjnej recyklingu metali. Typowa konfiguracja obejmuje:<\/p>    <ul class=\"wp-block-list\"> <li><a href=\"https:\/\/shuliybaler.com\/pl\/product\/metal-crusher-machine-metal-recycling\/\">M\u0142yn mentalny<\/a> lub m\u0142ynka<\/li>    <li>Magnesy (do usuwania metali \u017celaznych)<\/li>    <li>Separator pr\u0105d\u00f3w wirowych<\/li> <\/ul>    <figure class=\"wp-block-gallery has-nested-images columns-default is-cropped wp-block-gallery-4 is-layout-flex wp-block-gallery-is-layout-flex\"> <figure class=\"wp-block-image size-large\"><img loading=\"lazy\" decoding=\"async\" width=\"720\" height=\"540\" data-id=\"3597\" src=\"https:\/\/shuliybaler.com\/wp-content\/uploads\/2026\/03\/aluminum-window-frame-recycling.webp\" alt=\"aluminum window frame recycling\" class=\"wp-image-3597\" title=\"\" srcset=\"https:\/\/shuliybaler.com\/wp-content\/uploads\/2026\/03\/aluminum-window-frame-recycling.webp 720w, https:\/\/shuliybaler.com\/wp-content\/uploads\/2026\/03\/aluminum-window-frame-recycling-360x270.webp 360w, https:\/\/shuliybaler.com\/wp-content\/uploads\/2026\/03\/aluminum-window-frame-recycling-180x135.webp 180w, https:\/\/shuliybaler.com\/wp-content\/uploads\/2026\/03\/aluminum-window-frame-recycling-16x12.webp 16w\" sizes=\"auto, (max-width: 720px) 100vw, 720px\" \/><figcaption class=\"wp-element-caption\">Recykling ram okiennych z aluminium<\/figcaption><\/figure>    <figure class=\"wp-block-image size-large\"><img loading=\"lazy\" decoding=\"async\" width=\"720\" height=\"540\" data-id=\"3596\" src=\"https:\/\/shuliybaler.com\/wp-content\/uploads\/2026\/03\/thermal-break-aluminum-recycling-line.webp\" alt=\"Maszyna do rozdrabniania metali\" class=\"wp-image-3596\" title=\"\" srcset=\"https:\/\/shuliybaler.com\/wp-content\/uploads\/2026\/03\/thermal-break-aluminum-recycling-line.webp 720w, https:\/\/shuliybaler.com\/wp-content\/uploads\/2026\/03\/thermal-break-aluminum-recycling-line-360x270.webp 360w, https:\/\/shuliybaler.com\/wp-content\/uploads\/2026\/03\/thermal-break-aluminum-recycling-line-180x135.webp 180w, https:\/\/shuliybaler.com\/wp-content\/uploads\/2026\/03\/thermal-break-aluminum-recycling-line-16x12.webp 16w\" sizes=\"auto, (max-width: 720px) 100vw, 720px\" \/><figcaption class=\"wp-element-caption\">Linia recyklingu aluminium z przerw\u0105 termiczn\u0105<\/figcaption><\/figure> <\/figure>    <p>Ten system skutecznie odzyskuje \u017celazo, aluminium, mied\u017a i inne cenne metale z odpad\u00f3w mieszanych.<\/p>    <p>The specific production line configuration will be determined based on the raw materials to be processed and the customer&#8217;s requirements for the final product. If you need metal recycling for scrap materials, contact us to design a custom solution!<\/p>","protected":false},"excerpt":{"rendered":"<p>This eddy current separator is designed to efficiently separate non-ferrous metals such as aluminum and copper from mixed recycling materials. It is widely used in waste treatment plants, scrap vehicle recycling, electronic waste processing, and metal recovery industries. With intelligent control, strong magnetic repulsion, and high sorting efficiency, it helps improve metal recovery rates and production efficiency.<\/p>","protected":false},"author":1,"featured_media":3589,"parent":0,"template":"","tags":[15],"product-type":[87],"class_list":["post-3585","product","type-product","status-publish","has-post-thumbnail","hentry","tag-metal","product-type-metal-recycling-machine"],"_links":{"self":[{"href":"https:\/\/shuliybaler.com\/pl\/wp-json\/wp\/v2\/product\/3585","targetHints":{"allow":["GET"]}}],"collection":[{"href":"https:\/\/shuliybaler.com\/pl\/wp-json\/wp\/v2\/product"}],"about":[{"href":"https:\/\/shuliybaler.com\/pl\/wp-json\/wp\/v2\/types\/product"}],"author":[{"embeddable":true,"href":"https:\/\/shuliybaler.com\/pl\/wp-json\/wp\/v2\/users\/1"}],"wp:featuredmedia":[{"embeddable":true,"href":"https:\/\/shuliybaler.com\/pl\/wp-json\/wp\/v2\/media\/3589"}],"wp:attachment":[{"href":"https:\/\/shuliybaler.com\/pl\/wp-json\/wp\/v2\/media?parent=3585"}],"wp:term":[{"taxonomy":"post_tag","embeddable":true,"href":"https:\/\/shuliybaler.com\/pl\/wp-json\/wp\/v2\/tags?post=3585"},{"taxonomy":"product-type","embeddable":true,"href":"https:\/\/shuliybaler.com\/pl\/wp-json\/wp\/v2\/product-type?post=3585"}],"curies":[{"name":"wp","href":"https:\/\/api.w.org\/{rel}","templated":true}]}}