{"id":3641,"date":"2026-04-13T13:29:55","date_gmt":"2026-04-13T05:29:55","guid":{"rendered":"https:\/\/shuliybaler.com\/?post_type=product&#038;p=3641"},"modified":"2026-04-13T14:24:58","modified_gmt":"2026-04-13T06:24:58","slug":"plastic-rubber-separator-machine","status":"publish","type":"product","link":"https:\/\/shuliybaler.com\/pl\/product\/plastic-rubber-separator-machine\/","title":{"rendered":"Maszyna do oddzielania z gumy z tworzywa sztucznego"},"content":{"rendered":"<p class=\"translation-block\"><strong>rozdzielacz plastiku i gumy<\/strong> zaprojektowany do separowania gumy, silikonu (\u017cel silikonowy) i plastiku z mieszanych odpad\u00f3w plastikowych \u2014 takich jak zu\u017cyte sprz\u0119ty gospodarstwa domowego, komponenty samochodowe, odpady medyczne i elektroniczny z\u0142om o wydajno\u015bci 600\u20131200 kg\/h.<\/p>    <p>Wykorzystuj\u0105c czysto fizyczn\u0105 technik\u0119 separacji opart\u0105 na efektach tarcia lustrzanego i r\u00f3\u017cnicach w elastyczno\u015bci odbicia, maszyna mo\u017ce precyzyjnie separowa\u0107 materia\u0142y, co znacznie zwi\u0119ksza czysto\u015b\u0107 odzyskiwanych materia\u0142\u00f3w.<\/p>    <h2 class=\"wp-block-heading\"><strong>G\u0142\u00f3wne korzy\u015bci rozdzielacza plastiku i gumy.<\/strong><\/h2>    <ol class=\"wp-block-list\"> <li>Sprz\u0119t osi\u0105ga czysto\u015b\u0107 sortowania powy\u017cej 99%, skutecznie usuwaj\u0105c zanieczyszczenia silikonowe i gumowe.<\/li>    <li>Wykorzystuje wy\u0142\u0105cznie fizyczny proces separacji, nie wymaga reagent\u00f3w chemicznych ani zasob\u00f3w wodnych, co nie wprowadza obci\u0105\u017cenia \u015brodowiskowego.<\/li>    <li>We have optimized the machine&#8217;s structural design to minimize power consumption, resulting in low operating and maintenance costs.<\/li>    <li>Ca\u0142a separacja plastiku i gumy jest sterowana przez zautomatyzowany system PLC, z panelem dotykowym 11-calowym HMI (interfejs cz\u0142owiek-maszyna), kt\u00f3ry wymaga minimalnego szkolenia do obs\u0142ugi.<\/li>    <li>Wszystkie komponenty maj\u0105ce kontakt z materia\u0142em wykonane s\u0105 ze stali nierdzewnej i materia\u0142\u00f3w niklowanych, cechuj\u0105cych si\u0119 wyj\u0105tkow\u0105 odporno\u015bci\u0105 na \u015bcieranie i korozj\u0119.<\/li>    <li>Dzi\u0119ki zintegrowanemu systemowi masz wysoki stopie\u0144 automatyzacji, obejmuj\u0105cy automatyczne podawanie, przenoszenie materia\u0142u, sortowanie, separacj\u0119, automatyczny obieg i wyrzuty, co wymaga tylko jednego operatora do samodzielnej obs\u0142ugi.<\/li> <\/ol>   <div class=\"wp-block-image\"> <figure class=\"aligncenter size-full\"><img loading=\"lazy\" decoding=\"async\" width=\"720\" height=\"540\" src=\"https:\/\/shuliybaler.com\/wp-content\/uploads\/2026\/04\/commercialplastic-rubber-separator-equipment.webp\" alt=\"sprz\u0119t do separacji plastiku i gumy do zastosowa\u0144 komercyjnych\" class=\"wp-image-3646\" title=\"\" srcset=\"https:\/\/shuliybaler.com\/wp-content\/uploads\/2026\/04\/commercialplastic-rubber-separator-equipment.webp 720w, https:\/\/shuliybaler.com\/wp-content\/uploads\/2026\/04\/commercialplastic-rubber-separator-equipment-360x270.webp 360w, https:\/\/shuliybaler.com\/wp-content\/uploads\/2026\/04\/commercialplastic-rubber-separator-equipment-180x135.webp 180w, https:\/\/shuliybaler.com\/wp-content\/uploads\/2026\/04\/commercialplastic-rubber-separator-equipment-16x12.webp 16w\" sizes=\"auto, (max-width: 720px) 100vw, 720px\" \/><figcaption class=\"wp-element-caption\">sprz\u0119t do separacji plastiku i gumy do zastosowa\u0144 komercyjnych<\/figcaption><\/figure> <\/div>   <h2 class=\"wp-block-heading\"><strong>Parametry techniczne maszyny do separacji plastiku i gumy<\/strong><\/h2>    <p>W por\u00f3wnaniu z tradycyjnym sprz\u0119tem do separacji, to urz\u0105dzenie oferuje w pe\u0142ni zautomatyzowan\u0105 prac\u0119 o wy\u017cszej czysto\u015bci sortowania (\u226599%) przy mniejszym zu\u017cyciu energii. Poni\u017cej podano szczeg\u00f3\u0142owe specyfikacje dla dw\u00f3ch r\u00f3\u017cnych modeli.<\/p>    <figure class=\"wp-block-table\"><table class=\"has-fixed-layout\"><thead><tr><th class=\"has-text-align-center\" data-align=\"center\">Model<\/th><th class=\"has-text-align-center\" data-align=\"center\">Moc<\/th><th class=\"has-text-align-center\" data-align=\"center\">Pojemno\u015b\u0107<\/th><th class=\"has-text-align-center\" data-align=\"center\">Czysto\u015b\u0107 sortowania<\/th><th class=\"has-text-align-center\" data-align=\"center\">Wymiary <\/th><th class=\"has-text-align-center\" data-align=\"center\">Waga<\/th><\/tr><\/thead><tbody><tr><td class=\"has-text-align-center\" data-align=\"center\">SL-1250<\/td><td class=\"has-text-align-center\" data-align=\"center\">9,5 kW<\/td><td class=\"has-text-align-center\" data-align=\"center\">600\u20131000 kg\/h<\/td><td class=\"has-text-align-center\" data-align=\"center\">\u226599%<\/td><td class=\"has-text-align-center\" data-align=\"center\">Wymiary 5580\u00d72280\u00d74250 mm<\/td><td class=\"has-text-align-center\" data-align=\"center\">3500 kg<\/td><\/tr><tr><td class=\"has-text-align-center\" data-align=\"center\">SL-1800<\/td><td class=\"has-text-align-center\" data-align=\"center\">12,5 kW<\/td><td class=\"has-text-align-center\" data-align=\"center\">800\u20131200 kg\/h<\/td><td class=\"has-text-align-center\" data-align=\"center\">\u226599%<\/td><td class=\"has-text-align-center\" data-align=\"center\">Wymiary 5580\u00d73150\u00d74250 mm<\/td><td class=\"has-text-align-center\" data-align=\"center\">4800 kg<\/td><\/tr><\/tbody><\/table><figcaption class=\"wp-element-caption\">Szczeg\u00f3\u0142owa specyfikacja rozdzielacza plastiku i gumy<\/figcaption><\/figure>    <p>Je\u015bli nie wiesz, kt\u00f3ry model b\u0119dzie najlepszy dla Ciebie, skontaktuj si\u0119 z nami po fachowe doradztwo. Nasz zesp\u00f3\u0142 sprzeda\u017cy zaleci odpowiedni sprz\u0119t na podstawie Twojego materia\u0142u i wymaga\u0144 dotycz\u0105cych gotowego produktu.<\/p>   <div class=\"wp-block-image\"> <figure class=\"aligncenter size-full\"><img loading=\"lazy\" decoding=\"async\" width=\"720\" height=\"540\" src=\"https:\/\/shuliybaler.com\/wp-content\/uploads\/2026\/04\/plastic-rubber-separating-machine.webp\" alt=\"Maszyna do separacji plastiku i gumy\" class=\"wp-image-3647\" title=\"\" srcset=\"https:\/\/shuliybaler.com\/wp-content\/uploads\/2026\/04\/plastic-rubber-separating-machine.webp 720w, https:\/\/shuliybaler.com\/wp-content\/uploads\/2026\/04\/plastic-rubber-separating-machine-360x270.webp 360w, https:\/\/shuliybaler.com\/wp-content\/uploads\/2026\/04\/plastic-rubber-separating-machine-180x135.webp 180w, https:\/\/shuliybaler.com\/wp-content\/uploads\/2026\/04\/plastic-rubber-separating-machine-16x12.webp 16w\" sizes=\"auto, (max-width: 720px) 100vw, 720px\" \/><figcaption class=\"wp-element-caption\">Maszyna do separacji plastiku i gumy<\/figcaption><\/figure> <\/div>   <h2 class=\"wp-block-heading\"><strong>Cechy konstrukcyjne rozdzielacza gumy i plastiku<\/strong><\/h2>    <p>Ten rozdzielacz plastiku i gumy sk\u0142ada si\u0119 zasadniczo z nast\u0119puj\u0105cych system\u00f3w i ich kluczowych funkcji:<\/p>    <ul class=\"wp-block-list\"> <li>System podawania: cechuje go regulowany, zautomatyzowany projekt podawania zapewniaj\u0105cy ci\u0105g\u0142e dzia\u0142anie.<\/li>    <li>System podnoszenia: zapewnia p\u0142ynny i stabilny transport materia\u0142\u00f3w.<\/li>    <li>System sortowania: rdze\u0144 jednostki, kt\u00f3ra wykonuje separacj\u0119 na podstawie zasad tarcia i odbicia.<\/li>    <li>System recyrkulacji: automatycznie przetwarza niezgodne materia\u0142y do ponownego przetworzenia.<\/li>    <li>System wyrzutu: oddzielnie wyprowadza gotowe materia\u0142y.<\/li> <\/ul>    <p>Wewn\u0119trzna konstrukcja ma zapewnia\u0107 stabilno\u015b\u0107 operacyjn\u0105 sprz\u0119tu przy maksymalizacji precyzji sortowania.<\/p>    <h2 class=\"wp-block-heading\"><strong>Jak oddzieli\u0107 mieszane tworzywa z gum\u0105 i silikonem?<\/strong><\/h2>    <p>W praktycznych scenariuszach recyklingu mieszane tworzywa cz\u0119sto sk\u0142adaj\u0105 si\u0119 z r\u00f3\u017cnych materia\u0142\u00f3w \u2014 takich jak ABS, PS, PP, i PE \u2014 przeplatanych gum\u0105 i silikonem.<\/p>    <p>Odpowiedni przep\u0142yw obr\u00f3bki zwykle obejmuje nast\u0119puj\u0105ce kroki:<\/p>    <ul class=\"wp-block-list\"> <li>Wst\u0119pne rozdrabnianie odpad\u00f3w (przy u\u017cyciu rozdzielacza plastiku i gumy) <a href=\"https:\/\/shuliybaler.com\/pl\/product\/small-metal-shredder-for-waste-recycling\/\">M\u0142yn do metali<\/a>)<\/li>    <li>Usuni\u0119cie gumy i silikonu za pomoc\u0105 specjalnego rozdzielacza plastiku i gumy.<\/li>    <li>Dalsze sortowanie plastiku (np. przy u\u017cyciu separacji elektrostatycznej lub metod opartych na g\u0119sto\u015bci)<\/li> <\/ul>    <p>Przyk\u0142adowo recykling lod\u00f3wek:<\/p>    <ul class=\"wp-block-list\"> <li>Rozdrobniona mieszanka plastiku zawiera ABS, PS, PP, PE oraz gum\u0119.<\/li>    <li>Najpierw gumowe i silikonowe elementy s\u0105 usuwane za pomoc\u0105 rozdzielacza plastiku i gumy.<\/li>    <li>Nast\u0119pnie pozosta\u0142e plastiki s\u0105 oddzielane przy u\u017cyciu elektrostatycznego rozdzia\u0142u lub metod flotacyjnych.<\/li> <\/ul>    <p>Ten krok zapewnia wy\u017csz\u0105 czysto\u015b\u0107 ko\u0144cowego produktu, co zwi\u0119ksza jego warto\u015b\u0107 recyklingow\u0105.<\/p>    <figure class=\"wp-block-gallery has-nested-images columns-default is-cropped wp-block-gallery-2 is-layout-flex wp-block-gallery-is-layout-flex\"> <figure class=\"wp-block-image size-large\"><img loading=\"lazy\" decoding=\"async\" width=\"720\" height=\"540\" data-id=\"3644\" src=\"https:\/\/shuliybaler.com\/wp-content\/uploads\/2026\/04\/plastic-separated-from-the-finished-products.webp\" alt=\"plastik oddzielony od gotowych produkt\u00f3w\" class=\"wp-image-3644\" title=\"\" srcset=\"https:\/\/shuliybaler.com\/wp-content\/uploads\/2026\/04\/plastic-separated-from-the-finished-products.webp 720w, https:\/\/shuliybaler.com\/wp-content\/uploads\/2026\/04\/plastic-separated-from-the-finished-products-360x270.webp 360w, https:\/\/shuliybaler.com\/wp-content\/uploads\/2026\/04\/plastic-separated-from-the-finished-products-180x135.webp 180w, https:\/\/shuliybaler.com\/wp-content\/uploads\/2026\/04\/plastic-separated-from-the-finished-products-16x12.webp 16w\" sizes=\"auto, (max-width: 720px) 100vw, 720px\" \/><figcaption class=\"wp-element-caption\">Plastik oddzielony od gotowych produkt\u00f3w<\/figcaption><\/figure>    <figure class=\"wp-block-image size-large\"><img loading=\"lazy\" decoding=\"async\" width=\"720\" height=\"540\" data-id=\"3645\" src=\"https:\/\/shuliybaler.com\/wp-content\/uploads\/2026\/04\/rubber-separated-from-finished-products.webp\" alt=\"gumowy element oddzielony od gotowych produkt\u00f3w\" class=\"wp-image-3645\" title=\"\" srcset=\"https:\/\/shuliybaler.com\/wp-content\/uploads\/2026\/04\/rubber-separated-from-finished-products.webp 720w, https:\/\/shuliybaler.com\/wp-content\/uploads\/2026\/04\/rubber-separated-from-finished-products-360x270.webp 360w, https:\/\/shuliybaler.com\/wp-content\/uploads\/2026\/04\/rubber-separated-from-finished-products-180x135.webp 180w, https:\/\/shuliybaler.com\/wp-content\/uploads\/2026\/04\/rubber-separated-from-finished-products-16x12.webp 16w\" sizes=\"auto, (max-width: 720px) 100vw, 720px\" \/><figcaption class=\"wp-element-caption\">Guma oddzielona od gotowych produkt\u00f3w<\/figcaption><\/figure> <\/figure>    <h2 class=\"wp-block-heading\"><strong>Zasada dzia\u0142ania rozdzielacza plastiku i gumy<\/strong><\/h2>    <p>Zasada dzia\u0142ania maszyny do separacji plastiku i gumy opiera si\u0119 na dw\u00f3ch nast\u0119puj\u0105cych czynnikach:<\/p>    <ul class=\"wp-block-list\"> <li>R\u00f3\u017cnice tarcia: tworzywa sztuczne i guma maj\u0105 r\u00f3\u017cne wsp\u00f3\u0142czynniki tarcia powierzchni.<\/li>    <li>R\u00f3\u017cnice elastyczno\u015bci: w por\u00f3wnaniu z tworzywami sztucznymi, guma i silikon wykazuj\u0105 istotne r\u00f3\u017cnice w swoich w\u0142a\u015bciwo\u015bciach odbicia.<\/li> <\/ul>    <p>\u015acie\u017cka po\u015blizgu plastiku r\u00f3\u017cni si\u0119 od gumy i silikonu. Ze wzgl\u0119du na wi\u0119ksz\u0105 elastyczno\u015b\u0107 materia\u0142y gumowe odbijaj\u0105 si\u0119 i s\u0105 odchylane. Ten mechanizm umo\u017cliwia precyzyjne rozdzielanie bez stosowania \u017cadnych \u015brodk\u00f3w chemicznych ani wody.<\/p>    <h2 class=\"wp-block-heading\"><strong>FAQ na temat sprz\u0119tu do separacji plastiku i gumy<\/strong><\/h2>   <div id=\"rank-math-faq\" class=\"rank-math-block\"> <div class=\"rank-math-list\"> <div id=\"faq-question-1776048969535\" class=\"rank-math-list-item\"> <h3 class=\"rank-math-question\">Jaka jest czysto\u015b\u0107 separacji rozdzielacza plastiku i gumy?<\/h3> <div class=\"rank-math-answer\">  <p>Rozdzielacz plastiku i gumy Shuliy osi\u0105ga czysto\u015b\u0107 separacji do 99%.<\/p>  <\/div> <\/div> <div id=\"faq-question-1776048998667\" class=\"rank-math-list-item\"> <h3 class=\"rank-math-question\">Jakie materia\u0142y mo\u017cna przetwarza\u0107 t\u0105 maszyn\u0105?<\/h3> <div class=\"rank-math-answer\">  <p>Jest odpowiedni do przetwarzania mieszanych tworzyw sztucznych z zu\u017cytych urz\u0105dze\u0144 gospodarstwa domowego, butelek infuzyjnych i torebek (wykonanych z PP i silikonu), kork\u00f3w gumowych z zu\u017cytych obud\u00f3w baterii oraz odpad\u00f3w plastikowych z bran\u017cy motoryzacyjnej i elektronicznej.<\/p>  <\/div> <\/div> <div id=\"faq-question-1776049103744\" class=\"rank-math-list-item\"> <h3 class=\"rank-math-question\">Czy to przyjazne dla \u015brodowiska?<\/h3> <div class=\"rank-math-answer\">  <p>Urz\u0105dzenie to opiera si\u0119 wy\u0142\u0105cznie na fizycznej technologii separacji na podstawie r\u00f3\u017cnic w tarciu i odbiciu. Nie wymaga chemikali\u00f3w ani wody, nie wywo\u0142uje zanieczyszcze\u0144 wt\u00f3rnych i stanowi ca\u0142kowicie przyjazne \u015brodowisku rozwi\u0105zanie recyklingowe.<\/p>  <\/div> <\/div> <div id=\"faq-question-1776049154929\" class=\"rank-math-list-item\"> <h3 class=\"rank-math-question\">Czy mo\u017cna go zintegrowa\u0107 z kompletn\u0105 lini\u0105 produkcyjn\u0105 recyklingu?<\/h3> <div class=\"rank-math-answer\">  <p>Ten rozdzielacz plastiku i gumy zazwyczaj jest u\u017cywany jako cz\u0119\u015b\u0107 ca\u0142ego systemu recyklingu, wsp\u00f3\u0142pracuj\u0105c z innymi maszynami takimi jak kruszywarki, separatory elektrostatyczne i zbiorniki do separacji g\u0119sto\u015bci.<\/p>  <\/div> <\/div> <\/div> <\/div>  <div class=\"wp-block-image\"> <figure class=\"aligncenter size-full\"><img loading=\"lazy\" decoding=\"async\" width=\"720\" height=\"540\" src=\"https:\/\/shuliybaler.com\/wp-content\/uploads\/2026\/04\/separate-rubber-from-plastic-machine.webp\" alt=\"oddzielanie gumy od plastiku maszyn\u0105\" class=\"wp-image-3648\" title=\"\" srcset=\"https:\/\/shuliybaler.com\/wp-content\/uploads\/2026\/04\/separate-rubber-from-plastic-machine.webp 720w, https:\/\/shuliybaler.com\/wp-content\/uploads\/2026\/04\/separate-rubber-from-plastic-machine-360x270.webp 360w, https:\/\/shuliybaler.com\/wp-content\/uploads\/2026\/04\/separate-rubber-from-plastic-machine-180x135.webp 180w, https:\/\/shuliybaler.com\/wp-content\/uploads\/2026\/04\/separate-rubber-from-plastic-machine-16x12.webp 16w\" sizes=\"auto, (max-width: 720px) 100vw, 720px\" \/><figcaption class=\"wp-element-caption\">oddzielanie gumy od plastiku maszyn\u0105<\/figcaption><\/figure> <\/div>   <p>Maszyna do separacji plastiku i gumy jest kluczowym elementem nowoczesnych system\u00f3w recyklingu, szczeg\u00f3lnie odpowiednia do przetwarzania z\u0142o\u017conych mieszanych odpad\u00f3w plastikowych zawieraj\u0105cych gum\u0119 i silikon.<\/p>    <p>Wykorzystuj\u0105c wysok\u0105 precyzj\u0119, przyjazn\u0105 dla \u015brodowiska prac\u0119 i zautomatyzowane funkcje, to wyposa\u017cenie znacz\u0105co zwi\u0119ksza warto\u015b\u0107 odzyskanych materia\u0142\u00f3w i solidnie wspiera zr\u00f3wnowa\u017cone praktyki recyklingu.<\/p>    <p>Je\u015bli chcesz zmodernizowa\u0107 swoj\u0105 lini\u0119 recyklingu lub poprawi\u0107 czysto\u015b\u0107 materia\u0142u, ten rozdzielacz plastiku i gumy b\u0119dzie wiarygodnym i bardzo kosztowo efektywnym rozwi\u0105zaniem. Skontaktuj si\u0119 z nami, aby uzyska\u0107 najnowsze informacje i specjalne oferty!<\/p>","protected":false},"excerpt":{"rendered":"<p>Utilizing the principles of friction and bouncing, the plastic-rubber separator efficiently separates silicone, rubber, and plastics from mixed materials, achieving a purity level of up to 99%. It is an ideal solution for the recycling industries of electronic waste, medical plastics, and batteries.<\/p>","protected":false},"author":1,"featured_media":3643,"parent":0,"template":"","tags":[93,92],"product-type":[91],"class_list":["post-3641","product","type-product","status-publish","has-post-thumbnail","hentry","tag-plastic","tag-rubber","product-type-other-recycling-machine"],"_links":{"self":[{"href":"https:\/\/shuliybaler.com\/pl\/wp-json\/wp\/v2\/product\/3641","targetHints":{"allow":["GET"]}}],"collection":[{"href":"https:\/\/shuliybaler.com\/pl\/wp-json\/wp\/v2\/product"}],"about":[{"href":"https:\/\/shuliybaler.com\/pl\/wp-json\/wp\/v2\/types\/product"}],"author":[{"embeddable":true,"href":"https:\/\/shuliybaler.com\/pl\/wp-json\/wp\/v2\/users\/1"}],"wp:featuredmedia":[{"embeddable":true,"href":"https:\/\/shuliybaler.com\/pl\/wp-json\/wp\/v2\/media\/3643"}],"wp:attachment":[{"href":"https:\/\/shuliybaler.com\/pl\/wp-json\/wp\/v2\/media?parent=3641"}],"wp:term":[{"taxonomy":"post_tag","embeddable":true,"href":"https:\/\/shuliybaler.com\/pl\/wp-json\/wp\/v2\/tags?post=3641"},{"taxonomy":"product-type","embeddable":true,"href":"https:\/\/shuliybaler.com\/pl\/wp-json\/wp\/v2\/product-type?post=3641"}],"curies":[{"name":"wp","href":"https:\/\/api.w.org\/{rel}","templated":true}]}}