{"id":3658,"date":"2026-04-22T14:16:43","date_gmt":"2026-04-22T06:16:43","guid":{"rendered":"https:\/\/shuliybaler.com\/?post_type=product&#038;p=3658"},"modified":"2026-04-22T14:36:02","modified_gmt":"2026-04-22T06:36:02","slug":"plastic-pulverizer-machine","status":"publish","type":"product","link":"https:\/\/shuliybaler.com\/pl\/product\/plastic-pulverizer-machine\/","title":{"rendered":"Maszyna do rozdrabniania plastiku"},"content":{"rendered":"<p class=\"translation-block\"><strong>Maszyna do rozdrabniania plastiku<\/strong> jest specjalistycznym urz\u0105dzeniem do mielenia u\u017cywanych materia\u0142\u00f3w plastikowych na drobny proszek. Jest szeroko stosowana w przemys\u0142ach recyklingu plastiku, aby zmniejszy\u0107 twarde odpady plastikowe do formy proszku nadaj\u0105cej si\u0119 do ponownego przetwarzania i produkcji.<\/p>    <p>Ta maszyna do mielenia plastiku jest szczeg\u00f3lnie skuteczna dla sztywnych i p\u00f3\u0142sztywnych tworzyw, takich jak rury PVC, profile plastikowe, arkusze ABS, materia\u0142y PP i inne termoplasty.<\/p>    <h2 class=\"wp-block-heading\"><strong>Najwa\u017cniejsze cechy maszyny do rozdrabniania plastiku<\/strong><\/h2>    <ol class=\"wp-block-list\"> <li>Ta maszyna do rozdrabniania plastiku charakteryzuje si\u0119 now\u0105 konstrukcj\u0105 ostrza, zapewniaj\u0105c\u0105 silny efekt uderzenia i ci\u0119cia.<\/li>    <li>Wyposa\u017cona jest r\u00f3wnie\u017c w wysokowydajny system si\u0142y od\u015brodkowej, umo\u017cliwiaj\u0105cy bardzo skuteczne zmniejszanie rozmiaru cz\u0105stek.<\/li>    <li>Ponadto, zintegrowany system ch\u0142odzenia podw\u00f3jnego \u2014 \u0142\u0105cz\u0105cy ch\u0142odzenie powietrzem i wod\u0105 \u2014 skutecznie zapobiega przegrzewaniu si\u0119 urz\u0105dzenia i degradacji termicznej materia\u0142u przetwarzanego.<\/li>    <li>Shuliy specjalnie zastosowa\u0142o konstrukcj\u0119 z otwart\u0105 komor\u0105 dla jednostki mielenia, co u\u0142atwia rutynow\u0105 konserwacj\u0119 i wymian\u0119 ostrzy.<\/li>    <li>Wyposa\u017cona w system wibracyjnego przesiewania, maszyna zapewnia jednolity i sp\u00f3jny rozmiar cz\u0105stek w ko\u0144cowym produkcie proszkowym.<\/li>    <li>Aby zapewni\u0107 czyst\u0105 i wydajn\u0105 produkcj\u0119, maszyna jest r\u00f3wnie\u017c wyposa\u017cona w system podci\u015bnienia i system odci\u0105gu py\u0142u.<\/li>    <li>Wykorzystuje system sterowania elektrycznego Star-Delta, kt\u00f3ry skutecznie zmniejsza pr\u0105d rozruchowy i wyd\u0142u\u017ca \u017cywotno\u015b\u0107 silnika.<\/li> <\/ol>    <h2 class=\"wp-block-heading\"><strong>Zastosowania rozdrabniaczy do plastiku<\/strong><\/h2>    <p>Rozdrabniacze do plastiku s\u0105 szeroko wykorzystywane w r\u00f3\u017cnych sektorach przemys\u0142u recyklingu i przetwarzania plastiku.<\/p>    <ul class=\"wp-block-list\"> <li>Materia\u0142y, kt\u00f3re mo\u017cna przetwarza\u0107, obejmuj\u0105:<\/li>    <li>Rury PVC, profile, arkusze i odpady opakowaniowe<\/li>    <li>Tworzywa PE, PP, ABS, PS, PA i PC<\/li>    <li>EVA, PET, PPS, EPS i materia\u0142y piankowe<\/li>    <li>Materia\u0142y kompozytowe z aluminium i plastiku<\/li>    <li>Odpady przemys\u0142owe z plastiku, odpadki i produkty wadliwe<\/li> <\/ul>    <ol class=\"wp-block-list\"> <li>Typowe zastosowania znajduj\u0105 si\u0119 w:<\/li>    <li>Zak\u0142ady recyklingu plastiku<\/li>    <li>Zak\u0142ady produkcji rur i profili PVC<\/li>    <li>Przemys\u0142 wyt\u0142aczania i wtrysku tworzyw sztucznych<\/li>    <li>Centra przetwarzania odpad\u00f3w plastikowych<\/li>    <li>Sektory produkcji surowc\u00f3w plastikowych<\/li> <\/ol>    <p>To urz\u0105dzenie jest szczeg\u00f3lnie odpowiednie do recyklingu i przetwarzania sztywnych PVC, a tak\u017ce do mielenia tworzyw o \u015bredniej twardo\u015bci i \u0142amliwych.<\/p>    <p class=\"translation-block\"><strong>Modele i parametry techniczne maszyny do rozdrabniania plastiku<\/strong><\/p>    <figure class=\"wp-block-table\"><table><thead><tr><th>Model<\/th><th class=\"has-text-align-center\" data-align=\"center\">\u015arednica dysku<\/th><th class=\"has-text-align-center\" data-align=\"center\">Obrotowe ostrza<\/th><th class=\"has-text-align-center\" data-align=\"center\">Ostrza sta\u0142e<\/th><th class=\"has-text-align-center\" data-align=\"center\">Moc<\/th><th>Pojemno\u015b\u0107<\/th><th>Rozmiar<\/th><th>Waga<\/th><\/tr><\/thead><tbody><tr><td>500<\/td><td class=\"has-text-align-center\" data-align=\"center\">483\u00b11 mm<\/td><td class=\"has-text-align-center\" data-align=\"center\">24<\/td><td class=\"has-text-align-center\" data-align=\"center\">12<\/td><td class=\"has-text-align-center\" data-align=\"center\">44\/59 kW<\/td><td>120\u2013300 kg\/h<\/td><td>3000\u00d72800\u00d73900 mm<\/td><td>1680 kg<\/td><\/tr><tr><td>600<\/td><td class=\"has-text-align-center\" data-align=\"center\">583\u00b11 mm<\/td><td class=\"has-text-align-center\" data-align=\"center\">28<\/td><td class=\"has-text-align-center\" data-align=\"center\">14<\/td><td class=\"has-text-align-center\" data-align=\"center\">54\/72 kW<\/td><td>180\u2013480 kg\/h<\/td><td>3200\u00d73000\u00d74200 mm<\/td><td>2280 kg<\/td><\/tr><tr><td>800<\/td><td class=\"has-text-align-center\" data-align=\"center\">783\u00b11 mm<\/td><td class=\"has-text-align-center\" data-align=\"center\">36<\/td><td class=\"has-text-align-center\" data-align=\"center\">16<\/td><td class=\"has-text-align-center\" data-align=\"center\">88\/118 kW<\/td><td>350\u2013880 kg\/h<\/td><td>3500\u00d73200\u00d74500 mm<\/td><td>2880 kg<\/td><\/tr><\/tbody><\/table><figcaption class=\"wp-element-caption\">Specyfikacja maszyny do mielenia plastiku<\/figcaption><\/figure>    <p class=\"translation-block\"><strong>Maszyna do rozdrabniania PE PP PVC<\/strong> nale\u017cy do serii m\u0142ynk\u00f3w, zaprojektowanych do efektywnego przetwarzania \u015brednio twardych, \u0142amliwych materia\u0142\u00f3w. Je\u015bli chcesz pozna\u0107 inne szczeg\u00f3\u0142y lub informacje, skontaktuj si\u0119 z nami!<\/p>    <h2 class=\"wp-block-heading\"><strong>Zasady i przep\u0142yw procesu rozdrabniania plastiku<\/strong><\/h2>    <p>Dzia\u0142anie rozdrabniacza do plastiku opiera si\u0119 g\u0142\u00f3wnie na po\u0142\u0105czeniu wysokiej pr\u0119dko\u015bci mielenia i si\u0142 uderzeniowych:<\/p>    <ul class=\"wp-block-list\"> <li><strong>Etap podawania<\/strong>: Surowce odpadowe z plastiku s\u0105 podawane do komory mielenia za pomoc\u0105 systemu podawania.<\/li>    <li><strong>Etap mielenia<\/strong>: Obrotowe ostrza o wysokiej pr\u0119dko\u015bci generuj\u0105 pot\u0119\u017cne si\u0142y od\u015brodkowe, powoduj\u0105c wzajemne zderzenia i dzia\u0142ania tn\u0105ce mi\u0119dzy nieruchomymi a obrotowymi ostrzami.<\/li>    <li><strong>Proces ch\u0142odzenia<\/strong>: Systemy ch\u0142odzenia powietrzem i wod\u0105 wsp\u00f3\u0142pracuj\u0105, aby regulowa\u0107 temperatur\u0119, zapobiegaj\u0105c topnieniu, przypaleniu lub odkszta\u0142ceniu plastiku wra\u017cliwego na ciep\u0142o.<\/li>    <li><strong>Etap przesiewania<\/strong>: Materia\u0142 jest przepuszczany przez wibracyjn\u0105 siatk\u0119, aby zapewni\u0107 jednolito\u015b\u0107 ko\u0144cowego rozmiaru cz\u0105stek.<\/li>    <li><strong>Obieg<\/strong>: Cz\u0105stki przekraczaj\u0105ce po\u017c\u0105dany rozmiar s\u0105 automatycznie zwracane do komory mielenia do dalszego przetwarzania.<\/li>    <li><strong>Zbieranie py\u0142u<\/strong>: System podci\u015bnienia odpowiada za zbieranie py\u0142u, zapewniaj\u0105c czyste \u015brodowisko produkcyjne i wydajn\u0105 prac\u0119.<\/li> <\/ul>    <h2 class=\"wp-block-heading\"><strong>Korzy\u015bci z efektywnego recyklingu plastiku za pomoc\u0105 rozdrabniaczy do plastiku<\/strong><\/h2>    <p>Wykorzystanie rozdrabniaczy do plastiku mo\u017ce znacznie zwi\u0119kszy\u0107 wydajno\u015b\u0107 i zr\u00f3wnowa\u017cony rozw\u00f3j operacji recyklingu plastiku, jednocze\u015bnie redukuj\u0105c odpady plastikowe i zanieczyszczenie \u015brodowiska.<\/p>    <p>Ponadto, to urz\u0105dzenie przekszta\u0142ca odpady plastikowe w ponownie u\u017cyteczne proszkowe surowce, co zwi\u0119ksza wydajno\u015b\u0107 produkcji w zak\u0142adach recyklingu i obni\u017ca koszty pracy.<\/p>    <p>Ponadto, ten system zwi\u0119ksza warto\u015b\u0107 recyklingowanych materia\u0142\u00f3w plastikowych do ponownego u\u017cycia w sektorze produkcyjnym, przyczyniaj\u0105c si\u0119 do rozwoju gospodarki obiegowej i zr\u00f3wnowa\u017conego rozwoju.<\/p>    <h2 class=\"wp-block-heading\"><strong>Najcz\u0119\u015bciej zadawane pytania dotycz\u0105ce maszyny do rozdrabniania plastiku<\/strong><\/h2>   <div id=\"rank-math-faq\" class=\"rank-math-block\"> <div class=\"rank-math-list\"> <div id=\"faq-question-1776827103979\" class=\"rank-math-list-item\"> <h3 class=\"rank-math-question\">Jakie materia\u0142y mo\u017ce przetwarza\u0107 maszyna do rozdrabniania plastiku?<\/h3> <div class=\"rank-math-answer\">  <p>Mo\u017ce przetwarza\u0107 tworzywa PVC, PE, PP, ABS, PS, PC, PA, EVA, PET i piankowe.<\/p>  <\/div> <\/div> <div id=\"faq-question-1776827116634\" class=\"rank-math-list-item\"> <h3 class=\"rank-math-question\">Czy maszyna do rozdrabniania plastiku nadaje si\u0119 do twardych tworzyw?<\/h3> <div class=\"rank-math-answer\">  <p>Tak, jest specjalnie zaprojektowana do twardego PVC i \u015brednio twardych, \u0142amliwych tworzyw.<\/p>  <\/div> <\/div> <div id=\"faq-question-1776827129387\" class=\"rank-math-list-item\"> <h3 class=\"rank-math-question\">Jak dzia\u0142a system ch\u0142odzenia?<\/h3> <div class=\"rank-math-answer\">  <p>Wykorzystuje zar\u00f3wno ch\u0142odzenie powietrzem, jak i wod\u0105, aby zapobiec przegrzewaniu i utrzyma\u0107 jako\u015b\u0107 materia\u0142u.<\/p>  <\/div> <\/div> <div id=\"faq-question-1776827140283\" class=\"rank-math-list-item\"> <h3 class=\"rank-math-question\">Jaki jest rozmiar wyj\u015bciowego proszku?<\/h3> <div class=\"rank-math-answer\">  <p>Maszyna wytwarza drobny proszek z plastiku, kt\u00f3ry mo\u017cna dostosowa\u0107 do rozmiaru siatki.<\/p>  <\/div> <\/div> <div id=\"faq-question-1776827156943\" class=\"rank-math-list-item\"> <h3 class=\"rank-math-question\">Czy maszyna mo\u017ce pracowa\u0107 ci\u0105gle?<\/h3> <div class=\"rank-math-answer\">  <p>Tak, jest zaprojektowana do stabilnej, ci\u0105g\u0142ej pracy w przemys\u0142owych liniach produkcyjnych recyklingu.<\/p>  <\/div> <\/div> <\/div> <\/div>   <p>Ta seria rozdrabniaczy do plastiku oferuje szeroki zakres modeli i konfiguracji pojemno\u015bci, zapewniaj\u0105c elastyczne i r\u00f3\u017cnorodne rozwi\u0105zania zar\u00f3wno dla du\u017cych, jak i ma\u0142ych operacji recyklingu. Je\u015bli chcesz dowiedzie\u0107 si\u0119 wi\u0119cej lub zapyta\u0107 o szczeg\u00f3\u0142owe ceny, skontaktuj si\u0119 z nami!<\/p>    <p class=\"translation-block\">Inne maszyny do przetwarzania plastiku: <a href=\"https:\/\/shuliybaler.com\/pl\/product\/plastic-rubber-separator-machine\/\">Separator gumy i plastiku<\/a><\/p>","protected":false},"excerpt":{"rendered":"<p>The plastic pulverizer machine is designed for grinding PE, PP, PVC and other plastic materials into fine powder for recycling. It features advanced cooling, high efficiency, and wide application in plastic recycling industries.<\/p>","protected":false},"author":1,"featured_media":3664,"parent":0,"template":"","tags":[15],"product-type":[91],"class_list":["post-3658","product","type-product","status-publish","has-post-thumbnail","hentry","tag-metal","product-type-other-recycling-machine"],"_links":{"self":[{"href":"https:\/\/shuliybaler.com\/pl\/wp-json\/wp\/v2\/product\/3658","targetHints":{"allow":["GET"]}}],"collection":[{"href":"https:\/\/shuliybaler.com\/pl\/wp-json\/wp\/v2\/product"}],"about":[{"href":"https:\/\/shuliybaler.com\/pl\/wp-json\/wp\/v2\/types\/product"}],"author":[{"embeddable":true,"href":"https:\/\/shuliybaler.com\/pl\/wp-json\/wp\/v2\/users\/1"}],"wp:featuredmedia":[{"embeddable":true,"href":"https:\/\/shuliybaler.com\/pl\/wp-json\/wp\/v2\/media\/3664"}],"wp:attachment":[{"href":"https:\/\/shuliybaler.com\/pl\/wp-json\/wp\/v2\/media?parent=3658"}],"wp:term":[{"taxonomy":"post_tag","embeddable":true,"href":"https:\/\/shuliybaler.com\/pl\/wp-json\/wp\/v2\/tags?post=3658"},{"taxonomy":"product-type","embeddable":true,"href":"https:\/\/shuliybaler.com\/pl\/wp-json\/wp\/v2\/product-type?post=3658"}],"curies":[{"name":"wp","href":"https:\/\/api.w.org\/{rel}","templated":true}]}}