{"id":3670,"date":"2026-04-27T16:48:58","date_gmt":"2026-04-27T08:48:58","guid":{"rendered":"https:\/\/shuliybaler.com\/?post_type=product&#038;p=3670"},"modified":"2026-04-27T16:55:17","modified_gmt":"2026-04-27T08:55:17","slug":"tire-block-cutting-machine","status":"publish","type":"product","link":"https:\/\/shuliybaler.com\/pl\/product\/tire-block-cutting-machine\/","title":{"rendered":"Maszyna do ci\u0119cia blok\u00f3w opon"},"content":{"rendered":"<p class=\"translation-block\">Maszyna do ci\u0119cia blok\u00f3w opon  jest specjalnie zaprojektowana do ci\u0119cia ca\u0142ych odpadkowych opon na jednorodne gumowe bloki (zwykle 50\u201380 mm) do dalszego przetwarzania. Jako element wst\u0119pny w liniach produkcyjnych recyklingu opon, jest szeroko wykorzystywana g\u0142\u00f3wnie do dostarczania surowca do dalszego rozdrabniania, mielenia lub pirolizy.<\/p>    <p>W przeciwie\u0144stwie do tradycyjnych no\u017cyc, kt\u00f3re wymagaj\u0105 wst\u0119pnego ci\u0119cia opon na paski, ta maszyna od Shuliy jest zdolna do bezpo\u015bredniego przetwarzania ca\u0142ych opon o \u015brednicy \u22641200 mm, integruj\u0105c proces ci\u0119cia w jednym systemie i znacznie zwi\u0119kszaj\u0105c wydajno\u015b\u0107 operacyjn\u0105.<\/p>    <figure class=\"wp-block-embed aligncenter is-type-video is-provider-youtube wp-block-embed-youtube wp-embed-aspect-16-9 wp-has-aspect-ratio\"><div class=\"wp-block-embed__wrapper\"> <iframe loading=\"lazy\" title=\"Maszyna do ci\u0119cia blok\u00f3w opon | Efektywne ci\u0119cie ca\u0142ych opon na gumowe bloki 50\u201380 mm\" width=\"500\" height=\"281\" src=\"https:\/\/www.youtube.com\/embed\/6nKF7r2HliQ?feature=oembed\" frameborder=\"0\" allow=\"accelerometer; autoplay; clipboard-write; encrypted-media; gyroscope; picture-in-picture; web-share\" referrerpolicy=\"strict-origin-when-cross-origin\" allowfullscreen><\/iframe> <\/div><figcaption class=\"wp-element-caption\">film z pracy maszyny do ci\u0119cia opon<\/figcaption><\/figure>    <h2 class=\"wp-block-heading\"><strong>Przegl\u0105d maszyny do ci\u0119cia blok\u00f3w opon<\/strong><\/h2>    <p>Jak pokazano na poni\u017cszym obrazku, og\u00f3lna struktura tego urz\u0105dzenia sk\u0142ada si\u0119 z nast\u0119puj\u0105cych odr\u0119bnych komponent\u00f3w:<\/p>    <ul class=\"wp-block-list\"> <li>Komora ci\u0119cia hydraulicznego: zaprojektowana do wykonywania operacji ci\u0119cia pod wysokim ci\u015bnieniem.<\/li>    <li>System obrotowego ci\u0119cia: umo\u017cliwia ci\u0105g\u0142\u0105 produkcj\u0119 materia\u0142\u00f3w w kszta\u0142cie blok\u00f3w.<\/li>    <li>Silnik i stacja hydrauliczna: zapewniaj\u0105 stabilny i niezawodny przesy\u0142 energii.<\/li>    <li>Zbiornik podaj\u0105cy: u\u0142atwia bezpieczne i wydajne wprowadzanie materia\u0142\u00f3w.<\/li> <\/ul>    <p>To w pe\u0142ni zautomatyzowana hydrauliczna maszyna do ci\u0119cia blok\u00f3w opon, odpowiednia do u\u017cytku w \u015brednich zak\u0142adach recyklingu i przetwarzania.<\/p>   <div class=\"wp-block-image\"> <figure class=\"aligncenter size-full\"><img loading=\"lazy\" decoding=\"async\" width=\"720\" height=\"540\" src=\"https:\/\/shuliybaler.com\/wp-content\/uploads\/2026\/04\/tire-cutting-machine.webp\" alt=\"maszyna do ci\u0119cia opon\" class=\"wp-image-3672\" title=\"\" srcset=\"https:\/\/shuliybaler.com\/wp-content\/uploads\/2026\/04\/tire-cutting-machine.webp 720w, https:\/\/shuliybaler.com\/wp-content\/uploads\/2026\/04\/tire-cutting-machine-360x270.webp 360w, https:\/\/shuliybaler.com\/wp-content\/uploads\/2026\/04\/tire-cutting-machine-180x135.webp 180w, https:\/\/shuliybaler.com\/wp-content\/uploads\/2026\/04\/tire-cutting-machine-16x12.webp 16w\" sizes=\"auto, (max-width: 720px) 100vw, 720px\" \/><figcaption class=\"wp-element-caption\">maszyna do ci\u0119cia opon<\/figcaption><\/figure> <\/div>   <h2 class=\"wp-block-heading\"><strong>Zalety u\u017cywania no\u017cowej do blok\u00f3w opon<\/strong><\/h2>    <ol class=\"wp-block-list\"> <li>Ca\u0142e opony s\u0105 niepor\u0119czne i trudne do obs\u0142ugi. Ci\u0119cie ich na bloki znacznie zmniejsza ich obj\u0119to\u015b\u0107 \u2014 osi\u0105gaj\u0105c efektywn\u0105 redukcj\u0119 rozmiaru \u2014 co czyni transport i magazynowanie znacznie wygodniejszymi.<\/li>    <li>Maszyna do ci\u0119cia blok\u00f3w opon tnie opony na jednorodne bloki 50\u201380 mm; to skutecznie minimalizuje zu\u017cycie ostrzy, zwi\u0119ksza wydajno\u015b\u0107 rozdrabniania i optymalizuje przep\u0142yw pracy w dalszym przetwarzaniu.<\/li>    <li>By pre-processing tires into &#8220;shreddable&#8221; blocks, the machine reduces energy consumption during the shredding stage. This shortens the return-on-investment period for recycling facilities, making it an economically efficient recycling solution.<\/li> <\/ol>    <h2 class=\"wp-block-heading\"><strong>Parametry maszyny do ci\u0119cia opon<\/strong><\/h2>    <figure class=\"wp-block-table\"><table class=\"has-fixed-layout\"><thead><tr><th>Pozycja<\/th><th>Specyfikacja<\/th><\/tr><\/thead><tbody><tr><td>Funkcja<\/td><td>Ci\u0119cie ca\u0142ej opony na bloki<\/td><\/tr><tr><td>\u015arednica opony<\/td><td>\uff1c1200 mm<\/td><\/tr><tr><td>Pojemno\u015b\u0107<\/td><td>20\u201330 sztuk\/godzina<\/td><\/tr><tr><td>Ci\u0119cie ca\u0142ej opony na bloki<\/td><td>50\u201380 mm<\/td><\/tr><tr><td>Moc<\/td><td>40,5 kW, 380V, 50Hz<\/td><\/tr><tr><td>Wymiary<\/td><td>2000 \u00d7 1800 \u00d7 1580 mm<\/td><\/tr><tr><td>Waga<\/td><td>1800 kg<\/td><\/tr><\/tbody><\/table><figcaption class=\"wp-element-caption\">kluczowe parametry techniczne maszyny do ci\u0119cia blok\u00f3w opon<\/figcaption><\/figure>   <div class=\"wp-block-image\"> <figure class=\"aligncenter size-full\"><img loading=\"lazy\" decoding=\"async\" width=\"720\" height=\"540\" src=\"https:\/\/shuliybaler.com\/wp-content\/uploads\/2026\/04\/tire-cutter-machine.webp\" alt=\"maszyna do ci\u0119cia opon\" class=\"wp-image-3671\" title=\"\" srcset=\"https:\/\/shuliybaler.com\/wp-content\/uploads\/2026\/04\/tire-cutter-machine.webp 720w, https:\/\/shuliybaler.com\/wp-content\/uploads\/2026\/04\/tire-cutter-machine-360x270.webp 360w, https:\/\/shuliybaler.com\/wp-content\/uploads\/2026\/04\/tire-cutter-machine-180x135.webp 180w, https:\/\/shuliybaler.com\/wp-content\/uploads\/2026\/04\/tire-cutter-machine-16x12.webp 16w\" sizes=\"auto, (max-width: 720px) 100vw, 720px\" \/><figcaption class=\"wp-element-caption\">maszyna do ci\u0119cia opon<\/figcaption><\/figure> <\/div>   <h2 class=\"wp-block-heading\"><strong>Surowce i produkty gotowe<\/strong><\/h2>    <p>To urz\u0105dzenie jest odpowiednie do przetwarzania:<\/p>    <ul class=\"wp-block-list\"> <li>Opony osobowe<\/li>    <li>Opony ci\u0119\u017car\u00f3wek i autobus\u00f3w<\/li>    <li>Odpadowe gumowe opony (\u015brednica \u2264 1200 mm)<\/li> <\/ul>    <p>Wst\u0119pnie tnie te odpadowe opony \u2014 albo na paski, albo na sekcje bie\u017cnika \u2014 aby wyprodukowa\u0107 jednorodne gumowe bloki (50\u201380 mm) jako ko\u0144cowy produkt.<\/p>    <p>Ta maszyna do ci\u0119cia blok\u00f3w opon jest idealnie dopasowana do integracji z nast\u0119puj\u0105cym sprz\u0119tem lub liniami produkcyjnymi:<\/p>    <ul class=\"wp-block-list\"> <li>Rozdrabniacze gumowe<\/li>    <li>M\u0142ynki gumowe<\/li>    <li>Systemy pirolizy<\/li>    <li>Linie produkcji granulatu gumowego<\/li> <\/ul>   <div class=\"wp-block-image\"> <figure class=\"aligncenter size-full\"><img loading=\"lazy\" decoding=\"async\" width=\"720\" height=\"540\" src=\"https:\/\/shuliybaler.com\/wp-content\/uploads\/2026\/04\/tire-blocks.webp\" alt=\"bloki opon\" class=\"wp-image-3673\" title=\"\" srcset=\"https:\/\/shuliybaler.com\/wp-content\/uploads\/2026\/04\/tire-blocks.webp 720w, https:\/\/shuliybaler.com\/wp-content\/uploads\/2026\/04\/tire-blocks-360x270.webp 360w, https:\/\/shuliybaler.com\/wp-content\/uploads\/2026\/04\/tire-blocks-180x135.webp 180w, https:\/\/shuliybaler.com\/wp-content\/uploads\/2026\/04\/tire-blocks-16x12.webp 16w\" sizes=\"auto, (max-width: 720px) 100vw, 720px\" \/><figcaption class=\"wp-element-caption\">bloki opon<\/figcaption><\/figure> <\/div>   <h2 class=\"wp-block-heading\"><strong>Zasada dzia\u0142ania maszyny do ci\u0119cia opon<\/strong><\/h2>    <p>The tire block cutting machine operates using a &#8220;hydraulic + mechanical&#8221; cutting system:<\/p>    <p>Po umieszczeniu ca\u0142ej opony w zbiorniku podaj\u0105cym, cylinder hydrauliczny popycha opon\u0119 do przodu w kierunku ostrzy tn\u0105cych.<\/p>    <p>Ostatecznie, ostrza o wysokiej wytrzyma\u0142o\u015bci tn\u0105 opon\u0119 na jednorodne bloki. Pokrojone gumowe bloki spadaj\u0105 przez port wy\u0142adunkowy, aby przej\u015b\u0107 do kolejnego etapu przetwarzania.<\/p>    <p>Ta metoda operacyjna \u2014 \u0142\u0105cz\u0105ca si\u0142\u0119 mechaniczn\u0105 z ci\u015bnieniem hydraulicznym \u2014 umo\u017cliwia urz\u0105dzeniu ci\u0119cie grubych materia\u0142\u00f3w gumowych zar\u00f3wno skutecznie, jak i bezpiecznie.<\/p>    <h2 class=\"wp-block-heading\"><strong>Jak wybra\u0107 odpowiedni\u0105 maszyn\u0119 do ci\u0119cia blok\u00f3w opon?<\/strong><\/h2>    <p>Podczas wyboru sprz\u0119tu, prosimy rozwa\u017cy\u0107 nast\u0119puj\u0105ce czynniki:<\/p>    <ol class=\"wp-block-list\"> <li><strong>Wymagania dotycz\u0105ce wydajno\u015bci produkcji:<\/strong> Je\u015bli prowadzisz \u015bredniej wielko\u015bci zak\u0142ad, kt\u00f3ry wymaga wydajno\u015bci 20\u201330 opon na godzin\u0119, ta maszyna do ci\u0119cia blok\u00f3w opon b\u0119dzie idealnym wyborem. Dla du\u017cych operacji produkcyjnych, maszyna powinna by\u0107 zintegrowana z kompletn\u0105 lini\u0105 recyklingu opon.<\/li>    <li><strong>Poziom automatyzacji:<\/strong> Modele p\u00f3\u0142automatyczne s\u0105 ta\u0144sze, podczas gdy w pe\u0142ni automatyczne modele zapewniaj\u0105 wy\u017csz\u0105 wydajno\u015b\u0107 i obni\u017caj\u0105 koszty pracy.<\/li>    <li><strong>Jako\u015b\u0107 ostrzy:<\/strong> Ostrza powinny by\u0107 wykonane z materia\u0142\u00f3w odpornych na \u015bcieranie (np. stal stopowa). Je\u015bli masz szczeg\u00f3lne wymagania lub dodatkowe potrzeby, skontaktuj si\u0119 z nami bezpo\u015brednio.<\/li> <\/ol>   <div class=\"wp-block-image\"> <figure class=\"aligncenter size-full\"><img loading=\"lazy\" decoding=\"async\" width=\"720\" height=\"540\" src=\"https:\/\/shuliybaler.com\/wp-content\/uploads\/2026\/04\/tire-block-cutting-machine.webp\" alt=\"Maszyna do ci\u0119cia blok\u00f3w opon\" class=\"wp-image-3674\" title=\"\" srcset=\"https:\/\/shuliybaler.com\/wp-content\/uploads\/2026\/04\/tire-block-cutting-machine.webp 720w, https:\/\/shuliybaler.com\/wp-content\/uploads\/2026\/04\/tire-block-cutting-machine-360x270.webp 360w, https:\/\/shuliybaler.com\/wp-content\/uploads\/2026\/04\/tire-block-cutting-machine-180x135.webp 180w, https:\/\/shuliybaler.com\/wp-content\/uploads\/2026\/04\/tire-block-cutting-machine-16x12.webp 16w\" sizes=\"auto, (max-width: 720px) 100vw, 720px\" \/><figcaption class=\"wp-element-caption\">Maszyna do ci\u0119cia blok\u00f3w opon<\/figcaption><\/figure> <\/div>  <div id=\"rank-math-faq\" class=\"rank-math-block\"> <div class=\"rank-math-list\"> <div id=\"faq-question-1777256802472\" class=\"rank-math-list-item\"> <h3 class=\"rank-math-question\">Czy ta maszyna mo\u017ce bezpo\u015brednio ci\u0105\u0107 ca\u0142e opony?<\/h3> <div class=\"rank-math-answer\">  <p>Tak. Zaawansowane modele mog\u0105 ci\u0105\u0107 ca\u0142e opony bez wst\u0119pnego przetwarzania, szczeg\u00f3lnie te o \u015brednicy poni\u017cej 1200 mm.<\/p>  <\/div> <\/div> <div id=\"faq-question-1777256828159\" class=\"rank-math-list-item\"> <h3 class=\"rank-math-question\">Jaki jest idealny rozmiar wyj\u015bciowy do recyklingu?<\/h3> <div class=\"rank-math-answer\">  <p>Wi\u0119kszo\u015b\u0107 linii recyklingowych wymaga blok\u00f3w o wymiarach 50\u201380 mm, poniewa\u017c s\u0105 one optymalne dla rozdrabniaczy i m\u0142yn\u00f3w.<\/p>  <\/div> <\/div> <div id=\"faq-question-1777256841148\" class=\"rank-math-list-item\"> <h3 class=\"rank-math-question\">Dlaczego nie wk\u0142ada\u0107 ca\u0142ych opon bezpo\u015brednio do rozdrabniacza?<\/h3> <div class=\"rank-math-answer\">  <p>Bezpo\u015brednie wykonywanie tego by\u0142oby przyczyn\u0105 szybszego zu\u017cycia ostrzy i nara\u017ca\u0142oby na zatykanie, co obni\u017ca\u0142oby wydajno\u015b\u0107. Wst\u0119pne ci\u0119cie opon na kawa\u0142ki poprawia og\u00f3ln\u0105 wydajno\u015b\u0107 ca\u0142ego systemu.<\/p>  <\/div> <\/div> <div id=\"faq-question-1777256910945\" class=\"rank-math-list-item\"> <h3 class=\"rank-math-question\">W jakich bran\u017cach u\u017cywa si\u0119 tej maszyny do ci\u0119cia blok\u00f3w opon?<\/h3> <div class=\"rank-math-answer\">  <p>Dla zak\u0142ad\u00f3w recyklingu opon, zak\u0142ad\u00f3w produkcji proszku gumowego, zak\u0142ad\u00f3w pirolizy lub firm zajmuj\u0105cych si\u0119 gospodark\u0105 odpadami<\/p>  <\/div> <\/div> <\/div> <\/div>   <p>Przekszta\u0142caj\u0105c du\u017ce odpadowe opony w jednorodne, \u0142atwe do obs\u0142ugi bloki gumowe, no\u017cowa do blok\u00f3w opon znacznie zwi\u0119ksza wydajno\u015b\u0107 operacyjn\u0105, obni\u017ca koszty operacyjne i optymalizuje wydajno\u015b\u0107 urz\u0105dze\u0144 do dalszego przetwarzania.<\/p>    <p>Dla firm dzia\u0142aj\u0105cych w bran\u017cy recyklingu opon, inwestycja w wydajn\u0105, w pe\u0142ni automatyczn\u0105 no\u017cow\u0105 do blok\u00f3w opon jest bez w\u0105tpienia rozs\u0105dn\u0105 decyzj\u0105 z du\u017cym potencja\u0142em rozwoju w przysz\u0142o\u015bci. Je\u015bli jeste\u015b zainteresowany naszymi produktami, skontaktuj si\u0119 z nami, aby uzyska\u0107 szczeg\u00f3\u0142owe informacje o cenach.<\/p>    <p>Inny sprz\u0119t do przetwarzania opon: <\/p>    <ul class=\"wp-block-list\"> <li><a href=\"https:\/\/shuliybaler.com\/pl\/product\/scrap-hydraulic-tyre-baling-machine\/\">Hydrauliczna maszyna do prasowania odpad\u00f3w opon do recyklingu<\/a><\/li>    <li><a href=\"https:\/\/shuliybaler.com\/pl\/product\/scrap-metal-shredder-machine\/\">Maszyna do kruszenia opon<\/a><\/li> <\/ul>","protected":false},"excerpt":{"rendered":"<p>The tire block cutter is capable of cutting whole waste tires into uniformly sized rubber blocks ranging from 50 to 80 millimeters. This enhances the efficiency of subsequent shredding processes, reduces labor costs, and ensures a consistent output suitable for recycling and pyrolysis applications.<\/p>","protected":false},"author":1,"featured_media":3675,"parent":0,"template":"","meta":{"product_tpl_data":{"subtitle":"","param_summary":"","model_summary_title":"","model_summary":"","model_series":[],"finished_product_title":"","raw_materials_title":"","process_title":"","endsummary":""},"product_extra_property":[{"pname":"Function","pvalue":"Cut the whole tire into blocks"},{"pname":"Tire diameter","pvalue":"\uff1c1200 mm"},{"pname":"Capacity","pvalue":"20\u201330 pcs\/hour"},{"pname":"Cut the whole tire into blocks","pvalue":"50\u201380 mm"},{"pname":"Power","pvalue":"40.5 kW, 380V, 50Hz"},{"pname":"Dimension","pvalue":"2000 \u00d7 1800 \u00d7 1580 mm"},{"pname":"Weight","pvalue":"1800 kg"}],"product_extra_image":"3671,3672,3674,3673"},"tags":[85],"product-type":[91],"class_list":["post-3670","product","type-product","status-publish","has-post-thumbnail","hentry","tag-tire","product-type-other-recycling-machine"],"light_meta":{"product_tpl_data":{"subtitle":"","param_summary":"","model_summary_title":"","model_summary":"","model_series":"","finished_product_title":"","raw_materials_title":"","process_title":"","endsummary":""},"rank_math_internal_links_processed":"1","rank_math_seo_score":"82","rank_math_focus_keyword":"tire block cutting machine","rank_math_title":"Tire Block Cutting Machine For Scrap Rubber Recycling","rank_math_description":"This tire block cutting machine cuts tires (with a diameter of \u22641200 mm) into rubber blocks ranging from 50-80 mm with an output of 20-30 tires per hour.","rank_math_og_content_image":{"check":"f4c4d6a8a46706b18fbc9a76c71e33e8","images":[3672]},"product_extra_property":{"1":{"pname":"Function","pvalue":"Cut the whole tire into blocks"},"2":{"pname":"Tire diameter","pvalue":"\uff1c1200 mm"},"3":{"pname":"Capacity","pvalue":"20\u201330 pcs\/hour"},"4":{"pname":"Cut the whole tire into blocks","pvalue":"50\u201380 mm"},"5":{"pname":"Power","pvalue":"40.5 kW, 380V, 50Hz"},"6":{"pname":"Dimension","pvalue":"2000 \u00d7 1800 \u00d7 1580 mm"},"7":{"pname":"Weight","pvalue":"1800 kg"}},"product_extra_image":"3671,3672,3674,3673","_oembed_b36e0d7498a27da9ec529da478442216":"<iframe title=\"Tire Block Cutting Machine | Cut Whole Tires into 50\u201380mm Rubber Blocks Efficiently\" width=\"500\" height=\"281\" src=\"https:\/\/www.youtube.com\/embed\/6nKF7r2HliQ?feature=oembed\" frameborder=\"0\" allow=\"accelerometer; autoplay; clipboard-write; encrypted-media; gyroscope; picture-in-picture; web-share\" referrerpolicy=\"strict-origin-when-cross-origin\" allowfullscreen><\/iframe>","_oembed_time_b36e0d7498a27da9ec529da478442216":"1777280116","rank_math_schema_VideoObject":{"@type":"VideoObject","metadata":{"title":"Video","type":"template","shortcode":"s-69ef247792592","isPrimary":true,"reviewLocationShortcode":"[rank_math_rich_snippet]","category":"%categories%","tags":"%tags%","isAutoGenerated":true},"name":"Maszyna do ci\u0119cia blok\u00f3w opon | Efektywne ci\u0119cie ca\u0142ych opon na gumowe bloki 50\u201380 mm","description":"WhatsApp: https:\/\/wa.me\/ 8617703863868 Email: info@shuliybaler.comStrona internetowa: https:\/\/shuliybaler.com\/product\/tire-block-cutting-machine\/Dowiedz si\u0119, jak dzia\u0142a no\u017cowa do opon...","uploadDate":"2026-04-27T01:54:42-07:00","thumbnailUrl":"https:\/\/shuliybaler.com\/wp-content\/uploads\/2026\/04\/tire-block-cutting-machine-cut-w.jpg","embedUrl":"https:\/\/www.youtube.com\/embed\/6nKF7r2HliQ","contentUrl":"","duration":"PT3M0S","width":"1280","height":"720","isFamilyFriendly":true}},"seo_meta":{"title":"Maszyna do ci\u0119cia blok\u00f3w opon do recyklingu gumy z\u0142omowej","description":"Ta maszyna do ci\u0119cia blok\u00f3w opon tnie opony (\u015brednica \u22641200 mm) na gumowe bloki od 50 do 80 mm z wydajno\u015bci\u0105 20\u201330 opon na godzin\u0119.","focusKeyword":"tire block cutting machine","canonicalUrl":"https:\/\/shuliybaler.com\/pl\/product\/tire-block-cutting-machine\/","robots":["index","follow"],"ogTitle":"Tire Block Cutting Machine For Scrap Rubber Recycling","ogDescription":"This tire block cutting machine cuts tires (with a diameter of \u22641200 mm) into rubber blocks ranging from 50-80 mm with an output of 20-30 tires per hour.","ogImage":"https:\/\/shuliybaler.com\/wp-content\/uploads\/2026\/04\/automatic-tire-block-cutting-machine.webp","twitterTitle":"Tire Block Cutting Machine For Scrap Rubber Recycling","twitterDescription":"This tire block cutting machine cuts tires (with a diameter of \u22641200 mm) into rubber blocks ranging from 50-80 mm with an output of 20-30 tires per hour.","twitterImage":"https:\/\/shuliybaler.com\/wp-content\/uploads\/2026\/04\/automatic-tire-block-cutting-machine.webp","primaryCategory":0,"seoScore":82,"schemas":{"VideoObject":{"type":"VideoObject","data":{"@type":"VideoObject","metadata":{"title":"Video","type":"template","shortcode":"s-69ef247792592","isPrimary":true,"reviewLocationShortcode":"[rank_math_rich_snippet]","category":"%categories%","tags":"%tags%","isAutoGenerated":true},"name":"Maszyna do ci\u0119cia blok\u00f3w opon | Efektywne ci\u0119cie ca\u0142ych opon na gumowe bloki 50\u201380 mm","description":"WhatsApp: https:\/\/wa.me\/ 8617703863868 Email: info@shuliybaler.comStrona internetowa: https:\/\/shuliybaler.com\/product\/tire-block-cutting-machine\/Dowiedz si\u0119, jak dzia\u0142a no\u017cowa do opon...","uploadDate":"2026-04-27T01:54:42-07:00","thumbnailUrl":"https:\/\/shuliybaler.com\/wp-content\/uploads\/2026\/04\/tire-block-cutting-machine-cut-w.jpg","embedUrl":"https:\/\/www.youtube.com\/embed\/6nKF7r2HliQ","contentUrl":"","duration":"PT3M0S","width":"1280","height":"720","isFamilyFriendly":true}}},"source":"rank_math"},"_links":{"self":[{"href":"https:\/\/shuliybaler.com\/pl\/wp-json\/wp\/v2\/product\/3670","targetHints":{"allow":["GET"]}}],"collection":[{"href":"https:\/\/shuliybaler.com\/pl\/wp-json\/wp\/v2\/product"}],"about":[{"href":"https:\/\/shuliybaler.com\/pl\/wp-json\/wp\/v2\/types\/product"}],"author":[{"embeddable":true,"href":"https:\/\/shuliybaler.com\/pl\/wp-json\/wp\/v2\/users\/1"}],"wp:featuredmedia":[{"embeddable":true,"href":"https:\/\/shuliybaler.com\/pl\/wp-json\/wp\/v2\/media\/3675"}],"wp:attachment":[{"href":"https:\/\/shuliybaler.com\/pl\/wp-json\/wp\/v2\/media?parent=3670"}],"wp:term":[{"taxonomy":"post_tag","embeddable":true,"href":"https:\/\/shuliybaler.com\/pl\/wp-json\/wp\/v2\/tags?post=3670"},{"taxonomy":"product-type","embeddable":true,"href":"https:\/\/shuliybaler.com\/pl\/wp-json\/wp\/v2\/product-type?post=3670"}],"curies":[{"name":"wp","href":"https:\/\/api.w.org\/{rel}","templated":true}]}}