{"id":407,"date":"2019-12-05T11:19:36","date_gmt":"2019-12-05T03:19:36","guid":{"rendered":"https:\/\/shuliybaler.com\/?p=407"},"modified":"2024-01-10T17:39:46","modified_gmt":"2024-01-10T09:39:46","slug":"metal-baler","status":"publish","type":"product","link":"https:\/\/shuliybaler.com\/pl\/product\/metal-baler\/","title":{"rendered":"Przemys\u0142owa prasa do metalu do brykietowania z\u0142omu"},"content":{"rendered":"<p class=\"translation-block\"><strong>Baler do z\u0142omu metali <\/strong>nazywany r\u00f3wnie\u017c maszyn\u0105 do brykietowania z\u0142omu metali, poziomym balerem metalowym, hydrauliczny balerem metalowym i innymi. Jego g\u0142\u00f3wnym celem jest prasowanie z\u0142omu metali w okre\u015blony kszta\u0142t, aby zmniejszy\u0107 obj\u0119to\u015b\u0107, u\u0142atwi\u0107 magazynowanie, transport i recykling.<\/p>    <figure class=\"wp-block-embed is-type-video is-provider-youtube wp-block-embed-youtube wp-embed-aspect-16-9 wp-has-aspect-ratio\"><div class=\"wp-block-embed__wrapper\"> <iframe loading=\"lazy\" title=\"Wydajny pokaz balera metalowego: Doskona\u0142e balowanie z\u0142omu metali! Hydrauliczna prasa do odpad\u00f3w \u017celaza\" width=\"500\" height=\"281\" src=\"https:\/\/www.youtube.com\/embed\/bypm63IX3u0?start=8&#038;feature=oembed\" frameborder=\"0\" allow=\"accelerometer; autoplay; clipboard-write; encrypted-media; gyroscope; picture-in-picture; web-share\" referrerpolicy=\"strict-origin-when-cross-origin\" allowfullscreen><\/iframe> <\/div><figcaption class=\"wp-element-caption\">Wideo z pracy poziomego balera metalowego<\/figcaption><\/figure>    <h2 class=\"wp-block-heading\" id=\"h-parameters-of-the-metal-press-machine\"><strong>Parametry maszyny do balowania z\u0142omu metali na sprzeda\u017c<\/strong><\/h2>    <figure class=\"wp-block-table\"><table><tbody><tr><td>Typ <strong>&nbsp;<\/strong><strong><\/strong><\/td><td>Nominalna si\u0142a pchaj\u0105ca (Kn)<\/td><td>Rozmiar komory spr\u0119\u017cania<br>(D\u0142ugo\u015b\u0107 * szeroko\u015b\u0107 * wysoko\u015b\u0107) (mm)<strong><\/strong><\/td><td>Rozmiar belki (mm)<strong><\/strong><\/td><td>G\u0119sto\u015b\u0107 blok\u00f3w metalowych (kg\/m\u00b3)<\/td><td>Pojemno\u015b\u0107 (kg\/h)<strong><\/strong><\/td><td>Czas pojedynczego cyklu (s)<\/td><td>Dopasowana moc (kW)<\/td><\/tr><tr><td>Y81-1250A<strong><\/strong><\/td><td>1250<strong><\/strong><\/td><td>1200*700*600<strong><\/strong><\/td><td>300*300<strong><\/strong><\/td><td>\u22652000<strong><\/strong><\/td><td>1200-1800<strong><\/strong><\/td><td>\u2264120<strong><\/strong><\/td><td>15<strong><\/strong><\/td><\/tr><tr><td>Y81-1250B<strong><\/strong><\/td><td>1250<strong><\/strong><\/td><td>1400*800*700<strong><\/strong><\/td><td>300*300<strong><\/strong><\/td><td>\u22652000<strong><\/strong><\/td><td>1600-2300<strong><\/strong><\/td><td>\u2264140<strong><\/strong><\/td><td>15<strong><\/strong><\/td><\/tr><tr><td>Y81-1350<strong><\/strong><\/td><td>1350<strong><\/strong><\/td><td>1400*600*600<strong><\/strong><\/td><td>600*240<strong><\/strong><\/td><td>\u22652000<strong><\/strong><\/td><td>1600-2500<strong><\/strong><\/td><td>\u2264100<strong><\/strong><\/td><td>18.5<strong><\/strong><\/td><\/tr><tr><td>Y81-1600A<strong><\/strong><\/td><td>1600<strong><\/strong><\/td><td>1600*1000*800<strong><\/strong><\/td><td>400*400<strong><\/strong><\/td><td>\u22652000<strong><\/strong><\/td><td>2000-3500<strong><\/strong><\/td><td>\u2264120<strong><\/strong><\/td><td>22<strong><\/strong><\/td><\/tr><tr><td>Y81-1600B<strong><\/strong><\/td><td>1600<strong><\/strong><\/td><td>1600*1200*800<strong><\/strong><\/td><td>400*400<strong><\/strong><\/td><td>\u22652000<strong><\/strong><\/td><td>2000-4000<strong><\/strong><\/td><td>\u2264130<strong><\/strong><\/td><td>30<strong><\/strong><\/td><\/tr><tr><td>Y81-2000A<strong><\/strong><\/td><td>2000<strong><\/strong><\/td><td>1600*1200*800<strong><\/strong><\/td><td>400*400<strong><\/strong><\/td><td>\u22652000<strong><\/strong><\/td><td>2500-4500<strong><\/strong><\/td><td>\u2264130<strong><\/strong><\/td><td>22\/15<\/td><\/tr><tr><td>Y81-2000B<strong><\/strong><\/td><td>2000<strong><\/strong><\/td><td>1800*1400*900<strong><\/strong><\/td><td>450*450<strong><\/strong><\/td><td>\u22652000<strong><\/strong><\/td><td>3000-5000<strong><\/strong><\/td><td>\u2264130<strong><\/strong><\/td><td>30\/37<\/td><\/tr><tr><td>Y81-2500A<strong><\/strong><\/td><td>2500<strong><\/strong><\/td><td>2000*1400*900<strong><\/strong><\/td><td>500*500<strong><\/strong><\/td><td>\u22652000<strong><\/strong><\/td><td>4000-6300<strong><\/strong><\/td><td>\u2264130<strong><\/strong><\/td><td>44\/60<\/td><\/tr><tr><td>Y81-2500B<strong><\/strong><\/td><td>2500<strong><\/strong><\/td><td>2000*1750*1000<strong><\/strong><\/td><td>500*500<strong><\/strong><\/td><td>\u22652000<strong><\/strong><\/td><td>5000-6300<strong><\/strong><\/td><td>\u2264150<strong><\/strong><\/td><td>44<strong><\/strong><\/td><\/tr><tr><td>Y81-2500C<strong><\/strong><\/td><td>2500<strong><\/strong><\/td><td>2000*1750*1200<strong><\/strong><\/td><td>600*600<strong><\/strong><\/td><td>\u22652000<strong><\/strong><\/td><td>5500-6500<strong><\/strong><\/td><td>\u2264150<strong><\/strong><\/td><td>60<strong><\/strong><\/td><\/tr><tr><td>Y81-2500D<strong><\/strong><\/td><td>2500<strong><\/strong><\/td><td>2500*2000*1200<strong><\/strong><\/td><td>600*600<strong><\/strong><\/td><td>\u22652000<strong><\/strong><\/td><td>5500-6500<strong><\/strong><\/td><td>\u2264150<strong><\/strong><\/td><td>60<strong><\/strong><\/td><\/tr><tr><td>Y81-3150A<strong><\/strong><\/td><td>3150<strong><\/strong><\/td><td>2000*1750*1000<strong><\/strong><\/td><td>500*500<strong><\/strong><\/td><td>\u22652000<strong><\/strong><\/td><td>4000-6500<strong><\/strong><\/td><td>\u2264150<strong><\/strong><\/td><td>60<strong><\/strong><\/td><\/tr><tr><td>Y81-3150B<strong><\/strong><\/td><td>3150<strong><\/strong><\/td><td>2000*1750*1200<strong><\/strong><\/td><td>600*600<strong><\/strong><\/td><td>\u22652000<strong><\/strong><\/td><td>5000-7000<strong><\/strong><\/td><td>\u2264150<strong><\/strong><\/td><td>60<strong><\/strong><\/td><\/tr><tr><td>Y81-3150C<strong><\/strong><\/td><td>3150<strong><\/strong><\/td><td>2500*2000*1200<strong><\/strong><\/td><td>600*600<strong><\/strong><\/td><td>\u22652000<strong><\/strong><\/td><td>6000-8000<strong><\/strong><\/td><td>\u2264150<strong><\/strong><\/td><td>90<strong><\/strong><\/td><\/tr><tr><td>Y81-3150D<strong><\/strong><\/td><td>3150<strong><\/strong><\/td><td>3000*2500*1200<strong><\/strong><\/td><td>600*600<strong><\/strong><\/td><td>\u22652000<strong><\/strong><\/td><td>6000-8000<strong><\/strong><\/td><td>\u2264160<strong><\/strong><\/td><td>90<strong><\/strong><\/td><\/tr><tr><td>Y81-4000A<strong><\/strong><\/td><td>4000<strong><\/strong><\/td><td>2500*2000*1200<strong><\/strong><\/td><td>600*600<strong><\/strong><\/td><td>\u22652000<strong><\/strong><\/td><td>5000-7500<strong><\/strong><\/td><td>\u2264160<strong><\/strong><\/td><td>90<strong><\/strong><\/td><\/tr><tr><td>Y81-4000B<strong><\/strong><\/td><td>4000<strong><\/strong><\/td><td>3000*2500*1200<strong><\/strong><\/td><td>600*600<strong><\/strong><\/td><td>\u22652000<strong><\/strong><\/td><td>8500-13000<strong><\/strong><\/td><td>\u2264160<strong><\/strong><\/td><td>90<strong><\/strong><\/td><\/tr><tr><td>Y81-4000C<strong><\/strong><\/td><td>4000<strong><\/strong><\/td><td>3500*3000*1200<strong><\/strong><\/td><td>600*600<strong><\/strong><\/td><td>\u22652000<strong><\/strong><\/td><td>9500-14000<strong><\/strong><\/td><td>\u2264160<strong><\/strong><\/td><td>90<strong><\/strong><\/td><\/tr><\/tbody><\/table><figcaption class=\"wp-element-caption\">maszyna do brykietowania z\u0142omu metali<\/figcaption><\/figure>    <h2 class=\"wp-block-heading\" id=\"h-application-of-metal-baler\"><strong>Zastosowanie poziomego balera metali<\/strong><\/h2>    <p class=\"translation-block\">Maszyna do balerowania metali nadaje si\u0119 do prasowania wszelkiego rodzaju z\u0142omu metali, takich jak <strong>z\u0142om stalowy, z\u0142om \u017celazny, mied\u017a, z\u0142om aluminiowy,<\/strong> <strong> wi\u00f3ry aluminiowe, arkusze \u017celaza, wi\u00f3ry stalowe, wi\u00f3ry aluminiowe, beczki na olej odpadowy, b\u0119bny malarskie i inne metalowe b\u0119bny i puszki<\/strong>, <strong>skorupa samochodowa odpadowa<\/strong>,<strong> beczki na olej odpadowy, puszki, puszki spo\u017cywcze,<\/strong> <strong> rozmontowana karoseria samochodowa, w tym karoseria, drzwi, blok silnika, b\u0119bny hamulcowe, cz\u0119\u015bci silnika, elementy zawieszenia, r\u00f3\u017cne odpady metalowe, wi\u00f3ry tn\u0105ce, wi\u00f3ry szlifuj\u0105ce itp., powstaj\u0105ce podczas produkcji przemys\u0142owej<\/strong>,<strong> itp<\/strong>. <\/p>   <div class=\"wp-block-image\"> <figure class=\"aligncenter size-large\"><img loading=\"lazy\" decoding=\"async\" width=\"720\" height=\"695\" src=\"https:\/\/shuliybaler.com\/wp-content\/uploads\/2019\/12\/application-of-the-metal-press-machine.jpg\" alt=\"zastosowanie maszyny prasuj\u0105cej metalowej\" class=\"wp-image-424\" title=\"\" srcset=\"https:\/\/shuliybaler.com\/wp-content\/uploads\/2019\/12\/application-of-the-metal-press-machine.jpg 720w, https:\/\/shuliybaler.com\/wp-content\/uploads\/2019\/12\/application-of-the-metal-press-machine-280x270.jpg 280w, https:\/\/shuliybaler.com\/wp-content\/uploads\/2019\/12\/application-of-the-metal-press-machine-559x540.jpg 559w\" sizes=\"auto, (max-width: 720px) 100vw, 720px\" \/><figcaption class=\"wp-element-caption\">Zastosowanie balera metali<\/figcaption><\/figure> <\/div>   <p class=\"translation-block\">Mo\u017ce by\u0107 u\u017cywany do produkcji r\u00f3\u017cnych kszta\u0142t\u00f3w blok\u00f3w (rozmiar blok\u00f3w mo\u017cna dostosowa\u0107), takich jak d\u0142ugi sze\u015bcian, cylinder, sze\u015bcian , itp., co jest wygodne do topienia i ponownego u\u017cycia. Ponadto, mo\u017ce by\u0107 r\u00f3wnie\u017c u\u017cywany do prasowania  karton\u00f3w, butelek plastikowych  i innych przedmiot\u00f3w.<\/p>    <h2 class=\"wp-block-heading\" id=\"h-structural-composition-of-metal-briquette-machine\"><strong>Struktura poziomego balera z\u0142omu metali<\/strong><\/h2>    <p>Maszyna do brykietowania z\u0142omu metali sk\u0142ada si\u0119 g\u0142\u00f3wnie z cz\u0119\u015bci hydraulicznych, komory za\u0142adunkowej, pokrywy drzwiowej, ramienia teleskopowego, konsoli, bocznego cylindra hydraulicznego, g\u0142\u00f3wnego cylindra hydraulicznego, silnika, przek\u0142adni, urz\u0105dzenia bezpiecze\u0144stwa itp.<\/p>   <div class=\"wp-block-image\"> <figure class=\"aligncenter size-large\"><img loading=\"lazy\" decoding=\"async\" width=\"720\" height=\"540\" src=\"https:\/\/shuliybaler.com\/wp-content\/uploads\/2019\/12\/structure-of-the-metal-baler.jpg\" alt=\"Struktura balera metali\" class=\"wp-image-426\" title=\"\" srcset=\"https:\/\/shuliybaler.com\/wp-content\/uploads\/2019\/12\/structure-of-the-metal-baler.jpg 720w, https:\/\/shuliybaler.com\/wp-content\/uploads\/2019\/12\/structure-of-the-metal-baler-360x270.jpg 360w, https:\/\/shuliybaler.com\/wp-content\/uploads\/2019\/12\/structure-of-the-metal-baler-180x135.jpg 180w\" sizes=\"auto, (max-width: 720px) 100vw, 720px\" \/><figcaption class=\"wp-element-caption\">Struktura balera metali<\/figcaption><\/figure> <\/div>   <ul class=\"wp-block-list\"> <li>Cz\u0119\u015b\u0107 hydrauliczn\u0105 stanowi \u201eserce\u201d kompresora metalu i \u017ar\u00f3d\u0142o mocy maszyny. Zakres ci\u015bnienia tej maszyny to 1250 kn do 4000 kn.<\/li>    <li>Komora podawania determinuje rozmiar materia\u0142\u00f3w, kt\u00f3re mo\u017cna w\u0142o\u017cy\u0107. Zakres rozmiaru komory podawania to 1200 x 700 x 600 mm \u2013 3500 x 3000 x 1200 mm.<\/li>    <li>W maszynie znajduj\u0105 si\u0119 cztery cylindry hydrauliczne: jeden na pokrywie drzwiowej, jeden na g\u0142\u00f3wnym t\u0142oku, jeden na bocznym t\u0142oku i jeden na cz\u0119\u015bci wyj\u015bciowej.<\/li>    <li>Zainstaluj urz\u0105dzenie awaryjnego zatrzymania i urz\u0105dzenia ochrony przed przeci\u0105\u017ceniem, aby zapobiec wypadkom.<\/li> <\/ul>    <h2 class=\"wp-block-heading\" id=\"h-how-does-a-metal-baler-work\"><strong>Jak dzia\u0142a baler do z\u0142omu metali?<\/strong><\/h2>    <figure class=\"wp-block-embed is-type-video is-provider-youtube wp-block-embed-youtube wp-embed-aspect-16-9 wp-has-aspect-ratio\"><div class=\"wp-block-embed__wrapper\"> <iframe loading=\"lazy\" title=\"Automatyczna maszyna do balowania beczek i puszek | recyklingowa maszyna do balowania puszek aluminiowych i metali\" width=\"500\" height=\"281\" src=\"https:\/\/www.youtube.com\/embed\/9JxkvEm4QMc?feature=oembed\" frameborder=\"0\" allow=\"accelerometer; autoplay; clipboard-write; encrypted-media; gyroscope; picture-in-picture; web-share\" referrerpolicy=\"strict-origin-when-cross-origin\" allowfullscreen><\/iframe> <\/div><figcaption class=\"wp-element-caption\">wideo z pracy balera do z\u0142omu stali, \u017celaza, miedzi <\/figcaption><\/figure>   <div id=\"rank-math-howto\" class=\"rank-math-block\" > <div class=\"rank-math-howto-description\">  <\/div>  <div class=\"rank-math-steps\"> <div id=\"howto-step-1704877907192\" class=\"rank-math-step\"> <h3 class=\"rank-math-step-title\"><strong>Za\u0142adunek z\u0142omu <\/strong><\/h3> <div class=\"rank-math-step-content\"><p>Najpierw umie\u015b\u0107 materia\u0142 w komorze za\u0142adunkowej maszyny do prasowania metali. Uwaga: materia\u0142y nie mog\u0105 przekracza\u0107 maksymalnej wydajno\u015bci maszyny, poniewa\u017c silnik mo\u017ce si\u0119 \u0142atwo uszkodzi\u0107 podczas pracy pod obci\u0105\u017ceniem.<\/p> <\/div> <\/div> <div id=\"howto-step-1704877937503\" class=\"rank-math-step\"> <h3 class=\"rank-math-step-title\"><strong>Uruchom maszyn\u0119 do brykietowania z\u0142omu metali<\/strong><\/h3> <div class=\"rank-math-step-content\"><p>W\u0142\u0105cz zasilanie maszyny i obs\u0142uguj d\u017awigni\u0119 operacyjn\u0105, aby kontrolowa\u0107 pokryw\u0119 drzwiow\u0105 i naciska\u0107 j\u0105 w d\u00f3\u0142. Po zako\u0144czeniu prasowania, pokrywa drzwiowa i zbiornik na podawanie tworz\u0105 zamkni\u0119t\u0105 przestrze\u0144.<\/p> <\/div> <\/div> <div id=\"howto-step-1704878010159\" class=\"rank-math-step\"> <h3 class=\"rank-math-step-title\"><strong>Hydrauliczna kompresja wielopunktowa<\/strong><\/h3> <div class=\"rank-math-step-content\"><p>Hydrauliczne pr\u0119ty z ty\u0142u i z bok\u00f3w balera do z\u0142omu metali pchaj\u0105 materia\u0142 do przodu i ci\u0105gle go spr\u0119\u017caj\u0105, ostatecznie formuj\u0105c wysokiej g\u0119sto\u015bci blok metalu.<\/p> <\/div> <\/div> <div id=\"howto-step-1704878082347\" class=\"rank-math-step\"> <h3 class=\"rank-math-step-title\"><strong>Proces formowania i wy\u0142adunku<\/strong><\/h3> <div class=\"rank-math-step-content\"><p>Pr\u0119t hydrauliczny wyciska materia\u0142y w regularnym kszta\u0142cie, a g\u0119sto\u015b\u0107 mo\u017ce osi\u0105gn\u0105\u0107 2000 kg \/ m3. Na ko\u0144cu, g\u0142adko wyciska sprasowane bloki metali z balera. To ko\u0144czy pe\u0142n\u0105 operacj\u0119 balowania z\u0142omu metali.<\/p> <\/div> <\/div> <\/div> <\/div>       <h2 class=\"wp-block-heading\" id=\"h-advantages-of-hydraulic-scrap-metal-briquette-machine\"><strong>Zalety hydraulicznej maszyny do brykietowania z\u0142omu metali<\/strong><\/h2>    <ol class=\"wp-block-list\"> <li>Maszyna jest nap\u0119dzana hydraulicznie, cicha, stabilna w pracy i ma wysokie czynniki bezpiecze\u0144stwa.<\/li>    <li>Istnieje wiele metod wy\u0142adunku, kt\u00f3re mo\u017cna podzieli\u0107 na wy\u0142adunek maszynowy i r\u0119czny. Klienci mog\u0105 wybra\u0107 w zale\u017cno\u015bci od potrzeb.<\/li>    <li>Zazwyczaj napi\u0119cie maszyny wynosi 380V, ale mo\u017cna je dostosowa\u0107 do potrzeb klienta. W przypadku niewygodnych \u017ar\u00f3de\u0142 zasilania, mo\u017cna u\u017cy\u0107 silnik\u00f3w diesla do zasilania.<\/li>    <li>Maszyna jest \u0142atwa w instalacji, nie wymaga mocowania na stopkach.<\/li>    <li>Maszyna posiada r\u00f3\u017cne tryby operacji, wi\u0119c mo\u017cna wybra\u0107 tryb r\u0119czny lub z PLC.<\/li>    <li>Cz\u0119\u015bci maszyny do brykietowania metalu obrabiane precyzyjnie na maszynie CNC. Ruch maszyny jest mi\u0119kki i trwa\u0142y.<\/li>    <li>Maszyna jest wykonana z wzmocnionej stali w\u0119glowej o estetycznym wygl\u0105dzie. Powierzchnia maszyny jest pokryta wodoodporn\u0105 i antykorozyjn\u0105 farb\u0105, aby wyd\u0142u\u017cy\u0107 jej \u017cywotno\u015b\u0107.<\/li> <\/ol>    <figure class=\"wp-block-gallery has-nested-images columns-default is-cropped wp-block-gallery-2 is-layout-flex wp-block-gallery-is-layout-flex\"> <figure class=\"wp-block-image size-large\"><img loading=\"lazy\" decoding=\"async\" width=\"720\" height=\"540\" data-id=\"428\" src=\"https:\/\/shuliybaler.com\/wp-content\/uploads\/2019\/12\/the-motor-of-this-metal-briquetting-machine.jpg\" alt=\"Silnik tej maszyny do brykietowania metalu\" class=\"wp-image-428\" title=\"\" srcset=\"https:\/\/shuliybaler.com\/wp-content\/uploads\/2019\/12\/the-motor-of-this-metal-briquetting-machine.jpg 720w, https:\/\/shuliybaler.com\/wp-content\/uploads\/2019\/12\/the-motor-of-this-metal-briquetting-machine-360x270.jpg 360w, https:\/\/shuliybaler.com\/wp-content\/uploads\/2019\/12\/the-motor-of-this-metal-briquetting-machine-180x135.jpg 180w\" sizes=\"auto, (max-width: 720px) 100vw, 720px\" \/><figcaption class=\"wp-element-caption\">Silnik tej maszyny do brykietowania metali<\/figcaption><\/figure>    <figure class=\"wp-block-image size-large\"><img loading=\"lazy\" decoding=\"async\" width=\"720\" height=\"540\" data-id=\"427\" src=\"https:\/\/shuliybaler.com\/wp-content\/uploads\/2019\/12\/the-detail-part-of-this-baler-machine.jpg\" alt=\"szczeg\u00f3\u0142owy element tej maszyny baluj\u0105cej\" class=\"wp-image-427\" title=\"\" srcset=\"https:\/\/shuliybaler.com\/wp-content\/uploads\/2019\/12\/the-detail-part-of-this-baler-machine.jpg 720w, https:\/\/shuliybaler.com\/wp-content\/uploads\/2019\/12\/the-detail-part-of-this-baler-machine-360x270.jpg 360w, https:\/\/shuliybaler.com\/wp-content\/uploads\/2019\/12\/the-detail-part-of-this-baler-machine-180x135.jpg 180w\" sizes=\"auto, (max-width: 720px) 100vw, 720px\" \/><figcaption class=\"wp-element-caption\">Cz\u0119\u015b\u0107 szczeg\u00f3\u0142owa tego balera<\/figcaption><\/figure>    <figure class=\"wp-block-image size-large\"><img loading=\"lazy\" decoding=\"async\" width=\"720\" height=\"540\" data-id=\"425\" src=\"https:\/\/shuliybaler.com\/wp-content\/uploads\/2019\/12\/Hydraulic-shaft-of-metal-briquetting-machine.jpg\" alt=\"Wa\u0142 hydrauliczny maszyny do brykietowania metali\" class=\"wp-image-425\" title=\"\" srcset=\"https:\/\/shuliybaler.com\/wp-content\/uploads\/2019\/12\/Hydraulic-shaft-of-metal-briquetting-machine.jpg 720w, https:\/\/shuliybaler.com\/wp-content\/uploads\/2019\/12\/Hydraulic-shaft-of-metal-briquetting-machine-360x270.jpg 360w, https:\/\/shuliybaler.com\/wp-content\/uploads\/2019\/12\/Hydraulic-shaft-of-metal-briquetting-machine-180x135.jpg 180w\" sizes=\"auto, (max-width: 720px) 100vw, 720px\" \/><figcaption class=\"wp-element-caption\">Wa\u0142 hydrauliczny maszyny do brykietowania metali<\/figcaption><\/figure>    <figure class=\"wp-block-image size-large\"><img loading=\"lazy\" decoding=\"async\" width=\"720\" height=\"540\" data-id=\"490\" src=\"https:\/\/shuliybaler.com\/wp-content\/uploads\/2019\/12\/aluminum-can-baler.jpg\" alt=\"prasarka metalowa\" class=\"wp-image-490\" title=\"\" srcset=\"https:\/\/shuliybaler.com\/wp-content\/uploads\/2019\/12\/aluminum-can-baler.jpg 720w, https:\/\/shuliybaler.com\/wp-content\/uploads\/2019\/12\/aluminum-can-baler-360x270.jpg 360w, https:\/\/shuliybaler.com\/wp-content\/uploads\/2019\/12\/aluminum-can-baler-180x135.jpg 180w\" sizes=\"auto, (max-width: 720px) 100vw, 720px\" \/><figcaption class=\"wp-element-caption\">Maszyna do brykietowania z\u0142omu metali<\/figcaption><\/figure> <\/figure>    <h2 class=\"wp-block-heading\"><strong>Dlaczego warto wybra\u0107 Shuliy jako dostawc\u0119 maszyny do brykietowania z\u0142omu metali?<\/strong><\/h2>    <p>Shuliy zosta\u0142 wybrany jako dostawca maszyn do balowania z\u0142omu metali ze wzgl\u0119du na swoje konkurencyjne zalety w bran\u017cy pod wzgl\u0119dem wydajno\u015bci sprz\u0119tu, gwarancji jako\u015bci i obs\u0142ugi klienta.<\/p>    <ul class=\"wp-block-list\"> <li><strong>Rozs\u0105dna cena<\/strong>: Shuliy dostarcza prasy do z\u0142omu metali o dobrej cenie, zapewniaj\u0105c klientom dost\u0119p do wysokiej jako\u015bci sprz\u0119tu produkcyjnego przy jednoczesnym kontrolowaniu koszt\u00f3w.<\/li>    <li><strong>Dostosowana us\u0142uga<\/strong>: W odpowiedzi na r\u00f3\u017cne potrzeby klient\u00f3w Schulich mo\u017ce zapewni\u0107 spersonalizowane, dostosowane rozwi\u0105zania do projektowania i optymalizacji prasek do przetwarzania konkretnego z\u0142omu.<\/li>    <li><strong>Perfekcyjna obs\u0142uga<\/strong>: Od konsultacji przed sprzeda\u017c\u0105 po instalacj\u0119 i utrzymanie po sprzeda\u017cy, zapewniamy kompleksow\u0105 obs\u0142ug\u0119 \u201eone-stop\u201d, aby klienci byli bez zmartwie\u0144.<\/li>    <li><strong>R\u00f3\u017cnorodno\u015b\u0107 modeli<\/strong>: Mamy r\u00f3\u017cnorodne specyfikacje serii prasek do metalu, aby sprosta\u0107 potrzebom r\u00f3\u017cnych wynik\u00f3w i typ\u00f3w materia\u0142\u00f3w prasowania, dostosowa\u0107 si\u0119 do trendu dywersyfikacji rynku.<\/li> <\/ul>    <h2 class=\"wp-block-heading\"><strong>Jak uzyska\u0107 wi\u0119cej szczeg\u00f3\u0142\u00f3w o <a href=\"https:\/\/shuliybaler.com\/pl\/product\/scrap-metal-baler\/\">Baler z\u0142omu metali<\/a>?<\/strong><\/h2>    <p class=\"translation-block\">Po wi\u0119cej szczeg\u00f3\u0142\u00f3w lub zam\u00f3wienia poziomego balera metali Shuliy, odwied\u017a nasz\u0105 oficjaln\u0105 stron\u0119 internetow\u0105. Mo\u017cesz tak\u017ce wys\u0142a\u0107 e-mail, skorzysta\u0107 z narz\u0119dzia czatu online do zapyta\u0144 i komunikacji, zapewnimy Ci profesjonalne doradztwo na temat <a href=\"https:\/\/en.wikipedia.org\/wiki\/Aluminium_recycling\" target=\"_blank\" rel=\"noopener\">recyklingu metali<\/a> na czas.<\/p>","protected":false},"excerpt":{"rendered":"<p>Maszyna do brykietowania metali odpadowych jest r\u00f3wnie\u017c nazywana balerem metali, przeznaczona do balowania z\u0142omu, stali, \u017celaza, miedzi itp. w ukszta\u0142towane belki do recyklingu, aby uzyska\u0107 zysk. Niniejszy artyku\u0142 opisuje typy baler\u00f3w, kt\u00f3re mo\u017cna balowa\u0107, oraz materia\u0142y, kt\u00f3re mo\u017cna balowa\u0107, jako odniesienie przy wyborze.<\/p>","protected":false},"author":1,"featured_media":2719,"parent":0,"template":"","tags":[39],"product-type":[41],"class_list":["post-407","product","type-product","status-publish","has-post-thumbnail","hentry","tag-metal-baler","product-type-metal-baler-machine"],"_links":{"self":[{"href":"https:\/\/shuliybaler.com\/pl\/wp-json\/wp\/v2\/product\/407","targetHints":{"allow":["GET"]}}],"collection":[{"href":"https:\/\/shuliybaler.com\/pl\/wp-json\/wp\/v2\/product"}],"about":[{"href":"https:\/\/shuliybaler.com\/pl\/wp-json\/wp\/v2\/types\/product"}],"author":[{"embeddable":true,"href":"https:\/\/shuliybaler.com\/pl\/wp-json\/wp\/v2\/users\/1"}],"wp:featuredmedia":[{"embeddable":true,"href":"https:\/\/shuliybaler.com\/pl\/wp-json\/wp\/v2\/media\/2719"}],"wp:attachment":[{"href":"https:\/\/shuliybaler.com\/pl\/wp-json\/wp\/v2\/media?parent=407"}],"wp:term":[{"taxonomy":"post_tag","embeddable":true,"href":"https:\/\/shuliybaler.com\/pl\/wp-json\/wp\/v2\/tags?post=407"},{"taxonomy":"product-type","embeddable":true,"href":"https:\/\/shuliybaler.com\/pl\/wp-json\/wp\/v2\/product-type?post=407"}],"curies":[{"name":"wp","href":"https:\/\/api.w.org\/{rel}","templated":true}]}}