{"id":462,"date":"2019-12-10T14:17:29","date_gmt":"2019-12-10T06:17:29","guid":{"rendered":"https:\/\/shuliybaler.com\/?p=462"},"modified":"2022-12-29T16:05:20","modified_gmt":"2022-12-29T08:05:20","slug":"vertical-metal-baler","status":"publish","type":"product","link":"https:\/\/shuliybaler.com\/pl\/product\/vertical-metal-baler\/","title":{"rendered":"Pionowa prasa do metali | Maszyna do recyklingu"},"content":{"rendered":"<p>Pionowa prasa metalowa nazywana jest r\u00f3wnie\u017c pras\u0105 recyklingow\u0105, pionow\u0105 pras\u0105 hydrauliczn\u0105 i tak dalej. U\u017cywa zasady hydraulicznej do kompresji odpad\u00f3w metalowych surowc\u00f3w, aby zaoszcz\u0119dzi\u0107 miejsce i u\u0142atwi\u0107 transport. Poniewa\u017c ta maszyna mo\u017ce by\u0107 u\u017cywana do obs\u0142ugi r\u00f3\u017cnych materia\u0142\u00f3w, odpowiednia do kompresji s\u0142omy, we\u0142ny, \u0142upin orzeszk\u00f3w ziemnych, chmielu, sk\u00f3ry, materia\u0142\u00f3w odzie\u017cowych, makulatury, plastiku, metali, puszek itp., nazywana jest r\u00f3wnie\u017c wielofunkcyjn\u0105 pras\u0105 hydrauliczn\u0105.<\/p>   <div class=\"wp-block-image\"> <figure class=\"aligncenter size-large\"><img loading=\"lazy\" decoding=\"async\" width=\"720\" height=\"540\" src=\"https:\/\/shuliybaler.com\/wp-content\/uploads\/2019\/12\/vertical-metal-baler-1.jpg\" alt=\"pionowy metalowy pras\" class=\"wp-image-478\" title=\"\" srcset=\"https:\/\/shuliybaler.com\/wp-content\/uploads\/2019\/12\/vertical-metal-baler-1.jpg 720w, https:\/\/shuliybaler.com\/wp-content\/uploads\/2019\/12\/vertical-metal-baler-1-360x270.jpg 360w, https:\/\/shuliybaler.com\/wp-content\/uploads\/2019\/12\/vertical-metal-baler-1-180x135.jpg 180w\" sizes=\"auto, (max-width: 720px) 100vw, 720px\" \/><figcaption class=\"wp-element-caption\">pionowy metalowy pras<\/figcaption><\/figure> <\/div>   <h2 class=\"wp-block-heading\" id=\"h-structure-of-vertical-metal-baler\">Struktura pionowej prasy metalowej<\/h2>   <div class=\"wp-block-image\"> <figure class=\"aligncenter size-full\"><img loading=\"lazy\" decoding=\"async\" width=\"720\" height=\"750\" src=\"https:\/\/shuliybaler.com\/wp-content\/uploads\/2019\/12\/1ca47c90.jpg\" alt=\"Prasa do opon z\u0142omowych\" class=\"wp-image-2454\" title=\"\"><figcaption class=\"wp-element-caption\">Prasa do opon z\u0142omowych<\/figcaption><\/figure> <\/div>   <ol class=\"wp-block-list\"> <li>Kad\u0142ub. Kad\u0142ub obejmuje p\u0142yt\u0119 bazow\u0105 i dwa ruchome przednie i tylne \u015bcianki boczne. W zale\u017cno\u015bci od r\u00f3\u017cnych pojemno\u015bci produkcyjnych maszyny, liczba rowk\u00f3w na linie na pod\u0142odze maszyny jest r\u00f3wnie\u017c r\u00f3\u017cna. <\/li>    <li>G\u00f3rna \u015bcianka. G\u00f3rna \u015bcianka jest bezpo\u015brednio nad zbiornikiem za\u0142adunkowym maszyny. Gdy maszyna dzia\u0142a, g\u00f3rna \u015bcianka jest nap\u0119dzana przez system hydrauliczny, kt\u00f3ry nieustannie sprasowuje przestrze\u0144 wewn\u0105trz zbiornika za\u0142adunkowego i sprasowuje materia\u0142y.<\/li>    <li>System hydrauliczny. System hydrauliczny jest centralnym systemem maszyny, sk\u0142ada si\u0119 z ruroci\u0105gu, zbiornika oleju, pompy hydraulicznej, zaworu itp., aby zapewni\u0107 zasilanie do pracy maszyny.<\/li> <\/ol>    <figure class=\"wp-block-embed is-type-video is-provider-youtube wp-block-embed-youtube wp-embed-aspect-16-9 wp-has-aspect-ratio\"><div class=\"wp-block-embed__wrapper\"> <iframe loading=\"lazy\" title=\"Maszyna do makulatury | maszyna do prasowania bawe\u0142ny | maszyna do prasowania puszek | maszyna do recyklingu\" width=\"500\" height=\"281\" src=\"https:\/\/www.youtube.com\/embed\/QZtXuzoCVkA?feature=oembed\" frameborder=\"0\" allow=\"accelerometer; autoplay; clipboard-write; encrypted-media; gyroscope; picture-in-picture; web-share\" referrerpolicy=\"strict-origin-when-cross-origin\" allowfullscreen><\/iframe> <\/div><\/figure>    <h2 class=\"wp-block-heading\" id=\"h-how-does-a-recycling-baler-work\">Jak dzia\u0142a maszyna do recyklingu?<\/h2>   <div class=\"wp-block-image\"> <figure class=\"aligncenter size-full\"><img loading=\"lazy\" decoding=\"async\" width=\"720\" height=\"750\" src=\"https:\/\/shuliybaler.com\/wp-content\/uploads\/2019\/12\/1942c7a8.jpg\" alt=\"Pakowanie butelek plastikowych\" class=\"wp-image-2453\" title=\"\"><figcaption class=\"wp-element-caption\">Pakowanie butelek plastikowych<\/figcaption><\/figure> <\/div>   <p>Najpierw wk\u0142adamy r\u00f3\u017cne odpady (metalowe, plastikowe butelki, odzie\u017c, itp.) do zbiornika za\u0142adunkowego. W\u0142\u0105czamy prze\u0142\u0105cznik maszyny, a g\u00f3rna \u015bcianka stopniowo opada, sprasowuj\u0105c materia\u0142 w zwart\u0105 kostk\u0119. Po zako\u0144czeniu pracy maszyny, otwieramy przednie i tylne \u015bcianki, i za pomoc\u0105 drutu, liny, pask\u00f3w materia\u0142owych itp. mocno wi\u0105\u017cemy sprasowany materia\u0142, aby zapewni\u0107 jego zwart\u0105 struktur\u0119.<\/p>    <h2 class=\"wp-block-heading\" id=\"h-what-s-the-difference-between-a-vertical-metal-baler-and-a-horizontal-one\">Jaka jest r\u00f3\u017cnica mi\u0119dzy pionow\u0105 a poziom\u0105 pras\u0105 metalow\u0105?<\/h2>    <p>Og\u00f3lnie rzecz bior\u0105c, pozioma prasa ma wi\u0119ksz\u0105 wydajno\u015b\u0107, a przetwarzane materia\u0142y nie musz\u0105 by\u0107 zwi\u0105zane lin\u0105. Przy przetwarzaniu materia\u0142\u00f3w o du\u017cej g\u0119sto\u015bci i du\u017cej obj\u0119to\u015bci zwykle u\u017cywa si\u0119 pionowych pras metalowych. Jednak prasy pionowe s\u0105 bardziej powszechne. Co wi\u0119cej, powierzchnia pod\u0142ogi pionowej prasy metalowej jest ma\u0142a.<\/p>    <figure class=\"wp-block-gallery has-nested-images columns-default is-cropped wp-block-gallery-2 is-layout-flex wp-block-gallery-is-layout-flex\"> <figure class=\"wp-block-image size-large\"><img loading=\"lazy\" decoding=\"async\" width=\"720\" height=\"540\" data-id=\"480\" src=\"https:\/\/shuliybaler.com\/wp-content\/uploads\/2019\/12\/recycling-baler-1.jpg\" alt=\"recyklingowy baler\" class=\"wp-image-480\" title=\"\" srcset=\"https:\/\/shuliybaler.com\/wp-content\/uploads\/2019\/12\/recycling-baler-1.jpg 720w, https:\/\/shuliybaler.com\/wp-content\/uploads\/2019\/12\/recycling-baler-1-360x270.jpg 360w, https:\/\/shuliybaler.com\/wp-content\/uploads\/2019\/12\/recycling-baler-1-180x135.jpg 180w\" sizes=\"auto, (max-width: 720px) 100vw, 720px\" \/><figcaption class=\"wp-element-caption\">Prasa recyklingowa<\/figcaption><\/figure>    <figure class=\"wp-block-image size-large\"><img loading=\"lazy\" decoding=\"async\" width=\"720\" height=\"540\" data-id=\"481\" src=\"https:\/\/shuliybaler.com\/wp-content\/uploads\/2019\/12\/application-range-of-the-hydraulic-baler-1.jpg\" alt=\"zakres zastosowania balera hydraulicznego\" class=\"wp-image-481\" title=\"\" srcset=\"https:\/\/shuliybaler.com\/wp-content\/uploads\/2019\/12\/application-range-of-the-hydraulic-baler-1.jpg 720w, https:\/\/shuliybaler.com\/wp-content\/uploads\/2019\/12\/application-range-of-the-hydraulic-baler-1-360x270.jpg 360w, https:\/\/shuliybaler.com\/wp-content\/uploads\/2019\/12\/application-range-of-the-hydraulic-baler-1-180x135.jpg 180w\" sizes=\"auto, (max-width: 720px) 100vw, 720px\" \/><figcaption class=\"wp-element-caption\">Zakres zastosowania prasy hydraulicznej<\/figcaption><\/figure> <\/figure>    <h2 class=\"wp-block-heading\" id=\"h-features-of-recycling-baler\">Cechy maszyny do recyklingu<\/h2>    <p>1. Szeroko stosowana.<\/p>    <ul class=\"wp-block-list\"> <li>Mo\u017ce by\u0107 u\u017cywany do kompresji odpad\u00f3w rolniczych, takich jak s\u0142oma, \u0142upiny orzeszk\u00f3w ziemnych, bawe\u0142na itp.<\/li>    <li>Mo\u017ce by\u0107 u\u017cywana do pakowania materia\u0142\u00f3w gospodarskich, takich jak siano, we\u0142na itp.<\/li>    <li>Pakowanie odpad\u00f3w przemys\u0142owych, takich jak r\u00f3\u017cne produkty plastikowe, butelki plastikowe, folie plastikowe, z\u0142om metalowy, puszki aluminiowe, wiadra \u017celazne itp.<\/li> <\/ul>    <p>2. Oszcz\u0119dzaj miejsce. Z jednej strony maszyna ma ma\u0142\u0105 powierzchni\u0119 i nie wymaga du\u017co miejsca do jej obs\u0142ugi. Z drugiej strony, sprasowane materia\u0142y mog\u0105 zaoszcz\u0119dzi\u0107 miejsce do przechowywania.<br> 3. Szeroki wyb\u00f3r. Zakres ci\u015bnienia maszyny wynosi od 10 do 200 ton. W tym zakresie klienci mog\u0105 wybiera\u0107 zgodnie z ich potrzebami.<br> 4. Odporno\u015b\u0107 na korozj\u0119. Niekt\u00f3re odpady mog\u0105 zawiera\u0107 \u017cr\u0105ce p\u0142yny i materia\u0142y. Maszyna jest wykonana z grubego materia\u0142u i pokryta farb\u0105 antykorozyjn\u0105.<br> 5. Wspieraj personalizacj\u0119. Klienci mog\u0105 dostosowa\u0107 rozmiar bloku wyj\u015bciowego, rozmiar maszyny, rozmiar ci\u015bnienia itp., aby u\u0142atwi\u0107 topnienie w piecu, transport itp.<\/p>   <div class=\"wp-block-image\"> <figure class=\"aligncenter size-large\"><img loading=\"lazy\" decoding=\"async\" width=\"720\" height=\"540\" src=\"https:\/\/shuliybaler.com\/wp-content\/uploads\/2019\/12\/big-capacity-of-the-metal-baler-1.jpg\" alt=\"Du\u017ca pojemno\u015b\u0107 prasy metalowej\" class=\"wp-image-483\" title=\"\" srcset=\"https:\/\/shuliybaler.com\/wp-content\/uploads\/2019\/12\/big-capacity-of-the-metal-baler-1.jpg 720w, https:\/\/shuliybaler.com\/wp-content\/uploads\/2019\/12\/big-capacity-of-the-metal-baler-1-360x270.jpg 360w, https:\/\/shuliybaler.com\/wp-content\/uploads\/2019\/12\/big-capacity-of-the-metal-baler-1-180x135.jpg 180w\" sizes=\"auto, (max-width: 720px) 100vw, 720px\" \/><figcaption class=\"wp-element-caption\">Du\u017ca pojemno\u015b\u0107 prasy metalowej<\/figcaption><\/figure> <\/div>   <h2 class=\"wp-block-heading\" id=\"h-technical-parameters-of-vertical-metal-baler\"><strong>Parametry techniczne pionowej prasy metalowej<\/strong><\/h2>   <div class=\"wp-block-image\"> <figure class=\"aligncenter size-full\"><img loading=\"lazy\" decoding=\"async\" width=\"720\" height=\"750\" src=\"https:\/\/shuliybaler.com\/wp-content\/uploads\/2019\/12\/wKh-1-2.jpg\" alt=\"maszyna do recyklingu\" class=\"wp-image-2452\" title=\"\"><figcaption class=\"wp-element-caption\">maszyna do recyklingu<\/figcaption><\/figure> <\/div>   <figure class=\"wp-block-table\"><table class=\"\"><tbody><tr><td><strong>&nbsp;<\/strong><\/td><td><strong>Typ <\/strong><strong><\/strong><\/td><td><strong>\u015arednica cylindra<\/strong><strong><\/strong><\/td><td><strong>Moc (Kw)<\/strong><strong><\/strong><\/td><td><strong>Rozmiar bloku<\/strong><strong><\/strong><\/td><td><strong>Rozmiar maszyny<\/strong><strong><\/strong><\/td><td><strong>Waga bloku <\/strong><strong><\/strong><\/td><td><strong>Waga maszyny <\/strong><strong><\/strong><\/td><\/tr><tr><td rowspan=\"6\"><strong>Jedno d\u017awignia hydrauliczna<\/strong><strong><\/strong><\/td><td><strong>10T<\/strong><strong><\/strong><\/td><td><strong>115<\/strong><strong><\/strong><\/td><td><strong>7.5<\/strong><strong><\/strong><\/td><td><strong>80*40*80<\/strong><strong><\/strong><\/td><td><strong>1.5*0.7*2.7<\/strong><strong><\/strong><\/td><td><strong>130<\/strong><strong><\/strong><\/td><td><strong>500<\/strong><strong><\/strong><\/td><\/tr><tr><td><strong>20T<\/strong><strong><\/strong><\/td><td><strong>140<\/strong><strong><\/strong><\/td><td><strong>7.5<\/strong><strong><\/strong><\/td><td><strong>80*40*80<\/strong><strong><\/strong><\/td><td><strong>1.5*0.7*2.8<\/strong><strong><\/strong><\/td><td><strong>150<\/strong><strong><\/strong><\/td><td><strong>550<\/strong><strong><\/strong><\/td><\/tr><tr><td><strong>30T<\/strong><strong><\/strong><\/td><td><strong>160<\/strong><strong><\/strong><\/td><td><strong>11<\/strong><strong><\/strong><\/td><td><strong>80*40*80<\/strong><strong><\/strong><\/td><td><strong>1.5*0.7*2.8<\/strong><strong><\/strong><\/td><td><strong>200<\/strong><strong><\/strong><\/td><td><strong>600<\/strong><strong><\/strong><\/td><\/tr><tr><td><strong>30T<\/strong><strong><\/strong><\/td><td><strong>160<\/strong><strong><\/strong><\/td><td><strong>11<\/strong><strong><\/strong><\/td><td><strong>80*60*80<\/strong><strong><\/strong><\/td><td><strong>1.5*0.85*2.8<\/strong><strong><\/strong><\/td><td><strong>260<\/strong><strong><\/strong><\/td><td><strong>650<\/strong><strong><\/strong><\/td><\/tr><tr><td><strong>30T<\/strong><strong><\/strong><\/td><td><strong>160<\/strong><strong><\/strong><\/td><td><strong>11<\/strong><strong><\/strong><\/td><td><strong>100*60*80<\/strong><strong><\/strong><\/td><td><strong>1.75*0.85*2.8<\/strong><strong><\/strong><\/td><td><strong>300<\/strong><strong><\/strong><\/td><td><strong>700<\/strong><strong><\/strong><\/td><\/tr><tr><td><strong>40T<\/strong><strong><\/strong><\/td><td><strong>180<\/strong><strong><\/strong><\/td><td><strong>11<\/strong><strong><\/strong><\/td><td><strong>100*60*80<\/strong><strong><\/strong><\/td><td><strong>1.75*0.85*2.8<\/strong><strong><\/strong><\/td><td><strong>350<\/strong><strong><\/strong><\/td><td><strong>750<\/strong><strong><\/strong><\/td><\/tr><tr><td rowspan=\"5\"><strong>Podw\u00f3jna d\u017awignia hydrauliczna<\/strong><strong><\/strong><\/td><td><strong>30T<\/strong><strong><\/strong><\/td><td><strong>115<\/strong><strong><\/strong><\/td><td><strong>11<\/strong><strong><\/strong><\/td><td><strong>100*60*80<\/strong><strong><\/strong><\/td><td><strong>1.75*0.85*2.8<\/strong><strong><\/strong><\/td><td><strong>300<\/strong><strong><\/strong><\/td><td><strong>700<\/strong><strong><\/strong><\/td><\/tr><tr><td><strong>40T<\/strong><strong><\/strong><\/td><td><strong>140<\/strong><strong><\/strong><\/td><td><strong>11<\/strong><strong><\/strong><\/td><td><strong>100*60*80<\/strong><strong><\/strong><\/td><td><strong>1.75*0.85*2.8<\/strong><strong><\/strong><\/td><td><strong>400<\/strong><strong><\/strong><\/td><td><strong>800<\/strong><strong><\/strong><\/td><\/tr><tr><td><strong>60T<\/strong><strong><\/strong><\/td><td><strong>160<\/strong><strong><\/strong><\/td><td><strong>15<\/strong><strong><\/strong><\/td><td><strong>120*80*100<\/strong><strong><\/strong><\/td><td><strong>1.7*1*3.2<\/strong><strong><\/strong><\/td><td><strong>600<\/strong><strong><\/strong><\/td><td><strong>1300<\/strong><strong><\/strong><\/td><\/tr><tr><td><strong>80T<\/strong><strong><\/strong><\/td><td><strong>180<\/strong><strong><\/strong><\/td><td><strong>18.5<\/strong><strong><\/strong><\/td><td><strong>120*80*100<\/strong><strong><\/strong><\/td><td><strong>1.75*1.1*3.3<\/strong><strong><\/strong><\/td><td><strong>800<\/strong><strong><\/strong><\/td><td><strong>1450<\/strong><strong><\/strong><\/td><\/tr><tr><td><strong>100T<\/strong><strong><\/strong><\/td><td><strong>180<\/strong><strong><\/strong><\/td><td><strong>22<\/strong><strong><\/strong><\/td><td><strong>120*80*100<\/strong><strong><\/strong><\/td><td><strong>1.75*1.1*3.3<\/strong><strong><\/strong><\/td><td><strong>900<\/strong><strong><\/strong><\/td><td><strong>1600<\/strong><strong><\/strong><\/td><\/tr><\/tbody><\/table><\/figure>    <p><\/p>    <p class=\"translation-block\">Zgodnie z tym tabel\u0105 parametr\u00f3w, ta maszyna do recyklingu ma r\u00f3\u017cne modele. Gdy polecamy klientom wyb\u00f3r modelu prasy, g\u0142\u00f3wnie okre\u015blamy model maszyny na podstawie pakowanych przez klienta przedmiot\u00f3w. Na przyk\u0142ad <a href=\"https:\/\/shuliybaler.com\/pl\/application-of-cotton-baler-machine\/\">je\u015bli klient chce pakowa\u0107 bawe\u0142n\u0119 i makulatur\u0119, mo\u017cna u\u017cy\u0107 mniejszej maszyny.<\/a> Je\u015bli klient chce pakowa\u0107 opony lub metalowe beczki, potrzebna jest wi\u0119ksza maszyna.<\/p>   <div class=\"vlp-link-container vlp-layout-basic wp-block-visual-link-preview-link\"><a href=\"https:\/\/shuliybaler.com\/pl\/application-of-cotton-baler-machine\/\" class=\"vlp-link\" title=\"Zastosowanie maszyny do prasowania bawe\u0142ny\" rel=\"nofollow\" target=\"_blank\"><\/a><div class=\"vlp-layout-zone-side\"><div class=\"vlp-block-2 vlp-link-image\"><img decoding=\"async\" src=\"https:\/\/shuliybaler.com\/wp-content\/uploads\/2022\/06\/%E7%99%BD%E5%BA%95%E5%9B%BE1.jpg\" style=\"max-width: 150px; max-height: 150px\" alt=\"\" title=\"\"><\/div><\/div><div class=\"vlp-layout-zone-main\"><div class=\"vlp-block-0 vlp-link-title\">Zastosowanie maszyny do prasowania bawe\u0142ny<\/div><div class=\"vlp-block-1 vlp-link-summary\">Bawe\u0142na jest w\u0142\u00f3knem nasionowym ro\u015bliny Gossypium z rodziny Malvaceae, pochodz\u0105cym z subtropik\u00f3w. Ro\u015blina jest krzewem i ro\u015bnie do wysoko\u015bci do 6 metr\u00f3w.<\/div><\/div><\/div>   <h2 class=\"wp-block-heading\">Wideo pionowej prasy metalowej<\/h2>    <figure class=\"wp-block-embed is-type-video is-provider-youtube wp-block-embed-youtube wp-embed-aspect-16-9 wp-has-aspect-ratio\"><div class=\"wp-block-embed__wrapper\"> <iframe loading=\"lazy\" title=\"Co chcesz zapakowa\u0107 za pomoc\u0105 wielofunkcyjnej prasy? | Jak pakowa\u0107 makulatur\u0119?#baler\" width=\"500\" height=\"281\" src=\"https:\/\/www.youtube.com\/embed\/utYKwdaiwy8?feature=oembed\" frameborder=\"0\" allow=\"accelerometer; autoplay; clipboard-write; encrypted-media; gyroscope; picture-in-picture; web-share\" referrerpolicy=\"strict-origin-when-cross-origin\" allowfullscreen><\/iframe> <\/div><\/figure>","protected":false},"excerpt":{"rendered":"<p>Pionowa prasa metalowa nazywana jest r\u00f3wnie\u017c pras\u0105 recyklingow\u0105, pionow\u0105 pras\u0105 hydrauliczn\u0105 i tak dalej. U\u017cywa zasady hydraulicznej do kompresji odpad\u00f3w metalowych surowc\u00f3w, aby zaoszcz\u0119dzi\u0107 miejsce i u\u0142atwi\u0107 transport. Poniewa\u017c ta maszyna mo\u017ce by\u0107 u\u017cywana do obs\u0142ugi r\u00f3\u017cnych materia\u0142\u00f3w, odpowiednia do kompresji s\u0142omy, we\u0142ny, \u0142upin orzeszk\u00f3w ziemnych, chmielu, sk\u00f3ry, materia\u0142\u00f3w odzie\u017cowych, makulatury, plastiku, metali, puszek itp., nazywana jest r\u00f3wnie\u017c wielofunkcyjn\u0105 pras\u0105 hydrauliczn\u0105.<\/p>","protected":false},"author":1,"featured_media":2450,"parent":0,"template":"","tags":[50,6],"product-type":[41],"class_list":["post-462","product","type-product","status-publish","has-post-thumbnail","hentry","tag-metal-baling-machine","tag-vertical-metal-baler","product-type-metal-baler-machine"],"_links":{"self":[{"href":"https:\/\/shuliybaler.com\/pl\/wp-json\/wp\/v2\/product\/462","targetHints":{"allow":["GET"]}}],"collection":[{"href":"https:\/\/shuliybaler.com\/pl\/wp-json\/wp\/v2\/product"}],"about":[{"href":"https:\/\/shuliybaler.com\/pl\/wp-json\/wp\/v2\/types\/product"}],"author":[{"embeddable":true,"href":"https:\/\/shuliybaler.com\/pl\/wp-json\/wp\/v2\/users\/1"}],"wp:featuredmedia":[{"embeddable":true,"href":"https:\/\/shuliybaler.com\/pl\/wp-json\/wp\/v2\/media\/2450"}],"wp:attachment":[{"href":"https:\/\/shuliybaler.com\/pl\/wp-json\/wp\/v2\/media?parent=462"}],"wp:term":[{"taxonomy":"post_tag","embeddable":true,"href":"https:\/\/shuliybaler.com\/pl\/wp-json\/wp\/v2\/tags?post=462"},{"taxonomy":"product-type","embeddable":true,"href":"https:\/\/shuliybaler.com\/pl\/wp-json\/wp\/v2\/product-type?post=462"}],"curies":[{"name":"wp","href":"https:\/\/api.w.org\/{rel}","templated":true}]}}