{"id":489,"date":"2019-12-10T17:43:43","date_gmt":"2019-12-10T09:43:43","guid":{"rendered":"https:\/\/shuliybaler.com\/?p=489"},"modified":"2022-12-27T10:12:54","modified_gmt":"2022-12-27T02:12:54","slug":"aluminum-can-baler","status":"publish","type":"product","link":"https:\/\/shuliybaler.com\/pl\/product\/aluminum-can-baler\/","title":{"rendered":"Maszyna do balowania puszek aluminiowych"},"content":{"rendered":"<p class=\"translation-block\">Maszyna do balowania puszek aluminiowych to maszyna odpowiednia do balowania i pakowania r\u00f3\u017cnych <a href=\"https:\/\/en.wikipedia.org\/wiki\/Aluminum_can\" data-type=\"URL\" data-id=\"https:\/\/en.wikipedia.org\/wiki\/Aluminum_can\" target=\"_blank\" rel=\"noopener\">puszek aluminiowych<\/a>. Jest to idealny sprz\u0119t do recyklingu r\u00f3\u017cnych metalowych puszek.<\/p>    <figure class=\"wp-block-image size-full\"><img loading=\"lazy\" decoding=\"async\" width=\"720\" height=\"540\" src=\"https:\/\/shuliybaler.com\/wp-content\/uploads\/2019\/12\/metal-briquett-press-machine.jpg\" alt=\"maszyna do formowania i briquettingu metalowego\" class=\"wp-image-2848\" title=\"\" srcset=\"https:\/\/shuliybaler.com\/wp-content\/uploads\/2019\/12\/metal-briquett-press-machine.jpg 720w, https:\/\/shuliybaler.com\/wp-content\/uploads\/2019\/12\/metal-briquett-press-machine-360x270.jpg 360w, https:\/\/shuliybaler.com\/wp-content\/uploads\/2019\/12\/metal-briquett-press-machine-180x135.jpg 180w\" sizes=\"auto, (max-width: 720px) 100vw, 720px\" \/><figcaption class=\"wp-element-caption\">Maszyna do balowania metali<\/figcaption><\/figure>    <h2 class=\"wp-block-heading\"><strong>Struktura puszki aluminiowej <\/strong><strong>balownik<\/strong> maszyna<\/h2>    <p class=\"translation-block\"><a href=\"https:\/\/shuliybaler.com\/pl\/product\/scrap-metal-baler\/\" data-type=\"URL\" data-id=\"https:\/\/shuliybaler.com\/product\/scrap-metal-baler\/\">Pozioma maszyna do brykietowania metali<\/a> sk\u0142ada si\u0119 g\u0142\u00f3wnie z systemu hydraulicznego, systemu sterowania i systemu podawania. G\u0142\u00f3wne cz\u0119\u015bci to zbiorniki oleju, hydrauliczny wysi\u0119gnik teleskopowy, komora podawania, boczna rura hydrauliczna, p\u0142yta naciskowa, panel sterowania, mechanizm blokuj\u0105cy, <\/p>    <h2 class=\"wp-block-heading\">Perspektywy zastosowania hydraulicznej maszyny do brykietowania metali<\/h2>    <p>W ci\u0105gu ostatnich dw\u00f3ch lat, kiedy ro\u015bnie \u015bwiadomo\u015b\u0107 zr\u00f3wnowa\u017conego rozwoju, coraz wi\u0119cej os\u00f3b zaczyna zwraca\u0107 uwag\u0119 na recykling zasob\u00f3w. Jako jedna z g\u0142\u00f3wnych maszyn w przemy\u015ble recyklingu metali, maszyny baluj\u0105ce puszki aluminiowe mog\u0105 skompresowa\u0107 lekkie metale w bloki o wysokiej g\u0119sto\u015bci, co znacznie oszcz\u0119dza miejsce w magazynie i transport. Maszyna do balowania aluminium mo\u017ce by\u0107 u\u017cywana w recyklingu metali, a tak\u017ce w recyklingu z\u0142omu samochodowego.<\/p>   <div class=\"wp-block-image\"> <figure class=\"aligncenter size-large\"><img loading=\"lazy\" decoding=\"async\" width=\"720\" height=\"540\" src=\"https:\/\/shuliybaler.com\/wp-content\/uploads\/2019\/12\/the-working-process-of-the-metal-baler.jpg\" alt=\"proces- pracy-maszyny-do-balowania-metali\" class=\"wp-image-498\" title=\"\" srcset=\"https:\/\/shuliybaler.com\/wp-content\/uploads\/2019\/12\/the-working-process-of-the-metal-baler.jpg 720w, https:\/\/shuliybaler.com\/wp-content\/uploads\/2019\/12\/the-working-process-of-the-metal-baler-360x270.jpg 360w, https:\/\/shuliybaler.com\/wp-content\/uploads\/2019\/12\/the-working-process-of-the-metal-baler-180x135.jpg 180w\" sizes=\"auto, (max-width: 720px) 100vw, 720px\" \/><figcaption class=\"wp-element-caption\">proces- pracy-maszyny-do-balowania-metali<\/figcaption><\/figure> <\/div>   <h2 class=\"wp-block-heading\">Parametry maszyny do balowania puszek aluminiowych<\/h2>    <figure class=\"wp-block-table\"><table><tbody><tr><td>Typ<\/td><td>Y81-2000B<\/td><td>G\u0119sto\u015b\u0107 blok\u00f3w metalowych (kg\/m\u00b3)<\/td><td>\u22652000<\/td><\/tr><tr><td>Nominalna si\u0142a pchaj\u0105ca (Kn)<\/td><td>2000<\/td><td>Pojemno\u015b\u0107 (kg\/h)<\/td><td>3000-5000<\/td><\/tr><tr><td>Rozmiar komory spr\u0119\u017cania<br>(D\u0142ugo\u015b\u0107 * szeroko\u015b\u0107 * wysoko\u015b\u0107) (mm)<\/td><td>1800*1400*900<\/td><td>Czas pojedynczego cyklu (s)<\/td><td>\u2264130<\/td><\/tr><tr><td>Rozmiar belki (mm)<\/td><td>450*450<\/td><td>Dopasowana moc (kW)<\/td><td>30 lub 37<\/td><\/tr><\/tbody><\/table><figcaption class=\"wp-element-caption\">maszyna do balowania puszek aluminiowych<\/figcaption><\/figure>    <h2 class=\"wp-block-heading\">Jak dzia\u0142a maszyna do balowania puszek aluminiowych?<\/h2>    <figure class=\"wp-block-embed is-type-video is-provider-youtube wp-block-embed-youtube wp-embed-aspect-16-9 wp-has-aspect-ratio\"><div class=\"wp-block-embed__wrapper\"> <iframe loading=\"lazy\" title=\"Automatyczna maszyna do balowania beczek i puszek | recyklingowa maszyna do balowania puszek aluminiowych i metali\" width=\"500\" height=\"281\" src=\"https:\/\/www.youtube.com\/embed\/9JxkvEm4QMc?start=223&#038;feature=oembed\" frameborder=\"0\" allow=\"accelerometer; autoplay; clipboard-write; encrypted-media; gyroscope; picture-in-picture; web-share\" referrerpolicy=\"strict-origin-when-cross-origin\" allowfullscreen><\/iframe> <\/div><\/figure>    <p>Program ruchu maszyny do brykietowania metali jest nast\u0119puj\u0105cy:<\/p>    <ol class=\"wp-block-list\"> <li>G\u00f3rna pokrywa jest zamkni\u0119ta po nape\u0142nieniu i zostanie zablokowana mechanizmem blokuj\u0105cym, aby zapobiec otwarciu pokrywy.<\/li>    <li>G\u0142owica t\u0142oka g\u0142\u00f3wnego przyspiesza do przodu i powoli si\u0119 przesuwa po osi\u0105gni\u0119ciu ustawionego skoku. Do momentu, gdy z\u0142om metalowy zostanie zapakowany w belki i b\u0119dzie mia\u0142 d\u0142ugo\u015b\u0107 r\u00f3wn\u0105 d\u0142ugo\u015bci belki, g\u0142\u00f3wny cylinder utrzymuje ci\u015bnienie w tym czasie.<\/li>    <li>Gdy g\u0142\u00f3wny cylinder utrzymuje ci\u015bnienie, boczny cylinder szybko si\u0119 przesuwa do przodu, a gdy osi\u0105gnie okre\u015blon\u0105 pozycj\u0119, prze\u0142\u0105cza si\u0119 na wolne przesuwanie. Gdy z\u0142om metalowy zostanie zapakowany w ustawionym szeroko\u015bci, tylny cylinder utrzymuje ci\u015bnienie.<\/li>    <li> Po zako\u0144czeniu pakowania mechanizm blokuj\u0105cy wraca do pierwotnej pozycji, a g\u00f3rna pokrywa jest otwierana.  <\/li>    <li> Wypychaj\u0105cy wa\u0142 hydrauliczny wypycha belk\u0119 z komory wyj\u015bciowej maszyny.<\/li>    <li> Drzwi przednie s\u0105 zamkni\u0119te, natychmiast rozpoczyna si\u0119 kolejny cykl i podawanie. <\/li> <\/ol>    <figure class=\"wp-block-gallery has-nested-images columns-3 is-cropped wp-block-gallery-2 is-layout-flex wp-block-gallery-is-layout-flex\"> <figure class=\"wp-block-image size-large\"><img loading=\"lazy\" decoding=\"async\" width=\"720\" height=\"540\" data-id=\"501\" src=\"https:\/\/shuliybaler.com\/wp-content\/uploads\/2019\/12\/our-factory-of-the-metal-briquetting-machine.jpg\" alt=\"nasza fabryka maszyny do brykietowania metalu\" class=\"wp-image-501\" title=\"\" srcset=\"https:\/\/shuliybaler.com\/wp-content\/uploads\/2019\/12\/our-factory-of-the-metal-briquetting-machine.jpg 720w, https:\/\/shuliybaler.com\/wp-content\/uploads\/2019\/12\/our-factory-of-the-metal-briquetting-machine-360x270.jpg 360w, https:\/\/shuliybaler.com\/wp-content\/uploads\/2019\/12\/our-factory-of-the-metal-briquetting-machine-180x135.jpg 180w\" sizes=\"auto, (max-width: 720px) 100vw, 720px\" \/><figcaption class=\"wp-element-caption\">Nasza fabryka maszyn do brykietowania metali<\/figcaption><\/figure>    <figure class=\"wp-block-image size-large\"><img loading=\"lazy\" decoding=\"async\" width=\"720\" height=\"540\" data-id=\"436\" src=\"https:\/\/shuliybaler.com\/wp-content\/uploads\/2019\/12\/metal-baler-1.jpg\" alt=\"baler do aluminiowych puszek\" class=\"wp-image-436\" title=\"\" srcset=\"https:\/\/shuliybaler.com\/wp-content\/uploads\/2019\/12\/metal-baler-1.jpg 720w, https:\/\/shuliybaler.com\/wp-content\/uploads\/2019\/12\/metal-baler-1-360x270.jpg 360w, https:\/\/shuliybaler.com\/wp-content\/uploads\/2019\/12\/metal-baler-1-180x135.jpg 180w\" sizes=\"auto, (max-width: 720px) 100vw, 720px\" \/><figcaption class=\"wp-element-caption\">Maszyna do balowania puszek aluminiowych<\/figcaption><\/figure>    <figure class=\"wp-block-image size-large\"><img loading=\"lazy\" decoding=\"async\" width=\"720\" height=\"540\" data-id=\"670\" src=\"https:\/\/shuliybaler.com\/wp-content\/uploads\/2019\/12\/Aluminum-can.jpg\" alt=\"Puszka aluminiowa\" class=\"wp-image-670\" title=\"\" srcset=\"https:\/\/shuliybaler.com\/wp-content\/uploads\/2019\/12\/Aluminum-can.jpg 720w, https:\/\/shuliybaler.com\/wp-content\/uploads\/2019\/12\/Aluminum-can-360x270.jpg 360w, https:\/\/shuliybaler.com\/wp-content\/uploads\/2019\/12\/Aluminum-can-180x135.jpg 180w\" sizes=\"auto, (max-width: 720px) 100vw, 720px\" \/><figcaption class=\"wp-element-caption\">Puszka aluminiowa<\/figcaption><\/figure>    <figure class=\"wp-block-image size-large\"><img loading=\"lazy\" decoding=\"async\" width=\"720\" height=\"540\" data-id=\"671\" src=\"https:\/\/shuliybaler.com\/wp-content\/uploads\/2019\/12\/Packed-aluminum-cans-by-aluminum-can-baler.jpg\" alt=\"Pakowane aluminiowe puszki przez pras\u0119 do aluminiowych puszek\" class=\"wp-image-671\" title=\"\" srcset=\"https:\/\/shuliybaler.com\/wp-content\/uploads\/2019\/12\/Packed-aluminum-cans-by-aluminum-can-baler.jpg 720w, https:\/\/shuliybaler.com\/wp-content\/uploads\/2019\/12\/Packed-aluminum-cans-by-aluminum-can-baler-360x270.jpg 360w, https:\/\/shuliybaler.com\/wp-content\/uploads\/2019\/12\/Packed-aluminum-cans-by-aluminum-can-baler-180x135.jpg 180w\" sizes=\"auto, (max-width: 720px) 100vw, 720px\" \/><figcaption class=\"wp-element-caption\">Pakowane aluminiowe puszki przez pras\u0119 do aluminiowych puszek<\/figcaption><\/figure> <\/figure>","protected":false},"excerpt":{"rendered":"<p>Balowa maszyna z puszek aluminiowych to maszyna odpowiednia do balowania i pakowania r\u00f3\u017cnych puszek aluminiowych. To idealne urz\u0105dzenie do recyklingu r\u00f3\u017cnych metalowych puszek.<\/p>","protected":false},"author":1,"featured_media":499,"parent":0,"template":"","meta":{"product_tpl_data":{"subtitle":"","param_summary":"","model_summary_title":"","model_summary":"","model_series":[],"finished_product_title":"","raw_materials_title":"","process_title":"","endsummary":""},"product_extra_property":[{"pname":"Model","pvalue":"Y81-2000B"},{"pname":"Nominal push power(Kn)","pvalue":"2000"},{"pname":"Compression chamber size (Length * width * height)(mm)","pvalue":"1800*1400*900\t"},{"pname":"Bale size(mm)","pvalue":"450*450"},{"pname":"The density of metal blocks(kg\/m\u00b3)","pvalue":"\u22652000"},{"pname":"Capacity(kg\/h)","pvalue":"3000-5000"},{"pname":"Single-cycle time (s)","pvalue":"\u2264130"},{"pname":"Matching power(kW)","pvalue":"30 or 37"}],"product_extra_image":""},"tags":[55],"product-type":[41],"class_list":["post-489","product","type-product","status-publish","has-post-thumbnail","hentry","tag-aluminum-can-baler-machine","product-type-metal-baler-machine"],"light_meta":{"_ez-toc-disabled":"","_ez-toc-insert":"","_ez-toc-heading-levels":[],"_ez-toc-alttext":"","_ez-toc-exclude":"","_yoast_wpseo_primary_category":"2","_yoast_wpseo_content_score":"30","_yoast_wpseo_focuskw":"aluminum can baler","_yoast_wpseo_title":"%%title%% - metal can baler - Shuliy machinery","_yoast_wpseo_metadesc":"Aluminum can baler is a machine suitable for baling and packing various aluminum cans. It is an ideal equipment for recycling various metal cans.","_yoast_wpseo_linkdex":"76","rank_math_primary_category":"2","rank_math_title":"%title% - metal can baler - Shuliy machinery","rank_math_description":"Aluminum can baler is a machine suitable for baling and packing various aluminum cans. It is an ideal equipment for recycling various metal cans.","rank_math_focus_keyword":"aluminum can baler","rank_math_news_sitemap_robots":"index","rank_math_robots":["index"],"rank_math_seo_score":"83","rank_math_analytic_object_id":"38","product_tpl_data":{"subtitle":"","param_summary":"","model_summary_title":"","model_summary":"","model_series":"","finished_product_title":"","raw_materials_title":"","process_title":"","endsummary":""},"_oembed_13b216253881503e949a9cc216e12a0a":"<iframe title=\"Automatic iron drum and can baling machine | recycling baler machine aluminum cans and metal balers\" width=\"500\" height=\"281\" src=\"https:\/\/www.youtube.com\/embed\/9JxkvEm4QMc?start=223&feature=oembed\" frameborder=\"0\" allow=\"accelerometer; autoplay; clipboard-write; encrypted-media; gyroscope; picture-in-picture\" allowfullscreen><\/iframe>","_oembed_time_13b216253881503e949a9cc216e12a0a":"1669190479","rank_math_schema_VideoObject":{"@type":"VideoObject","metadata":{"title":"Video","type":"template","shortcode":"s-6342947fe23e0","isPrimary":true,"reviewLocationShortcode":"[rank_math_rich_snippet]","category":"%categories%","tags":"%tags%","isAutoGenerated":true},"name":"Automatyczna maszyna do balowania beczek i puszek | recyklingowa maszyna do balowania puszek aluminiowych i metali","description":"#metalbaler#baler do beczek#recyklingowy b\u0119ben https:\/\/shuliybaler.com\/product\/scrap-metal-baler\/\ud83d\ude0aKliknij, aby pozna\u0107 cen\u0119 dzisiaj: https:\/\/wa.me\/ 8617329325832Email:info@shuli...","uploadDate":"2022-09-30","thumbnailUrl":"https:\/\/shuliybaler.com\/wp-content\/uploads\/2022\/10\/hqdefault.jpg","embedUrl":"https:\/\/www.youtube.com\/embed\/9JxkvEm4QMc","contentUrl":"","duration":"PT7M8S","width":"1280","height":"720","isFamilyFriendly":true},"litespeed_vpi_list":["cropped-cropped-cropped-shuliylogo-1.png"],"product_extra_property":[{"pname":"Model","pvalue":"Y81-2000B"},{"pname":"Nominal push power(Kn)","pvalue":"2000"},{"pname":"Compression chamber size (Length * width * height)(mm)","pvalue":"1800*1400*900\t"},{"pname":"Bale size(mm)","pvalue":"450*450"},{"pname":"The density of metal blocks(kg\/m\u00b3)","pvalue":"\u22652000"},{"pname":"Capacity(kg\/h)","pvalue":"3000-5000"},{"pname":"Single-cycle time (s)","pvalue":"\u2264130"},{"pname":"Matching power(kW)","pvalue":"30 or 37"}],"_trp_automatically_translated_slug_fr_FR":"presse-a-canettes-en-aluminium","_trp_automatically_translated_slug_ar":"\u0639\u0644\u0628\u0629-\u0627\u0644\u0623\u0644\u0645\u0646\u064a\u0648\u0645","_trp_automatically_translated_slug_ru_RU":"\u043f\u0440\u0435\u0441\u0441-\u043f\u043e\u0434\u0431\u043e\u0440\u0449\u0438\u043a-\u0434\u043b\u044f-\u0430\u043b\u044e\u043c\u0438\u043d\u0438\u0435\u0432\u044b\u0445-\u0431\u0430\u043d\u043e","_trp_automatically_translated_slug_es_ES":"empacadora-de-latas-de-aluminio","_oembed_ca5384e2dc9d53e249499ea24ba7815e":"<iframe title=\"Automatic iron drum and can baling machine | recycling baler machine aluminum cans and metal balers\" width=\"500\" height=\"281\" src=\"https:\/\/www.youtube.com\/embed\/9JxkvEm4QMc?start=223&feature=oembed\" frameborder=\"0\" allow=\"accelerometer; autoplay; clipboard-write; encrypted-media; gyroscope; picture-in-picture; web-share\" referrerpolicy=\"strict-origin-when-cross-origin\" allowfullscreen><\/iframe>","_oembed_time_ca5384e2dc9d53e249499ea24ba7815e":"1712718965","rank_math_internal_links_processed":"1"},"seo_meta":{"title":"%title% - metal can baler - Shuliy machinery","description":"Baler do puszek aluminiowych to maszyna odpowiednia do balowania i pakowania r\u00f3\u017cnych puszek aluminiowych. To idealny sprz\u0119t do recyklingu r\u00f3\u017cnych metalowych puszek.","focusKeyword":"aluminum can baler","canonicalUrl":"https:\/\/shuliybaler.com\/pl\/product\/aluminum-can-baler\/","robots":["index"],"ogTitle":"%title% - metal can baler - Shuliy machinery","ogDescription":"Aluminum can baler is a machine suitable for baling and packing various aluminum cans. It is an ideal equipment for recycling various metal cans.","ogImage":"https:\/\/shuliybaler.com\/wp-content\/uploads\/2019\/12\/aluminum-can-baler-2.jpg","twitterTitle":"%title% - metal can baler - Shuliy machinery","twitterDescription":"Aluminum can baler is a machine suitable for baling and packing various aluminum cans. It is an ideal equipment for recycling various metal cans.","twitterImage":"https:\/\/shuliybaler.com\/wp-content\/uploads\/2019\/12\/aluminum-can-baler-2.jpg","primaryCategory":2,"seoScore":83,"schemas":{"VideoObject":{"type":"VideoObject","data":{"@type":"VideoObject","metadata":{"title":"Video","type":"template","shortcode":"s-6342947fe23e0","isPrimary":true,"reviewLocationShortcode":"[rank_math_rich_snippet]","category":"%categories%","tags":"%tags%","isAutoGenerated":true},"name":"Automatyczna maszyna do balowania beczek i puszek | recyklingowa maszyna do balowania puszek aluminiowych i metali","description":"#metalbaler#baler do beczek#recyklingowy b\u0119ben https:\/\/shuliybaler.com\/product\/scrap-metal-baler\/\ud83d\ude0aKliknij, aby pozna\u0107 cen\u0119 dzisiaj: https:\/\/wa.me\/ 8617329325832Email:info@shuli...","uploadDate":"2022-09-30","thumbnailUrl":"https:\/\/shuliybaler.com\/wp-content\/uploads\/2022\/10\/hqdefault.jpg","embedUrl":"https:\/\/www.youtube.com\/embed\/9JxkvEm4QMc","contentUrl":"","duration":"PT7M8S","width":"1280","height":"720","isFamilyFriendly":true}}},"source":"rank_math"},"_links":{"self":[{"href":"https:\/\/shuliybaler.com\/pl\/wp-json\/wp\/v2\/product\/489","targetHints":{"allow":["GET"]}}],"collection":[{"href":"https:\/\/shuliybaler.com\/pl\/wp-json\/wp\/v2\/product"}],"about":[{"href":"https:\/\/shuliybaler.com\/pl\/wp-json\/wp\/v2\/types\/product"}],"author":[{"embeddable":true,"href":"https:\/\/shuliybaler.com\/pl\/wp-json\/wp\/v2\/users\/1"}],"wp:featuredmedia":[{"embeddable":true,"href":"https:\/\/shuliybaler.com\/pl\/wp-json\/wp\/v2\/media\/499"}],"wp:attachment":[{"href":"https:\/\/shuliybaler.com\/pl\/wp-json\/wp\/v2\/media?parent=489"}],"wp:term":[{"taxonomy":"post_tag","embeddable":true,"href":"https:\/\/shuliybaler.com\/pl\/wp-json\/wp\/v2\/tags?post=489"},{"taxonomy":"product-type","embeddable":true,"href":"https:\/\/shuliybaler.com\/pl\/wp-json\/wp\/v2\/product-type?post=489"}],"curies":[{"name":"wp","href":"https:\/\/api.w.org\/{rel}","templated":true}]}}