{"id":523,"date":"2019-12-13T15:01:34","date_gmt":"2019-12-13T07:01:34","guid":{"rendered":"https:\/\/shuliybaler.com\/?p=523"},"modified":"2022-09-27T10:17:35","modified_gmt":"2022-09-27T02:17:35","slug":"scrap-steel-shearing-machine","status":"publish","type":"product","link":"https:\/\/shuliybaler.com\/pl\/product\/scrap-steel-shearing-machine\/","title":{"rendered":"Maszyna do ci\u0119cia stali z\u0142omowej | maszyna do ci\u0119cia karoserii samochodowych"},"content":{"rendered":"<p class=\"translation-block\">Maszyna do ci\u0119cia stali z\u0142omowej nazywana jest r\u00f3wnie\u017c ci\u0119\u017ck\u0105 gilotyn\u0105 bramow\u0105, <a href=\"https:\/\/shuliybaler.com\/pl\/alligator-shear\/\">hydraulic wase steel cutting machine<\/a>, maszyn\u0105 do ci\u0119cia nadwozi samochodowych. Nadaje si\u0119 do ci\u0119cia du\u017cych i d\u0142ugich metali, aby u\u0142atwi\u0107 wt\u00f3rne przetwarzanie. D\u0142ugo\u015b\u0107 ci\u0119cia mo\u017cna regulowa\u0107 w paskach. Jest szeroko stosowana w zak\u0142adach demonta\u017cu samochod\u00f3w, zak\u0142adach recyklingu metali, przemy\u015ble metalurgicznym i produkcyjnym oraz w bran\u017cy handlu metalami. <\/p>   <div class=\"wp-block-image\"> <figure class=\"aligncenter size-full\"><img loading=\"lazy\" decoding=\"async\" width=\"720\" height=\"540\" src=\"https:\/\/shuliybaler.com\/wp-content\/uploads\/2019\/12\/0.2.jpg\" alt=\"Prasa do ci\u0119cia stali z\u0142omowej\" class=\"wp-image-2367\" title=\"\"><figcaption>Prasa do ci\u0119cia stali z\u0142omowej<\/figcaption><\/figure> <\/div>   <h2 class=\"wp-block-heading\" id=\"h-the-prospect-of-the-waste-metal-recycling-industry\">The<strong> perspektywa przemys\u0142u recyklingu odpadowego metalu<\/strong><\/h2>   <div class=\"wp-block-image\"> <figure class=\"aligncenter size-full\"><img loading=\"lazy\" decoding=\"async\" width=\"720\" height=\"540\" src=\"https:\/\/shuliybaler.com\/wp-content\/uploads\/2019\/12\/u32927398893292153908fm199app68fJPEG.jpg\" alt=\"Prasa do ci\u0119cia stali z\u0142omowej\" class=\"wp-image-2368\" title=\"\"><figcaption>Ci\u0119cie stali z\u0142omowej <\/figcaption><\/figure> <\/div>   <p>Z powodu ci\u0105g\u0142ej eksploatacji i wykorzystania zasob\u00f3w mineralnych, zasoby kopalniane staj\u0105 si\u0119 coraz bardziej ograniczone. Dlatego odzyskiwanie i wykorzystanie metali z\u0142omowych jest jednym z g\u0142\u00f3wnych sposob\u00f3w oszcz\u0119dzania zasob\u00f3w mineralnych. \u015aredni poziom odzysku z\u0142omu stalowego na \u015bwiecie wynosi 48%. Wci\u0105\u017c pozostaje 52% nieodzyskanych zasob\u00f3w, co jest bardzo powa\u017cnym marnotrawstwem zasob\u00f3w. Przemys\u0142 recyklingu metali ma szerokie perspektywy rynkowe, nie tylko mo\u017ce oszcz\u0119dza\u0107 zasoby, ale tak\u017ce ma ogromny potencja\u0142 zysku i warto\u015bci. Wraz z rozwojem gospodarki, wiele kraj\u00f3w ma ju\u017c prawie na emeryturze swoje samochody, sprz\u0119t AGD, g\u00f3rnictwo i inne urz\u0105dzenia. We\u017amy na przyk\u0142ad recykling samochod\u00f3w na ko\u0144cu swojego \u017cycia. 82% materia\u0142\u00f3w w samochodzie to metale, z czego 90% mo\u017cna podda\u0107 recyklingowi. Korzy\u015bci s\u0105 znaczne. Pojawienie si\u0119 maszyny do belowania metalu, maszyny do brykietowania, no\u017cyc bramowych, no\u017cyc krokodylowych, rozdrabniacza dwuosiowego i innych profesjonalnych urz\u0105dze\u0144 do recyklingu metali przynios\u0142o wielk\u0105 wygod\u0119 dla przemys\u0142u recyklingu metali.<\/p>   <div class=\"vlp-link-container vlp-layout-basic wp-block-visual-link-preview-link\"><a href=\"https:\/\/shuliybaler.com\/pl\/alligator-shear\/\" class=\"vlp-link\" title=\"N\u00f3\u017c tn\u0105cy do metali z\u0142omowych | maszyna do ci\u0119cia stali aligatora\" rel=\"nofollow\" target=\"_blank\"><\/a><div class=\"vlp-layout-zone-side\"><div class=\"vlp-block-2 vlp-link-image\"><img decoding=\"async\" src=\"https:\/\/shuliybaler.com\/wp-content\/uploads\/2019\/12\/lQDPJxZbRD8EtkvNAhzNAtCwMSUSbS6LiGcClpj0uoDTAA_720_540.jpg_720x720q90g.jpg\" style=\"max-width: 150px; max-height: 150px\" alt=\"\" title=\"\"><\/div><\/div><div class=\"vlp-layout-zone-main\"><div class=\"vlp-block-0 vlp-link-title\">N\u00f3\u017c tn\u0105cy do metali z\u0142omowych | maszyna do ci\u0119cia stali aligatora<\/div><div class=\"vlp-block-1 vlp-link-summary\">Maszyna do ci\u0119cia metali z\u0142omowych, znana r\u00f3wnie\u017c jako maszyna do ci\u0119cia stali krokodylowej, jest bardzo odpowiednia do ci\u0119cia d\u0142ugich metali. W por\u00f3wnaniu z innym sprz\u0119tem do ci\u0119cia,<\/div><\/div><\/div>   <h2 class=\"wp-block-heading\" id=\"h-brief-introduction-of-scrap-steel-shearing-machine\">Kr\u00f3tki wst\u0119p do maszyny do ci\u0119cia stali z\u0142omowej<\/h2>    <p>W procesie odzyskiwania i przetapiania metali, d\u0142ugie metale nie sprzyjaj\u0105 wprowadzeniu ich do pieca do przetapiania, a hydrauliczny przecinak do z\u0142omu \u017celaznego mo\u017ce szybko przeci\u0105\u0107 te metale. W por\u00f3wnaniu z ci\u0119ciem gazowym, ci\u0119ciem p\u0142omieniowym i innymi metodami, ta metoda wykorzystuje ci\u0119cie na zimno i nie wymaga dodatkowego sprz\u0119tu pomocniczego. Jest to prosta, oszcz\u0119dzaj\u0105ca czas i prac\u0119 metoda.<\/p>   <div class=\"wp-block-image\"> <figure class=\"aligncenter size-large\"><img loading=\"lazy\" decoding=\"async\" width=\"720\" height=\"540\" src=\"https:\/\/shuliybaler.com\/wp-content\/uploads\/2019\/12\/hydraulic-gantry-shear.jpg\" alt=\"Prasa do ci\u0119cia stali z\u0142omowej\" class=\"wp-image-526\" title=\"\" srcset=\"https:\/\/shuliybaler.com\/wp-content\/uploads\/2019\/12\/hydraulic-gantry-shear.jpg 720w, https:\/\/shuliybaler.com\/wp-content\/uploads\/2019\/12\/hydraulic-gantry-shear-360x270.jpg 360w, https:\/\/shuliybaler.com\/wp-content\/uploads\/2019\/12\/hydraulic-gantry-shear-180x135.jpg 180w\" sizes=\"auto, (max-width: 720px) 100vw, 720px\" \/><figcaption>hydrauliczna gilotyna bramowa<\/figcaption><\/figure> <\/div>   <p>surowce, kt\u00f3re mog\u0105 by\u0107 przetwarzane przez maszyn\u0119 do ci\u0119cia stali z\u0142omowej<\/p>    <p>Maszyna do ci\u0119cia metalu nadaje si\u0119 do blach \u017celaznych, stali, pr\u0119t\u00f3w stalowych, kolorowych p\u0142ytek stalowych, stop\u00f3w aluminium, blach miedzianych, blach aluminiowych i blach \u017celaznych. Nadaje si\u0119 do przemys\u0142u recyklingu metali i przetwarzania, metalurgii oraz zak\u0142ad\u00f3w demonta\u017cu samochod\u00f3w. Po przeci\u0119ciu przez maszyn\u0119 do ci\u0119cia metalu, materia\u0142 mo\u017ce mie\u0107 jednolit\u0105 d\u0142ugo\u015b\u0107, co u\u0142atwia transport i przetapianie. A rozmiar metalu ci\u0119tego metalu mo\u017ce by\u0107 regulowany. Si\u0142a ci\u0119cia wynosi od 100 ton do 250 ton. G\u0142\u00f3wnie ci\u0119ty rozmiar materia\u0142u (12~20mm)*250mm. Liczba ci\u0119\u0107 wynosi od 8 do 12 razy na minut\u0119.<\/p>   <div class=\"vlp-link-container vlp-layout-basic wp-block-visual-link-preview-link\"><a href=\"https:\/\/shuliybaler.com\/pl\/5-metal-shears-successfully-sold-to-indonesia\/\" class=\"vlp-link\" title=\"5 no\u017cyc do metalu sprzedanych z powodzeniem do Indonezji\" rel=\"nofollow\" target=\"_blank\"><\/a><div class=\"vlp-layout-zone-side\"><div class=\"vlp-block-2 vlp-link-image\"><img decoding=\"async\" src=\"https:\/\/shuliybaler.com\/wp-content\/uploads\/2020\/01\/metal-cutting-machine.jpg\" style=\"max-width: 150px; max-height: 150px\" alt=\"\" title=\"\"><\/div><\/div><div class=\"vlp-layout-zone-main\"><div class=\"vlp-block-0 vlp-link-title\">5 no\u017cyc do metalu sprzedanych z powodzeniem do Indonezji<\/div><div class=\"vlp-block-1 vlp-link-summary\">Gilotyna do metalu, znana r\u00f3wnie\u017c jako gilotyna krokodylowa, to rodzaj ma\u0142ego sprz\u0119tu. Charakteryzuje si\u0119 ma\u0142ymi rozmiarami, \u0142atwo\u015bci\u0105 w przenoszeniu, prost\u0105 obs\u0142ug\u0105 i tak dalej.<\/div><\/div><\/div>   <h2 class=\"wp-block-heading\">Surowce, kt\u00f3re mog\u0105 by\u0107 przetwarzane przez maszyn\u0119 do ci\u0119cia stali z\u0142omowej<\/h2>    <figure class=\"wp-block-gallery has-nested-images columns-2 is-cropped wp-block-gallery-2 is-layout-flex wp-block-gallery-is-layout-flex\"> <figure class=\"wp-block-image size-large\"><img loading=\"lazy\" decoding=\"async\" width=\"720\" height=\"540\" data-id=\"2369\" src=\"https:\/\/shuliybaler.com\/wp-content\/uploads\/2019\/12\/u30316147773776703245fm199app68fJPEG.jpg\" alt=\"maszyna do ci\u0119cia nadwozi samochodowych\" class=\"wp-image-2369\" title=\"\"><figcaption>Maszyna do ci\u0119cia karoserii samochodowych<\/figcaption><\/figure>    <figure class=\"wp-block-image size-large\"><img loading=\"lazy\" decoding=\"async\" width=\"720\" height=\"540\" data-id=\"2370\" src=\"https:\/\/shuliybaler.com\/wp-content\/uploads\/2019\/12\/u31622210103071795580fm199app68fJPEG.jpg\" alt=\"maszyna do ci\u0119cia nadwozi samochodowych\" class=\"wp-image-2370\" title=\"\"><figcaption>Maszyna do ci\u0119cia karoserii samochodowych<\/figcaption><\/figure>    <figure class=\"wp-block-image size-large\"><img loading=\"lazy\" decoding=\"async\" width=\"720\" height=\"540\" data-id=\"2371\" src=\"https:\/\/shuliybaler.com\/wp-content\/uploads\/2019\/12\/u32151374751516385207fm199app68fJPEG.jpg\" alt=\"maszyna do ci\u0119cia nadwozi samochodowych\" class=\"wp-image-2371\" title=\"\"><figcaption>Maszyna do ci\u0119cia karoserii samochodowych<\/figcaption><\/figure>    <figure class=\"wp-block-image size-large\"><img loading=\"lazy\" decoding=\"async\" width=\"720\" height=\"540\" data-id=\"2373\" src=\"https:\/\/shuliybaler.com\/wp-content\/uploads\/2019\/12\/u37799490573405378457fm199app68fJPEG.jpg\" alt=\"maszyna do ci\u0119cia nadwozi samochodowych\" class=\"wp-image-2373\" title=\"\"><figcaption>Maszyna do ci\u0119cia karoserii samochodowych<\/figcaption><\/figure> <\/figure>    <p>Maszyna do ci\u0119cia stali z\u0142omowej nadaje si\u0119 do blach \u017celaznych, stali, pr\u0119t\u00f3w stalowych, kolorowych p\u0142ytek stalowych, stop\u00f3w aluminium, blach miedzianych, blach aluminiowych i blach \u017celaznych. Nadaje si\u0119 do przemys\u0142u recyklingu metali i przetwarzania, metalurgii oraz zak\u0142ad\u00f3w demonta\u017cu samochod\u00f3w. Po przeci\u0119ciu przez maszyn\u0119 do ci\u0119cia metalu, materia\u0142 mo\u017ce mie\u0107 jednolit\u0105 d\u0142ugo\u015b\u0107, co u\u0142atwia transport i przetapianie. A rozmiar metalu ci\u0119tego metalu mo\u017ce by\u0107 regulowany. Si\u0142a ci\u0119cia wynosi od 100 ton do 250 ton. G\u0142\u00f3wnie ci\u0119ty rozmiar materia\u0142u (12~20mm)*250mm. Liczba ci\u0119\u0107 wynosi od 8 do 12 razy na minut\u0119.<\/p>    <h2 class=\"wp-block-heading\" id=\"h-how-does-the-gantry-shear-work\">Jak dzia\u0142a gilotyna bramowa?<\/h2>    <figure class=\"wp-block-embed is-type-video is-provider-youtube wp-block-embed-youtube wp-embed-aspect-16-9 wp-has-aspect-ratio\"><div class=\"wp-block-embed__wrapper\"> <iframe loading=\"lazy\" title=\"Maszyna do ci\u0119cia stali z\u0142omowej | maszyna do ci\u0119cia blachy | maszyna do ci\u0119cia blach metalowych\" width=\"500\" height=\"281\" src=\"https:\/\/www.youtube.com\/embed\/JpCLiP-V-l0?feature=oembed\" frameborder=\"0\" allow=\"accelerometer; autoplay; clipboard-write; encrypted-media; gyroscope; picture-in-picture; web-share\" referrerpolicy=\"strict-origin-when-cross-origin\" allowfullscreen><\/iframe> <\/div><\/figure>    <p>Gilotyna bramowa sk\u0142ada si\u0119 g\u0142\u00f3wnie z korpusu, systemu podawania, systemu hydraulicznego, systemu sterowania elektrycznego itp. Si\u0142a ci\u0119cia maszyny wynosi od 50t do 1200t. Korpus jest spawany z grubej blachy stalowej i wzmocniony zewn\u0119trznie, co pozwala na wytrzymanie du\u017cej si\u0142y ci\u0119cia. Podczas pracy chwytak lub inne urz\u0105dzenie umieszcza materia\u0142 w systemie podawania, a materia\u0142 przesuwa si\u0119 do przodu na ta\u015bmie transportowej. System hydrauliczny zaczyna dzia\u0142a\u0107, a n\u00f3\u017c opada, aby przeci\u0105\u0107 materia\u0142. Pr\u0119dko\u015b\u0107 podawania ta\u015bmy mo\u017ce by\u0107 regulowana w spos\u00f3b ci\u0105g\u0142y. Po obu stronach maszyny znajduj\u0105 si\u0119 urz\u0105dzenia bocznego nacisku, kt\u00f3re stabilizuj\u0105 materia\u0142y i przyspieszaj\u0105 proces ci\u0119cia.<\/p>    <figure class=\"wp-block-gallery has-nested-images columns-default is-cropped wp-block-gallery-3 is-layout-flex wp-block-gallery-is-layout-flex\"> <figure class=\"wp-block-image size-large\"><img loading=\"lazy\" decoding=\"async\" width=\"720\" height=\"540\" data-id=\"528\" src=\"https:\/\/shuliybaler.com\/wp-content\/uploads\/2019\/12\/heavy-duty-metal-cutting-machine.jpg\" alt=\"Prasa do ci\u0119cia stali z\u0142omowej\" class=\"wp-image-528\" title=\"\" srcset=\"https:\/\/shuliybaler.com\/wp-content\/uploads\/2019\/12\/heavy-duty-metal-cutting-machine.jpg 720w, https:\/\/shuliybaler.com\/wp-content\/uploads\/2019\/12\/heavy-duty-metal-cutting-machine-360x270.jpg 360w, https:\/\/shuliybaler.com\/wp-content\/uploads\/2019\/12\/heavy-duty-metal-cutting-machine-180x135.jpg 180w\" sizes=\"auto, (max-width: 720px) 100vw, 720px\" \/><figcaption>Ci\u0119\u017cka maszyna do ci\u0119cia metalu<\/figcaption><\/figure>    <figure class=\"wp-block-image size-large\"><img loading=\"lazy\" decoding=\"async\" width=\"720\" height=\"540\" data-id=\"527\" src=\"https:\/\/shuliybaler.com\/wp-content\/uploads\/2019\/12\/Guillotine-Shear-1.jpg\" alt=\"Gilotyna\" class=\"wp-image-527\" title=\"\" srcset=\"https:\/\/shuliybaler.com\/wp-content\/uploads\/2019\/12\/Guillotine-Shear-1.jpg 720w, https:\/\/shuliybaler.com\/wp-content\/uploads\/2019\/12\/Guillotine-Shear-1-360x270.jpg 360w, https:\/\/shuliybaler.com\/wp-content\/uploads\/2019\/12\/Guillotine-Shear-1-180x135.jpg 180w\" sizes=\"auto, (max-width: 720px) 100vw, 720px\" \/><figcaption>Gilotyna<\/figcaption><\/figure> <\/figure>    <h2 class=\"wp-block-heading\" id=\"h-features-of-the-car-body-cutting-machine\"><strong>Cechy maszyny do ci\u0119cia nadwozi samochodowych<\/strong><strong><\/strong><\/h2>    <p>1. Maszyna do ci\u0119cia stali z\u0142omowej wykorzystuje nap\u0119d hydrauliczny, kt\u00f3ry charakteryzuje si\u0119 ma\u0142ym ha\u0142asem, stabiln\u0105 prac\u0105, ma\u0142\u0105 bezw\u0142adno\u015bci\u0105 i du\u017c\u0105 powierzchni\u0105 ci\u0119cia, a tak\u017ce \u0142atwo\u015bci\u0105 w realizacji ochrony przed przeci\u0105\u017ceniem.<\/p>    <p>2. Rozmiar i d\u0142ugo\u015b\u0107 bloku ci\u0119cia mog\u0105 by\u0107 regulowane, a metoda regulacji jest wygodna.<\/p>    <p>3. Cz\u0119\u015b\u0107 elektryczna wykorzystuje mi\u0119dzynarodowo znan\u0105 mark\u0119, Schneider Electric, aby zapewni\u0107 d\u0142ugowieczno\u015b\u0107 maszyny.<\/p>    <p>4. Tradycyjny system hydrauliczny ma niski poziom ha\u0142asu maszyny i wysok\u0105 wydajno\u015b\u0107 ci\u0119cia metalu.<\/p>    <p>5. System operacyjny PLC w pe\u0142ni automatyczny, wysoki stopie\u0144 automatyzacji maszyny.<\/p>   <div class=\"wp-block-image\"> <figure class=\"aligncenter size-large\"><img loading=\"lazy\" decoding=\"async\" width=\"720\" height=\"540\" src=\"https:\/\/shuliybaler.com\/wp-content\/uploads\/2019\/12\/our-customers-metal-scrap-factory-gantry-shear.jpg\" alt=\"Prasa do ci\u0119cia stali z\u0142omowej\" class=\"wp-image-530\" title=\"\" srcset=\"https:\/\/shuliybaler.com\/wp-content\/uploads\/2019\/12\/our-customers-metal-scrap-factory-gantry-shear.jpg 720w, https:\/\/shuliybaler.com\/wp-content\/uploads\/2019\/12\/our-customers-metal-scrap-factory-gantry-shear-360x270.jpg 360w, https:\/\/shuliybaler.com\/wp-content\/uploads\/2019\/12\/our-customers-metal-scrap-factory-gantry-shear-180x135.jpg 180w\" sizes=\"auto, (max-width: 720px) 100vw, 720px\" \/><figcaption>zak\u0142ad z\u0142omu metalu naszego klienta - no\u017cyce bramowe<\/figcaption><\/figure> <\/div>  <div class=\"vlp-link-container vlp-layout-basic wp-block-visual-link-preview-link\"><a href=\"https:\/\/shuliybaler.com\/pl\/maintenance-tips-of-hydraulic-alligator-shears\/\" class=\"vlp-link\" title=\"Wskaz\u00f3wki konserwacyjne hydraulicznych szcz\u0119k hydraulicznych (\" rel=\"nofollow\" target=\"_blank\"><\/a><div class=\"vlp-layout-zone-side\"><div class=\"vlp-block-2 vlp-link-image\"><img decoding=\"async\" src=\"https:\/\/shuliybaler.com\/wp-content\/uploads\/2019\/12\/alligator-shear.jpg\" style=\"max-width: 150px; max-height: 150px\" alt=\"\" title=\"\"><\/div><\/div><div class=\"vlp-layout-zone-main\"><div class=\"vlp-block-0 vlp-link-title\">Wskaz\u00f3wki konserwacyjne hydraulicznych szcz\u0119k hydraulicznych (<\/div><div class=\"vlp-block-1 vlp-link-summary\">Gilotyna krokodylowa (hydrauliczna maszyna do ci\u0119cia metalu) jest bardzo szeroko stosowanym sprz\u0119tem do ci\u0119cia stali, szczeg\u00f3lnie w dziedzinie recyklingu metali z\u0142omowych. Zastosowanie tej hydraulicznej gilotyny metalu mo\u017ce skutecznie poprawi\u0107 efektywno\u015b\u0107 recyklingu z\u0142omu metalu i stworzy\u0107 wy\u017csze korzy\u015bci ekonomiczne.<\/div><\/div><\/div>","protected":false},"excerpt":{"rendered":"<p>Maszyna do ci\u0119cia stali z\u0142omowej nazywana jest r\u00f3wnie\u017c no\u017cycami bramowymi o du\u017cej mocy, hydrauliczn\u0105 maszyn\u0105 do ci\u0119cia stali odpadowej, maszyn\u0105 do ci\u0119cia nadwozi samochodowych. Jest odpowiednia do ci\u0119cia du\u017cych i d\u0142ugich metali, aby u\u0142atwi\u0107 dalsze przetwarzanie. D\u0142ugo\u015b\u0107 ci\u0119cia mo\u017cna regulowa\u0107 w paskach. Jest szeroko stosowana w zak\u0142adach demonta\u017cu samochod\u00f3w z\u0142omowych, zak\u0142adach recyklingu metali, przemy\u015ble przetapiania i produkcji metali oraz w przemy\u015ble handlu metalami. <\/p>","protected":false},"author":1,"featured_media":2366,"parent":0,"template":"","tags":[35],"product-type":[43],"class_list":["post-523","product","type-product","status-publish","has-post-thumbnail","hentry","tag-scrap-steel-shearing-machine","product-type-metal-shear"],"_links":{"self":[{"href":"https:\/\/shuliybaler.com\/pl\/wp-json\/wp\/v2\/product\/523","targetHints":{"allow":["GET"]}}],"collection":[{"href":"https:\/\/shuliybaler.com\/pl\/wp-json\/wp\/v2\/product"}],"about":[{"href":"https:\/\/shuliybaler.com\/pl\/wp-json\/wp\/v2\/types\/product"}],"author":[{"embeddable":true,"href":"https:\/\/shuliybaler.com\/pl\/wp-json\/wp\/v2\/users\/1"}],"wp:featuredmedia":[{"embeddable":true,"href":"https:\/\/shuliybaler.com\/pl\/wp-json\/wp\/v2\/media\/2366"}],"wp:attachment":[{"href":"https:\/\/shuliybaler.com\/pl\/wp-json\/wp\/v2\/media?parent=523"}],"wp:term":[{"taxonomy":"post_tag","embeddable":true,"href":"https:\/\/shuliybaler.com\/pl\/wp-json\/wp\/v2\/tags?post=523"},{"taxonomy":"product-type","embeddable":true,"href":"https:\/\/shuliybaler.com\/pl\/wp-json\/wp\/v2\/product-type?post=523"}],"curies":[{"name":"wp","href":"https:\/\/api.w.org\/{rel}","templated":true}]}}