{"id":540,"date":"2019-12-14T09:21:04","date_gmt":"2019-12-14T01:21:04","guid":{"rendered":"https:\/\/shuliybaler.com\/?p=540"},"modified":"2022-09-27T10:15:58","modified_gmt":"2022-09-27T02:15:58","slug":"horizontal-metal-briquetting-machine","status":"publish","type":"product","link":"https:\/\/shuliybaler.com\/pl\/product\/horizontal-metal-briquetting-machine\/","title":{"rendered":"Maszyna do brykietowania wi\u00f3r\u00f3w metali | maszyna do brykietowania wi\u00f3r\u00f3w aluminiowych"},"content":{"rendered":"<p class=\"translation-block\">Maszyna do brykietowania strug\u00f3w metalowych<strong> <\/strong>(pozioma maszyna do zag\u0119szczania wi\u00f3r\u00f3w metali, <a href=\"https:\/\/shuliybaler.com\/pl\/metal-briquetting-machine\/\">maszyna do recyklingu wi\u00f3r\u00f3w\/odpad\u00f3w stalowych do brykietowania<\/a>) jest idealnym urz\u0105dzeniem do przetwarzania wi\u00f3r\u00f3w miedzi, \u017celaza i aluminium. W por\u00f3wnaniu z pionow\u0105 maszyn\u0105 do brykietowania metali, cho\u0107 ta maszyna ma wi\u0119kszy rozmiar, ma wi\u0119ksze ci\u015bnienie, kt\u00f3re mo\u017ce wycisn\u0105\u0107 wi\u00f3ry metali w wysokog\u0119sto\u015bciowy blok pod dzia\u0142aniem hydrauliczn\u0105 t\u0142oczki. To niezb\u0119dne urz\u0105dzenie dla przemys\u0142u obr\u00f3bki metali.<\/p>    <figure class=\"wp-block-image size-full is-resized\"><img loading=\"lazy\" decoding=\"async\" src=\"https:\/\/shuliybaler.com\/wp-content\/uploads\/2019\/12\/0.256.png\" alt=\"Maszyna do brykietowania strug\u00f3w metalowych\u00a0\" class=\"wp-image-2275\" width=\"1150\" height=\"305\" title=\"\"><figcaption>Brykietowanie wi\u00f3r\u00f3w metalowych&nbsp;<\/figcaption><\/figure>    <h2 class=\"wp-block-heading\" id=\"h-brief-introduction-of-metal-shaving-briquetting-machine\">Kr\u00f3tki opis maszyny do brykietowania wi\u00f3r\u00f3w metalowych <\/h2>    <figure class=\"wp-block-image size-full\"><img loading=\"lazy\" decoding=\"async\" width=\"720\" height=\"540\" src=\"https:\/\/shuliybaler.com\/wp-content\/uploads\/2019\/12\/xintu-.jpg\" alt=\"Maszyna do brykietowania wi\u00f3r\u00f3w metalowych\" class=\"wp-image-2276\" title=\"\"><figcaption>Brykietowanie wi\u00f3r\u00f3w metalowych&nbsp;<\/figcaption><\/figure>    <p>Maszyna do recyklingu brykiet\u00f3w \u017celaza nadaje si\u0119 do prasowania r\u00f3\u017cnych metali nie\u017celaznych, takich jak stal nierdzewna, mied\u017a, \u017celazo, stopy, cynk, br\u0105z, tytan, magnez itp. Maszyna do brykietowania wi\u00f3r\u00f3w metali to specjalistyczny sprz\u0119t do recyklingu metali. Mo\u017ce zag\u0119szcza\u0107 wi\u00f3ry metali w wysokiej g\u0119sto\u015bci w kr\u00f3tkim czasie, a nast\u0119pnie wysy\u0142a\u0107 je do pieca, zwi\u0119kszaj\u0105c wydajno\u015b\u0107 pieca. Jednocze\u015bnie u\u0142atwia przechowywanie i transport z\u0142omu.<\/p>   <div class=\"vlp-link-container vlp-layout-basic wp-block-visual-link-preview-link\"><a href=\"https:\/\/shuliybaler.com\/pl\/metal-briquetting-machine\/\" class=\"vlp-link\" title=\"Prasa do brykietowania wi\u00f3r\u00f3w metalowych | maszyna do brykietowania od\u0142amk\u00f3w metali\" rel=\"nofollow\" target=\"_blank\"><\/a><div class=\"vlp-layout-zone-side\"><div class=\"vlp-block-2 vlp-link-image\"><img decoding=\"async\" src=\"https:\/\/shuliybaler.com\/wp-content\/uploads\/2019\/12\/1698-3.jpg\" style=\"max-width: 150px; max-height: 150px\" alt=\"\" title=\"\"><\/div><\/div><div class=\"vlp-layout-zone-main\"><div class=\"vlp-block-0 vlp-link-title\">Prasa do brykietowania wi\u00f3r\u00f3w metalowych | maszyna do brykietowania od\u0142amk\u00f3w metali<\/div><div class=\"vlp-block-1 vlp-link-summary\">Maszyna do brykietowania wi\u00f3r\u00f3w metalowych nazywana jest r\u00f3wnie\u017c pionow\u0105 maszyn\u0105 do recyklingu z\u0142omu metalowego, maszyn\u0105 do \u0142\u0105czenia wi\u00f3r\u00f3w metalowych, maszyn\u0105 do prasowania metali lub maszyn\u0105 o wysokiej g\u0119sto\u015bci<\/div><\/div><\/div>   <h2 class=\"wp-block-heading\" id=\"h-working-principle-of-aluminum-chips-briquetting-machine\">Zasada dzia\u0142ania maszyny do brykietowania wi\u00f3r\u00f3w aluminiowych<\/h2>    <figure class=\"wp-block-image size-full\"><img loading=\"lazy\" decoding=\"async\" width=\"720\" height=\"540\" src=\"https:\/\/shuliybaler.com\/wp-content\/uploads\/2019\/12\/\u672a\u547d\u540d\u56fe\u7247-7.jpg\" alt=\"aluminum chips\u00a0briquetting machine\" class=\"wp-image-2280\" title=\"\"><figcaption>Maszyna do brykietowania wi\u00f3r\u00f3w aluminiowych&nbsp;<\/figcaption><\/figure>    <p>W\u0142\u00f3\u017c wi\u00f3ry, wi\u00f3ry z obr\u00f3bki tokarskiej, strugi, wi\u00f3ry \u017celazne, mosi\u0119\u017cne, aluminiowe i inne surowce metalowe do podajnika maszyny. Surowce wchodz\u0105 do formy maszyny przez podajnik i s\u0105 prasowane przez hydrauliczn\u0105 t\u0142oczni\u0119, aby uzyska\u0107 solidne bloki metalowe. Nast\u0119pnie s\u0105 wypychane przez t\u0142ok i trafiaj\u0105 na ta\u015bm\u0119 wy\u0142adunkow\u0105. Maszyna ta mo\u017ce by\u0107 u\u017cywana z podno\u015bnikiem kube\u0142kowym, rozdrabniaczami metali itp.<\/p>   <div class=\"vlp-link-container vlp-layout-basic wp-block-visual-link-preview-link\"><a href=\"https:\/\/shuliybaler.com\/pl\/improve-the-briquetting-strength\/\" class=\"vlp-link\" title=\"Jak poprawi\u0107 wytrzyma\u0142o\u015b\u0107 brykietowania maszyn do brykietowania z\u0142omu \u017celaznego?\" rel=\"nofollow\" target=\"_blank\"><\/a><div class=\"vlp-layout-zone-side\"><div class=\"vlp-block-2 vlp-link-image\"><img decoding=\"async\" src=\"https:\/\/shuliybaler.com\/wp-content\/uploads\/2022\/06\/metal-briquetting-machine.jpg\" style=\"max-width: 150px; max-height: 150px\" alt=\"\" title=\"\"><\/div><\/div><div class=\"vlp-layout-zone-main\"><div class=\"vlp-block-0 vlp-link-title\">Jak poprawi\u0107 wytrzyma\u0142o\u015b\u0107 brykietowania maszyn do brykietowania z\u0142omu \u017celaznego?<\/div><div class=\"vlp-block-1 vlp-link-summary\">Podczas produkcji maszyn do brykietowania z\u0142omu \u017celaznego wielu klient\u00f3w zg\u0142asza, \u017ce wytrzyma\u0142o\u015b\u0107 uformowanego ciasta nie jest wysoka i p\u0119ka podczas uk\u0142adania lub procesu spiekania. Po naprawie sprz\u0119tu zalecamy kilka sposob\u00f3w na popraw\u0119 wytrzyma\u0142o\u015bci brykiet\u00f3w z proszku \u017celaznego, w\u2026<\/div><\/div><\/div>   <h2 class=\"wp-block-heading\" id=\"h-what-are-the-dangers-of-recycling-metal-scrap-directly\">Jakie s\u0105 zagro\u017cenia zwi\u0105zane z bezpo\u015brednim recyklingiem z\u0142omu metalowego?<\/h2>    <figure class=\"wp-block-image size-full\"><img loading=\"lazy\" decoding=\"async\" width=\"720\" height=\"540\" src=\"https:\/\/shuliybaler.com\/wp-content\/uploads\/2019\/12\/0.1.jpg\" alt=\"\" class=\"wp-image-2278\" title=\"\"><figcaption>Maszyna do brykietowania wi\u00f3r\u00f3w aluminiowych&nbsp;<\/figcaption><\/figure>    <ol class=\"wp-block-list\"><li>Wi\u00f3ry \u017celazne s\u0105 ma\u0142e obj\u0119to\u015bciowo i wysokiej g\u0119sto\u015bci. Bezpo\u015brednie wrzucenie ich do pieca do topienia zablokuje kana\u0142 wznosz\u0105cy powietrza i bezpo\u015brednio wp\u0142ynie na efekt topnienia.<\/li><li>Gdy w komorze paleniska jest du\u017cy przep\u0142yw powietrza, wi\u00f3ry \u017celazne zostan\u0105 zdmuchni\u0119te, co skutkuje nisk\u0105 wydajno\u015bci\u0105 wy\u0142adunku.<\/li><li>Wi\u00f3ry \u017celazne mo\u017cna \u0142atwo przyczepi\u0107 do \u015bciany pieca bez obr\u00f3bki brykietowania, co powoduje pogrubienie \u015bciany pieca i zwi\u0119ksza korozj\u0119 pieca.<\/li><li>Z\u0142om \u017celaza, krzem, mangan i inne materia\u0142y nie s\u0105 \u0142atwe do przechowywania. Kontakt z wod\u0105 i powietrzem powoduje utlenianie. Jednak punkt topnienia tlenku \u017celaza jest wy\u017cszy ni\u017c \u017celaza, co skutkuje d\u0142u\u017cszym czasem topnienia i wzrostem koszt\u00f3w spalania.<\/li><li>Wi\u00f3ry \u017celazne \u0142atwo pokrywaj\u0105 si\u0119 \u017cu\u017clem, co obni\u017ca wydajno\u015b\u0107 surowc\u00f3w.<\/li><\/ol>   <div class=\"vlp-link-container vlp-layout-basic wp-block-visual-link-preview-link\"><a href=\"https:\/\/shuliybaler.com\/pl\/how-to-maintain-the-bearings-of-a-metal-briquette-machine\/\" class=\"vlp-link\" title=\"Jak konserwowa\u0107 \u0142o\u017cyska maszyny do brykietowania metali\" rel=\"nofollow\" target=\"_blank\"><\/a><div class=\"vlp-layout-zone-side\"><div class=\"vlp-block-2 vlp-link-image\"><img decoding=\"async\" src=\"https:\/\/shuliybaler.com\/wp-content\/uploads\/2020\/01\/scrap-metal-chips-briquetting-machine.jpg\" style=\"max-width: 150px; max-height: 150px\" alt=\"\" title=\"\"><\/div><\/div><div class=\"vlp-layout-zone-main\"><div class=\"vlp-block-0 vlp-link-title\">Jak konserwowa\u0107 \u0142o\u017cyska maszyny do brykietowania metali<\/div><div class=\"vlp-block-1 vlp-link-summary\">Maszyna do brykietowania wi\u00f3r\u00f3w metalowych jest g\u0142\u00f3wnie odpowiednia do zag\u0119szczania r\u00f3\u017cnych ma\u0142ych wi\u00f3r\u00f3w metalowych w wysokog\u0119sto\u015bciowe bloki metalowe. Na przyk\u0142ad, \u017celazo<\/div><\/div><\/div>   <h2 class=\"wp-block-heading\" id=\"h-aluminum-chips-briquetting-machine-structure\">Struktura maszyny do brykietowania wi\u00f3r\u00f3w aluminiowych<\/h2>    <figure class=\"wp-block-image size-full\"><img loading=\"lazy\" decoding=\"async\" width=\"720\" height=\"540\" src=\"https:\/\/shuliybaler.com\/wp-content\/uploads\/2019\/12\/58.jpg\" alt=\"Struktura maszyny do brykietowania wi\u00f3r\u00f3w metalowych\" class=\"wp-image-2277\" title=\"\"><figcaption>Struktura maszyny do brykietowania wi\u00f3r\u00f3w metalowych<\/figcaption><\/figure>    <p>Cena maszyny jest cz\u0119sto bezpo\u015brednio proporcjonalna do jej jako\u015bci. Maszyna ta sk\u0142ada si\u0119 g\u0142\u00f3wnie z podstawowej p\u0142yty, cylindra hydraulicznego, formuj\u0105cego cylindra hydraulicznego, t\u0142oka nap\u0119dowego, ramy formy, g\u0142owicy prasuj\u0105cej, silnika, zbiornika oleju hydraulicznego, urz\u0105dzenia zabezpieczaj\u0105cego przed nadci\u015bnieniem i nadpr\u0105dem, urz\u0105dzenia awaryjnego zatrzymania, panelu sterowania itp. Cz\u0119\u015b\u0107 elektryczna korzysta z renomowanych marek, aby zapewni\u0107 d\u0142ugotrwa\u0142\u0105 prac\u0119 maszyny. System hydrauliczny wykorzystuje zaawansowan\u0105 technologi\u0119, aby zapewni\u0107 szczelne po\u0142\u0105czenie i brak wyciek\u00f3w oleju.<\/p>    <h2 class=\"wp-block-heading\">Ile kosztuje maszyna do brykietowania wi\u00f3r\u00f3w metalowych?<\/h2>    <figure class=\"wp-block-gallery has-nested-images columns-2 is-cropped wp-block-gallery-2 is-layout-flex wp-block-gallery-is-layout-flex\"> <figure class=\"wp-block-image size-large\"><img loading=\"lazy\" decoding=\"async\" width=\"720\" height=\"540\" data-id=\"2281\" src=\"https:\/\/shuliybaler.com\/wp-content\/uploads\/2019\/12\/u2868808451582290434fm199app68fJPEG.jpg\" alt=\"Maszyna do brykietowania wi\u00f3r\u00f3w metalowych \" class=\"wp-image-2281\" title=\"\"><figcaption>Maszyna do brykietowania wi\u00f3r\u00f3w aluminiowych&nbsp;<\/figcaption><\/figure>    <figure class=\"wp-block-image size-large\"><img loading=\"lazy\" decoding=\"async\" width=\"720\" height=\"540\" data-id=\"2282\" src=\"https:\/\/shuliybaler.com\/wp-content\/uploads\/2019\/12\/1641298199.jpg\" alt=\"Maszyna do brykietowania wi\u00f3r\u00f3w metalowych \" class=\"wp-image-2282\" title=\"\"><figcaption>Brykietowanie wi\u00f3r\u00f3w metalowych&nbsp; <\/figcaption><\/figure>    <figure class=\"wp-block-image size-large\"><img loading=\"lazy\" decoding=\"async\" width=\"720\" height=\"540\" data-id=\"2283\" src=\"https:\/\/shuliybaler.com\/wp-content\/uploads\/2019\/12\/new-designed-metal-scraps-press-machine.png.webp.jpg\" alt=\"Maszyna do brykietowania wi\u00f3r\u00f3w metalowych \" class=\"wp-image-2283\" title=\"\"><figcaption>Brykietowanie wi\u00f3r\u00f3w metalowych&nbsp; <\/figcaption><\/figure>    <figure class=\"wp-block-image size-large\"><img loading=\"lazy\" decoding=\"async\" width=\"720\" height=\"540\" data-id=\"2284\" src=\"https:\/\/shuliybaler.com\/wp-content\/uploads\/2019\/12\/u25173659733467872037fm199app68fJPEG.jpg\" alt=\"Maszyna do brykietowania wi\u00f3r\u00f3w metalowych \" class=\"wp-image-2284\" title=\"\"><figcaption>Brykietowanie wi\u00f3r\u00f3w metalowych&nbsp; <\/figcaption><\/figure> <\/figure>    <p>&nbsp;Wiele maszyn nie r\u00f3\u017cni si\u0119 zbytnio wygl\u0105dem. Jednak po por\u00f3wnaniu mo\u017cna stwierdzi\u0107, \u017ce cena jest zwi\u0105zana z jako\u015bci\u0105, a cena b\u0119dzie r\u00f3\u017cna dla r\u00f3\u017cnych modeli. U\u017cyty materia\u0142, grubo\u015b\u0107 materia\u0142u maszyn, jako\u015b\u0107 silnika oraz proces produkcji to czynniki, kt\u00f3re powoduj\u0105 r\u00f3\u017cnice w cenach maszyny. Shuliy zaprojektuje najbardziej odpowiedni plan produkcji dla klient\u00f3w i poleci odpowiednie maszyny.<\/p>    <p>Prezentacja efektu maszyny do brykietowania strug\u00f3w metalowych<\/p>    <figure class=\"wp-block-gallery has-nested-images columns-2 is-cropped wp-block-gallery-3 is-layout-flex wp-block-gallery-is-layout-flex\"> <figure class=\"wp-block-image size-large\"><img loading=\"lazy\" decoding=\"async\" width=\"720\" height=\"540\" data-id=\"2285\" src=\"https:\/\/shuliybaler.com\/wp-content\/uploads\/2019\/12\/u27771247752629997818fm199app68fJPEG.jpg\" alt=\"Wydajno\u015b\u0107 maszyny do brykietowania wi\u00f3r\u00f3w aluminiowych\" class=\"wp-image-2285\" title=\"\"><figcaption>Wy\u015bwietlacz efektu maszyny do brykietowania wi\u00f3r\u00f3w aluminiowych<\/figcaption><\/figure>    <figure class=\"wp-block-image size-large\"><img loading=\"lazy\" decoding=\"async\" width=\"720\" height=\"540\" data-id=\"2286\" src=\"https:\/\/shuliybaler.com\/wp-content\/uploads\/2019\/12\/1728148099784019586.jpg\" alt=\"Wydajno\u015b\u0107 maszyny do brykietowania wi\u00f3r\u00f3w aluminiowych\" class=\"wp-image-2286\" title=\"\"><figcaption>Wy\u015bwietlacz efektu maszyny do brykietowania wi\u00f3r\u00f3w aluminiowych<\/figcaption><\/figure>    <figure class=\"wp-block-image size-large\"><img loading=\"lazy\" decoding=\"async\" width=\"720\" height=\"540\" data-id=\"2287\" src=\"https:\/\/shuliybaler.com\/wp-content\/uploads\/2019\/12\/csm_RUF-Briketts-aus-verschiedenen-Metallen_56f3292710.jpg\" alt=\"Wydajno\u015b\u0107 maszyny do brykietowania wi\u00f3r\u00f3w aluminiowych\" class=\"wp-image-2287\" title=\"\"><figcaption>Wy\u015bwietlacz efektu maszyny do brykietowania wi\u00f3r\u00f3w aluminiowych<\/figcaption><\/figure>    <figure class=\"wp-block-image size-large\"><img loading=\"lazy\" decoding=\"async\" width=\"720\" height=\"540\" data-id=\"2288\" src=\"https:\/\/shuliybaler.com\/wp-content\/uploads\/2019\/12\/12.jpg\" alt=\"Wydajno\u015b\u0107 maszyny do brykietowania wi\u00f3r\u00f3w aluminiowych\" class=\"wp-image-2288\" title=\"\"><figcaption>Wy\u015bwietlacz efektu maszyny do brykietowania wi\u00f3r\u00f3w aluminiowych<\/figcaption><\/figure> <figcaption class=\"blocks-gallery-caption\">Prezentacja efektu maszyny do brykietowania wi\u00f3r\u00f3w aluminiowych<\/figcaption><\/figure>    <h2 class=\"wp-block-heading\">Wideo o maszynie do brykietowania wi\u00f3r\u00f3w metalowych<\/h2>    <figure class=\"wp-block-embed is-type-video is-provider-youtube wp-block-embed-youtube wp-embed-aspect-16-9 wp-has-aspect-ratio\"><div class=\"wp-block-embed__wrapper\"> <iframe loading=\"lazy\" title=\"Do czego s\u0142u\u017c\u0105 wi\u00f3ry aluminiowe z fabryki?  Czy wi\u00f3ry metalowe mo\u017cna ponownie brykietowa\u0107 na bloki?\" width=\"500\" height=\"281\" src=\"https:\/\/www.youtube.com\/embed\/I3TqlAc0_4w?start=13&#038;feature=oembed\" frameborder=\"0\" allow=\"accelerometer; autoplay; clipboard-write; encrypted-media; gyroscope; picture-in-picture; web-share\" referrerpolicy=\"strict-origin-when-cross-origin\" allowfullscreen><\/iframe> <\/div><figcaption>Maszyna do brykietowania wi\u00f3r\u00f3w aluminiowych<\/figcaption><\/figure>","protected":false},"excerpt":{"rendered":"<p>Maszyna do brykietowania wi\u00f3r\u00f3w metalowych (pozioma maszyna do zag\u0119szczania od\u0142amk\u00f3w metalu, maszyna do recyklingu od\u0142amk\u00f3w metalu\/waste steel briquetting) jest idealnym urz\u0105dzeniem do przetwarzania od\u0142amk\u00f3w miedzi, \u017celaza i aluminium. W por\u00f3wnaniu z pionow\u0105 maszyn\u0105 do brykietowania, cho\u0107 ta maszyna zajmuje wi\u0119cej miejsca, ma wi\u0119ksze ci\u015bnienie, co pozwala wypressowa\u0107 od\u0142amki metalu w wysokoci\u015bnieniowy blok pod dzia\u0142aniem hydraulicznnego t\u0142oka. To niezb\u0119dne urz\u0105dzenie w bran\u017cy obr\u00f3bki metali.<\/p>","protected":false},"author":1,"featured_media":2311,"parent":0,"template":"","tags":[],"product-type":[42],"class_list":["post-540","product","type-product","status-publish","has-post-thumbnail","hentry","product-type-metal-briquetting-machine"],"_links":{"self":[{"href":"https:\/\/shuliybaler.com\/pl\/wp-json\/wp\/v2\/product\/540","targetHints":{"allow":["GET"]}}],"collection":[{"href":"https:\/\/shuliybaler.com\/pl\/wp-json\/wp\/v2\/product"}],"about":[{"href":"https:\/\/shuliybaler.com\/pl\/wp-json\/wp\/v2\/types\/product"}],"author":[{"embeddable":true,"href":"https:\/\/shuliybaler.com\/pl\/wp-json\/wp\/v2\/users\/1"}],"wp:featuredmedia":[{"embeddable":true,"href":"https:\/\/shuliybaler.com\/pl\/wp-json\/wp\/v2\/media\/2311"}],"wp:attachment":[{"href":"https:\/\/shuliybaler.com\/pl\/wp-json\/wp\/v2\/media?parent=540"}],"wp:term":[{"taxonomy":"post_tag","embeddable":true,"href":"https:\/\/shuliybaler.com\/pl\/wp-json\/wp\/v2\/tags?post=540"},{"taxonomy":"product-type","embeddable":true,"href":"https:\/\/shuliybaler.com\/pl\/wp-json\/wp\/v2\/product-type?post=540"}],"curies":[{"name":"wp","href":"https:\/\/api.w.org\/{rel}","templated":true}]}}